{"id":1891478,"date":"2026-02-07T17:23:37","date_gmt":"2026-02-07T17:23:37","guid":{"rendered":"https:\/\/autorival.ro\/toyot\/produs\/condensator-climatizare-toyota-yaris-_p13_-1-3-nsp130_-nsp130-benzina-99-cai-maxgear-ac856364\/"},"modified":"2026-02-07T17:23:37","modified_gmt":"2026-02-07T17:23:37","slug":"condensator-climatizare-toyota-yaris-_p13_-1-3-nsp130_-nsp130-benzina-99-cai-maxgear-ac856364","status":"publish","type":"product","link":"https:\/\/autorival.ro\/toyot\/produs\/condensator-climatizare-toyota-yaris-_p13_-1-3-nsp130_-nsp130-benzina-99-cai-maxgear-ac856364\/","title":{"rendered":"Condensator climatizare TOYOTA YARIS (_P13_) 1.3 (NSP130_, NSP130) benzina 99 cai MAXGEAR AC856364"},"content":{"rendered":"<p>An fabricatie pana la: 201505Tara productie vehicul: FrantaRestrictiile producatorului: DENSOArticol completare\/Info suplimentar 2: cu uscatorMaterial: aluminiuAgent frigorific: R 134aDiametru admisie [mm]: 15,5Diametru evacuare [mm]: 10,1Ad\u00e2ncimea plasei [mm]: 17Lungime plas\u0103 [mm]: 500L\u0103\u021bimea plasei [mm]: 322<\/p>\n","protected":false},"excerpt":{"rendered":"<p>Producator: MAXGEAR Cod producator: AC856364<\/p>\n","protected":false},"featured_media":1891479,"comment_status":"open","ping_status":"closed","template":"","meta":[],"product_brand":[1149],"product_cat":[32134],"product_tag":[],"class_list":{"0":"post-1891478","1":"product","2":"type-product","3":"status-publish","4":"has-post-thumbnail","6":"product_brand-maxgear","7":"product_cat-condensator-climatizare-p13-1-3-nsp130-benzina-99","9":"first","10":"instock","11":"shipping-taxable","12":"purchasable","13":"product-type-simple"},"yoast_head":"<!-- This site is optimized with the Yoast SEO plugin v27.4 - https:\/\/yoast.com\/product\/yoast-seo-wordpress\/ -->\n<title>Condensator climatizare TOYOTA YARIS (_P13_) 1.3 (NSP130_, NSP130) benzina 99 cai MAXGEAR AC856364 Toyota | MAXGEAR - Autorival<\/title>\n<meta name=\"description\" content=\"\u26a1 Condensator climatizare TOYOTA YARIS (_P13_) 1.3 (NSP130_, NSP130) benzina 99 cai MAXGEAR AC856364 pentru Toyota. \u2713 Cod: AC856364 \u2713 Brand: MAXGEAR \u2713 \u00cen stoc \u2713 Livrare 24h \u2713 Garan\u021bie!\" \/>\n<meta name=\"robots\" content=\"index, follow, max-snippet:-1, max-image-preview:large, max-video-preview:-1\" \/>\n<meta property=\"og:locale\" content=\"ro_RO\" \/>\n<meta property=\"og:type\" content=\"article\" \/>\n<meta property=\"og:title\" content=\"Condensator climatizare TOYOTA YARIS (_P13_) 1.3 (NSP130_, NSP130) benzina 99 cai MAXGEAR AC856364 Toyota | MAXGEAR - Autorival\" \/>\n<meta property=\"og:description\" content=\"\u26a1 Condensator climatizare TOYOTA YARIS (_P13_) 1.3 (NSP130_, NSP130) benzina 99 cai MAXGEAR AC856364 pentru Toyota. \u2713 Cod: AC856364 \u2713 Brand: MAXGEAR \u2713 \u00cen stoc \u2713 Livrare 24h \u2713 Garan\u021bie!\" \/>\n<meta property=\"og:url\" content=\"https:\/\/autorival.ro\/toyot\/produs\/condensator-climatizare-toyota-yaris-_p13_-1-3-nsp130_-nsp130-benzina-99-cai-maxgear-ac856364\/\" \/>\n<meta property=\"og:site_name\" content=\"Toyota\" \/>\n<meta property=\"og:image\" content=\"https:\/\/autorival.ro\/toyot\/wp-content\/uploads\/sites\/29\/2026\/02\/ac856364_1_large-1.jpg\" \/>\n\t<meta property=\"og:image:width\" content=\"600\" \/>\n\t<meta property=\"og:image:height\" content=\"262\" \/>\n\t<meta property=\"og:image:type\" content=\"image\/jpeg\" \/>\n<meta name=\"twitter:card\" content=\"summary_large_image\" \/>\n<meta name=\"twitter:title\" content=\"Condensator climatizare TOYOTA YARIS (_P13_) 1.3 (NSP130_, NSP130) benzina 99 cai MAXGEAR AC856364 Toyota | MAXGEAR - Autorival\" \/>\n<meta name=\"twitter:description\" content=\"\u26a1 Condensator climatizare TOYOTA YARIS (_P13_) 1.3 (NSP130_, NSP130) benzina 99 cai MAXGEAR AC856364 pentru Toyota. \u2713 Cod: AC856364 \u2713 Brand: MAXGEAR \u2713 \u00cen stoc \u2713 Livrare 24h \u2713 Garan\u021bie!\" \/>\n<script type=\"application\/ld+json\" class=\"yoast-schema-graph\">{\"@context\":\"https:\\\/\\\/schema.org\",\"@graph\":[{\"@type\":\"WebPage\",\"@id\":\"https:\\\/\\\/autorival.ro\\\/toyot\\\/produs\\\/condensator-climatizare-toyota-yaris-_p13_-1-3-nsp130_-nsp130-benzina-99-cai-maxgear-ac856364\\\/\",\"url\":\"https:\\\/\\\/autorival.ro\\\/toyot\\\/produs\\\/condensator-climatizare-toyota-yaris-_p13_-1-3-nsp130_-nsp130-benzina-99-cai-maxgear-ac856364\\\/\",\"name\":\"Condensator climatizare TOYOTA YARIS (_P13_) 1.3 (NSP130_, NSP130) benzina 99 cai MAXGEAR AC856364 Toyota | MAXGEAR - Autorival\",\"isPartOf\":{\"@id\":\"https:\\\/\\\/autorival.ro\\\/toyot\\\/#website\"},\"primaryImageOfPage\":{\"@id\":\"https:\\\/\\\/autorival.ro\\\/toyot\\\/produs\\\/condensator-climatizare-toyota-yaris-_p13_-1-3-nsp130_-nsp130-benzina-99-cai-maxgear-ac856364\\\/#primaryimage\"},\"image\":{\"@id\":\"https:\\\/\\\/autorival.ro\\\/toyot\\\/produs\\\/condensator-climatizare-toyota-yaris-_p13_-1-3-nsp130_-nsp130-benzina-99-cai-maxgear-ac856364\\\/#primaryimage\"},\"thumbnailUrl\":\"https:\\\/\\\/autorival.ro\\\/toyot\\\/wp-content\\\/uploads\\\/sites\\\/29\\\/2026\\\/02\\\/ac856364_1_large-1.jpg\",\"datePublished\":\"2026-02-07T17:23:37+00:00\",\"description\":\"\u26a1 Condensator climatizare TOYOTA YARIS (_P13_) 1.3 (NSP130_, NSP130) benzina 99 cai MAXGEAR AC856364 pentru Toyota. \u2713 Cod: AC856364 \u2713 Brand: MAXGEAR \u2713 \u00cen stoc \u2713 Livrare 24h \u2713 Garan\u021bie!\",\"breadcrumb\":{\"@id\":\"https:\\\/\\\/autorival.ro\\\/toyot\\\/produs\\\/condensator-climatizare-toyota-yaris-_p13_-1-3-nsp130_-nsp130-benzina-99-cai-maxgear-ac856364\\\/#breadcrumb\"},\"inLanguage\":\"ro-RO\",\"potentialAction\":[{\"@type\":\"ReadAction\",\"target\":[\"https:\\\/\\\/autorival.ro\\\/toyot\\\/produs\\\/condensator-climatizare-toyota-yaris-_p13_-1-3-nsp130_-nsp130-benzina-99-cai-maxgear-ac856364\\\/\"]}]},{\"@type\":\"ImageObject\",\"inLanguage\":\"ro-RO\",\"@id\":\"https:\\\/\\\/autorival.ro\\\/toyot\\\/produs\\\/condensator-climatizare-toyota-yaris-_p13_-1-3-nsp130_-nsp130-benzina-99-cai-maxgear-ac856364\\\/#primaryimage\",\"url\":\"https:\\\/\\\/autorival.ro\\\/toyot\\\/wp-content\\\/uploads\\\/sites\\\/29\\\/2026\\\/02\\\/ac856364_1_large-1.jpg\",\"contentUrl\":\"https:\\\/\\\/autorival.ro\\\/toyot\\\/wp-content\\\/uploads\\\/sites\\\/29\\\/2026\\\/02\\\/ac856364_1_large-1.jpg\",\"width\":600,\"height\":262},{\"@type\":\"BreadcrumbList\",\"@id\":\"https:\\\/\\\/autorival.ro\\\/toyot\\\/produs\\\/condensator-climatizare-toyota-yaris-_p13_-1-3-nsp130_-nsp130-benzina-99-cai-maxgear-ac856364\\\/#breadcrumb\",\"itemListElement\":[{\"@type\":\"ListItem\",\"position\":1,\"name\":\"Prima pagin\u0103\",\"item\":\"https:\\\/\\\/autorival.ro\\\/toyot\\\/\"},{\"@type\":\"ListItem\",\"position\":2,\"name\":\"TOYOTA\",\"item\":\"https:\\\/\\\/autorival.ro\\\/toyot\\\/\"},{\"@type\":\"ListItem\",\"position\":3,\"name\":\"Condensator climatizare TOYOTA YARIS (_P13_) 1.3 (NSP130_, NSP130) benzina 99 cai MAXGEAR AC856364\"}]},{\"@type\":\"WebSite\",\"@id\":\"https:\\\/\\\/autorival.ro\\\/toyot\\\/#website\",\"url\":\"https:\\\/\\\/autorival.ro\\\/toyot\\\/\",\"name\":\"Toyota\",\"description\":\"\",\"potentialAction\":[{\"@type\":\"SearchAction\",\"target\":{\"@type\":\"EntryPoint\",\"urlTemplate\":\"https:\\\/\\\/autorival.ro\\\/toyot\\\/?s={search_term_string}\"},\"query-input\":{\"@type\":\"PropertyValueSpecification\",\"valueRequired\":true,\"valueName\":\"search_term_string\"}}],\"inLanguage\":\"ro-RO\"}]}<\/script>\n<!-- \/ Yoast SEO plugin. -->","yoast_head_json":{"title":"Condensator climatizare TOYOTA YARIS (_P13_) 1.3 (NSP130_, NSP130) benzina 99 cai MAXGEAR AC856364 Toyota | MAXGEAR - Autorival","description":"\u26a1 Condensator climatizare TOYOTA YARIS (_P13_) 1.3 (NSP130_, NSP130) benzina 99 cai MAXGEAR AC856364 pentru Toyota. \u2713 Cod: AC856364 \u2713 Brand: MAXGEAR \u2713 \u00cen stoc \u2713 Livrare 24h \u2713 Garan\u021bie!","robots":{"index":"index","follow":"follow","max-snippet":"max-snippet:-1","max-image-preview":"max-image-preview:large","max-video-preview":"max-video-preview:-1"},"og_locale":"ro_RO","og_type":"article","og_title":"Condensator climatizare TOYOTA YARIS (_P13_) 1.3 (NSP130_, NSP130) benzina 99 cai MAXGEAR AC856364 Toyota | MAXGEAR - Autorival","og_description":"\u26a1 Condensator climatizare TOYOTA YARIS (_P13_) 1.3 (NSP130_, NSP130) benzina 99 cai MAXGEAR AC856364 pentru Toyota. \u2713 Cod: AC856364 \u2713 Brand: MAXGEAR \u2713 \u00cen stoc \u2713 Livrare 24h \u2713 Garan\u021bie!","og_url":"https:\/\/autorival.ro\/toyot\/produs\/condensator-climatizare-toyota-yaris-_p13_-1-3-nsp130_-nsp130-benzina-99-cai-maxgear-ac856364\/","og_site_name":"Toyota","og_image":[{"width":600,"height":262,"url":"https:\/\/autorival.ro\/toyot\/wp-content\/uploads\/sites\/29\/2026\/02\/ac856364_1_large-1.jpg","type":"image\/jpeg"}],"twitter_card":"summary_large_image","twitter_title":"Condensator climatizare TOYOTA YARIS (_P13_) 1.3 (NSP130_, NSP130) benzina 99 cai MAXGEAR AC856364 Toyota | MAXGEAR - Autorival","twitter_description":"\u26a1 Condensator climatizare TOYOTA YARIS (_P13_) 1.3 (NSP130_, NSP130) benzina 99 cai MAXGEAR AC856364 pentru Toyota. \u2713 Cod: AC856364 \u2713 Brand: MAXGEAR \u2713 \u00cen stoc \u2713 Livrare 24h \u2713 Garan\u021bie!","schema":{"@context":"https:\/\/schema.org","@graph":[{"@type":"WebPage","@id":"https:\/\/autorival.ro\/toyot\/produs\/condensator-climatizare-toyota-yaris-_p13_-1-3-nsp130_-nsp130-benzina-99-cai-maxgear-ac856364\/","url":"https:\/\/autorival.ro\/toyot\/produs\/condensator-climatizare-toyota-yaris-_p13_-1-3-nsp130_-nsp130-benzina-99-cai-maxgear-ac856364\/","name":"Condensator climatizare TOYOTA YARIS (_P13_) 1.3 (NSP130_, NSP130) benzina 99 cai MAXGEAR AC856364 Toyota | MAXGEAR - Autorival","isPartOf":{"@id":"https:\/\/autorival.ro\/toyot\/#website"},"primaryImageOfPage":{"@id":"https:\/\/autorival.ro\/toyot\/produs\/condensator-climatizare-toyota-yaris-_p13_-1-3-nsp130_-nsp130-benzina-99-cai-maxgear-ac856364\/#primaryimage"},"image":{"@id":"https:\/\/autorival.ro\/toyot\/produs\/condensator-climatizare-toyota-yaris-_p13_-1-3-nsp130_-nsp130-benzina-99-cai-maxgear-ac856364\/#primaryimage"},"thumbnailUrl":"https:\/\/autorival.ro\/toyot\/wp-content\/uploads\/sites\/29\/2026\/02\/ac856364_1_large-1.jpg","datePublished":"2026-02-07T17:23:37+00:00","description":"\u26a1 Condensator climatizare TOYOTA YARIS (_P13_) 1.3 (NSP130_, NSP130) benzina 99 cai MAXGEAR AC856364 pentru Toyota. \u2713 Cod: AC856364 \u2713 Brand: MAXGEAR \u2713 \u00cen stoc \u2713 Livrare 24h \u2713 Garan\u021bie!","breadcrumb":{"@id":"https:\/\/autorival.ro\/toyot\/produs\/condensator-climatizare-toyota-yaris-_p13_-1-3-nsp130_-nsp130-benzina-99-cai-maxgear-ac856364\/#breadcrumb"},"inLanguage":"ro-RO","potentialAction":[{"@type":"ReadAction","target":["https:\/\/autorival.ro\/toyot\/produs\/condensator-climatizare-toyota-yaris-_p13_-1-3-nsp130_-nsp130-benzina-99-cai-maxgear-ac856364\/"]}]},{"@type":"ImageObject","inLanguage":"ro-RO","@id":"https:\/\/autorival.ro\/toyot\/produs\/condensator-climatizare-toyota-yaris-_p13_-1-3-nsp130_-nsp130-benzina-99-cai-maxgear-ac856364\/#primaryimage","url":"https:\/\/autorival.ro\/toyot\/wp-content\/uploads\/sites\/29\/2026\/02\/ac856364_1_large-1.jpg","contentUrl":"https:\/\/autorival.ro\/toyot\/wp-content\/uploads\/sites\/29\/2026\/02\/ac856364_1_large-1.jpg","width":600,"height":262},{"@type":"BreadcrumbList","@id":"https:\/\/autorival.ro\/toyot\/produs\/condensator-climatizare-toyota-yaris-_p13_-1-3-nsp130_-nsp130-benzina-99-cai-maxgear-ac856364\/#breadcrumb","itemListElement":[{"@type":"ListItem","position":1,"name":"Prima pagin\u0103","item":"https:\/\/autorival.ro\/toyot\/"},{"@type":"ListItem","position":2,"name":"TOYOTA","item":"https:\/\/autorival.ro\/toyot\/"},{"@type":"ListItem","position":3,"name":"Condensator climatizare TOYOTA YARIS (_P13_) 1.3 (NSP130_, NSP130) benzina 99 cai MAXGEAR AC856364"}]},{"@type":"WebSite","@id":"https:\/\/autorival.ro\/toyot\/#website","url":"https:\/\/autorival.ro\/toyot\/","name":"Toyota","description":"","potentialAction":[{"@type":"SearchAction","target":{"@type":"EntryPoint","urlTemplate":"https:\/\/autorival.ro\/toyot\/?s={search_term_string}"},"query-input":{"@type":"PropertyValueSpecification","valueRequired":true,"valueName":"search_term_string"}}],"inLanguage":"ro-RO"}]}},"_links":{"self":[{"href":"https:\/\/autorival.ro\/toyot\/wp-json\/wp\/v2\/product\/1891478","targetHints":{"allow":["GET"]}}],"collection":[{"href":"https:\/\/autorival.ro\/toyot\/wp-json\/wp\/v2\/product"}],"about":[{"href":"https:\/\/autorival.ro\/toyot\/wp-json\/wp\/v2\/types\/product"}],"replies":[{"embeddable":true,"href":"https:\/\/autorival.ro\/toyot\/wp-json\/wp\/v2\/comments?post=1891478"}],"wp:featuredmedia":[{"embeddable":true,"href":"https:\/\/autorival.ro\/toyot\/wp-json\/wp\/v2\/media\/1891479"}],"wp:attachment":[{"href":"https:\/\/autorival.ro\/toyot\/wp-json\/wp\/v2\/media?parent=1891478"}],"wp:term":[{"taxonomy":"product_brand","embeddable":true,"href":"https:\/\/autorival.ro\/toyot\/wp-json\/wp\/v2\/product_brand?post=1891478"},{"taxonomy":"product_cat","embeddable":true,"href":"https:\/\/autorival.ro\/toyot\/wp-json\/wp\/v2\/product_cat?post=1891478"},{"taxonomy":"product_tag","embeddable":true,"href":"https:\/\/autorival.ro\/toyot\/wp-json\/wp\/v2\/product_tag?post=1891478"}],"curies":[{"name":"wp","href":"https:\/\/api.w.org\/{rel}","templated":true}]}}