{"id":1886544,"date":"2026-02-07T15:30:17","date_gmt":"2026-02-07T15:30:17","guid":{"rendered":"https:\/\/autorival.ro\/toyot\/produs\/condensator-climatizare-toyota-aygo-_b1_-1-0-gpl-kgb10_-benzina-autogaz-gpl-68-cai-bosch-1-986-ad2-083\/"},"modified":"2026-02-07T15:30:17","modified_gmt":"2026-02-07T15:30:17","slug":"condensator-climatizare-toyota-aygo-_b1_-1-0-gpl-kgb10_-benzina-autogaz-gpl-68-cai-bosch-1-986-ad2-083","status":"publish","type":"product","link":"https:\/\/autorival.ro\/toyot\/produs\/condensator-climatizare-toyota-aygo-_b1_-1-0-gpl-kgb10_-benzina-autogaz-gpl-68-cai-bosch-1-986-ad2-083\/","title":{"rendered":"Condensator climatizare TOYOTA AYGO (_B1_) 1.0 GPL (KGB10_) Benzina\/Autogaz (GPL) 68 cai BOSCH 1 986 AD2 083"},"content":{"rendered":"<p>lungime totala [mm]: 390L\u0103\u021bimea total\u0103 [mm]: 365Lungime plas\u0103 [mm]: 355L\u0103\u021bimea plasei [mm]: 360Ad\u00e2ncimea plasei [mm]: 16Diametru admisie [mm]: 14,3Diametru evacuare [mm]: 11Agent frigorific: R 134aArticol completare\/Info suplimentar 2: cu uscator, cu instructiuni montaj, fara inel etansareArticol extins\/Informatii de extindere: cu umplutur\u0103 de azotProprietati chimice: rezistent la coroziune<\/p>\n","protected":false},"excerpt":{"rendered":"<p>Producator: BOSCH Cod producator: 1 986 AD2 083<\/p>\n","protected":false},"featured_media":1886545,"comment_status":"open","ping_status":"closed","template":"","meta":[],"product_brand":[1233],"product_cat":[31743],"product_tag":[],"class_list":{"0":"post-1886544","1":"product","2":"type-product","3":"status-publish","4":"has-post-thumbnail","6":"product_brand-bosch","7":"product_cat-condensator-climatizare-b1-1-0-gpl-kgb10-benzinaautogaz-gpl-68","9":"first","10":"instock","11":"shipping-taxable","12":"purchasable","13":"product-type-simple"},"yoast_head":"<!-- This site is optimized with the Yoast SEO plugin v27.4 - https:\/\/yoast.com\/product\/yoast-seo-wordpress\/ -->\n<title>Condensator climatizare TOYOTA AYGO (_B1_) 1.0 GPL (KGB10_) Benzina\/Autogaz (GPL) 68 cai BOSCH 1 986 AD2 083 Toyota | BOSCH - Autorival<\/title>\n<meta name=\"description\" content=\"\u26a1 Condensator climatizare TOYOTA AYGO (_B1_) 1.0 GPL (KGB10_) Benzina\/Autogaz (GPL) 68 cai BOSCH 1 986 AD2 083 pentru Toyota. \u2713 Cod: 1 \u2713 Brand: BOSCH \u2713 \u00cen stoc \u2713 Livrare 24h \u2713 Garan\u021bie!\" \/>\n<meta name=\"robots\" content=\"index, follow, max-snippet:-1, max-image-preview:large, max-video-preview:-1\" \/>\n<meta property=\"og:locale\" content=\"ro_RO\" \/>\n<meta property=\"og:type\" content=\"article\" \/>\n<meta property=\"og:title\" content=\"Condensator climatizare TOYOTA AYGO (_B1_) 1.0 GPL (KGB10_) Benzina\/Autogaz (GPL) 68 cai BOSCH 1 986 AD2 083 Toyota | BOSCH - Autorival\" \/>\n<meta property=\"og:description\" content=\"\u26a1 Condensator climatizare TOYOTA AYGO (_B1_) 1.0 GPL (KGB10_) Benzina\/Autogaz (GPL) 68 cai BOSCH 1 986 AD2 083 pentru Toyota. \u2713 Cod: 1 \u2713 Brand: BOSCH \u2713 \u00cen stoc \u2713 Livrare 24h \u2713 Garan\u021bie!\" \/>\n<meta property=\"og:url\" content=\"https:\/\/autorival.ro\/toyot\/produs\/condensator-climatizare-toyota-aygo-_b1_-1-0-gpl-kgb10_-benzina-autogaz-gpl-68-cai-bosch-1-986-ad2-083\/\" \/>\n<meta property=\"og:site_name\" content=\"Toyota\" \/>\n<meta property=\"og:image\" content=\"https:\/\/autorival.ro\/toyot\/wp-content\/uploads\/sites\/29\/2026\/02\/no-photo-2240.jpg\" \/>\n\t<meta property=\"og:image:width\" content=\"1024\" \/>\n\t<meta property=\"og:image:height\" content=\"1024\" \/>\n\t<meta property=\"og:image:type\" content=\"image\/jpeg\" \/>\n<meta name=\"twitter:card\" content=\"summary_large_image\" \/>\n<meta name=\"twitter:title\" content=\"Condensator climatizare TOYOTA AYGO (_B1_) 1.0 GPL (KGB10_) Benzina\/Autogaz (GPL) 68 cai BOSCH 1 986 AD2 083 Toyota | BOSCH - Autorival\" \/>\n<meta name=\"twitter:description\" content=\"\u26a1 Condensator climatizare TOYOTA AYGO (_B1_) 1.0 GPL (KGB10_) Benzina\/Autogaz (GPL) 68 cai BOSCH 1 986 AD2 083 pentru Toyota. \u2713 Cod: 1 \u2713 Brand: BOSCH \u2713 \u00cen stoc \u2713 Livrare 24h \u2713 Garan\u021bie!\" \/>\n<script type=\"application\/ld+json\" class=\"yoast-schema-graph\">{\"@context\":\"https:\\\/\\\/schema.org\",\"@graph\":[{\"@type\":\"WebPage\",\"@id\":\"https:\\\/\\\/autorival.ro\\\/toyot\\\/produs\\\/condensator-climatizare-toyota-aygo-_b1_-1-0-gpl-kgb10_-benzina-autogaz-gpl-68-cai-bosch-1-986-ad2-083\\\/\",\"url\":\"https:\\\/\\\/autorival.ro\\\/toyot\\\/produs\\\/condensator-climatizare-toyota-aygo-_b1_-1-0-gpl-kgb10_-benzina-autogaz-gpl-68-cai-bosch-1-986-ad2-083\\\/\",\"name\":\"Condensator climatizare TOYOTA AYGO (_B1_) 1.0 GPL (KGB10_) Benzina\\\/Autogaz (GPL) 68 cai BOSCH 1 986 AD2 083 Toyota | BOSCH - Autorival\",\"isPartOf\":{\"@id\":\"https:\\\/\\\/autorival.ro\\\/toyot\\\/#website\"},\"primaryImageOfPage\":{\"@id\":\"https:\\\/\\\/autorival.ro\\\/toyot\\\/produs\\\/condensator-climatizare-toyota-aygo-_b1_-1-0-gpl-kgb10_-benzina-autogaz-gpl-68-cai-bosch-1-986-ad2-083\\\/#primaryimage\"},\"image\":{\"@id\":\"https:\\\/\\\/autorival.ro\\\/toyot\\\/produs\\\/condensator-climatizare-toyota-aygo-_b1_-1-0-gpl-kgb10_-benzina-autogaz-gpl-68-cai-bosch-1-986-ad2-083\\\/#primaryimage\"},\"thumbnailUrl\":\"https:\\\/\\\/autorival.ro\\\/toyot\\\/wp-content\\\/uploads\\\/sites\\\/29\\\/2026\\\/02\\\/no-photo-2240.jpg\",\"datePublished\":\"2026-02-07T15:30:17+00:00\",\"description\":\"\u26a1 Condensator climatizare TOYOTA AYGO (_B1_) 1.0 GPL (KGB10_) Benzina\\\/Autogaz (GPL) 68 cai BOSCH 1 986 AD2 083 pentru Toyota. \u2713 Cod: 1 \u2713 Brand: BOSCH \u2713 \u00cen stoc \u2713 Livrare 24h \u2713 Garan\u021bie!\",\"breadcrumb\":{\"@id\":\"https:\\\/\\\/autorival.ro\\\/toyot\\\/produs\\\/condensator-climatizare-toyota-aygo-_b1_-1-0-gpl-kgb10_-benzina-autogaz-gpl-68-cai-bosch-1-986-ad2-083\\\/#breadcrumb\"},\"inLanguage\":\"ro-RO\",\"potentialAction\":[{\"@type\":\"ReadAction\",\"target\":[\"https:\\\/\\\/autorival.ro\\\/toyot\\\/produs\\\/condensator-climatizare-toyota-aygo-_b1_-1-0-gpl-kgb10_-benzina-autogaz-gpl-68-cai-bosch-1-986-ad2-083\\\/\"]}]},{\"@type\":\"ImageObject\",\"inLanguage\":\"ro-RO\",\"@id\":\"https:\\\/\\\/autorival.ro\\\/toyot\\\/produs\\\/condensator-climatizare-toyota-aygo-_b1_-1-0-gpl-kgb10_-benzina-autogaz-gpl-68-cai-bosch-1-986-ad2-083\\\/#primaryimage\",\"url\":\"https:\\\/\\\/autorival.ro\\\/toyot\\\/wp-content\\\/uploads\\\/sites\\\/29\\\/2026\\\/02\\\/no-photo-2240.jpg\",\"contentUrl\":\"https:\\\/\\\/autorival.ro\\\/toyot\\\/wp-content\\\/uploads\\\/sites\\\/29\\\/2026\\\/02\\\/no-photo-2240.jpg\",\"width\":1024,\"height\":1024},{\"@type\":\"BreadcrumbList\",\"@id\":\"https:\\\/\\\/autorival.ro\\\/toyot\\\/produs\\\/condensator-climatizare-toyota-aygo-_b1_-1-0-gpl-kgb10_-benzina-autogaz-gpl-68-cai-bosch-1-986-ad2-083\\\/#breadcrumb\",\"itemListElement\":[{\"@type\":\"ListItem\",\"position\":1,\"name\":\"Prima pagin\u0103\",\"item\":\"https:\\\/\\\/autorival.ro\\\/toyot\\\/\"},{\"@type\":\"ListItem\",\"position\":2,\"name\":\"TOYOTA\",\"item\":\"https:\\\/\\\/autorival.ro\\\/toyot\\\/\"},{\"@type\":\"ListItem\",\"position\":3,\"name\":\"Condensator climatizare TOYOTA AYGO (_B1_) 1.0 GPL (KGB10_) Benzina\\\/Autogaz (GPL) 68 cai BOSCH 1 986 AD2 083\"}]},{\"@type\":\"WebSite\",\"@id\":\"https:\\\/\\\/autorival.ro\\\/toyot\\\/#website\",\"url\":\"https:\\\/\\\/autorival.ro\\\/toyot\\\/\",\"name\":\"Toyota\",\"description\":\"\",\"potentialAction\":[{\"@type\":\"SearchAction\",\"target\":{\"@type\":\"EntryPoint\",\"urlTemplate\":\"https:\\\/\\\/autorival.ro\\\/toyot\\\/?s={search_term_string}\"},\"query-input\":{\"@type\":\"PropertyValueSpecification\",\"valueRequired\":true,\"valueName\":\"search_term_string\"}}],\"inLanguage\":\"ro-RO\"}]}<\/script>\n<!-- \/ Yoast SEO plugin. -->","yoast_head_json":{"title":"Condensator climatizare TOYOTA AYGO (_B1_) 1.0 GPL (KGB10_) Benzina\/Autogaz (GPL) 68 cai BOSCH 1 986 AD2 083 Toyota | BOSCH - Autorival","description":"\u26a1 Condensator climatizare TOYOTA AYGO (_B1_) 1.0 GPL (KGB10_) Benzina\/Autogaz (GPL) 68 cai BOSCH 1 986 AD2 083 pentru Toyota. \u2713 Cod: 1 \u2713 Brand: BOSCH \u2713 \u00cen stoc \u2713 Livrare 24h \u2713 Garan\u021bie!","robots":{"index":"index","follow":"follow","max-snippet":"max-snippet:-1","max-image-preview":"max-image-preview:large","max-video-preview":"max-video-preview:-1"},"og_locale":"ro_RO","og_type":"article","og_title":"Condensator climatizare TOYOTA AYGO (_B1_) 1.0 GPL (KGB10_) Benzina\/Autogaz (GPL) 68 cai BOSCH 1 986 AD2 083 Toyota | BOSCH - Autorival","og_description":"\u26a1 Condensator climatizare TOYOTA AYGO (_B1_) 1.0 GPL (KGB10_) Benzina\/Autogaz (GPL) 68 cai BOSCH 1 986 AD2 083 pentru Toyota. \u2713 Cod: 1 \u2713 Brand: BOSCH \u2713 \u00cen stoc \u2713 Livrare 24h \u2713 Garan\u021bie!","og_url":"https:\/\/autorival.ro\/toyot\/produs\/condensator-climatizare-toyota-aygo-_b1_-1-0-gpl-kgb10_-benzina-autogaz-gpl-68-cai-bosch-1-986-ad2-083\/","og_site_name":"Toyota","og_image":[{"width":1024,"height":1024,"url":"https:\/\/autorival.ro\/toyot\/wp-content\/uploads\/sites\/29\/2026\/02\/no-photo-2240.jpg","type":"image\/jpeg"}],"twitter_card":"summary_large_image","twitter_title":"Condensator climatizare TOYOTA AYGO (_B1_) 1.0 GPL (KGB10_) Benzina\/Autogaz (GPL) 68 cai BOSCH 1 986 AD2 083 Toyota | BOSCH - Autorival","twitter_description":"\u26a1 Condensator climatizare TOYOTA AYGO (_B1_) 1.0 GPL (KGB10_) Benzina\/Autogaz (GPL) 68 cai BOSCH 1 986 AD2 083 pentru Toyota. \u2713 Cod: 1 \u2713 Brand: BOSCH \u2713 \u00cen stoc \u2713 Livrare 24h \u2713 Garan\u021bie!","schema":{"@context":"https:\/\/schema.org","@graph":[{"@type":"WebPage","@id":"https:\/\/autorival.ro\/toyot\/produs\/condensator-climatizare-toyota-aygo-_b1_-1-0-gpl-kgb10_-benzina-autogaz-gpl-68-cai-bosch-1-986-ad2-083\/","url":"https:\/\/autorival.ro\/toyot\/produs\/condensator-climatizare-toyota-aygo-_b1_-1-0-gpl-kgb10_-benzina-autogaz-gpl-68-cai-bosch-1-986-ad2-083\/","name":"Condensator climatizare TOYOTA AYGO (_B1_) 1.0 GPL (KGB10_) Benzina\/Autogaz (GPL) 68 cai BOSCH 1 986 AD2 083 Toyota | BOSCH - Autorival","isPartOf":{"@id":"https:\/\/autorival.ro\/toyot\/#website"},"primaryImageOfPage":{"@id":"https:\/\/autorival.ro\/toyot\/produs\/condensator-climatizare-toyota-aygo-_b1_-1-0-gpl-kgb10_-benzina-autogaz-gpl-68-cai-bosch-1-986-ad2-083\/#primaryimage"},"image":{"@id":"https:\/\/autorival.ro\/toyot\/produs\/condensator-climatizare-toyota-aygo-_b1_-1-0-gpl-kgb10_-benzina-autogaz-gpl-68-cai-bosch-1-986-ad2-083\/#primaryimage"},"thumbnailUrl":"https:\/\/autorival.ro\/toyot\/wp-content\/uploads\/sites\/29\/2026\/02\/no-photo-2240.jpg","datePublished":"2026-02-07T15:30:17+00:00","description":"\u26a1 Condensator climatizare TOYOTA AYGO (_B1_) 1.0 GPL (KGB10_) Benzina\/Autogaz (GPL) 68 cai BOSCH 1 986 AD2 083 pentru Toyota. \u2713 Cod: 1 \u2713 Brand: BOSCH \u2713 \u00cen stoc \u2713 Livrare 24h \u2713 Garan\u021bie!","breadcrumb":{"@id":"https:\/\/autorival.ro\/toyot\/produs\/condensator-climatizare-toyota-aygo-_b1_-1-0-gpl-kgb10_-benzina-autogaz-gpl-68-cai-bosch-1-986-ad2-083\/#breadcrumb"},"inLanguage":"ro-RO","potentialAction":[{"@type":"ReadAction","target":["https:\/\/autorival.ro\/toyot\/produs\/condensator-climatizare-toyota-aygo-_b1_-1-0-gpl-kgb10_-benzina-autogaz-gpl-68-cai-bosch-1-986-ad2-083\/"]}]},{"@type":"ImageObject","inLanguage":"ro-RO","@id":"https:\/\/autorival.ro\/toyot\/produs\/condensator-climatizare-toyota-aygo-_b1_-1-0-gpl-kgb10_-benzina-autogaz-gpl-68-cai-bosch-1-986-ad2-083\/#primaryimage","url":"https:\/\/autorival.ro\/toyot\/wp-content\/uploads\/sites\/29\/2026\/02\/no-photo-2240.jpg","contentUrl":"https:\/\/autorival.ro\/toyot\/wp-content\/uploads\/sites\/29\/2026\/02\/no-photo-2240.jpg","width":1024,"height":1024},{"@type":"BreadcrumbList","@id":"https:\/\/autorival.ro\/toyot\/produs\/condensator-climatizare-toyota-aygo-_b1_-1-0-gpl-kgb10_-benzina-autogaz-gpl-68-cai-bosch-1-986-ad2-083\/#breadcrumb","itemListElement":[{"@type":"ListItem","position":1,"name":"Prima pagin\u0103","item":"https:\/\/autorival.ro\/toyot\/"},{"@type":"ListItem","position":2,"name":"TOYOTA","item":"https:\/\/autorival.ro\/toyot\/"},{"@type":"ListItem","position":3,"name":"Condensator climatizare TOYOTA AYGO (_B1_) 1.0 GPL (KGB10_) Benzina\/Autogaz (GPL) 68 cai BOSCH 1 986 AD2 083"}]},{"@type":"WebSite","@id":"https:\/\/autorival.ro\/toyot\/#website","url":"https:\/\/autorival.ro\/toyot\/","name":"Toyota","description":"","potentialAction":[{"@type":"SearchAction","target":{"@type":"EntryPoint","urlTemplate":"https:\/\/autorival.ro\/toyot\/?s={search_term_string}"},"query-input":{"@type":"PropertyValueSpecification","valueRequired":true,"valueName":"search_term_string"}}],"inLanguage":"ro-RO"}]}},"_links":{"self":[{"href":"https:\/\/autorival.ro\/toyot\/wp-json\/wp\/v2\/product\/1886544","targetHints":{"allow":["GET"]}}],"collection":[{"href":"https:\/\/autorival.ro\/toyot\/wp-json\/wp\/v2\/product"}],"about":[{"href":"https:\/\/autorival.ro\/toyot\/wp-json\/wp\/v2\/types\/product"}],"replies":[{"embeddable":true,"href":"https:\/\/autorival.ro\/toyot\/wp-json\/wp\/v2\/comments?post=1886544"}],"wp:featuredmedia":[{"embeddable":true,"href":"https:\/\/autorival.ro\/toyot\/wp-json\/wp\/v2\/media\/1886545"}],"wp:attachment":[{"href":"https:\/\/autorival.ro\/toyot\/wp-json\/wp\/v2\/media?parent=1886544"}],"wp:term":[{"taxonomy":"product_brand","embeddable":true,"href":"https:\/\/autorival.ro\/toyot\/wp-json\/wp\/v2\/product_brand?post=1886544"},{"taxonomy":"product_cat","embeddable":true,"href":"https:\/\/autorival.ro\/toyot\/wp-json\/wp\/v2\/product_cat?post=1886544"},{"taxonomy":"product_tag","embeddable":true,"href":"https:\/\/autorival.ro\/toyot\/wp-json\/wp\/v2\/product_tag?post=1886544"}],"curies":[{"name":"wp","href":"https:\/\/api.w.org\/{rel}","templated":true}]}}