{"id":1715720,"date":"2026-01-31T04:41:52","date_gmt":"2026-01-31T04:41:52","guid":{"rendered":"https:\/\/autorival.ro\/toyot\/produs\/cap-de-bara-toyota-avensis-_t25_-2-2-d-4d-adt251_-adt251r-diesel-150-cai-meyle-30-16-020-0118\/"},"modified":"2026-01-31T04:41:52","modified_gmt":"2026-01-31T04:41:52","slug":"cap-de-bara-toyota-avensis-_t25_-2-2-d-4d-adt251_-adt251r-diesel-150-cai-meyle-30-16-020-0118","status":"publish","type":"product","link":"https:\/\/autorival.ro\/toyot\/produs\/cap-de-bara-toyota-avensis-_t25_-2-2-d-4d-adt251_-adt251r-diesel-150-cai-meyle-30-16-020-0118\/","title":{"rendered":"Cap de bara TOYOTA AVENSIS (_T25_) 2.2 D-4D (ADT251_, ADT251R) diesel 150 cai MEYLE 30-16 020 0118"},"content":{"rendered":"<p>Partea de montare: Axa fata stanga, Axa fata dreaptaLungime [mm]: 150Dimensiune filet 1: M12x1,25Dimensiune filet 2: M16x1,5\u00eenlocuire \u00een pereche recomandat\u0103Numar bucati necesare: 2<\/p>\n","protected":false},"excerpt":{"rendered":"<p>Producator: MEYLE Cod producator: 30-16 020 0118<\/p>\n","protected":false},"featured_media":1715721,"comment_status":"open","ping_status":"closed","template":"","meta":[],"product_brand":[1818],"product_cat":[21364],"product_tag":[],"class_list":{"0":"post-1715720","1":"product","2":"type-product","3":"status-publish","4":"has-post-thumbnail","6":"product_brand-meyle","7":"product_cat-cap-de-bara-t25-2-2-d-4d-adt251-diesel-150","9":"first","10":"instock","11":"shipping-taxable","12":"purchasable","13":"product-type-simple"},"yoast_head":"<!-- This site is optimized with the Yoast SEO plugin v27.4 - https:\/\/yoast.com\/product\/yoast-seo-wordpress\/ -->\n<title>Cap de bara TOYOTA AVENSIS (_T25_) 2.2 D-4D (ADT251_, ADT251R) diesel 150 cai MEYLE 30-16 020 0118 Toyota | MEYLE - Autorival<\/title>\n<meta name=\"description\" content=\"\u26a1 Cap de bara TOYOTA AVENSIS (_T25_) 2.2 D-4D (ADT251_, ADT251R) diesel 150 cai MEYLE 30-16 020 0118 pentru Toyota. \u2713 Cod: 30-16 \u2713 Brand: MEYLE \u2713 \u00cen stoc \u2713 Livrare 24h \u2713 Garan\u021bie!\" \/>\n<meta name=\"robots\" content=\"index, follow, max-snippet:-1, max-image-preview:large, max-video-preview:-1\" \/>\n<meta property=\"og:locale\" content=\"ro_RO\" \/>\n<meta property=\"og:type\" content=\"article\" \/>\n<meta property=\"og:title\" content=\"Cap de bara TOYOTA AVENSIS (_T25_) 2.2 D-4D (ADT251_, ADT251R) diesel 150 cai MEYLE 30-16 020 0118 Toyota | MEYLE - Autorival\" \/>\n<meta property=\"og:description\" content=\"\u26a1 Cap de bara TOYOTA AVENSIS (_T25_) 2.2 D-4D (ADT251_, ADT251R) diesel 150 cai MEYLE 30-16 020 0118 pentru Toyota. \u2713 Cod: 30-16 \u2713 Brand: MEYLE \u2713 \u00cen stoc \u2713 Livrare 24h \u2713 Garan\u021bie!\" \/>\n<meta property=\"og:url\" content=\"https:\/\/autorival.ro\/toyot\/produs\/cap-de-bara-toyota-avensis-_t25_-2-2-d-4d-adt251_-adt251r-diesel-150-cai-meyle-30-16-020-0118\/\" \/>\n<meta property=\"og:site_name\" content=\"Toyota\" \/>\n<meta property=\"og:image\" content=\"https:\/\/autorival.ro\/toyot\/wp-content\/uploads\/sites\/29\/2026\/01\/fs_30160200118_1-3.jpg\" \/>\n\t<meta property=\"og:image:width\" content=\"600\" \/>\n\t<meta property=\"og:image:height\" content=\"400\" \/>\n\t<meta property=\"og:image:type\" content=\"image\/jpeg\" \/>\n<meta name=\"twitter:card\" content=\"summary_large_image\" \/>\n<meta name=\"twitter:title\" content=\"Cap de bara TOYOTA AVENSIS (_T25_) 2.2 D-4D (ADT251_, ADT251R) diesel 150 cai MEYLE 30-16 020 0118 Toyota | MEYLE - Autorival\" \/>\n<meta name=\"twitter:description\" content=\"\u26a1 Cap de bara TOYOTA AVENSIS (_T25_) 2.2 D-4D (ADT251_, ADT251R) diesel 150 cai MEYLE 30-16 020 0118 pentru Toyota. \u2713 Cod: 30-16 \u2713 Brand: MEYLE \u2713 \u00cen stoc \u2713 Livrare 24h \u2713 Garan\u021bie!\" \/>\n<script type=\"application\/ld+json\" class=\"yoast-schema-graph\">{\"@context\":\"https:\\\/\\\/schema.org\",\"@graph\":[{\"@type\":\"WebPage\",\"@id\":\"https:\\\/\\\/autorival.ro\\\/toyot\\\/produs\\\/cap-de-bara-toyota-avensis-_t25_-2-2-d-4d-adt251_-adt251r-diesel-150-cai-meyle-30-16-020-0118\\\/\",\"url\":\"https:\\\/\\\/autorival.ro\\\/toyot\\\/produs\\\/cap-de-bara-toyota-avensis-_t25_-2-2-d-4d-adt251_-adt251r-diesel-150-cai-meyle-30-16-020-0118\\\/\",\"name\":\"Cap de bara TOYOTA AVENSIS (_T25_) 2.2 D-4D (ADT251_, ADT251R) diesel 150 cai MEYLE 30-16 020 0118 Toyota | MEYLE - Autorival\",\"isPartOf\":{\"@id\":\"https:\\\/\\\/autorival.ro\\\/toyot\\\/#website\"},\"primaryImageOfPage\":{\"@id\":\"https:\\\/\\\/autorival.ro\\\/toyot\\\/produs\\\/cap-de-bara-toyota-avensis-_t25_-2-2-d-4d-adt251_-adt251r-diesel-150-cai-meyle-30-16-020-0118\\\/#primaryimage\"},\"image\":{\"@id\":\"https:\\\/\\\/autorival.ro\\\/toyot\\\/produs\\\/cap-de-bara-toyota-avensis-_t25_-2-2-d-4d-adt251_-adt251r-diesel-150-cai-meyle-30-16-020-0118\\\/#primaryimage\"},\"thumbnailUrl\":\"https:\\\/\\\/autorival.ro\\\/toyot\\\/wp-content\\\/uploads\\\/sites\\\/29\\\/2026\\\/01\\\/fs_30160200118_1-3.jpg\",\"datePublished\":\"2026-01-31T04:41:52+00:00\",\"description\":\"\u26a1 Cap de bara TOYOTA AVENSIS (_T25_) 2.2 D-4D (ADT251_, ADT251R) diesel 150 cai MEYLE 30-16 020 0118 pentru Toyota. \u2713 Cod: 30-16 \u2713 Brand: MEYLE \u2713 \u00cen stoc \u2713 Livrare 24h \u2713 Garan\u021bie!\",\"breadcrumb\":{\"@id\":\"https:\\\/\\\/autorival.ro\\\/toyot\\\/produs\\\/cap-de-bara-toyota-avensis-_t25_-2-2-d-4d-adt251_-adt251r-diesel-150-cai-meyle-30-16-020-0118\\\/#breadcrumb\"},\"inLanguage\":\"ro-RO\",\"potentialAction\":[{\"@type\":\"ReadAction\",\"target\":[\"https:\\\/\\\/autorival.ro\\\/toyot\\\/produs\\\/cap-de-bara-toyota-avensis-_t25_-2-2-d-4d-adt251_-adt251r-diesel-150-cai-meyle-30-16-020-0118\\\/\"]}]},{\"@type\":\"ImageObject\",\"inLanguage\":\"ro-RO\",\"@id\":\"https:\\\/\\\/autorival.ro\\\/toyot\\\/produs\\\/cap-de-bara-toyota-avensis-_t25_-2-2-d-4d-adt251_-adt251r-diesel-150-cai-meyle-30-16-020-0118\\\/#primaryimage\",\"url\":\"https:\\\/\\\/autorival.ro\\\/toyot\\\/wp-content\\\/uploads\\\/sites\\\/29\\\/2026\\\/01\\\/fs_30160200118_1-3.jpg\",\"contentUrl\":\"https:\\\/\\\/autorival.ro\\\/toyot\\\/wp-content\\\/uploads\\\/sites\\\/29\\\/2026\\\/01\\\/fs_30160200118_1-3.jpg\",\"width\":600,\"height\":400},{\"@type\":\"BreadcrumbList\",\"@id\":\"https:\\\/\\\/autorival.ro\\\/toyot\\\/produs\\\/cap-de-bara-toyota-avensis-_t25_-2-2-d-4d-adt251_-adt251r-diesel-150-cai-meyle-30-16-020-0118\\\/#breadcrumb\",\"itemListElement\":[{\"@type\":\"ListItem\",\"position\":1,\"name\":\"Prima pagin\u0103\",\"item\":\"https:\\\/\\\/autorival.ro\\\/toyot\\\/\"},{\"@type\":\"ListItem\",\"position\":2,\"name\":\"TOYOTA\",\"item\":\"https:\\\/\\\/autorival.ro\\\/toyot\\\/\"},{\"@type\":\"ListItem\",\"position\":3,\"name\":\"Cap de bara TOYOTA AVENSIS (_T25_) 2.2 D-4D (ADT251_, ADT251R) diesel 150 cai MEYLE 30-16 020 0118\"}]},{\"@type\":\"WebSite\",\"@id\":\"https:\\\/\\\/autorival.ro\\\/toyot\\\/#website\",\"url\":\"https:\\\/\\\/autorival.ro\\\/toyot\\\/\",\"name\":\"Toyota\",\"description\":\"\",\"potentialAction\":[{\"@type\":\"SearchAction\",\"target\":{\"@type\":\"EntryPoint\",\"urlTemplate\":\"https:\\\/\\\/autorival.ro\\\/toyot\\\/?s={search_term_string}\"},\"query-input\":{\"@type\":\"PropertyValueSpecification\",\"valueRequired\":true,\"valueName\":\"search_term_string\"}}],\"inLanguage\":\"ro-RO\"}]}<\/script>\n<!-- \/ Yoast SEO plugin. -->","yoast_head_json":{"title":"Cap de bara TOYOTA AVENSIS (_T25_) 2.2 D-4D (ADT251_, ADT251R) diesel 150 cai MEYLE 30-16 020 0118 Toyota | MEYLE - Autorival","description":"\u26a1 Cap de bara TOYOTA AVENSIS (_T25_) 2.2 D-4D (ADT251_, ADT251R) diesel 150 cai MEYLE 30-16 020 0118 pentru Toyota. \u2713 Cod: 30-16 \u2713 Brand: MEYLE \u2713 \u00cen stoc \u2713 Livrare 24h \u2713 Garan\u021bie!","robots":{"index":"index","follow":"follow","max-snippet":"max-snippet:-1","max-image-preview":"max-image-preview:large","max-video-preview":"max-video-preview:-1"},"og_locale":"ro_RO","og_type":"article","og_title":"Cap de bara TOYOTA AVENSIS (_T25_) 2.2 D-4D (ADT251_, ADT251R) diesel 150 cai MEYLE 30-16 020 0118 Toyota | MEYLE - Autorival","og_description":"\u26a1 Cap de bara TOYOTA AVENSIS (_T25_) 2.2 D-4D (ADT251_, ADT251R) diesel 150 cai MEYLE 30-16 020 0118 pentru Toyota. \u2713 Cod: 30-16 \u2713 Brand: MEYLE \u2713 \u00cen stoc \u2713 Livrare 24h \u2713 Garan\u021bie!","og_url":"https:\/\/autorival.ro\/toyot\/produs\/cap-de-bara-toyota-avensis-_t25_-2-2-d-4d-adt251_-adt251r-diesel-150-cai-meyle-30-16-020-0118\/","og_site_name":"Toyota","og_image":[{"width":600,"height":400,"url":"https:\/\/autorival.ro\/toyot\/wp-content\/uploads\/sites\/29\/2026\/01\/fs_30160200118_1-3.jpg","type":"image\/jpeg"}],"twitter_card":"summary_large_image","twitter_title":"Cap de bara TOYOTA AVENSIS (_T25_) 2.2 D-4D (ADT251_, ADT251R) diesel 150 cai MEYLE 30-16 020 0118 Toyota | MEYLE - Autorival","twitter_description":"\u26a1 Cap de bara TOYOTA AVENSIS (_T25_) 2.2 D-4D (ADT251_, ADT251R) diesel 150 cai MEYLE 30-16 020 0118 pentru Toyota. \u2713 Cod: 30-16 \u2713 Brand: MEYLE \u2713 \u00cen stoc \u2713 Livrare 24h \u2713 Garan\u021bie!","schema":{"@context":"https:\/\/schema.org","@graph":[{"@type":"WebPage","@id":"https:\/\/autorival.ro\/toyot\/produs\/cap-de-bara-toyota-avensis-_t25_-2-2-d-4d-adt251_-adt251r-diesel-150-cai-meyle-30-16-020-0118\/","url":"https:\/\/autorival.ro\/toyot\/produs\/cap-de-bara-toyota-avensis-_t25_-2-2-d-4d-adt251_-adt251r-diesel-150-cai-meyle-30-16-020-0118\/","name":"Cap de bara TOYOTA AVENSIS (_T25_) 2.2 D-4D (ADT251_, ADT251R) diesel 150 cai MEYLE 30-16 020 0118 Toyota | MEYLE - Autorival","isPartOf":{"@id":"https:\/\/autorival.ro\/toyot\/#website"},"primaryImageOfPage":{"@id":"https:\/\/autorival.ro\/toyot\/produs\/cap-de-bara-toyota-avensis-_t25_-2-2-d-4d-adt251_-adt251r-diesel-150-cai-meyle-30-16-020-0118\/#primaryimage"},"image":{"@id":"https:\/\/autorival.ro\/toyot\/produs\/cap-de-bara-toyota-avensis-_t25_-2-2-d-4d-adt251_-adt251r-diesel-150-cai-meyle-30-16-020-0118\/#primaryimage"},"thumbnailUrl":"https:\/\/autorival.ro\/toyot\/wp-content\/uploads\/sites\/29\/2026\/01\/fs_30160200118_1-3.jpg","datePublished":"2026-01-31T04:41:52+00:00","description":"\u26a1 Cap de bara TOYOTA AVENSIS (_T25_) 2.2 D-4D (ADT251_, ADT251R) diesel 150 cai MEYLE 30-16 020 0118 pentru Toyota. \u2713 Cod: 30-16 \u2713 Brand: MEYLE \u2713 \u00cen stoc \u2713 Livrare 24h \u2713 Garan\u021bie!","breadcrumb":{"@id":"https:\/\/autorival.ro\/toyot\/produs\/cap-de-bara-toyota-avensis-_t25_-2-2-d-4d-adt251_-adt251r-diesel-150-cai-meyle-30-16-020-0118\/#breadcrumb"},"inLanguage":"ro-RO","potentialAction":[{"@type":"ReadAction","target":["https:\/\/autorival.ro\/toyot\/produs\/cap-de-bara-toyota-avensis-_t25_-2-2-d-4d-adt251_-adt251r-diesel-150-cai-meyle-30-16-020-0118\/"]}]},{"@type":"ImageObject","inLanguage":"ro-RO","@id":"https:\/\/autorival.ro\/toyot\/produs\/cap-de-bara-toyota-avensis-_t25_-2-2-d-4d-adt251_-adt251r-diesel-150-cai-meyle-30-16-020-0118\/#primaryimage","url":"https:\/\/autorival.ro\/toyot\/wp-content\/uploads\/sites\/29\/2026\/01\/fs_30160200118_1-3.jpg","contentUrl":"https:\/\/autorival.ro\/toyot\/wp-content\/uploads\/sites\/29\/2026\/01\/fs_30160200118_1-3.jpg","width":600,"height":400},{"@type":"BreadcrumbList","@id":"https:\/\/autorival.ro\/toyot\/produs\/cap-de-bara-toyota-avensis-_t25_-2-2-d-4d-adt251_-adt251r-diesel-150-cai-meyle-30-16-020-0118\/#breadcrumb","itemListElement":[{"@type":"ListItem","position":1,"name":"Prima pagin\u0103","item":"https:\/\/autorival.ro\/toyot\/"},{"@type":"ListItem","position":2,"name":"TOYOTA","item":"https:\/\/autorival.ro\/toyot\/"},{"@type":"ListItem","position":3,"name":"Cap de bara TOYOTA AVENSIS (_T25_) 2.2 D-4D (ADT251_, ADT251R) diesel 150 cai MEYLE 30-16 020 0118"}]},{"@type":"WebSite","@id":"https:\/\/autorival.ro\/toyot\/#website","url":"https:\/\/autorival.ro\/toyot\/","name":"Toyota","description":"","potentialAction":[{"@type":"SearchAction","target":{"@type":"EntryPoint","urlTemplate":"https:\/\/autorival.ro\/toyot\/?s={search_term_string}"},"query-input":{"@type":"PropertyValueSpecification","valueRequired":true,"valueName":"search_term_string"}}],"inLanguage":"ro-RO"}]}},"_links":{"self":[{"href":"https:\/\/autorival.ro\/toyot\/wp-json\/wp\/v2\/product\/1715720","targetHints":{"allow":["GET"]}}],"collection":[{"href":"https:\/\/autorival.ro\/toyot\/wp-json\/wp\/v2\/product"}],"about":[{"href":"https:\/\/autorival.ro\/toyot\/wp-json\/wp\/v2\/types\/product"}],"replies":[{"embeddable":true,"href":"https:\/\/autorival.ro\/toyot\/wp-json\/wp\/v2\/comments?post=1715720"}],"wp:featuredmedia":[{"embeddable":true,"href":"https:\/\/autorival.ro\/toyot\/wp-json\/wp\/v2\/media\/1715721"}],"wp:attachment":[{"href":"https:\/\/autorival.ro\/toyot\/wp-json\/wp\/v2\/media?parent=1715720"}],"wp:term":[{"taxonomy":"product_brand","embeddable":true,"href":"https:\/\/autorival.ro\/toyot\/wp-json\/wp\/v2\/product_brand?post=1715720"},{"taxonomy":"product_cat","embeddable":true,"href":"https:\/\/autorival.ro\/toyot\/wp-json\/wp\/v2\/product_cat?post=1715720"},{"taxonomy":"product_tag","embeddable":true,"href":"https:\/\/autorival.ro\/toyot\/wp-json\/wp\/v2\/product_tag?post=1715720"}],"curies":[{"name":"wp","href":"https:\/\/api.w.org\/{rel}","templated":true}]}}