{"id":87650,"date":"2025-07-17T12:56:14","date_gmt":"2025-07-17T12:56:14","guid":{"rendered":"https:\/\/autorival.ro\/skoda\/product\/bieleta-directie-skoda-roomster-5j7-1-6-benzina-105-cai-premiere-fdb-610\/"},"modified":"2025-07-17T12:56:14","modified_gmt":"2025-07-17T12:56:14","slug":"bieleta-directie-skoda-roomster-5j7-1-6-benzina-105-cai-premiere-fdb-610","status":"publish","type":"product","link":"https:\/\/autorival.ro\/skoda\/produs\/bieleta-directie-skoda-roomster-5j7-1-6-benzina-105-cai-premiere-fdb-610\/","title":{"rendered":"Bieleta directie SKODA ROOMSTER (5J7) 1.6 benzina 105 cai PREMIERE FDB.610"},"content":{"rendered":"<p>Partea de montare: Axa fata stanga, Axa fata dreapta ->Lungime [mm]: 298 ->Dimensiune filet 1: M16x1,5 ->Dimensiune filet 2: M14x1,5Echipament vehicul: pentru vehicule cu directie servoasistataRestrictiile producatorului: SMI \/ Koyo\u00eenlocuire \u00een pereche recomandat\u0103Numar bucati necesare: 2<\/p>\n","protected":false},"excerpt":{"rendered":"<p>Producator: PREMIERE Cod producator: FDB.610<\/p>\n","protected":false},"featured_media":87651,"comment_status":"open","ping_status":"closed","template":"","meta":[],"product_brand":[484],"product_cat":[2165],"product_tag":[25872,25761,25879,25689,25611,25586],"class_list":{"0":"post-87650","1":"product","2":"type-product","3":"status-publish","4":"has-post-thumbnail","6":"product_brand-premiere","7":"product_cat-bieleta-directie-5j7-1-6-benzina-105","8":"product_tag-bieleta","9":"product_tag-directie","10":"product_tag-fdb","11":"product_tag-premiere","12":"product_tag-roomster","13":"product_tag-skoda","15":"first","16":"instock","17":"shipping-taxable","18":"purchasable","19":"product-type-simple"},"yoast_head":"<!-- This site is optimized with the Yoast SEO plugin v27.3 - https:\/\/yoast.com\/product\/yoast-seo-wordpress\/ -->\n<title>Bieleta directie SKODA ROOMSTER (5J7) 1.6 benzina 105 cai PREMIERE FDB.610 SKODA | PREMIERE - Autorival<\/title>\n<meta name=\"description\" content=\"\u26a1 Bieleta directie SKODA ROOMSTER (5J7) 1.6 benzina 105 cai PREMIERE FDB.610 pentru SKODA. \u2713 Cod: FDB \u2713 Brand: PREMIERE \u2713 \u00cen stoc \u2713 Livrare 24h \u2713 Garan\u021bie!\" \/>\n<meta name=\"robots\" content=\"index, follow, max-snippet:-1, max-image-preview:large, max-video-preview:-1\" \/>\n<meta property=\"og:locale\" content=\"en_US\" \/>\n<meta property=\"og:type\" content=\"article\" \/>\n<meta property=\"og:title\" content=\"Bieleta directie SKODA ROOMSTER (5J7) 1.6 benzina 105 cai PREMIERE FDB.610 SKODA | PREMIERE - Autorival\" \/>\n<meta property=\"og:description\" content=\"\u26a1 Bieleta directie SKODA ROOMSTER (5J7) 1.6 benzina 105 cai PREMIERE FDB.610 pentru SKODA. \u2713 Cod: FDB \u2713 Brand: PREMIERE \u2713 \u00cen stoc \u2713 Livrare 24h \u2713 Garan\u021bie!\" \/>\n<meta property=\"og:url\" content=\"https:\/\/autorival.ro\/skoda\/produs\/bieleta-directie-skoda-roomster-5j7-1-6-benzina-105-cai-premiere-fdb-610\/\" \/>\n<meta property=\"og:site_name\" content=\"SKODA\" \/>\n<meta property=\"og:image\" content=\"https:\/\/autorival.ro\/skoda\/wp-content\/uploads\/sites\/10\/2025\/07\/skoda0105-3183.png\" \/>\n\t<meta property=\"og:image:width\" content=\"400\" \/>\n\t<meta property=\"og:image:height\" content=\"400\" \/>\n\t<meta property=\"og:image:type\" content=\"image\/png\" \/>\n<meta name=\"twitter:card\" content=\"summary_large_image\" \/>\n<meta name=\"twitter:title\" content=\"Bieleta directie SKODA ROOMSTER (5J7) 1.6 benzina 105 cai PREMIERE FDB.610 SKODA | PREMIERE - Autorival\" \/>\n<meta name=\"twitter:description\" content=\"\u26a1 Bieleta directie SKODA ROOMSTER (5J7) 1.6 benzina 105 cai PREMIERE FDB.610 pentru SKODA. \u2713 Cod: FDB \u2713 Brand: PREMIERE \u2713 \u00cen stoc \u2713 Livrare 24h \u2713 Garan\u021bie!\" \/>\n<script type=\"application\/ld+json\" class=\"yoast-schema-graph\">{\"@context\":\"https:\\\/\\\/schema.org\",\"@graph\":[{\"@type\":\"WebPage\",\"@id\":\"https:\\\/\\\/autorival.ro\\\/skoda\\\/produs\\\/bieleta-directie-skoda-roomster-5j7-1-6-benzina-105-cai-premiere-fdb-610\\\/\",\"url\":\"https:\\\/\\\/autorival.ro\\\/skoda\\\/produs\\\/bieleta-directie-skoda-roomster-5j7-1-6-benzina-105-cai-premiere-fdb-610\\\/\",\"name\":\"Bieleta directie SKODA ROOMSTER (5J7) 1.6 benzina 105 cai PREMIERE FDB.610 SKODA | PREMIERE - Autorival\",\"isPartOf\":{\"@id\":\"https:\\\/\\\/autorival.ro\\\/skoda\\\/#website\"},\"primaryImageOfPage\":{\"@id\":\"https:\\\/\\\/autorival.ro\\\/skoda\\\/produs\\\/bieleta-directie-skoda-roomster-5j7-1-6-benzina-105-cai-premiere-fdb-610\\\/#primaryimage\"},\"image\":{\"@id\":\"https:\\\/\\\/autorival.ro\\\/skoda\\\/produs\\\/bieleta-directie-skoda-roomster-5j7-1-6-benzina-105-cai-premiere-fdb-610\\\/#primaryimage\"},\"thumbnailUrl\":\"https:\\\/\\\/autorival.ro\\\/skoda\\\/wp-content\\\/uploads\\\/sites\\\/10\\\/2025\\\/07\\\/skoda0105-3183.png\",\"datePublished\":\"2025-07-17T12:56:14+00:00\",\"description\":\"\u26a1 Bieleta directie SKODA ROOMSTER (5J7) 1.6 benzina 105 cai PREMIERE FDB.610 pentru SKODA. \u2713 Cod: FDB \u2713 Brand: PREMIERE \u2713 \u00cen stoc \u2713 Livrare 24h \u2713 Garan\u021bie!\",\"breadcrumb\":{\"@id\":\"https:\\\/\\\/autorival.ro\\\/skoda\\\/produs\\\/bieleta-directie-skoda-roomster-5j7-1-6-benzina-105-cai-premiere-fdb-610\\\/#breadcrumb\"},\"inLanguage\":\"en-US\",\"potentialAction\":[{\"@type\":\"ReadAction\",\"target\":[\"https:\\\/\\\/autorival.ro\\\/skoda\\\/produs\\\/bieleta-directie-skoda-roomster-5j7-1-6-benzina-105-cai-premiere-fdb-610\\\/\"]}]},{\"@type\":\"ImageObject\",\"inLanguage\":\"en-US\",\"@id\":\"https:\\\/\\\/autorival.ro\\\/skoda\\\/produs\\\/bieleta-directie-skoda-roomster-5j7-1-6-benzina-105-cai-premiere-fdb-610\\\/#primaryimage\",\"url\":\"https:\\\/\\\/autorival.ro\\\/skoda\\\/wp-content\\\/uploads\\\/sites\\\/10\\\/2025\\\/07\\\/skoda0105-3183.png\",\"contentUrl\":\"https:\\\/\\\/autorival.ro\\\/skoda\\\/wp-content\\\/uploads\\\/sites\\\/10\\\/2025\\\/07\\\/skoda0105-3183.png\",\"width\":400,\"height\":400},{\"@type\":\"BreadcrumbList\",\"@id\":\"https:\\\/\\\/autorival.ro\\\/skoda\\\/produs\\\/bieleta-directie-skoda-roomster-5j7-1-6-benzina-105-cai-premiere-fdb-610\\\/#breadcrumb\",\"itemListElement\":[{\"@type\":\"ListItem\",\"position\":1,\"name\":\"Prima pagin\u0103\",\"item\":\"https:\\\/\\\/autorival.ro\\\/skoda\\\/\"},{\"@type\":\"ListItem\",\"position\":2,\"name\":\"Piese auto SKODA\",\"item\":\"https:\\\/\\\/autorival.ro\\\/skoda\\\/\"},{\"@type\":\"ListItem\",\"position\":3,\"name\":\"Bieleta directie SKODA ROOMSTER (5J7) 1.6 benzina 105 cai PREMIERE FDB.610\"}]},{\"@type\":\"WebSite\",\"@id\":\"https:\\\/\\\/autorival.ro\\\/skoda\\\/#website\",\"url\":\"https:\\\/\\\/autorival.ro\\\/skoda\\\/\",\"name\":\"SKODA\",\"description\":\"\",\"potentialAction\":[{\"@type\":\"SearchAction\",\"target\":{\"@type\":\"EntryPoint\",\"urlTemplate\":\"https:\\\/\\\/autorival.ro\\\/skoda\\\/?s={search_term_string}\"},\"query-input\":{\"@type\":\"PropertyValueSpecification\",\"valueRequired\":true,\"valueName\":\"search_term_string\"}}],\"inLanguage\":\"en-US\"}]}<\/script>\n<!-- \/ Yoast SEO plugin. -->","yoast_head_json":{"title":"Bieleta directie SKODA ROOMSTER (5J7) 1.6 benzina 105 cai PREMIERE FDB.610 SKODA | PREMIERE - Autorival","description":"\u26a1 Bieleta directie SKODA ROOMSTER (5J7) 1.6 benzina 105 cai PREMIERE FDB.610 pentru SKODA. \u2713 Cod: FDB \u2713 Brand: PREMIERE \u2713 \u00cen stoc \u2713 Livrare 24h \u2713 Garan\u021bie!","robots":{"index":"index","follow":"follow","max-snippet":"max-snippet:-1","max-image-preview":"max-image-preview:large","max-video-preview":"max-video-preview:-1"},"og_locale":"en_US","og_type":"article","og_title":"Bieleta directie SKODA ROOMSTER (5J7) 1.6 benzina 105 cai PREMIERE FDB.610 SKODA | PREMIERE - Autorival","og_description":"\u26a1 Bieleta directie SKODA ROOMSTER (5J7) 1.6 benzina 105 cai PREMIERE FDB.610 pentru SKODA. \u2713 Cod: FDB \u2713 Brand: PREMIERE \u2713 \u00cen stoc \u2713 Livrare 24h \u2713 Garan\u021bie!","og_url":"https:\/\/autorival.ro\/skoda\/produs\/bieleta-directie-skoda-roomster-5j7-1-6-benzina-105-cai-premiere-fdb-610\/","og_site_name":"SKODA","og_image":[{"width":400,"height":400,"url":"https:\/\/autorival.ro\/skoda\/wp-content\/uploads\/sites\/10\/2025\/07\/skoda0105-3183.png","type":"image\/png"}],"twitter_card":"summary_large_image","twitter_title":"Bieleta directie SKODA ROOMSTER (5J7) 1.6 benzina 105 cai PREMIERE FDB.610 SKODA | PREMIERE - Autorival","twitter_description":"\u26a1 Bieleta directie SKODA ROOMSTER (5J7) 1.6 benzina 105 cai PREMIERE FDB.610 pentru SKODA. \u2713 Cod: FDB \u2713 Brand: PREMIERE \u2713 \u00cen stoc \u2713 Livrare 24h \u2713 Garan\u021bie!","schema":{"@context":"https:\/\/schema.org","@graph":[{"@type":"WebPage","@id":"https:\/\/autorival.ro\/skoda\/produs\/bieleta-directie-skoda-roomster-5j7-1-6-benzina-105-cai-premiere-fdb-610\/","url":"https:\/\/autorival.ro\/skoda\/produs\/bieleta-directie-skoda-roomster-5j7-1-6-benzina-105-cai-premiere-fdb-610\/","name":"Bieleta directie SKODA ROOMSTER (5J7) 1.6 benzina 105 cai PREMIERE FDB.610 SKODA | PREMIERE - Autorival","isPartOf":{"@id":"https:\/\/autorival.ro\/skoda\/#website"},"primaryImageOfPage":{"@id":"https:\/\/autorival.ro\/skoda\/produs\/bieleta-directie-skoda-roomster-5j7-1-6-benzina-105-cai-premiere-fdb-610\/#primaryimage"},"image":{"@id":"https:\/\/autorival.ro\/skoda\/produs\/bieleta-directie-skoda-roomster-5j7-1-6-benzina-105-cai-premiere-fdb-610\/#primaryimage"},"thumbnailUrl":"https:\/\/autorival.ro\/skoda\/wp-content\/uploads\/sites\/10\/2025\/07\/skoda0105-3183.png","datePublished":"2025-07-17T12:56:14+00:00","description":"\u26a1 Bieleta directie SKODA ROOMSTER (5J7) 1.6 benzina 105 cai PREMIERE FDB.610 pentru SKODA. \u2713 Cod: FDB \u2713 Brand: PREMIERE \u2713 \u00cen stoc \u2713 Livrare 24h \u2713 Garan\u021bie!","breadcrumb":{"@id":"https:\/\/autorival.ro\/skoda\/produs\/bieleta-directie-skoda-roomster-5j7-1-6-benzina-105-cai-premiere-fdb-610\/#breadcrumb"},"inLanguage":"en-US","potentialAction":[{"@type":"ReadAction","target":["https:\/\/autorival.ro\/skoda\/produs\/bieleta-directie-skoda-roomster-5j7-1-6-benzina-105-cai-premiere-fdb-610\/"]}]},{"@type":"ImageObject","inLanguage":"en-US","@id":"https:\/\/autorival.ro\/skoda\/produs\/bieleta-directie-skoda-roomster-5j7-1-6-benzina-105-cai-premiere-fdb-610\/#primaryimage","url":"https:\/\/autorival.ro\/skoda\/wp-content\/uploads\/sites\/10\/2025\/07\/skoda0105-3183.png","contentUrl":"https:\/\/autorival.ro\/skoda\/wp-content\/uploads\/sites\/10\/2025\/07\/skoda0105-3183.png","width":400,"height":400},{"@type":"BreadcrumbList","@id":"https:\/\/autorival.ro\/skoda\/produs\/bieleta-directie-skoda-roomster-5j7-1-6-benzina-105-cai-premiere-fdb-610\/#breadcrumb","itemListElement":[{"@type":"ListItem","position":1,"name":"Prima pagin\u0103","item":"https:\/\/autorival.ro\/skoda\/"},{"@type":"ListItem","position":2,"name":"Piese auto SKODA","item":"https:\/\/autorival.ro\/skoda\/"},{"@type":"ListItem","position":3,"name":"Bieleta directie SKODA ROOMSTER (5J7) 1.6 benzina 105 cai PREMIERE FDB.610"}]},{"@type":"WebSite","@id":"https:\/\/autorival.ro\/skoda\/#website","url":"https:\/\/autorival.ro\/skoda\/","name":"SKODA","description":"","potentialAction":[{"@type":"SearchAction","target":{"@type":"EntryPoint","urlTemplate":"https:\/\/autorival.ro\/skoda\/?s={search_term_string}"},"query-input":{"@type":"PropertyValueSpecification","valueRequired":true,"valueName":"search_term_string"}}],"inLanguage":"en-US"}]}},"_links":{"self":[{"href":"https:\/\/autorival.ro\/skoda\/wp-json\/wp\/v2\/product\/87650","targetHints":{"allow":["GET"]}}],"collection":[{"href":"https:\/\/autorival.ro\/skoda\/wp-json\/wp\/v2\/product"}],"about":[{"href":"https:\/\/autorival.ro\/skoda\/wp-json\/wp\/v2\/types\/product"}],"replies":[{"embeddable":true,"href":"https:\/\/autorival.ro\/skoda\/wp-json\/wp\/v2\/comments?post=87650"}],"wp:featuredmedia":[{"embeddable":true,"href":"https:\/\/autorival.ro\/skoda\/wp-json\/wp\/v2\/media\/87651"}],"wp:attachment":[{"href":"https:\/\/autorival.ro\/skoda\/wp-json\/wp\/v2\/media?parent=87650"}],"wp:term":[{"taxonomy":"product_brand","embeddable":true,"href":"https:\/\/autorival.ro\/skoda\/wp-json\/wp\/v2\/product_brand?post=87650"},{"taxonomy":"product_cat","embeddable":true,"href":"https:\/\/autorival.ro\/skoda\/wp-json\/wp\/v2\/product_cat?post=87650"},{"taxonomy":"product_tag","embeddable":true,"href":"https:\/\/autorival.ro\/skoda\/wp-json\/wp\/v2\/product_tag?post=87650"}],"curies":[{"name":"wp","href":"https:\/\/api.w.org\/{rel}","templated":true}]}}