{"id":84942,"date":"2025-07-17T12:42:31","date_gmt":"2025-07-17T12:42:31","guid":{"rendered":"https:\/\/autorival.ro\/skoda\/product\/bieleta-directie-skoda-rapid-nh3-nk3-nk6-1-6-tdi-diesel-105-cai-meyle-116-031-0008\/"},"modified":"2025-07-17T12:42:31","modified_gmt":"2025-07-17T12:42:31","slug":"bieleta-directie-skoda-rapid-nh3-nk3-nk6-1-6-tdi-diesel-105-cai-meyle-116-031-0008","status":"publish","type":"product","link":"https:\/\/autorival.ro\/skoda\/produs\/bieleta-directie-skoda-rapid-nh3-nk3-nk6-1-6-tdi-diesel-105-cai-meyle-116-031-0008\/","title":{"rendered":"Bieleta directie SKODA RAPID (NH3, NK3, NK6) 1.6 TDI diesel 105 cai MEYLE 116 031 0008"},"content":{"rendered":"<p>Mod de operare: hidraulicpt. numar PR: 1N2Partea de montare: Axa fata stanga, Axa fata dreapta ->Lungime [mm]: 314 ->Dimensiune filet 1: M14x1,5 ->Dimensiune filet 2: M14x1,5\u00eenlocuire \u00een pereche recomandat\u0103Numar bucati necesare: 2<\/p>\n","protected":false},"excerpt":{"rendered":"<p>Producator: MEYLE Cod producator: 116 031 0008<\/p>\n","protected":false},"featured_media":84943,"comment_status":"open","ping_status":"closed","template":"","meta":[],"product_brand":[469],"product_cat":[2135],"product_tag":[25872,25761,25682,25608,25607,25586,25594],"class_list":{"0":"post-84942","1":"product","2":"type-product","3":"status-publish","4":"has-post-thumbnail","6":"product_brand-meyle","7":"product_cat-bieleta-directie-nh3-nk3-nk6-1-6-tdi-diesel-105","8":"product_tag-bieleta","9":"product_tag-directie","10":"product_tag-meyle","11":"product_tag-nk","12":"product_tag-rapid","13":"product_tag-skoda","14":"product_tag-tdi","16":"first","17":"instock","18":"shipping-taxable","19":"purchasable","20":"product-type-simple"},"yoast_head":"<!-- This site is optimized with the Yoast SEO plugin v27.3 - https:\/\/yoast.com\/product\/yoast-seo-wordpress\/ -->\n<title>Bieleta directie SKODA RAPID (NH3, NK3, NK6) 1.6 TDI diesel 105 cai MEYLE 116 031 0008 SKODA | MEYLE - Autorival<\/title>\n<meta name=\"description\" content=\"\u26a1 Bieleta directie SKODA RAPID (NH3, NK3, NK6) 1.6 TDI diesel 105 cai MEYLE 116 031 0008 pentru SKODA. \u2713 Cod: 116 \u2713 Brand: MEYLE \u2713 \u00cen stoc \u2713 Livrare 24h \u2713 Garan\u021bie!\" \/>\n<meta name=\"robots\" content=\"index, follow, max-snippet:-1, max-image-preview:large, max-video-preview:-1\" \/>\n<meta property=\"og:locale\" content=\"en_US\" \/>\n<meta property=\"og:type\" content=\"article\" \/>\n<meta property=\"og:title\" content=\"Bieleta directie SKODA RAPID (NH3, NK3, NK6) 1.6 TDI diesel 105 cai MEYLE 116 031 0008 SKODA | MEYLE - Autorival\" \/>\n<meta property=\"og:description\" content=\"\u26a1 Bieleta directie SKODA RAPID (NH3, NK3, NK6) 1.6 TDI diesel 105 cai MEYLE 116 031 0008 pentru SKODA. \u2713 Cod: 116 \u2713 Brand: MEYLE \u2713 \u00cen stoc \u2713 Livrare 24h \u2713 Garan\u021bie!\" \/>\n<meta property=\"og:url\" content=\"https:\/\/autorival.ro\/skoda\/produs\/bieleta-directie-skoda-rapid-nh3-nk3-nk6-1-6-tdi-diesel-105-cai-meyle-116-031-0008\/\" \/>\n<meta property=\"og:site_name\" content=\"SKODA\" \/>\n<meta property=\"og:image\" content=\"https:\/\/autorival.ro\/skoda\/wp-content\/uploads\/sites\/10\/2025\/07\/fs_1160310008_1-8.jpg\" \/>\n\t<meta property=\"og:image:width\" content=\"600\" \/>\n\t<meta property=\"og:image:height\" content=\"400\" \/>\n\t<meta property=\"og:image:type\" content=\"image\/jpeg\" \/>\n<meta name=\"twitter:card\" content=\"summary_large_image\" \/>\n<meta name=\"twitter:title\" content=\"Bieleta directie SKODA RAPID (NH3, NK3, NK6) 1.6 TDI diesel 105 cai MEYLE 116 031 0008 SKODA | MEYLE - Autorival\" \/>\n<meta name=\"twitter:description\" content=\"\u26a1 Bieleta directie SKODA RAPID (NH3, NK3, NK6) 1.6 TDI diesel 105 cai MEYLE 116 031 0008 pentru SKODA. \u2713 Cod: 116 \u2713 Brand: MEYLE \u2713 \u00cen stoc \u2713 Livrare 24h \u2713 Garan\u021bie!\" \/>\n<script type=\"application\/ld+json\" class=\"yoast-schema-graph\">{\"@context\":\"https:\\\/\\\/schema.org\",\"@graph\":[{\"@type\":\"WebPage\",\"@id\":\"https:\\\/\\\/autorival.ro\\\/skoda\\\/produs\\\/bieleta-directie-skoda-rapid-nh3-nk3-nk6-1-6-tdi-diesel-105-cai-meyle-116-031-0008\\\/\",\"url\":\"https:\\\/\\\/autorival.ro\\\/skoda\\\/produs\\\/bieleta-directie-skoda-rapid-nh3-nk3-nk6-1-6-tdi-diesel-105-cai-meyle-116-031-0008\\\/\",\"name\":\"Bieleta directie SKODA RAPID (NH3, NK3, NK6) 1.6 TDI diesel 105 cai MEYLE 116 031 0008 SKODA | MEYLE - Autorival\",\"isPartOf\":{\"@id\":\"https:\\\/\\\/autorival.ro\\\/skoda\\\/#website\"},\"primaryImageOfPage\":{\"@id\":\"https:\\\/\\\/autorival.ro\\\/skoda\\\/produs\\\/bieleta-directie-skoda-rapid-nh3-nk3-nk6-1-6-tdi-diesel-105-cai-meyle-116-031-0008\\\/#primaryimage\"},\"image\":{\"@id\":\"https:\\\/\\\/autorival.ro\\\/skoda\\\/produs\\\/bieleta-directie-skoda-rapid-nh3-nk3-nk6-1-6-tdi-diesel-105-cai-meyle-116-031-0008\\\/#primaryimage\"},\"thumbnailUrl\":\"https:\\\/\\\/autorival.ro\\\/skoda\\\/wp-content\\\/uploads\\\/sites\\\/10\\\/2025\\\/07\\\/fs_1160310008_1-8.jpg\",\"datePublished\":\"2025-07-17T12:42:31+00:00\",\"description\":\"\u26a1 Bieleta directie SKODA RAPID (NH3, NK3, NK6) 1.6 TDI diesel 105 cai MEYLE 116 031 0008 pentru SKODA. \u2713 Cod: 116 \u2713 Brand: MEYLE \u2713 \u00cen stoc \u2713 Livrare 24h \u2713 Garan\u021bie!\",\"breadcrumb\":{\"@id\":\"https:\\\/\\\/autorival.ro\\\/skoda\\\/produs\\\/bieleta-directie-skoda-rapid-nh3-nk3-nk6-1-6-tdi-diesel-105-cai-meyle-116-031-0008\\\/#breadcrumb\"},\"inLanguage\":\"en-US\",\"potentialAction\":[{\"@type\":\"ReadAction\",\"target\":[\"https:\\\/\\\/autorival.ro\\\/skoda\\\/produs\\\/bieleta-directie-skoda-rapid-nh3-nk3-nk6-1-6-tdi-diesel-105-cai-meyle-116-031-0008\\\/\"]}]},{\"@type\":\"ImageObject\",\"inLanguage\":\"en-US\",\"@id\":\"https:\\\/\\\/autorival.ro\\\/skoda\\\/produs\\\/bieleta-directie-skoda-rapid-nh3-nk3-nk6-1-6-tdi-diesel-105-cai-meyle-116-031-0008\\\/#primaryimage\",\"url\":\"https:\\\/\\\/autorival.ro\\\/skoda\\\/wp-content\\\/uploads\\\/sites\\\/10\\\/2025\\\/07\\\/fs_1160310008_1-8.jpg\",\"contentUrl\":\"https:\\\/\\\/autorival.ro\\\/skoda\\\/wp-content\\\/uploads\\\/sites\\\/10\\\/2025\\\/07\\\/fs_1160310008_1-8.jpg\",\"width\":600,\"height\":400},{\"@type\":\"BreadcrumbList\",\"@id\":\"https:\\\/\\\/autorival.ro\\\/skoda\\\/produs\\\/bieleta-directie-skoda-rapid-nh3-nk3-nk6-1-6-tdi-diesel-105-cai-meyle-116-031-0008\\\/#breadcrumb\",\"itemListElement\":[{\"@type\":\"ListItem\",\"position\":1,\"name\":\"Prima pagin\u0103\",\"item\":\"https:\\\/\\\/autorival.ro\\\/skoda\\\/\"},{\"@type\":\"ListItem\",\"position\":2,\"name\":\"Piese auto SKODA\",\"item\":\"https:\\\/\\\/autorival.ro\\\/skoda\\\/\"},{\"@type\":\"ListItem\",\"position\":3,\"name\":\"Bieleta directie SKODA RAPID (NH3, NK3, NK6) 1.6 TDI diesel 105 cai MEYLE 116 031 0008\"}]},{\"@type\":\"WebSite\",\"@id\":\"https:\\\/\\\/autorival.ro\\\/skoda\\\/#website\",\"url\":\"https:\\\/\\\/autorival.ro\\\/skoda\\\/\",\"name\":\"SKODA\",\"description\":\"\",\"potentialAction\":[{\"@type\":\"SearchAction\",\"target\":{\"@type\":\"EntryPoint\",\"urlTemplate\":\"https:\\\/\\\/autorival.ro\\\/skoda\\\/?s={search_term_string}\"},\"query-input\":{\"@type\":\"PropertyValueSpecification\",\"valueRequired\":true,\"valueName\":\"search_term_string\"}}],\"inLanguage\":\"en-US\"}]}<\/script>\n<!-- \/ Yoast SEO plugin. -->","yoast_head_json":{"title":"Bieleta directie SKODA RAPID (NH3, NK3, NK6) 1.6 TDI diesel 105 cai MEYLE 116 031 0008 SKODA | MEYLE - Autorival","description":"\u26a1 Bieleta directie SKODA RAPID (NH3, NK3, NK6) 1.6 TDI diesel 105 cai MEYLE 116 031 0008 pentru SKODA. \u2713 Cod: 116 \u2713 Brand: MEYLE \u2713 \u00cen stoc \u2713 Livrare 24h \u2713 Garan\u021bie!","robots":{"index":"index","follow":"follow","max-snippet":"max-snippet:-1","max-image-preview":"max-image-preview:large","max-video-preview":"max-video-preview:-1"},"og_locale":"en_US","og_type":"article","og_title":"Bieleta directie SKODA RAPID (NH3, NK3, NK6) 1.6 TDI diesel 105 cai MEYLE 116 031 0008 SKODA | MEYLE - Autorival","og_description":"\u26a1 Bieleta directie SKODA RAPID (NH3, NK3, NK6) 1.6 TDI diesel 105 cai MEYLE 116 031 0008 pentru SKODA. \u2713 Cod: 116 \u2713 Brand: MEYLE \u2713 \u00cen stoc \u2713 Livrare 24h \u2713 Garan\u021bie!","og_url":"https:\/\/autorival.ro\/skoda\/produs\/bieleta-directie-skoda-rapid-nh3-nk3-nk6-1-6-tdi-diesel-105-cai-meyle-116-031-0008\/","og_site_name":"SKODA","og_image":[{"width":600,"height":400,"url":"https:\/\/autorival.ro\/skoda\/wp-content\/uploads\/sites\/10\/2025\/07\/fs_1160310008_1-8.jpg","type":"image\/jpeg"}],"twitter_card":"summary_large_image","twitter_title":"Bieleta directie SKODA RAPID (NH3, NK3, NK6) 1.6 TDI diesel 105 cai MEYLE 116 031 0008 SKODA | MEYLE - Autorival","twitter_description":"\u26a1 Bieleta directie SKODA RAPID (NH3, NK3, NK6) 1.6 TDI diesel 105 cai MEYLE 116 031 0008 pentru SKODA. \u2713 Cod: 116 \u2713 Brand: MEYLE \u2713 \u00cen stoc \u2713 Livrare 24h \u2713 Garan\u021bie!","schema":{"@context":"https:\/\/schema.org","@graph":[{"@type":"WebPage","@id":"https:\/\/autorival.ro\/skoda\/produs\/bieleta-directie-skoda-rapid-nh3-nk3-nk6-1-6-tdi-diesel-105-cai-meyle-116-031-0008\/","url":"https:\/\/autorival.ro\/skoda\/produs\/bieleta-directie-skoda-rapid-nh3-nk3-nk6-1-6-tdi-diesel-105-cai-meyle-116-031-0008\/","name":"Bieleta directie SKODA RAPID (NH3, NK3, NK6) 1.6 TDI diesel 105 cai MEYLE 116 031 0008 SKODA | MEYLE - Autorival","isPartOf":{"@id":"https:\/\/autorival.ro\/skoda\/#website"},"primaryImageOfPage":{"@id":"https:\/\/autorival.ro\/skoda\/produs\/bieleta-directie-skoda-rapid-nh3-nk3-nk6-1-6-tdi-diesel-105-cai-meyle-116-031-0008\/#primaryimage"},"image":{"@id":"https:\/\/autorival.ro\/skoda\/produs\/bieleta-directie-skoda-rapid-nh3-nk3-nk6-1-6-tdi-diesel-105-cai-meyle-116-031-0008\/#primaryimage"},"thumbnailUrl":"https:\/\/autorival.ro\/skoda\/wp-content\/uploads\/sites\/10\/2025\/07\/fs_1160310008_1-8.jpg","datePublished":"2025-07-17T12:42:31+00:00","description":"\u26a1 Bieleta directie SKODA RAPID (NH3, NK3, NK6) 1.6 TDI diesel 105 cai MEYLE 116 031 0008 pentru SKODA. \u2713 Cod: 116 \u2713 Brand: MEYLE \u2713 \u00cen stoc \u2713 Livrare 24h \u2713 Garan\u021bie!","breadcrumb":{"@id":"https:\/\/autorival.ro\/skoda\/produs\/bieleta-directie-skoda-rapid-nh3-nk3-nk6-1-6-tdi-diesel-105-cai-meyle-116-031-0008\/#breadcrumb"},"inLanguage":"en-US","potentialAction":[{"@type":"ReadAction","target":["https:\/\/autorival.ro\/skoda\/produs\/bieleta-directie-skoda-rapid-nh3-nk3-nk6-1-6-tdi-diesel-105-cai-meyle-116-031-0008\/"]}]},{"@type":"ImageObject","inLanguage":"en-US","@id":"https:\/\/autorival.ro\/skoda\/produs\/bieleta-directie-skoda-rapid-nh3-nk3-nk6-1-6-tdi-diesel-105-cai-meyle-116-031-0008\/#primaryimage","url":"https:\/\/autorival.ro\/skoda\/wp-content\/uploads\/sites\/10\/2025\/07\/fs_1160310008_1-8.jpg","contentUrl":"https:\/\/autorival.ro\/skoda\/wp-content\/uploads\/sites\/10\/2025\/07\/fs_1160310008_1-8.jpg","width":600,"height":400},{"@type":"BreadcrumbList","@id":"https:\/\/autorival.ro\/skoda\/produs\/bieleta-directie-skoda-rapid-nh3-nk3-nk6-1-6-tdi-diesel-105-cai-meyle-116-031-0008\/#breadcrumb","itemListElement":[{"@type":"ListItem","position":1,"name":"Prima pagin\u0103","item":"https:\/\/autorival.ro\/skoda\/"},{"@type":"ListItem","position":2,"name":"Piese auto SKODA","item":"https:\/\/autorival.ro\/skoda\/"},{"@type":"ListItem","position":3,"name":"Bieleta directie SKODA RAPID (NH3, NK3, NK6) 1.6 TDI diesel 105 cai MEYLE 116 031 0008"}]},{"@type":"WebSite","@id":"https:\/\/autorival.ro\/skoda\/#website","url":"https:\/\/autorival.ro\/skoda\/","name":"SKODA","description":"","potentialAction":[{"@type":"SearchAction","target":{"@type":"EntryPoint","urlTemplate":"https:\/\/autorival.ro\/skoda\/?s={search_term_string}"},"query-input":{"@type":"PropertyValueSpecification","valueRequired":true,"valueName":"search_term_string"}}],"inLanguage":"en-US"}]}},"_links":{"self":[{"href":"https:\/\/autorival.ro\/skoda\/wp-json\/wp\/v2\/product\/84942","targetHints":{"allow":["GET"]}}],"collection":[{"href":"https:\/\/autorival.ro\/skoda\/wp-json\/wp\/v2\/product"}],"about":[{"href":"https:\/\/autorival.ro\/skoda\/wp-json\/wp\/v2\/types\/product"}],"replies":[{"embeddable":true,"href":"https:\/\/autorival.ro\/skoda\/wp-json\/wp\/v2\/comments?post=84942"}],"wp:featuredmedia":[{"embeddable":true,"href":"https:\/\/autorival.ro\/skoda\/wp-json\/wp\/v2\/media\/84943"}],"wp:attachment":[{"href":"https:\/\/autorival.ro\/skoda\/wp-json\/wp\/v2\/media?parent=84942"}],"wp:term":[{"taxonomy":"product_brand","embeddable":true,"href":"https:\/\/autorival.ro\/skoda\/wp-json\/wp\/v2\/product_brand?post=84942"},{"taxonomy":"product_cat","embeddable":true,"href":"https:\/\/autorival.ro\/skoda\/wp-json\/wp\/v2\/product_cat?post=84942"},{"taxonomy":"product_tag","embeddable":true,"href":"https:\/\/autorival.ro\/skoda\/wp-json\/wp\/v2\/product_tag?post=84942"}],"curies":[{"name":"wp","href":"https:\/\/api.w.org\/{rel}","templated":true}]}}