{"id":8244,"date":"2025-07-17T08:57:55","date_gmt":"2025-07-17T08:57:55","guid":{"rendered":"https:\/\/autorival.ro\/skoda\/product\/alternator-skoda-roomster-praktik-5j-1-6-tdi-diesel-90-cai-valeo-439501\/"},"modified":"2025-07-17T08:57:55","modified_gmt":"2025-07-17T08:57:55","slug":"alternator-skoda-roomster-praktik-5j-1-6-tdi-diesel-90-cai-valeo-439501","status":"publish","type":"product","link":"https:\/\/autorival.ro\/skoda\/produs\/alternator-skoda-roomster-praktik-5j-1-6-tdi-diesel-90-cai-valeo-439501\/","title":{"rendered":"Alternator SKODA ROOMSTER Praktik (5J) 1.6 TDI diesel 90 cai VALEO 439501"},"content":{"rendered":"<p>Restrictiile producatorului: VALEOPies\u0103 nou\u0103 f\u0103r\u0103 gajTensiune [V]: 14Curent de incarcare generator [A]: 110Tip centura de siguranta: Fixare \u00een patru punctePozitie\/Grade: R 90Directia de rotatie: rotatie contrar acelor de ceasornicRole: cu rola curea, cu rola curea cu cuplaj unisensNumar nervuri: 6Fulie curea \u00d8 [mm]: 57Cuplaj\/clema: fara racord pentru turometruClema: B+ ->Greutate [kg]: 6,18<\/p>\n","protected":false},"excerpt":{"rendered":"<p>Producator: VALEO Cod producator: 439501<\/p>\n","protected":false},"featured_media":8245,"comment_status":"open","ping_status":"closed","template":"","meta":[],"product_brand":[361],"product_cat":[440],"product_tag":[25631,25668,25611,25586,25594,25636],"class_list":{"0":"post-8244","1":"product","2":"type-product","3":"status-publish","4":"has-post-thumbnail","6":"product_brand-valeo","7":"product_cat-alternator-praktik-5j-1-6-tdi-diesel-90","8":"product_tag-alternator","9":"product_tag-praktik","10":"product_tag-roomster","11":"product_tag-skoda","12":"product_tag-tdi","13":"product_tag-valeo","15":"first","16":"instock","17":"shipping-taxable","18":"purchasable","19":"product-type-simple"},"yoast_head":"<!-- This site is optimized with the Yoast SEO plugin v27.3 - https:\/\/yoast.com\/product\/yoast-seo-wordpress\/ -->\n<title>Alternator SKODA ROOMSTER Praktik (5J) 1.6 TDI diesel 90 cai VALEO 439501 SKODA | VALEO - Autorival<\/title>\n<meta name=\"description\" content=\"\u26a1 Alternator SKODA ROOMSTER Praktik (5J) 1.6 TDI diesel 90 cai VALEO 439501 pentru SKODA. \u2713 Cod: 439501 \u2713 Brand: VALEO \u2713 \u00cen stoc \u2713 Livrare 24h \u2713 Garan\u021bie!\" \/>\n<meta name=\"robots\" content=\"index, follow, max-snippet:-1, max-image-preview:large, max-video-preview:-1\" \/>\n<meta property=\"og:locale\" content=\"en_US\" \/>\n<meta property=\"og:type\" content=\"article\" \/>\n<meta property=\"og:title\" content=\"Alternator SKODA ROOMSTER Praktik (5J) 1.6 TDI diesel 90 cai VALEO 439501 SKODA | VALEO - Autorival\" \/>\n<meta property=\"og:description\" content=\"\u26a1 Alternator SKODA ROOMSTER Praktik (5J) 1.6 TDI diesel 90 cai VALEO 439501 pentru SKODA. \u2713 Cod: 439501 \u2713 Brand: VALEO \u2713 \u00cen stoc \u2713 Livrare 24h \u2713 Garan\u021bie!\" \/>\n<meta property=\"og:url\" content=\"https:\/\/autorival.ro\/skoda\/produs\/alternator-skoda-roomster-praktik-5j-1-6-tdi-diesel-90-cai-valeo-439501\/\" \/>\n<meta property=\"og:site_name\" content=\"SKODA\" \/>\n<meta property=\"og:image\" content=\"https:\/\/autorival.ro\/skoda\/wp-content\/uploads\/sites\/10\/2025\/07\/alternator_439501_50-8.jpg\" \/>\n\t<meta property=\"og:image:width\" content=\"600\" \/>\n\t<meta property=\"og:image:height\" content=\"400\" \/>\n\t<meta property=\"og:image:type\" content=\"image\/jpeg\" \/>\n<meta name=\"twitter:card\" content=\"summary_large_image\" \/>\n<meta name=\"twitter:title\" content=\"Alternator SKODA ROOMSTER Praktik (5J) 1.6 TDI diesel 90 cai VALEO 439501 SKODA | VALEO - Autorival\" \/>\n<meta name=\"twitter:description\" content=\"\u26a1 Alternator SKODA ROOMSTER Praktik (5J) 1.6 TDI diesel 90 cai VALEO 439501 pentru SKODA. \u2713 Cod: 439501 \u2713 Brand: VALEO \u2713 \u00cen stoc \u2713 Livrare 24h \u2713 Garan\u021bie!\" \/>\n<script type=\"application\/ld+json\" class=\"yoast-schema-graph\">{\"@context\":\"https:\\\/\\\/schema.org\",\"@graph\":[{\"@type\":\"WebPage\",\"@id\":\"https:\\\/\\\/autorival.ro\\\/skoda\\\/produs\\\/alternator-skoda-roomster-praktik-5j-1-6-tdi-diesel-90-cai-valeo-439501\\\/\",\"url\":\"https:\\\/\\\/autorival.ro\\\/skoda\\\/produs\\\/alternator-skoda-roomster-praktik-5j-1-6-tdi-diesel-90-cai-valeo-439501\\\/\",\"name\":\"Alternator SKODA ROOMSTER Praktik (5J) 1.6 TDI diesel 90 cai VALEO 439501 SKODA | VALEO - Autorival\",\"isPartOf\":{\"@id\":\"https:\\\/\\\/autorival.ro\\\/skoda\\\/#website\"},\"primaryImageOfPage\":{\"@id\":\"https:\\\/\\\/autorival.ro\\\/skoda\\\/produs\\\/alternator-skoda-roomster-praktik-5j-1-6-tdi-diesel-90-cai-valeo-439501\\\/#primaryimage\"},\"image\":{\"@id\":\"https:\\\/\\\/autorival.ro\\\/skoda\\\/produs\\\/alternator-skoda-roomster-praktik-5j-1-6-tdi-diesel-90-cai-valeo-439501\\\/#primaryimage\"},\"thumbnailUrl\":\"https:\\\/\\\/autorival.ro\\\/skoda\\\/wp-content\\\/uploads\\\/sites\\\/10\\\/2025\\\/07\\\/alternator_439501_50-8.jpg\",\"datePublished\":\"2025-07-17T08:57:55+00:00\",\"description\":\"\u26a1 Alternator SKODA ROOMSTER Praktik (5J) 1.6 TDI diesel 90 cai VALEO 439501 pentru SKODA. \u2713 Cod: 439501 \u2713 Brand: VALEO \u2713 \u00cen stoc \u2713 Livrare 24h \u2713 Garan\u021bie!\",\"breadcrumb\":{\"@id\":\"https:\\\/\\\/autorival.ro\\\/skoda\\\/produs\\\/alternator-skoda-roomster-praktik-5j-1-6-tdi-diesel-90-cai-valeo-439501\\\/#breadcrumb\"},\"inLanguage\":\"en-US\",\"potentialAction\":[{\"@type\":\"ReadAction\",\"target\":[\"https:\\\/\\\/autorival.ro\\\/skoda\\\/produs\\\/alternator-skoda-roomster-praktik-5j-1-6-tdi-diesel-90-cai-valeo-439501\\\/\"]}]},{\"@type\":\"ImageObject\",\"inLanguage\":\"en-US\",\"@id\":\"https:\\\/\\\/autorival.ro\\\/skoda\\\/produs\\\/alternator-skoda-roomster-praktik-5j-1-6-tdi-diesel-90-cai-valeo-439501\\\/#primaryimage\",\"url\":\"https:\\\/\\\/autorival.ro\\\/skoda\\\/wp-content\\\/uploads\\\/sites\\\/10\\\/2025\\\/07\\\/alternator_439501_50-8.jpg\",\"contentUrl\":\"https:\\\/\\\/autorival.ro\\\/skoda\\\/wp-content\\\/uploads\\\/sites\\\/10\\\/2025\\\/07\\\/alternator_439501_50-8.jpg\",\"width\":600,\"height\":400},{\"@type\":\"BreadcrumbList\",\"@id\":\"https:\\\/\\\/autorival.ro\\\/skoda\\\/produs\\\/alternator-skoda-roomster-praktik-5j-1-6-tdi-diesel-90-cai-valeo-439501\\\/#breadcrumb\",\"itemListElement\":[{\"@type\":\"ListItem\",\"position\":1,\"name\":\"Prima pagin\u0103\",\"item\":\"https:\\\/\\\/autorival.ro\\\/skoda\\\/\"},{\"@type\":\"ListItem\",\"position\":2,\"name\":\"Piese auto SKODA\",\"item\":\"https:\\\/\\\/autorival.ro\\\/skoda\\\/\"},{\"@type\":\"ListItem\",\"position\":3,\"name\":\"Alternator SKODA ROOMSTER Praktik (5J) 1.6 TDI diesel 90 cai VALEO 439501\"}]},{\"@type\":\"WebSite\",\"@id\":\"https:\\\/\\\/autorival.ro\\\/skoda\\\/#website\",\"url\":\"https:\\\/\\\/autorival.ro\\\/skoda\\\/\",\"name\":\"SKODA\",\"description\":\"\",\"potentialAction\":[{\"@type\":\"SearchAction\",\"target\":{\"@type\":\"EntryPoint\",\"urlTemplate\":\"https:\\\/\\\/autorival.ro\\\/skoda\\\/?s={search_term_string}\"},\"query-input\":{\"@type\":\"PropertyValueSpecification\",\"valueRequired\":true,\"valueName\":\"search_term_string\"}}],\"inLanguage\":\"en-US\"}]}<\/script>\n<!-- \/ Yoast SEO plugin. -->","yoast_head_json":{"title":"Alternator SKODA ROOMSTER Praktik (5J) 1.6 TDI diesel 90 cai VALEO 439501 SKODA | VALEO - Autorival","description":"\u26a1 Alternator SKODA ROOMSTER Praktik (5J) 1.6 TDI diesel 90 cai VALEO 439501 pentru SKODA. \u2713 Cod: 439501 \u2713 Brand: VALEO \u2713 \u00cen stoc \u2713 Livrare 24h \u2713 Garan\u021bie!","robots":{"index":"index","follow":"follow","max-snippet":"max-snippet:-1","max-image-preview":"max-image-preview:large","max-video-preview":"max-video-preview:-1"},"og_locale":"en_US","og_type":"article","og_title":"Alternator SKODA ROOMSTER Praktik (5J) 1.6 TDI diesel 90 cai VALEO 439501 SKODA | VALEO - Autorival","og_description":"\u26a1 Alternator SKODA ROOMSTER Praktik (5J) 1.6 TDI diesel 90 cai VALEO 439501 pentru SKODA. \u2713 Cod: 439501 \u2713 Brand: VALEO \u2713 \u00cen stoc \u2713 Livrare 24h \u2713 Garan\u021bie!","og_url":"https:\/\/autorival.ro\/skoda\/produs\/alternator-skoda-roomster-praktik-5j-1-6-tdi-diesel-90-cai-valeo-439501\/","og_site_name":"SKODA","og_image":[{"width":600,"height":400,"url":"https:\/\/autorival.ro\/skoda\/wp-content\/uploads\/sites\/10\/2025\/07\/alternator_439501_50-8.jpg","type":"image\/jpeg"}],"twitter_card":"summary_large_image","twitter_title":"Alternator SKODA ROOMSTER Praktik (5J) 1.6 TDI diesel 90 cai VALEO 439501 SKODA | VALEO - Autorival","twitter_description":"\u26a1 Alternator SKODA ROOMSTER Praktik (5J) 1.6 TDI diesel 90 cai VALEO 439501 pentru SKODA. \u2713 Cod: 439501 \u2713 Brand: VALEO \u2713 \u00cen stoc \u2713 Livrare 24h \u2713 Garan\u021bie!","schema":{"@context":"https:\/\/schema.org","@graph":[{"@type":"WebPage","@id":"https:\/\/autorival.ro\/skoda\/produs\/alternator-skoda-roomster-praktik-5j-1-6-tdi-diesel-90-cai-valeo-439501\/","url":"https:\/\/autorival.ro\/skoda\/produs\/alternator-skoda-roomster-praktik-5j-1-6-tdi-diesel-90-cai-valeo-439501\/","name":"Alternator SKODA ROOMSTER Praktik (5J) 1.6 TDI diesel 90 cai VALEO 439501 SKODA | VALEO - Autorival","isPartOf":{"@id":"https:\/\/autorival.ro\/skoda\/#website"},"primaryImageOfPage":{"@id":"https:\/\/autorival.ro\/skoda\/produs\/alternator-skoda-roomster-praktik-5j-1-6-tdi-diesel-90-cai-valeo-439501\/#primaryimage"},"image":{"@id":"https:\/\/autorival.ro\/skoda\/produs\/alternator-skoda-roomster-praktik-5j-1-6-tdi-diesel-90-cai-valeo-439501\/#primaryimage"},"thumbnailUrl":"https:\/\/autorival.ro\/skoda\/wp-content\/uploads\/sites\/10\/2025\/07\/alternator_439501_50-8.jpg","datePublished":"2025-07-17T08:57:55+00:00","description":"\u26a1 Alternator SKODA ROOMSTER Praktik (5J) 1.6 TDI diesel 90 cai VALEO 439501 pentru SKODA. \u2713 Cod: 439501 \u2713 Brand: VALEO \u2713 \u00cen stoc \u2713 Livrare 24h \u2713 Garan\u021bie!","breadcrumb":{"@id":"https:\/\/autorival.ro\/skoda\/produs\/alternator-skoda-roomster-praktik-5j-1-6-tdi-diesel-90-cai-valeo-439501\/#breadcrumb"},"inLanguage":"en-US","potentialAction":[{"@type":"ReadAction","target":["https:\/\/autorival.ro\/skoda\/produs\/alternator-skoda-roomster-praktik-5j-1-6-tdi-diesel-90-cai-valeo-439501\/"]}]},{"@type":"ImageObject","inLanguage":"en-US","@id":"https:\/\/autorival.ro\/skoda\/produs\/alternator-skoda-roomster-praktik-5j-1-6-tdi-diesel-90-cai-valeo-439501\/#primaryimage","url":"https:\/\/autorival.ro\/skoda\/wp-content\/uploads\/sites\/10\/2025\/07\/alternator_439501_50-8.jpg","contentUrl":"https:\/\/autorival.ro\/skoda\/wp-content\/uploads\/sites\/10\/2025\/07\/alternator_439501_50-8.jpg","width":600,"height":400},{"@type":"BreadcrumbList","@id":"https:\/\/autorival.ro\/skoda\/produs\/alternator-skoda-roomster-praktik-5j-1-6-tdi-diesel-90-cai-valeo-439501\/#breadcrumb","itemListElement":[{"@type":"ListItem","position":1,"name":"Prima pagin\u0103","item":"https:\/\/autorival.ro\/skoda\/"},{"@type":"ListItem","position":2,"name":"Piese auto SKODA","item":"https:\/\/autorival.ro\/skoda\/"},{"@type":"ListItem","position":3,"name":"Alternator SKODA ROOMSTER Praktik (5J) 1.6 TDI diesel 90 cai VALEO 439501"}]},{"@type":"WebSite","@id":"https:\/\/autorival.ro\/skoda\/#website","url":"https:\/\/autorival.ro\/skoda\/","name":"SKODA","description":"","potentialAction":[{"@type":"SearchAction","target":{"@type":"EntryPoint","urlTemplate":"https:\/\/autorival.ro\/skoda\/?s={search_term_string}"},"query-input":{"@type":"PropertyValueSpecification","valueRequired":true,"valueName":"search_term_string"}}],"inLanguage":"en-US"}]}},"_links":{"self":[{"href":"https:\/\/autorival.ro\/skoda\/wp-json\/wp\/v2\/product\/8244","targetHints":{"allow":["GET"]}}],"collection":[{"href":"https:\/\/autorival.ro\/skoda\/wp-json\/wp\/v2\/product"}],"about":[{"href":"https:\/\/autorival.ro\/skoda\/wp-json\/wp\/v2\/types\/product"}],"replies":[{"embeddable":true,"href":"https:\/\/autorival.ro\/skoda\/wp-json\/wp\/v2\/comments?post=8244"}],"wp:featuredmedia":[{"embeddable":true,"href":"https:\/\/autorival.ro\/skoda\/wp-json\/wp\/v2\/media\/8245"}],"wp:attachment":[{"href":"https:\/\/autorival.ro\/skoda\/wp-json\/wp\/v2\/media?parent=8244"}],"wp:term":[{"taxonomy":"product_brand","embeddable":true,"href":"https:\/\/autorival.ro\/skoda\/wp-json\/wp\/v2\/product_brand?post=8244"},{"taxonomy":"product_cat","embeddable":true,"href":"https:\/\/autorival.ro\/skoda\/wp-json\/wp\/v2\/product_cat?post=8244"},{"taxonomy":"product_tag","embeddable":true,"href":"https:\/\/autorival.ro\/skoda\/wp-json\/wp\/v2\/product_tag?post=8244"}],"curies":[{"name":"wp","href":"https:\/\/api.w.org\/{rel}","templated":true}]}}