{"id":574230,"date":"2025-07-23T09:43:09","date_gmt":"2025-07-23T09:43:09","guid":{"rendered":"https:\/\/autorival.ro\/skoda\/product\/unitate-comanda-ventilator-electric-racire-motor-skoda-roomster-5j7-1-2-benzina-64-cai-aic-53107\/"},"modified":"2025-07-23T09:43:09","modified_gmt":"2025-07-23T09:43:09","slug":"unitate-comanda-ventilator-electric-racire-motor-skoda-roomster-5j7-1-2-benzina-64-cai-aic-53107","status":"publish","type":"product","link":"https:\/\/autorival.ro\/skoda\/produs\/unitate-comanda-ventilator-electric-racire-motor-skoda-roomster-5j7-1-2-benzina-64-cai-aic-53107\/","title":{"rendered":"Unitate comanda ventilator electric (racire motor) SKODA ROOMSTER (5J7) 1.2 benzina 64 cai AIC 53107"},"content":{"rendered":"<p>Num\u0103rul conexiunilor cu muf\u0103: 10Tensiune [V]: 12Amperaj [A]: 60 ->Lungime [mm]: 122 ->Latime [mm]: 53\u00cenaltime [mm]: 73<\/p>\n","protected":false},"excerpt":{"rendered":"<p>Producator: AIC Cod producator: 53107<\/p>\n","protected":false},"featured_media":574231,"comment_status":"open","ping_status":"closed","template":"","meta":[],"product_brand":[544],"product_cat":[24912],"product_tag":[25711,26550,25675,26195,25611,25586,26907,26084],"class_list":{"0":"post-574230","1":"product","2":"type-product","3":"status-publish","4":"has-post-thumbnail","6":"product_brand-aic","7":"product_cat-unitate-comanda-ventilator-electric-racire-motor-5j7-1-2-benzina-64","8":"product_tag-aic","9":"product_tag-comanda","10":"product_tag-electric","11":"product_tag-racire","12":"product_tag-roomster","13":"product_tag-skoda","14":"product_tag-unitate","15":"product_tag-ventilator","17":"first","18":"instock","19":"shipping-taxable","20":"purchasable","21":"product-type-simple"},"yoast_head":"<!-- This site is optimized with the Yoast SEO plugin v27.4 - https:\/\/yoast.com\/product\/yoast-seo-wordpress\/ -->\n<title>Unitate comanda ventilator electric (racire motor) SKODA ROOMSTER (5J7) 1.2 benzina 64 cai AIC 53107 SKODA | AIC - Autorival<\/title>\n<meta name=\"description\" content=\"\u26a1 Unitate comanda ventilator electric (racire motor) SKODA ROOMSTER (5J7) 1.2 benzina 64 cai AIC 53107 pentru SKODA. \u2713 Cod: 53107 \u2713 Brand: AIC \u2713 \u00cen stoc \u2713 Livrare 24h \u2713 Garan\u021bie!\" \/>\n<meta name=\"robots\" content=\"index, follow, max-snippet:-1, max-image-preview:large, max-video-preview:-1\" \/>\n<meta property=\"og:locale\" content=\"en_US\" \/>\n<meta property=\"og:type\" content=\"article\" \/>\n<meta property=\"og:title\" content=\"Unitate comanda ventilator electric (racire motor) SKODA ROOMSTER (5J7) 1.2 benzina 64 cai AIC 53107 SKODA | AIC - Autorival\" \/>\n<meta property=\"og:description\" content=\"\u26a1 Unitate comanda ventilator electric (racire motor) SKODA ROOMSTER (5J7) 1.2 benzina 64 cai AIC 53107 pentru SKODA. \u2713 Cod: 53107 \u2713 Brand: AIC \u2713 \u00cen stoc \u2713 Livrare 24h \u2713 Garan\u021bie!\" \/>\n<meta property=\"og:url\" content=\"https:\/\/autorival.ro\/skoda\/produs\/unitate-comanda-ventilator-electric-racire-motor-skoda-roomster-5j7-1-2-benzina-64-cai-aic-53107\/\" \/>\n<meta property=\"og:site_name\" content=\"SKODA\" \/>\n<meta property=\"og:image\" content=\"https:\/\/autorival.ro\/skoda\/wp-content\/uploads\/sites\/10\/2025\/07\/53107a-3.jpg\" \/>\n\t<meta property=\"og:image:width\" content=\"1000\" \/>\n\t<meta property=\"og:image:height\" content=\"667\" \/>\n\t<meta property=\"og:image:type\" content=\"image\/jpeg\" \/>\n<meta name=\"twitter:card\" content=\"summary_large_image\" \/>\n<meta name=\"twitter:title\" content=\"Unitate comanda ventilator electric (racire motor) SKODA ROOMSTER (5J7) 1.2 benzina 64 cai AIC 53107 SKODA | AIC - Autorival\" \/>\n<meta name=\"twitter:description\" content=\"\u26a1 Unitate comanda ventilator electric (racire motor) SKODA ROOMSTER (5J7) 1.2 benzina 64 cai AIC 53107 pentru SKODA. \u2713 Cod: 53107 \u2713 Brand: AIC \u2713 \u00cen stoc \u2713 Livrare 24h \u2713 Garan\u021bie!\" \/>\n<script type=\"application\/ld+json\" class=\"yoast-schema-graph\">{\"@context\":\"https:\\\/\\\/schema.org\",\"@graph\":[{\"@type\":\"WebPage\",\"@id\":\"https:\\\/\\\/autorival.ro\\\/skoda\\\/produs\\\/unitate-comanda-ventilator-electric-racire-motor-skoda-roomster-5j7-1-2-benzina-64-cai-aic-53107\\\/\",\"url\":\"https:\\\/\\\/autorival.ro\\\/skoda\\\/produs\\\/unitate-comanda-ventilator-electric-racire-motor-skoda-roomster-5j7-1-2-benzina-64-cai-aic-53107\\\/\",\"name\":\"Unitate comanda ventilator electric (racire motor) SKODA ROOMSTER (5J7) 1.2 benzina 64 cai AIC 53107 SKODA | AIC - Autorival\",\"isPartOf\":{\"@id\":\"https:\\\/\\\/autorival.ro\\\/skoda\\\/#website\"},\"primaryImageOfPage\":{\"@id\":\"https:\\\/\\\/autorival.ro\\\/skoda\\\/produs\\\/unitate-comanda-ventilator-electric-racire-motor-skoda-roomster-5j7-1-2-benzina-64-cai-aic-53107\\\/#primaryimage\"},\"image\":{\"@id\":\"https:\\\/\\\/autorival.ro\\\/skoda\\\/produs\\\/unitate-comanda-ventilator-electric-racire-motor-skoda-roomster-5j7-1-2-benzina-64-cai-aic-53107\\\/#primaryimage\"},\"thumbnailUrl\":\"https:\\\/\\\/autorival.ro\\\/skoda\\\/wp-content\\\/uploads\\\/sites\\\/10\\\/2025\\\/07\\\/53107a-3.jpg\",\"datePublished\":\"2025-07-23T09:43:09+00:00\",\"description\":\"\u26a1 Unitate comanda ventilator electric (racire motor) SKODA ROOMSTER (5J7) 1.2 benzina 64 cai AIC 53107 pentru SKODA. \u2713 Cod: 53107 \u2713 Brand: AIC \u2713 \u00cen stoc \u2713 Livrare 24h \u2713 Garan\u021bie!\",\"breadcrumb\":{\"@id\":\"https:\\\/\\\/autorival.ro\\\/skoda\\\/produs\\\/unitate-comanda-ventilator-electric-racire-motor-skoda-roomster-5j7-1-2-benzina-64-cai-aic-53107\\\/#breadcrumb\"},\"inLanguage\":\"en-US\",\"potentialAction\":[{\"@type\":\"ReadAction\",\"target\":[\"https:\\\/\\\/autorival.ro\\\/skoda\\\/produs\\\/unitate-comanda-ventilator-electric-racire-motor-skoda-roomster-5j7-1-2-benzina-64-cai-aic-53107\\\/\"]}]},{\"@type\":\"ImageObject\",\"inLanguage\":\"en-US\",\"@id\":\"https:\\\/\\\/autorival.ro\\\/skoda\\\/produs\\\/unitate-comanda-ventilator-electric-racire-motor-skoda-roomster-5j7-1-2-benzina-64-cai-aic-53107\\\/#primaryimage\",\"url\":\"https:\\\/\\\/autorival.ro\\\/skoda\\\/wp-content\\\/uploads\\\/sites\\\/10\\\/2025\\\/07\\\/53107a-3.jpg\",\"contentUrl\":\"https:\\\/\\\/autorival.ro\\\/skoda\\\/wp-content\\\/uploads\\\/sites\\\/10\\\/2025\\\/07\\\/53107a-3.jpg\",\"width\":1000,\"height\":667},{\"@type\":\"BreadcrumbList\",\"@id\":\"https:\\\/\\\/autorival.ro\\\/skoda\\\/produs\\\/unitate-comanda-ventilator-electric-racire-motor-skoda-roomster-5j7-1-2-benzina-64-cai-aic-53107\\\/#breadcrumb\",\"itemListElement\":[{\"@type\":\"ListItem\",\"position\":1,\"name\":\"Prima pagin\u0103\",\"item\":\"https:\\\/\\\/autorival.ro\\\/skoda\\\/\"},{\"@type\":\"ListItem\",\"position\":2,\"name\":\"Piese auto SKODA\",\"item\":\"https:\\\/\\\/autorival.ro\\\/skoda\\\/\"},{\"@type\":\"ListItem\",\"position\":3,\"name\":\"Unitate comanda ventilator electric (racire motor) SKODA ROOMSTER (5J7) 1.2 benzina 64 cai AIC 53107\"}]},{\"@type\":\"WebSite\",\"@id\":\"https:\\\/\\\/autorival.ro\\\/skoda\\\/#website\",\"url\":\"https:\\\/\\\/autorival.ro\\\/skoda\\\/\",\"name\":\"SKODA\",\"description\":\"\",\"potentialAction\":[{\"@type\":\"SearchAction\",\"target\":{\"@type\":\"EntryPoint\",\"urlTemplate\":\"https:\\\/\\\/autorival.ro\\\/skoda\\\/?s={search_term_string}\"},\"query-input\":{\"@type\":\"PropertyValueSpecification\",\"valueRequired\":true,\"valueName\":\"search_term_string\"}}],\"inLanguage\":\"en-US\"}]}<\/script>\n<!-- \/ Yoast SEO plugin. -->","yoast_head_json":{"title":"Unitate comanda ventilator electric (racire motor) SKODA ROOMSTER (5J7) 1.2 benzina 64 cai AIC 53107 SKODA | AIC - Autorival","description":"\u26a1 Unitate comanda ventilator electric (racire motor) SKODA ROOMSTER (5J7) 1.2 benzina 64 cai AIC 53107 pentru SKODA. \u2713 Cod: 53107 \u2713 Brand: AIC \u2713 \u00cen stoc \u2713 Livrare 24h \u2713 Garan\u021bie!","robots":{"index":"index","follow":"follow","max-snippet":"max-snippet:-1","max-image-preview":"max-image-preview:large","max-video-preview":"max-video-preview:-1"},"og_locale":"en_US","og_type":"article","og_title":"Unitate comanda ventilator electric (racire motor) SKODA ROOMSTER (5J7) 1.2 benzina 64 cai AIC 53107 SKODA | AIC - Autorival","og_description":"\u26a1 Unitate comanda ventilator electric (racire motor) SKODA ROOMSTER (5J7) 1.2 benzina 64 cai AIC 53107 pentru SKODA. \u2713 Cod: 53107 \u2713 Brand: AIC \u2713 \u00cen stoc \u2713 Livrare 24h \u2713 Garan\u021bie!","og_url":"https:\/\/autorival.ro\/skoda\/produs\/unitate-comanda-ventilator-electric-racire-motor-skoda-roomster-5j7-1-2-benzina-64-cai-aic-53107\/","og_site_name":"SKODA","og_image":[{"width":1000,"height":667,"url":"https:\/\/autorival.ro\/skoda\/wp-content\/uploads\/sites\/10\/2025\/07\/53107a-3.jpg","type":"image\/jpeg"}],"twitter_card":"summary_large_image","twitter_title":"Unitate comanda ventilator electric (racire motor) SKODA ROOMSTER (5J7) 1.2 benzina 64 cai AIC 53107 SKODA | AIC - Autorival","twitter_description":"\u26a1 Unitate comanda ventilator electric (racire motor) SKODA ROOMSTER (5J7) 1.2 benzina 64 cai AIC 53107 pentru SKODA. \u2713 Cod: 53107 \u2713 Brand: AIC \u2713 \u00cen stoc \u2713 Livrare 24h \u2713 Garan\u021bie!","schema":{"@context":"https:\/\/schema.org","@graph":[{"@type":"WebPage","@id":"https:\/\/autorival.ro\/skoda\/produs\/unitate-comanda-ventilator-electric-racire-motor-skoda-roomster-5j7-1-2-benzina-64-cai-aic-53107\/","url":"https:\/\/autorival.ro\/skoda\/produs\/unitate-comanda-ventilator-electric-racire-motor-skoda-roomster-5j7-1-2-benzina-64-cai-aic-53107\/","name":"Unitate comanda ventilator electric (racire motor) SKODA ROOMSTER (5J7) 1.2 benzina 64 cai AIC 53107 SKODA | AIC - Autorival","isPartOf":{"@id":"https:\/\/autorival.ro\/skoda\/#website"},"primaryImageOfPage":{"@id":"https:\/\/autorival.ro\/skoda\/produs\/unitate-comanda-ventilator-electric-racire-motor-skoda-roomster-5j7-1-2-benzina-64-cai-aic-53107\/#primaryimage"},"image":{"@id":"https:\/\/autorival.ro\/skoda\/produs\/unitate-comanda-ventilator-electric-racire-motor-skoda-roomster-5j7-1-2-benzina-64-cai-aic-53107\/#primaryimage"},"thumbnailUrl":"https:\/\/autorival.ro\/skoda\/wp-content\/uploads\/sites\/10\/2025\/07\/53107a-3.jpg","datePublished":"2025-07-23T09:43:09+00:00","description":"\u26a1 Unitate comanda ventilator electric (racire motor) SKODA ROOMSTER (5J7) 1.2 benzina 64 cai AIC 53107 pentru SKODA. \u2713 Cod: 53107 \u2713 Brand: AIC \u2713 \u00cen stoc \u2713 Livrare 24h \u2713 Garan\u021bie!","breadcrumb":{"@id":"https:\/\/autorival.ro\/skoda\/produs\/unitate-comanda-ventilator-electric-racire-motor-skoda-roomster-5j7-1-2-benzina-64-cai-aic-53107\/#breadcrumb"},"inLanguage":"en-US","potentialAction":[{"@type":"ReadAction","target":["https:\/\/autorival.ro\/skoda\/produs\/unitate-comanda-ventilator-electric-racire-motor-skoda-roomster-5j7-1-2-benzina-64-cai-aic-53107\/"]}]},{"@type":"ImageObject","inLanguage":"en-US","@id":"https:\/\/autorival.ro\/skoda\/produs\/unitate-comanda-ventilator-electric-racire-motor-skoda-roomster-5j7-1-2-benzina-64-cai-aic-53107\/#primaryimage","url":"https:\/\/autorival.ro\/skoda\/wp-content\/uploads\/sites\/10\/2025\/07\/53107a-3.jpg","contentUrl":"https:\/\/autorival.ro\/skoda\/wp-content\/uploads\/sites\/10\/2025\/07\/53107a-3.jpg","width":1000,"height":667},{"@type":"BreadcrumbList","@id":"https:\/\/autorival.ro\/skoda\/produs\/unitate-comanda-ventilator-electric-racire-motor-skoda-roomster-5j7-1-2-benzina-64-cai-aic-53107\/#breadcrumb","itemListElement":[{"@type":"ListItem","position":1,"name":"Prima pagin\u0103","item":"https:\/\/autorival.ro\/skoda\/"},{"@type":"ListItem","position":2,"name":"Piese auto SKODA","item":"https:\/\/autorival.ro\/skoda\/"},{"@type":"ListItem","position":3,"name":"Unitate comanda ventilator electric (racire motor) SKODA ROOMSTER (5J7) 1.2 benzina 64 cai AIC 53107"}]},{"@type":"WebSite","@id":"https:\/\/autorival.ro\/skoda\/#website","url":"https:\/\/autorival.ro\/skoda\/","name":"SKODA","description":"","potentialAction":[{"@type":"SearchAction","target":{"@type":"EntryPoint","urlTemplate":"https:\/\/autorival.ro\/skoda\/?s={search_term_string}"},"query-input":{"@type":"PropertyValueSpecification","valueRequired":true,"valueName":"search_term_string"}}],"inLanguage":"en-US"}]}},"_links":{"self":[{"href":"https:\/\/autorival.ro\/skoda\/wp-json\/wp\/v2\/product\/574230","targetHints":{"allow":["GET"]}}],"collection":[{"href":"https:\/\/autorival.ro\/skoda\/wp-json\/wp\/v2\/product"}],"about":[{"href":"https:\/\/autorival.ro\/skoda\/wp-json\/wp\/v2\/types\/product"}],"replies":[{"embeddable":true,"href":"https:\/\/autorival.ro\/skoda\/wp-json\/wp\/v2\/comments?post=574230"}],"wp:featuredmedia":[{"embeddable":true,"href":"https:\/\/autorival.ro\/skoda\/wp-json\/wp\/v2\/media\/574231"}],"wp:attachment":[{"href":"https:\/\/autorival.ro\/skoda\/wp-json\/wp\/v2\/media?parent=574230"}],"wp:term":[{"taxonomy":"product_brand","embeddable":true,"href":"https:\/\/autorival.ro\/skoda\/wp-json\/wp\/v2\/product_brand?post=574230"},{"taxonomy":"product_cat","embeddable":true,"href":"https:\/\/autorival.ro\/skoda\/wp-json\/wp\/v2\/product_cat?post=574230"},{"taxonomy":"product_tag","embeddable":true,"href":"https:\/\/autorival.ro\/skoda\/wp-json\/wp\/v2\/product_tag?post=574230"}],"curies":[{"name":"wp","href":"https:\/\/api.w.org\/{rel}","templated":true}]}}