{"id":517294,"date":"2025-07-22T13:08:13","date_gmt":"2025-07-22T13:08:13","guid":{"rendered":"https:\/\/autorival.ro\/skoda\/product\/set-frana-frana-disc-skoda-yeti-5l-1-6-tdi-diesel-105-cai-mastersport-germany-202501450\/"},"modified":"2025-07-22T13:08:13","modified_gmt":"2025-07-22T13:08:13","slug":"set-frana-frana-disc-skoda-yeti-5l-1-6-tdi-diesel-105-cai-mastersport-germany-202501450","status":"publish","type":"product","link":"https:\/\/autorival.ro\/skoda\/produs\/set-frana-frana-disc-skoda-yeti-5l-1-6-tdi-diesel-105-cai-mastersport-germany-202501450\/","title":{"rendered":"Set frana frana disc SKODA YETI (5L) 1.6 TDI diesel 105 cai MASTERSPORT GERMANY 202501450"},"content":{"rendered":"<p>Partea de montare: punte fataTip disc fr\u00e2na: ventilat ->Grosime disc fr\u00e2na [mm]: 25 ->Diametru exterior [mm]: 288Unitate de calitate: setdin mai multe piese: din mai multe pieseSistem de fr\u00e2nare: ATE ->Grosime [mm]: 20,6\u00cenaltime 1 [mm]: 66\u00cenaltime 2 [mm]: 71,3 ->Latime 1 [mm]: 155 ->Latime 2 [mm]: 156 ->Lungime contact avertizare [mm]: 155Num\u0103rul indicatorilor de uzur\u0103 [per ax\u0103]: 1Contact indicator uzura: inclusiv contact avertizare uzura\u00cenaltime [mm]: 49,9 ->Diametrul orificiului [mm]: 15,3 ->Grosime minima [mm]: 22 ->Diametru interior 1 [mm]: 144Numar gauri: 5Numar gauri 2: 9 ->Diametru de centrare [mm]: 65Asezare gauri \u00d8 [mm]: 112Procesare: continut ridicat de carbon ->Greutate neta [kg]: 16,67 ->Greutate brut\u0103 [kg]: 16,7<\/p>\n","protected":false},"excerpt":{"rendered":"<p>Producator: MASTERSPORT GERMANY Cod producator: 202501450<\/p>\n","protected":false},"featured_media":517295,"comment_status":"open","ping_status":"closed","template":"","meta":[],"product_brand":[508],"product_cat":[19650],"product_tag":[25622,25703,25702,26610,25586,25594,25596],"class_list":{"0":"post-517294","1":"product","2":"type-product","3":"status-publish","4":"has-post-thumbnail","6":"product_brand-mastersport-germany","7":"product_cat-set-frana-frana-disc-5l-1-6-tdi-diesel-105","8":"product_tag-frana","9":"product_tag-germany","10":"product_tag-mastersport","11":"product_tag-set","12":"product_tag-skoda","13":"product_tag-tdi","14":"product_tag-yeti","16":"first","17":"instock","18":"shipping-taxable","19":"purchasable","20":"product-type-simple"},"yoast_head":"<!-- This site is optimized with the Yoast SEO plugin v27.3 - https:\/\/yoast.com\/product\/yoast-seo-wordpress\/ -->\n<title>Set frana frana disc SKODA YETI (5L) 1.6 TDI diesel 105 cai MASTERSPORT GERMANY 202501450 SKODA | MASTERSPORT - Autorival<\/title>\n<meta name=\"description\" content=\"\u26a1 Set frana frana disc SKODA YETI (5L) 1.6 TDI diesel 105 cai MASTERSPORT GERMANY 202501450 pentru SKODA. \u2713 Cod: 202501450 \u2713 Brand: MASTERSPORT \u2713 \u00cen stoc \u2713 Livrare 24h \u2713 Garan\u021bie!\" \/>\n<meta name=\"robots\" content=\"index, follow, max-snippet:-1, max-image-preview:large, max-video-preview:-1\" \/>\n<meta property=\"og:locale\" content=\"en_US\" \/>\n<meta property=\"og:type\" content=\"article\" \/>\n<meta property=\"og:title\" content=\"Set frana frana disc SKODA YETI (5L) 1.6 TDI diesel 105 cai MASTERSPORT GERMANY 202501450 SKODA | MASTERSPORT - Autorival\" \/>\n<meta property=\"og:description\" content=\"\u26a1 Set frana frana disc SKODA YETI (5L) 1.6 TDI diesel 105 cai MASTERSPORT GERMANY 202501450 pentru SKODA. \u2713 Cod: 202501450 \u2713 Brand: MASTERSPORT \u2713 \u00cen stoc \u2713 Livrare 24h \u2713 Garan\u021bie!\" \/>\n<meta property=\"og:url\" content=\"https:\/\/autorival.ro\/skoda\/produs\/set-frana-frana-disc-skoda-yeti-5l-1-6-tdi-diesel-105-cai-mastersport-germany-202501450\/\" \/>\n<meta property=\"og:site_name\" content=\"SKODA\" \/>\n<meta property=\"og:image\" content=\"https:\/\/autorival.ro\/skoda\/wp-content\/uploads\/sites\/10\/2025\/07\/202501450202-5.jpg\" \/>\n\t<meta property=\"og:image:width\" content=\"1500\" \/>\n\t<meta property=\"og:image:height\" content=\"1500\" \/>\n\t<meta property=\"og:image:type\" content=\"image\/jpeg\" \/>\n<meta name=\"twitter:card\" content=\"summary_large_image\" \/>\n<meta name=\"twitter:title\" content=\"Set frana frana disc SKODA YETI (5L) 1.6 TDI diesel 105 cai MASTERSPORT GERMANY 202501450 SKODA | MASTERSPORT - Autorival\" \/>\n<meta name=\"twitter:description\" content=\"\u26a1 Set frana frana disc SKODA YETI (5L) 1.6 TDI diesel 105 cai MASTERSPORT GERMANY 202501450 pentru SKODA. \u2713 Cod: 202501450 \u2713 Brand: MASTERSPORT \u2713 \u00cen stoc \u2713 Livrare 24h \u2713 Garan\u021bie!\" \/>\n<meta name=\"twitter:label1\" content=\"Est. reading time\" \/>\n\t<meta name=\"twitter:data1\" content=\"1 minute\" \/>\n<script type=\"application\/ld+json\" class=\"yoast-schema-graph\">{\"@context\":\"https:\\\/\\\/schema.org\",\"@graph\":[{\"@type\":\"WebPage\",\"@id\":\"https:\\\/\\\/autorival.ro\\\/skoda\\\/produs\\\/set-frana-frana-disc-skoda-yeti-5l-1-6-tdi-diesel-105-cai-mastersport-germany-202501450\\\/\",\"url\":\"https:\\\/\\\/autorival.ro\\\/skoda\\\/produs\\\/set-frana-frana-disc-skoda-yeti-5l-1-6-tdi-diesel-105-cai-mastersport-germany-202501450\\\/\",\"name\":\"Set frana frana disc SKODA YETI (5L) 1.6 TDI diesel 105 cai MASTERSPORT GERMANY 202501450 SKODA | MASTERSPORT - Autorival\",\"isPartOf\":{\"@id\":\"https:\\\/\\\/autorival.ro\\\/skoda\\\/#website\"},\"primaryImageOfPage\":{\"@id\":\"https:\\\/\\\/autorival.ro\\\/skoda\\\/produs\\\/set-frana-frana-disc-skoda-yeti-5l-1-6-tdi-diesel-105-cai-mastersport-germany-202501450\\\/#primaryimage\"},\"image\":{\"@id\":\"https:\\\/\\\/autorival.ro\\\/skoda\\\/produs\\\/set-frana-frana-disc-skoda-yeti-5l-1-6-tdi-diesel-105-cai-mastersport-germany-202501450\\\/#primaryimage\"},\"thumbnailUrl\":\"https:\\\/\\\/autorival.ro\\\/skoda\\\/wp-content\\\/uploads\\\/sites\\\/10\\\/2025\\\/07\\\/202501450202-5.jpg\",\"datePublished\":\"2025-07-22T13:08:13+00:00\",\"description\":\"\u26a1 Set frana frana disc SKODA YETI (5L) 1.6 TDI diesel 105 cai MASTERSPORT GERMANY 202501450 pentru SKODA. \u2713 Cod: 202501450 \u2713 Brand: MASTERSPORT \u2713 \u00cen stoc \u2713 Livrare 24h \u2713 Garan\u021bie!\",\"breadcrumb\":{\"@id\":\"https:\\\/\\\/autorival.ro\\\/skoda\\\/produs\\\/set-frana-frana-disc-skoda-yeti-5l-1-6-tdi-diesel-105-cai-mastersport-germany-202501450\\\/#breadcrumb\"},\"inLanguage\":\"en-US\",\"potentialAction\":[{\"@type\":\"ReadAction\",\"target\":[\"https:\\\/\\\/autorival.ro\\\/skoda\\\/produs\\\/set-frana-frana-disc-skoda-yeti-5l-1-6-tdi-diesel-105-cai-mastersport-germany-202501450\\\/\"]}]},{\"@type\":\"ImageObject\",\"inLanguage\":\"en-US\",\"@id\":\"https:\\\/\\\/autorival.ro\\\/skoda\\\/produs\\\/set-frana-frana-disc-skoda-yeti-5l-1-6-tdi-diesel-105-cai-mastersport-germany-202501450\\\/#primaryimage\",\"url\":\"https:\\\/\\\/autorival.ro\\\/skoda\\\/wp-content\\\/uploads\\\/sites\\\/10\\\/2025\\\/07\\\/202501450202-5.jpg\",\"contentUrl\":\"https:\\\/\\\/autorival.ro\\\/skoda\\\/wp-content\\\/uploads\\\/sites\\\/10\\\/2025\\\/07\\\/202501450202-5.jpg\",\"width\":1500,\"height\":1500},{\"@type\":\"BreadcrumbList\",\"@id\":\"https:\\\/\\\/autorival.ro\\\/skoda\\\/produs\\\/set-frana-frana-disc-skoda-yeti-5l-1-6-tdi-diesel-105-cai-mastersport-germany-202501450\\\/#breadcrumb\",\"itemListElement\":[{\"@type\":\"ListItem\",\"position\":1,\"name\":\"Prima pagin\u0103\",\"item\":\"https:\\\/\\\/autorival.ro\\\/skoda\\\/\"},{\"@type\":\"ListItem\",\"position\":2,\"name\":\"Piese auto SKODA\",\"item\":\"https:\\\/\\\/autorival.ro\\\/skoda\\\/\"},{\"@type\":\"ListItem\",\"position\":3,\"name\":\"Set frana frana disc SKODA YETI (5L) 1.6 TDI diesel 105 cai MASTERSPORT GERMANY 202501450\"}]},{\"@type\":\"WebSite\",\"@id\":\"https:\\\/\\\/autorival.ro\\\/skoda\\\/#website\",\"url\":\"https:\\\/\\\/autorival.ro\\\/skoda\\\/\",\"name\":\"SKODA\",\"description\":\"\",\"potentialAction\":[{\"@type\":\"SearchAction\",\"target\":{\"@type\":\"EntryPoint\",\"urlTemplate\":\"https:\\\/\\\/autorival.ro\\\/skoda\\\/?s={search_term_string}\"},\"query-input\":{\"@type\":\"PropertyValueSpecification\",\"valueRequired\":true,\"valueName\":\"search_term_string\"}}],\"inLanguage\":\"en-US\"}]}<\/script>\n<!-- \/ Yoast SEO plugin. -->","yoast_head_json":{"title":"Set frana frana disc SKODA YETI (5L) 1.6 TDI diesel 105 cai MASTERSPORT GERMANY 202501450 SKODA | MASTERSPORT - Autorival","description":"\u26a1 Set frana frana disc SKODA YETI (5L) 1.6 TDI diesel 105 cai MASTERSPORT GERMANY 202501450 pentru SKODA. \u2713 Cod: 202501450 \u2713 Brand: MASTERSPORT \u2713 \u00cen stoc \u2713 Livrare 24h \u2713 Garan\u021bie!","robots":{"index":"index","follow":"follow","max-snippet":"max-snippet:-1","max-image-preview":"max-image-preview:large","max-video-preview":"max-video-preview:-1"},"og_locale":"en_US","og_type":"article","og_title":"Set frana frana disc SKODA YETI (5L) 1.6 TDI diesel 105 cai MASTERSPORT GERMANY 202501450 SKODA | MASTERSPORT - Autorival","og_description":"\u26a1 Set frana frana disc SKODA YETI (5L) 1.6 TDI diesel 105 cai MASTERSPORT GERMANY 202501450 pentru SKODA. \u2713 Cod: 202501450 \u2713 Brand: MASTERSPORT \u2713 \u00cen stoc \u2713 Livrare 24h \u2713 Garan\u021bie!","og_url":"https:\/\/autorival.ro\/skoda\/produs\/set-frana-frana-disc-skoda-yeti-5l-1-6-tdi-diesel-105-cai-mastersport-germany-202501450\/","og_site_name":"SKODA","og_image":[{"width":1500,"height":1500,"url":"https:\/\/autorival.ro\/skoda\/wp-content\/uploads\/sites\/10\/2025\/07\/202501450202-5.jpg","type":"image\/jpeg"}],"twitter_card":"summary_large_image","twitter_title":"Set frana frana disc SKODA YETI (5L) 1.6 TDI diesel 105 cai MASTERSPORT GERMANY 202501450 SKODA | MASTERSPORT - Autorival","twitter_description":"\u26a1 Set frana frana disc SKODA YETI (5L) 1.6 TDI diesel 105 cai MASTERSPORT GERMANY 202501450 pentru SKODA. \u2713 Cod: 202501450 \u2713 Brand: MASTERSPORT \u2713 \u00cen stoc \u2713 Livrare 24h \u2713 Garan\u021bie!","twitter_misc":{"Est. reading time":"1 minute"},"schema":{"@context":"https:\/\/schema.org","@graph":[{"@type":"WebPage","@id":"https:\/\/autorival.ro\/skoda\/produs\/set-frana-frana-disc-skoda-yeti-5l-1-6-tdi-diesel-105-cai-mastersport-germany-202501450\/","url":"https:\/\/autorival.ro\/skoda\/produs\/set-frana-frana-disc-skoda-yeti-5l-1-6-tdi-diesel-105-cai-mastersport-germany-202501450\/","name":"Set frana frana disc SKODA YETI (5L) 1.6 TDI diesel 105 cai MASTERSPORT GERMANY 202501450 SKODA | MASTERSPORT - Autorival","isPartOf":{"@id":"https:\/\/autorival.ro\/skoda\/#website"},"primaryImageOfPage":{"@id":"https:\/\/autorival.ro\/skoda\/produs\/set-frana-frana-disc-skoda-yeti-5l-1-6-tdi-diesel-105-cai-mastersport-germany-202501450\/#primaryimage"},"image":{"@id":"https:\/\/autorival.ro\/skoda\/produs\/set-frana-frana-disc-skoda-yeti-5l-1-6-tdi-diesel-105-cai-mastersport-germany-202501450\/#primaryimage"},"thumbnailUrl":"https:\/\/autorival.ro\/skoda\/wp-content\/uploads\/sites\/10\/2025\/07\/202501450202-5.jpg","datePublished":"2025-07-22T13:08:13+00:00","description":"\u26a1 Set frana frana disc SKODA YETI (5L) 1.6 TDI diesel 105 cai MASTERSPORT GERMANY 202501450 pentru SKODA. \u2713 Cod: 202501450 \u2713 Brand: MASTERSPORT \u2713 \u00cen stoc \u2713 Livrare 24h \u2713 Garan\u021bie!","breadcrumb":{"@id":"https:\/\/autorival.ro\/skoda\/produs\/set-frana-frana-disc-skoda-yeti-5l-1-6-tdi-diesel-105-cai-mastersport-germany-202501450\/#breadcrumb"},"inLanguage":"en-US","potentialAction":[{"@type":"ReadAction","target":["https:\/\/autorival.ro\/skoda\/produs\/set-frana-frana-disc-skoda-yeti-5l-1-6-tdi-diesel-105-cai-mastersport-germany-202501450\/"]}]},{"@type":"ImageObject","inLanguage":"en-US","@id":"https:\/\/autorival.ro\/skoda\/produs\/set-frana-frana-disc-skoda-yeti-5l-1-6-tdi-diesel-105-cai-mastersport-germany-202501450\/#primaryimage","url":"https:\/\/autorival.ro\/skoda\/wp-content\/uploads\/sites\/10\/2025\/07\/202501450202-5.jpg","contentUrl":"https:\/\/autorival.ro\/skoda\/wp-content\/uploads\/sites\/10\/2025\/07\/202501450202-5.jpg","width":1500,"height":1500},{"@type":"BreadcrumbList","@id":"https:\/\/autorival.ro\/skoda\/produs\/set-frana-frana-disc-skoda-yeti-5l-1-6-tdi-diesel-105-cai-mastersport-germany-202501450\/#breadcrumb","itemListElement":[{"@type":"ListItem","position":1,"name":"Prima pagin\u0103","item":"https:\/\/autorival.ro\/skoda\/"},{"@type":"ListItem","position":2,"name":"Piese auto SKODA","item":"https:\/\/autorival.ro\/skoda\/"},{"@type":"ListItem","position":3,"name":"Set frana frana disc SKODA YETI (5L) 1.6 TDI diesel 105 cai MASTERSPORT GERMANY 202501450"}]},{"@type":"WebSite","@id":"https:\/\/autorival.ro\/skoda\/#website","url":"https:\/\/autorival.ro\/skoda\/","name":"SKODA","description":"","potentialAction":[{"@type":"SearchAction","target":{"@type":"EntryPoint","urlTemplate":"https:\/\/autorival.ro\/skoda\/?s={search_term_string}"},"query-input":{"@type":"PropertyValueSpecification","valueRequired":true,"valueName":"search_term_string"}}],"inLanguage":"en-US"}]}},"_links":{"self":[{"href":"https:\/\/autorival.ro\/skoda\/wp-json\/wp\/v2\/product\/517294","targetHints":{"allow":["GET"]}}],"collection":[{"href":"https:\/\/autorival.ro\/skoda\/wp-json\/wp\/v2\/product"}],"about":[{"href":"https:\/\/autorival.ro\/skoda\/wp-json\/wp\/v2\/types\/product"}],"replies":[{"embeddable":true,"href":"https:\/\/autorival.ro\/skoda\/wp-json\/wp\/v2\/comments?post=517294"}],"wp:featuredmedia":[{"embeddable":true,"href":"https:\/\/autorival.ro\/skoda\/wp-json\/wp\/v2\/media\/517295"}],"wp:attachment":[{"href":"https:\/\/autorival.ro\/skoda\/wp-json\/wp\/v2\/media?parent=517294"}],"wp:term":[{"taxonomy":"product_brand","embeddable":true,"href":"https:\/\/autorival.ro\/skoda\/wp-json\/wp\/v2\/product_brand?post=517294"},{"taxonomy":"product_cat","embeddable":true,"href":"https:\/\/autorival.ro\/skoda\/wp-json\/wp\/v2\/product_cat?post=517294"},{"taxonomy":"product_tag","embeddable":true,"href":"https:\/\/autorival.ro\/skoda\/wp-json\/wp\/v2\/product_tag?post=517294"}],"curies":[{"name":"wp","href":"https:\/\/api.w.org\/{rel}","templated":true}]}}