{"id":517240,"date":"2025-07-22T13:06:36","date_gmt":"2025-07-22T13:06:36","guid":{"rendered":"https:\/\/autorival.ro\/skoda\/product\/set-frana-frana-disc-skoda-yeti-5l-1-4-tsi-benzina-122-cai-mastersport-germany-201022770\/"},"modified":"2025-07-22T13:06:36","modified_gmt":"2025-07-22T13:06:36","slug":"set-frana-frana-disc-skoda-yeti-5l-1-4-tsi-benzina-122-cai-mastersport-germany-201022770","status":"publish","type":"product","link":"https:\/\/autorival.ro\/skoda\/produs\/set-frana-frana-disc-skoda-yeti-5l-1-4-tsi-benzina-122-cai-mastersport-germany-201022770\/","title":{"rendered":"Set frana frana disc SKODA YETI (5L) 1.4 TSI benzina 122 cai MASTERSPORT GERMANY 201022770"},"content":{"rendered":"<p>Partea de montare: puntea spateTip disc fr\u00e2na: plin ->Grosime disc fr\u00e2na [mm]: 10 ->Diametru exterior [mm]: 253Unitate de calitate: setdin mai multe piese: din mai multe pieseSistem de fr\u00e2nare: Lucas \/ TRW ->Grosime 1 [mm]: 17,2 ->Latime 1 [mm]: 88\u00cenaltime 1 [mm]: 52,9Numarul suruburilor: 4Contact indicator uzura: fara contact avertizare uzura ->Diametrul orificiului [mm]: 15,3\u00cenaltime [mm]: 51,6 ->Grosime minima [mm]: 8 ->Diametru interior 1 [mm]: 140Numar gauri: 5 ->Diametru de centrare [mm]: 65Asezare gauri \u00d8 [mm]: 112Numar gauri 2: 9 ->Greutate neta [kg]: 8,04 ->Greutate brut\u0103 [kg]: 8,04<\/p>\n","protected":false},"excerpt":{"rendered":"<p>Producator: MASTERSPORT GERMANY Cod producator: 201022770<\/p>\n","protected":false},"featured_media":517241,"comment_status":"open","ping_status":"closed","template":"","meta":[],"product_brand":[508],"product_cat":[19648],"product_tag":[25622,25703,25702,26610,25586,25593,25596],"class_list":{"0":"post-517240","1":"product","2":"type-product","3":"status-publish","4":"has-post-thumbnail","6":"product_brand-mastersport-germany","7":"product_cat-set-frana-frana-disc-5l-1-4-tsi-benzina-122","8":"product_tag-frana","9":"product_tag-germany","10":"product_tag-mastersport","11":"product_tag-set","12":"product_tag-skoda","13":"product_tag-tsi","14":"product_tag-yeti","16":"first","17":"instock","18":"shipping-taxable","19":"purchasable","20":"product-type-simple"},"yoast_head":"<!-- This site is optimized with the Yoast SEO plugin v27.3 - https:\/\/yoast.com\/product\/yoast-seo-wordpress\/ -->\n<title>Set frana frana disc SKODA YETI (5L) 1.4 TSI benzina 122 cai MASTERSPORT GERMANY 201022770 SKODA | MASTERSPORT - Autorival<\/title>\n<meta name=\"description\" content=\"\u26a1 Set frana frana disc SKODA YETI (5L) 1.4 TSI benzina 122 cai MASTERSPORT GERMANY 201022770 pentru SKODA. \u2713 Cod: 201022770 \u2713 Brand: MASTERSPORT \u2713 \u00cen stoc \u2713 Livrare 24h \u2713 Garan\u021bie!\" \/>\n<meta name=\"robots\" content=\"index, follow, max-snippet:-1, max-image-preview:large, max-video-preview:-1\" \/>\n<meta property=\"og:locale\" content=\"en_US\" \/>\n<meta property=\"og:type\" content=\"article\" \/>\n<meta property=\"og:title\" content=\"Set frana frana disc SKODA YETI (5L) 1.4 TSI benzina 122 cai MASTERSPORT GERMANY 201022770 SKODA | MASTERSPORT - Autorival\" \/>\n<meta property=\"og:description\" content=\"\u26a1 Set frana frana disc SKODA YETI (5L) 1.4 TSI benzina 122 cai MASTERSPORT GERMANY 201022770 pentru SKODA. \u2713 Cod: 201022770 \u2713 Brand: MASTERSPORT \u2713 \u00cen stoc \u2713 Livrare 24h \u2713 Garan\u021bie!\" \/>\n<meta property=\"og:url\" content=\"https:\/\/autorival.ro\/skoda\/produs\/set-frana-frana-disc-skoda-yeti-5l-1-4-tsi-benzina-122-cai-mastersport-germany-201022770\/\" \/>\n<meta property=\"og:site_name\" content=\"SKODA\" \/>\n<meta property=\"og:image\" content=\"https:\/\/autorival.ro\/skoda\/wp-content\/uploads\/sites\/10\/2025\/07\/201022770-1.jpg\" \/>\n\t<meta property=\"og:image:width\" content=\"1500\" \/>\n\t<meta property=\"og:image:height\" content=\"1500\" \/>\n\t<meta property=\"og:image:type\" content=\"image\/jpeg\" \/>\n<meta name=\"twitter:card\" content=\"summary_large_image\" \/>\n<meta name=\"twitter:title\" content=\"Set frana frana disc SKODA YETI (5L) 1.4 TSI benzina 122 cai MASTERSPORT GERMANY 201022770 SKODA | MASTERSPORT - Autorival\" \/>\n<meta name=\"twitter:description\" content=\"\u26a1 Set frana frana disc SKODA YETI (5L) 1.4 TSI benzina 122 cai MASTERSPORT GERMANY 201022770 pentru SKODA. \u2713 Cod: 201022770 \u2713 Brand: MASTERSPORT \u2713 \u00cen stoc \u2713 Livrare 24h \u2713 Garan\u021bie!\" \/>\n<script type=\"application\/ld+json\" class=\"yoast-schema-graph\">{\"@context\":\"https:\\\/\\\/schema.org\",\"@graph\":[{\"@type\":\"WebPage\",\"@id\":\"https:\\\/\\\/autorival.ro\\\/skoda\\\/produs\\\/set-frana-frana-disc-skoda-yeti-5l-1-4-tsi-benzina-122-cai-mastersport-germany-201022770\\\/\",\"url\":\"https:\\\/\\\/autorival.ro\\\/skoda\\\/produs\\\/set-frana-frana-disc-skoda-yeti-5l-1-4-tsi-benzina-122-cai-mastersport-germany-201022770\\\/\",\"name\":\"Set frana frana disc SKODA YETI (5L) 1.4 TSI benzina 122 cai MASTERSPORT GERMANY 201022770 SKODA | MASTERSPORT - Autorival\",\"isPartOf\":{\"@id\":\"https:\\\/\\\/autorival.ro\\\/skoda\\\/#website\"},\"primaryImageOfPage\":{\"@id\":\"https:\\\/\\\/autorival.ro\\\/skoda\\\/produs\\\/set-frana-frana-disc-skoda-yeti-5l-1-4-tsi-benzina-122-cai-mastersport-germany-201022770\\\/#primaryimage\"},\"image\":{\"@id\":\"https:\\\/\\\/autorival.ro\\\/skoda\\\/produs\\\/set-frana-frana-disc-skoda-yeti-5l-1-4-tsi-benzina-122-cai-mastersport-germany-201022770\\\/#primaryimage\"},\"thumbnailUrl\":\"https:\\\/\\\/autorival.ro\\\/skoda\\\/wp-content\\\/uploads\\\/sites\\\/10\\\/2025\\\/07\\\/201022770-1.jpg\",\"datePublished\":\"2025-07-22T13:06:36+00:00\",\"description\":\"\u26a1 Set frana frana disc SKODA YETI (5L) 1.4 TSI benzina 122 cai MASTERSPORT GERMANY 201022770 pentru SKODA. \u2713 Cod: 201022770 \u2713 Brand: MASTERSPORT \u2713 \u00cen stoc \u2713 Livrare 24h \u2713 Garan\u021bie!\",\"breadcrumb\":{\"@id\":\"https:\\\/\\\/autorival.ro\\\/skoda\\\/produs\\\/set-frana-frana-disc-skoda-yeti-5l-1-4-tsi-benzina-122-cai-mastersport-germany-201022770\\\/#breadcrumb\"},\"inLanguage\":\"en-US\",\"potentialAction\":[{\"@type\":\"ReadAction\",\"target\":[\"https:\\\/\\\/autorival.ro\\\/skoda\\\/produs\\\/set-frana-frana-disc-skoda-yeti-5l-1-4-tsi-benzina-122-cai-mastersport-germany-201022770\\\/\"]}]},{\"@type\":\"ImageObject\",\"inLanguage\":\"en-US\",\"@id\":\"https:\\\/\\\/autorival.ro\\\/skoda\\\/produs\\\/set-frana-frana-disc-skoda-yeti-5l-1-4-tsi-benzina-122-cai-mastersport-germany-201022770\\\/#primaryimage\",\"url\":\"https:\\\/\\\/autorival.ro\\\/skoda\\\/wp-content\\\/uploads\\\/sites\\\/10\\\/2025\\\/07\\\/201022770-1.jpg\",\"contentUrl\":\"https:\\\/\\\/autorival.ro\\\/skoda\\\/wp-content\\\/uploads\\\/sites\\\/10\\\/2025\\\/07\\\/201022770-1.jpg\",\"width\":1500,\"height\":1500},{\"@type\":\"BreadcrumbList\",\"@id\":\"https:\\\/\\\/autorival.ro\\\/skoda\\\/produs\\\/set-frana-frana-disc-skoda-yeti-5l-1-4-tsi-benzina-122-cai-mastersport-germany-201022770\\\/#breadcrumb\",\"itemListElement\":[{\"@type\":\"ListItem\",\"position\":1,\"name\":\"Prima pagin\u0103\",\"item\":\"https:\\\/\\\/autorival.ro\\\/skoda\\\/\"},{\"@type\":\"ListItem\",\"position\":2,\"name\":\"Piese auto SKODA\",\"item\":\"https:\\\/\\\/autorival.ro\\\/skoda\\\/\"},{\"@type\":\"ListItem\",\"position\":3,\"name\":\"Set frana frana disc SKODA YETI (5L) 1.4 TSI benzina 122 cai MASTERSPORT GERMANY 201022770\"}]},{\"@type\":\"WebSite\",\"@id\":\"https:\\\/\\\/autorival.ro\\\/skoda\\\/#website\",\"url\":\"https:\\\/\\\/autorival.ro\\\/skoda\\\/\",\"name\":\"SKODA\",\"description\":\"\",\"potentialAction\":[{\"@type\":\"SearchAction\",\"target\":{\"@type\":\"EntryPoint\",\"urlTemplate\":\"https:\\\/\\\/autorival.ro\\\/skoda\\\/?s={search_term_string}\"},\"query-input\":{\"@type\":\"PropertyValueSpecification\",\"valueRequired\":true,\"valueName\":\"search_term_string\"}}],\"inLanguage\":\"en-US\"}]}<\/script>\n<!-- \/ Yoast SEO plugin. -->","yoast_head_json":{"title":"Set frana frana disc SKODA YETI (5L) 1.4 TSI benzina 122 cai MASTERSPORT GERMANY 201022770 SKODA | MASTERSPORT - Autorival","description":"\u26a1 Set frana frana disc SKODA YETI (5L) 1.4 TSI benzina 122 cai MASTERSPORT GERMANY 201022770 pentru SKODA. \u2713 Cod: 201022770 \u2713 Brand: MASTERSPORT \u2713 \u00cen stoc \u2713 Livrare 24h \u2713 Garan\u021bie!","robots":{"index":"index","follow":"follow","max-snippet":"max-snippet:-1","max-image-preview":"max-image-preview:large","max-video-preview":"max-video-preview:-1"},"og_locale":"en_US","og_type":"article","og_title":"Set frana frana disc SKODA YETI (5L) 1.4 TSI benzina 122 cai MASTERSPORT GERMANY 201022770 SKODA | MASTERSPORT - Autorival","og_description":"\u26a1 Set frana frana disc SKODA YETI (5L) 1.4 TSI benzina 122 cai MASTERSPORT GERMANY 201022770 pentru SKODA. \u2713 Cod: 201022770 \u2713 Brand: MASTERSPORT \u2713 \u00cen stoc \u2713 Livrare 24h \u2713 Garan\u021bie!","og_url":"https:\/\/autorival.ro\/skoda\/produs\/set-frana-frana-disc-skoda-yeti-5l-1-4-tsi-benzina-122-cai-mastersport-germany-201022770\/","og_site_name":"SKODA","og_image":[{"width":1500,"height":1500,"url":"https:\/\/autorival.ro\/skoda\/wp-content\/uploads\/sites\/10\/2025\/07\/201022770-1.jpg","type":"image\/jpeg"}],"twitter_card":"summary_large_image","twitter_title":"Set frana frana disc SKODA YETI (5L) 1.4 TSI benzina 122 cai MASTERSPORT GERMANY 201022770 SKODA | MASTERSPORT - Autorival","twitter_description":"\u26a1 Set frana frana disc SKODA YETI (5L) 1.4 TSI benzina 122 cai MASTERSPORT GERMANY 201022770 pentru SKODA. \u2713 Cod: 201022770 \u2713 Brand: MASTERSPORT \u2713 \u00cen stoc \u2713 Livrare 24h \u2713 Garan\u021bie!","schema":{"@context":"https:\/\/schema.org","@graph":[{"@type":"WebPage","@id":"https:\/\/autorival.ro\/skoda\/produs\/set-frana-frana-disc-skoda-yeti-5l-1-4-tsi-benzina-122-cai-mastersport-germany-201022770\/","url":"https:\/\/autorival.ro\/skoda\/produs\/set-frana-frana-disc-skoda-yeti-5l-1-4-tsi-benzina-122-cai-mastersport-germany-201022770\/","name":"Set frana frana disc SKODA YETI (5L) 1.4 TSI benzina 122 cai MASTERSPORT GERMANY 201022770 SKODA | MASTERSPORT - Autorival","isPartOf":{"@id":"https:\/\/autorival.ro\/skoda\/#website"},"primaryImageOfPage":{"@id":"https:\/\/autorival.ro\/skoda\/produs\/set-frana-frana-disc-skoda-yeti-5l-1-4-tsi-benzina-122-cai-mastersport-germany-201022770\/#primaryimage"},"image":{"@id":"https:\/\/autorival.ro\/skoda\/produs\/set-frana-frana-disc-skoda-yeti-5l-1-4-tsi-benzina-122-cai-mastersport-germany-201022770\/#primaryimage"},"thumbnailUrl":"https:\/\/autorival.ro\/skoda\/wp-content\/uploads\/sites\/10\/2025\/07\/201022770-1.jpg","datePublished":"2025-07-22T13:06:36+00:00","description":"\u26a1 Set frana frana disc SKODA YETI (5L) 1.4 TSI benzina 122 cai MASTERSPORT GERMANY 201022770 pentru SKODA. \u2713 Cod: 201022770 \u2713 Brand: MASTERSPORT \u2713 \u00cen stoc \u2713 Livrare 24h \u2713 Garan\u021bie!","breadcrumb":{"@id":"https:\/\/autorival.ro\/skoda\/produs\/set-frana-frana-disc-skoda-yeti-5l-1-4-tsi-benzina-122-cai-mastersport-germany-201022770\/#breadcrumb"},"inLanguage":"en-US","potentialAction":[{"@type":"ReadAction","target":["https:\/\/autorival.ro\/skoda\/produs\/set-frana-frana-disc-skoda-yeti-5l-1-4-tsi-benzina-122-cai-mastersport-germany-201022770\/"]}]},{"@type":"ImageObject","inLanguage":"en-US","@id":"https:\/\/autorival.ro\/skoda\/produs\/set-frana-frana-disc-skoda-yeti-5l-1-4-tsi-benzina-122-cai-mastersport-germany-201022770\/#primaryimage","url":"https:\/\/autorival.ro\/skoda\/wp-content\/uploads\/sites\/10\/2025\/07\/201022770-1.jpg","contentUrl":"https:\/\/autorival.ro\/skoda\/wp-content\/uploads\/sites\/10\/2025\/07\/201022770-1.jpg","width":1500,"height":1500},{"@type":"BreadcrumbList","@id":"https:\/\/autorival.ro\/skoda\/produs\/set-frana-frana-disc-skoda-yeti-5l-1-4-tsi-benzina-122-cai-mastersport-germany-201022770\/#breadcrumb","itemListElement":[{"@type":"ListItem","position":1,"name":"Prima pagin\u0103","item":"https:\/\/autorival.ro\/skoda\/"},{"@type":"ListItem","position":2,"name":"Piese auto SKODA","item":"https:\/\/autorival.ro\/skoda\/"},{"@type":"ListItem","position":3,"name":"Set frana frana disc SKODA YETI (5L) 1.4 TSI benzina 122 cai MASTERSPORT GERMANY 201022770"}]},{"@type":"WebSite","@id":"https:\/\/autorival.ro\/skoda\/#website","url":"https:\/\/autorival.ro\/skoda\/","name":"SKODA","description":"","potentialAction":[{"@type":"SearchAction","target":{"@type":"EntryPoint","urlTemplate":"https:\/\/autorival.ro\/skoda\/?s={search_term_string}"},"query-input":{"@type":"PropertyValueSpecification","valueRequired":true,"valueName":"search_term_string"}}],"inLanguage":"en-US"}]}},"_links":{"self":[{"href":"https:\/\/autorival.ro\/skoda\/wp-json\/wp\/v2\/product\/517240","targetHints":{"allow":["GET"]}}],"collection":[{"href":"https:\/\/autorival.ro\/skoda\/wp-json\/wp\/v2\/product"}],"about":[{"href":"https:\/\/autorival.ro\/skoda\/wp-json\/wp\/v2\/types\/product"}],"replies":[{"embeddable":true,"href":"https:\/\/autorival.ro\/skoda\/wp-json\/wp\/v2\/comments?post=517240"}],"wp:featuredmedia":[{"embeddable":true,"href":"https:\/\/autorival.ro\/skoda\/wp-json\/wp\/v2\/media\/517241"}],"wp:attachment":[{"href":"https:\/\/autorival.ro\/skoda\/wp-json\/wp\/v2\/media?parent=517240"}],"wp:term":[{"taxonomy":"product_brand","embeddable":true,"href":"https:\/\/autorival.ro\/skoda\/wp-json\/wp\/v2\/product_brand?post=517240"},{"taxonomy":"product_cat","embeddable":true,"href":"https:\/\/autorival.ro\/skoda\/wp-json\/wp\/v2\/product_cat?post=517240"},{"taxonomy":"product_tag","embeddable":true,"href":"https:\/\/autorival.ro\/skoda\/wp-json\/wp\/v2\/product_tag?post=517240"}],"curies":[{"name":"wp","href":"https:\/\/api.w.org\/{rel}","templated":true}]}}