{"id":516984,"date":"2025-07-22T12:58:52","date_gmt":"2025-07-22T12:58:52","guid":{"rendered":"https:\/\/autorival.ro\/skoda\/product\/set-frana-frana-disc-skoda-roomster-5j7-1-2-benzina-70-cai-mastersport-germany-202221510\/"},"modified":"2025-07-22T12:58:52","modified_gmt":"2025-07-22T12:58:52","slug":"set-frana-frana-disc-skoda-roomster-5j7-1-2-benzina-70-cai-mastersport-germany-202221510","status":"publish","type":"product","link":"https:\/\/autorival.ro\/skoda\/produs\/set-frana-frana-disc-skoda-roomster-5j7-1-2-benzina-70-cai-mastersport-germany-202221510\/","title":{"rendered":"Set frana frana disc SKODA ROOMSTER (5J7) 1.2 benzina 70 cai MASTERSPORT GERMANY 202221510"},"content":{"rendered":"<p>An fabricatie pana la: 201504Partea de montare: punte fataTip disc fr\u00e2na: ventilat ->Grosime disc fr\u00e2na [mm]: 22 ->Diametru exterior [mm]: 256Unitate de calitate: setSistem de fr\u00e2nare: ATE ->Grosime 1 [mm]: 19,6\u00cenaltime [mm]: 54,7 ->Latime 1 [mm]: 146 ->Lungime contact avertizare [mm]: 145Contact indicator uzura: inclusiv contact avertizare uzuraAsezare gauri \u00d8 [mm]: 100\u00cenaltime 1 [mm]: 36,7 ->Diametrul orificiului [mm]: 15,6 ->Grosime minima [mm]: 19 ->Diametru interior 1 [mm]: 133,5Numar gauri: 5 ->Diametru de centrare [mm]: 65Procesare: continut ridicat de carbon ->Greutate neta [kg]: 11,34 ->Greutate brut\u0103 [kg]: 11,56<\/p>\n","protected":false},"excerpt":{"rendered":"<p>Producator: MASTERSPORT GERMANY Cod producator: 202221510<\/p>\n","protected":false},"featured_media":516985,"comment_status":"open","ping_status":"closed","template":"","meta":[],"product_brand":[508],"product_cat":[19624],"product_tag":[26244,25622,25703,25702,25611,26610,25586],"class_list":{"0":"post-516984","1":"product","2":"type-product","3":"status-publish","4":"has-post-thumbnail","6":"product_brand-mastersport-germany","7":"product_cat-set-frana-frana-disc-5j7-1-2-benzina-70","8":"product_tag-disc","9":"product_tag-frana","10":"product_tag-germany","11":"product_tag-mastersport","12":"product_tag-roomster","13":"product_tag-set","14":"product_tag-skoda","16":"first","17":"instock","18":"shipping-taxable","19":"purchasable","20":"product-type-simple"},"yoast_head":"<!-- This site is optimized with the Yoast SEO plugin v27.4 - https:\/\/yoast.com\/product\/yoast-seo-wordpress\/ -->\n<title>Set frana frana disc SKODA ROOMSTER (5J7) 1.2 benzina 70 cai MASTERSPORT GERMANY 202221510 SKODA | MASTERSPORT - Autorival<\/title>\n<meta name=\"description\" content=\"\u26a1 Set frana frana disc SKODA ROOMSTER (5J7) 1.2 benzina 70 cai MASTERSPORT GERMANY 202221510 pentru SKODA. \u2713 Cod: 202221510 \u2713 Brand: MASTERSPORT \u2713 \u00cen stoc \u2713 Livrare 24h \u2713 Garan\u021bie!\" \/>\n<meta name=\"robots\" content=\"index, follow, max-snippet:-1, max-image-preview:large, max-video-preview:-1\" \/>\n<meta property=\"og:locale\" content=\"en_US\" \/>\n<meta property=\"og:type\" content=\"article\" \/>\n<meta property=\"og:title\" content=\"Set frana frana disc SKODA ROOMSTER (5J7) 1.2 benzina 70 cai MASTERSPORT GERMANY 202221510 SKODA | MASTERSPORT - Autorival\" \/>\n<meta property=\"og:description\" content=\"\u26a1 Set frana frana disc SKODA ROOMSTER (5J7) 1.2 benzina 70 cai MASTERSPORT GERMANY 202221510 pentru SKODA. \u2713 Cod: 202221510 \u2713 Brand: MASTERSPORT \u2713 \u00cen stoc \u2713 Livrare 24h \u2713 Garan\u021bie!\" \/>\n<meta property=\"og:url\" content=\"https:\/\/autorival.ro\/skoda\/produs\/set-frana-frana-disc-skoda-roomster-5j7-1-2-benzina-70-cai-mastersport-germany-202221510\/\" \/>\n<meta property=\"og:site_name\" content=\"SKODA\" \/>\n<meta property=\"og:image\" content=\"https:\/\/autorival.ro\/skoda\/wp-content\/uploads\/sites\/10\/2025\/07\/202221510-4.jpg\" \/>\n\t<meta property=\"og:image:width\" content=\"1500\" \/>\n\t<meta property=\"og:image:height\" content=\"1500\" \/>\n\t<meta property=\"og:image:type\" content=\"image\/jpeg\" \/>\n<meta name=\"twitter:card\" content=\"summary_large_image\" \/>\n<meta name=\"twitter:title\" content=\"Set frana frana disc SKODA ROOMSTER (5J7) 1.2 benzina 70 cai MASTERSPORT GERMANY 202221510 SKODA | MASTERSPORT - Autorival\" \/>\n<meta name=\"twitter:description\" content=\"\u26a1 Set frana frana disc SKODA ROOMSTER (5J7) 1.2 benzina 70 cai MASTERSPORT GERMANY 202221510 pentru SKODA. \u2713 Cod: 202221510 \u2713 Brand: MASTERSPORT \u2713 \u00cen stoc \u2713 Livrare 24h \u2713 Garan\u021bie!\" \/>\n<script type=\"application\/ld+json\" class=\"yoast-schema-graph\">{\"@context\":\"https:\\\/\\\/schema.org\",\"@graph\":[{\"@type\":\"WebPage\",\"@id\":\"https:\\\/\\\/autorival.ro\\\/skoda\\\/produs\\\/set-frana-frana-disc-skoda-roomster-5j7-1-2-benzina-70-cai-mastersport-germany-202221510\\\/\",\"url\":\"https:\\\/\\\/autorival.ro\\\/skoda\\\/produs\\\/set-frana-frana-disc-skoda-roomster-5j7-1-2-benzina-70-cai-mastersport-germany-202221510\\\/\",\"name\":\"Set frana frana disc SKODA ROOMSTER (5J7) 1.2 benzina 70 cai MASTERSPORT GERMANY 202221510 SKODA | MASTERSPORT - Autorival\",\"isPartOf\":{\"@id\":\"https:\\\/\\\/autorival.ro\\\/skoda\\\/#website\"},\"primaryImageOfPage\":{\"@id\":\"https:\\\/\\\/autorival.ro\\\/skoda\\\/produs\\\/set-frana-frana-disc-skoda-roomster-5j7-1-2-benzina-70-cai-mastersport-germany-202221510\\\/#primaryimage\"},\"image\":{\"@id\":\"https:\\\/\\\/autorival.ro\\\/skoda\\\/produs\\\/set-frana-frana-disc-skoda-roomster-5j7-1-2-benzina-70-cai-mastersport-germany-202221510\\\/#primaryimage\"},\"thumbnailUrl\":\"https:\\\/\\\/autorival.ro\\\/skoda\\\/wp-content\\\/uploads\\\/sites\\\/10\\\/2025\\\/07\\\/202221510-4.jpg\",\"datePublished\":\"2025-07-22T12:58:52+00:00\",\"description\":\"\u26a1 Set frana frana disc SKODA ROOMSTER (5J7) 1.2 benzina 70 cai MASTERSPORT GERMANY 202221510 pentru SKODA. \u2713 Cod: 202221510 \u2713 Brand: MASTERSPORT \u2713 \u00cen stoc \u2713 Livrare 24h \u2713 Garan\u021bie!\",\"breadcrumb\":{\"@id\":\"https:\\\/\\\/autorival.ro\\\/skoda\\\/produs\\\/set-frana-frana-disc-skoda-roomster-5j7-1-2-benzina-70-cai-mastersport-germany-202221510\\\/#breadcrumb\"},\"inLanguage\":\"en-US\",\"potentialAction\":[{\"@type\":\"ReadAction\",\"target\":[\"https:\\\/\\\/autorival.ro\\\/skoda\\\/produs\\\/set-frana-frana-disc-skoda-roomster-5j7-1-2-benzina-70-cai-mastersport-germany-202221510\\\/\"]}]},{\"@type\":\"ImageObject\",\"inLanguage\":\"en-US\",\"@id\":\"https:\\\/\\\/autorival.ro\\\/skoda\\\/produs\\\/set-frana-frana-disc-skoda-roomster-5j7-1-2-benzina-70-cai-mastersport-germany-202221510\\\/#primaryimage\",\"url\":\"https:\\\/\\\/autorival.ro\\\/skoda\\\/wp-content\\\/uploads\\\/sites\\\/10\\\/2025\\\/07\\\/202221510-4.jpg\",\"contentUrl\":\"https:\\\/\\\/autorival.ro\\\/skoda\\\/wp-content\\\/uploads\\\/sites\\\/10\\\/2025\\\/07\\\/202221510-4.jpg\",\"width\":1500,\"height\":1500},{\"@type\":\"BreadcrumbList\",\"@id\":\"https:\\\/\\\/autorival.ro\\\/skoda\\\/produs\\\/set-frana-frana-disc-skoda-roomster-5j7-1-2-benzina-70-cai-mastersport-germany-202221510\\\/#breadcrumb\",\"itemListElement\":[{\"@type\":\"ListItem\",\"position\":1,\"name\":\"Prima pagin\u0103\",\"item\":\"https:\\\/\\\/autorival.ro\\\/skoda\\\/\"},{\"@type\":\"ListItem\",\"position\":2,\"name\":\"Piese auto SKODA\",\"item\":\"https:\\\/\\\/autorival.ro\\\/skoda\\\/\"},{\"@type\":\"ListItem\",\"position\":3,\"name\":\"Set frana frana disc SKODA ROOMSTER (5J7) 1.2 benzina 70 cai MASTERSPORT GERMANY 202221510\"}]},{\"@type\":\"WebSite\",\"@id\":\"https:\\\/\\\/autorival.ro\\\/skoda\\\/#website\",\"url\":\"https:\\\/\\\/autorival.ro\\\/skoda\\\/\",\"name\":\"SKODA\",\"description\":\"\",\"potentialAction\":[{\"@type\":\"SearchAction\",\"target\":{\"@type\":\"EntryPoint\",\"urlTemplate\":\"https:\\\/\\\/autorival.ro\\\/skoda\\\/?s={search_term_string}\"},\"query-input\":{\"@type\":\"PropertyValueSpecification\",\"valueRequired\":true,\"valueName\":\"search_term_string\"}}],\"inLanguage\":\"en-US\"}]}<\/script>\n<!-- \/ Yoast SEO plugin. -->","yoast_head_json":{"title":"Set frana frana disc SKODA ROOMSTER (5J7) 1.2 benzina 70 cai MASTERSPORT GERMANY 202221510 SKODA | MASTERSPORT - Autorival","description":"\u26a1 Set frana frana disc SKODA ROOMSTER (5J7) 1.2 benzina 70 cai MASTERSPORT GERMANY 202221510 pentru SKODA. \u2713 Cod: 202221510 \u2713 Brand: MASTERSPORT \u2713 \u00cen stoc \u2713 Livrare 24h \u2713 Garan\u021bie!","robots":{"index":"index","follow":"follow","max-snippet":"max-snippet:-1","max-image-preview":"max-image-preview:large","max-video-preview":"max-video-preview:-1"},"og_locale":"en_US","og_type":"article","og_title":"Set frana frana disc SKODA ROOMSTER (5J7) 1.2 benzina 70 cai MASTERSPORT GERMANY 202221510 SKODA | MASTERSPORT - Autorival","og_description":"\u26a1 Set frana frana disc SKODA ROOMSTER (5J7) 1.2 benzina 70 cai MASTERSPORT GERMANY 202221510 pentru SKODA. \u2713 Cod: 202221510 \u2713 Brand: MASTERSPORT \u2713 \u00cen stoc \u2713 Livrare 24h \u2713 Garan\u021bie!","og_url":"https:\/\/autorival.ro\/skoda\/produs\/set-frana-frana-disc-skoda-roomster-5j7-1-2-benzina-70-cai-mastersport-germany-202221510\/","og_site_name":"SKODA","og_image":[{"width":1500,"height":1500,"url":"https:\/\/autorival.ro\/skoda\/wp-content\/uploads\/sites\/10\/2025\/07\/202221510-4.jpg","type":"image\/jpeg"}],"twitter_card":"summary_large_image","twitter_title":"Set frana frana disc SKODA ROOMSTER (5J7) 1.2 benzina 70 cai MASTERSPORT GERMANY 202221510 SKODA | MASTERSPORT - Autorival","twitter_description":"\u26a1 Set frana frana disc SKODA ROOMSTER (5J7) 1.2 benzina 70 cai MASTERSPORT GERMANY 202221510 pentru SKODA. \u2713 Cod: 202221510 \u2713 Brand: MASTERSPORT \u2713 \u00cen stoc \u2713 Livrare 24h \u2713 Garan\u021bie!","schema":{"@context":"https:\/\/schema.org","@graph":[{"@type":"WebPage","@id":"https:\/\/autorival.ro\/skoda\/produs\/set-frana-frana-disc-skoda-roomster-5j7-1-2-benzina-70-cai-mastersport-germany-202221510\/","url":"https:\/\/autorival.ro\/skoda\/produs\/set-frana-frana-disc-skoda-roomster-5j7-1-2-benzina-70-cai-mastersport-germany-202221510\/","name":"Set frana frana disc SKODA ROOMSTER (5J7) 1.2 benzina 70 cai MASTERSPORT GERMANY 202221510 SKODA | MASTERSPORT - Autorival","isPartOf":{"@id":"https:\/\/autorival.ro\/skoda\/#website"},"primaryImageOfPage":{"@id":"https:\/\/autorival.ro\/skoda\/produs\/set-frana-frana-disc-skoda-roomster-5j7-1-2-benzina-70-cai-mastersport-germany-202221510\/#primaryimage"},"image":{"@id":"https:\/\/autorival.ro\/skoda\/produs\/set-frana-frana-disc-skoda-roomster-5j7-1-2-benzina-70-cai-mastersport-germany-202221510\/#primaryimage"},"thumbnailUrl":"https:\/\/autorival.ro\/skoda\/wp-content\/uploads\/sites\/10\/2025\/07\/202221510-4.jpg","datePublished":"2025-07-22T12:58:52+00:00","description":"\u26a1 Set frana frana disc SKODA ROOMSTER (5J7) 1.2 benzina 70 cai MASTERSPORT GERMANY 202221510 pentru SKODA. \u2713 Cod: 202221510 \u2713 Brand: MASTERSPORT \u2713 \u00cen stoc \u2713 Livrare 24h \u2713 Garan\u021bie!","breadcrumb":{"@id":"https:\/\/autorival.ro\/skoda\/produs\/set-frana-frana-disc-skoda-roomster-5j7-1-2-benzina-70-cai-mastersport-germany-202221510\/#breadcrumb"},"inLanguage":"en-US","potentialAction":[{"@type":"ReadAction","target":["https:\/\/autorival.ro\/skoda\/produs\/set-frana-frana-disc-skoda-roomster-5j7-1-2-benzina-70-cai-mastersport-germany-202221510\/"]}]},{"@type":"ImageObject","inLanguage":"en-US","@id":"https:\/\/autorival.ro\/skoda\/produs\/set-frana-frana-disc-skoda-roomster-5j7-1-2-benzina-70-cai-mastersport-germany-202221510\/#primaryimage","url":"https:\/\/autorival.ro\/skoda\/wp-content\/uploads\/sites\/10\/2025\/07\/202221510-4.jpg","contentUrl":"https:\/\/autorival.ro\/skoda\/wp-content\/uploads\/sites\/10\/2025\/07\/202221510-4.jpg","width":1500,"height":1500},{"@type":"BreadcrumbList","@id":"https:\/\/autorival.ro\/skoda\/produs\/set-frana-frana-disc-skoda-roomster-5j7-1-2-benzina-70-cai-mastersport-germany-202221510\/#breadcrumb","itemListElement":[{"@type":"ListItem","position":1,"name":"Prima pagin\u0103","item":"https:\/\/autorival.ro\/skoda\/"},{"@type":"ListItem","position":2,"name":"Piese auto SKODA","item":"https:\/\/autorival.ro\/skoda\/"},{"@type":"ListItem","position":3,"name":"Set frana frana disc SKODA ROOMSTER (5J7) 1.2 benzina 70 cai MASTERSPORT GERMANY 202221510"}]},{"@type":"WebSite","@id":"https:\/\/autorival.ro\/skoda\/#website","url":"https:\/\/autorival.ro\/skoda\/","name":"SKODA","description":"","potentialAction":[{"@type":"SearchAction","target":{"@type":"EntryPoint","urlTemplate":"https:\/\/autorival.ro\/skoda\/?s={search_term_string}"},"query-input":{"@type":"PropertyValueSpecification","valueRequired":true,"valueName":"search_term_string"}}],"inLanguage":"en-US"}]}},"_links":{"self":[{"href":"https:\/\/autorival.ro\/skoda\/wp-json\/wp\/v2\/product\/516984","targetHints":{"allow":["GET"]}}],"collection":[{"href":"https:\/\/autorival.ro\/skoda\/wp-json\/wp\/v2\/product"}],"about":[{"href":"https:\/\/autorival.ro\/skoda\/wp-json\/wp\/v2\/types\/product"}],"replies":[{"embeddable":true,"href":"https:\/\/autorival.ro\/skoda\/wp-json\/wp\/v2\/comments?post=516984"}],"wp:featuredmedia":[{"embeddable":true,"href":"https:\/\/autorival.ro\/skoda\/wp-json\/wp\/v2\/media\/516985"}],"wp:attachment":[{"href":"https:\/\/autorival.ro\/skoda\/wp-json\/wp\/v2\/media?parent=516984"}],"wp:term":[{"taxonomy":"product_brand","embeddable":true,"href":"https:\/\/autorival.ro\/skoda\/wp-json\/wp\/v2\/product_brand?post=516984"},{"taxonomy":"product_cat","embeddable":true,"href":"https:\/\/autorival.ro\/skoda\/wp-json\/wp\/v2\/product_cat?post=516984"},{"taxonomy":"product_tag","embeddable":true,"href":"https:\/\/autorival.ro\/skoda\/wp-json\/wp\/v2\/product_tag?post=516984"}],"curies":[{"name":"wp","href":"https:\/\/api.w.org\/{rel}","templated":true}]}}