{"id":478638,"date":"2025-07-21T18:52:42","date_gmt":"2025-07-21T18:52:42","guid":{"rendered":"https:\/\/autorival.ro\/skoda\/product\/senzor-temperatura-exterioara-skoda-yeti-5l-2-0-tdi-4x4-diesel-110-cai-vemo-v10-72-1114\/"},"modified":"2025-07-21T18:52:42","modified_gmt":"2025-07-21T18:52:42","slug":"senzor-temperatura-exterioara-skoda-yeti-5l-2-0-tdi-4x4-diesel-110-cai-vemo-v10-72-1114","status":"publish","type":"product","link":"https:\/\/autorival.ro\/skoda\/produs\/senzor-temperatura-exterioara-skoda-yeti-5l-2-0-tdi-4x4-diesel-110-cai-vemo-v10-72-1114\/","title":{"rendered":"Senzor temperatura exterioara SKODA YETI (5L) 2.0 TDI 4&#215;4 diesel 110 cai VEMO V10-72-1114"},"content":{"rendered":"<p>Pana la an model: 2013 ->Lungime [mm]: 36 ->Latime [mm]: 17\u00cenaltime [mm]: 13 ->Greutate [kg]: 0,035Echipament vehicul: pentru vehicule cu aer conditionatNum\u0103rul conexiunilor cu muf\u0103: 2<\/p>\n","protected":false},"excerpt":{"rendered":"<p>Producator: VEMO Cod producator: V10-72-1114<\/p>\n","protected":false},"featured_media":478639,"comment_status":"open","ping_status":"closed","template":"","meta":[],"product_brand":[399],"product_cat":[18269],"product_tag":[25599,26206,25586,25594,26194,25654,25596],"class_list":{"0":"post-478638","1":"product","2":"type-product","3":"status-publish","4":"has-post-thumbnail","6":"product_brand-vemo","7":"product_cat-senzor-temperatura-exterioara-5l-2-0-tdi-4x4-diesel-110","8":"product_tag-exterioara","9":"product_tag-senzor","10":"product_tag-skoda","11":"product_tag-tdi","12":"product_tag-temperatura","13":"product_tag-vemo","14":"product_tag-yeti","16":"first","17":"instock","18":"shipping-taxable","19":"purchasable","20":"product-type-simple"},"yoast_head":"<!-- This site is optimized with the Yoast SEO plugin v27.3 - https:\/\/yoast.com\/product\/yoast-seo-wordpress\/ -->\n<title>Senzor temperatura exterioara SKODA YETI (5L) 2.0 TDI 4&#215;4 diesel 110 cai VEMO V10-72-1114 SKODA | VEMO - Autorival<\/title>\n<meta name=\"description\" content=\"\u26a1 Senzor temperatura exterioara SKODA YETI (5L) 2.0 TDI 4&#215;4 diesel 110 cai VEMO V10-72-1114 pentru SKODA. \u2713 Cod: V10-72-1114 \u2713 Brand: VEMO \u2713 \u00cen stoc \u2713 Livrare 24h \u2713 Garan\u021bie!\" \/>\n<meta name=\"robots\" content=\"index, follow, max-snippet:-1, max-image-preview:large, max-video-preview:-1\" \/>\n<meta property=\"og:locale\" content=\"en_US\" \/>\n<meta property=\"og:type\" content=\"article\" \/>\n<meta property=\"og:title\" content=\"Senzor temperatura exterioara SKODA YETI (5L) 2.0 TDI 4&#215;4 diesel 110 cai VEMO V10-72-1114 SKODA | VEMO - Autorival\" \/>\n<meta property=\"og:description\" content=\"\u26a1 Senzor temperatura exterioara SKODA YETI (5L) 2.0 TDI 4&#215;4 diesel 110 cai VEMO V10-72-1114 pentru SKODA. \u2713 Cod: V10-72-1114 \u2713 Brand: VEMO \u2713 \u00cen stoc \u2713 Livrare 24h \u2713 Garan\u021bie!\" \/>\n<meta property=\"og:url\" content=\"https:\/\/autorival.ro\/skoda\/produs\/senzor-temperatura-exterioara-skoda-yeti-5l-2-0-tdi-4x4-diesel-110-cai-vemo-v10-72-1114\/\" \/>\n<meta property=\"og:site_name\" content=\"SKODA\" \/>\n<meta property=\"og:image\" content=\"https:\/\/autorival.ro\/skoda\/wp-content\/uploads\/sites\/10\/2025\/07\/v15-77-1024_61-50.jpg\" \/>\n\t<meta property=\"og:image:width\" content=\"2499\" \/>\n\t<meta property=\"og:image:height\" content=\"1666\" \/>\n\t<meta property=\"og:image:type\" content=\"image\/jpeg\" \/>\n<meta name=\"twitter:card\" content=\"summary_large_image\" \/>\n<meta name=\"twitter:title\" content=\"Senzor temperatura exterioara SKODA YETI (5L) 2.0 TDI 4&#215;4 diesel 110 cai VEMO V10-72-1114 SKODA | VEMO - Autorival\" \/>\n<meta name=\"twitter:description\" content=\"\u26a1 Senzor temperatura exterioara SKODA YETI (5L) 2.0 TDI 4&#215;4 diesel 110 cai VEMO V10-72-1114 pentru SKODA. \u2713 Cod: V10-72-1114 \u2713 Brand: VEMO \u2713 \u00cen stoc \u2713 Livrare 24h \u2713 Garan\u021bie!\" \/>\n<script type=\"application\/ld+json\" class=\"yoast-schema-graph\">{\"@context\":\"https:\\\/\\\/schema.org\",\"@graph\":[{\"@type\":\"WebPage\",\"@id\":\"https:\\\/\\\/autorival.ro\\\/skoda\\\/produs\\\/senzor-temperatura-exterioara-skoda-yeti-5l-2-0-tdi-4x4-diesel-110-cai-vemo-v10-72-1114\\\/\",\"url\":\"https:\\\/\\\/autorival.ro\\\/skoda\\\/produs\\\/senzor-temperatura-exterioara-skoda-yeti-5l-2-0-tdi-4x4-diesel-110-cai-vemo-v10-72-1114\\\/\",\"name\":\"Senzor temperatura exterioara SKODA YETI (5L) 2.0 TDI 4&#215;4 diesel 110 cai VEMO V10-72-1114 SKODA | VEMO - Autorival\",\"isPartOf\":{\"@id\":\"https:\\\/\\\/autorival.ro\\\/skoda\\\/#website\"},\"primaryImageOfPage\":{\"@id\":\"https:\\\/\\\/autorival.ro\\\/skoda\\\/produs\\\/senzor-temperatura-exterioara-skoda-yeti-5l-2-0-tdi-4x4-diesel-110-cai-vemo-v10-72-1114\\\/#primaryimage\"},\"image\":{\"@id\":\"https:\\\/\\\/autorival.ro\\\/skoda\\\/produs\\\/senzor-temperatura-exterioara-skoda-yeti-5l-2-0-tdi-4x4-diesel-110-cai-vemo-v10-72-1114\\\/#primaryimage\"},\"thumbnailUrl\":\"https:\\\/\\\/autorival.ro\\\/skoda\\\/wp-content\\\/uploads\\\/sites\\\/10\\\/2025\\\/07\\\/v15-77-1024_61-50.jpg\",\"datePublished\":\"2025-07-21T18:52:42+00:00\",\"description\":\"\u26a1 Senzor temperatura exterioara SKODA YETI (5L) 2.0 TDI 4&#215;4 diesel 110 cai VEMO V10-72-1114 pentru SKODA. \u2713 Cod: V10-72-1114 \u2713 Brand: VEMO \u2713 \u00cen stoc \u2713 Livrare 24h \u2713 Garan\u021bie!\",\"breadcrumb\":{\"@id\":\"https:\\\/\\\/autorival.ro\\\/skoda\\\/produs\\\/senzor-temperatura-exterioara-skoda-yeti-5l-2-0-tdi-4x4-diesel-110-cai-vemo-v10-72-1114\\\/#breadcrumb\"},\"inLanguage\":\"en-US\",\"potentialAction\":[{\"@type\":\"ReadAction\",\"target\":[\"https:\\\/\\\/autorival.ro\\\/skoda\\\/produs\\\/senzor-temperatura-exterioara-skoda-yeti-5l-2-0-tdi-4x4-diesel-110-cai-vemo-v10-72-1114\\\/\"]}]},{\"@type\":\"ImageObject\",\"inLanguage\":\"en-US\",\"@id\":\"https:\\\/\\\/autorival.ro\\\/skoda\\\/produs\\\/senzor-temperatura-exterioara-skoda-yeti-5l-2-0-tdi-4x4-diesel-110-cai-vemo-v10-72-1114\\\/#primaryimage\",\"url\":\"https:\\\/\\\/autorival.ro\\\/skoda\\\/wp-content\\\/uploads\\\/sites\\\/10\\\/2025\\\/07\\\/v15-77-1024_61-50.jpg\",\"contentUrl\":\"https:\\\/\\\/autorival.ro\\\/skoda\\\/wp-content\\\/uploads\\\/sites\\\/10\\\/2025\\\/07\\\/v15-77-1024_61-50.jpg\",\"width\":2499,\"height\":1666},{\"@type\":\"BreadcrumbList\",\"@id\":\"https:\\\/\\\/autorival.ro\\\/skoda\\\/produs\\\/senzor-temperatura-exterioara-skoda-yeti-5l-2-0-tdi-4x4-diesel-110-cai-vemo-v10-72-1114\\\/#breadcrumb\",\"itemListElement\":[{\"@type\":\"ListItem\",\"position\":1,\"name\":\"Prima pagin\u0103\",\"item\":\"https:\\\/\\\/autorival.ro\\\/skoda\\\/\"},{\"@type\":\"ListItem\",\"position\":2,\"name\":\"Piese auto SKODA\",\"item\":\"https:\\\/\\\/autorival.ro\\\/skoda\\\/\"},{\"@type\":\"ListItem\",\"position\":3,\"name\":\"Senzor temperatura exterioara SKODA YETI (5L) 2.0 TDI 4&#215;4 diesel 110 cai VEMO V10-72-1114\"}]},{\"@type\":\"WebSite\",\"@id\":\"https:\\\/\\\/autorival.ro\\\/skoda\\\/#website\",\"url\":\"https:\\\/\\\/autorival.ro\\\/skoda\\\/\",\"name\":\"SKODA\",\"description\":\"\",\"potentialAction\":[{\"@type\":\"SearchAction\",\"target\":{\"@type\":\"EntryPoint\",\"urlTemplate\":\"https:\\\/\\\/autorival.ro\\\/skoda\\\/?s={search_term_string}\"},\"query-input\":{\"@type\":\"PropertyValueSpecification\",\"valueRequired\":true,\"valueName\":\"search_term_string\"}}],\"inLanguage\":\"en-US\"}]}<\/script>\n<!-- \/ Yoast SEO plugin. -->","yoast_head_json":{"title":"Senzor temperatura exterioara SKODA YETI (5L) 2.0 TDI 4&#215;4 diesel 110 cai VEMO V10-72-1114 SKODA | VEMO - Autorival","description":"\u26a1 Senzor temperatura exterioara SKODA YETI (5L) 2.0 TDI 4&#215;4 diesel 110 cai VEMO V10-72-1114 pentru SKODA. \u2713 Cod: V10-72-1114 \u2713 Brand: VEMO \u2713 \u00cen stoc \u2713 Livrare 24h \u2713 Garan\u021bie!","robots":{"index":"index","follow":"follow","max-snippet":"max-snippet:-1","max-image-preview":"max-image-preview:large","max-video-preview":"max-video-preview:-1"},"og_locale":"en_US","og_type":"article","og_title":"Senzor temperatura exterioara SKODA YETI (5L) 2.0 TDI 4&#215;4 diesel 110 cai VEMO V10-72-1114 SKODA | VEMO - Autorival","og_description":"\u26a1 Senzor temperatura exterioara SKODA YETI (5L) 2.0 TDI 4&#215;4 diesel 110 cai VEMO V10-72-1114 pentru SKODA. \u2713 Cod: V10-72-1114 \u2713 Brand: VEMO \u2713 \u00cen stoc \u2713 Livrare 24h \u2713 Garan\u021bie!","og_url":"https:\/\/autorival.ro\/skoda\/produs\/senzor-temperatura-exterioara-skoda-yeti-5l-2-0-tdi-4x4-diesel-110-cai-vemo-v10-72-1114\/","og_site_name":"SKODA","og_image":[{"width":2499,"height":1666,"url":"https:\/\/autorival.ro\/skoda\/wp-content\/uploads\/sites\/10\/2025\/07\/v15-77-1024_61-50.jpg","type":"image\/jpeg"}],"twitter_card":"summary_large_image","twitter_title":"Senzor temperatura exterioara SKODA YETI (5L) 2.0 TDI 4&#215;4 diesel 110 cai VEMO V10-72-1114 SKODA | VEMO - Autorival","twitter_description":"\u26a1 Senzor temperatura exterioara SKODA YETI (5L) 2.0 TDI 4&#215;4 diesel 110 cai VEMO V10-72-1114 pentru SKODA. \u2713 Cod: V10-72-1114 \u2713 Brand: VEMO \u2713 \u00cen stoc \u2713 Livrare 24h \u2713 Garan\u021bie!","schema":{"@context":"https:\/\/schema.org","@graph":[{"@type":"WebPage","@id":"https:\/\/autorival.ro\/skoda\/produs\/senzor-temperatura-exterioara-skoda-yeti-5l-2-0-tdi-4x4-diesel-110-cai-vemo-v10-72-1114\/","url":"https:\/\/autorival.ro\/skoda\/produs\/senzor-temperatura-exterioara-skoda-yeti-5l-2-0-tdi-4x4-diesel-110-cai-vemo-v10-72-1114\/","name":"Senzor temperatura exterioara SKODA YETI (5L) 2.0 TDI 4&#215;4 diesel 110 cai VEMO V10-72-1114 SKODA | VEMO - Autorival","isPartOf":{"@id":"https:\/\/autorival.ro\/skoda\/#website"},"primaryImageOfPage":{"@id":"https:\/\/autorival.ro\/skoda\/produs\/senzor-temperatura-exterioara-skoda-yeti-5l-2-0-tdi-4x4-diesel-110-cai-vemo-v10-72-1114\/#primaryimage"},"image":{"@id":"https:\/\/autorival.ro\/skoda\/produs\/senzor-temperatura-exterioara-skoda-yeti-5l-2-0-tdi-4x4-diesel-110-cai-vemo-v10-72-1114\/#primaryimage"},"thumbnailUrl":"https:\/\/autorival.ro\/skoda\/wp-content\/uploads\/sites\/10\/2025\/07\/v15-77-1024_61-50.jpg","datePublished":"2025-07-21T18:52:42+00:00","description":"\u26a1 Senzor temperatura exterioara SKODA YETI (5L) 2.0 TDI 4&#215;4 diesel 110 cai VEMO V10-72-1114 pentru SKODA. \u2713 Cod: V10-72-1114 \u2713 Brand: VEMO \u2713 \u00cen stoc \u2713 Livrare 24h \u2713 Garan\u021bie!","breadcrumb":{"@id":"https:\/\/autorival.ro\/skoda\/produs\/senzor-temperatura-exterioara-skoda-yeti-5l-2-0-tdi-4x4-diesel-110-cai-vemo-v10-72-1114\/#breadcrumb"},"inLanguage":"en-US","potentialAction":[{"@type":"ReadAction","target":["https:\/\/autorival.ro\/skoda\/produs\/senzor-temperatura-exterioara-skoda-yeti-5l-2-0-tdi-4x4-diesel-110-cai-vemo-v10-72-1114\/"]}]},{"@type":"ImageObject","inLanguage":"en-US","@id":"https:\/\/autorival.ro\/skoda\/produs\/senzor-temperatura-exterioara-skoda-yeti-5l-2-0-tdi-4x4-diesel-110-cai-vemo-v10-72-1114\/#primaryimage","url":"https:\/\/autorival.ro\/skoda\/wp-content\/uploads\/sites\/10\/2025\/07\/v15-77-1024_61-50.jpg","contentUrl":"https:\/\/autorival.ro\/skoda\/wp-content\/uploads\/sites\/10\/2025\/07\/v15-77-1024_61-50.jpg","width":2499,"height":1666},{"@type":"BreadcrumbList","@id":"https:\/\/autorival.ro\/skoda\/produs\/senzor-temperatura-exterioara-skoda-yeti-5l-2-0-tdi-4x4-diesel-110-cai-vemo-v10-72-1114\/#breadcrumb","itemListElement":[{"@type":"ListItem","position":1,"name":"Prima pagin\u0103","item":"https:\/\/autorival.ro\/skoda\/"},{"@type":"ListItem","position":2,"name":"Piese auto SKODA","item":"https:\/\/autorival.ro\/skoda\/"},{"@type":"ListItem","position":3,"name":"Senzor temperatura exterioara SKODA YETI (5L) 2.0 TDI 4&#215;4 diesel 110 cai VEMO V10-72-1114"}]},{"@type":"WebSite","@id":"https:\/\/autorival.ro\/skoda\/#website","url":"https:\/\/autorival.ro\/skoda\/","name":"SKODA","description":"","potentialAction":[{"@type":"SearchAction","target":{"@type":"EntryPoint","urlTemplate":"https:\/\/autorival.ro\/skoda\/?s={search_term_string}"},"query-input":{"@type":"PropertyValueSpecification","valueRequired":true,"valueName":"search_term_string"}}],"inLanguage":"en-US"}]}},"_links":{"self":[{"href":"https:\/\/autorival.ro\/skoda\/wp-json\/wp\/v2\/product\/478638","targetHints":{"allow":["GET"]}}],"collection":[{"href":"https:\/\/autorival.ro\/skoda\/wp-json\/wp\/v2\/product"}],"about":[{"href":"https:\/\/autorival.ro\/skoda\/wp-json\/wp\/v2\/types\/product"}],"replies":[{"embeddable":true,"href":"https:\/\/autorival.ro\/skoda\/wp-json\/wp\/v2\/comments?post=478638"}],"wp:featuredmedia":[{"embeddable":true,"href":"https:\/\/autorival.ro\/skoda\/wp-json\/wp\/v2\/media\/478639"}],"wp:attachment":[{"href":"https:\/\/autorival.ro\/skoda\/wp-json\/wp\/v2\/media?parent=478638"}],"wp:term":[{"taxonomy":"product_brand","embeddable":true,"href":"https:\/\/autorival.ro\/skoda\/wp-json\/wp\/v2\/product_brand?post=478638"},{"taxonomy":"product_cat","embeddable":true,"href":"https:\/\/autorival.ro\/skoda\/wp-json\/wp\/v2\/product_cat?post=478638"},{"taxonomy":"product_tag","embeddable":true,"href":"https:\/\/autorival.ro\/skoda\/wp-json\/wp\/v2\/product_tag?post=478638"}],"curies":[{"name":"wp","href":"https:\/\/api.w.org\/{rel}","templated":true}]}}