{"id":443888,"date":"2025-07-21T03:45:35","date_gmt":"2025-07-21T03:45:35","guid":{"rendered":"https:\/\/autorival.ro\/skoda\/product\/sensor-ajutor-parcare-skoda-rapid-nh3-nk3-nk6-1-0-tsi-benzina-95-cai-oe-vw-5q0919275bg2x\/"},"modified":"2025-07-21T03:45:35","modified_gmt":"2025-07-21T03:45:35","slug":"sensor-ajutor-parcare-skoda-rapid-nh3-nk3-nk6-1-0-tsi-benzina-95-cai-oe-vw-5q0919275bg2x","status":"publish","type":"product","link":"https:\/\/autorival.ro\/skoda\/produs\/sensor-ajutor-parcare-skoda-rapid-nh3-nk3-nk6-1-0-tsi-benzina-95-cai-oe-vw-5q0919275bg2x\/","title":{"rendered":"Sensor ajutor parcare SKODA RAPID (NH3, NK3, NK6) 1.0 TSI benzina 95 cai OE VW 5Q0919275BG2X"},"content":{"rendered":"<p>An fabricatie de la: 201707Partea de montare: exterior, interior, stanga, dreaptaTip senzor: senzor ultrasunetePartea de montare: fata, spateProprietati chimice: vopsibil ->Lungime [mm]: 41 ->Latime [mm]: 23\u00cenaltime [mm]: 28,7Num\u0103rul conexiunilor cu muf\u0103: 3 ->Diametru [mm]: 15,5 ->Greutate [kg]: 0,029<\/p>\n","protected":false},"excerpt":{"rendered":"<p>Producator: OE VW Cod producator: 5Q0919275BG2X<\/p>\n","protected":false},"featured_media":443889,"comment_status":"open","ping_status":"closed","template":"","meta":[],"product_brand":[241],"product_cat":[16504],"product_tag":[25608,25616,25607,26706,25586,25593,25617],"class_list":{"0":"post-443888","1":"product","2":"type-product","3":"status-publish","4":"has-post-thumbnail","6":"product_brand-oe-vw","7":"product_cat-sensor-ajutor-parcare-nh3-nk3-nk6-1-0-tsi-benzina-95","8":"product_tag-nk","9":"product_tag-oe","10":"product_tag-rapid","11":"product_tag-sensor","12":"product_tag-skoda","13":"product_tag-tsi","14":"product_tag-vw","16":"first","17":"instock","18":"shipping-taxable","19":"purchasable","20":"product-type-simple"},"yoast_head":"<!-- This site is optimized with the Yoast SEO plugin v27.3 - https:\/\/yoast.com\/product\/yoast-seo-wordpress\/ -->\n<title>Sensor ajutor parcare SKODA RAPID (NH3, NK3, NK6) 1.0 TSI benzina 95 cai OE VW 5Q0919275BG2X SKODA | OE - Autorival<\/title>\n<meta name=\"description\" content=\"\u26a1 Sensor ajutor parcare SKODA RAPID (NH3, NK3, NK6) 1.0 TSI benzina 95 cai OE VW 5Q0919275BG2X pentru SKODA. \u2713 Cod: 5Q0919275BG2X \u2713 Brand: OE \u2713 \u00cen stoc \u2713 Livrare 24h \u2713 Garan\u021bie!\" \/>\n<meta name=\"robots\" content=\"index, follow, max-snippet:-1, max-image-preview:large, max-video-preview:-1\" \/>\n<meta property=\"og:locale\" content=\"en_US\" \/>\n<meta property=\"og:type\" content=\"article\" \/>\n<meta property=\"og:title\" content=\"Sensor ajutor parcare SKODA RAPID (NH3, NK3, NK6) 1.0 TSI benzina 95 cai OE VW 5Q0919275BG2X SKODA | OE - Autorival\" \/>\n<meta property=\"og:description\" content=\"\u26a1 Sensor ajutor parcare SKODA RAPID (NH3, NK3, NK6) 1.0 TSI benzina 95 cai OE VW 5Q0919275BG2X pentru SKODA. \u2713 Cod: 5Q0919275BG2X \u2713 Brand: OE \u2713 \u00cen stoc \u2713 Livrare 24h \u2713 Garan\u021bie!\" \/>\n<meta property=\"og:url\" content=\"https:\/\/autorival.ro\/skoda\/produs\/sensor-ajutor-parcare-skoda-rapid-nh3-nk3-nk6-1-0-tsi-benzina-95-cai-oe-vw-5q0919275bg2x\/\" \/>\n<meta property=\"og:site_name\" content=\"SKODA\" \/>\n<meta property=\"og:image\" content=\"https:\/\/autorival.ro\/skoda\/wp-content\/uploads\/sites\/10\/2025\/07\/OE20VW-14845.png\" \/>\n\t<meta property=\"og:image:width\" content=\"600\" \/>\n\t<meta property=\"og:image:height\" content=\"599\" \/>\n\t<meta property=\"og:image:type\" content=\"image\/png\" \/>\n<meta name=\"twitter:card\" content=\"summary_large_image\" \/>\n<meta name=\"twitter:title\" content=\"Sensor ajutor parcare SKODA RAPID (NH3, NK3, NK6) 1.0 TSI benzina 95 cai OE VW 5Q0919275BG2X SKODA | OE - Autorival\" \/>\n<meta name=\"twitter:description\" content=\"\u26a1 Sensor ajutor parcare SKODA RAPID (NH3, NK3, NK6) 1.0 TSI benzina 95 cai OE VW 5Q0919275BG2X pentru SKODA. \u2713 Cod: 5Q0919275BG2X \u2713 Brand: OE \u2713 \u00cen stoc \u2713 Livrare 24h \u2713 Garan\u021bie!\" \/>\n<script type=\"application\/ld+json\" class=\"yoast-schema-graph\">{\"@context\":\"https:\\\/\\\/schema.org\",\"@graph\":[{\"@type\":\"WebPage\",\"@id\":\"https:\\\/\\\/autorival.ro\\\/skoda\\\/produs\\\/sensor-ajutor-parcare-skoda-rapid-nh3-nk3-nk6-1-0-tsi-benzina-95-cai-oe-vw-5q0919275bg2x\\\/\",\"url\":\"https:\\\/\\\/autorival.ro\\\/skoda\\\/produs\\\/sensor-ajutor-parcare-skoda-rapid-nh3-nk3-nk6-1-0-tsi-benzina-95-cai-oe-vw-5q0919275bg2x\\\/\",\"name\":\"Sensor ajutor parcare SKODA RAPID (NH3, NK3, NK6) 1.0 TSI benzina 95 cai OE VW 5Q0919275BG2X SKODA | OE - Autorival\",\"isPartOf\":{\"@id\":\"https:\\\/\\\/autorival.ro\\\/skoda\\\/#website\"},\"primaryImageOfPage\":{\"@id\":\"https:\\\/\\\/autorival.ro\\\/skoda\\\/produs\\\/sensor-ajutor-parcare-skoda-rapid-nh3-nk3-nk6-1-0-tsi-benzina-95-cai-oe-vw-5q0919275bg2x\\\/#primaryimage\"},\"image\":{\"@id\":\"https:\\\/\\\/autorival.ro\\\/skoda\\\/produs\\\/sensor-ajutor-parcare-skoda-rapid-nh3-nk3-nk6-1-0-tsi-benzina-95-cai-oe-vw-5q0919275bg2x\\\/#primaryimage\"},\"thumbnailUrl\":\"https:\\\/\\\/autorival.ro\\\/skoda\\\/wp-content\\\/uploads\\\/sites\\\/10\\\/2025\\\/07\\\/OE20VW-14845.png\",\"datePublished\":\"2025-07-21T03:45:35+00:00\",\"description\":\"\u26a1 Sensor ajutor parcare SKODA RAPID (NH3, NK3, NK6) 1.0 TSI benzina 95 cai OE VW 5Q0919275BG2X pentru SKODA. \u2713 Cod: 5Q0919275BG2X \u2713 Brand: OE \u2713 \u00cen stoc \u2713 Livrare 24h \u2713 Garan\u021bie!\",\"breadcrumb\":{\"@id\":\"https:\\\/\\\/autorival.ro\\\/skoda\\\/produs\\\/sensor-ajutor-parcare-skoda-rapid-nh3-nk3-nk6-1-0-tsi-benzina-95-cai-oe-vw-5q0919275bg2x\\\/#breadcrumb\"},\"inLanguage\":\"en-US\",\"potentialAction\":[{\"@type\":\"ReadAction\",\"target\":[\"https:\\\/\\\/autorival.ro\\\/skoda\\\/produs\\\/sensor-ajutor-parcare-skoda-rapid-nh3-nk3-nk6-1-0-tsi-benzina-95-cai-oe-vw-5q0919275bg2x\\\/\"]}]},{\"@type\":\"ImageObject\",\"inLanguage\":\"en-US\",\"@id\":\"https:\\\/\\\/autorival.ro\\\/skoda\\\/produs\\\/sensor-ajutor-parcare-skoda-rapid-nh3-nk3-nk6-1-0-tsi-benzina-95-cai-oe-vw-5q0919275bg2x\\\/#primaryimage\",\"url\":\"https:\\\/\\\/autorival.ro\\\/skoda\\\/wp-content\\\/uploads\\\/sites\\\/10\\\/2025\\\/07\\\/OE20VW-14845.png\",\"contentUrl\":\"https:\\\/\\\/autorival.ro\\\/skoda\\\/wp-content\\\/uploads\\\/sites\\\/10\\\/2025\\\/07\\\/OE20VW-14845.png\",\"width\":600,\"height\":599},{\"@type\":\"BreadcrumbList\",\"@id\":\"https:\\\/\\\/autorival.ro\\\/skoda\\\/produs\\\/sensor-ajutor-parcare-skoda-rapid-nh3-nk3-nk6-1-0-tsi-benzina-95-cai-oe-vw-5q0919275bg2x\\\/#breadcrumb\",\"itemListElement\":[{\"@type\":\"ListItem\",\"position\":1,\"name\":\"Prima pagin\u0103\",\"item\":\"https:\\\/\\\/autorival.ro\\\/skoda\\\/\"},{\"@type\":\"ListItem\",\"position\":2,\"name\":\"Piese auto SKODA\",\"item\":\"https:\\\/\\\/autorival.ro\\\/skoda\\\/\"},{\"@type\":\"ListItem\",\"position\":3,\"name\":\"Sensor ajutor parcare SKODA RAPID (NH3, NK3, NK6) 1.0 TSI benzina 95 cai OE VW 5Q0919275BG2X\"}]},{\"@type\":\"WebSite\",\"@id\":\"https:\\\/\\\/autorival.ro\\\/skoda\\\/#website\",\"url\":\"https:\\\/\\\/autorival.ro\\\/skoda\\\/\",\"name\":\"SKODA\",\"description\":\"\",\"potentialAction\":[{\"@type\":\"SearchAction\",\"target\":{\"@type\":\"EntryPoint\",\"urlTemplate\":\"https:\\\/\\\/autorival.ro\\\/skoda\\\/?s={search_term_string}\"},\"query-input\":{\"@type\":\"PropertyValueSpecification\",\"valueRequired\":true,\"valueName\":\"search_term_string\"}}],\"inLanguage\":\"en-US\"}]}<\/script>\n<!-- \/ Yoast SEO plugin. -->","yoast_head_json":{"title":"Sensor ajutor parcare SKODA RAPID (NH3, NK3, NK6) 1.0 TSI benzina 95 cai OE VW 5Q0919275BG2X SKODA | OE - Autorival","description":"\u26a1 Sensor ajutor parcare SKODA RAPID (NH3, NK3, NK6) 1.0 TSI benzina 95 cai OE VW 5Q0919275BG2X pentru SKODA. \u2713 Cod: 5Q0919275BG2X \u2713 Brand: OE \u2713 \u00cen stoc \u2713 Livrare 24h \u2713 Garan\u021bie!","robots":{"index":"index","follow":"follow","max-snippet":"max-snippet:-1","max-image-preview":"max-image-preview:large","max-video-preview":"max-video-preview:-1"},"og_locale":"en_US","og_type":"article","og_title":"Sensor ajutor parcare SKODA RAPID (NH3, NK3, NK6) 1.0 TSI benzina 95 cai OE VW 5Q0919275BG2X SKODA | OE - Autorival","og_description":"\u26a1 Sensor ajutor parcare SKODA RAPID (NH3, NK3, NK6) 1.0 TSI benzina 95 cai OE VW 5Q0919275BG2X pentru SKODA. \u2713 Cod: 5Q0919275BG2X \u2713 Brand: OE \u2713 \u00cen stoc \u2713 Livrare 24h \u2713 Garan\u021bie!","og_url":"https:\/\/autorival.ro\/skoda\/produs\/sensor-ajutor-parcare-skoda-rapid-nh3-nk3-nk6-1-0-tsi-benzina-95-cai-oe-vw-5q0919275bg2x\/","og_site_name":"SKODA","og_image":[{"width":600,"height":599,"url":"https:\/\/autorival.ro\/skoda\/wp-content\/uploads\/sites\/10\/2025\/07\/OE20VW-14845.png","type":"image\/png"}],"twitter_card":"summary_large_image","twitter_title":"Sensor ajutor parcare SKODA RAPID (NH3, NK3, NK6) 1.0 TSI benzina 95 cai OE VW 5Q0919275BG2X SKODA | OE - Autorival","twitter_description":"\u26a1 Sensor ajutor parcare SKODA RAPID (NH3, NK3, NK6) 1.0 TSI benzina 95 cai OE VW 5Q0919275BG2X pentru SKODA. \u2713 Cod: 5Q0919275BG2X \u2713 Brand: OE \u2713 \u00cen stoc \u2713 Livrare 24h \u2713 Garan\u021bie!","schema":{"@context":"https:\/\/schema.org","@graph":[{"@type":"WebPage","@id":"https:\/\/autorival.ro\/skoda\/produs\/sensor-ajutor-parcare-skoda-rapid-nh3-nk3-nk6-1-0-tsi-benzina-95-cai-oe-vw-5q0919275bg2x\/","url":"https:\/\/autorival.ro\/skoda\/produs\/sensor-ajutor-parcare-skoda-rapid-nh3-nk3-nk6-1-0-tsi-benzina-95-cai-oe-vw-5q0919275bg2x\/","name":"Sensor ajutor parcare SKODA RAPID (NH3, NK3, NK6) 1.0 TSI benzina 95 cai OE VW 5Q0919275BG2X SKODA | OE - Autorival","isPartOf":{"@id":"https:\/\/autorival.ro\/skoda\/#website"},"primaryImageOfPage":{"@id":"https:\/\/autorival.ro\/skoda\/produs\/sensor-ajutor-parcare-skoda-rapid-nh3-nk3-nk6-1-0-tsi-benzina-95-cai-oe-vw-5q0919275bg2x\/#primaryimage"},"image":{"@id":"https:\/\/autorival.ro\/skoda\/produs\/sensor-ajutor-parcare-skoda-rapid-nh3-nk3-nk6-1-0-tsi-benzina-95-cai-oe-vw-5q0919275bg2x\/#primaryimage"},"thumbnailUrl":"https:\/\/autorival.ro\/skoda\/wp-content\/uploads\/sites\/10\/2025\/07\/OE20VW-14845.png","datePublished":"2025-07-21T03:45:35+00:00","description":"\u26a1 Sensor ajutor parcare SKODA RAPID (NH3, NK3, NK6) 1.0 TSI benzina 95 cai OE VW 5Q0919275BG2X pentru SKODA. \u2713 Cod: 5Q0919275BG2X \u2713 Brand: OE \u2713 \u00cen stoc \u2713 Livrare 24h \u2713 Garan\u021bie!","breadcrumb":{"@id":"https:\/\/autorival.ro\/skoda\/produs\/sensor-ajutor-parcare-skoda-rapid-nh3-nk3-nk6-1-0-tsi-benzina-95-cai-oe-vw-5q0919275bg2x\/#breadcrumb"},"inLanguage":"en-US","potentialAction":[{"@type":"ReadAction","target":["https:\/\/autorival.ro\/skoda\/produs\/sensor-ajutor-parcare-skoda-rapid-nh3-nk3-nk6-1-0-tsi-benzina-95-cai-oe-vw-5q0919275bg2x\/"]}]},{"@type":"ImageObject","inLanguage":"en-US","@id":"https:\/\/autorival.ro\/skoda\/produs\/sensor-ajutor-parcare-skoda-rapid-nh3-nk3-nk6-1-0-tsi-benzina-95-cai-oe-vw-5q0919275bg2x\/#primaryimage","url":"https:\/\/autorival.ro\/skoda\/wp-content\/uploads\/sites\/10\/2025\/07\/OE20VW-14845.png","contentUrl":"https:\/\/autorival.ro\/skoda\/wp-content\/uploads\/sites\/10\/2025\/07\/OE20VW-14845.png","width":600,"height":599},{"@type":"BreadcrumbList","@id":"https:\/\/autorival.ro\/skoda\/produs\/sensor-ajutor-parcare-skoda-rapid-nh3-nk3-nk6-1-0-tsi-benzina-95-cai-oe-vw-5q0919275bg2x\/#breadcrumb","itemListElement":[{"@type":"ListItem","position":1,"name":"Prima pagin\u0103","item":"https:\/\/autorival.ro\/skoda\/"},{"@type":"ListItem","position":2,"name":"Piese auto SKODA","item":"https:\/\/autorival.ro\/skoda\/"},{"@type":"ListItem","position":3,"name":"Sensor ajutor parcare SKODA RAPID (NH3, NK3, NK6) 1.0 TSI benzina 95 cai OE VW 5Q0919275BG2X"}]},{"@type":"WebSite","@id":"https:\/\/autorival.ro\/skoda\/#website","url":"https:\/\/autorival.ro\/skoda\/","name":"SKODA","description":"","potentialAction":[{"@type":"SearchAction","target":{"@type":"EntryPoint","urlTemplate":"https:\/\/autorival.ro\/skoda\/?s={search_term_string}"},"query-input":{"@type":"PropertyValueSpecification","valueRequired":true,"valueName":"search_term_string"}}],"inLanguage":"en-US"}]}},"_links":{"self":[{"href":"https:\/\/autorival.ro\/skoda\/wp-json\/wp\/v2\/product\/443888","targetHints":{"allow":["GET"]}}],"collection":[{"href":"https:\/\/autorival.ro\/skoda\/wp-json\/wp\/v2\/product"}],"about":[{"href":"https:\/\/autorival.ro\/skoda\/wp-json\/wp\/v2\/types\/product"}],"replies":[{"embeddable":true,"href":"https:\/\/autorival.ro\/skoda\/wp-json\/wp\/v2\/comments?post=443888"}],"wp:featuredmedia":[{"embeddable":true,"href":"https:\/\/autorival.ro\/skoda\/wp-json\/wp\/v2\/media\/443889"}],"wp:attachment":[{"href":"https:\/\/autorival.ro\/skoda\/wp-json\/wp\/v2\/media?parent=443888"}],"wp:term":[{"taxonomy":"product_brand","embeddable":true,"href":"https:\/\/autorival.ro\/skoda\/wp-json\/wp\/v2\/product_brand?post=443888"},{"taxonomy":"product_cat","embeddable":true,"href":"https:\/\/autorival.ro\/skoda\/wp-json\/wp\/v2\/product_cat?post=443888"},{"taxonomy":"product_tag","embeddable":true,"href":"https:\/\/autorival.ro\/skoda\/wp-json\/wp\/v2\/product_tag?post=443888"}],"curies":[{"name":"wp","href":"https:\/\/api.w.org\/{rel}","templated":true}]}}