{"id":4324,"date":"2025-07-17T08:51:25","date_gmt":"2025-07-17T08:51:25","guid":{"rendered":"https:\/\/autorival.ro\/skoda\/product\/alternator-skoda-rapid-nh3-nk3-nk6-1-0-tsi-benzina-95-cai-valeo-439724\/"},"modified":"2025-07-17T08:51:25","modified_gmt":"2025-07-17T08:51:25","slug":"alternator-skoda-rapid-nh3-nk3-nk6-1-0-tsi-benzina-95-cai-valeo-439724","status":"publish","type":"product","link":"https:\/\/autorival.ro\/skoda\/produs\/alternator-skoda-rapid-nh3-nk3-nk6-1-0-tsi-benzina-95-cai-valeo-439724\/","title":{"rendered":"Alternator SKODA RAPID (NH3, NK3, NK6) 1.0 TSI benzina 95 cai VALEO 439724"},"content":{"rendered":"<p>Cod motor: CHZB, DKLDRestrictiile producatorului: BOSCHEchipament vehicul: Pentru autovehicole cu Functie-Strat-StopPies\u0103 nou\u0103 f\u0103r\u0103 gajTensiune [V]: 14Curent de incarcare generator [A]: 140Tip centura de siguranta: Fixare \u00een patru punctePozitie\/Grade: R 90Directia de rotatie: rotatie contrar acelor de ceasornicRole: cu rola curea, cu rola curea cu cuplaj unisensNumar nervuri: 6Fulie curea \u00d8 [mm]: 57Cuplaj\/clema: fara racord pentru turometruClema: B+ ->Greutate [kg]: 7,7<\/p>\n","protected":false},"excerpt":{"rendered":"<p>Producator: VALEO Cod producator: 439724<\/p>\n","protected":false},"featured_media":4325,"comment_status":"open","ping_status":"closed","template":"","meta":[],"product_brand":[361],"product_cat":[388],"product_tag":[25631,25608,25607,25586,25593,25636],"class_list":{"0":"post-4324","1":"product","2":"type-product","3":"status-publish","4":"has-post-thumbnail","6":"product_brand-valeo","7":"product_cat-alternator-nh3-nk3-nk6-1-0-tsi-benzina-95","8":"product_tag-alternator","9":"product_tag-nk","10":"product_tag-rapid","11":"product_tag-skoda","12":"product_tag-tsi","13":"product_tag-valeo","15":"first","16":"instock","17":"shipping-taxable","18":"purchasable","19":"product-type-simple"},"yoast_head":"<!-- This site is optimized with the Yoast SEO plugin v27.3 - https:\/\/yoast.com\/product\/yoast-seo-wordpress\/ -->\n<title>Alternator SKODA RAPID (NH3, NK3, NK6) 1.0 TSI benzina 95 cai VALEO 439724 SKODA | VALEO - Autorival<\/title>\n<meta name=\"description\" content=\"\u26a1 Alternator SKODA RAPID (NH3, NK3, NK6) 1.0 TSI benzina 95 cai VALEO 439724 pentru SKODA. \u2713 Cod: 439724 \u2713 Brand: VALEO \u2713 \u00cen stoc \u2713 Livrare 24h \u2713 Garan\u021bie!\" \/>\n<meta name=\"robots\" content=\"index, follow, max-snippet:-1, max-image-preview:large, max-video-preview:-1\" \/>\n<meta property=\"og:locale\" content=\"en_US\" \/>\n<meta property=\"og:type\" content=\"article\" \/>\n<meta property=\"og:title\" content=\"Alternator SKODA RAPID (NH3, NK3, NK6) 1.0 TSI benzina 95 cai VALEO 439724 SKODA | VALEO - Autorival\" \/>\n<meta property=\"og:description\" content=\"\u26a1 Alternator SKODA RAPID (NH3, NK3, NK6) 1.0 TSI benzina 95 cai VALEO 439724 pentru SKODA. \u2713 Cod: 439724 \u2713 Brand: VALEO \u2713 \u00cen stoc \u2713 Livrare 24h \u2713 Garan\u021bie!\" \/>\n<meta property=\"og:url\" content=\"https:\/\/autorival.ro\/skoda\/produs\/alternator-skoda-rapid-nh3-nk3-nk6-1-0-tsi-benzina-95-cai-valeo-439724\/\" \/>\n<meta property=\"og:site_name\" content=\"SKODA\" \/>\n<meta property=\"og:image\" content=\"https:\/\/autorival.ro\/skoda\/wp-content\/uploads\/sites\/10\/2025\/07\/alternator_439724_50-1.jpg\" \/>\n\t<meta property=\"og:image:width\" content=\"600\" \/>\n\t<meta property=\"og:image:height\" content=\"400\" \/>\n\t<meta property=\"og:image:type\" content=\"image\/jpeg\" \/>\n<meta name=\"twitter:card\" content=\"summary_large_image\" \/>\n<meta name=\"twitter:title\" content=\"Alternator SKODA RAPID (NH3, NK3, NK6) 1.0 TSI benzina 95 cai VALEO 439724 SKODA | VALEO - Autorival\" \/>\n<meta name=\"twitter:description\" content=\"\u26a1 Alternator SKODA RAPID (NH3, NK3, NK6) 1.0 TSI benzina 95 cai VALEO 439724 pentru SKODA. \u2713 Cod: 439724 \u2713 Brand: VALEO \u2713 \u00cen stoc \u2713 Livrare 24h \u2713 Garan\u021bie!\" \/>\n<script type=\"application\/ld+json\" class=\"yoast-schema-graph\">{\"@context\":\"https:\\\/\\\/schema.org\",\"@graph\":[{\"@type\":\"WebPage\",\"@id\":\"https:\\\/\\\/autorival.ro\\\/skoda\\\/produs\\\/alternator-skoda-rapid-nh3-nk3-nk6-1-0-tsi-benzina-95-cai-valeo-439724\\\/\",\"url\":\"https:\\\/\\\/autorival.ro\\\/skoda\\\/produs\\\/alternator-skoda-rapid-nh3-nk3-nk6-1-0-tsi-benzina-95-cai-valeo-439724\\\/\",\"name\":\"Alternator SKODA RAPID (NH3, NK3, NK6) 1.0 TSI benzina 95 cai VALEO 439724 SKODA | VALEO - Autorival\",\"isPartOf\":{\"@id\":\"https:\\\/\\\/autorival.ro\\\/skoda\\\/#website\"},\"primaryImageOfPage\":{\"@id\":\"https:\\\/\\\/autorival.ro\\\/skoda\\\/produs\\\/alternator-skoda-rapid-nh3-nk3-nk6-1-0-tsi-benzina-95-cai-valeo-439724\\\/#primaryimage\"},\"image\":{\"@id\":\"https:\\\/\\\/autorival.ro\\\/skoda\\\/produs\\\/alternator-skoda-rapid-nh3-nk3-nk6-1-0-tsi-benzina-95-cai-valeo-439724\\\/#primaryimage\"},\"thumbnailUrl\":\"https:\\\/\\\/autorival.ro\\\/skoda\\\/wp-content\\\/uploads\\\/sites\\\/10\\\/2025\\\/07\\\/alternator_439724_50-1.jpg\",\"datePublished\":\"2025-07-17T08:51:25+00:00\",\"description\":\"\u26a1 Alternator SKODA RAPID (NH3, NK3, NK6) 1.0 TSI benzina 95 cai VALEO 439724 pentru SKODA. \u2713 Cod: 439724 \u2713 Brand: VALEO \u2713 \u00cen stoc \u2713 Livrare 24h \u2713 Garan\u021bie!\",\"breadcrumb\":{\"@id\":\"https:\\\/\\\/autorival.ro\\\/skoda\\\/produs\\\/alternator-skoda-rapid-nh3-nk3-nk6-1-0-tsi-benzina-95-cai-valeo-439724\\\/#breadcrumb\"},\"inLanguage\":\"en-US\",\"potentialAction\":[{\"@type\":\"ReadAction\",\"target\":[\"https:\\\/\\\/autorival.ro\\\/skoda\\\/produs\\\/alternator-skoda-rapid-nh3-nk3-nk6-1-0-tsi-benzina-95-cai-valeo-439724\\\/\"]}]},{\"@type\":\"ImageObject\",\"inLanguage\":\"en-US\",\"@id\":\"https:\\\/\\\/autorival.ro\\\/skoda\\\/produs\\\/alternator-skoda-rapid-nh3-nk3-nk6-1-0-tsi-benzina-95-cai-valeo-439724\\\/#primaryimage\",\"url\":\"https:\\\/\\\/autorival.ro\\\/skoda\\\/wp-content\\\/uploads\\\/sites\\\/10\\\/2025\\\/07\\\/alternator_439724_50-1.jpg\",\"contentUrl\":\"https:\\\/\\\/autorival.ro\\\/skoda\\\/wp-content\\\/uploads\\\/sites\\\/10\\\/2025\\\/07\\\/alternator_439724_50-1.jpg\",\"width\":600,\"height\":400},{\"@type\":\"BreadcrumbList\",\"@id\":\"https:\\\/\\\/autorival.ro\\\/skoda\\\/produs\\\/alternator-skoda-rapid-nh3-nk3-nk6-1-0-tsi-benzina-95-cai-valeo-439724\\\/#breadcrumb\",\"itemListElement\":[{\"@type\":\"ListItem\",\"position\":1,\"name\":\"Prima pagin\u0103\",\"item\":\"https:\\\/\\\/autorival.ro\\\/skoda\\\/\"},{\"@type\":\"ListItem\",\"position\":2,\"name\":\"Piese auto SKODA\",\"item\":\"https:\\\/\\\/autorival.ro\\\/skoda\\\/\"},{\"@type\":\"ListItem\",\"position\":3,\"name\":\"Alternator SKODA RAPID (NH3, NK3, NK6) 1.0 TSI benzina 95 cai VALEO 439724\"}]},{\"@type\":\"WebSite\",\"@id\":\"https:\\\/\\\/autorival.ro\\\/skoda\\\/#website\",\"url\":\"https:\\\/\\\/autorival.ro\\\/skoda\\\/\",\"name\":\"SKODA\",\"description\":\"\",\"potentialAction\":[{\"@type\":\"SearchAction\",\"target\":{\"@type\":\"EntryPoint\",\"urlTemplate\":\"https:\\\/\\\/autorival.ro\\\/skoda\\\/?s={search_term_string}\"},\"query-input\":{\"@type\":\"PropertyValueSpecification\",\"valueRequired\":true,\"valueName\":\"search_term_string\"}}],\"inLanguage\":\"en-US\"}]}<\/script>\n<!-- \/ Yoast SEO plugin. -->","yoast_head_json":{"title":"Alternator SKODA RAPID (NH3, NK3, NK6) 1.0 TSI benzina 95 cai VALEO 439724 SKODA | VALEO - Autorival","description":"\u26a1 Alternator SKODA RAPID (NH3, NK3, NK6) 1.0 TSI benzina 95 cai VALEO 439724 pentru SKODA. \u2713 Cod: 439724 \u2713 Brand: VALEO \u2713 \u00cen stoc \u2713 Livrare 24h \u2713 Garan\u021bie!","robots":{"index":"index","follow":"follow","max-snippet":"max-snippet:-1","max-image-preview":"max-image-preview:large","max-video-preview":"max-video-preview:-1"},"og_locale":"en_US","og_type":"article","og_title":"Alternator SKODA RAPID (NH3, NK3, NK6) 1.0 TSI benzina 95 cai VALEO 439724 SKODA | VALEO - Autorival","og_description":"\u26a1 Alternator SKODA RAPID (NH3, NK3, NK6) 1.0 TSI benzina 95 cai VALEO 439724 pentru SKODA. \u2713 Cod: 439724 \u2713 Brand: VALEO \u2713 \u00cen stoc \u2713 Livrare 24h \u2713 Garan\u021bie!","og_url":"https:\/\/autorival.ro\/skoda\/produs\/alternator-skoda-rapid-nh3-nk3-nk6-1-0-tsi-benzina-95-cai-valeo-439724\/","og_site_name":"SKODA","og_image":[{"width":600,"height":400,"url":"https:\/\/autorival.ro\/skoda\/wp-content\/uploads\/sites\/10\/2025\/07\/alternator_439724_50-1.jpg","type":"image\/jpeg"}],"twitter_card":"summary_large_image","twitter_title":"Alternator SKODA RAPID (NH3, NK3, NK6) 1.0 TSI benzina 95 cai VALEO 439724 SKODA | VALEO - Autorival","twitter_description":"\u26a1 Alternator SKODA RAPID (NH3, NK3, NK6) 1.0 TSI benzina 95 cai VALEO 439724 pentru SKODA. \u2713 Cod: 439724 \u2713 Brand: VALEO \u2713 \u00cen stoc \u2713 Livrare 24h \u2713 Garan\u021bie!","schema":{"@context":"https:\/\/schema.org","@graph":[{"@type":"WebPage","@id":"https:\/\/autorival.ro\/skoda\/produs\/alternator-skoda-rapid-nh3-nk3-nk6-1-0-tsi-benzina-95-cai-valeo-439724\/","url":"https:\/\/autorival.ro\/skoda\/produs\/alternator-skoda-rapid-nh3-nk3-nk6-1-0-tsi-benzina-95-cai-valeo-439724\/","name":"Alternator SKODA RAPID (NH3, NK3, NK6) 1.0 TSI benzina 95 cai VALEO 439724 SKODA | VALEO - Autorival","isPartOf":{"@id":"https:\/\/autorival.ro\/skoda\/#website"},"primaryImageOfPage":{"@id":"https:\/\/autorival.ro\/skoda\/produs\/alternator-skoda-rapid-nh3-nk3-nk6-1-0-tsi-benzina-95-cai-valeo-439724\/#primaryimage"},"image":{"@id":"https:\/\/autorival.ro\/skoda\/produs\/alternator-skoda-rapid-nh3-nk3-nk6-1-0-tsi-benzina-95-cai-valeo-439724\/#primaryimage"},"thumbnailUrl":"https:\/\/autorival.ro\/skoda\/wp-content\/uploads\/sites\/10\/2025\/07\/alternator_439724_50-1.jpg","datePublished":"2025-07-17T08:51:25+00:00","description":"\u26a1 Alternator SKODA RAPID (NH3, NK3, NK6) 1.0 TSI benzina 95 cai VALEO 439724 pentru SKODA. \u2713 Cod: 439724 \u2713 Brand: VALEO \u2713 \u00cen stoc \u2713 Livrare 24h \u2713 Garan\u021bie!","breadcrumb":{"@id":"https:\/\/autorival.ro\/skoda\/produs\/alternator-skoda-rapid-nh3-nk3-nk6-1-0-tsi-benzina-95-cai-valeo-439724\/#breadcrumb"},"inLanguage":"en-US","potentialAction":[{"@type":"ReadAction","target":["https:\/\/autorival.ro\/skoda\/produs\/alternator-skoda-rapid-nh3-nk3-nk6-1-0-tsi-benzina-95-cai-valeo-439724\/"]}]},{"@type":"ImageObject","inLanguage":"en-US","@id":"https:\/\/autorival.ro\/skoda\/produs\/alternator-skoda-rapid-nh3-nk3-nk6-1-0-tsi-benzina-95-cai-valeo-439724\/#primaryimage","url":"https:\/\/autorival.ro\/skoda\/wp-content\/uploads\/sites\/10\/2025\/07\/alternator_439724_50-1.jpg","contentUrl":"https:\/\/autorival.ro\/skoda\/wp-content\/uploads\/sites\/10\/2025\/07\/alternator_439724_50-1.jpg","width":600,"height":400},{"@type":"BreadcrumbList","@id":"https:\/\/autorival.ro\/skoda\/produs\/alternator-skoda-rapid-nh3-nk3-nk6-1-0-tsi-benzina-95-cai-valeo-439724\/#breadcrumb","itemListElement":[{"@type":"ListItem","position":1,"name":"Prima pagin\u0103","item":"https:\/\/autorival.ro\/skoda\/"},{"@type":"ListItem","position":2,"name":"Piese auto SKODA","item":"https:\/\/autorival.ro\/skoda\/"},{"@type":"ListItem","position":3,"name":"Alternator SKODA RAPID (NH3, NK3, NK6) 1.0 TSI benzina 95 cai VALEO 439724"}]},{"@type":"WebSite","@id":"https:\/\/autorival.ro\/skoda\/#website","url":"https:\/\/autorival.ro\/skoda\/","name":"SKODA","description":"","potentialAction":[{"@type":"SearchAction","target":{"@type":"EntryPoint","urlTemplate":"https:\/\/autorival.ro\/skoda\/?s={search_term_string}"},"query-input":{"@type":"PropertyValueSpecification","valueRequired":true,"valueName":"search_term_string"}}],"inLanguage":"en-US"}]}},"_links":{"self":[{"href":"https:\/\/autorival.ro\/skoda\/wp-json\/wp\/v2\/product\/4324","targetHints":{"allow":["GET"]}}],"collection":[{"href":"https:\/\/autorival.ro\/skoda\/wp-json\/wp\/v2\/product"}],"about":[{"href":"https:\/\/autorival.ro\/skoda\/wp-json\/wp\/v2\/types\/product"}],"replies":[{"embeddable":true,"href":"https:\/\/autorival.ro\/skoda\/wp-json\/wp\/v2\/comments?post=4324"}],"wp:featuredmedia":[{"embeddable":true,"href":"https:\/\/autorival.ro\/skoda\/wp-json\/wp\/v2\/media\/4325"}],"wp:attachment":[{"href":"https:\/\/autorival.ro\/skoda\/wp-json\/wp\/v2\/media?parent=4324"}],"wp:term":[{"taxonomy":"product_brand","embeddable":true,"href":"https:\/\/autorival.ro\/skoda\/wp-json\/wp\/v2\/product_brand?post=4324"},{"taxonomy":"product_cat","embeddable":true,"href":"https:\/\/autorival.ro\/skoda\/wp-json\/wp\/v2\/product_cat?post=4324"},{"taxonomy":"product_tag","embeddable":true,"href":"https:\/\/autorival.ro\/skoda\/wp-json\/wp\/v2\/product_tag?post=4324"}],"curies":[{"name":"wp","href":"https:\/\/api.w.org\/{rel}","templated":true}]}}