{"id":420258,"date":"2025-07-20T18:20:13","date_gmt":"2025-07-20T18:20:13","guid":{"rendered":"https:\/\/autorival.ro\/skoda\/product\/releu-multifunctional-skoda-roomster-praktik-5j-1-6-tdi-diesel-90-cai-meyle-100-830-0016\/"},"modified":"2025-07-20T18:20:13","modified_gmt":"2025-07-20T18:20:13","slug":"releu-multifunctional-skoda-roomster-praktik-5j-1-6-tdi-diesel-90-cai-meyle-100-830-0016","status":"publish","type":"product","link":"https:\/\/autorival.ro\/skoda\/produs\/releu-multifunctional-skoda-roomster-praktik-5j-1-6-tdi-diesel-90-cai-meyle-100-830-0016\/","title":{"rendered":"Releu multifunctional SKODA ROOMSTER Praktik (5J) 1.6 TDI diesel 90 cai MEYLE 100 830 0016"},"content":{"rendered":"<p>De la an model: 2011Tensiune de lucru [V]: 12Curent nominal [A]: 10, 30Functie releu: Incalzire electrica, Contact de lucru, Capac rezervor, Fanfara, Incalzire scaun, Semnalizator, Lumina de circulat ziua, Sistem aer conditionat, incalzitor independent autovehicul, Sistem inchidere centralizata, Macara geam, Lumina de frana remorca, Reglaj oglinda exterioara, Geam rabatabil, Oglinda exterioara incalzita, Pompa spalator parbriz, Clema 50, Rulare ulterioara pompa de apa, Aerisire pavilion, Clema 61, Pompa apa suplimentar, Ventilator, radiator motor, pompa spalator faruriFunctie comutator combinat: SchimbatorTemperatura de la [\u00b0C]: -40Pana la domeniul de temperatura [\u00b0C]: 120Rezistenta electrica [Ohm]: 560 ->Lungime [mm]: 23 ->Latime [mm]: 15\u00cenaltime [mm]: 26Tehnica de cuplaj: 2x 6,3 mm, 3x 4,8 mmNum\u0103rul conexiunilor cu muf\u0103: 5<\/p>\n","protected":false},"excerpt":{"rendered":"<p>Producator: MEYLE Cod producator: 100 830 0016<\/p>\n","protected":false},"featured_media":420259,"comment_status":"open","ping_status":"closed","template":"","meta":[],"product_brand":[469],"product_cat":[15419],"product_tag":[25682,26499,26670,25611,25586,25594],"class_list":{"0":"post-420258","1":"product","2":"type-product","3":"status-publish","4":"has-post-thumbnail","6":"product_brand-meyle","7":"product_cat-releu-multifunctional-praktik-5j-1-6-tdi-diesel-90","8":"product_tag-meyle","9":"product_tag-multifunctional","10":"product_tag-releu","11":"product_tag-roomster","12":"product_tag-skoda","13":"product_tag-tdi","15":"first","16":"instock","17":"shipping-taxable","18":"purchasable","19":"product-type-simple"},"yoast_head":"<!-- This site is optimized with the Yoast SEO plugin v27.3 - https:\/\/yoast.com\/product\/yoast-seo-wordpress\/ -->\n<title>Releu multifunctional SKODA ROOMSTER Praktik (5J) 1.6 TDI diesel 90 cai MEYLE 100 830 0016 SKODA | MEYLE - Autorival<\/title>\n<meta name=\"description\" content=\"\u26a1 Releu multifunctional SKODA ROOMSTER Praktik (5J) 1.6 TDI diesel 90 cai MEYLE 100 830 0016 pentru SKODA. \u2713 Cod: 100 \u2713 Brand: MEYLE \u2713 \u00cen stoc \u2713 Livrare 24h \u2713 Garan\u021bie!\" \/>\n<meta name=\"robots\" content=\"index, follow, max-snippet:-1, max-image-preview:large, max-video-preview:-1\" \/>\n<meta property=\"og:locale\" content=\"en_US\" \/>\n<meta property=\"og:type\" content=\"article\" \/>\n<meta property=\"og:title\" content=\"Releu multifunctional SKODA ROOMSTER Praktik (5J) 1.6 TDI diesel 90 cai MEYLE 100 830 0016 SKODA | MEYLE - Autorival\" \/>\n<meta property=\"og:description\" content=\"\u26a1 Releu multifunctional SKODA ROOMSTER Praktik (5J) 1.6 TDI diesel 90 cai MEYLE 100 830 0016 pentru SKODA. \u2713 Cod: 100 \u2713 Brand: MEYLE \u2713 \u00cen stoc \u2713 Livrare 24h \u2713 Garan\u021bie!\" \/>\n<meta property=\"og:url\" content=\"https:\/\/autorival.ro\/skoda\/produs\/releu-multifunctional-skoda-roomster-praktik-5j-1-6-tdi-diesel-90-cai-meyle-100-830-0016\/\" \/>\n<meta property=\"og:site_name\" content=\"SKODA\" \/>\n<meta property=\"og:image\" content=\"https:\/\/autorival.ro\/skoda\/wp-content\/uploads\/sites\/10\/2025\/07\/fs_1008300016_1-12.jpg\" \/>\n\t<meta property=\"og:image:width\" content=\"600\" \/>\n\t<meta property=\"og:image:height\" content=\"400\" \/>\n\t<meta property=\"og:image:type\" content=\"image\/jpeg\" \/>\n<meta name=\"twitter:card\" content=\"summary_large_image\" \/>\n<meta name=\"twitter:title\" content=\"Releu multifunctional SKODA ROOMSTER Praktik (5J) 1.6 TDI diesel 90 cai MEYLE 100 830 0016 SKODA | MEYLE - Autorival\" \/>\n<meta name=\"twitter:description\" content=\"\u26a1 Releu multifunctional SKODA ROOMSTER Praktik (5J) 1.6 TDI diesel 90 cai MEYLE 100 830 0016 pentru SKODA. \u2713 Cod: 100 \u2713 Brand: MEYLE \u2713 \u00cen stoc \u2713 Livrare 24h \u2713 Garan\u021bie!\" \/>\n<meta name=\"twitter:label1\" content=\"Est. reading time\" \/>\n\t<meta name=\"twitter:data1\" content=\"1 minute\" \/>\n<script type=\"application\/ld+json\" class=\"yoast-schema-graph\">{\"@context\":\"https:\\\/\\\/schema.org\",\"@graph\":[{\"@type\":\"WebPage\",\"@id\":\"https:\\\/\\\/autorival.ro\\\/skoda\\\/produs\\\/releu-multifunctional-skoda-roomster-praktik-5j-1-6-tdi-diesel-90-cai-meyle-100-830-0016\\\/\",\"url\":\"https:\\\/\\\/autorival.ro\\\/skoda\\\/produs\\\/releu-multifunctional-skoda-roomster-praktik-5j-1-6-tdi-diesel-90-cai-meyle-100-830-0016\\\/\",\"name\":\"Releu multifunctional SKODA ROOMSTER Praktik (5J) 1.6 TDI diesel 90 cai MEYLE 100 830 0016 SKODA | MEYLE - Autorival\",\"isPartOf\":{\"@id\":\"https:\\\/\\\/autorival.ro\\\/skoda\\\/#website\"},\"primaryImageOfPage\":{\"@id\":\"https:\\\/\\\/autorival.ro\\\/skoda\\\/produs\\\/releu-multifunctional-skoda-roomster-praktik-5j-1-6-tdi-diesel-90-cai-meyle-100-830-0016\\\/#primaryimage\"},\"image\":{\"@id\":\"https:\\\/\\\/autorival.ro\\\/skoda\\\/produs\\\/releu-multifunctional-skoda-roomster-praktik-5j-1-6-tdi-diesel-90-cai-meyle-100-830-0016\\\/#primaryimage\"},\"thumbnailUrl\":\"https:\\\/\\\/autorival.ro\\\/skoda\\\/wp-content\\\/uploads\\\/sites\\\/10\\\/2025\\\/07\\\/fs_1008300016_1-12.jpg\",\"datePublished\":\"2025-07-20T18:20:13+00:00\",\"description\":\"\u26a1 Releu multifunctional SKODA ROOMSTER Praktik (5J) 1.6 TDI diesel 90 cai MEYLE 100 830 0016 pentru SKODA. \u2713 Cod: 100 \u2713 Brand: MEYLE \u2713 \u00cen stoc \u2713 Livrare 24h \u2713 Garan\u021bie!\",\"breadcrumb\":{\"@id\":\"https:\\\/\\\/autorival.ro\\\/skoda\\\/produs\\\/releu-multifunctional-skoda-roomster-praktik-5j-1-6-tdi-diesel-90-cai-meyle-100-830-0016\\\/#breadcrumb\"},\"inLanguage\":\"en-US\",\"potentialAction\":[{\"@type\":\"ReadAction\",\"target\":[\"https:\\\/\\\/autorival.ro\\\/skoda\\\/produs\\\/releu-multifunctional-skoda-roomster-praktik-5j-1-6-tdi-diesel-90-cai-meyle-100-830-0016\\\/\"]}]},{\"@type\":\"ImageObject\",\"inLanguage\":\"en-US\",\"@id\":\"https:\\\/\\\/autorival.ro\\\/skoda\\\/produs\\\/releu-multifunctional-skoda-roomster-praktik-5j-1-6-tdi-diesel-90-cai-meyle-100-830-0016\\\/#primaryimage\",\"url\":\"https:\\\/\\\/autorival.ro\\\/skoda\\\/wp-content\\\/uploads\\\/sites\\\/10\\\/2025\\\/07\\\/fs_1008300016_1-12.jpg\",\"contentUrl\":\"https:\\\/\\\/autorival.ro\\\/skoda\\\/wp-content\\\/uploads\\\/sites\\\/10\\\/2025\\\/07\\\/fs_1008300016_1-12.jpg\",\"width\":600,\"height\":400},{\"@type\":\"BreadcrumbList\",\"@id\":\"https:\\\/\\\/autorival.ro\\\/skoda\\\/produs\\\/releu-multifunctional-skoda-roomster-praktik-5j-1-6-tdi-diesel-90-cai-meyle-100-830-0016\\\/#breadcrumb\",\"itemListElement\":[{\"@type\":\"ListItem\",\"position\":1,\"name\":\"Prima pagin\u0103\",\"item\":\"https:\\\/\\\/autorival.ro\\\/skoda\\\/\"},{\"@type\":\"ListItem\",\"position\":2,\"name\":\"Piese auto SKODA\",\"item\":\"https:\\\/\\\/autorival.ro\\\/skoda\\\/\"},{\"@type\":\"ListItem\",\"position\":3,\"name\":\"Releu multifunctional SKODA ROOMSTER Praktik (5J) 1.6 TDI diesel 90 cai MEYLE 100 830 0016\"}]},{\"@type\":\"WebSite\",\"@id\":\"https:\\\/\\\/autorival.ro\\\/skoda\\\/#website\",\"url\":\"https:\\\/\\\/autorival.ro\\\/skoda\\\/\",\"name\":\"SKODA\",\"description\":\"\",\"potentialAction\":[{\"@type\":\"SearchAction\",\"target\":{\"@type\":\"EntryPoint\",\"urlTemplate\":\"https:\\\/\\\/autorival.ro\\\/skoda\\\/?s={search_term_string}\"},\"query-input\":{\"@type\":\"PropertyValueSpecification\",\"valueRequired\":true,\"valueName\":\"search_term_string\"}}],\"inLanguage\":\"en-US\"}]}<\/script>\n<!-- \/ Yoast SEO plugin. -->","yoast_head_json":{"title":"Releu multifunctional SKODA ROOMSTER Praktik (5J) 1.6 TDI diesel 90 cai MEYLE 100 830 0016 SKODA | MEYLE - Autorival","description":"\u26a1 Releu multifunctional SKODA ROOMSTER Praktik (5J) 1.6 TDI diesel 90 cai MEYLE 100 830 0016 pentru SKODA. \u2713 Cod: 100 \u2713 Brand: MEYLE \u2713 \u00cen stoc \u2713 Livrare 24h \u2713 Garan\u021bie!","robots":{"index":"index","follow":"follow","max-snippet":"max-snippet:-1","max-image-preview":"max-image-preview:large","max-video-preview":"max-video-preview:-1"},"og_locale":"en_US","og_type":"article","og_title":"Releu multifunctional SKODA ROOMSTER Praktik (5J) 1.6 TDI diesel 90 cai MEYLE 100 830 0016 SKODA | MEYLE - Autorival","og_description":"\u26a1 Releu multifunctional SKODA ROOMSTER Praktik (5J) 1.6 TDI diesel 90 cai MEYLE 100 830 0016 pentru SKODA. \u2713 Cod: 100 \u2713 Brand: MEYLE \u2713 \u00cen stoc \u2713 Livrare 24h \u2713 Garan\u021bie!","og_url":"https:\/\/autorival.ro\/skoda\/produs\/releu-multifunctional-skoda-roomster-praktik-5j-1-6-tdi-diesel-90-cai-meyle-100-830-0016\/","og_site_name":"SKODA","og_image":[{"width":600,"height":400,"url":"https:\/\/autorival.ro\/skoda\/wp-content\/uploads\/sites\/10\/2025\/07\/fs_1008300016_1-12.jpg","type":"image\/jpeg"}],"twitter_card":"summary_large_image","twitter_title":"Releu multifunctional SKODA ROOMSTER Praktik (5J) 1.6 TDI diesel 90 cai MEYLE 100 830 0016 SKODA | MEYLE - Autorival","twitter_description":"\u26a1 Releu multifunctional SKODA ROOMSTER Praktik (5J) 1.6 TDI diesel 90 cai MEYLE 100 830 0016 pentru SKODA. \u2713 Cod: 100 \u2713 Brand: MEYLE \u2713 \u00cen stoc \u2713 Livrare 24h \u2713 Garan\u021bie!","twitter_misc":{"Est. reading time":"1 minute"},"schema":{"@context":"https:\/\/schema.org","@graph":[{"@type":"WebPage","@id":"https:\/\/autorival.ro\/skoda\/produs\/releu-multifunctional-skoda-roomster-praktik-5j-1-6-tdi-diesel-90-cai-meyle-100-830-0016\/","url":"https:\/\/autorival.ro\/skoda\/produs\/releu-multifunctional-skoda-roomster-praktik-5j-1-6-tdi-diesel-90-cai-meyle-100-830-0016\/","name":"Releu multifunctional SKODA ROOMSTER Praktik (5J) 1.6 TDI diesel 90 cai MEYLE 100 830 0016 SKODA | MEYLE - Autorival","isPartOf":{"@id":"https:\/\/autorival.ro\/skoda\/#website"},"primaryImageOfPage":{"@id":"https:\/\/autorival.ro\/skoda\/produs\/releu-multifunctional-skoda-roomster-praktik-5j-1-6-tdi-diesel-90-cai-meyle-100-830-0016\/#primaryimage"},"image":{"@id":"https:\/\/autorival.ro\/skoda\/produs\/releu-multifunctional-skoda-roomster-praktik-5j-1-6-tdi-diesel-90-cai-meyle-100-830-0016\/#primaryimage"},"thumbnailUrl":"https:\/\/autorival.ro\/skoda\/wp-content\/uploads\/sites\/10\/2025\/07\/fs_1008300016_1-12.jpg","datePublished":"2025-07-20T18:20:13+00:00","description":"\u26a1 Releu multifunctional SKODA ROOMSTER Praktik (5J) 1.6 TDI diesel 90 cai MEYLE 100 830 0016 pentru SKODA. \u2713 Cod: 100 \u2713 Brand: MEYLE \u2713 \u00cen stoc \u2713 Livrare 24h \u2713 Garan\u021bie!","breadcrumb":{"@id":"https:\/\/autorival.ro\/skoda\/produs\/releu-multifunctional-skoda-roomster-praktik-5j-1-6-tdi-diesel-90-cai-meyle-100-830-0016\/#breadcrumb"},"inLanguage":"en-US","potentialAction":[{"@type":"ReadAction","target":["https:\/\/autorival.ro\/skoda\/produs\/releu-multifunctional-skoda-roomster-praktik-5j-1-6-tdi-diesel-90-cai-meyle-100-830-0016\/"]}]},{"@type":"ImageObject","inLanguage":"en-US","@id":"https:\/\/autorival.ro\/skoda\/produs\/releu-multifunctional-skoda-roomster-praktik-5j-1-6-tdi-diesel-90-cai-meyle-100-830-0016\/#primaryimage","url":"https:\/\/autorival.ro\/skoda\/wp-content\/uploads\/sites\/10\/2025\/07\/fs_1008300016_1-12.jpg","contentUrl":"https:\/\/autorival.ro\/skoda\/wp-content\/uploads\/sites\/10\/2025\/07\/fs_1008300016_1-12.jpg","width":600,"height":400},{"@type":"BreadcrumbList","@id":"https:\/\/autorival.ro\/skoda\/produs\/releu-multifunctional-skoda-roomster-praktik-5j-1-6-tdi-diesel-90-cai-meyle-100-830-0016\/#breadcrumb","itemListElement":[{"@type":"ListItem","position":1,"name":"Prima pagin\u0103","item":"https:\/\/autorival.ro\/skoda\/"},{"@type":"ListItem","position":2,"name":"Piese auto SKODA","item":"https:\/\/autorival.ro\/skoda\/"},{"@type":"ListItem","position":3,"name":"Releu multifunctional SKODA ROOMSTER Praktik (5J) 1.6 TDI diesel 90 cai MEYLE 100 830 0016"}]},{"@type":"WebSite","@id":"https:\/\/autorival.ro\/skoda\/#website","url":"https:\/\/autorival.ro\/skoda\/","name":"SKODA","description":"","potentialAction":[{"@type":"SearchAction","target":{"@type":"EntryPoint","urlTemplate":"https:\/\/autorival.ro\/skoda\/?s={search_term_string}"},"query-input":{"@type":"PropertyValueSpecification","valueRequired":true,"valueName":"search_term_string"}}],"inLanguage":"en-US"}]}},"_links":{"self":[{"href":"https:\/\/autorival.ro\/skoda\/wp-json\/wp\/v2\/product\/420258","targetHints":{"allow":["GET"]}}],"collection":[{"href":"https:\/\/autorival.ro\/skoda\/wp-json\/wp\/v2\/product"}],"about":[{"href":"https:\/\/autorival.ro\/skoda\/wp-json\/wp\/v2\/types\/product"}],"replies":[{"embeddable":true,"href":"https:\/\/autorival.ro\/skoda\/wp-json\/wp\/v2\/comments?post=420258"}],"wp:featuredmedia":[{"embeddable":true,"href":"https:\/\/autorival.ro\/skoda\/wp-json\/wp\/v2\/media\/420259"}],"wp:attachment":[{"href":"https:\/\/autorival.ro\/skoda\/wp-json\/wp\/v2\/media?parent=420258"}],"wp:term":[{"taxonomy":"product_brand","embeddable":true,"href":"https:\/\/autorival.ro\/skoda\/wp-json\/wp\/v2\/product_brand?post=420258"},{"taxonomy":"product_cat","embeddable":true,"href":"https:\/\/autorival.ro\/skoda\/wp-json\/wp\/v2\/product_cat?post=420258"},{"taxonomy":"product_tag","embeddable":true,"href":"https:\/\/autorival.ro\/skoda\/wp-json\/wp\/v2\/product_tag?post=420258"}],"curies":[{"name":"wp","href":"https:\/\/api.w.org\/{rel}","templated":true}]}}