{"id":419424,"date":"2025-07-20T17:59:38","date_gmt":"2025-07-20T17:59:38","guid":{"rendered":"https:\/\/autorival.ro\/skoda\/product\/releu-multifunctional-skoda-rapid-nh3-nk3-nk6-1-6-benzina-105-cai-meyle-100-951-0001\/"},"modified":"2025-07-20T17:59:38","modified_gmt":"2025-07-20T17:59:38","slug":"releu-multifunctional-skoda-rapid-nh3-nk3-nk6-1-6-benzina-105-cai-meyle-100-951-0001","status":"publish","type":"product","link":"https:\/\/autorival.ro\/skoda\/produs\/releu-multifunctional-skoda-rapid-nh3-nk3-nk6-1-6-benzina-105-cai-meyle-100-951-0001\/","title":{"rendered":"Releu multifunctional SKODA RAPID (NH3, NK3, NK6) 1.6 benzina 105 cai MEYLE 100 951 0001"},"content":{"rendered":"<p>Tensiune de lucru [V]: 12Curent nominal [A]: 40Functie releu: Luneta incalzita, pompa spalator faruri, Bricheta, Lumina de ceata spate, Incalzire scaun, Sistem aer conditionat, Unitate comanda motor, Sitsem aer secundar, Pompa combustibil, Pompa, transmisie automata, ESP, Lumina de circulat ziua, Alternator, Contact de lucru, Girofar, Rulare ulterioara ventilator, Ambreiaj magnetic, Racire combustibil, Instalatie de alarma, Macara geam, Electromotor, Proiector ceata, Ventilator, radiator motor, ClaxonFunctie comutator combinat: Inchizator ->Lungime [mm]: 28 ->Latime [mm]: 28\u00cenaltime [mm]: 25Tehnica de cuplaj: 4x 6,3 mmNum\u0103rul conexiunilor cu muf\u0103: 4<\/p>\n","protected":false},"excerpt":{"rendered":"<p>Producator: MEYLE Cod producator: 100 951 0001<\/p>\n","protected":false},"featured_media":419425,"comment_status":"open","ping_status":"closed","template":"","meta":[],"product_brand":[469],"product_cat":[15383],"product_tag":[25682,26499,25608,25607,26670,25586],"class_list":{"0":"post-419424","1":"product","2":"type-product","3":"status-publish","4":"has-post-thumbnail","6":"product_brand-meyle","7":"product_cat-releu-multifunctional-nh3-nk3-nk6-1-6-benzina-105","8":"product_tag-meyle","9":"product_tag-multifunctional","10":"product_tag-nk","11":"product_tag-rapid","12":"product_tag-releu","13":"product_tag-skoda","15":"first","16":"instock","17":"shipping-taxable","18":"purchasable","19":"product-type-simple"},"yoast_head":"<!-- This site is optimized with the Yoast SEO plugin v27.3 - https:\/\/yoast.com\/product\/yoast-seo-wordpress\/ -->\n<title>Releu multifunctional SKODA RAPID (NH3, NK3, NK6) 1.6 benzina 105 cai MEYLE 100 951 0001 SKODA | MEYLE - Autorival<\/title>\n<meta name=\"description\" content=\"\u26a1 Releu multifunctional SKODA RAPID (NH3, NK3, NK6) 1.6 benzina 105 cai MEYLE 100 951 0001 pentru SKODA. \u2713 Cod: 100 \u2713 Brand: MEYLE \u2713 \u00cen stoc \u2713 Livrare 24h \u2713 Garan\u021bie!\" \/>\n<meta name=\"robots\" content=\"index, follow, max-snippet:-1, max-image-preview:large, max-video-preview:-1\" \/>\n<meta property=\"og:locale\" content=\"en_US\" \/>\n<meta property=\"og:type\" content=\"article\" \/>\n<meta property=\"og:title\" content=\"Releu multifunctional SKODA RAPID (NH3, NK3, NK6) 1.6 benzina 105 cai MEYLE 100 951 0001 SKODA | MEYLE - Autorival\" \/>\n<meta property=\"og:description\" content=\"\u26a1 Releu multifunctional SKODA RAPID (NH3, NK3, NK6) 1.6 benzina 105 cai MEYLE 100 951 0001 pentru SKODA. \u2713 Cod: 100 \u2713 Brand: MEYLE \u2713 \u00cen stoc \u2713 Livrare 24h \u2713 Garan\u021bie!\" \/>\n<meta property=\"og:url\" content=\"https:\/\/autorival.ro\/skoda\/produs\/releu-multifunctional-skoda-rapid-nh3-nk3-nk6-1-6-benzina-105-cai-meyle-100-951-0001\/\" \/>\n<meta property=\"og:site_name\" content=\"SKODA\" \/>\n<meta property=\"og:image\" content=\"https:\/\/autorival.ro\/skoda\/wp-content\/uploads\/sites\/10\/2025\/07\/fs_1009510001_1-6.jpg\" \/>\n\t<meta property=\"og:image:width\" content=\"600\" \/>\n\t<meta property=\"og:image:height\" content=\"400\" \/>\n\t<meta property=\"og:image:type\" content=\"image\/jpeg\" \/>\n<meta name=\"twitter:card\" content=\"summary_large_image\" \/>\n<meta name=\"twitter:title\" content=\"Releu multifunctional SKODA RAPID (NH3, NK3, NK6) 1.6 benzina 105 cai MEYLE 100 951 0001 SKODA | MEYLE - Autorival\" \/>\n<meta name=\"twitter:description\" content=\"\u26a1 Releu multifunctional SKODA RAPID (NH3, NK3, NK6) 1.6 benzina 105 cai MEYLE 100 951 0001 pentru SKODA. \u2713 Cod: 100 \u2713 Brand: MEYLE \u2713 \u00cen stoc \u2713 Livrare 24h \u2713 Garan\u021bie!\" \/>\n<script type=\"application\/ld+json\" class=\"yoast-schema-graph\">{\"@context\":\"https:\\\/\\\/schema.org\",\"@graph\":[{\"@type\":\"WebPage\",\"@id\":\"https:\\\/\\\/autorival.ro\\\/skoda\\\/produs\\\/releu-multifunctional-skoda-rapid-nh3-nk3-nk6-1-6-benzina-105-cai-meyle-100-951-0001\\\/\",\"url\":\"https:\\\/\\\/autorival.ro\\\/skoda\\\/produs\\\/releu-multifunctional-skoda-rapid-nh3-nk3-nk6-1-6-benzina-105-cai-meyle-100-951-0001\\\/\",\"name\":\"Releu multifunctional SKODA RAPID (NH3, NK3, NK6) 1.6 benzina 105 cai MEYLE 100 951 0001 SKODA | MEYLE - Autorival\",\"isPartOf\":{\"@id\":\"https:\\\/\\\/autorival.ro\\\/skoda\\\/#website\"},\"primaryImageOfPage\":{\"@id\":\"https:\\\/\\\/autorival.ro\\\/skoda\\\/produs\\\/releu-multifunctional-skoda-rapid-nh3-nk3-nk6-1-6-benzina-105-cai-meyle-100-951-0001\\\/#primaryimage\"},\"image\":{\"@id\":\"https:\\\/\\\/autorival.ro\\\/skoda\\\/produs\\\/releu-multifunctional-skoda-rapid-nh3-nk3-nk6-1-6-benzina-105-cai-meyle-100-951-0001\\\/#primaryimage\"},\"thumbnailUrl\":\"https:\\\/\\\/autorival.ro\\\/skoda\\\/wp-content\\\/uploads\\\/sites\\\/10\\\/2025\\\/07\\\/fs_1009510001_1-6.jpg\",\"datePublished\":\"2025-07-20T17:59:38+00:00\",\"description\":\"\u26a1 Releu multifunctional SKODA RAPID (NH3, NK3, NK6) 1.6 benzina 105 cai MEYLE 100 951 0001 pentru SKODA. \u2713 Cod: 100 \u2713 Brand: MEYLE \u2713 \u00cen stoc \u2713 Livrare 24h \u2713 Garan\u021bie!\",\"breadcrumb\":{\"@id\":\"https:\\\/\\\/autorival.ro\\\/skoda\\\/produs\\\/releu-multifunctional-skoda-rapid-nh3-nk3-nk6-1-6-benzina-105-cai-meyle-100-951-0001\\\/#breadcrumb\"},\"inLanguage\":\"en-US\",\"potentialAction\":[{\"@type\":\"ReadAction\",\"target\":[\"https:\\\/\\\/autorival.ro\\\/skoda\\\/produs\\\/releu-multifunctional-skoda-rapid-nh3-nk3-nk6-1-6-benzina-105-cai-meyle-100-951-0001\\\/\"]}]},{\"@type\":\"ImageObject\",\"inLanguage\":\"en-US\",\"@id\":\"https:\\\/\\\/autorival.ro\\\/skoda\\\/produs\\\/releu-multifunctional-skoda-rapid-nh3-nk3-nk6-1-6-benzina-105-cai-meyle-100-951-0001\\\/#primaryimage\",\"url\":\"https:\\\/\\\/autorival.ro\\\/skoda\\\/wp-content\\\/uploads\\\/sites\\\/10\\\/2025\\\/07\\\/fs_1009510001_1-6.jpg\",\"contentUrl\":\"https:\\\/\\\/autorival.ro\\\/skoda\\\/wp-content\\\/uploads\\\/sites\\\/10\\\/2025\\\/07\\\/fs_1009510001_1-6.jpg\",\"width\":600,\"height\":400},{\"@type\":\"BreadcrumbList\",\"@id\":\"https:\\\/\\\/autorival.ro\\\/skoda\\\/produs\\\/releu-multifunctional-skoda-rapid-nh3-nk3-nk6-1-6-benzina-105-cai-meyle-100-951-0001\\\/#breadcrumb\",\"itemListElement\":[{\"@type\":\"ListItem\",\"position\":1,\"name\":\"Prima pagin\u0103\",\"item\":\"https:\\\/\\\/autorival.ro\\\/skoda\\\/\"},{\"@type\":\"ListItem\",\"position\":2,\"name\":\"Piese auto SKODA\",\"item\":\"https:\\\/\\\/autorival.ro\\\/skoda\\\/\"},{\"@type\":\"ListItem\",\"position\":3,\"name\":\"Releu multifunctional SKODA RAPID (NH3, NK3, NK6) 1.6 benzina 105 cai MEYLE 100 951 0001\"}]},{\"@type\":\"WebSite\",\"@id\":\"https:\\\/\\\/autorival.ro\\\/skoda\\\/#website\",\"url\":\"https:\\\/\\\/autorival.ro\\\/skoda\\\/\",\"name\":\"SKODA\",\"description\":\"\",\"potentialAction\":[{\"@type\":\"SearchAction\",\"target\":{\"@type\":\"EntryPoint\",\"urlTemplate\":\"https:\\\/\\\/autorival.ro\\\/skoda\\\/?s={search_term_string}\"},\"query-input\":{\"@type\":\"PropertyValueSpecification\",\"valueRequired\":true,\"valueName\":\"search_term_string\"}}],\"inLanguage\":\"en-US\"}]}<\/script>\n<!-- \/ Yoast SEO plugin. -->","yoast_head_json":{"title":"Releu multifunctional SKODA RAPID (NH3, NK3, NK6) 1.6 benzina 105 cai MEYLE 100 951 0001 SKODA | MEYLE - Autorival","description":"\u26a1 Releu multifunctional SKODA RAPID (NH3, NK3, NK6) 1.6 benzina 105 cai MEYLE 100 951 0001 pentru SKODA. \u2713 Cod: 100 \u2713 Brand: MEYLE \u2713 \u00cen stoc \u2713 Livrare 24h \u2713 Garan\u021bie!","robots":{"index":"index","follow":"follow","max-snippet":"max-snippet:-1","max-image-preview":"max-image-preview:large","max-video-preview":"max-video-preview:-1"},"og_locale":"en_US","og_type":"article","og_title":"Releu multifunctional SKODA RAPID (NH3, NK3, NK6) 1.6 benzina 105 cai MEYLE 100 951 0001 SKODA | MEYLE - Autorival","og_description":"\u26a1 Releu multifunctional SKODA RAPID (NH3, NK3, NK6) 1.6 benzina 105 cai MEYLE 100 951 0001 pentru SKODA. \u2713 Cod: 100 \u2713 Brand: MEYLE \u2713 \u00cen stoc \u2713 Livrare 24h \u2713 Garan\u021bie!","og_url":"https:\/\/autorival.ro\/skoda\/produs\/releu-multifunctional-skoda-rapid-nh3-nk3-nk6-1-6-benzina-105-cai-meyle-100-951-0001\/","og_site_name":"SKODA","og_image":[{"width":600,"height":400,"url":"https:\/\/autorival.ro\/skoda\/wp-content\/uploads\/sites\/10\/2025\/07\/fs_1009510001_1-6.jpg","type":"image\/jpeg"}],"twitter_card":"summary_large_image","twitter_title":"Releu multifunctional SKODA RAPID (NH3, NK3, NK6) 1.6 benzina 105 cai MEYLE 100 951 0001 SKODA | MEYLE - Autorival","twitter_description":"\u26a1 Releu multifunctional SKODA RAPID (NH3, NK3, NK6) 1.6 benzina 105 cai MEYLE 100 951 0001 pentru SKODA. \u2713 Cod: 100 \u2713 Brand: MEYLE \u2713 \u00cen stoc \u2713 Livrare 24h \u2713 Garan\u021bie!","schema":{"@context":"https:\/\/schema.org","@graph":[{"@type":"WebPage","@id":"https:\/\/autorival.ro\/skoda\/produs\/releu-multifunctional-skoda-rapid-nh3-nk3-nk6-1-6-benzina-105-cai-meyle-100-951-0001\/","url":"https:\/\/autorival.ro\/skoda\/produs\/releu-multifunctional-skoda-rapid-nh3-nk3-nk6-1-6-benzina-105-cai-meyle-100-951-0001\/","name":"Releu multifunctional SKODA RAPID (NH3, NK3, NK6) 1.6 benzina 105 cai MEYLE 100 951 0001 SKODA | MEYLE - Autorival","isPartOf":{"@id":"https:\/\/autorival.ro\/skoda\/#website"},"primaryImageOfPage":{"@id":"https:\/\/autorival.ro\/skoda\/produs\/releu-multifunctional-skoda-rapid-nh3-nk3-nk6-1-6-benzina-105-cai-meyle-100-951-0001\/#primaryimage"},"image":{"@id":"https:\/\/autorival.ro\/skoda\/produs\/releu-multifunctional-skoda-rapid-nh3-nk3-nk6-1-6-benzina-105-cai-meyle-100-951-0001\/#primaryimage"},"thumbnailUrl":"https:\/\/autorival.ro\/skoda\/wp-content\/uploads\/sites\/10\/2025\/07\/fs_1009510001_1-6.jpg","datePublished":"2025-07-20T17:59:38+00:00","description":"\u26a1 Releu multifunctional SKODA RAPID (NH3, NK3, NK6) 1.6 benzina 105 cai MEYLE 100 951 0001 pentru SKODA. \u2713 Cod: 100 \u2713 Brand: MEYLE \u2713 \u00cen stoc \u2713 Livrare 24h \u2713 Garan\u021bie!","breadcrumb":{"@id":"https:\/\/autorival.ro\/skoda\/produs\/releu-multifunctional-skoda-rapid-nh3-nk3-nk6-1-6-benzina-105-cai-meyle-100-951-0001\/#breadcrumb"},"inLanguage":"en-US","potentialAction":[{"@type":"ReadAction","target":["https:\/\/autorival.ro\/skoda\/produs\/releu-multifunctional-skoda-rapid-nh3-nk3-nk6-1-6-benzina-105-cai-meyle-100-951-0001\/"]}]},{"@type":"ImageObject","inLanguage":"en-US","@id":"https:\/\/autorival.ro\/skoda\/produs\/releu-multifunctional-skoda-rapid-nh3-nk3-nk6-1-6-benzina-105-cai-meyle-100-951-0001\/#primaryimage","url":"https:\/\/autorival.ro\/skoda\/wp-content\/uploads\/sites\/10\/2025\/07\/fs_1009510001_1-6.jpg","contentUrl":"https:\/\/autorival.ro\/skoda\/wp-content\/uploads\/sites\/10\/2025\/07\/fs_1009510001_1-6.jpg","width":600,"height":400},{"@type":"BreadcrumbList","@id":"https:\/\/autorival.ro\/skoda\/produs\/releu-multifunctional-skoda-rapid-nh3-nk3-nk6-1-6-benzina-105-cai-meyle-100-951-0001\/#breadcrumb","itemListElement":[{"@type":"ListItem","position":1,"name":"Prima pagin\u0103","item":"https:\/\/autorival.ro\/skoda\/"},{"@type":"ListItem","position":2,"name":"Piese auto SKODA","item":"https:\/\/autorival.ro\/skoda\/"},{"@type":"ListItem","position":3,"name":"Releu multifunctional SKODA RAPID (NH3, NK3, NK6) 1.6 benzina 105 cai MEYLE 100 951 0001"}]},{"@type":"WebSite","@id":"https:\/\/autorival.ro\/skoda\/#website","url":"https:\/\/autorival.ro\/skoda\/","name":"SKODA","description":"","potentialAction":[{"@type":"SearchAction","target":{"@type":"EntryPoint","urlTemplate":"https:\/\/autorival.ro\/skoda\/?s={search_term_string}"},"query-input":{"@type":"PropertyValueSpecification","valueRequired":true,"valueName":"search_term_string"}}],"inLanguage":"en-US"}]}},"_links":{"self":[{"href":"https:\/\/autorival.ro\/skoda\/wp-json\/wp\/v2\/product\/419424","targetHints":{"allow":["GET"]}}],"collection":[{"href":"https:\/\/autorival.ro\/skoda\/wp-json\/wp\/v2\/product"}],"about":[{"href":"https:\/\/autorival.ro\/skoda\/wp-json\/wp\/v2\/types\/product"}],"replies":[{"embeddable":true,"href":"https:\/\/autorival.ro\/skoda\/wp-json\/wp\/v2\/comments?post=419424"}],"wp:featuredmedia":[{"embeddable":true,"href":"https:\/\/autorival.ro\/skoda\/wp-json\/wp\/v2\/media\/419425"}],"wp:attachment":[{"href":"https:\/\/autorival.ro\/skoda\/wp-json\/wp\/v2\/media?parent=419424"}],"wp:term":[{"taxonomy":"product_brand","embeddable":true,"href":"https:\/\/autorival.ro\/skoda\/wp-json\/wp\/v2\/product_brand?post=419424"},{"taxonomy":"product_cat","embeddable":true,"href":"https:\/\/autorival.ro\/skoda\/wp-json\/wp\/v2\/product_cat?post=419424"},{"taxonomy":"product_tag","embeddable":true,"href":"https:\/\/autorival.ro\/skoda\/wp-json\/wp\/v2\/product_tag?post=419424"}],"curies":[{"name":"wp","href":"https:\/\/api.w.org\/{rel}","templated":true}]}}