{"id":415002,"date":"2025-07-20T16:11:38","date_gmt":"2025-07-20T16:11:38","guid":{"rendered":"https:\/\/autorival.ro\/skoda\/product\/radiator-racire-motor-skoda-rapid-spaceback-nh1-1-4-tsi-benzina-125-cai-tyc-737-0064-r\/"},"modified":"2025-07-20T16:11:38","modified_gmt":"2025-07-20T16:11:38","slug":"radiator-racire-motor-skoda-rapid-spaceback-nh1-1-4-tsi-benzina-125-cai-tyc-737-0064-r","status":"publish","type":"product","link":"https:\/\/autorival.ro\/skoda\/produs\/radiator-racire-motor-skoda-rapid-spaceback-nh1-1-4-tsi-benzina-125-cai-tyc-737-0064-r\/","title":{"rendered":"Radiator racire motor SKODA RAPID Spaceback (NH1) 1.4 TSI benzina 125 cai TYC 737-0064-R"},"content":{"rendered":"<p>Tip cutie viteza: cv. manualaVarianta radiator: Element radiator cu prindere mecanicaAd\u00e2ncimea plasei [mm]: 23 ->Lungime plas\u0103 [mm]: 650L\u0103\u021bimea plasei [mm]: 328 ->Diametru admisie [mm]: 32 ->Diametru evacuare [mm]: 32<\/p>\n","protected":false},"excerpt":{"rendered":"<p>Producator: TYC Cod producator: 737-0064-R<\/p>\n","protected":false},"featured_media":415003,"comment_status":"open","ping_status":"closed","template":"","meta":[],"product_brand":[71],"product_cat":[14924],"product_tag":[25592,26195,25836,25607,25586,25593,25597],"class_list":{"0":"post-415002","1":"product","2":"type-product","3":"status-publish","4":"has-post-thumbnail","6":"product_brand-tyc","7":"product_cat-radiator-racire-motor-spaceback-nh1-1-4-tsi-benzina-125","8":"product_tag-motor","9":"product_tag-racire","10":"product_tag-radiator","11":"product_tag-rapid","12":"product_tag-skoda","13":"product_tag-tsi","14":"product_tag-tyc","16":"first","17":"instock","18":"shipping-taxable","19":"purchasable","20":"product-type-simple"},"yoast_head":"<!-- This site is optimized with the Yoast SEO plugin v27.3 - https:\/\/yoast.com\/product\/yoast-seo-wordpress\/ -->\n<title>Radiator racire motor SKODA RAPID Spaceback (NH1) 1.4 TSI benzina 125 cai TYC 737-0064-R SKODA | TYC - Autorival<\/title>\n<meta name=\"description\" content=\"\u26a1 Radiator racire motor SKODA RAPID Spaceback (NH1) 1.4 TSI benzina 125 cai TYC 737-0064-R pentru SKODA. \u2713 Cod: 737-0064-R \u2713 Brand: TYC \u2713 \u00cen stoc \u2713 Livrare 24h \u2713 Garan\u021bie!\" \/>\n<meta name=\"robots\" content=\"index, follow, max-snippet:-1, max-image-preview:large, max-video-preview:-1\" \/>\n<meta property=\"og:locale\" content=\"en_US\" \/>\n<meta property=\"og:type\" content=\"article\" \/>\n<meta property=\"og:title\" content=\"Radiator racire motor SKODA RAPID Spaceback (NH1) 1.4 TSI benzina 125 cai TYC 737-0064-R SKODA | TYC - Autorival\" \/>\n<meta property=\"og:description\" content=\"\u26a1 Radiator racire motor SKODA RAPID Spaceback (NH1) 1.4 TSI benzina 125 cai TYC 737-0064-R pentru SKODA. \u2713 Cod: 737-0064-R \u2713 Brand: TYC \u2713 \u00cen stoc \u2713 Livrare 24h \u2713 Garan\u021bie!\" \/>\n<meta property=\"og:url\" content=\"https:\/\/autorival.ro\/skoda\/produs\/radiator-racire-motor-skoda-rapid-spaceback-nh1-1-4-tsi-benzina-125-cai-tyc-737-0064-r\/\" \/>\n<meta property=\"og:site_name\" content=\"SKODA\" \/>\n<meta property=\"og:image\" content=\"https:\/\/autorival.ro\/skoda\/wp-content\/uploads\/sites\/10\/2025\/07\/737-0064-r-20.jpg\" \/>\n\t<meta property=\"og:image:width\" content=\"589\" \/>\n\t<meta property=\"og:image:height\" content=\"400\" \/>\n\t<meta property=\"og:image:type\" content=\"image\/jpeg\" \/>\n<meta name=\"twitter:card\" content=\"summary_large_image\" \/>\n<meta name=\"twitter:title\" content=\"Radiator racire motor SKODA RAPID Spaceback (NH1) 1.4 TSI benzina 125 cai TYC 737-0064-R SKODA | TYC - Autorival\" \/>\n<meta name=\"twitter:description\" content=\"\u26a1 Radiator racire motor SKODA RAPID Spaceback (NH1) 1.4 TSI benzina 125 cai TYC 737-0064-R pentru SKODA. \u2713 Cod: 737-0064-R \u2713 Brand: TYC \u2713 \u00cen stoc \u2713 Livrare 24h \u2713 Garan\u021bie!\" \/>\n<script type=\"application\/ld+json\" class=\"yoast-schema-graph\">{\"@context\":\"https:\\\/\\\/schema.org\",\"@graph\":[{\"@type\":\"WebPage\",\"@id\":\"https:\\\/\\\/autorival.ro\\\/skoda\\\/produs\\\/radiator-racire-motor-skoda-rapid-spaceback-nh1-1-4-tsi-benzina-125-cai-tyc-737-0064-r\\\/\",\"url\":\"https:\\\/\\\/autorival.ro\\\/skoda\\\/produs\\\/radiator-racire-motor-skoda-rapid-spaceback-nh1-1-4-tsi-benzina-125-cai-tyc-737-0064-r\\\/\",\"name\":\"Radiator racire motor SKODA RAPID Spaceback (NH1) 1.4 TSI benzina 125 cai TYC 737-0064-R SKODA | TYC - Autorival\",\"isPartOf\":{\"@id\":\"https:\\\/\\\/autorival.ro\\\/skoda\\\/#website\"},\"primaryImageOfPage\":{\"@id\":\"https:\\\/\\\/autorival.ro\\\/skoda\\\/produs\\\/radiator-racire-motor-skoda-rapid-spaceback-nh1-1-4-tsi-benzina-125-cai-tyc-737-0064-r\\\/#primaryimage\"},\"image\":{\"@id\":\"https:\\\/\\\/autorival.ro\\\/skoda\\\/produs\\\/radiator-racire-motor-skoda-rapid-spaceback-nh1-1-4-tsi-benzina-125-cai-tyc-737-0064-r\\\/#primaryimage\"},\"thumbnailUrl\":\"https:\\\/\\\/autorival.ro\\\/skoda\\\/wp-content\\\/uploads\\\/sites\\\/10\\\/2025\\\/07\\\/737-0064-r-20.jpg\",\"datePublished\":\"2025-07-20T16:11:38+00:00\",\"description\":\"\u26a1 Radiator racire motor SKODA RAPID Spaceback (NH1) 1.4 TSI benzina 125 cai TYC 737-0064-R pentru SKODA. \u2713 Cod: 737-0064-R \u2713 Brand: TYC \u2713 \u00cen stoc \u2713 Livrare 24h \u2713 Garan\u021bie!\",\"breadcrumb\":{\"@id\":\"https:\\\/\\\/autorival.ro\\\/skoda\\\/produs\\\/radiator-racire-motor-skoda-rapid-spaceback-nh1-1-4-tsi-benzina-125-cai-tyc-737-0064-r\\\/#breadcrumb\"},\"inLanguage\":\"en-US\",\"potentialAction\":[{\"@type\":\"ReadAction\",\"target\":[\"https:\\\/\\\/autorival.ro\\\/skoda\\\/produs\\\/radiator-racire-motor-skoda-rapid-spaceback-nh1-1-4-tsi-benzina-125-cai-tyc-737-0064-r\\\/\"]}]},{\"@type\":\"ImageObject\",\"inLanguage\":\"en-US\",\"@id\":\"https:\\\/\\\/autorival.ro\\\/skoda\\\/produs\\\/radiator-racire-motor-skoda-rapid-spaceback-nh1-1-4-tsi-benzina-125-cai-tyc-737-0064-r\\\/#primaryimage\",\"url\":\"https:\\\/\\\/autorival.ro\\\/skoda\\\/wp-content\\\/uploads\\\/sites\\\/10\\\/2025\\\/07\\\/737-0064-r-20.jpg\",\"contentUrl\":\"https:\\\/\\\/autorival.ro\\\/skoda\\\/wp-content\\\/uploads\\\/sites\\\/10\\\/2025\\\/07\\\/737-0064-r-20.jpg\",\"width\":589,\"height\":400},{\"@type\":\"BreadcrumbList\",\"@id\":\"https:\\\/\\\/autorival.ro\\\/skoda\\\/produs\\\/radiator-racire-motor-skoda-rapid-spaceback-nh1-1-4-tsi-benzina-125-cai-tyc-737-0064-r\\\/#breadcrumb\",\"itemListElement\":[{\"@type\":\"ListItem\",\"position\":1,\"name\":\"Prima pagin\u0103\",\"item\":\"https:\\\/\\\/autorival.ro\\\/skoda\\\/\"},{\"@type\":\"ListItem\",\"position\":2,\"name\":\"Piese auto SKODA\",\"item\":\"https:\\\/\\\/autorival.ro\\\/skoda\\\/\"},{\"@type\":\"ListItem\",\"position\":3,\"name\":\"Radiator racire motor SKODA RAPID Spaceback (NH1) 1.4 TSI benzina 125 cai TYC 737-0064-R\"}]},{\"@type\":\"WebSite\",\"@id\":\"https:\\\/\\\/autorival.ro\\\/skoda\\\/#website\",\"url\":\"https:\\\/\\\/autorival.ro\\\/skoda\\\/\",\"name\":\"SKODA\",\"description\":\"\",\"potentialAction\":[{\"@type\":\"SearchAction\",\"target\":{\"@type\":\"EntryPoint\",\"urlTemplate\":\"https:\\\/\\\/autorival.ro\\\/skoda\\\/?s={search_term_string}\"},\"query-input\":{\"@type\":\"PropertyValueSpecification\",\"valueRequired\":true,\"valueName\":\"search_term_string\"}}],\"inLanguage\":\"en-US\"}]}<\/script>\n<!-- \/ Yoast SEO plugin. -->","yoast_head_json":{"title":"Radiator racire motor SKODA RAPID Spaceback (NH1) 1.4 TSI benzina 125 cai TYC 737-0064-R SKODA | TYC - Autorival","description":"\u26a1 Radiator racire motor SKODA RAPID Spaceback (NH1) 1.4 TSI benzina 125 cai TYC 737-0064-R pentru SKODA. \u2713 Cod: 737-0064-R \u2713 Brand: TYC \u2713 \u00cen stoc \u2713 Livrare 24h \u2713 Garan\u021bie!","robots":{"index":"index","follow":"follow","max-snippet":"max-snippet:-1","max-image-preview":"max-image-preview:large","max-video-preview":"max-video-preview:-1"},"og_locale":"en_US","og_type":"article","og_title":"Radiator racire motor SKODA RAPID Spaceback (NH1) 1.4 TSI benzina 125 cai TYC 737-0064-R SKODA | TYC - Autorival","og_description":"\u26a1 Radiator racire motor SKODA RAPID Spaceback (NH1) 1.4 TSI benzina 125 cai TYC 737-0064-R pentru SKODA. \u2713 Cod: 737-0064-R \u2713 Brand: TYC \u2713 \u00cen stoc \u2713 Livrare 24h \u2713 Garan\u021bie!","og_url":"https:\/\/autorival.ro\/skoda\/produs\/radiator-racire-motor-skoda-rapid-spaceback-nh1-1-4-tsi-benzina-125-cai-tyc-737-0064-r\/","og_site_name":"SKODA","og_image":[{"width":589,"height":400,"url":"https:\/\/autorival.ro\/skoda\/wp-content\/uploads\/sites\/10\/2025\/07\/737-0064-r-20.jpg","type":"image\/jpeg"}],"twitter_card":"summary_large_image","twitter_title":"Radiator racire motor SKODA RAPID Spaceback (NH1) 1.4 TSI benzina 125 cai TYC 737-0064-R SKODA | TYC - Autorival","twitter_description":"\u26a1 Radiator racire motor SKODA RAPID Spaceback (NH1) 1.4 TSI benzina 125 cai TYC 737-0064-R pentru SKODA. \u2713 Cod: 737-0064-R \u2713 Brand: TYC \u2713 \u00cen stoc \u2713 Livrare 24h \u2713 Garan\u021bie!","schema":{"@context":"https:\/\/schema.org","@graph":[{"@type":"WebPage","@id":"https:\/\/autorival.ro\/skoda\/produs\/radiator-racire-motor-skoda-rapid-spaceback-nh1-1-4-tsi-benzina-125-cai-tyc-737-0064-r\/","url":"https:\/\/autorival.ro\/skoda\/produs\/radiator-racire-motor-skoda-rapid-spaceback-nh1-1-4-tsi-benzina-125-cai-tyc-737-0064-r\/","name":"Radiator racire motor SKODA RAPID Spaceback (NH1) 1.4 TSI benzina 125 cai TYC 737-0064-R SKODA | TYC - Autorival","isPartOf":{"@id":"https:\/\/autorival.ro\/skoda\/#website"},"primaryImageOfPage":{"@id":"https:\/\/autorival.ro\/skoda\/produs\/radiator-racire-motor-skoda-rapid-spaceback-nh1-1-4-tsi-benzina-125-cai-tyc-737-0064-r\/#primaryimage"},"image":{"@id":"https:\/\/autorival.ro\/skoda\/produs\/radiator-racire-motor-skoda-rapid-spaceback-nh1-1-4-tsi-benzina-125-cai-tyc-737-0064-r\/#primaryimage"},"thumbnailUrl":"https:\/\/autorival.ro\/skoda\/wp-content\/uploads\/sites\/10\/2025\/07\/737-0064-r-20.jpg","datePublished":"2025-07-20T16:11:38+00:00","description":"\u26a1 Radiator racire motor SKODA RAPID Spaceback (NH1) 1.4 TSI benzina 125 cai TYC 737-0064-R pentru SKODA. \u2713 Cod: 737-0064-R \u2713 Brand: TYC \u2713 \u00cen stoc \u2713 Livrare 24h \u2713 Garan\u021bie!","breadcrumb":{"@id":"https:\/\/autorival.ro\/skoda\/produs\/radiator-racire-motor-skoda-rapid-spaceback-nh1-1-4-tsi-benzina-125-cai-tyc-737-0064-r\/#breadcrumb"},"inLanguage":"en-US","potentialAction":[{"@type":"ReadAction","target":["https:\/\/autorival.ro\/skoda\/produs\/radiator-racire-motor-skoda-rapid-spaceback-nh1-1-4-tsi-benzina-125-cai-tyc-737-0064-r\/"]}]},{"@type":"ImageObject","inLanguage":"en-US","@id":"https:\/\/autorival.ro\/skoda\/produs\/radiator-racire-motor-skoda-rapid-spaceback-nh1-1-4-tsi-benzina-125-cai-tyc-737-0064-r\/#primaryimage","url":"https:\/\/autorival.ro\/skoda\/wp-content\/uploads\/sites\/10\/2025\/07\/737-0064-r-20.jpg","contentUrl":"https:\/\/autorival.ro\/skoda\/wp-content\/uploads\/sites\/10\/2025\/07\/737-0064-r-20.jpg","width":589,"height":400},{"@type":"BreadcrumbList","@id":"https:\/\/autorival.ro\/skoda\/produs\/radiator-racire-motor-skoda-rapid-spaceback-nh1-1-4-tsi-benzina-125-cai-tyc-737-0064-r\/#breadcrumb","itemListElement":[{"@type":"ListItem","position":1,"name":"Prima pagin\u0103","item":"https:\/\/autorival.ro\/skoda\/"},{"@type":"ListItem","position":2,"name":"Piese auto SKODA","item":"https:\/\/autorival.ro\/skoda\/"},{"@type":"ListItem","position":3,"name":"Radiator racire motor SKODA RAPID Spaceback (NH1) 1.4 TSI benzina 125 cai TYC 737-0064-R"}]},{"@type":"WebSite","@id":"https:\/\/autorival.ro\/skoda\/#website","url":"https:\/\/autorival.ro\/skoda\/","name":"SKODA","description":"","potentialAction":[{"@type":"SearchAction","target":{"@type":"EntryPoint","urlTemplate":"https:\/\/autorival.ro\/skoda\/?s={search_term_string}"},"query-input":{"@type":"PropertyValueSpecification","valueRequired":true,"valueName":"search_term_string"}}],"inLanguage":"en-US"}]}},"_links":{"self":[{"href":"https:\/\/autorival.ro\/skoda\/wp-json\/wp\/v2\/product\/415002","targetHints":{"allow":["GET"]}}],"collection":[{"href":"https:\/\/autorival.ro\/skoda\/wp-json\/wp\/v2\/product"}],"about":[{"href":"https:\/\/autorival.ro\/skoda\/wp-json\/wp\/v2\/types\/product"}],"replies":[{"embeddable":true,"href":"https:\/\/autorival.ro\/skoda\/wp-json\/wp\/v2\/comments?post=415002"}],"wp:featuredmedia":[{"embeddable":true,"href":"https:\/\/autorival.ro\/skoda\/wp-json\/wp\/v2\/media\/415003"}],"wp:attachment":[{"href":"https:\/\/autorival.ro\/skoda\/wp-json\/wp\/v2\/media?parent=415002"}],"wp:term":[{"taxonomy":"product_brand","embeddable":true,"href":"https:\/\/autorival.ro\/skoda\/wp-json\/wp\/v2\/product_brand?post=415002"},{"taxonomy":"product_cat","embeddable":true,"href":"https:\/\/autorival.ro\/skoda\/wp-json\/wp\/v2\/product_cat?post=415002"},{"taxonomy":"product_tag","embeddable":true,"href":"https:\/\/autorival.ro\/skoda\/wp-json\/wp\/v2\/product_tag?post=415002"}],"curies":[{"name":"wp","href":"https:\/\/api.w.org\/{rel}","templated":true}]}}