{"id":399518,"date":"2025-07-20T10:20:24","date_gmt":"2025-07-20T10:20:24","guid":{"rendered":"https:\/\/autorival.ro\/skoda\/product\/pompa-de-apa-skoda-yeti-5l-1-8-tsi-4x4-benzina-160-cai-meyle-113-220-0023-hd\/"},"modified":"2025-07-20T10:20:24","modified_gmt":"2025-07-20T10:20:24","slug":"pompa-de-apa-skoda-yeti-5l-1-8-tsi-4x4-benzina-160-cai-meyle-113-220-0023-hd","status":"publish","type":"product","link":"https:\/\/autorival.ro\/skoda\/produs\/pompa-de-apa-skoda-yeti-5l-1-8-tsi-4x4-benzina-160-cai-meyle-113-220-0023-hd\/","title":{"rendered":"Pompa de apa SKODA YETI (5L) 1.8 TSI 4&#215;4 benzina 160 cai MEYLE 113 220 0023\/HD"},"content":{"rendered":"<p>Articol extins\/Informatii de extindere: cu etansareTip carcasa: fara carcasaTip constructiv pompa apa: pentru actionare curea distributieNumar dinti: 29Model ranforsatCalitate: Sealed with SiC\/SiCMaterial roata pale &#8211; pompa apa: metalPies\u0103 nou\u0103 f\u0103r\u0103 gajCod articol al dispozitivului special recomandat: 999 990 0002Nr. articol al accesoriului recomandat: 100 919 0032Materialul carcasei: otel inoxidabilProprietati chimice: rezistent la temperatura<\/p>\n","protected":false},"excerpt":{"rendered":"<p>Producator: MEYLE Cod producator: 113 220 0023\/HD<\/p>\n","protected":false},"featured_media":399519,"comment_status":"open","ping_status":"closed","template":"","meta":[],"product_brand":[469],"product_cat":[14144],"product_tag":[25627,25682,25625,25586,25593,25596],"class_list":{"0":"post-399518","1":"product","2":"type-product","3":"status-publish","4":"has-post-thumbnail","6":"product_brand-meyle","7":"product_cat-pompa-de-apa-5l-1-8-tsi-4x4-benzina-160","8":"product_tag-apa","9":"product_tag-meyle","10":"product_tag-pompa","11":"product_tag-skoda","12":"product_tag-tsi","13":"product_tag-yeti","15":"first","16":"instock","17":"shipping-taxable","18":"purchasable","19":"product-type-simple"},"yoast_head":"<!-- This site is optimized with the Yoast SEO plugin v27.3 - https:\/\/yoast.com\/product\/yoast-seo-wordpress\/ -->\n<title>Pompa de apa SKODA YETI (5L) 1.8 TSI 4&#215;4 benzina 160 cai MEYLE 113 220 0023\/HD SKODA | MEYLE - Autorival<\/title>\n<meta name=\"description\" content=\"\u26a1 Pompa de apa SKODA YETI (5L) 1.8 TSI 4&#215;4 benzina 160 cai MEYLE 113 220 0023\/HD pentru SKODA. \u2713 Cod: 113 \u2713 Brand: MEYLE \u2713 \u00cen stoc \u2713 Livrare 24h \u2713 Garan\u021bie!\" \/>\n<meta name=\"robots\" content=\"index, follow, max-snippet:-1, max-image-preview:large, max-video-preview:-1\" \/>\n<meta property=\"og:locale\" content=\"en_US\" \/>\n<meta property=\"og:type\" content=\"article\" \/>\n<meta property=\"og:title\" content=\"Pompa de apa SKODA YETI (5L) 1.8 TSI 4&#215;4 benzina 160 cai MEYLE 113 220 0023\/HD SKODA | MEYLE - Autorival\" \/>\n<meta property=\"og:description\" content=\"\u26a1 Pompa de apa SKODA YETI (5L) 1.8 TSI 4&#215;4 benzina 160 cai MEYLE 113 220 0023\/HD pentru SKODA. \u2713 Cod: 113 \u2713 Brand: MEYLE \u2713 \u00cen stoc \u2713 Livrare 24h \u2713 Garan\u021bie!\" \/>\n<meta property=\"og:url\" content=\"https:\/\/autorival.ro\/skoda\/produs\/pompa-de-apa-skoda-yeti-5l-1-8-tsi-4x4-benzina-160-cai-meyle-113-220-0023-hd\/\" \/>\n<meta property=\"og:site_name\" content=\"SKODA\" \/>\n<meta property=\"og:image\" content=\"https:\/\/autorival.ro\/skoda\/wp-content\/uploads\/sites\/10\/2025\/07\/fs_1132200023hd_1-1.jpg\" \/>\n\t<meta property=\"og:image:width\" content=\"600\" \/>\n\t<meta property=\"og:image:height\" content=\"400\" \/>\n\t<meta property=\"og:image:type\" content=\"image\/jpeg\" \/>\n<meta name=\"twitter:card\" content=\"summary_large_image\" \/>\n<meta name=\"twitter:title\" content=\"Pompa de apa SKODA YETI (5L) 1.8 TSI 4&#215;4 benzina 160 cai MEYLE 113 220 0023\/HD SKODA | MEYLE - Autorival\" \/>\n<meta name=\"twitter:description\" content=\"\u26a1 Pompa de apa SKODA YETI (5L) 1.8 TSI 4&#215;4 benzina 160 cai MEYLE 113 220 0023\/HD pentru SKODA. \u2713 Cod: 113 \u2713 Brand: MEYLE \u2713 \u00cen stoc \u2713 Livrare 24h \u2713 Garan\u021bie!\" \/>\n<script type=\"application\/ld+json\" class=\"yoast-schema-graph\">{\"@context\":\"https:\\\/\\\/schema.org\",\"@graph\":[{\"@type\":\"WebPage\",\"@id\":\"https:\\\/\\\/autorival.ro\\\/skoda\\\/produs\\\/pompa-de-apa-skoda-yeti-5l-1-8-tsi-4x4-benzina-160-cai-meyle-113-220-0023-hd\\\/\",\"url\":\"https:\\\/\\\/autorival.ro\\\/skoda\\\/produs\\\/pompa-de-apa-skoda-yeti-5l-1-8-tsi-4x4-benzina-160-cai-meyle-113-220-0023-hd\\\/\",\"name\":\"Pompa de apa SKODA YETI (5L) 1.8 TSI 4&#215;4 benzina 160 cai MEYLE 113 220 0023\\\/HD SKODA | MEYLE - Autorival\",\"isPartOf\":{\"@id\":\"https:\\\/\\\/autorival.ro\\\/skoda\\\/#website\"},\"primaryImageOfPage\":{\"@id\":\"https:\\\/\\\/autorival.ro\\\/skoda\\\/produs\\\/pompa-de-apa-skoda-yeti-5l-1-8-tsi-4x4-benzina-160-cai-meyle-113-220-0023-hd\\\/#primaryimage\"},\"image\":{\"@id\":\"https:\\\/\\\/autorival.ro\\\/skoda\\\/produs\\\/pompa-de-apa-skoda-yeti-5l-1-8-tsi-4x4-benzina-160-cai-meyle-113-220-0023-hd\\\/#primaryimage\"},\"thumbnailUrl\":\"https:\\\/\\\/autorival.ro\\\/skoda\\\/wp-content\\\/uploads\\\/sites\\\/10\\\/2025\\\/07\\\/fs_1132200023hd_1-1.jpg\",\"datePublished\":\"2025-07-20T10:20:24+00:00\",\"description\":\"\u26a1 Pompa de apa SKODA YETI (5L) 1.8 TSI 4&#215;4 benzina 160 cai MEYLE 113 220 0023\\\/HD pentru SKODA. \u2713 Cod: 113 \u2713 Brand: MEYLE \u2713 \u00cen stoc \u2713 Livrare 24h \u2713 Garan\u021bie!\",\"breadcrumb\":{\"@id\":\"https:\\\/\\\/autorival.ro\\\/skoda\\\/produs\\\/pompa-de-apa-skoda-yeti-5l-1-8-tsi-4x4-benzina-160-cai-meyle-113-220-0023-hd\\\/#breadcrumb\"},\"inLanguage\":\"en-US\",\"potentialAction\":[{\"@type\":\"ReadAction\",\"target\":[\"https:\\\/\\\/autorival.ro\\\/skoda\\\/produs\\\/pompa-de-apa-skoda-yeti-5l-1-8-tsi-4x4-benzina-160-cai-meyle-113-220-0023-hd\\\/\"]}]},{\"@type\":\"ImageObject\",\"inLanguage\":\"en-US\",\"@id\":\"https:\\\/\\\/autorival.ro\\\/skoda\\\/produs\\\/pompa-de-apa-skoda-yeti-5l-1-8-tsi-4x4-benzina-160-cai-meyle-113-220-0023-hd\\\/#primaryimage\",\"url\":\"https:\\\/\\\/autorival.ro\\\/skoda\\\/wp-content\\\/uploads\\\/sites\\\/10\\\/2025\\\/07\\\/fs_1132200023hd_1-1.jpg\",\"contentUrl\":\"https:\\\/\\\/autorival.ro\\\/skoda\\\/wp-content\\\/uploads\\\/sites\\\/10\\\/2025\\\/07\\\/fs_1132200023hd_1-1.jpg\",\"width\":600,\"height\":400},{\"@type\":\"BreadcrumbList\",\"@id\":\"https:\\\/\\\/autorival.ro\\\/skoda\\\/produs\\\/pompa-de-apa-skoda-yeti-5l-1-8-tsi-4x4-benzina-160-cai-meyle-113-220-0023-hd\\\/#breadcrumb\",\"itemListElement\":[{\"@type\":\"ListItem\",\"position\":1,\"name\":\"Prima pagin\u0103\",\"item\":\"https:\\\/\\\/autorival.ro\\\/skoda\\\/\"},{\"@type\":\"ListItem\",\"position\":2,\"name\":\"Piese auto SKODA\",\"item\":\"https:\\\/\\\/autorival.ro\\\/skoda\\\/\"},{\"@type\":\"ListItem\",\"position\":3,\"name\":\"Pompa de apa SKODA YETI (5L) 1.8 TSI 4&#215;4 benzina 160 cai MEYLE 113 220 0023\\\/HD\"}]},{\"@type\":\"WebSite\",\"@id\":\"https:\\\/\\\/autorival.ro\\\/skoda\\\/#website\",\"url\":\"https:\\\/\\\/autorival.ro\\\/skoda\\\/\",\"name\":\"SKODA\",\"description\":\"\",\"potentialAction\":[{\"@type\":\"SearchAction\",\"target\":{\"@type\":\"EntryPoint\",\"urlTemplate\":\"https:\\\/\\\/autorival.ro\\\/skoda\\\/?s={search_term_string}\"},\"query-input\":{\"@type\":\"PropertyValueSpecification\",\"valueRequired\":true,\"valueName\":\"search_term_string\"}}],\"inLanguage\":\"en-US\"}]}<\/script>\n<!-- \/ Yoast SEO plugin. -->","yoast_head_json":{"title":"Pompa de apa SKODA YETI (5L) 1.8 TSI 4&#215;4 benzina 160 cai MEYLE 113 220 0023\/HD SKODA | MEYLE - Autorival","description":"\u26a1 Pompa de apa SKODA YETI (5L) 1.8 TSI 4&#215;4 benzina 160 cai MEYLE 113 220 0023\/HD pentru SKODA. \u2713 Cod: 113 \u2713 Brand: MEYLE \u2713 \u00cen stoc \u2713 Livrare 24h \u2713 Garan\u021bie!","robots":{"index":"index","follow":"follow","max-snippet":"max-snippet:-1","max-image-preview":"max-image-preview:large","max-video-preview":"max-video-preview:-1"},"og_locale":"en_US","og_type":"article","og_title":"Pompa de apa SKODA YETI (5L) 1.8 TSI 4&#215;4 benzina 160 cai MEYLE 113 220 0023\/HD SKODA | MEYLE - Autorival","og_description":"\u26a1 Pompa de apa SKODA YETI (5L) 1.8 TSI 4&#215;4 benzina 160 cai MEYLE 113 220 0023\/HD pentru SKODA. \u2713 Cod: 113 \u2713 Brand: MEYLE \u2713 \u00cen stoc \u2713 Livrare 24h \u2713 Garan\u021bie!","og_url":"https:\/\/autorival.ro\/skoda\/produs\/pompa-de-apa-skoda-yeti-5l-1-8-tsi-4x4-benzina-160-cai-meyle-113-220-0023-hd\/","og_site_name":"SKODA","og_image":[{"width":600,"height":400,"url":"https:\/\/autorival.ro\/skoda\/wp-content\/uploads\/sites\/10\/2025\/07\/fs_1132200023hd_1-1.jpg","type":"image\/jpeg"}],"twitter_card":"summary_large_image","twitter_title":"Pompa de apa SKODA YETI (5L) 1.8 TSI 4&#215;4 benzina 160 cai MEYLE 113 220 0023\/HD SKODA | MEYLE - Autorival","twitter_description":"\u26a1 Pompa de apa SKODA YETI (5L) 1.8 TSI 4&#215;4 benzina 160 cai MEYLE 113 220 0023\/HD pentru SKODA. \u2713 Cod: 113 \u2713 Brand: MEYLE \u2713 \u00cen stoc \u2713 Livrare 24h \u2713 Garan\u021bie!","schema":{"@context":"https:\/\/schema.org","@graph":[{"@type":"WebPage","@id":"https:\/\/autorival.ro\/skoda\/produs\/pompa-de-apa-skoda-yeti-5l-1-8-tsi-4x4-benzina-160-cai-meyle-113-220-0023-hd\/","url":"https:\/\/autorival.ro\/skoda\/produs\/pompa-de-apa-skoda-yeti-5l-1-8-tsi-4x4-benzina-160-cai-meyle-113-220-0023-hd\/","name":"Pompa de apa SKODA YETI (5L) 1.8 TSI 4&#215;4 benzina 160 cai MEYLE 113 220 0023\/HD SKODA | MEYLE - Autorival","isPartOf":{"@id":"https:\/\/autorival.ro\/skoda\/#website"},"primaryImageOfPage":{"@id":"https:\/\/autorival.ro\/skoda\/produs\/pompa-de-apa-skoda-yeti-5l-1-8-tsi-4x4-benzina-160-cai-meyle-113-220-0023-hd\/#primaryimage"},"image":{"@id":"https:\/\/autorival.ro\/skoda\/produs\/pompa-de-apa-skoda-yeti-5l-1-8-tsi-4x4-benzina-160-cai-meyle-113-220-0023-hd\/#primaryimage"},"thumbnailUrl":"https:\/\/autorival.ro\/skoda\/wp-content\/uploads\/sites\/10\/2025\/07\/fs_1132200023hd_1-1.jpg","datePublished":"2025-07-20T10:20:24+00:00","description":"\u26a1 Pompa de apa SKODA YETI (5L) 1.8 TSI 4&#215;4 benzina 160 cai MEYLE 113 220 0023\/HD pentru SKODA. \u2713 Cod: 113 \u2713 Brand: MEYLE \u2713 \u00cen stoc \u2713 Livrare 24h \u2713 Garan\u021bie!","breadcrumb":{"@id":"https:\/\/autorival.ro\/skoda\/produs\/pompa-de-apa-skoda-yeti-5l-1-8-tsi-4x4-benzina-160-cai-meyle-113-220-0023-hd\/#breadcrumb"},"inLanguage":"en-US","potentialAction":[{"@type":"ReadAction","target":["https:\/\/autorival.ro\/skoda\/produs\/pompa-de-apa-skoda-yeti-5l-1-8-tsi-4x4-benzina-160-cai-meyle-113-220-0023-hd\/"]}]},{"@type":"ImageObject","inLanguage":"en-US","@id":"https:\/\/autorival.ro\/skoda\/produs\/pompa-de-apa-skoda-yeti-5l-1-8-tsi-4x4-benzina-160-cai-meyle-113-220-0023-hd\/#primaryimage","url":"https:\/\/autorival.ro\/skoda\/wp-content\/uploads\/sites\/10\/2025\/07\/fs_1132200023hd_1-1.jpg","contentUrl":"https:\/\/autorival.ro\/skoda\/wp-content\/uploads\/sites\/10\/2025\/07\/fs_1132200023hd_1-1.jpg","width":600,"height":400},{"@type":"BreadcrumbList","@id":"https:\/\/autorival.ro\/skoda\/produs\/pompa-de-apa-skoda-yeti-5l-1-8-tsi-4x4-benzina-160-cai-meyle-113-220-0023-hd\/#breadcrumb","itemListElement":[{"@type":"ListItem","position":1,"name":"Prima pagin\u0103","item":"https:\/\/autorival.ro\/skoda\/"},{"@type":"ListItem","position":2,"name":"Piese auto SKODA","item":"https:\/\/autorival.ro\/skoda\/"},{"@type":"ListItem","position":3,"name":"Pompa de apa SKODA YETI (5L) 1.8 TSI 4&#215;4 benzina 160 cai MEYLE 113 220 0023\/HD"}]},{"@type":"WebSite","@id":"https:\/\/autorival.ro\/skoda\/#website","url":"https:\/\/autorival.ro\/skoda\/","name":"SKODA","description":"","potentialAction":[{"@type":"SearchAction","target":{"@type":"EntryPoint","urlTemplate":"https:\/\/autorival.ro\/skoda\/?s={search_term_string}"},"query-input":{"@type":"PropertyValueSpecification","valueRequired":true,"valueName":"search_term_string"}}],"inLanguage":"en-US"}]}},"_links":{"self":[{"href":"https:\/\/autorival.ro\/skoda\/wp-json\/wp\/v2\/product\/399518","targetHints":{"allow":["GET"]}}],"collection":[{"href":"https:\/\/autorival.ro\/skoda\/wp-json\/wp\/v2\/product"}],"about":[{"href":"https:\/\/autorival.ro\/skoda\/wp-json\/wp\/v2\/types\/product"}],"replies":[{"embeddable":true,"href":"https:\/\/autorival.ro\/skoda\/wp-json\/wp\/v2\/comments?post=399518"}],"wp:featuredmedia":[{"embeddable":true,"href":"https:\/\/autorival.ro\/skoda\/wp-json\/wp\/v2\/media\/399519"}],"wp:attachment":[{"href":"https:\/\/autorival.ro\/skoda\/wp-json\/wp\/v2\/media?parent=399518"}],"wp:term":[{"taxonomy":"product_brand","embeddable":true,"href":"https:\/\/autorival.ro\/skoda\/wp-json\/wp\/v2\/product_brand?post=399518"},{"taxonomy":"product_cat","embeddable":true,"href":"https:\/\/autorival.ro\/skoda\/wp-json\/wp\/v2\/product_cat?post=399518"},{"taxonomy":"product_tag","embeddable":true,"href":"https:\/\/autorival.ro\/skoda\/wp-json\/wp\/v2\/product_tag?post=399518"}],"curies":[{"name":"wp","href":"https:\/\/api.w.org\/{rel}","templated":true}]}}