{"id":386998,"date":"2025-07-20T05:50:08","date_gmt":"2025-07-20T05:50:08","guid":{"rendered":"https:\/\/autorival.ro\/skoda\/product\/placute-frana-skoda-yeti-5l-2-0-tdi-4x4-diesel-150-cai-brembo-p-85-075x\/"},"modified":"2025-07-20T05:50:08","modified_gmt":"2025-07-20T05:50:08","slug":"placute-frana-skoda-yeti-5l-2-0-tdi-4x4-diesel-150-cai-brembo-p-85-075x","status":"publish","type":"product","link":"https:\/\/autorival.ro\/skoda\/produs\/placute-frana-skoda-yeti-5l-2-0-tdi-4x4-diesel-150-cai-brembo-p-85-075x\/","title":{"rendered":"Placute frana SKODA YETI (5L) 2.0 TDI 4&#215;4 diesel 150 cai BREMBO P 85 075X"},"content":{"rendered":"<p>Partea de montare: punte fatapt. numar PR: 1ZE ->Grosime [mm]: 20\u00cenaltime 1 [mm]: 66\u00cenaltime 2 [mm]: 71Contact indicator uzura: inclusiv contact avertizare uzuraArticol extins\/Informatii de extindere: fara accesoriiSistem de fr\u00e2nare: Teves ->Lungime contact avertizare [mm]: 145 ->Latime 1 [mm]: 155 ->Latime 2 [mm]: 157Num\u0103rul indicatorilor de uzur\u0103 [per ax\u0103]: 1Numar WVA: 23587, 23588, 23589<\/p>\n","protected":false},"excerpt":{"rendered":"<p>Producator: BREMBO Cod producator: P 85 075X<\/p>\n","protected":false},"featured_media":386999,"comment_status":"open","ping_status":"closed","template":"","meta":[],"product_brand":[5397],"product_cat":[13814],"product_tag":[26112,25622,26592,25586,25594,25596],"class_list":{"0":"post-386998","1":"product","2":"type-product","3":"status-publish","4":"has-post-thumbnail","6":"product_brand-brembo","7":"product_cat-placute-frana-5l-2-0-tdi-4x4-diesel-150","8":"product_tag-brembo","9":"product_tag-frana","10":"product_tag-placute","11":"product_tag-skoda","12":"product_tag-tdi","13":"product_tag-yeti","15":"first","16":"instock","17":"shipping-taxable","18":"purchasable","19":"product-type-simple"},"yoast_head":"<!-- This site is optimized with the Yoast SEO plugin v27.3 - https:\/\/yoast.com\/product\/yoast-seo-wordpress\/ -->\n<title>Placute frana SKODA YETI (5L) 2.0 TDI 4&#215;4 diesel 150 cai BREMBO P 85 075X SKODA | BREMBO - Autorival<\/title>\n<meta name=\"description\" content=\"\u26a1 Placute frana SKODA YETI (5L) 2.0 TDI 4&#215;4 diesel 150 cai BREMBO P 85 075X pentru SKODA. \u2713 Cod: P \u2713 Brand: BREMBO \u2713 \u00cen stoc \u2713 Livrare 24h \u2713 Garan\u021bie!\" \/>\n<meta name=\"robots\" content=\"index, follow, max-snippet:-1, max-image-preview:large, max-video-preview:-1\" \/>\n<meta property=\"og:locale\" content=\"en_US\" \/>\n<meta property=\"og:type\" content=\"article\" \/>\n<meta property=\"og:title\" content=\"Placute frana SKODA YETI (5L) 2.0 TDI 4&#215;4 diesel 150 cai BREMBO P 85 075X SKODA | BREMBO - Autorival\" \/>\n<meta property=\"og:description\" content=\"\u26a1 Placute frana SKODA YETI (5L) 2.0 TDI 4&#215;4 diesel 150 cai BREMBO P 85 075X pentru SKODA. \u2713 Cod: P \u2713 Brand: BREMBO \u2713 \u00cen stoc \u2713 Livrare 24h \u2713 Garan\u021bie!\" \/>\n<meta property=\"og:url\" content=\"https:\/\/autorival.ro\/skoda\/produs\/placute-frana-skoda-yeti-5l-2-0-tdi-4x4-diesel-150-cai-brembo-p-85-075x\/\" \/>\n<meta property=\"og:site_name\" content=\"SKODA\" \/>\n<meta property=\"og:image\" content=\"https:\/\/autorival.ro\/skoda\/wp-content\/uploads\/sites\/10\/2025\/07\/p85075-97.jpg\" \/>\n\t<meta property=\"og:image:width\" content=\"242\" \/>\n\t<meta property=\"og:image:height\" content=\"397\" \/>\n\t<meta property=\"og:image:type\" content=\"image\/jpeg\" \/>\n<meta name=\"twitter:card\" content=\"summary_large_image\" \/>\n<meta name=\"twitter:title\" content=\"Placute frana SKODA YETI (5L) 2.0 TDI 4&#215;4 diesel 150 cai BREMBO P 85 075X SKODA | BREMBO - Autorival\" \/>\n<meta name=\"twitter:description\" content=\"\u26a1 Placute frana SKODA YETI (5L) 2.0 TDI 4&#215;4 diesel 150 cai BREMBO P 85 075X pentru SKODA. \u2713 Cod: P \u2713 Brand: BREMBO \u2713 \u00cen stoc \u2713 Livrare 24h \u2713 Garan\u021bie!\" \/>\n<script type=\"application\/ld+json\" class=\"yoast-schema-graph\">{\"@context\":\"https:\\\/\\\/schema.org\",\"@graph\":[{\"@type\":\"WebPage\",\"@id\":\"https:\\\/\\\/autorival.ro\\\/skoda\\\/produs\\\/placute-frana-skoda-yeti-5l-2-0-tdi-4x4-diesel-150-cai-brembo-p-85-075x\\\/\",\"url\":\"https:\\\/\\\/autorival.ro\\\/skoda\\\/produs\\\/placute-frana-skoda-yeti-5l-2-0-tdi-4x4-diesel-150-cai-brembo-p-85-075x\\\/\",\"name\":\"Placute frana SKODA YETI (5L) 2.0 TDI 4&#215;4 diesel 150 cai BREMBO P 85 075X SKODA | BREMBO - Autorival\",\"isPartOf\":{\"@id\":\"https:\\\/\\\/autorival.ro\\\/skoda\\\/#website\"},\"primaryImageOfPage\":{\"@id\":\"https:\\\/\\\/autorival.ro\\\/skoda\\\/produs\\\/placute-frana-skoda-yeti-5l-2-0-tdi-4x4-diesel-150-cai-brembo-p-85-075x\\\/#primaryimage\"},\"image\":{\"@id\":\"https:\\\/\\\/autorival.ro\\\/skoda\\\/produs\\\/placute-frana-skoda-yeti-5l-2-0-tdi-4x4-diesel-150-cai-brembo-p-85-075x\\\/#primaryimage\"},\"thumbnailUrl\":\"https:\\\/\\\/autorival.ro\\\/skoda\\\/wp-content\\\/uploads\\\/sites\\\/10\\\/2025\\\/07\\\/p85075-97.jpg\",\"datePublished\":\"2025-07-20T05:50:08+00:00\",\"description\":\"\u26a1 Placute frana SKODA YETI (5L) 2.0 TDI 4&#215;4 diesel 150 cai BREMBO P 85 075X pentru SKODA. \u2713 Cod: P \u2713 Brand: BREMBO \u2713 \u00cen stoc \u2713 Livrare 24h \u2713 Garan\u021bie!\",\"breadcrumb\":{\"@id\":\"https:\\\/\\\/autorival.ro\\\/skoda\\\/produs\\\/placute-frana-skoda-yeti-5l-2-0-tdi-4x4-diesel-150-cai-brembo-p-85-075x\\\/#breadcrumb\"},\"inLanguage\":\"en-US\",\"potentialAction\":[{\"@type\":\"ReadAction\",\"target\":[\"https:\\\/\\\/autorival.ro\\\/skoda\\\/produs\\\/placute-frana-skoda-yeti-5l-2-0-tdi-4x4-diesel-150-cai-brembo-p-85-075x\\\/\"]}]},{\"@type\":\"ImageObject\",\"inLanguage\":\"en-US\",\"@id\":\"https:\\\/\\\/autorival.ro\\\/skoda\\\/produs\\\/placute-frana-skoda-yeti-5l-2-0-tdi-4x4-diesel-150-cai-brembo-p-85-075x\\\/#primaryimage\",\"url\":\"https:\\\/\\\/autorival.ro\\\/skoda\\\/wp-content\\\/uploads\\\/sites\\\/10\\\/2025\\\/07\\\/p85075-97.jpg\",\"contentUrl\":\"https:\\\/\\\/autorival.ro\\\/skoda\\\/wp-content\\\/uploads\\\/sites\\\/10\\\/2025\\\/07\\\/p85075-97.jpg\",\"width\":242,\"height\":397},{\"@type\":\"BreadcrumbList\",\"@id\":\"https:\\\/\\\/autorival.ro\\\/skoda\\\/produs\\\/placute-frana-skoda-yeti-5l-2-0-tdi-4x4-diesel-150-cai-brembo-p-85-075x\\\/#breadcrumb\",\"itemListElement\":[{\"@type\":\"ListItem\",\"position\":1,\"name\":\"Prima pagin\u0103\",\"item\":\"https:\\\/\\\/autorival.ro\\\/skoda\\\/\"},{\"@type\":\"ListItem\",\"position\":2,\"name\":\"Piese auto SKODA\",\"item\":\"https:\\\/\\\/autorival.ro\\\/skoda\\\/\"},{\"@type\":\"ListItem\",\"position\":3,\"name\":\"Placute frana SKODA YETI (5L) 2.0 TDI 4&#215;4 diesel 150 cai BREMBO P 85 075X\"}]},{\"@type\":\"WebSite\",\"@id\":\"https:\\\/\\\/autorival.ro\\\/skoda\\\/#website\",\"url\":\"https:\\\/\\\/autorival.ro\\\/skoda\\\/\",\"name\":\"SKODA\",\"description\":\"\",\"potentialAction\":[{\"@type\":\"SearchAction\",\"target\":{\"@type\":\"EntryPoint\",\"urlTemplate\":\"https:\\\/\\\/autorival.ro\\\/skoda\\\/?s={search_term_string}\"},\"query-input\":{\"@type\":\"PropertyValueSpecification\",\"valueRequired\":true,\"valueName\":\"search_term_string\"}}],\"inLanguage\":\"en-US\"}]}<\/script>\n<!-- \/ Yoast SEO plugin. -->","yoast_head_json":{"title":"Placute frana SKODA YETI (5L) 2.0 TDI 4&#215;4 diesel 150 cai BREMBO P 85 075X SKODA | BREMBO - Autorival","description":"\u26a1 Placute frana SKODA YETI (5L) 2.0 TDI 4&#215;4 diesel 150 cai BREMBO P 85 075X pentru SKODA. \u2713 Cod: P \u2713 Brand: BREMBO \u2713 \u00cen stoc \u2713 Livrare 24h \u2713 Garan\u021bie!","robots":{"index":"index","follow":"follow","max-snippet":"max-snippet:-1","max-image-preview":"max-image-preview:large","max-video-preview":"max-video-preview:-1"},"og_locale":"en_US","og_type":"article","og_title":"Placute frana SKODA YETI (5L) 2.0 TDI 4&#215;4 diesel 150 cai BREMBO P 85 075X SKODA | BREMBO - Autorival","og_description":"\u26a1 Placute frana SKODA YETI (5L) 2.0 TDI 4&#215;4 diesel 150 cai BREMBO P 85 075X pentru SKODA. \u2713 Cod: P \u2713 Brand: BREMBO \u2713 \u00cen stoc \u2713 Livrare 24h \u2713 Garan\u021bie!","og_url":"https:\/\/autorival.ro\/skoda\/produs\/placute-frana-skoda-yeti-5l-2-0-tdi-4x4-diesel-150-cai-brembo-p-85-075x\/","og_site_name":"SKODA","og_image":[{"width":242,"height":397,"url":"https:\/\/autorival.ro\/skoda\/wp-content\/uploads\/sites\/10\/2025\/07\/p85075-97.jpg","type":"image\/jpeg"}],"twitter_card":"summary_large_image","twitter_title":"Placute frana SKODA YETI (5L) 2.0 TDI 4&#215;4 diesel 150 cai BREMBO P 85 075X SKODA | BREMBO - Autorival","twitter_description":"\u26a1 Placute frana SKODA YETI (5L) 2.0 TDI 4&#215;4 diesel 150 cai BREMBO P 85 075X pentru SKODA. \u2713 Cod: P \u2713 Brand: BREMBO \u2713 \u00cen stoc \u2713 Livrare 24h \u2713 Garan\u021bie!","schema":{"@context":"https:\/\/schema.org","@graph":[{"@type":"WebPage","@id":"https:\/\/autorival.ro\/skoda\/produs\/placute-frana-skoda-yeti-5l-2-0-tdi-4x4-diesel-150-cai-brembo-p-85-075x\/","url":"https:\/\/autorival.ro\/skoda\/produs\/placute-frana-skoda-yeti-5l-2-0-tdi-4x4-diesel-150-cai-brembo-p-85-075x\/","name":"Placute frana SKODA YETI (5L) 2.0 TDI 4&#215;4 diesel 150 cai BREMBO P 85 075X SKODA | BREMBO - Autorival","isPartOf":{"@id":"https:\/\/autorival.ro\/skoda\/#website"},"primaryImageOfPage":{"@id":"https:\/\/autorival.ro\/skoda\/produs\/placute-frana-skoda-yeti-5l-2-0-tdi-4x4-diesel-150-cai-brembo-p-85-075x\/#primaryimage"},"image":{"@id":"https:\/\/autorival.ro\/skoda\/produs\/placute-frana-skoda-yeti-5l-2-0-tdi-4x4-diesel-150-cai-brembo-p-85-075x\/#primaryimage"},"thumbnailUrl":"https:\/\/autorival.ro\/skoda\/wp-content\/uploads\/sites\/10\/2025\/07\/p85075-97.jpg","datePublished":"2025-07-20T05:50:08+00:00","description":"\u26a1 Placute frana SKODA YETI (5L) 2.0 TDI 4&#215;4 diesel 150 cai BREMBO P 85 075X pentru SKODA. \u2713 Cod: P \u2713 Brand: BREMBO \u2713 \u00cen stoc \u2713 Livrare 24h \u2713 Garan\u021bie!","breadcrumb":{"@id":"https:\/\/autorival.ro\/skoda\/produs\/placute-frana-skoda-yeti-5l-2-0-tdi-4x4-diesel-150-cai-brembo-p-85-075x\/#breadcrumb"},"inLanguage":"en-US","potentialAction":[{"@type":"ReadAction","target":["https:\/\/autorival.ro\/skoda\/produs\/placute-frana-skoda-yeti-5l-2-0-tdi-4x4-diesel-150-cai-brembo-p-85-075x\/"]}]},{"@type":"ImageObject","inLanguage":"en-US","@id":"https:\/\/autorival.ro\/skoda\/produs\/placute-frana-skoda-yeti-5l-2-0-tdi-4x4-diesel-150-cai-brembo-p-85-075x\/#primaryimage","url":"https:\/\/autorival.ro\/skoda\/wp-content\/uploads\/sites\/10\/2025\/07\/p85075-97.jpg","contentUrl":"https:\/\/autorival.ro\/skoda\/wp-content\/uploads\/sites\/10\/2025\/07\/p85075-97.jpg","width":242,"height":397},{"@type":"BreadcrumbList","@id":"https:\/\/autorival.ro\/skoda\/produs\/placute-frana-skoda-yeti-5l-2-0-tdi-4x4-diesel-150-cai-brembo-p-85-075x\/#breadcrumb","itemListElement":[{"@type":"ListItem","position":1,"name":"Prima pagin\u0103","item":"https:\/\/autorival.ro\/skoda\/"},{"@type":"ListItem","position":2,"name":"Piese auto SKODA","item":"https:\/\/autorival.ro\/skoda\/"},{"@type":"ListItem","position":3,"name":"Placute frana SKODA YETI (5L) 2.0 TDI 4&#215;4 diesel 150 cai BREMBO P 85 075X"}]},{"@type":"WebSite","@id":"https:\/\/autorival.ro\/skoda\/#website","url":"https:\/\/autorival.ro\/skoda\/","name":"SKODA","description":"","potentialAction":[{"@type":"SearchAction","target":{"@type":"EntryPoint","urlTemplate":"https:\/\/autorival.ro\/skoda\/?s={search_term_string}"},"query-input":{"@type":"PropertyValueSpecification","valueRequired":true,"valueName":"search_term_string"}}],"inLanguage":"en-US"}]}},"_links":{"self":[{"href":"https:\/\/autorival.ro\/skoda\/wp-json\/wp\/v2\/product\/386998","targetHints":{"allow":["GET"]}}],"collection":[{"href":"https:\/\/autorival.ro\/skoda\/wp-json\/wp\/v2\/product"}],"about":[{"href":"https:\/\/autorival.ro\/skoda\/wp-json\/wp\/v2\/types\/product"}],"replies":[{"embeddable":true,"href":"https:\/\/autorival.ro\/skoda\/wp-json\/wp\/v2\/comments?post=386998"}],"wp:featuredmedia":[{"embeddable":true,"href":"https:\/\/autorival.ro\/skoda\/wp-json\/wp\/v2\/media\/386999"}],"wp:attachment":[{"href":"https:\/\/autorival.ro\/skoda\/wp-json\/wp\/v2\/media?parent=386998"}],"wp:term":[{"taxonomy":"product_brand","embeddable":true,"href":"https:\/\/autorival.ro\/skoda\/wp-json\/wp\/v2\/product_brand?post=386998"},{"taxonomy":"product_cat","embeddable":true,"href":"https:\/\/autorival.ro\/skoda\/wp-json\/wp\/v2\/product_cat?post=386998"},{"taxonomy":"product_tag","embeddable":true,"href":"https:\/\/autorival.ro\/skoda\/wp-json\/wp\/v2\/product_tag?post=386998"}],"curies":[{"name":"wp","href":"https:\/\/api.w.org\/{rel}","templated":true}]}}