{"id":383302,"date":"2025-07-20T04:33:23","date_gmt":"2025-07-20T04:33:23","guid":{"rendered":"https:\/\/autorival.ro\/skoda\/product\/placute-frana-skoda-yeti-5l-1-2-tsi-benzina-110-cai-krottendorf-kro1807\/"},"modified":"2025-07-20T04:33:23","modified_gmt":"2025-07-20T04:33:23","slug":"placute-frana-skoda-yeti-5l-1-2-tsi-benzina-110-cai-krottendorf-kro1807","status":"publish","type":"product","link":"https:\/\/autorival.ro\/skoda\/produs\/placute-frana-skoda-yeti-5l-1-2-tsi-benzina-110-cai-krottendorf-kro1807\/","title":{"rendered":"Placute frana SKODA YETI (5L) 1.2 TSI benzina 110 cai KROTTENDORF KRO1807"},"content":{"rendered":"<p>Articol extins\/Informatii de extindere: cu acceasorii, cu arcPartea de montare: punte fataSistem de fr\u00e2nare: Ate-Teves ->Lungime 1 [mm]: 156,4 ->Lungime 2 [mm]: 155,2\u00cenaltime 1 [mm]: 71,4\u00cenaltime 2 [mm]: 66 ->Grosime [mm]: 20,3Contact indicator uzura: inclusiv contact avertizare uzuraNum\u0103rul indicatorilor de uzur\u0103 [per ax\u0103]: 1 ->Lungime contact avertizare [mm]: 155 ->Greutate [kg]: 2,2Articol completare\/Info suplimentar 2: cu folie adeziva<\/p>\n","protected":false},"excerpt":{"rendered":"<p>Producator: KROTTENDORF Cod producator: KRO1807<\/p>\n","protected":false},"featured_media":383303,"comment_status":"open","ping_status":"closed","template":"","meta":[],"product_brand":[7738],"product_cat":[13804],"product_tag":[25622,26258,26257,26592,25586,25593,25596],"class_list":{"0":"post-383302","1":"product","2":"type-product","3":"status-publish","4":"has-post-thumbnail","6":"product_brand-krottendorf","7":"product_cat-placute-frana-5l-1-2-tsi-benzina-110","8":"product_tag-frana","9":"product_tag-kro","10":"product_tag-krottendorf","11":"product_tag-placute","12":"product_tag-skoda","13":"product_tag-tsi","14":"product_tag-yeti","16":"first","17":"instock","18":"shipping-taxable","19":"purchasable","20":"product-type-simple"},"yoast_head":"<!-- This site is optimized with the Yoast SEO plugin v27.3 - https:\/\/yoast.com\/product\/yoast-seo-wordpress\/ -->\n<title>Placute frana SKODA YETI (5L) 1.2 TSI benzina 110 cai KROTTENDORF KRO1807 SKODA | KROTTENDORF - Autorival<\/title>\n<meta name=\"description\" content=\"\u26a1 Placute frana SKODA YETI (5L) 1.2 TSI benzina 110 cai KROTTENDORF KRO1807 pentru SKODA. \u2713 Cod: KRO1807 \u2713 Brand: KROTTENDORF \u2713 \u00cen stoc \u2713 Livrare 24h \u2713 Garan\u021bie!\" \/>\n<meta name=\"robots\" content=\"index, follow, max-snippet:-1, max-image-preview:large, max-video-preview:-1\" \/>\n<meta property=\"og:locale\" content=\"en_US\" \/>\n<meta property=\"og:type\" content=\"article\" \/>\n<meta property=\"og:title\" content=\"Placute frana SKODA YETI (5L) 1.2 TSI benzina 110 cai KROTTENDORF KRO1807 SKODA | KROTTENDORF - Autorival\" \/>\n<meta property=\"og:description\" content=\"\u26a1 Placute frana SKODA YETI (5L) 1.2 TSI benzina 110 cai KROTTENDORF KRO1807 pentru SKODA. \u2713 Cod: KRO1807 \u2713 Brand: KROTTENDORF \u2713 \u00cen stoc \u2713 Livrare 24h \u2713 Garan\u021bie!\" \/>\n<meta property=\"og:url\" content=\"https:\/\/autorival.ro\/skoda\/produs\/placute-frana-skoda-yeti-5l-1-2-tsi-benzina-110-cai-krottendorf-kro1807\/\" \/>\n<meta property=\"og:site_name\" content=\"SKODA\" \/>\n<meta property=\"og:image\" content=\"https:\/\/autorival.ro\/skoda\/wp-content\/uploads\/sites\/10\/2025\/07\/skoda0105-17408.png\" \/>\n\t<meta property=\"og:image:width\" content=\"400\" \/>\n\t<meta property=\"og:image:height\" content=\"400\" \/>\n\t<meta property=\"og:image:type\" content=\"image\/png\" \/>\n<meta name=\"twitter:card\" content=\"summary_large_image\" \/>\n<meta name=\"twitter:title\" content=\"Placute frana SKODA YETI (5L) 1.2 TSI benzina 110 cai KROTTENDORF KRO1807 SKODA | KROTTENDORF - Autorival\" \/>\n<meta name=\"twitter:description\" content=\"\u26a1 Placute frana SKODA YETI (5L) 1.2 TSI benzina 110 cai KROTTENDORF KRO1807 pentru SKODA. \u2713 Cod: KRO1807 \u2713 Brand: KROTTENDORF \u2713 \u00cen stoc \u2713 Livrare 24h \u2713 Garan\u021bie!\" \/>\n<script type=\"application\/ld+json\" class=\"yoast-schema-graph\">{\"@context\":\"https:\\\/\\\/schema.org\",\"@graph\":[{\"@type\":\"WebPage\",\"@id\":\"https:\\\/\\\/autorival.ro\\\/skoda\\\/produs\\\/placute-frana-skoda-yeti-5l-1-2-tsi-benzina-110-cai-krottendorf-kro1807\\\/\",\"url\":\"https:\\\/\\\/autorival.ro\\\/skoda\\\/produs\\\/placute-frana-skoda-yeti-5l-1-2-tsi-benzina-110-cai-krottendorf-kro1807\\\/\",\"name\":\"Placute frana SKODA YETI (5L) 1.2 TSI benzina 110 cai KROTTENDORF KRO1807 SKODA | KROTTENDORF - Autorival\",\"isPartOf\":{\"@id\":\"https:\\\/\\\/autorival.ro\\\/skoda\\\/#website\"},\"primaryImageOfPage\":{\"@id\":\"https:\\\/\\\/autorival.ro\\\/skoda\\\/produs\\\/placute-frana-skoda-yeti-5l-1-2-tsi-benzina-110-cai-krottendorf-kro1807\\\/#primaryimage\"},\"image\":{\"@id\":\"https:\\\/\\\/autorival.ro\\\/skoda\\\/produs\\\/placute-frana-skoda-yeti-5l-1-2-tsi-benzina-110-cai-krottendorf-kro1807\\\/#primaryimage\"},\"thumbnailUrl\":\"https:\\\/\\\/autorival.ro\\\/skoda\\\/wp-content\\\/uploads\\\/sites\\\/10\\\/2025\\\/07\\\/skoda0105-17408.png\",\"datePublished\":\"2025-07-20T04:33:23+00:00\",\"description\":\"\u26a1 Placute frana SKODA YETI (5L) 1.2 TSI benzina 110 cai KROTTENDORF KRO1807 pentru SKODA. \u2713 Cod: KRO1807 \u2713 Brand: KROTTENDORF \u2713 \u00cen stoc \u2713 Livrare 24h \u2713 Garan\u021bie!\",\"breadcrumb\":{\"@id\":\"https:\\\/\\\/autorival.ro\\\/skoda\\\/produs\\\/placute-frana-skoda-yeti-5l-1-2-tsi-benzina-110-cai-krottendorf-kro1807\\\/#breadcrumb\"},\"inLanguage\":\"en-US\",\"potentialAction\":[{\"@type\":\"ReadAction\",\"target\":[\"https:\\\/\\\/autorival.ro\\\/skoda\\\/produs\\\/placute-frana-skoda-yeti-5l-1-2-tsi-benzina-110-cai-krottendorf-kro1807\\\/\"]}]},{\"@type\":\"ImageObject\",\"inLanguage\":\"en-US\",\"@id\":\"https:\\\/\\\/autorival.ro\\\/skoda\\\/produs\\\/placute-frana-skoda-yeti-5l-1-2-tsi-benzina-110-cai-krottendorf-kro1807\\\/#primaryimage\",\"url\":\"https:\\\/\\\/autorival.ro\\\/skoda\\\/wp-content\\\/uploads\\\/sites\\\/10\\\/2025\\\/07\\\/skoda0105-17408.png\",\"contentUrl\":\"https:\\\/\\\/autorival.ro\\\/skoda\\\/wp-content\\\/uploads\\\/sites\\\/10\\\/2025\\\/07\\\/skoda0105-17408.png\",\"width\":400,\"height\":400},{\"@type\":\"BreadcrumbList\",\"@id\":\"https:\\\/\\\/autorival.ro\\\/skoda\\\/produs\\\/placute-frana-skoda-yeti-5l-1-2-tsi-benzina-110-cai-krottendorf-kro1807\\\/#breadcrumb\",\"itemListElement\":[{\"@type\":\"ListItem\",\"position\":1,\"name\":\"Prima pagin\u0103\",\"item\":\"https:\\\/\\\/autorival.ro\\\/skoda\\\/\"},{\"@type\":\"ListItem\",\"position\":2,\"name\":\"Piese auto SKODA\",\"item\":\"https:\\\/\\\/autorival.ro\\\/skoda\\\/\"},{\"@type\":\"ListItem\",\"position\":3,\"name\":\"Placute frana SKODA YETI (5L) 1.2 TSI benzina 110 cai KROTTENDORF KRO1807\"}]},{\"@type\":\"WebSite\",\"@id\":\"https:\\\/\\\/autorival.ro\\\/skoda\\\/#website\",\"url\":\"https:\\\/\\\/autorival.ro\\\/skoda\\\/\",\"name\":\"SKODA\",\"description\":\"\",\"potentialAction\":[{\"@type\":\"SearchAction\",\"target\":{\"@type\":\"EntryPoint\",\"urlTemplate\":\"https:\\\/\\\/autorival.ro\\\/skoda\\\/?s={search_term_string}\"},\"query-input\":{\"@type\":\"PropertyValueSpecification\",\"valueRequired\":true,\"valueName\":\"search_term_string\"}}],\"inLanguage\":\"en-US\"}]}<\/script>\n<!-- \/ Yoast SEO plugin. -->","yoast_head_json":{"title":"Placute frana SKODA YETI (5L) 1.2 TSI benzina 110 cai KROTTENDORF KRO1807 SKODA | KROTTENDORF - Autorival","description":"\u26a1 Placute frana SKODA YETI (5L) 1.2 TSI benzina 110 cai KROTTENDORF KRO1807 pentru SKODA. \u2713 Cod: KRO1807 \u2713 Brand: KROTTENDORF \u2713 \u00cen stoc \u2713 Livrare 24h \u2713 Garan\u021bie!","robots":{"index":"index","follow":"follow","max-snippet":"max-snippet:-1","max-image-preview":"max-image-preview:large","max-video-preview":"max-video-preview:-1"},"og_locale":"en_US","og_type":"article","og_title":"Placute frana SKODA YETI (5L) 1.2 TSI benzina 110 cai KROTTENDORF KRO1807 SKODA | KROTTENDORF - Autorival","og_description":"\u26a1 Placute frana SKODA YETI (5L) 1.2 TSI benzina 110 cai KROTTENDORF KRO1807 pentru SKODA. \u2713 Cod: KRO1807 \u2713 Brand: KROTTENDORF \u2713 \u00cen stoc \u2713 Livrare 24h \u2713 Garan\u021bie!","og_url":"https:\/\/autorival.ro\/skoda\/produs\/placute-frana-skoda-yeti-5l-1-2-tsi-benzina-110-cai-krottendorf-kro1807\/","og_site_name":"SKODA","og_image":[{"width":400,"height":400,"url":"https:\/\/autorival.ro\/skoda\/wp-content\/uploads\/sites\/10\/2025\/07\/skoda0105-17408.png","type":"image\/png"}],"twitter_card":"summary_large_image","twitter_title":"Placute frana SKODA YETI (5L) 1.2 TSI benzina 110 cai KROTTENDORF KRO1807 SKODA | KROTTENDORF - Autorival","twitter_description":"\u26a1 Placute frana SKODA YETI (5L) 1.2 TSI benzina 110 cai KROTTENDORF KRO1807 pentru SKODA. \u2713 Cod: KRO1807 \u2713 Brand: KROTTENDORF \u2713 \u00cen stoc \u2713 Livrare 24h \u2713 Garan\u021bie!","schema":{"@context":"https:\/\/schema.org","@graph":[{"@type":"WebPage","@id":"https:\/\/autorival.ro\/skoda\/produs\/placute-frana-skoda-yeti-5l-1-2-tsi-benzina-110-cai-krottendorf-kro1807\/","url":"https:\/\/autorival.ro\/skoda\/produs\/placute-frana-skoda-yeti-5l-1-2-tsi-benzina-110-cai-krottendorf-kro1807\/","name":"Placute frana SKODA YETI (5L) 1.2 TSI benzina 110 cai KROTTENDORF KRO1807 SKODA | KROTTENDORF - Autorival","isPartOf":{"@id":"https:\/\/autorival.ro\/skoda\/#website"},"primaryImageOfPage":{"@id":"https:\/\/autorival.ro\/skoda\/produs\/placute-frana-skoda-yeti-5l-1-2-tsi-benzina-110-cai-krottendorf-kro1807\/#primaryimage"},"image":{"@id":"https:\/\/autorival.ro\/skoda\/produs\/placute-frana-skoda-yeti-5l-1-2-tsi-benzina-110-cai-krottendorf-kro1807\/#primaryimage"},"thumbnailUrl":"https:\/\/autorival.ro\/skoda\/wp-content\/uploads\/sites\/10\/2025\/07\/skoda0105-17408.png","datePublished":"2025-07-20T04:33:23+00:00","description":"\u26a1 Placute frana SKODA YETI (5L) 1.2 TSI benzina 110 cai KROTTENDORF KRO1807 pentru SKODA. \u2713 Cod: KRO1807 \u2713 Brand: KROTTENDORF \u2713 \u00cen stoc \u2713 Livrare 24h \u2713 Garan\u021bie!","breadcrumb":{"@id":"https:\/\/autorival.ro\/skoda\/produs\/placute-frana-skoda-yeti-5l-1-2-tsi-benzina-110-cai-krottendorf-kro1807\/#breadcrumb"},"inLanguage":"en-US","potentialAction":[{"@type":"ReadAction","target":["https:\/\/autorival.ro\/skoda\/produs\/placute-frana-skoda-yeti-5l-1-2-tsi-benzina-110-cai-krottendorf-kro1807\/"]}]},{"@type":"ImageObject","inLanguage":"en-US","@id":"https:\/\/autorival.ro\/skoda\/produs\/placute-frana-skoda-yeti-5l-1-2-tsi-benzina-110-cai-krottendorf-kro1807\/#primaryimage","url":"https:\/\/autorival.ro\/skoda\/wp-content\/uploads\/sites\/10\/2025\/07\/skoda0105-17408.png","contentUrl":"https:\/\/autorival.ro\/skoda\/wp-content\/uploads\/sites\/10\/2025\/07\/skoda0105-17408.png","width":400,"height":400},{"@type":"BreadcrumbList","@id":"https:\/\/autorival.ro\/skoda\/produs\/placute-frana-skoda-yeti-5l-1-2-tsi-benzina-110-cai-krottendorf-kro1807\/#breadcrumb","itemListElement":[{"@type":"ListItem","position":1,"name":"Prima pagin\u0103","item":"https:\/\/autorival.ro\/skoda\/"},{"@type":"ListItem","position":2,"name":"Piese auto SKODA","item":"https:\/\/autorival.ro\/skoda\/"},{"@type":"ListItem","position":3,"name":"Placute frana SKODA YETI (5L) 1.2 TSI benzina 110 cai KROTTENDORF KRO1807"}]},{"@type":"WebSite","@id":"https:\/\/autorival.ro\/skoda\/#website","url":"https:\/\/autorival.ro\/skoda\/","name":"SKODA","description":"","potentialAction":[{"@type":"SearchAction","target":{"@type":"EntryPoint","urlTemplate":"https:\/\/autorival.ro\/skoda\/?s={search_term_string}"},"query-input":{"@type":"PropertyValueSpecification","valueRequired":true,"valueName":"search_term_string"}}],"inLanguage":"en-US"}]}},"_links":{"self":[{"href":"https:\/\/autorival.ro\/skoda\/wp-json\/wp\/v2\/product\/383302","targetHints":{"allow":["GET"]}}],"collection":[{"href":"https:\/\/autorival.ro\/skoda\/wp-json\/wp\/v2\/product"}],"about":[{"href":"https:\/\/autorival.ro\/skoda\/wp-json\/wp\/v2\/types\/product"}],"replies":[{"embeddable":true,"href":"https:\/\/autorival.ro\/skoda\/wp-json\/wp\/v2\/comments?post=383302"}],"wp:featuredmedia":[{"embeddable":true,"href":"https:\/\/autorival.ro\/skoda\/wp-json\/wp\/v2\/media\/383303"}],"wp:attachment":[{"href":"https:\/\/autorival.ro\/skoda\/wp-json\/wp\/v2\/media?parent=383302"}],"wp:term":[{"taxonomy":"product_brand","embeddable":true,"href":"https:\/\/autorival.ro\/skoda\/wp-json\/wp\/v2\/product_brand?post=383302"},{"taxonomy":"product_cat","embeddable":true,"href":"https:\/\/autorival.ro\/skoda\/wp-json\/wp\/v2\/product_cat?post=383302"},{"taxonomy":"product_tag","embeddable":true,"href":"https:\/\/autorival.ro\/skoda\/wp-json\/wp\/v2\/product_tag?post=383302"}],"curies":[{"name":"wp","href":"https:\/\/api.w.org\/{rel}","templated":true}]}}