{"id":37924,"date":"2025-07-17T09:57:52","date_gmt":"2025-07-17T09:57:52","guid":{"rendered":"https:\/\/autorival.ro\/skoda\/product\/arc-spirala-airbag-skoda-roomster-5j7-1-6-benzina-105-cai-valeo-251658\/"},"modified":"2025-07-17T09:57:52","modified_gmt":"2025-07-17T09:57:52","slug":"arc-spirala-airbag-skoda-roomster-5j7-1-6-benzina-105-cai-valeo-251658","status":"publish","type":"product","link":"https:\/\/autorival.ro\/skoda\/produs\/arc-spirala-airbag-skoda-roomster-5j7-1-6-benzina-105-cai-valeo-251658\/","title":{"rendered":"Arc spirala Airbag SKODA ROOMSTER (5J7) 1.6 benzina 105 cai VALEO 251658"},"content":{"rendered":"<p>An fabricatie pana la: 200904Serie \u0219asiu (VIN)p\u00e2n\u0103 la: 95038 314, 9B601 986Dinamica fr\u00e2nare\/conducere: pentru vehicule fara ESPArticol extins\/Informatii de extindere: cu spirala de AirbagEchipament vehicul: ptr. vehicule fara senzor unghi directie ->Greutate [kg]: 0,21<\/p>\n","protected":false},"excerpt":{"rendered":"<p>Producator: VALEO Cod producator: 251658<\/p>\n","protected":false},"featured_media":37925,"comment_status":"open","ping_status":"closed","template":"","meta":[],"product_brand":[361],"product_cat":[1520],"product_tag":[25803,25780,25611,25586,25802,25636],"class_list":{"0":"post-37924","1":"product","2":"type-product","3":"status-publish","4":"has-post-thumbnail","6":"product_brand-valeo","7":"product_cat-arc-spirala-airbag-5j7-1-6-benzina-105","8":"product_tag-airbag","9":"product_tag-arc","10":"product_tag-roomster","11":"product_tag-skoda","12":"product_tag-spirala","13":"product_tag-valeo","15":"first","16":"instock","17":"shipping-taxable","18":"purchasable","19":"product-type-simple"},"yoast_head":"<!-- This site is optimized with the Yoast SEO plugin v27.3 - https:\/\/yoast.com\/product\/yoast-seo-wordpress\/ -->\n<title>Arc spirala Airbag SKODA ROOMSTER (5J7) 1.6 benzina 105 cai VALEO 251658 SKODA | VALEO - Autorival<\/title>\n<meta name=\"description\" content=\"\u26a1 Arc spirala Airbag SKODA ROOMSTER (5J7) 1.6 benzina 105 cai VALEO 251658 pentru SKODA. \u2713 Cod: 251658 \u2713 Brand: VALEO \u2713 \u00cen stoc \u2713 Livrare 24h \u2713 Garan\u021bie!\" \/>\n<meta name=\"robots\" content=\"index, follow, max-snippet:-1, max-image-preview:large, max-video-preview:-1\" \/>\n<meta property=\"og:locale\" content=\"en_US\" \/>\n<meta property=\"og:type\" content=\"article\" \/>\n<meta property=\"og:title\" content=\"Arc spirala Airbag SKODA ROOMSTER (5J7) 1.6 benzina 105 cai VALEO 251658 SKODA | VALEO - Autorival\" \/>\n<meta property=\"og:description\" content=\"\u26a1 Arc spirala Airbag SKODA ROOMSTER (5J7) 1.6 benzina 105 cai VALEO 251658 pentru SKODA. \u2713 Cod: 251658 \u2713 Brand: VALEO \u2713 \u00cen stoc \u2713 Livrare 24h \u2713 Garan\u021bie!\" \/>\n<meta property=\"og:url\" content=\"https:\/\/autorival.ro\/skoda\/produs\/arc-spirala-airbag-skoda-roomster-5j7-1-6-benzina-105-cai-valeo-251658\/\" \/>\n<meta property=\"og:site_name\" content=\"SKODA\" \/>\n<meta property=\"og:image\" content=\"https:\/\/autorival.ro\/skoda\/wp-content\/uploads\/sites\/10\/2025\/07\/251658-5.jpg\" \/>\n\t<meta property=\"og:image:width\" content=\"316\" \/>\n\t<meta property=\"og:image:height\" content=\"400\" \/>\n\t<meta property=\"og:image:type\" content=\"image\/jpeg\" \/>\n<meta name=\"twitter:card\" content=\"summary_large_image\" \/>\n<meta name=\"twitter:title\" content=\"Arc spirala Airbag SKODA ROOMSTER (5J7) 1.6 benzina 105 cai VALEO 251658 SKODA | VALEO - Autorival\" \/>\n<meta name=\"twitter:description\" content=\"\u26a1 Arc spirala Airbag SKODA ROOMSTER (5J7) 1.6 benzina 105 cai VALEO 251658 pentru SKODA. \u2713 Cod: 251658 \u2713 Brand: VALEO \u2713 \u00cen stoc \u2713 Livrare 24h \u2713 Garan\u021bie!\" \/>\n<script type=\"application\/ld+json\" class=\"yoast-schema-graph\">{\"@context\":\"https:\\\/\\\/schema.org\",\"@graph\":[{\"@type\":\"WebPage\",\"@id\":\"https:\\\/\\\/autorival.ro\\\/skoda\\\/produs\\\/arc-spirala-airbag-skoda-roomster-5j7-1-6-benzina-105-cai-valeo-251658\\\/\",\"url\":\"https:\\\/\\\/autorival.ro\\\/skoda\\\/produs\\\/arc-spirala-airbag-skoda-roomster-5j7-1-6-benzina-105-cai-valeo-251658\\\/\",\"name\":\"Arc spirala Airbag SKODA ROOMSTER (5J7) 1.6 benzina 105 cai VALEO 251658 SKODA | VALEO - Autorival\",\"isPartOf\":{\"@id\":\"https:\\\/\\\/autorival.ro\\\/skoda\\\/#website\"},\"primaryImageOfPage\":{\"@id\":\"https:\\\/\\\/autorival.ro\\\/skoda\\\/produs\\\/arc-spirala-airbag-skoda-roomster-5j7-1-6-benzina-105-cai-valeo-251658\\\/#primaryimage\"},\"image\":{\"@id\":\"https:\\\/\\\/autorival.ro\\\/skoda\\\/produs\\\/arc-spirala-airbag-skoda-roomster-5j7-1-6-benzina-105-cai-valeo-251658\\\/#primaryimage\"},\"thumbnailUrl\":\"https:\\\/\\\/autorival.ro\\\/skoda\\\/wp-content\\\/uploads\\\/sites\\\/10\\\/2025\\\/07\\\/251658-5.jpg\",\"datePublished\":\"2025-07-17T09:57:52+00:00\",\"description\":\"\u26a1 Arc spirala Airbag SKODA ROOMSTER (5J7) 1.6 benzina 105 cai VALEO 251658 pentru SKODA. \u2713 Cod: 251658 \u2713 Brand: VALEO \u2713 \u00cen stoc \u2713 Livrare 24h \u2713 Garan\u021bie!\",\"breadcrumb\":{\"@id\":\"https:\\\/\\\/autorival.ro\\\/skoda\\\/produs\\\/arc-spirala-airbag-skoda-roomster-5j7-1-6-benzina-105-cai-valeo-251658\\\/#breadcrumb\"},\"inLanguage\":\"en-US\",\"potentialAction\":[{\"@type\":\"ReadAction\",\"target\":[\"https:\\\/\\\/autorival.ro\\\/skoda\\\/produs\\\/arc-spirala-airbag-skoda-roomster-5j7-1-6-benzina-105-cai-valeo-251658\\\/\"]}]},{\"@type\":\"ImageObject\",\"inLanguage\":\"en-US\",\"@id\":\"https:\\\/\\\/autorival.ro\\\/skoda\\\/produs\\\/arc-spirala-airbag-skoda-roomster-5j7-1-6-benzina-105-cai-valeo-251658\\\/#primaryimage\",\"url\":\"https:\\\/\\\/autorival.ro\\\/skoda\\\/wp-content\\\/uploads\\\/sites\\\/10\\\/2025\\\/07\\\/251658-5.jpg\",\"contentUrl\":\"https:\\\/\\\/autorival.ro\\\/skoda\\\/wp-content\\\/uploads\\\/sites\\\/10\\\/2025\\\/07\\\/251658-5.jpg\",\"width\":316,\"height\":400},{\"@type\":\"BreadcrumbList\",\"@id\":\"https:\\\/\\\/autorival.ro\\\/skoda\\\/produs\\\/arc-spirala-airbag-skoda-roomster-5j7-1-6-benzina-105-cai-valeo-251658\\\/#breadcrumb\",\"itemListElement\":[{\"@type\":\"ListItem\",\"position\":1,\"name\":\"Prima pagin\u0103\",\"item\":\"https:\\\/\\\/autorival.ro\\\/skoda\\\/\"},{\"@type\":\"ListItem\",\"position\":2,\"name\":\"Piese auto SKODA\",\"item\":\"https:\\\/\\\/autorival.ro\\\/skoda\\\/\"},{\"@type\":\"ListItem\",\"position\":3,\"name\":\"Arc spirala Airbag SKODA ROOMSTER (5J7) 1.6 benzina 105 cai VALEO 251658\"}]},{\"@type\":\"WebSite\",\"@id\":\"https:\\\/\\\/autorival.ro\\\/skoda\\\/#website\",\"url\":\"https:\\\/\\\/autorival.ro\\\/skoda\\\/\",\"name\":\"SKODA\",\"description\":\"\",\"potentialAction\":[{\"@type\":\"SearchAction\",\"target\":{\"@type\":\"EntryPoint\",\"urlTemplate\":\"https:\\\/\\\/autorival.ro\\\/skoda\\\/?s={search_term_string}\"},\"query-input\":{\"@type\":\"PropertyValueSpecification\",\"valueRequired\":true,\"valueName\":\"search_term_string\"}}],\"inLanguage\":\"en-US\"}]}<\/script>\n<!-- \/ Yoast SEO plugin. -->","yoast_head_json":{"title":"Arc spirala Airbag SKODA ROOMSTER (5J7) 1.6 benzina 105 cai VALEO 251658 SKODA | VALEO - Autorival","description":"\u26a1 Arc spirala Airbag SKODA ROOMSTER (5J7) 1.6 benzina 105 cai VALEO 251658 pentru SKODA. \u2713 Cod: 251658 \u2713 Brand: VALEO \u2713 \u00cen stoc \u2713 Livrare 24h \u2713 Garan\u021bie!","robots":{"index":"index","follow":"follow","max-snippet":"max-snippet:-1","max-image-preview":"max-image-preview:large","max-video-preview":"max-video-preview:-1"},"og_locale":"en_US","og_type":"article","og_title":"Arc spirala Airbag SKODA ROOMSTER (5J7) 1.6 benzina 105 cai VALEO 251658 SKODA | VALEO - Autorival","og_description":"\u26a1 Arc spirala Airbag SKODA ROOMSTER (5J7) 1.6 benzina 105 cai VALEO 251658 pentru SKODA. \u2713 Cod: 251658 \u2713 Brand: VALEO \u2713 \u00cen stoc \u2713 Livrare 24h \u2713 Garan\u021bie!","og_url":"https:\/\/autorival.ro\/skoda\/produs\/arc-spirala-airbag-skoda-roomster-5j7-1-6-benzina-105-cai-valeo-251658\/","og_site_name":"SKODA","og_image":[{"width":316,"height":400,"url":"https:\/\/autorival.ro\/skoda\/wp-content\/uploads\/sites\/10\/2025\/07\/251658-5.jpg","type":"image\/jpeg"}],"twitter_card":"summary_large_image","twitter_title":"Arc spirala Airbag SKODA ROOMSTER (5J7) 1.6 benzina 105 cai VALEO 251658 SKODA | VALEO - Autorival","twitter_description":"\u26a1 Arc spirala Airbag SKODA ROOMSTER (5J7) 1.6 benzina 105 cai VALEO 251658 pentru SKODA. \u2713 Cod: 251658 \u2713 Brand: VALEO \u2713 \u00cen stoc \u2713 Livrare 24h \u2713 Garan\u021bie!","schema":{"@context":"https:\/\/schema.org","@graph":[{"@type":"WebPage","@id":"https:\/\/autorival.ro\/skoda\/produs\/arc-spirala-airbag-skoda-roomster-5j7-1-6-benzina-105-cai-valeo-251658\/","url":"https:\/\/autorival.ro\/skoda\/produs\/arc-spirala-airbag-skoda-roomster-5j7-1-6-benzina-105-cai-valeo-251658\/","name":"Arc spirala Airbag SKODA ROOMSTER (5J7) 1.6 benzina 105 cai VALEO 251658 SKODA | VALEO - Autorival","isPartOf":{"@id":"https:\/\/autorival.ro\/skoda\/#website"},"primaryImageOfPage":{"@id":"https:\/\/autorival.ro\/skoda\/produs\/arc-spirala-airbag-skoda-roomster-5j7-1-6-benzina-105-cai-valeo-251658\/#primaryimage"},"image":{"@id":"https:\/\/autorival.ro\/skoda\/produs\/arc-spirala-airbag-skoda-roomster-5j7-1-6-benzina-105-cai-valeo-251658\/#primaryimage"},"thumbnailUrl":"https:\/\/autorival.ro\/skoda\/wp-content\/uploads\/sites\/10\/2025\/07\/251658-5.jpg","datePublished":"2025-07-17T09:57:52+00:00","description":"\u26a1 Arc spirala Airbag SKODA ROOMSTER (5J7) 1.6 benzina 105 cai VALEO 251658 pentru SKODA. \u2713 Cod: 251658 \u2713 Brand: VALEO \u2713 \u00cen stoc \u2713 Livrare 24h \u2713 Garan\u021bie!","breadcrumb":{"@id":"https:\/\/autorival.ro\/skoda\/produs\/arc-spirala-airbag-skoda-roomster-5j7-1-6-benzina-105-cai-valeo-251658\/#breadcrumb"},"inLanguage":"en-US","potentialAction":[{"@type":"ReadAction","target":["https:\/\/autorival.ro\/skoda\/produs\/arc-spirala-airbag-skoda-roomster-5j7-1-6-benzina-105-cai-valeo-251658\/"]}]},{"@type":"ImageObject","inLanguage":"en-US","@id":"https:\/\/autorival.ro\/skoda\/produs\/arc-spirala-airbag-skoda-roomster-5j7-1-6-benzina-105-cai-valeo-251658\/#primaryimage","url":"https:\/\/autorival.ro\/skoda\/wp-content\/uploads\/sites\/10\/2025\/07\/251658-5.jpg","contentUrl":"https:\/\/autorival.ro\/skoda\/wp-content\/uploads\/sites\/10\/2025\/07\/251658-5.jpg","width":316,"height":400},{"@type":"BreadcrumbList","@id":"https:\/\/autorival.ro\/skoda\/produs\/arc-spirala-airbag-skoda-roomster-5j7-1-6-benzina-105-cai-valeo-251658\/#breadcrumb","itemListElement":[{"@type":"ListItem","position":1,"name":"Prima pagin\u0103","item":"https:\/\/autorival.ro\/skoda\/"},{"@type":"ListItem","position":2,"name":"Piese auto SKODA","item":"https:\/\/autorival.ro\/skoda\/"},{"@type":"ListItem","position":3,"name":"Arc spirala Airbag SKODA ROOMSTER (5J7) 1.6 benzina 105 cai VALEO 251658"}]},{"@type":"WebSite","@id":"https:\/\/autorival.ro\/skoda\/#website","url":"https:\/\/autorival.ro\/skoda\/","name":"SKODA","description":"","potentialAction":[{"@type":"SearchAction","target":{"@type":"EntryPoint","urlTemplate":"https:\/\/autorival.ro\/skoda\/?s={search_term_string}"},"query-input":{"@type":"PropertyValueSpecification","valueRequired":true,"valueName":"search_term_string"}}],"inLanguage":"en-US"}]}},"_links":{"self":[{"href":"https:\/\/autorival.ro\/skoda\/wp-json\/wp\/v2\/product\/37924","targetHints":{"allow":["GET"]}}],"collection":[{"href":"https:\/\/autorival.ro\/skoda\/wp-json\/wp\/v2\/product"}],"about":[{"href":"https:\/\/autorival.ro\/skoda\/wp-json\/wp\/v2\/types\/product"}],"replies":[{"embeddable":true,"href":"https:\/\/autorival.ro\/skoda\/wp-json\/wp\/v2\/comments?post=37924"}],"wp:featuredmedia":[{"embeddable":true,"href":"https:\/\/autorival.ro\/skoda\/wp-json\/wp\/v2\/media\/37925"}],"wp:attachment":[{"href":"https:\/\/autorival.ro\/skoda\/wp-json\/wp\/v2\/media?parent=37924"}],"wp:term":[{"taxonomy":"product_brand","embeddable":true,"href":"https:\/\/autorival.ro\/skoda\/wp-json\/wp\/v2\/product_brand?post=37924"},{"taxonomy":"product_cat","embeddable":true,"href":"https:\/\/autorival.ro\/skoda\/wp-json\/wp\/v2\/product_cat?post=37924"},{"taxonomy":"product_tag","embeddable":true,"href":"https:\/\/autorival.ro\/skoda\/wp-json\/wp\/v2\/product_tag?post=37924"}],"curies":[{"name":"wp","href":"https:\/\/api.w.org\/{rel}","templated":true}]}}