{"id":375502,"date":"2025-07-20T01:53:04","date_gmt":"2025-07-20T01:53:04","guid":{"rendered":"https:\/\/autorival.ro\/skoda\/product\/placute-frana-skoda-roomster-5j7-1-4-benzina-86-cai-valeo-301026\/"},"modified":"2025-07-20T01:53:04","modified_gmt":"2025-07-20T01:53:04","slug":"placute-frana-skoda-roomster-5j7-1-4-benzina-86-cai-valeo-301026","status":"publish","type":"product","link":"https:\/\/autorival.ro\/skoda\/produs\/placute-frana-skoda-roomster-5j7-1-4-benzina-86-cai-valeo-301026\/","title":{"rendered":"Placute frana SKODA ROOMSTER (5J7) 1.4 benzina 86 cai VALEO 301026"},"content":{"rendered":"<p>Partea de montare: punte fataSistem de fr\u00e2nare: TEVES ->Latime [mm]: 157\u00cenaltime [mm]: 66 ->Grosime [mm]: 18,2 ->Latime 2 [mm]: 155\u00cenaltime 2 [mm]: 69 ->Grosime 2 [mm]: 18,2Numar WVA: 24535Contact indicator uzura: inclusiv contact avertizare uzuraNum\u0103rul indicatorilor de uzur\u0103 [per ax\u0103]: 2Articol completare\/Info suplimentar 2: fata tabla anti-scartaitAprobare: ECE-R90 ->Greutate [kg]: 1,71<\/p>\n","protected":false},"excerpt":{"rendered":"<p>Producator: VALEO Cod producator: 301026<\/p>\n","protected":false},"featured_media":375503,"comment_status":"open","ping_status":"closed","template":"","meta":[],"product_brand":[361],"product_cat":[13783],"product_tag":[25661,25622,26592,25611,25586,25636],"class_list":{"0":"post-375502","1":"product","2":"type-product","3":"status-publish","4":"has-post-thumbnail","6":"product_brand-valeo","7":"product_cat-placute-frana-5j7-1-4-benzina-86","8":"product_tag-5j7","9":"product_tag-frana","10":"product_tag-placute","11":"product_tag-roomster","12":"product_tag-skoda","13":"product_tag-valeo","15":"first","16":"instock","17":"shipping-taxable","18":"purchasable","19":"product-type-simple"},"yoast_head":"<!-- This site is optimized with the Yoast SEO plugin v27.3 - https:\/\/yoast.com\/product\/yoast-seo-wordpress\/ -->\n<title>Placute frana SKODA ROOMSTER (5J7) 1.4 benzina 86 cai VALEO 301026 SKODA | VALEO - Autorival<\/title>\n<meta name=\"description\" content=\"\u26a1 Placute frana SKODA ROOMSTER (5J7) 1.4 benzina 86 cai VALEO 301026 pentru SKODA. \u2713 Cod: 301026 \u2713 Brand: VALEO \u2713 \u00cen stoc \u2713 Livrare 24h \u2713 Garan\u021bie!\" \/>\n<meta name=\"robots\" content=\"index, follow, max-snippet:-1, max-image-preview:large, max-video-preview:-1\" \/>\n<meta property=\"og:locale\" content=\"en_US\" \/>\n<meta property=\"og:type\" content=\"article\" \/>\n<meta property=\"og:title\" content=\"Placute frana SKODA ROOMSTER (5J7) 1.4 benzina 86 cai VALEO 301026 SKODA | VALEO - Autorival\" \/>\n<meta property=\"og:description\" content=\"\u26a1 Placute frana SKODA ROOMSTER (5J7) 1.4 benzina 86 cai VALEO 301026 pentru SKODA. \u2713 Cod: 301026 \u2713 Brand: VALEO \u2713 \u00cen stoc \u2713 Livrare 24h \u2713 Garan\u021bie!\" \/>\n<meta property=\"og:url\" content=\"https:\/\/autorival.ro\/skoda\/produs\/placute-frana-skoda-roomster-5j7-1-4-benzina-86-cai-valeo-301026\/\" \/>\n<meta property=\"og:site_name\" content=\"SKODA\" \/>\n<meta property=\"og:image\" content=\"https:\/\/autorival.ro\/skoda\/wp-content\/uploads\/sites\/10\/2025\/07\/brake_pad_wva24535_301026_050-10.jpg\" \/>\n\t<meta property=\"og:image:width\" content=\"600\" \/>\n\t<meta property=\"og:image:height\" content=\"400\" \/>\n\t<meta property=\"og:image:type\" content=\"image\/jpeg\" \/>\n<meta name=\"twitter:card\" content=\"summary_large_image\" \/>\n<meta name=\"twitter:title\" content=\"Placute frana SKODA ROOMSTER (5J7) 1.4 benzina 86 cai VALEO 301026 SKODA | VALEO - Autorival\" \/>\n<meta name=\"twitter:description\" content=\"\u26a1 Placute frana SKODA ROOMSTER (5J7) 1.4 benzina 86 cai VALEO 301026 pentru SKODA. \u2713 Cod: 301026 \u2713 Brand: VALEO \u2713 \u00cen stoc \u2713 Livrare 24h \u2713 Garan\u021bie!\" \/>\n<script type=\"application\/ld+json\" class=\"yoast-schema-graph\">{\"@context\":\"https:\\\/\\\/schema.org\",\"@graph\":[{\"@type\":\"WebPage\",\"@id\":\"https:\\\/\\\/autorival.ro\\\/skoda\\\/produs\\\/placute-frana-skoda-roomster-5j7-1-4-benzina-86-cai-valeo-301026\\\/\",\"url\":\"https:\\\/\\\/autorival.ro\\\/skoda\\\/produs\\\/placute-frana-skoda-roomster-5j7-1-4-benzina-86-cai-valeo-301026\\\/\",\"name\":\"Placute frana SKODA ROOMSTER (5J7) 1.4 benzina 86 cai VALEO 301026 SKODA | VALEO - Autorival\",\"isPartOf\":{\"@id\":\"https:\\\/\\\/autorival.ro\\\/skoda\\\/#website\"},\"primaryImageOfPage\":{\"@id\":\"https:\\\/\\\/autorival.ro\\\/skoda\\\/produs\\\/placute-frana-skoda-roomster-5j7-1-4-benzina-86-cai-valeo-301026\\\/#primaryimage\"},\"image\":{\"@id\":\"https:\\\/\\\/autorival.ro\\\/skoda\\\/produs\\\/placute-frana-skoda-roomster-5j7-1-4-benzina-86-cai-valeo-301026\\\/#primaryimage\"},\"thumbnailUrl\":\"https:\\\/\\\/autorival.ro\\\/skoda\\\/wp-content\\\/uploads\\\/sites\\\/10\\\/2025\\\/07\\\/brake_pad_wva24535_301026_050-10.jpg\",\"datePublished\":\"2025-07-20T01:53:04+00:00\",\"description\":\"\u26a1 Placute frana SKODA ROOMSTER (5J7) 1.4 benzina 86 cai VALEO 301026 pentru SKODA. \u2713 Cod: 301026 \u2713 Brand: VALEO \u2713 \u00cen stoc \u2713 Livrare 24h \u2713 Garan\u021bie!\",\"breadcrumb\":{\"@id\":\"https:\\\/\\\/autorival.ro\\\/skoda\\\/produs\\\/placute-frana-skoda-roomster-5j7-1-4-benzina-86-cai-valeo-301026\\\/#breadcrumb\"},\"inLanguage\":\"en-US\",\"potentialAction\":[{\"@type\":\"ReadAction\",\"target\":[\"https:\\\/\\\/autorival.ro\\\/skoda\\\/produs\\\/placute-frana-skoda-roomster-5j7-1-4-benzina-86-cai-valeo-301026\\\/\"]}]},{\"@type\":\"ImageObject\",\"inLanguage\":\"en-US\",\"@id\":\"https:\\\/\\\/autorival.ro\\\/skoda\\\/produs\\\/placute-frana-skoda-roomster-5j7-1-4-benzina-86-cai-valeo-301026\\\/#primaryimage\",\"url\":\"https:\\\/\\\/autorival.ro\\\/skoda\\\/wp-content\\\/uploads\\\/sites\\\/10\\\/2025\\\/07\\\/brake_pad_wva24535_301026_050-10.jpg\",\"contentUrl\":\"https:\\\/\\\/autorival.ro\\\/skoda\\\/wp-content\\\/uploads\\\/sites\\\/10\\\/2025\\\/07\\\/brake_pad_wva24535_301026_050-10.jpg\",\"width\":600,\"height\":400},{\"@type\":\"BreadcrumbList\",\"@id\":\"https:\\\/\\\/autorival.ro\\\/skoda\\\/produs\\\/placute-frana-skoda-roomster-5j7-1-4-benzina-86-cai-valeo-301026\\\/#breadcrumb\",\"itemListElement\":[{\"@type\":\"ListItem\",\"position\":1,\"name\":\"Prima pagin\u0103\",\"item\":\"https:\\\/\\\/autorival.ro\\\/skoda\\\/\"},{\"@type\":\"ListItem\",\"position\":2,\"name\":\"Piese auto SKODA\",\"item\":\"https:\\\/\\\/autorival.ro\\\/skoda\\\/\"},{\"@type\":\"ListItem\",\"position\":3,\"name\":\"Placute frana SKODA ROOMSTER (5J7) 1.4 benzina 86 cai VALEO 301026\"}]},{\"@type\":\"WebSite\",\"@id\":\"https:\\\/\\\/autorival.ro\\\/skoda\\\/#website\",\"url\":\"https:\\\/\\\/autorival.ro\\\/skoda\\\/\",\"name\":\"SKODA\",\"description\":\"\",\"potentialAction\":[{\"@type\":\"SearchAction\",\"target\":{\"@type\":\"EntryPoint\",\"urlTemplate\":\"https:\\\/\\\/autorival.ro\\\/skoda\\\/?s={search_term_string}\"},\"query-input\":{\"@type\":\"PropertyValueSpecification\",\"valueRequired\":true,\"valueName\":\"search_term_string\"}}],\"inLanguage\":\"en-US\"}]}<\/script>\n<!-- \/ Yoast SEO plugin. -->","yoast_head_json":{"title":"Placute frana SKODA ROOMSTER (5J7) 1.4 benzina 86 cai VALEO 301026 SKODA | VALEO - Autorival","description":"\u26a1 Placute frana SKODA ROOMSTER (5J7) 1.4 benzina 86 cai VALEO 301026 pentru SKODA. \u2713 Cod: 301026 \u2713 Brand: VALEO \u2713 \u00cen stoc \u2713 Livrare 24h \u2713 Garan\u021bie!","robots":{"index":"index","follow":"follow","max-snippet":"max-snippet:-1","max-image-preview":"max-image-preview:large","max-video-preview":"max-video-preview:-1"},"og_locale":"en_US","og_type":"article","og_title":"Placute frana SKODA ROOMSTER (5J7) 1.4 benzina 86 cai VALEO 301026 SKODA | VALEO - Autorival","og_description":"\u26a1 Placute frana SKODA ROOMSTER (5J7) 1.4 benzina 86 cai VALEO 301026 pentru SKODA. \u2713 Cod: 301026 \u2713 Brand: VALEO \u2713 \u00cen stoc \u2713 Livrare 24h \u2713 Garan\u021bie!","og_url":"https:\/\/autorival.ro\/skoda\/produs\/placute-frana-skoda-roomster-5j7-1-4-benzina-86-cai-valeo-301026\/","og_site_name":"SKODA","og_image":[{"width":600,"height":400,"url":"https:\/\/autorival.ro\/skoda\/wp-content\/uploads\/sites\/10\/2025\/07\/brake_pad_wva24535_301026_050-10.jpg","type":"image\/jpeg"}],"twitter_card":"summary_large_image","twitter_title":"Placute frana SKODA ROOMSTER (5J7) 1.4 benzina 86 cai VALEO 301026 SKODA | VALEO - Autorival","twitter_description":"\u26a1 Placute frana SKODA ROOMSTER (5J7) 1.4 benzina 86 cai VALEO 301026 pentru SKODA. \u2713 Cod: 301026 \u2713 Brand: VALEO \u2713 \u00cen stoc \u2713 Livrare 24h \u2713 Garan\u021bie!","schema":{"@context":"https:\/\/schema.org","@graph":[{"@type":"WebPage","@id":"https:\/\/autorival.ro\/skoda\/produs\/placute-frana-skoda-roomster-5j7-1-4-benzina-86-cai-valeo-301026\/","url":"https:\/\/autorival.ro\/skoda\/produs\/placute-frana-skoda-roomster-5j7-1-4-benzina-86-cai-valeo-301026\/","name":"Placute frana SKODA ROOMSTER (5J7) 1.4 benzina 86 cai VALEO 301026 SKODA | VALEO - Autorival","isPartOf":{"@id":"https:\/\/autorival.ro\/skoda\/#website"},"primaryImageOfPage":{"@id":"https:\/\/autorival.ro\/skoda\/produs\/placute-frana-skoda-roomster-5j7-1-4-benzina-86-cai-valeo-301026\/#primaryimage"},"image":{"@id":"https:\/\/autorival.ro\/skoda\/produs\/placute-frana-skoda-roomster-5j7-1-4-benzina-86-cai-valeo-301026\/#primaryimage"},"thumbnailUrl":"https:\/\/autorival.ro\/skoda\/wp-content\/uploads\/sites\/10\/2025\/07\/brake_pad_wva24535_301026_050-10.jpg","datePublished":"2025-07-20T01:53:04+00:00","description":"\u26a1 Placute frana SKODA ROOMSTER (5J7) 1.4 benzina 86 cai VALEO 301026 pentru SKODA. \u2713 Cod: 301026 \u2713 Brand: VALEO \u2713 \u00cen stoc \u2713 Livrare 24h \u2713 Garan\u021bie!","breadcrumb":{"@id":"https:\/\/autorival.ro\/skoda\/produs\/placute-frana-skoda-roomster-5j7-1-4-benzina-86-cai-valeo-301026\/#breadcrumb"},"inLanguage":"en-US","potentialAction":[{"@type":"ReadAction","target":["https:\/\/autorival.ro\/skoda\/produs\/placute-frana-skoda-roomster-5j7-1-4-benzina-86-cai-valeo-301026\/"]}]},{"@type":"ImageObject","inLanguage":"en-US","@id":"https:\/\/autorival.ro\/skoda\/produs\/placute-frana-skoda-roomster-5j7-1-4-benzina-86-cai-valeo-301026\/#primaryimage","url":"https:\/\/autorival.ro\/skoda\/wp-content\/uploads\/sites\/10\/2025\/07\/brake_pad_wva24535_301026_050-10.jpg","contentUrl":"https:\/\/autorival.ro\/skoda\/wp-content\/uploads\/sites\/10\/2025\/07\/brake_pad_wva24535_301026_050-10.jpg","width":600,"height":400},{"@type":"BreadcrumbList","@id":"https:\/\/autorival.ro\/skoda\/produs\/placute-frana-skoda-roomster-5j7-1-4-benzina-86-cai-valeo-301026\/#breadcrumb","itemListElement":[{"@type":"ListItem","position":1,"name":"Prima pagin\u0103","item":"https:\/\/autorival.ro\/skoda\/"},{"@type":"ListItem","position":2,"name":"Piese auto SKODA","item":"https:\/\/autorival.ro\/skoda\/"},{"@type":"ListItem","position":3,"name":"Placute frana SKODA ROOMSTER (5J7) 1.4 benzina 86 cai VALEO 301026"}]},{"@type":"WebSite","@id":"https:\/\/autorival.ro\/skoda\/#website","url":"https:\/\/autorival.ro\/skoda\/","name":"SKODA","description":"","potentialAction":[{"@type":"SearchAction","target":{"@type":"EntryPoint","urlTemplate":"https:\/\/autorival.ro\/skoda\/?s={search_term_string}"},"query-input":{"@type":"PropertyValueSpecification","valueRequired":true,"valueName":"search_term_string"}}],"inLanguage":"en-US"}]}},"_links":{"self":[{"href":"https:\/\/autorival.ro\/skoda\/wp-json\/wp\/v2\/product\/375502","targetHints":{"allow":["GET"]}}],"collection":[{"href":"https:\/\/autorival.ro\/skoda\/wp-json\/wp\/v2\/product"}],"about":[{"href":"https:\/\/autorival.ro\/skoda\/wp-json\/wp\/v2\/types\/product"}],"replies":[{"embeddable":true,"href":"https:\/\/autorival.ro\/skoda\/wp-json\/wp\/v2\/comments?post=375502"}],"wp:featuredmedia":[{"embeddable":true,"href":"https:\/\/autorival.ro\/skoda\/wp-json\/wp\/v2\/media\/375503"}],"wp:attachment":[{"href":"https:\/\/autorival.ro\/skoda\/wp-json\/wp\/v2\/media?parent=375502"}],"wp:term":[{"taxonomy":"product_brand","embeddable":true,"href":"https:\/\/autorival.ro\/skoda\/wp-json\/wp\/v2\/product_brand?post=375502"},{"taxonomy":"product_cat","embeddable":true,"href":"https:\/\/autorival.ro\/skoda\/wp-json\/wp\/v2\/product_cat?post=375502"},{"taxonomy":"product_tag","embeddable":true,"href":"https:\/\/autorival.ro\/skoda\/wp-json\/wp\/v2\/product_tag?post=375502"}],"curies":[{"name":"wp","href":"https:\/\/api.w.org\/{rel}","templated":true}]}}