{"id":370156,"date":"2025-07-20T00:04:39","date_gmt":"2025-07-20T00:04:39","guid":{"rendered":"https:\/\/autorival.ro\/skoda\/product\/placute-frana-skoda-rapid-spaceback-nh1-1-6-tdi-diesel-105-cai-abs-37414\/"},"modified":"2025-07-20T00:04:39","modified_gmt":"2025-07-20T00:04:39","slug":"placute-frana-skoda-rapid-spaceback-nh1-1-6-tdi-diesel-105-cai-abs-37414","status":"publish","type":"product","link":"https:\/\/autorival.ro\/skoda\/produs\/placute-frana-skoda-rapid-spaceback-nh1-1-6-tdi-diesel-105-cai-abs-37414\/","title":{"rendered":"Placute frana SKODA RAPID Spaceback (NH1) 1.6 TDI diesel 105 cai ABS 37414"},"content":{"rendered":"<p>Partea de montare: punte fatapentru diametru disc frana [mm]: 288pt. numar PR: 1ZC ->Latime 1 [mm]: 156,2\u00cenaltime 1 [mm]: 71,5 ->Grosime 1 [mm]: 20 ->Latime 2 [mm]: 155,5\u00cenaltime 2 [mm]: 66 ->Grosime 2 [mm]: 20Sistem de fr\u00e2nare: ATE ->Lungime contact avertizare [mm]: 155Restrictiile producatorului: ATEContact indicator uzura: cu senzor de uzura integrat ->Greutate [kg]: 2,03Num\u0103rul indicatorilor de uzur\u0103 [per ax\u0103]: 1<\/p>\n","protected":false},"excerpt":{"rendered":"<p>Producator: ABS Cod producator: 37414<\/p>\n","protected":false},"featured_media":370157,"comment_status":"open","ping_status":"closed","template":"","meta":[],"product_brand":[1797],"product_cat":[13771],"product_tag":[25844,25622,26592,25607,25586,25594],"class_list":{"0":"post-370156","1":"product","2":"type-product","3":"status-publish","4":"has-post-thumbnail","6":"product_brand-abs","7":"product_cat-placute-frana-spaceback-nh1-1-6-tdi-diesel-105","8":"product_tag-abs","9":"product_tag-frana","10":"product_tag-placute","11":"product_tag-rapid","12":"product_tag-skoda","13":"product_tag-tdi","15":"first","16":"instock","17":"shipping-taxable","18":"purchasable","19":"product-type-simple"},"yoast_head":"<!-- This site is optimized with the Yoast SEO plugin v27.3 - https:\/\/yoast.com\/product\/yoast-seo-wordpress\/ -->\n<title>Placute frana SKODA RAPID Spaceback (NH1) 1.6 TDI diesel 105 cai ABS 37414 SKODA | ABS - Autorival<\/title>\n<meta name=\"description\" content=\"\u26a1 Placute frana SKODA RAPID Spaceback (NH1) 1.6 TDI diesel 105 cai ABS 37414 pentru SKODA. \u2713 Cod: 37414 \u2713 Brand: ABS \u2713 \u00cen stoc \u2713 Livrare 24h \u2713 Garan\u021bie!\" \/>\n<meta name=\"robots\" content=\"index, follow, max-snippet:-1, max-image-preview:large, max-video-preview:-1\" \/>\n<meta property=\"og:locale\" content=\"en_US\" \/>\n<meta property=\"og:type\" content=\"article\" \/>\n<meta property=\"og:title\" content=\"Placute frana SKODA RAPID Spaceback (NH1) 1.6 TDI diesel 105 cai ABS 37414 SKODA | ABS - Autorival\" \/>\n<meta property=\"og:description\" content=\"\u26a1 Placute frana SKODA RAPID Spaceback (NH1) 1.6 TDI diesel 105 cai ABS 37414 pentru SKODA. \u2713 Cod: 37414 \u2713 Brand: ABS \u2713 \u00cen stoc \u2713 Livrare 24h \u2713 Garan\u021bie!\" \/>\n<meta property=\"og:url\" content=\"https:\/\/autorival.ro\/skoda\/produs\/placute-frana-skoda-rapid-spaceback-nh1-1-6-tdi-diesel-105-cai-abs-37414\/\" \/>\n<meta property=\"og:site_name\" content=\"SKODA\" \/>\n<meta property=\"og:image\" content=\"https:\/\/autorival.ro\/skoda\/wp-content\/uploads\/sites\/10\/2025\/07\/37414-23.jpg\" \/>\n\t<meta property=\"og:image:width\" content=\"600\" \/>\n\t<meta property=\"og:image:height\" content=\"355\" \/>\n\t<meta property=\"og:image:type\" content=\"image\/jpeg\" \/>\n<meta name=\"twitter:card\" content=\"summary_large_image\" \/>\n<meta name=\"twitter:title\" content=\"Placute frana SKODA RAPID Spaceback (NH1) 1.6 TDI diesel 105 cai ABS 37414 SKODA | ABS - Autorival\" \/>\n<meta name=\"twitter:description\" content=\"\u26a1 Placute frana SKODA RAPID Spaceback (NH1) 1.6 TDI diesel 105 cai ABS 37414 pentru SKODA. \u2713 Cod: 37414 \u2713 Brand: ABS \u2713 \u00cen stoc \u2713 Livrare 24h \u2713 Garan\u021bie!\" \/>\n<script type=\"application\/ld+json\" class=\"yoast-schema-graph\">{\"@context\":\"https:\\\/\\\/schema.org\",\"@graph\":[{\"@type\":\"WebPage\",\"@id\":\"https:\\\/\\\/autorival.ro\\\/skoda\\\/produs\\\/placute-frana-skoda-rapid-spaceback-nh1-1-6-tdi-diesel-105-cai-abs-37414\\\/\",\"url\":\"https:\\\/\\\/autorival.ro\\\/skoda\\\/produs\\\/placute-frana-skoda-rapid-spaceback-nh1-1-6-tdi-diesel-105-cai-abs-37414\\\/\",\"name\":\"Placute frana SKODA RAPID Spaceback (NH1) 1.6 TDI diesel 105 cai ABS 37414 SKODA | ABS - Autorival\",\"isPartOf\":{\"@id\":\"https:\\\/\\\/autorival.ro\\\/skoda\\\/#website\"},\"primaryImageOfPage\":{\"@id\":\"https:\\\/\\\/autorival.ro\\\/skoda\\\/produs\\\/placute-frana-skoda-rapid-spaceback-nh1-1-6-tdi-diesel-105-cai-abs-37414\\\/#primaryimage\"},\"image\":{\"@id\":\"https:\\\/\\\/autorival.ro\\\/skoda\\\/produs\\\/placute-frana-skoda-rapid-spaceback-nh1-1-6-tdi-diesel-105-cai-abs-37414\\\/#primaryimage\"},\"thumbnailUrl\":\"https:\\\/\\\/autorival.ro\\\/skoda\\\/wp-content\\\/uploads\\\/sites\\\/10\\\/2025\\\/07\\\/37414-23.jpg\",\"datePublished\":\"2025-07-20T00:04:39+00:00\",\"description\":\"\u26a1 Placute frana SKODA RAPID Spaceback (NH1) 1.6 TDI diesel 105 cai ABS 37414 pentru SKODA. \u2713 Cod: 37414 \u2713 Brand: ABS \u2713 \u00cen stoc \u2713 Livrare 24h \u2713 Garan\u021bie!\",\"breadcrumb\":{\"@id\":\"https:\\\/\\\/autorival.ro\\\/skoda\\\/produs\\\/placute-frana-skoda-rapid-spaceback-nh1-1-6-tdi-diesel-105-cai-abs-37414\\\/#breadcrumb\"},\"inLanguage\":\"en-US\",\"potentialAction\":[{\"@type\":\"ReadAction\",\"target\":[\"https:\\\/\\\/autorival.ro\\\/skoda\\\/produs\\\/placute-frana-skoda-rapid-spaceback-nh1-1-6-tdi-diesel-105-cai-abs-37414\\\/\"]}]},{\"@type\":\"ImageObject\",\"inLanguage\":\"en-US\",\"@id\":\"https:\\\/\\\/autorival.ro\\\/skoda\\\/produs\\\/placute-frana-skoda-rapid-spaceback-nh1-1-6-tdi-diesel-105-cai-abs-37414\\\/#primaryimage\",\"url\":\"https:\\\/\\\/autorival.ro\\\/skoda\\\/wp-content\\\/uploads\\\/sites\\\/10\\\/2025\\\/07\\\/37414-23.jpg\",\"contentUrl\":\"https:\\\/\\\/autorival.ro\\\/skoda\\\/wp-content\\\/uploads\\\/sites\\\/10\\\/2025\\\/07\\\/37414-23.jpg\",\"width\":600,\"height\":355},{\"@type\":\"BreadcrumbList\",\"@id\":\"https:\\\/\\\/autorival.ro\\\/skoda\\\/produs\\\/placute-frana-skoda-rapid-spaceback-nh1-1-6-tdi-diesel-105-cai-abs-37414\\\/#breadcrumb\",\"itemListElement\":[{\"@type\":\"ListItem\",\"position\":1,\"name\":\"Prima pagin\u0103\",\"item\":\"https:\\\/\\\/autorival.ro\\\/skoda\\\/\"},{\"@type\":\"ListItem\",\"position\":2,\"name\":\"Piese auto SKODA\",\"item\":\"https:\\\/\\\/autorival.ro\\\/skoda\\\/\"},{\"@type\":\"ListItem\",\"position\":3,\"name\":\"Placute frana SKODA RAPID Spaceback (NH1) 1.6 TDI diesel 105 cai ABS 37414\"}]},{\"@type\":\"WebSite\",\"@id\":\"https:\\\/\\\/autorival.ro\\\/skoda\\\/#website\",\"url\":\"https:\\\/\\\/autorival.ro\\\/skoda\\\/\",\"name\":\"SKODA\",\"description\":\"\",\"potentialAction\":[{\"@type\":\"SearchAction\",\"target\":{\"@type\":\"EntryPoint\",\"urlTemplate\":\"https:\\\/\\\/autorival.ro\\\/skoda\\\/?s={search_term_string}\"},\"query-input\":{\"@type\":\"PropertyValueSpecification\",\"valueRequired\":true,\"valueName\":\"search_term_string\"}}],\"inLanguage\":\"en-US\"}]}<\/script>\n<!-- \/ Yoast SEO plugin. -->","yoast_head_json":{"title":"Placute frana SKODA RAPID Spaceback (NH1) 1.6 TDI diesel 105 cai ABS 37414 SKODA | ABS - Autorival","description":"\u26a1 Placute frana SKODA RAPID Spaceback (NH1) 1.6 TDI diesel 105 cai ABS 37414 pentru SKODA. \u2713 Cod: 37414 \u2713 Brand: ABS \u2713 \u00cen stoc \u2713 Livrare 24h \u2713 Garan\u021bie!","robots":{"index":"index","follow":"follow","max-snippet":"max-snippet:-1","max-image-preview":"max-image-preview:large","max-video-preview":"max-video-preview:-1"},"og_locale":"en_US","og_type":"article","og_title":"Placute frana SKODA RAPID Spaceback (NH1) 1.6 TDI diesel 105 cai ABS 37414 SKODA | ABS - Autorival","og_description":"\u26a1 Placute frana SKODA RAPID Spaceback (NH1) 1.6 TDI diesel 105 cai ABS 37414 pentru SKODA. \u2713 Cod: 37414 \u2713 Brand: ABS \u2713 \u00cen stoc \u2713 Livrare 24h \u2713 Garan\u021bie!","og_url":"https:\/\/autorival.ro\/skoda\/produs\/placute-frana-skoda-rapid-spaceback-nh1-1-6-tdi-diesel-105-cai-abs-37414\/","og_site_name":"SKODA","og_image":[{"width":600,"height":355,"url":"https:\/\/autorival.ro\/skoda\/wp-content\/uploads\/sites\/10\/2025\/07\/37414-23.jpg","type":"image\/jpeg"}],"twitter_card":"summary_large_image","twitter_title":"Placute frana SKODA RAPID Spaceback (NH1) 1.6 TDI diesel 105 cai ABS 37414 SKODA | ABS - Autorival","twitter_description":"\u26a1 Placute frana SKODA RAPID Spaceback (NH1) 1.6 TDI diesel 105 cai ABS 37414 pentru SKODA. \u2713 Cod: 37414 \u2713 Brand: ABS \u2713 \u00cen stoc \u2713 Livrare 24h \u2713 Garan\u021bie!","schema":{"@context":"https:\/\/schema.org","@graph":[{"@type":"WebPage","@id":"https:\/\/autorival.ro\/skoda\/produs\/placute-frana-skoda-rapid-spaceback-nh1-1-6-tdi-diesel-105-cai-abs-37414\/","url":"https:\/\/autorival.ro\/skoda\/produs\/placute-frana-skoda-rapid-spaceback-nh1-1-6-tdi-diesel-105-cai-abs-37414\/","name":"Placute frana SKODA RAPID Spaceback (NH1) 1.6 TDI diesel 105 cai ABS 37414 SKODA | ABS - Autorival","isPartOf":{"@id":"https:\/\/autorival.ro\/skoda\/#website"},"primaryImageOfPage":{"@id":"https:\/\/autorival.ro\/skoda\/produs\/placute-frana-skoda-rapid-spaceback-nh1-1-6-tdi-diesel-105-cai-abs-37414\/#primaryimage"},"image":{"@id":"https:\/\/autorival.ro\/skoda\/produs\/placute-frana-skoda-rapid-spaceback-nh1-1-6-tdi-diesel-105-cai-abs-37414\/#primaryimage"},"thumbnailUrl":"https:\/\/autorival.ro\/skoda\/wp-content\/uploads\/sites\/10\/2025\/07\/37414-23.jpg","datePublished":"2025-07-20T00:04:39+00:00","description":"\u26a1 Placute frana SKODA RAPID Spaceback (NH1) 1.6 TDI diesel 105 cai ABS 37414 pentru SKODA. \u2713 Cod: 37414 \u2713 Brand: ABS \u2713 \u00cen stoc \u2713 Livrare 24h \u2713 Garan\u021bie!","breadcrumb":{"@id":"https:\/\/autorival.ro\/skoda\/produs\/placute-frana-skoda-rapid-spaceback-nh1-1-6-tdi-diesel-105-cai-abs-37414\/#breadcrumb"},"inLanguage":"en-US","potentialAction":[{"@type":"ReadAction","target":["https:\/\/autorival.ro\/skoda\/produs\/placute-frana-skoda-rapid-spaceback-nh1-1-6-tdi-diesel-105-cai-abs-37414\/"]}]},{"@type":"ImageObject","inLanguage":"en-US","@id":"https:\/\/autorival.ro\/skoda\/produs\/placute-frana-skoda-rapid-spaceback-nh1-1-6-tdi-diesel-105-cai-abs-37414\/#primaryimage","url":"https:\/\/autorival.ro\/skoda\/wp-content\/uploads\/sites\/10\/2025\/07\/37414-23.jpg","contentUrl":"https:\/\/autorival.ro\/skoda\/wp-content\/uploads\/sites\/10\/2025\/07\/37414-23.jpg","width":600,"height":355},{"@type":"BreadcrumbList","@id":"https:\/\/autorival.ro\/skoda\/produs\/placute-frana-skoda-rapid-spaceback-nh1-1-6-tdi-diesel-105-cai-abs-37414\/#breadcrumb","itemListElement":[{"@type":"ListItem","position":1,"name":"Prima pagin\u0103","item":"https:\/\/autorival.ro\/skoda\/"},{"@type":"ListItem","position":2,"name":"Piese auto SKODA","item":"https:\/\/autorival.ro\/skoda\/"},{"@type":"ListItem","position":3,"name":"Placute frana SKODA RAPID Spaceback (NH1) 1.6 TDI diesel 105 cai ABS 37414"}]},{"@type":"WebSite","@id":"https:\/\/autorival.ro\/skoda\/#website","url":"https:\/\/autorival.ro\/skoda\/","name":"SKODA","description":"","potentialAction":[{"@type":"SearchAction","target":{"@type":"EntryPoint","urlTemplate":"https:\/\/autorival.ro\/skoda\/?s={search_term_string}"},"query-input":{"@type":"PropertyValueSpecification","valueRequired":true,"valueName":"search_term_string"}}],"inLanguage":"en-US"}]}},"_links":{"self":[{"href":"https:\/\/autorival.ro\/skoda\/wp-json\/wp\/v2\/product\/370156","targetHints":{"allow":["GET"]}}],"collection":[{"href":"https:\/\/autorival.ro\/skoda\/wp-json\/wp\/v2\/product"}],"about":[{"href":"https:\/\/autorival.ro\/skoda\/wp-json\/wp\/v2\/types\/product"}],"replies":[{"embeddable":true,"href":"https:\/\/autorival.ro\/skoda\/wp-json\/wp\/v2\/comments?post=370156"}],"wp:featuredmedia":[{"embeddable":true,"href":"https:\/\/autorival.ro\/skoda\/wp-json\/wp\/v2\/media\/370157"}],"wp:attachment":[{"href":"https:\/\/autorival.ro\/skoda\/wp-json\/wp\/v2\/media?parent=370156"}],"wp:term":[{"taxonomy":"product_brand","embeddable":true,"href":"https:\/\/autorival.ro\/skoda\/wp-json\/wp\/v2\/product_brand?post=370156"},{"taxonomy":"product_cat","embeddable":true,"href":"https:\/\/autorival.ro\/skoda\/wp-json\/wp\/v2\/product_cat?post=370156"},{"taxonomy":"product_tag","embeddable":true,"href":"https:\/\/autorival.ro\/skoda\/wp-json\/wp\/v2\/product_tag?post=370156"}],"curies":[{"name":"wp","href":"https:\/\/api.w.org\/{rel}","templated":true}]}}