{"id":366064,"date":"2025-07-19T22:42:55","date_gmt":"2025-07-19T22:42:55","guid":{"rendered":"https:\/\/autorival.ro\/skoda\/product\/placute-frana-skoda-rapid-nh3-nk3-nk6-1-6-tdi-diesel-115-cai-valeo-598635\/"},"modified":"2025-07-19T22:42:55","modified_gmt":"2025-07-19T22:42:55","slug":"placute-frana-skoda-rapid-nh3-nk3-nk6-1-6-tdi-diesel-115-cai-valeo-598635","status":"publish","type":"product","link":"https:\/\/autorival.ro\/skoda\/produs\/placute-frana-skoda-rapid-nh3-nk3-nk6-1-6-tdi-diesel-115-cai-valeo-598635\/","title":{"rendered":"Placute frana SKODA RAPID (NH3, NK3, NK6) 1.6 TDI diesel 115 cai VALEO 598635"},"content":{"rendered":"<p>Partea de montare: punte fataSistem de fr\u00e2nare: TEVES ->Latime [mm]: 155\u00cenaltime [mm]: 66,1 ->Grosime [mm]: 20,3 ->Latime 2 [mm]: 156\u00cenaltime 2 [mm]: 71,4 ->Grosime 2 [mm]: 20,3Numar WVA: 23587, 23588, 23589, 24078Contact indicator uzura: inclusiv contact avertizare uzuraNum\u0103rul indicatorilor de uzur\u0103 [per ax\u0103]: 1 ->Lungime contact avertizare [mm]: 155Mod de operare: electricArticol completare\/Info suplimentar 2: cu tabla anti scartaitAprobare: ECE-R90 ->Greutate [kg]: 2,25<\/p>\n","protected":false},"excerpt":{"rendered":"<p>Producator: VALEO Cod producator: 598635<\/p>\n","protected":false},"featured_media":366065,"comment_status":"open","ping_status":"closed","template":"","meta":[],"product_brand":[361],"product_cat":[13757],"product_tag":[25622,25608,26592,25607,25586,25594,25636],"class_list":{"0":"post-366064","1":"product","2":"type-product","3":"status-publish","4":"has-post-thumbnail","6":"product_brand-valeo","7":"product_cat-placute-frana-nh3-nk3-nk6-1-6-tdi-diesel-115","8":"product_tag-frana","9":"product_tag-nk","10":"product_tag-placute","11":"product_tag-rapid","12":"product_tag-skoda","13":"product_tag-tdi","14":"product_tag-valeo","16":"first","17":"instock","18":"shipping-taxable","19":"purchasable","20":"product-type-simple"},"yoast_head":"<!-- This site is optimized with the Yoast SEO plugin v27.3 - https:\/\/yoast.com\/product\/yoast-seo-wordpress\/ -->\n<title>Placute frana SKODA RAPID (NH3, NK3, NK6) 1.6 TDI diesel 115 cai VALEO 598635 SKODA | VALEO - Autorival<\/title>\n<meta name=\"description\" content=\"\u26a1 Placute frana SKODA RAPID (NH3, NK3, NK6) 1.6 TDI diesel 115 cai VALEO 598635 pentru SKODA. \u2713 Cod: 598635 \u2713 Brand: VALEO \u2713 \u00cen stoc \u2713 Livrare 24h \u2713 Garan\u021bie!\" \/>\n<meta name=\"robots\" content=\"index, follow, max-snippet:-1, max-image-preview:large, max-video-preview:-1\" \/>\n<meta property=\"og:locale\" content=\"en_US\" \/>\n<meta property=\"og:type\" content=\"article\" \/>\n<meta property=\"og:title\" content=\"Placute frana SKODA RAPID (NH3, NK3, NK6) 1.6 TDI diesel 115 cai VALEO 598635 SKODA | VALEO - Autorival\" \/>\n<meta property=\"og:description\" content=\"\u26a1 Placute frana SKODA RAPID (NH3, NK3, NK6) 1.6 TDI diesel 115 cai VALEO 598635 pentru SKODA. \u2713 Cod: 598635 \u2713 Brand: VALEO \u2713 \u00cen stoc \u2713 Livrare 24h \u2713 Garan\u021bie!\" \/>\n<meta property=\"og:url\" content=\"https:\/\/autorival.ro\/skoda\/produs\/placute-frana-skoda-rapid-nh3-nk3-nk6-1-6-tdi-diesel-115-cai-valeo-598635\/\" \/>\n<meta property=\"og:site_name\" content=\"SKODA\" \/>\n<meta property=\"og:image\" content=\"https:\/\/autorival.ro\/skoda\/wp-content\/uploads\/sites\/10\/2025\/07\/brake_pad_wva23587_598635_050-11.jpg\" \/>\n\t<meta property=\"og:image:width\" content=\"600\" \/>\n\t<meta property=\"og:image:height\" content=\"400\" \/>\n\t<meta property=\"og:image:type\" content=\"image\/jpeg\" \/>\n<meta name=\"twitter:card\" content=\"summary_large_image\" \/>\n<meta name=\"twitter:title\" content=\"Placute frana SKODA RAPID (NH3, NK3, NK6) 1.6 TDI diesel 115 cai VALEO 598635 SKODA | VALEO - Autorival\" \/>\n<meta name=\"twitter:description\" content=\"\u26a1 Placute frana SKODA RAPID (NH3, NK3, NK6) 1.6 TDI diesel 115 cai VALEO 598635 pentru SKODA. \u2713 Cod: 598635 \u2713 Brand: VALEO \u2713 \u00cen stoc \u2713 Livrare 24h \u2713 Garan\u021bie!\" \/>\n<script type=\"application\/ld+json\" class=\"yoast-schema-graph\">{\"@context\":\"https:\\\/\\\/schema.org\",\"@graph\":[{\"@type\":\"WebPage\",\"@id\":\"https:\\\/\\\/autorival.ro\\\/skoda\\\/produs\\\/placute-frana-skoda-rapid-nh3-nk3-nk6-1-6-tdi-diesel-115-cai-valeo-598635\\\/\",\"url\":\"https:\\\/\\\/autorival.ro\\\/skoda\\\/produs\\\/placute-frana-skoda-rapid-nh3-nk3-nk6-1-6-tdi-diesel-115-cai-valeo-598635\\\/\",\"name\":\"Placute frana SKODA RAPID (NH3, NK3, NK6) 1.6 TDI diesel 115 cai VALEO 598635 SKODA | VALEO - Autorival\",\"isPartOf\":{\"@id\":\"https:\\\/\\\/autorival.ro\\\/skoda\\\/#website\"},\"primaryImageOfPage\":{\"@id\":\"https:\\\/\\\/autorival.ro\\\/skoda\\\/produs\\\/placute-frana-skoda-rapid-nh3-nk3-nk6-1-6-tdi-diesel-115-cai-valeo-598635\\\/#primaryimage\"},\"image\":{\"@id\":\"https:\\\/\\\/autorival.ro\\\/skoda\\\/produs\\\/placute-frana-skoda-rapid-nh3-nk3-nk6-1-6-tdi-diesel-115-cai-valeo-598635\\\/#primaryimage\"},\"thumbnailUrl\":\"https:\\\/\\\/autorival.ro\\\/skoda\\\/wp-content\\\/uploads\\\/sites\\\/10\\\/2025\\\/07\\\/brake_pad_wva23587_598635_050-11.jpg\",\"datePublished\":\"2025-07-19T22:42:55+00:00\",\"description\":\"\u26a1 Placute frana SKODA RAPID (NH3, NK3, NK6) 1.6 TDI diesel 115 cai VALEO 598635 pentru SKODA. \u2713 Cod: 598635 \u2713 Brand: VALEO \u2713 \u00cen stoc \u2713 Livrare 24h \u2713 Garan\u021bie!\",\"breadcrumb\":{\"@id\":\"https:\\\/\\\/autorival.ro\\\/skoda\\\/produs\\\/placute-frana-skoda-rapid-nh3-nk3-nk6-1-6-tdi-diesel-115-cai-valeo-598635\\\/#breadcrumb\"},\"inLanguage\":\"en-US\",\"potentialAction\":[{\"@type\":\"ReadAction\",\"target\":[\"https:\\\/\\\/autorival.ro\\\/skoda\\\/produs\\\/placute-frana-skoda-rapid-nh3-nk3-nk6-1-6-tdi-diesel-115-cai-valeo-598635\\\/\"]}]},{\"@type\":\"ImageObject\",\"inLanguage\":\"en-US\",\"@id\":\"https:\\\/\\\/autorival.ro\\\/skoda\\\/produs\\\/placute-frana-skoda-rapid-nh3-nk3-nk6-1-6-tdi-diesel-115-cai-valeo-598635\\\/#primaryimage\",\"url\":\"https:\\\/\\\/autorival.ro\\\/skoda\\\/wp-content\\\/uploads\\\/sites\\\/10\\\/2025\\\/07\\\/brake_pad_wva23587_598635_050-11.jpg\",\"contentUrl\":\"https:\\\/\\\/autorival.ro\\\/skoda\\\/wp-content\\\/uploads\\\/sites\\\/10\\\/2025\\\/07\\\/brake_pad_wva23587_598635_050-11.jpg\",\"width\":600,\"height\":400},{\"@type\":\"BreadcrumbList\",\"@id\":\"https:\\\/\\\/autorival.ro\\\/skoda\\\/produs\\\/placute-frana-skoda-rapid-nh3-nk3-nk6-1-6-tdi-diesel-115-cai-valeo-598635\\\/#breadcrumb\",\"itemListElement\":[{\"@type\":\"ListItem\",\"position\":1,\"name\":\"Prima pagin\u0103\",\"item\":\"https:\\\/\\\/autorival.ro\\\/skoda\\\/\"},{\"@type\":\"ListItem\",\"position\":2,\"name\":\"Piese auto SKODA\",\"item\":\"https:\\\/\\\/autorival.ro\\\/skoda\\\/\"},{\"@type\":\"ListItem\",\"position\":3,\"name\":\"Placute frana SKODA RAPID (NH3, NK3, NK6) 1.6 TDI diesel 115 cai VALEO 598635\"}]},{\"@type\":\"WebSite\",\"@id\":\"https:\\\/\\\/autorival.ro\\\/skoda\\\/#website\",\"url\":\"https:\\\/\\\/autorival.ro\\\/skoda\\\/\",\"name\":\"SKODA\",\"description\":\"\",\"potentialAction\":[{\"@type\":\"SearchAction\",\"target\":{\"@type\":\"EntryPoint\",\"urlTemplate\":\"https:\\\/\\\/autorival.ro\\\/skoda\\\/?s={search_term_string}\"},\"query-input\":{\"@type\":\"PropertyValueSpecification\",\"valueRequired\":true,\"valueName\":\"search_term_string\"}}],\"inLanguage\":\"en-US\"}]}<\/script>\n<!-- \/ Yoast SEO plugin. -->","yoast_head_json":{"title":"Placute frana SKODA RAPID (NH3, NK3, NK6) 1.6 TDI diesel 115 cai VALEO 598635 SKODA | VALEO - Autorival","description":"\u26a1 Placute frana SKODA RAPID (NH3, NK3, NK6) 1.6 TDI diesel 115 cai VALEO 598635 pentru SKODA. \u2713 Cod: 598635 \u2713 Brand: VALEO \u2713 \u00cen stoc \u2713 Livrare 24h \u2713 Garan\u021bie!","robots":{"index":"index","follow":"follow","max-snippet":"max-snippet:-1","max-image-preview":"max-image-preview:large","max-video-preview":"max-video-preview:-1"},"og_locale":"en_US","og_type":"article","og_title":"Placute frana SKODA RAPID (NH3, NK3, NK6) 1.6 TDI diesel 115 cai VALEO 598635 SKODA | VALEO - Autorival","og_description":"\u26a1 Placute frana SKODA RAPID (NH3, NK3, NK6) 1.6 TDI diesel 115 cai VALEO 598635 pentru SKODA. \u2713 Cod: 598635 \u2713 Brand: VALEO \u2713 \u00cen stoc \u2713 Livrare 24h \u2713 Garan\u021bie!","og_url":"https:\/\/autorival.ro\/skoda\/produs\/placute-frana-skoda-rapid-nh3-nk3-nk6-1-6-tdi-diesel-115-cai-valeo-598635\/","og_site_name":"SKODA","og_image":[{"width":600,"height":400,"url":"https:\/\/autorival.ro\/skoda\/wp-content\/uploads\/sites\/10\/2025\/07\/brake_pad_wva23587_598635_050-11.jpg","type":"image\/jpeg"}],"twitter_card":"summary_large_image","twitter_title":"Placute frana SKODA RAPID (NH3, NK3, NK6) 1.6 TDI diesel 115 cai VALEO 598635 SKODA | VALEO - Autorival","twitter_description":"\u26a1 Placute frana SKODA RAPID (NH3, NK3, NK6) 1.6 TDI diesel 115 cai VALEO 598635 pentru SKODA. \u2713 Cod: 598635 \u2713 Brand: VALEO \u2713 \u00cen stoc \u2713 Livrare 24h \u2713 Garan\u021bie!","schema":{"@context":"https:\/\/schema.org","@graph":[{"@type":"WebPage","@id":"https:\/\/autorival.ro\/skoda\/produs\/placute-frana-skoda-rapid-nh3-nk3-nk6-1-6-tdi-diesel-115-cai-valeo-598635\/","url":"https:\/\/autorival.ro\/skoda\/produs\/placute-frana-skoda-rapid-nh3-nk3-nk6-1-6-tdi-diesel-115-cai-valeo-598635\/","name":"Placute frana SKODA RAPID (NH3, NK3, NK6) 1.6 TDI diesel 115 cai VALEO 598635 SKODA | VALEO - Autorival","isPartOf":{"@id":"https:\/\/autorival.ro\/skoda\/#website"},"primaryImageOfPage":{"@id":"https:\/\/autorival.ro\/skoda\/produs\/placute-frana-skoda-rapid-nh3-nk3-nk6-1-6-tdi-diesel-115-cai-valeo-598635\/#primaryimage"},"image":{"@id":"https:\/\/autorival.ro\/skoda\/produs\/placute-frana-skoda-rapid-nh3-nk3-nk6-1-6-tdi-diesel-115-cai-valeo-598635\/#primaryimage"},"thumbnailUrl":"https:\/\/autorival.ro\/skoda\/wp-content\/uploads\/sites\/10\/2025\/07\/brake_pad_wva23587_598635_050-11.jpg","datePublished":"2025-07-19T22:42:55+00:00","description":"\u26a1 Placute frana SKODA RAPID (NH3, NK3, NK6) 1.6 TDI diesel 115 cai VALEO 598635 pentru SKODA. \u2713 Cod: 598635 \u2713 Brand: VALEO \u2713 \u00cen stoc \u2713 Livrare 24h \u2713 Garan\u021bie!","breadcrumb":{"@id":"https:\/\/autorival.ro\/skoda\/produs\/placute-frana-skoda-rapid-nh3-nk3-nk6-1-6-tdi-diesel-115-cai-valeo-598635\/#breadcrumb"},"inLanguage":"en-US","potentialAction":[{"@type":"ReadAction","target":["https:\/\/autorival.ro\/skoda\/produs\/placute-frana-skoda-rapid-nh3-nk3-nk6-1-6-tdi-diesel-115-cai-valeo-598635\/"]}]},{"@type":"ImageObject","inLanguage":"en-US","@id":"https:\/\/autorival.ro\/skoda\/produs\/placute-frana-skoda-rapid-nh3-nk3-nk6-1-6-tdi-diesel-115-cai-valeo-598635\/#primaryimage","url":"https:\/\/autorival.ro\/skoda\/wp-content\/uploads\/sites\/10\/2025\/07\/brake_pad_wva23587_598635_050-11.jpg","contentUrl":"https:\/\/autorival.ro\/skoda\/wp-content\/uploads\/sites\/10\/2025\/07\/brake_pad_wva23587_598635_050-11.jpg","width":600,"height":400},{"@type":"BreadcrumbList","@id":"https:\/\/autorival.ro\/skoda\/produs\/placute-frana-skoda-rapid-nh3-nk3-nk6-1-6-tdi-diesel-115-cai-valeo-598635\/#breadcrumb","itemListElement":[{"@type":"ListItem","position":1,"name":"Prima pagin\u0103","item":"https:\/\/autorival.ro\/skoda\/"},{"@type":"ListItem","position":2,"name":"Piese auto SKODA","item":"https:\/\/autorival.ro\/skoda\/"},{"@type":"ListItem","position":3,"name":"Placute frana SKODA RAPID (NH3, NK3, NK6) 1.6 TDI diesel 115 cai VALEO 598635"}]},{"@type":"WebSite","@id":"https:\/\/autorival.ro\/skoda\/#website","url":"https:\/\/autorival.ro\/skoda\/","name":"SKODA","description":"","potentialAction":[{"@type":"SearchAction","target":{"@type":"EntryPoint","urlTemplate":"https:\/\/autorival.ro\/skoda\/?s={search_term_string}"},"query-input":{"@type":"PropertyValueSpecification","valueRequired":true,"valueName":"search_term_string"}}],"inLanguage":"en-US"}]}},"_links":{"self":[{"href":"https:\/\/autorival.ro\/skoda\/wp-json\/wp\/v2\/product\/366064","targetHints":{"allow":["GET"]}}],"collection":[{"href":"https:\/\/autorival.ro\/skoda\/wp-json\/wp\/v2\/product"}],"about":[{"href":"https:\/\/autorival.ro\/skoda\/wp-json\/wp\/v2\/types\/product"}],"replies":[{"embeddable":true,"href":"https:\/\/autorival.ro\/skoda\/wp-json\/wp\/v2\/comments?post=366064"}],"wp:featuredmedia":[{"embeddable":true,"href":"https:\/\/autorival.ro\/skoda\/wp-json\/wp\/v2\/media\/366065"}],"wp:attachment":[{"href":"https:\/\/autorival.ro\/skoda\/wp-json\/wp\/v2\/media?parent=366064"}],"wp:term":[{"taxonomy":"product_brand","embeddable":true,"href":"https:\/\/autorival.ro\/skoda\/wp-json\/wp\/v2\/product_brand?post=366064"},{"taxonomy":"product_cat","embeddable":true,"href":"https:\/\/autorival.ro\/skoda\/wp-json\/wp\/v2\/product_cat?post=366064"},{"taxonomy":"product_tag","embeddable":true,"href":"https:\/\/autorival.ro\/skoda\/wp-json\/wp\/v2\/product_tag?post=366064"}],"curies":[{"name":"wp","href":"https:\/\/api.w.org\/{rel}","templated":true}]}}