{"id":330570,"date":"2025-07-19T10:49:10","date_gmt":"2025-07-19T10:49:10","guid":{"rendered":"https:\/\/autorival.ro\/skoda\/product\/maneta-de-comanda-transmisie-automata-skoda-karoq-nu7-nd7-2-0-tdi-4x4-diesel-190-cai-topran-116-368\/"},"modified":"2025-07-19T10:49:10","modified_gmt":"2025-07-19T10:49:10","slug":"maneta-de-comanda-transmisie-automata-skoda-karoq-nu7-nd7-2-0-tdi-4x4-diesel-190-cai-topran-116-368","status":"publish","type":"product","link":"https:\/\/autorival.ro\/skoda\/produs\/maneta-de-comanda-transmisie-automata-skoda-karoq-nu7-nd7-2-0-tdi-4x4-diesel-190-cai-topran-116-368\/","title":{"rendered":"Maneta de comanda transmisie automata SKODA KAROQ (NU7, ND7) 2.0 TDI 4&#215;4 diesel 190 cai TOPRAN 116 368"},"content":{"rendered":"<p>pentru num\u0103r PR combinat: 0ER+G1APartea de montare: la carcasa transmisiei, deasupraNum\u0103rul conexiunilor cu muf\u0103: 9Forma carcasa stecher: Forma de DTip carcasa: Carcasa aluminiuNum\u0103rul punctelor de fixare: 2Tip cutie viteza: pentru cutie automata, nepotrivit pentru transmisie cu dublu ambreiaj<\/p>\n","protected":false},"excerpt":{"rendered":"<p>Producator: TOPRAN Cod producator: 116 368<\/p>\n","protected":false},"featured_media":330571,"comment_status":"open","ping_status":"closed","template":"","meta":[],"product_brand":[243],"product_cat":[12164],"product_tag":[26550,25605,26479,25606,25586,25594,25619,26021],"class_list":{"0":"post-330570","1":"product","2":"type-product","3":"status-publish","4":"has-post-thumbnail","6":"product_brand-topran","7":"product_cat-maneta-de-comanda-transmisie-automata-nu7-nd7-2-0-tdi-4x4-diesel-190","8":"product_tag-comanda","9":"product_tag-karoq","10":"product_tag-maneta","11":"product_tag-nd","12":"product_tag-skoda","13":"product_tag-tdi","14":"product_tag-topran","15":"product_tag-transmisie","17":"first","18":"instock","19":"shipping-taxable","20":"purchasable","21":"product-type-simple"},"yoast_head":"<!-- This site is optimized with the Yoast SEO plugin v27.3 - https:\/\/yoast.com\/product\/yoast-seo-wordpress\/ -->\n<title>Maneta de comanda transmisie automata SKODA KAROQ (NU7, ND7) 2.0 TDI 4&#215;4 diesel 190 cai TOPRAN 116 368 SKODA | TOPRAN - Autorival<\/title>\n<meta name=\"description\" content=\"\u26a1 Maneta de comanda transmisie automata SKODA KAROQ (NU7, ND7) 2.0 TDI 4&#215;4 diesel 190 cai TOPRAN 116 368 pentru SKODA. \u2713 Cod: 116 \u2713 Brand: TOPRAN \u2713 \u00cen stoc \u2713 Livrare 24h \u2713 Garan\u021bie!\" \/>\n<meta name=\"robots\" content=\"index, follow, max-snippet:-1, max-image-preview:large, max-video-preview:-1\" \/>\n<meta property=\"og:locale\" content=\"en_US\" \/>\n<meta property=\"og:type\" content=\"article\" \/>\n<meta property=\"og:title\" content=\"Maneta de comanda transmisie automata SKODA KAROQ (NU7, ND7) 2.0 TDI 4&#215;4 diesel 190 cai TOPRAN 116 368 SKODA | TOPRAN - Autorival\" \/>\n<meta property=\"og:description\" content=\"\u26a1 Maneta de comanda transmisie automata SKODA KAROQ (NU7, ND7) 2.0 TDI 4&#215;4 diesel 190 cai TOPRAN 116 368 pentru SKODA. \u2713 Cod: 116 \u2713 Brand: TOPRAN \u2713 \u00cen stoc \u2713 Livrare 24h \u2713 Garan\u021bie!\" \/>\n<meta property=\"og:url\" content=\"https:\/\/autorival.ro\/skoda\/produs\/maneta-de-comanda-transmisie-automata-skoda-karoq-nu7-nd7-2-0-tdi-4x4-diesel-190-cai-topran-116-368\/\" \/>\n<meta property=\"og:site_name\" content=\"SKODA\" \/>\n<meta property=\"og:image\" content=\"https:\/\/autorival.ro\/skoda\/wp-content\/uploads\/sites\/10\/2025\/07\/191207-7.jpg\" \/>\n\t<meta property=\"og:image:width\" content=\"2000\" \/>\n\t<meta property=\"og:image:height\" content=\"1333\" \/>\n\t<meta property=\"og:image:type\" content=\"image\/jpeg\" \/>\n<meta name=\"twitter:card\" content=\"summary_large_image\" \/>\n<meta name=\"twitter:title\" content=\"Maneta de comanda transmisie automata SKODA KAROQ (NU7, ND7) 2.0 TDI 4&#215;4 diesel 190 cai TOPRAN 116 368 SKODA | TOPRAN - Autorival\" \/>\n<meta name=\"twitter:description\" content=\"\u26a1 Maneta de comanda transmisie automata SKODA KAROQ (NU7, ND7) 2.0 TDI 4&#215;4 diesel 190 cai TOPRAN 116 368 pentru SKODA. \u2713 Cod: 116 \u2713 Brand: TOPRAN \u2713 \u00cen stoc \u2713 Livrare 24h \u2713 Garan\u021bie!\" \/>\n<script type=\"application\/ld+json\" class=\"yoast-schema-graph\">{\"@context\":\"https:\\\/\\\/schema.org\",\"@graph\":[{\"@type\":\"WebPage\",\"@id\":\"https:\\\/\\\/autorival.ro\\\/skoda\\\/produs\\\/maneta-de-comanda-transmisie-automata-skoda-karoq-nu7-nd7-2-0-tdi-4x4-diesel-190-cai-topran-116-368\\\/\",\"url\":\"https:\\\/\\\/autorival.ro\\\/skoda\\\/produs\\\/maneta-de-comanda-transmisie-automata-skoda-karoq-nu7-nd7-2-0-tdi-4x4-diesel-190-cai-topran-116-368\\\/\",\"name\":\"Maneta de comanda transmisie automata SKODA KAROQ (NU7, ND7) 2.0 TDI 4&#215;4 diesel 190 cai TOPRAN 116 368 SKODA | TOPRAN - Autorival\",\"isPartOf\":{\"@id\":\"https:\\\/\\\/autorival.ro\\\/skoda\\\/#website\"},\"primaryImageOfPage\":{\"@id\":\"https:\\\/\\\/autorival.ro\\\/skoda\\\/produs\\\/maneta-de-comanda-transmisie-automata-skoda-karoq-nu7-nd7-2-0-tdi-4x4-diesel-190-cai-topran-116-368\\\/#primaryimage\"},\"image\":{\"@id\":\"https:\\\/\\\/autorival.ro\\\/skoda\\\/produs\\\/maneta-de-comanda-transmisie-automata-skoda-karoq-nu7-nd7-2-0-tdi-4x4-diesel-190-cai-topran-116-368\\\/#primaryimage\"},\"thumbnailUrl\":\"https:\\\/\\\/autorival.ro\\\/skoda\\\/wp-content\\\/uploads\\\/sites\\\/10\\\/2025\\\/07\\\/191207-7.jpg\",\"datePublished\":\"2025-07-19T10:49:10+00:00\",\"description\":\"\u26a1 Maneta de comanda transmisie automata SKODA KAROQ (NU7, ND7) 2.0 TDI 4&#215;4 diesel 190 cai TOPRAN 116 368 pentru SKODA. \u2713 Cod: 116 \u2713 Brand: TOPRAN \u2713 \u00cen stoc \u2713 Livrare 24h \u2713 Garan\u021bie!\",\"breadcrumb\":{\"@id\":\"https:\\\/\\\/autorival.ro\\\/skoda\\\/produs\\\/maneta-de-comanda-transmisie-automata-skoda-karoq-nu7-nd7-2-0-tdi-4x4-diesel-190-cai-topran-116-368\\\/#breadcrumb\"},\"inLanguage\":\"en-US\",\"potentialAction\":[{\"@type\":\"ReadAction\",\"target\":[\"https:\\\/\\\/autorival.ro\\\/skoda\\\/produs\\\/maneta-de-comanda-transmisie-automata-skoda-karoq-nu7-nd7-2-0-tdi-4x4-diesel-190-cai-topran-116-368\\\/\"]}]},{\"@type\":\"ImageObject\",\"inLanguage\":\"en-US\",\"@id\":\"https:\\\/\\\/autorival.ro\\\/skoda\\\/produs\\\/maneta-de-comanda-transmisie-automata-skoda-karoq-nu7-nd7-2-0-tdi-4x4-diesel-190-cai-topran-116-368\\\/#primaryimage\",\"url\":\"https:\\\/\\\/autorival.ro\\\/skoda\\\/wp-content\\\/uploads\\\/sites\\\/10\\\/2025\\\/07\\\/191207-7.jpg\",\"contentUrl\":\"https:\\\/\\\/autorival.ro\\\/skoda\\\/wp-content\\\/uploads\\\/sites\\\/10\\\/2025\\\/07\\\/191207-7.jpg\",\"width\":2000,\"height\":1333},{\"@type\":\"BreadcrumbList\",\"@id\":\"https:\\\/\\\/autorival.ro\\\/skoda\\\/produs\\\/maneta-de-comanda-transmisie-automata-skoda-karoq-nu7-nd7-2-0-tdi-4x4-diesel-190-cai-topran-116-368\\\/#breadcrumb\",\"itemListElement\":[{\"@type\":\"ListItem\",\"position\":1,\"name\":\"Prima pagin\u0103\",\"item\":\"https:\\\/\\\/autorival.ro\\\/skoda\\\/\"},{\"@type\":\"ListItem\",\"position\":2,\"name\":\"Piese auto SKODA\",\"item\":\"https:\\\/\\\/autorival.ro\\\/skoda\\\/\"},{\"@type\":\"ListItem\",\"position\":3,\"name\":\"Maneta de comanda transmisie automata SKODA KAROQ (NU7, ND7) 2.0 TDI 4&#215;4 diesel 190 cai TOPRAN 116 368\"}]},{\"@type\":\"WebSite\",\"@id\":\"https:\\\/\\\/autorival.ro\\\/skoda\\\/#website\",\"url\":\"https:\\\/\\\/autorival.ro\\\/skoda\\\/\",\"name\":\"SKODA\",\"description\":\"\",\"potentialAction\":[{\"@type\":\"SearchAction\",\"target\":{\"@type\":\"EntryPoint\",\"urlTemplate\":\"https:\\\/\\\/autorival.ro\\\/skoda\\\/?s={search_term_string}\"},\"query-input\":{\"@type\":\"PropertyValueSpecification\",\"valueRequired\":true,\"valueName\":\"search_term_string\"}}],\"inLanguage\":\"en-US\"}]}<\/script>\n<!-- \/ Yoast SEO plugin. -->","yoast_head_json":{"title":"Maneta de comanda transmisie automata SKODA KAROQ (NU7, ND7) 2.0 TDI 4&#215;4 diesel 190 cai TOPRAN 116 368 SKODA | TOPRAN - Autorival","description":"\u26a1 Maneta de comanda transmisie automata SKODA KAROQ (NU7, ND7) 2.0 TDI 4&#215;4 diesel 190 cai TOPRAN 116 368 pentru SKODA. \u2713 Cod: 116 \u2713 Brand: TOPRAN \u2713 \u00cen stoc \u2713 Livrare 24h \u2713 Garan\u021bie!","robots":{"index":"index","follow":"follow","max-snippet":"max-snippet:-1","max-image-preview":"max-image-preview:large","max-video-preview":"max-video-preview:-1"},"og_locale":"en_US","og_type":"article","og_title":"Maneta de comanda transmisie automata SKODA KAROQ (NU7, ND7) 2.0 TDI 4&#215;4 diesel 190 cai TOPRAN 116 368 SKODA | TOPRAN - Autorival","og_description":"\u26a1 Maneta de comanda transmisie automata SKODA KAROQ (NU7, ND7) 2.0 TDI 4&#215;4 diesel 190 cai TOPRAN 116 368 pentru SKODA. \u2713 Cod: 116 \u2713 Brand: TOPRAN \u2713 \u00cen stoc \u2713 Livrare 24h \u2713 Garan\u021bie!","og_url":"https:\/\/autorival.ro\/skoda\/produs\/maneta-de-comanda-transmisie-automata-skoda-karoq-nu7-nd7-2-0-tdi-4x4-diesel-190-cai-topran-116-368\/","og_site_name":"SKODA","og_image":[{"width":2000,"height":1333,"url":"https:\/\/autorival.ro\/skoda\/wp-content\/uploads\/sites\/10\/2025\/07\/191207-7.jpg","type":"image\/jpeg"}],"twitter_card":"summary_large_image","twitter_title":"Maneta de comanda transmisie automata SKODA KAROQ (NU7, ND7) 2.0 TDI 4&#215;4 diesel 190 cai TOPRAN 116 368 SKODA | TOPRAN - Autorival","twitter_description":"\u26a1 Maneta de comanda transmisie automata SKODA KAROQ (NU7, ND7) 2.0 TDI 4&#215;4 diesel 190 cai TOPRAN 116 368 pentru SKODA. \u2713 Cod: 116 \u2713 Brand: TOPRAN \u2713 \u00cen stoc \u2713 Livrare 24h \u2713 Garan\u021bie!","schema":{"@context":"https:\/\/schema.org","@graph":[{"@type":"WebPage","@id":"https:\/\/autorival.ro\/skoda\/produs\/maneta-de-comanda-transmisie-automata-skoda-karoq-nu7-nd7-2-0-tdi-4x4-diesel-190-cai-topran-116-368\/","url":"https:\/\/autorival.ro\/skoda\/produs\/maneta-de-comanda-transmisie-automata-skoda-karoq-nu7-nd7-2-0-tdi-4x4-diesel-190-cai-topran-116-368\/","name":"Maneta de comanda transmisie automata SKODA KAROQ (NU7, ND7) 2.0 TDI 4&#215;4 diesel 190 cai TOPRAN 116 368 SKODA | TOPRAN - Autorival","isPartOf":{"@id":"https:\/\/autorival.ro\/skoda\/#website"},"primaryImageOfPage":{"@id":"https:\/\/autorival.ro\/skoda\/produs\/maneta-de-comanda-transmisie-automata-skoda-karoq-nu7-nd7-2-0-tdi-4x4-diesel-190-cai-topran-116-368\/#primaryimage"},"image":{"@id":"https:\/\/autorival.ro\/skoda\/produs\/maneta-de-comanda-transmisie-automata-skoda-karoq-nu7-nd7-2-0-tdi-4x4-diesel-190-cai-topran-116-368\/#primaryimage"},"thumbnailUrl":"https:\/\/autorival.ro\/skoda\/wp-content\/uploads\/sites\/10\/2025\/07\/191207-7.jpg","datePublished":"2025-07-19T10:49:10+00:00","description":"\u26a1 Maneta de comanda transmisie automata SKODA KAROQ (NU7, ND7) 2.0 TDI 4&#215;4 diesel 190 cai TOPRAN 116 368 pentru SKODA. \u2713 Cod: 116 \u2713 Brand: TOPRAN \u2713 \u00cen stoc \u2713 Livrare 24h \u2713 Garan\u021bie!","breadcrumb":{"@id":"https:\/\/autorival.ro\/skoda\/produs\/maneta-de-comanda-transmisie-automata-skoda-karoq-nu7-nd7-2-0-tdi-4x4-diesel-190-cai-topran-116-368\/#breadcrumb"},"inLanguage":"en-US","potentialAction":[{"@type":"ReadAction","target":["https:\/\/autorival.ro\/skoda\/produs\/maneta-de-comanda-transmisie-automata-skoda-karoq-nu7-nd7-2-0-tdi-4x4-diesel-190-cai-topran-116-368\/"]}]},{"@type":"ImageObject","inLanguage":"en-US","@id":"https:\/\/autorival.ro\/skoda\/produs\/maneta-de-comanda-transmisie-automata-skoda-karoq-nu7-nd7-2-0-tdi-4x4-diesel-190-cai-topran-116-368\/#primaryimage","url":"https:\/\/autorival.ro\/skoda\/wp-content\/uploads\/sites\/10\/2025\/07\/191207-7.jpg","contentUrl":"https:\/\/autorival.ro\/skoda\/wp-content\/uploads\/sites\/10\/2025\/07\/191207-7.jpg","width":2000,"height":1333},{"@type":"BreadcrumbList","@id":"https:\/\/autorival.ro\/skoda\/produs\/maneta-de-comanda-transmisie-automata-skoda-karoq-nu7-nd7-2-0-tdi-4x4-diesel-190-cai-topran-116-368\/#breadcrumb","itemListElement":[{"@type":"ListItem","position":1,"name":"Prima pagin\u0103","item":"https:\/\/autorival.ro\/skoda\/"},{"@type":"ListItem","position":2,"name":"Piese auto SKODA","item":"https:\/\/autorival.ro\/skoda\/"},{"@type":"ListItem","position":3,"name":"Maneta de comanda transmisie automata SKODA KAROQ (NU7, ND7) 2.0 TDI 4&#215;4 diesel 190 cai TOPRAN 116 368"}]},{"@type":"WebSite","@id":"https:\/\/autorival.ro\/skoda\/#website","url":"https:\/\/autorival.ro\/skoda\/","name":"SKODA","description":"","potentialAction":[{"@type":"SearchAction","target":{"@type":"EntryPoint","urlTemplate":"https:\/\/autorival.ro\/skoda\/?s={search_term_string}"},"query-input":{"@type":"PropertyValueSpecification","valueRequired":true,"valueName":"search_term_string"}}],"inLanguage":"en-US"}]}},"_links":{"self":[{"href":"https:\/\/autorival.ro\/skoda\/wp-json\/wp\/v2\/product\/330570","targetHints":{"allow":["GET"]}}],"collection":[{"href":"https:\/\/autorival.ro\/skoda\/wp-json\/wp\/v2\/product"}],"about":[{"href":"https:\/\/autorival.ro\/skoda\/wp-json\/wp\/v2\/types\/product"}],"replies":[{"embeddable":true,"href":"https:\/\/autorival.ro\/skoda\/wp-json\/wp\/v2\/comments?post=330570"}],"wp:featuredmedia":[{"embeddable":true,"href":"https:\/\/autorival.ro\/skoda\/wp-json\/wp\/v2\/media\/330571"}],"wp:attachment":[{"href":"https:\/\/autorival.ro\/skoda\/wp-json\/wp\/v2\/media?parent=330570"}],"wp:term":[{"taxonomy":"product_brand","embeddable":true,"href":"https:\/\/autorival.ro\/skoda\/wp-json\/wp\/v2\/product_brand?post=330570"},{"taxonomy":"product_cat","embeddable":true,"href":"https:\/\/autorival.ro\/skoda\/wp-json\/wp\/v2\/product_cat?post=330570"},{"taxonomy":"product_tag","embeddable":true,"href":"https:\/\/autorival.ro\/skoda\/wp-json\/wp\/v2\/product_tag?post=330570"}],"curies":[{"name":"wp","href":"https:\/\/api.w.org\/{rel}","templated":true}]}}