{"id":311102,"date":"2025-07-19T04:49:20","date_gmt":"2025-07-19T04:49:20","guid":{"rendered":"https:\/\/autorival.ro\/skoda\/product\/kit-ambreiaj-skoda-yeti-5l-2-0-tdi-diesel-150-cai-valeo-826731\/"},"modified":"2025-07-19T04:49:20","modified_gmt":"2025-07-19T04:49:20","slug":"kit-ambreiaj-skoda-yeti-5l-2-0-tdi-diesel-150-cai-valeo-826731","status":"publish","type":"product","link":"https:\/\/autorival.ro\/skoda\/produs\/kit-ambreiaj-skoda-yeti-5l-2-0-tdi-diesel-150-cai-valeo-826731\/","title":{"rendered":"Kit ambreiaj SKODA YETI (5L) 2.0 TDI diesel 150 cai VALEO 826731"},"content":{"rendered":"<p>Cod motor: CUUB, DFSBTip cutie viteza: QFZTip cutie viteza: cv. manuala, 6 vitezeSepararea blocurilorPiesa noua ->Diametru exterior plac\u0103 de presiune ambreiaj [mm]: 240For\u021b\u0103 de pretensionare [N]: 7200Numar dinti: 23Profil butuc roata: 24,2 x 21,8Articol extins\/Informatii de extindere: fara rulment presiuneAmbreiaj: pentru autovehicule cu ambreiaj pneumaticpentru producator volante: LUKArticol completare\/Info suplimentar 2: Pentru montaj necesit\u0103 scul\u0103 special\u0103 ->Greutate [kg]: 5,52<\/p>\n","protected":false},"excerpt":{"rendered":"<p>Producator: VALEO Cod producator: 826731<\/p>\n","protected":false},"featured_media":311103,"comment_status":"open","ping_status":"closed","template":"","meta":[],"product_brand":[361],"product_cat":[11369],"product_tag":[25783,26500,25586,25594,25636,25596],"class_list":{"0":"post-311102","1":"product","2":"type-product","3":"status-publish","4":"has-post-thumbnail","6":"product_brand-valeo","7":"product_cat-kit-ambreiaj-5l-2-0-tdi-diesel-150","8":"product_tag-ambreiaj","9":"product_tag-kit","10":"product_tag-skoda","11":"product_tag-tdi","12":"product_tag-valeo","13":"product_tag-yeti","15":"first","16":"instock","17":"shipping-taxable","18":"purchasable","19":"product-type-simple"},"yoast_head":"<!-- This site is optimized with the Yoast SEO plugin v27.3 - https:\/\/yoast.com\/product\/yoast-seo-wordpress\/ -->\n<title>Kit ambreiaj SKODA YETI (5L) 2.0 TDI diesel 150 cai VALEO 826731 SKODA | VALEO - Autorival<\/title>\n<meta name=\"description\" content=\"\u26a1 Kit ambreiaj SKODA YETI (5L) 2.0 TDI diesel 150 cai VALEO 826731 pentru SKODA. \u2713 Cod: 826731 \u2713 Brand: VALEO \u2713 \u00cen stoc \u2713 Livrare 24h \u2713 Garan\u021bie!\" \/>\n<meta name=\"robots\" content=\"index, follow, max-snippet:-1, max-image-preview:large, max-video-preview:-1\" \/>\n<meta property=\"og:locale\" content=\"en_US\" \/>\n<meta property=\"og:type\" content=\"article\" \/>\n<meta property=\"og:title\" content=\"Kit ambreiaj SKODA YETI (5L) 2.0 TDI diesel 150 cai VALEO 826731 SKODA | VALEO - Autorival\" \/>\n<meta property=\"og:description\" content=\"\u26a1 Kit ambreiaj SKODA YETI (5L) 2.0 TDI diesel 150 cai VALEO 826731 pentru SKODA. \u2713 Cod: 826731 \u2713 Brand: VALEO \u2713 \u00cen stoc \u2713 Livrare 24h \u2713 Garan\u021bie!\" \/>\n<meta property=\"og:url\" content=\"https:\/\/autorival.ro\/skoda\/produs\/kit-ambreiaj-skoda-yeti-5l-2-0-tdi-diesel-150-cai-valeo-826731\/\" \/>\n<meta property=\"og:site_name\" content=\"SKODA\" \/>\n<meta property=\"og:image\" content=\"https:\/\/autorival.ro\/skoda\/wp-content\/uploads\/sites\/10\/2025\/07\/kit2p-17.jpg\" \/>\n\t<meta property=\"og:image:width\" content=\"1200\" \/>\n\t<meta property=\"og:image:height\" content=\"857\" \/>\n\t<meta property=\"og:image:type\" content=\"image\/jpeg\" \/>\n<meta name=\"twitter:card\" content=\"summary_large_image\" \/>\n<meta name=\"twitter:title\" content=\"Kit ambreiaj SKODA YETI (5L) 2.0 TDI diesel 150 cai VALEO 826731 SKODA | VALEO - Autorival\" \/>\n<meta name=\"twitter:description\" content=\"\u26a1 Kit ambreiaj SKODA YETI (5L) 2.0 TDI diesel 150 cai VALEO 826731 pentru SKODA. \u2713 Cod: 826731 \u2713 Brand: VALEO \u2713 \u00cen stoc \u2713 Livrare 24h \u2713 Garan\u021bie!\" \/>\n<script type=\"application\/ld+json\" class=\"yoast-schema-graph\">{\"@context\":\"https:\\\/\\\/schema.org\",\"@graph\":[{\"@type\":\"WebPage\",\"@id\":\"https:\\\/\\\/autorival.ro\\\/skoda\\\/produs\\\/kit-ambreiaj-skoda-yeti-5l-2-0-tdi-diesel-150-cai-valeo-826731\\\/\",\"url\":\"https:\\\/\\\/autorival.ro\\\/skoda\\\/produs\\\/kit-ambreiaj-skoda-yeti-5l-2-0-tdi-diesel-150-cai-valeo-826731\\\/\",\"name\":\"Kit ambreiaj SKODA YETI (5L) 2.0 TDI diesel 150 cai VALEO 826731 SKODA | VALEO - Autorival\",\"isPartOf\":{\"@id\":\"https:\\\/\\\/autorival.ro\\\/skoda\\\/#website\"},\"primaryImageOfPage\":{\"@id\":\"https:\\\/\\\/autorival.ro\\\/skoda\\\/produs\\\/kit-ambreiaj-skoda-yeti-5l-2-0-tdi-diesel-150-cai-valeo-826731\\\/#primaryimage\"},\"image\":{\"@id\":\"https:\\\/\\\/autorival.ro\\\/skoda\\\/produs\\\/kit-ambreiaj-skoda-yeti-5l-2-0-tdi-diesel-150-cai-valeo-826731\\\/#primaryimage\"},\"thumbnailUrl\":\"https:\\\/\\\/autorival.ro\\\/skoda\\\/wp-content\\\/uploads\\\/sites\\\/10\\\/2025\\\/07\\\/kit2p-17.jpg\",\"datePublished\":\"2025-07-19T04:49:20+00:00\",\"description\":\"\u26a1 Kit ambreiaj SKODA YETI (5L) 2.0 TDI diesel 150 cai VALEO 826731 pentru SKODA. \u2713 Cod: 826731 \u2713 Brand: VALEO \u2713 \u00cen stoc \u2713 Livrare 24h \u2713 Garan\u021bie!\",\"breadcrumb\":{\"@id\":\"https:\\\/\\\/autorival.ro\\\/skoda\\\/produs\\\/kit-ambreiaj-skoda-yeti-5l-2-0-tdi-diesel-150-cai-valeo-826731\\\/#breadcrumb\"},\"inLanguage\":\"en-US\",\"potentialAction\":[{\"@type\":\"ReadAction\",\"target\":[\"https:\\\/\\\/autorival.ro\\\/skoda\\\/produs\\\/kit-ambreiaj-skoda-yeti-5l-2-0-tdi-diesel-150-cai-valeo-826731\\\/\"]}]},{\"@type\":\"ImageObject\",\"inLanguage\":\"en-US\",\"@id\":\"https:\\\/\\\/autorival.ro\\\/skoda\\\/produs\\\/kit-ambreiaj-skoda-yeti-5l-2-0-tdi-diesel-150-cai-valeo-826731\\\/#primaryimage\",\"url\":\"https:\\\/\\\/autorival.ro\\\/skoda\\\/wp-content\\\/uploads\\\/sites\\\/10\\\/2025\\\/07\\\/kit2p-17.jpg\",\"contentUrl\":\"https:\\\/\\\/autorival.ro\\\/skoda\\\/wp-content\\\/uploads\\\/sites\\\/10\\\/2025\\\/07\\\/kit2p-17.jpg\",\"width\":1200,\"height\":857},{\"@type\":\"BreadcrumbList\",\"@id\":\"https:\\\/\\\/autorival.ro\\\/skoda\\\/produs\\\/kit-ambreiaj-skoda-yeti-5l-2-0-tdi-diesel-150-cai-valeo-826731\\\/#breadcrumb\",\"itemListElement\":[{\"@type\":\"ListItem\",\"position\":1,\"name\":\"Prima pagin\u0103\",\"item\":\"https:\\\/\\\/autorival.ro\\\/skoda\\\/\"},{\"@type\":\"ListItem\",\"position\":2,\"name\":\"Piese auto SKODA\",\"item\":\"https:\\\/\\\/autorival.ro\\\/skoda\\\/\"},{\"@type\":\"ListItem\",\"position\":3,\"name\":\"Kit ambreiaj SKODA YETI (5L) 2.0 TDI diesel 150 cai VALEO 826731\"}]},{\"@type\":\"WebSite\",\"@id\":\"https:\\\/\\\/autorival.ro\\\/skoda\\\/#website\",\"url\":\"https:\\\/\\\/autorival.ro\\\/skoda\\\/\",\"name\":\"SKODA\",\"description\":\"\",\"potentialAction\":[{\"@type\":\"SearchAction\",\"target\":{\"@type\":\"EntryPoint\",\"urlTemplate\":\"https:\\\/\\\/autorival.ro\\\/skoda\\\/?s={search_term_string}\"},\"query-input\":{\"@type\":\"PropertyValueSpecification\",\"valueRequired\":true,\"valueName\":\"search_term_string\"}}],\"inLanguage\":\"en-US\"}]}<\/script>\n<!-- \/ Yoast SEO plugin. -->","yoast_head_json":{"title":"Kit ambreiaj SKODA YETI (5L) 2.0 TDI diesel 150 cai VALEO 826731 SKODA | VALEO - Autorival","description":"\u26a1 Kit ambreiaj SKODA YETI (5L) 2.0 TDI diesel 150 cai VALEO 826731 pentru SKODA. \u2713 Cod: 826731 \u2713 Brand: VALEO \u2713 \u00cen stoc \u2713 Livrare 24h \u2713 Garan\u021bie!","robots":{"index":"index","follow":"follow","max-snippet":"max-snippet:-1","max-image-preview":"max-image-preview:large","max-video-preview":"max-video-preview:-1"},"og_locale":"en_US","og_type":"article","og_title":"Kit ambreiaj SKODA YETI (5L) 2.0 TDI diesel 150 cai VALEO 826731 SKODA | VALEO - Autorival","og_description":"\u26a1 Kit ambreiaj SKODA YETI (5L) 2.0 TDI diesel 150 cai VALEO 826731 pentru SKODA. \u2713 Cod: 826731 \u2713 Brand: VALEO \u2713 \u00cen stoc \u2713 Livrare 24h \u2713 Garan\u021bie!","og_url":"https:\/\/autorival.ro\/skoda\/produs\/kit-ambreiaj-skoda-yeti-5l-2-0-tdi-diesel-150-cai-valeo-826731\/","og_site_name":"SKODA","og_image":[{"width":1200,"height":857,"url":"https:\/\/autorival.ro\/skoda\/wp-content\/uploads\/sites\/10\/2025\/07\/kit2p-17.jpg","type":"image\/jpeg"}],"twitter_card":"summary_large_image","twitter_title":"Kit ambreiaj SKODA YETI (5L) 2.0 TDI diesel 150 cai VALEO 826731 SKODA | VALEO - Autorival","twitter_description":"\u26a1 Kit ambreiaj SKODA YETI (5L) 2.0 TDI diesel 150 cai VALEO 826731 pentru SKODA. \u2713 Cod: 826731 \u2713 Brand: VALEO \u2713 \u00cen stoc \u2713 Livrare 24h \u2713 Garan\u021bie!","schema":{"@context":"https:\/\/schema.org","@graph":[{"@type":"WebPage","@id":"https:\/\/autorival.ro\/skoda\/produs\/kit-ambreiaj-skoda-yeti-5l-2-0-tdi-diesel-150-cai-valeo-826731\/","url":"https:\/\/autorival.ro\/skoda\/produs\/kit-ambreiaj-skoda-yeti-5l-2-0-tdi-diesel-150-cai-valeo-826731\/","name":"Kit ambreiaj SKODA YETI (5L) 2.0 TDI diesel 150 cai VALEO 826731 SKODA | VALEO - Autorival","isPartOf":{"@id":"https:\/\/autorival.ro\/skoda\/#website"},"primaryImageOfPage":{"@id":"https:\/\/autorival.ro\/skoda\/produs\/kit-ambreiaj-skoda-yeti-5l-2-0-tdi-diesel-150-cai-valeo-826731\/#primaryimage"},"image":{"@id":"https:\/\/autorival.ro\/skoda\/produs\/kit-ambreiaj-skoda-yeti-5l-2-0-tdi-diesel-150-cai-valeo-826731\/#primaryimage"},"thumbnailUrl":"https:\/\/autorival.ro\/skoda\/wp-content\/uploads\/sites\/10\/2025\/07\/kit2p-17.jpg","datePublished":"2025-07-19T04:49:20+00:00","description":"\u26a1 Kit ambreiaj SKODA YETI (5L) 2.0 TDI diesel 150 cai VALEO 826731 pentru SKODA. \u2713 Cod: 826731 \u2713 Brand: VALEO \u2713 \u00cen stoc \u2713 Livrare 24h \u2713 Garan\u021bie!","breadcrumb":{"@id":"https:\/\/autorival.ro\/skoda\/produs\/kit-ambreiaj-skoda-yeti-5l-2-0-tdi-diesel-150-cai-valeo-826731\/#breadcrumb"},"inLanguage":"en-US","potentialAction":[{"@type":"ReadAction","target":["https:\/\/autorival.ro\/skoda\/produs\/kit-ambreiaj-skoda-yeti-5l-2-0-tdi-diesel-150-cai-valeo-826731\/"]}]},{"@type":"ImageObject","inLanguage":"en-US","@id":"https:\/\/autorival.ro\/skoda\/produs\/kit-ambreiaj-skoda-yeti-5l-2-0-tdi-diesel-150-cai-valeo-826731\/#primaryimage","url":"https:\/\/autorival.ro\/skoda\/wp-content\/uploads\/sites\/10\/2025\/07\/kit2p-17.jpg","contentUrl":"https:\/\/autorival.ro\/skoda\/wp-content\/uploads\/sites\/10\/2025\/07\/kit2p-17.jpg","width":1200,"height":857},{"@type":"BreadcrumbList","@id":"https:\/\/autorival.ro\/skoda\/produs\/kit-ambreiaj-skoda-yeti-5l-2-0-tdi-diesel-150-cai-valeo-826731\/#breadcrumb","itemListElement":[{"@type":"ListItem","position":1,"name":"Prima pagin\u0103","item":"https:\/\/autorival.ro\/skoda\/"},{"@type":"ListItem","position":2,"name":"Piese auto SKODA","item":"https:\/\/autorival.ro\/skoda\/"},{"@type":"ListItem","position":3,"name":"Kit ambreiaj SKODA YETI (5L) 2.0 TDI diesel 150 cai VALEO 826731"}]},{"@type":"WebSite","@id":"https:\/\/autorival.ro\/skoda\/#website","url":"https:\/\/autorival.ro\/skoda\/","name":"SKODA","description":"","potentialAction":[{"@type":"SearchAction","target":{"@type":"EntryPoint","urlTemplate":"https:\/\/autorival.ro\/skoda\/?s={search_term_string}"},"query-input":{"@type":"PropertyValueSpecification","valueRequired":true,"valueName":"search_term_string"}}],"inLanguage":"en-US"}]}},"_links":{"self":[{"href":"https:\/\/autorival.ro\/skoda\/wp-json\/wp\/v2\/product\/311102","targetHints":{"allow":["GET"]}}],"collection":[{"href":"https:\/\/autorival.ro\/skoda\/wp-json\/wp\/v2\/product"}],"about":[{"href":"https:\/\/autorival.ro\/skoda\/wp-json\/wp\/v2\/types\/product"}],"replies":[{"embeddable":true,"href":"https:\/\/autorival.ro\/skoda\/wp-json\/wp\/v2\/comments?post=311102"}],"wp:featuredmedia":[{"embeddable":true,"href":"https:\/\/autorival.ro\/skoda\/wp-json\/wp\/v2\/media\/311103"}],"wp:attachment":[{"href":"https:\/\/autorival.ro\/skoda\/wp-json\/wp\/v2\/media?parent=311102"}],"wp:term":[{"taxonomy":"product_brand","embeddable":true,"href":"https:\/\/autorival.ro\/skoda\/wp-json\/wp\/v2\/product_brand?post=311102"},{"taxonomy":"product_cat","embeddable":true,"href":"https:\/\/autorival.ro\/skoda\/wp-json\/wp\/v2\/product_cat?post=311102"},{"taxonomy":"product_tag","embeddable":true,"href":"https:\/\/autorival.ro\/skoda\/wp-json\/wp\/v2\/product_tag?post=311102"}],"curies":[{"name":"wp","href":"https:\/\/api.w.org\/{rel}","templated":true}]}}