{"id":291630,"date":"2025-07-18T23:15:40","date_gmt":"2025-07-18T23:15:40","guid":{"rendered":"https:\/\/autorival.ro\/skoda\/product\/furtun-hidraulic-sistem-de-directie-skoda-roomster-5j7-1-4-benzina-86-cai-metzger-2361085\/"},"modified":"2025-07-18T23:15:40","modified_gmt":"2025-07-18T23:15:40","slug":"furtun-hidraulic-sistem-de-directie-skoda-roomster-5j7-1-4-benzina-86-cai-metzger-2361085","status":"publish","type":"product","link":"https:\/\/autorival.ro\/skoda\/produs\/furtun-hidraulic-sistem-de-directie-skoda-roomster-5j7-1-4-benzina-86-cai-metzger-2361085\/","title":{"rendered":"Furtun hidraulic sistem de directie SKODA ROOMSTER (5J7) 1.4 benzina 86 cai METZGER 2361085"},"content":{"rendered":"<p>Serie \u0219asiu (VIN)p\u00e2n\u0103 la: 5J-8B600 788, 5J-85054 558Directie: Caset\u0103 de direc\u021bie joas\u0103 presiune la vas de expansiuneAflux\/reflux: pentru curgere inapoipt. producator caseta directie: TRWVehicul cu volan pe st\u00e2nga\/dreapta: pentru vehicule cu volan pe stanga<\/p>\n","protected":false},"excerpt":{"rendered":"<p>Producator: METZGER Cod producator: 2361085<\/p>\n","protected":false},"featured_media":291631,"comment_status":"open","ping_status":"closed","template":"","meta":[],"product_brand":[629],"product_cat":[9866],"product_tag":[25761,26133,26079,25722,25611,25831,25586],"class_list":{"0":"post-291630","1":"product","2":"type-product","3":"status-publish","4":"has-post-thumbnail","6":"product_brand-metzger","7":"product_cat-furtun-hidraulic-sistem-de-directie-5j7-1-4-benzina-86","8":"product_tag-directie","9":"product_tag-furtun","10":"product_tag-hidraulic","11":"product_tag-metzger","12":"product_tag-roomster","13":"product_tag-sistem","14":"product_tag-skoda","16":"first","17":"instock","18":"shipping-taxable","19":"purchasable","20":"product-type-simple"},"yoast_head":"<!-- This site is optimized with the Yoast SEO plugin v27.5 - https:\/\/yoast.com\/product\/yoast-seo-wordpress\/ -->\n<title>Furtun hidraulic sistem de directie SKODA ROOMSTER (5J7) 1.4 benzina 86 cai METZGER 2361085 SKODA | METZGER - Autorival<\/title>\n<meta name=\"description\" content=\"\u26a1 Furtun hidraulic sistem de directie SKODA ROOMSTER (5J7) 1.4 benzina 86 cai METZGER 2361085 pentru SKODA. \u2713 Cod: 2361085 \u2713 Brand: METZGER \u2713 \u00cen stoc \u2713 Livrare 24h \u2713 Garan\u021bie!\" \/>\n<meta name=\"robots\" content=\"index, follow, max-snippet:-1, max-image-preview:large, max-video-preview:-1\" \/>\n<meta property=\"og:locale\" content=\"en_US\" \/>\n<meta property=\"og:type\" content=\"article\" \/>\n<meta property=\"og:title\" content=\"Furtun hidraulic sistem de directie SKODA ROOMSTER (5J7) 1.4 benzina 86 cai METZGER 2361085 SKODA | METZGER - Autorival\" \/>\n<meta property=\"og:description\" content=\"\u26a1 Furtun hidraulic sistem de directie SKODA ROOMSTER (5J7) 1.4 benzina 86 cai METZGER 2361085 pentru SKODA. \u2713 Cod: 2361085 \u2713 Brand: METZGER \u2713 \u00cen stoc \u2713 Livrare 24h \u2713 Garan\u021bie!\" \/>\n<meta property=\"og:url\" content=\"https:\/\/autorival.ro\/skoda\/produs\/furtun-hidraulic-sistem-de-directie-skoda-roomster-5j7-1-4-benzina-86-cai-metzger-2361085\/\" \/>\n<meta property=\"og:site_name\" content=\"SKODA\" \/>\n<meta property=\"og:image\" content=\"https:\/\/autorival.ro\/skoda\/wp-content\/uploads\/sites\/10\/2025\/07\/2361085201-4.jpg\" \/>\n\t<meta property=\"og:image:width\" content=\"900\" \/>\n\t<meta property=\"og:image:height\" content=\"600\" \/>\n\t<meta property=\"og:image:type\" content=\"image\/jpeg\" \/>\n<meta name=\"twitter:card\" content=\"summary_large_image\" \/>\n<meta name=\"twitter:title\" content=\"Furtun hidraulic sistem de directie SKODA ROOMSTER (5J7) 1.4 benzina 86 cai METZGER 2361085 SKODA | METZGER - Autorival\" \/>\n<meta name=\"twitter:description\" content=\"\u26a1 Furtun hidraulic sistem de directie SKODA ROOMSTER (5J7) 1.4 benzina 86 cai METZGER 2361085 pentru SKODA. \u2713 Cod: 2361085 \u2713 Brand: METZGER \u2713 \u00cen stoc \u2713 Livrare 24h \u2713 Garan\u021bie!\" \/>\n<script type=\"application\/ld+json\" class=\"yoast-schema-graph\">{\"@context\":\"https:\\\/\\\/schema.org\",\"@graph\":[{\"@type\":\"WebPage\",\"@id\":\"https:\\\/\\\/autorival.ro\\\/skoda\\\/produs\\\/furtun-hidraulic-sistem-de-directie-skoda-roomster-5j7-1-4-benzina-86-cai-metzger-2361085\\\/\",\"url\":\"https:\\\/\\\/autorival.ro\\\/skoda\\\/produs\\\/furtun-hidraulic-sistem-de-directie-skoda-roomster-5j7-1-4-benzina-86-cai-metzger-2361085\\\/\",\"name\":\"Furtun hidraulic sistem de directie SKODA ROOMSTER (5J7) 1.4 benzina 86 cai METZGER 2361085 SKODA | METZGER - Autorival\",\"isPartOf\":{\"@id\":\"https:\\\/\\\/autorival.ro\\\/skoda\\\/#website\"},\"primaryImageOfPage\":{\"@id\":\"https:\\\/\\\/autorival.ro\\\/skoda\\\/produs\\\/furtun-hidraulic-sistem-de-directie-skoda-roomster-5j7-1-4-benzina-86-cai-metzger-2361085\\\/#primaryimage\"},\"image\":{\"@id\":\"https:\\\/\\\/autorival.ro\\\/skoda\\\/produs\\\/furtun-hidraulic-sistem-de-directie-skoda-roomster-5j7-1-4-benzina-86-cai-metzger-2361085\\\/#primaryimage\"},\"thumbnailUrl\":\"https:\\\/\\\/autorival.ro\\\/skoda\\\/wp-content\\\/uploads\\\/sites\\\/10\\\/2025\\\/07\\\/2361085201-4.jpg\",\"datePublished\":\"2025-07-18T23:15:40+00:00\",\"description\":\"\u26a1 Furtun hidraulic sistem de directie SKODA ROOMSTER (5J7) 1.4 benzina 86 cai METZGER 2361085 pentru SKODA. \u2713 Cod: 2361085 \u2713 Brand: METZGER \u2713 \u00cen stoc \u2713 Livrare 24h \u2713 Garan\u021bie!\",\"breadcrumb\":{\"@id\":\"https:\\\/\\\/autorival.ro\\\/skoda\\\/produs\\\/furtun-hidraulic-sistem-de-directie-skoda-roomster-5j7-1-4-benzina-86-cai-metzger-2361085\\\/#breadcrumb\"},\"inLanguage\":\"en-US\",\"potentialAction\":[{\"@type\":\"ReadAction\",\"target\":[\"https:\\\/\\\/autorival.ro\\\/skoda\\\/produs\\\/furtun-hidraulic-sistem-de-directie-skoda-roomster-5j7-1-4-benzina-86-cai-metzger-2361085\\\/\"]}]},{\"@type\":\"ImageObject\",\"inLanguage\":\"en-US\",\"@id\":\"https:\\\/\\\/autorival.ro\\\/skoda\\\/produs\\\/furtun-hidraulic-sistem-de-directie-skoda-roomster-5j7-1-4-benzina-86-cai-metzger-2361085\\\/#primaryimage\",\"url\":\"https:\\\/\\\/autorival.ro\\\/skoda\\\/wp-content\\\/uploads\\\/sites\\\/10\\\/2025\\\/07\\\/2361085201-4.jpg\",\"contentUrl\":\"https:\\\/\\\/autorival.ro\\\/skoda\\\/wp-content\\\/uploads\\\/sites\\\/10\\\/2025\\\/07\\\/2361085201-4.jpg\",\"width\":900,\"height\":600},{\"@type\":\"BreadcrumbList\",\"@id\":\"https:\\\/\\\/autorival.ro\\\/skoda\\\/produs\\\/furtun-hidraulic-sistem-de-directie-skoda-roomster-5j7-1-4-benzina-86-cai-metzger-2361085\\\/#breadcrumb\",\"itemListElement\":[{\"@type\":\"ListItem\",\"position\":1,\"name\":\"Prima pagin\u0103\",\"item\":\"https:\\\/\\\/autorival.ro\\\/skoda\\\/\"},{\"@type\":\"ListItem\",\"position\":2,\"name\":\"Piese auto SKODA\",\"item\":\"https:\\\/\\\/autorival.ro\\\/skoda\\\/\"},{\"@type\":\"ListItem\",\"position\":3,\"name\":\"Furtun hidraulic sistem de directie SKODA ROOMSTER (5J7) 1.4 benzina 86 cai METZGER 2361085\"}]},{\"@type\":\"WebSite\",\"@id\":\"https:\\\/\\\/autorival.ro\\\/skoda\\\/#website\",\"url\":\"https:\\\/\\\/autorival.ro\\\/skoda\\\/\",\"name\":\"SKODA\",\"description\":\"\",\"potentialAction\":[{\"@type\":\"SearchAction\",\"target\":{\"@type\":\"EntryPoint\",\"urlTemplate\":\"https:\\\/\\\/autorival.ro\\\/skoda\\\/?s={search_term_string}\"},\"query-input\":{\"@type\":\"PropertyValueSpecification\",\"valueRequired\":true,\"valueName\":\"search_term_string\"}}],\"inLanguage\":\"en-US\"}]}<\/script>\n<!-- \/ Yoast SEO plugin. -->","yoast_head_json":{"title":"Furtun hidraulic sistem de directie SKODA ROOMSTER (5J7) 1.4 benzina 86 cai METZGER 2361085 SKODA | METZGER - Autorival","description":"\u26a1 Furtun hidraulic sistem de directie SKODA ROOMSTER (5J7) 1.4 benzina 86 cai METZGER 2361085 pentru SKODA. \u2713 Cod: 2361085 \u2713 Brand: METZGER \u2713 \u00cen stoc \u2713 Livrare 24h \u2713 Garan\u021bie!","robots":{"index":"index","follow":"follow","max-snippet":"max-snippet:-1","max-image-preview":"max-image-preview:large","max-video-preview":"max-video-preview:-1"},"og_locale":"en_US","og_type":"article","og_title":"Furtun hidraulic sistem de directie SKODA ROOMSTER (5J7) 1.4 benzina 86 cai METZGER 2361085 SKODA | METZGER - Autorival","og_description":"\u26a1 Furtun hidraulic sistem de directie SKODA ROOMSTER (5J7) 1.4 benzina 86 cai METZGER 2361085 pentru SKODA. \u2713 Cod: 2361085 \u2713 Brand: METZGER \u2713 \u00cen stoc \u2713 Livrare 24h \u2713 Garan\u021bie!","og_url":"https:\/\/autorival.ro\/skoda\/produs\/furtun-hidraulic-sistem-de-directie-skoda-roomster-5j7-1-4-benzina-86-cai-metzger-2361085\/","og_site_name":"SKODA","og_image":[{"width":900,"height":600,"url":"https:\/\/autorival.ro\/skoda\/wp-content\/uploads\/sites\/10\/2025\/07\/2361085201-4.jpg","type":"image\/jpeg"}],"twitter_card":"summary_large_image","twitter_title":"Furtun hidraulic sistem de directie SKODA ROOMSTER (5J7) 1.4 benzina 86 cai METZGER 2361085 SKODA | METZGER - Autorival","twitter_description":"\u26a1 Furtun hidraulic sistem de directie SKODA ROOMSTER (5J7) 1.4 benzina 86 cai METZGER 2361085 pentru SKODA. \u2713 Cod: 2361085 \u2713 Brand: METZGER \u2713 \u00cen stoc \u2713 Livrare 24h \u2713 Garan\u021bie!","schema":{"@context":"https:\/\/schema.org","@graph":[{"@type":"WebPage","@id":"https:\/\/autorival.ro\/skoda\/produs\/furtun-hidraulic-sistem-de-directie-skoda-roomster-5j7-1-4-benzina-86-cai-metzger-2361085\/","url":"https:\/\/autorival.ro\/skoda\/produs\/furtun-hidraulic-sistem-de-directie-skoda-roomster-5j7-1-4-benzina-86-cai-metzger-2361085\/","name":"Furtun hidraulic sistem de directie SKODA ROOMSTER (5J7) 1.4 benzina 86 cai METZGER 2361085 SKODA | METZGER - Autorival","isPartOf":{"@id":"https:\/\/autorival.ro\/skoda\/#website"},"primaryImageOfPage":{"@id":"https:\/\/autorival.ro\/skoda\/produs\/furtun-hidraulic-sistem-de-directie-skoda-roomster-5j7-1-4-benzina-86-cai-metzger-2361085\/#primaryimage"},"image":{"@id":"https:\/\/autorival.ro\/skoda\/produs\/furtun-hidraulic-sistem-de-directie-skoda-roomster-5j7-1-4-benzina-86-cai-metzger-2361085\/#primaryimage"},"thumbnailUrl":"https:\/\/autorival.ro\/skoda\/wp-content\/uploads\/sites\/10\/2025\/07\/2361085201-4.jpg","datePublished":"2025-07-18T23:15:40+00:00","description":"\u26a1 Furtun hidraulic sistem de directie SKODA ROOMSTER (5J7) 1.4 benzina 86 cai METZGER 2361085 pentru SKODA. \u2713 Cod: 2361085 \u2713 Brand: METZGER \u2713 \u00cen stoc \u2713 Livrare 24h \u2713 Garan\u021bie!","breadcrumb":{"@id":"https:\/\/autorival.ro\/skoda\/produs\/furtun-hidraulic-sistem-de-directie-skoda-roomster-5j7-1-4-benzina-86-cai-metzger-2361085\/#breadcrumb"},"inLanguage":"en-US","potentialAction":[{"@type":"ReadAction","target":["https:\/\/autorival.ro\/skoda\/produs\/furtun-hidraulic-sistem-de-directie-skoda-roomster-5j7-1-4-benzina-86-cai-metzger-2361085\/"]}]},{"@type":"ImageObject","inLanguage":"en-US","@id":"https:\/\/autorival.ro\/skoda\/produs\/furtun-hidraulic-sistem-de-directie-skoda-roomster-5j7-1-4-benzina-86-cai-metzger-2361085\/#primaryimage","url":"https:\/\/autorival.ro\/skoda\/wp-content\/uploads\/sites\/10\/2025\/07\/2361085201-4.jpg","contentUrl":"https:\/\/autorival.ro\/skoda\/wp-content\/uploads\/sites\/10\/2025\/07\/2361085201-4.jpg","width":900,"height":600},{"@type":"BreadcrumbList","@id":"https:\/\/autorival.ro\/skoda\/produs\/furtun-hidraulic-sistem-de-directie-skoda-roomster-5j7-1-4-benzina-86-cai-metzger-2361085\/#breadcrumb","itemListElement":[{"@type":"ListItem","position":1,"name":"Prima pagin\u0103","item":"https:\/\/autorival.ro\/skoda\/"},{"@type":"ListItem","position":2,"name":"Piese auto SKODA","item":"https:\/\/autorival.ro\/skoda\/"},{"@type":"ListItem","position":3,"name":"Furtun hidraulic sistem de directie SKODA ROOMSTER (5J7) 1.4 benzina 86 cai METZGER 2361085"}]},{"@type":"WebSite","@id":"https:\/\/autorival.ro\/skoda\/#website","url":"https:\/\/autorival.ro\/skoda\/","name":"SKODA","description":"","potentialAction":[{"@type":"SearchAction","target":{"@type":"EntryPoint","urlTemplate":"https:\/\/autorival.ro\/skoda\/?s={search_term_string}"},"query-input":{"@type":"PropertyValueSpecification","valueRequired":true,"valueName":"search_term_string"}}],"inLanguage":"en-US"}]}},"_links":{"self":[{"href":"https:\/\/autorival.ro\/skoda\/wp-json\/wp\/v2\/product\/291630","targetHints":{"allow":["GET"]}}],"collection":[{"href":"https:\/\/autorival.ro\/skoda\/wp-json\/wp\/v2\/product"}],"about":[{"href":"https:\/\/autorival.ro\/skoda\/wp-json\/wp\/v2\/types\/product"}],"replies":[{"embeddable":true,"href":"https:\/\/autorival.ro\/skoda\/wp-json\/wp\/v2\/comments?post=291630"}],"wp:featuredmedia":[{"embeddable":true,"href":"https:\/\/autorival.ro\/skoda\/wp-json\/wp\/v2\/media\/291631"}],"wp:attachment":[{"href":"https:\/\/autorival.ro\/skoda\/wp-json\/wp\/v2\/media?parent=291630"}],"wp:term":[{"taxonomy":"product_brand","embeddable":true,"href":"https:\/\/autorival.ro\/skoda\/wp-json\/wp\/v2\/product_brand?post=291630"},{"taxonomy":"product_cat","embeddable":true,"href":"https:\/\/autorival.ro\/skoda\/wp-json\/wp\/v2\/product_cat?post=291630"},{"taxonomy":"product_tag","embeddable":true,"href":"https:\/\/autorival.ro\/skoda\/wp-json\/wp\/v2\/product_tag?post=291630"}],"curies":[{"name":"wp","href":"https:\/\/api.w.org\/{rel}","templated":true}]}}