{"id":274610,"date":"2025-07-18T18:42:01","date_gmt":"2025-07-18T18:42:01","guid":{"rendered":"https:\/\/autorival.ro\/skoda\/product\/folie-de-protectie-igienica-skoda-yeti-5l-2-0-tdi-diesel-150-cai-hjs-93-4712\/"},"modified":"2025-07-18T18:42:01","modified_gmt":"2025-07-18T18:42:01","slug":"folie-de-protectie-igienica-skoda-yeti-5l-2-0-tdi-diesel-150-cai-hjs-93-4712","status":"publish","type":"product","link":"https:\/\/autorival.ro\/skoda\/produs\/folie-de-protectie-igienica-skoda-yeti-5l-2-0-tdi-diesel-150-cai-hjs-93-4712\/","title":{"rendered":"Folie de protectie igienica SKODA YETI (5L) 2.0 TDI diesel 150 cai HJS 93 4712"},"content":{"rendered":"<p>Material: PVC ->Latime [mm]: 1500\u00cenaltime [mm]: 700Tip centura de siguranta: fixare cu carligeTip inmatriculare: F\u0103r\u0103 T\u00dcV\u00ae<\/p>\n","protected":false},"excerpt":{"rendered":"<p>Producator: HJS Cod producator: 93 4712<\/p>\n","protected":false},"featured_media":274611,"comment_status":"open","ping_status":"closed","template":"","meta":[],"product_brand":[7135],"product_cat":[9343],"product_tag":[26416,26217,26417,25834,25586,25594,25596],"class_list":{"0":"post-274610","1":"product","2":"type-product","3":"status-publish","4":"has-post-thumbnail","6":"product_brand-hjs","7":"product_cat-folie-de-protectie-igienica-5l-2-0-tdi-diesel-150","8":"product_tag-folie","9":"product_tag-hjs","10":"product_tag-igienica","11":"product_tag-protectie","12":"product_tag-skoda","13":"product_tag-tdi","14":"product_tag-yeti","16":"first","17":"instock","18":"shipping-taxable","19":"purchasable","20":"product-type-simple"},"yoast_head":"<!-- This site is optimized with the Yoast SEO plugin v27.3 - https:\/\/yoast.com\/product\/yoast-seo-wordpress\/ -->\n<title>Folie de protectie igienica SKODA YETI (5L) 2.0 TDI diesel 150 cai HJS 93 4712 SKODA | HJS - Autorival<\/title>\n<meta name=\"description\" content=\"\u26a1 Folie de protectie igienica SKODA YETI (5L) 2.0 TDI diesel 150 cai HJS 93 4712 pentru SKODA. \u2713 Cod: 93 \u2713 Brand: HJS \u2713 \u00cen stoc \u2713 Livrare 24h \u2713 Garan\u021bie!\" \/>\n<meta name=\"robots\" content=\"index, follow, max-snippet:-1, max-image-preview:large, max-video-preview:-1\" \/>\n<meta property=\"og:locale\" content=\"en_US\" \/>\n<meta property=\"og:type\" content=\"article\" \/>\n<meta property=\"og:title\" content=\"Folie de protectie igienica SKODA YETI (5L) 2.0 TDI diesel 150 cai HJS 93 4712 SKODA | HJS - Autorival\" \/>\n<meta property=\"og:description\" content=\"\u26a1 Folie de protectie igienica SKODA YETI (5L) 2.0 TDI diesel 150 cai HJS 93 4712 pentru SKODA. \u2713 Cod: 93 \u2713 Brand: HJS \u2713 \u00cen stoc \u2713 Livrare 24h \u2713 Garan\u021bie!\" \/>\n<meta property=\"og:url\" content=\"https:\/\/autorival.ro\/skoda\/produs\/folie-de-protectie-igienica-skoda-yeti-5l-2-0-tdi-diesel-150-cai-hjs-93-4712\/\" \/>\n<meta property=\"og:site_name\" content=\"SKODA\" \/>\n<meta property=\"og:image\" content=\"https:\/\/autorival.ro\/skoda\/wp-content\/uploads\/sites\/10\/2025\/07\/folie_vw-touran-15.jpg\" \/>\n\t<meta property=\"og:image:width\" content=\"600\" \/>\n\t<meta property=\"og:image:height\" content=\"395\" \/>\n\t<meta property=\"og:image:type\" content=\"image\/jpeg\" \/>\n<meta name=\"twitter:card\" content=\"summary_large_image\" \/>\n<meta name=\"twitter:title\" content=\"Folie de protectie igienica SKODA YETI (5L) 2.0 TDI diesel 150 cai HJS 93 4712 SKODA | HJS - Autorival\" \/>\n<meta name=\"twitter:description\" content=\"\u26a1 Folie de protectie igienica SKODA YETI (5L) 2.0 TDI diesel 150 cai HJS 93 4712 pentru SKODA. \u2713 Cod: 93 \u2713 Brand: HJS \u2713 \u00cen stoc \u2713 Livrare 24h \u2713 Garan\u021bie!\" \/>\n<script type=\"application\/ld+json\" class=\"yoast-schema-graph\">{\"@context\":\"https:\\\/\\\/schema.org\",\"@graph\":[{\"@type\":\"WebPage\",\"@id\":\"https:\\\/\\\/autorival.ro\\\/skoda\\\/produs\\\/folie-de-protectie-igienica-skoda-yeti-5l-2-0-tdi-diesel-150-cai-hjs-93-4712\\\/\",\"url\":\"https:\\\/\\\/autorival.ro\\\/skoda\\\/produs\\\/folie-de-protectie-igienica-skoda-yeti-5l-2-0-tdi-diesel-150-cai-hjs-93-4712\\\/\",\"name\":\"Folie de protectie igienica SKODA YETI (5L) 2.0 TDI diesel 150 cai HJS 93 4712 SKODA | HJS - Autorival\",\"isPartOf\":{\"@id\":\"https:\\\/\\\/autorival.ro\\\/skoda\\\/#website\"},\"primaryImageOfPage\":{\"@id\":\"https:\\\/\\\/autorival.ro\\\/skoda\\\/produs\\\/folie-de-protectie-igienica-skoda-yeti-5l-2-0-tdi-diesel-150-cai-hjs-93-4712\\\/#primaryimage\"},\"image\":{\"@id\":\"https:\\\/\\\/autorival.ro\\\/skoda\\\/produs\\\/folie-de-protectie-igienica-skoda-yeti-5l-2-0-tdi-diesel-150-cai-hjs-93-4712\\\/#primaryimage\"},\"thumbnailUrl\":\"https:\\\/\\\/autorival.ro\\\/skoda\\\/wp-content\\\/uploads\\\/sites\\\/10\\\/2025\\\/07\\\/folie_vw-touran-15.jpg\",\"datePublished\":\"2025-07-18T18:42:01+00:00\",\"description\":\"\u26a1 Folie de protectie igienica SKODA YETI (5L) 2.0 TDI diesel 150 cai HJS 93 4712 pentru SKODA. \u2713 Cod: 93 \u2713 Brand: HJS \u2713 \u00cen stoc \u2713 Livrare 24h \u2713 Garan\u021bie!\",\"breadcrumb\":{\"@id\":\"https:\\\/\\\/autorival.ro\\\/skoda\\\/produs\\\/folie-de-protectie-igienica-skoda-yeti-5l-2-0-tdi-diesel-150-cai-hjs-93-4712\\\/#breadcrumb\"},\"inLanguage\":\"en-US\",\"potentialAction\":[{\"@type\":\"ReadAction\",\"target\":[\"https:\\\/\\\/autorival.ro\\\/skoda\\\/produs\\\/folie-de-protectie-igienica-skoda-yeti-5l-2-0-tdi-diesel-150-cai-hjs-93-4712\\\/\"]}]},{\"@type\":\"ImageObject\",\"inLanguage\":\"en-US\",\"@id\":\"https:\\\/\\\/autorival.ro\\\/skoda\\\/produs\\\/folie-de-protectie-igienica-skoda-yeti-5l-2-0-tdi-diesel-150-cai-hjs-93-4712\\\/#primaryimage\",\"url\":\"https:\\\/\\\/autorival.ro\\\/skoda\\\/wp-content\\\/uploads\\\/sites\\\/10\\\/2025\\\/07\\\/folie_vw-touran-15.jpg\",\"contentUrl\":\"https:\\\/\\\/autorival.ro\\\/skoda\\\/wp-content\\\/uploads\\\/sites\\\/10\\\/2025\\\/07\\\/folie_vw-touran-15.jpg\",\"width\":600,\"height\":395},{\"@type\":\"BreadcrumbList\",\"@id\":\"https:\\\/\\\/autorival.ro\\\/skoda\\\/produs\\\/folie-de-protectie-igienica-skoda-yeti-5l-2-0-tdi-diesel-150-cai-hjs-93-4712\\\/#breadcrumb\",\"itemListElement\":[{\"@type\":\"ListItem\",\"position\":1,\"name\":\"Prima pagin\u0103\",\"item\":\"https:\\\/\\\/autorival.ro\\\/skoda\\\/\"},{\"@type\":\"ListItem\",\"position\":2,\"name\":\"Piese auto SKODA\",\"item\":\"https:\\\/\\\/autorival.ro\\\/skoda\\\/\"},{\"@type\":\"ListItem\",\"position\":3,\"name\":\"Folie de protectie igienica SKODA YETI (5L) 2.0 TDI diesel 150 cai HJS 93 4712\"}]},{\"@type\":\"WebSite\",\"@id\":\"https:\\\/\\\/autorival.ro\\\/skoda\\\/#website\",\"url\":\"https:\\\/\\\/autorival.ro\\\/skoda\\\/\",\"name\":\"SKODA\",\"description\":\"\",\"potentialAction\":[{\"@type\":\"SearchAction\",\"target\":{\"@type\":\"EntryPoint\",\"urlTemplate\":\"https:\\\/\\\/autorival.ro\\\/skoda\\\/?s={search_term_string}\"},\"query-input\":{\"@type\":\"PropertyValueSpecification\",\"valueRequired\":true,\"valueName\":\"search_term_string\"}}],\"inLanguage\":\"en-US\"}]}<\/script>\n<!-- \/ Yoast SEO plugin. -->","yoast_head_json":{"title":"Folie de protectie igienica SKODA YETI (5L) 2.0 TDI diesel 150 cai HJS 93 4712 SKODA | HJS - Autorival","description":"\u26a1 Folie de protectie igienica SKODA YETI (5L) 2.0 TDI diesel 150 cai HJS 93 4712 pentru SKODA. \u2713 Cod: 93 \u2713 Brand: HJS \u2713 \u00cen stoc \u2713 Livrare 24h \u2713 Garan\u021bie!","robots":{"index":"index","follow":"follow","max-snippet":"max-snippet:-1","max-image-preview":"max-image-preview:large","max-video-preview":"max-video-preview:-1"},"og_locale":"en_US","og_type":"article","og_title":"Folie de protectie igienica SKODA YETI (5L) 2.0 TDI diesel 150 cai HJS 93 4712 SKODA | HJS - Autorival","og_description":"\u26a1 Folie de protectie igienica SKODA YETI (5L) 2.0 TDI diesel 150 cai HJS 93 4712 pentru SKODA. \u2713 Cod: 93 \u2713 Brand: HJS \u2713 \u00cen stoc \u2713 Livrare 24h \u2713 Garan\u021bie!","og_url":"https:\/\/autorival.ro\/skoda\/produs\/folie-de-protectie-igienica-skoda-yeti-5l-2-0-tdi-diesel-150-cai-hjs-93-4712\/","og_site_name":"SKODA","og_image":[{"width":600,"height":395,"url":"https:\/\/autorival.ro\/skoda\/wp-content\/uploads\/sites\/10\/2025\/07\/folie_vw-touran-15.jpg","type":"image\/jpeg"}],"twitter_card":"summary_large_image","twitter_title":"Folie de protectie igienica SKODA YETI (5L) 2.0 TDI diesel 150 cai HJS 93 4712 SKODA | HJS - Autorival","twitter_description":"\u26a1 Folie de protectie igienica SKODA YETI (5L) 2.0 TDI diesel 150 cai HJS 93 4712 pentru SKODA. \u2713 Cod: 93 \u2713 Brand: HJS \u2713 \u00cen stoc \u2713 Livrare 24h \u2713 Garan\u021bie!","schema":{"@context":"https:\/\/schema.org","@graph":[{"@type":"WebPage","@id":"https:\/\/autorival.ro\/skoda\/produs\/folie-de-protectie-igienica-skoda-yeti-5l-2-0-tdi-diesel-150-cai-hjs-93-4712\/","url":"https:\/\/autorival.ro\/skoda\/produs\/folie-de-protectie-igienica-skoda-yeti-5l-2-0-tdi-diesel-150-cai-hjs-93-4712\/","name":"Folie de protectie igienica SKODA YETI (5L) 2.0 TDI diesel 150 cai HJS 93 4712 SKODA | HJS - Autorival","isPartOf":{"@id":"https:\/\/autorival.ro\/skoda\/#website"},"primaryImageOfPage":{"@id":"https:\/\/autorival.ro\/skoda\/produs\/folie-de-protectie-igienica-skoda-yeti-5l-2-0-tdi-diesel-150-cai-hjs-93-4712\/#primaryimage"},"image":{"@id":"https:\/\/autorival.ro\/skoda\/produs\/folie-de-protectie-igienica-skoda-yeti-5l-2-0-tdi-diesel-150-cai-hjs-93-4712\/#primaryimage"},"thumbnailUrl":"https:\/\/autorival.ro\/skoda\/wp-content\/uploads\/sites\/10\/2025\/07\/folie_vw-touran-15.jpg","datePublished":"2025-07-18T18:42:01+00:00","description":"\u26a1 Folie de protectie igienica SKODA YETI (5L) 2.0 TDI diesel 150 cai HJS 93 4712 pentru SKODA. \u2713 Cod: 93 \u2713 Brand: HJS \u2713 \u00cen stoc \u2713 Livrare 24h \u2713 Garan\u021bie!","breadcrumb":{"@id":"https:\/\/autorival.ro\/skoda\/produs\/folie-de-protectie-igienica-skoda-yeti-5l-2-0-tdi-diesel-150-cai-hjs-93-4712\/#breadcrumb"},"inLanguage":"en-US","potentialAction":[{"@type":"ReadAction","target":["https:\/\/autorival.ro\/skoda\/produs\/folie-de-protectie-igienica-skoda-yeti-5l-2-0-tdi-diesel-150-cai-hjs-93-4712\/"]}]},{"@type":"ImageObject","inLanguage":"en-US","@id":"https:\/\/autorival.ro\/skoda\/produs\/folie-de-protectie-igienica-skoda-yeti-5l-2-0-tdi-diesel-150-cai-hjs-93-4712\/#primaryimage","url":"https:\/\/autorival.ro\/skoda\/wp-content\/uploads\/sites\/10\/2025\/07\/folie_vw-touran-15.jpg","contentUrl":"https:\/\/autorival.ro\/skoda\/wp-content\/uploads\/sites\/10\/2025\/07\/folie_vw-touran-15.jpg","width":600,"height":395},{"@type":"BreadcrumbList","@id":"https:\/\/autorival.ro\/skoda\/produs\/folie-de-protectie-igienica-skoda-yeti-5l-2-0-tdi-diesel-150-cai-hjs-93-4712\/#breadcrumb","itemListElement":[{"@type":"ListItem","position":1,"name":"Prima pagin\u0103","item":"https:\/\/autorival.ro\/skoda\/"},{"@type":"ListItem","position":2,"name":"Piese auto SKODA","item":"https:\/\/autorival.ro\/skoda\/"},{"@type":"ListItem","position":3,"name":"Folie de protectie igienica SKODA YETI (5L) 2.0 TDI diesel 150 cai HJS 93 4712"}]},{"@type":"WebSite","@id":"https:\/\/autorival.ro\/skoda\/#website","url":"https:\/\/autorival.ro\/skoda\/","name":"SKODA","description":"","potentialAction":[{"@type":"SearchAction","target":{"@type":"EntryPoint","urlTemplate":"https:\/\/autorival.ro\/skoda\/?s={search_term_string}"},"query-input":{"@type":"PropertyValueSpecification","valueRequired":true,"valueName":"search_term_string"}}],"inLanguage":"en-US"}]}},"_links":{"self":[{"href":"https:\/\/autorival.ro\/skoda\/wp-json\/wp\/v2\/product\/274610","targetHints":{"allow":["GET"]}}],"collection":[{"href":"https:\/\/autorival.ro\/skoda\/wp-json\/wp\/v2\/product"}],"about":[{"href":"https:\/\/autorival.ro\/skoda\/wp-json\/wp\/v2\/types\/product"}],"replies":[{"embeddable":true,"href":"https:\/\/autorival.ro\/skoda\/wp-json\/wp\/v2\/comments?post=274610"}],"wp:featuredmedia":[{"embeddable":true,"href":"https:\/\/autorival.ro\/skoda\/wp-json\/wp\/v2\/media\/274611"}],"wp:attachment":[{"href":"https:\/\/autorival.ro\/skoda\/wp-json\/wp\/v2\/media?parent=274610"}],"wp:term":[{"taxonomy":"product_brand","embeddable":true,"href":"https:\/\/autorival.ro\/skoda\/wp-json\/wp\/v2\/product_brand?post=274610"},{"taxonomy":"product_cat","embeddable":true,"href":"https:\/\/autorival.ro\/skoda\/wp-json\/wp\/v2\/product_cat?post=274610"},{"taxonomy":"product_tag","embeddable":true,"href":"https:\/\/autorival.ro\/skoda\/wp-json\/wp\/v2\/product_tag?post=274610"}],"curies":[{"name":"wp","href":"https:\/\/api.w.org\/{rel}","templated":true}]}}