{"id":229776,"date":"2025-07-18T08:32:49","date_gmt":"2025-07-18T08:32:49","guid":{"rendered":"https:\/\/autorival.ro\/skoda\/product\/far-skoda-roomster-5j7-1-6-benzina-105-cai-hella-1el-010-417-381\/"},"modified":"2025-07-18T08:32:49","modified_gmt":"2025-07-18T08:32:49","slug":"far-skoda-roomster-5j7-1-6-benzina-105-cai-hella-1el-010-417-381","status":"publish","type":"product","link":"https:\/\/autorival.ro\/skoda\/produs\/far-skoda-roomster-5j7-1-6-benzina-105-cai-hella-1el-010-417-381\/","title":{"rendered":"Far SKODA ROOMSTER (5J7) 1.6 benzina 105 cai HELLA 1EL 010 417-381"},"content":{"rendered":"<p>An fabricatie de la: 201003Serie \u0219asiu (VIN) \u00eencep\u00e2nd cu: 5J-BB500000, 5J-BK500000, 5J-B3008700Verificare num\u0103r OEPartea de montare: dreaptaTrafic pe st\u00e2nga\/dreapta: pentru trafic pe dreaptaTIp lampa: PY21W, W5W, H7\/H7Tensiune [V]: 12Tip inmatriculare: Verificat ECEConstructie lampa: Halogen, DE, FFFunctie de lampa: cu lumini de semnalizare, cu faza lunga, cu faza scurta, cu lumini de pozitieEchipament vehicul: pt. vehicule fara lumini curba (AFS)Articol completare\/Info suplimentar 2: fara becuri cu incandescenta, cu motor reglaj LWRPresiune optica: crompt. numar PR: 8JHNumarul functiilor luminoase: 4Numar articol par: 1EL 010 417-371Varianta de tata: EuropaMontarea\/demontarea de personal de specialitate necesar\u0103!<\/p>\n","protected":false},"excerpt":{"rendered":"<p>Producator: HELLA Cod producator: 1EL 010 417-381<\/p>\n","protected":false},"featured_media":229777,"comment_status":"open","ping_status":"closed","template":"","meta":[],"product_brand":[360],"product_cat":[8591],"product_tag":[25661,25660,25848,25635,25611,25586],"class_list":{"0":"post-229776","1":"product","2":"type-product","3":"status-publish","4":"has-post-thumbnail","6":"product_brand-hella","7":"product_cat-far-5j7-1-6-benzina-105","8":"product_tag-5j7","9":"product_tag-1-6","10":"product_tag-far","11":"product_tag-hella","12":"product_tag-roomster","13":"product_tag-skoda","15":"first","16":"instock","17":"shipping-taxable","18":"purchasable","19":"product-type-simple"},"yoast_head":"<!-- This site is optimized with the Yoast SEO plugin v27.3 - https:\/\/yoast.com\/product\/yoast-seo-wordpress\/ -->\n<title>Far SKODA ROOMSTER (5J7) 1.6 benzina 105 cai HELLA 1EL 010 417-381 SKODA | HELLA - Autorival<\/title>\n<meta name=\"description\" content=\"\u26a1 Far SKODA ROOMSTER (5J7) 1.6 benzina 105 cai HELLA 1EL 010 417-381 pentru SKODA. \u2713 Cod: 1EL \u2713 Brand: HELLA \u2713 \u00cen stoc \u2713 Livrare 24h \u2713 Garan\u021bie!\" \/>\n<meta name=\"robots\" content=\"index, follow, max-snippet:-1, max-image-preview:large, max-video-preview:-1\" \/>\n<meta property=\"og:locale\" content=\"en_US\" \/>\n<meta property=\"og:type\" content=\"article\" \/>\n<meta property=\"og:title\" content=\"Far SKODA ROOMSTER (5J7) 1.6 benzina 105 cai HELLA 1EL 010 417-381 SKODA | HELLA - Autorival\" \/>\n<meta property=\"og:description\" content=\"\u26a1 Far SKODA ROOMSTER (5J7) 1.6 benzina 105 cai HELLA 1EL 010 417-381 pentru SKODA. \u2713 Cod: 1EL \u2713 Brand: HELLA \u2713 \u00cen stoc \u2713 Livrare 24h \u2713 Garan\u021bie!\" \/>\n<meta property=\"og:url\" content=\"https:\/\/autorival.ro\/skoda\/produs\/far-skoda-roomster-5j7-1-6-benzina-105-cai-hella-1el-010-417-381\/\" \/>\n<meta property=\"og:site_name\" content=\"SKODA\" \/>\n<meta property=\"og:image\" content=\"https:\/\/autorival.ro\/skoda\/wp-content\/uploads\/sites\/10\/2025\/07\/1el_010_417-381-10.jpg\" \/>\n\t<meta property=\"og:image:width\" content=\"597\" \/>\n\t<meta property=\"og:image:height\" content=\"400\" \/>\n\t<meta property=\"og:image:type\" content=\"image\/jpeg\" \/>\n<meta name=\"twitter:card\" content=\"summary_large_image\" \/>\n<meta name=\"twitter:title\" content=\"Far SKODA ROOMSTER (5J7) 1.6 benzina 105 cai HELLA 1EL 010 417-381 SKODA | HELLA - Autorival\" \/>\n<meta name=\"twitter:description\" content=\"\u26a1 Far SKODA ROOMSTER (5J7) 1.6 benzina 105 cai HELLA 1EL 010 417-381 pentru SKODA. \u2713 Cod: 1EL \u2713 Brand: HELLA \u2713 \u00cen stoc \u2713 Livrare 24h \u2713 Garan\u021bie!\" \/>\n<meta name=\"twitter:label1\" content=\"Est. reading time\" \/>\n\t<meta name=\"twitter:data1\" content=\"1 minute\" \/>\n<script type=\"application\/ld+json\" class=\"yoast-schema-graph\">{\"@context\":\"https:\\\/\\\/schema.org\",\"@graph\":[{\"@type\":\"WebPage\",\"@id\":\"https:\\\/\\\/autorival.ro\\\/skoda\\\/produs\\\/far-skoda-roomster-5j7-1-6-benzina-105-cai-hella-1el-010-417-381\\\/\",\"url\":\"https:\\\/\\\/autorival.ro\\\/skoda\\\/produs\\\/far-skoda-roomster-5j7-1-6-benzina-105-cai-hella-1el-010-417-381\\\/\",\"name\":\"Far SKODA ROOMSTER (5J7) 1.6 benzina 105 cai HELLA 1EL 010 417-381 SKODA | HELLA - Autorival\",\"isPartOf\":{\"@id\":\"https:\\\/\\\/autorival.ro\\\/skoda\\\/#website\"},\"primaryImageOfPage\":{\"@id\":\"https:\\\/\\\/autorival.ro\\\/skoda\\\/produs\\\/far-skoda-roomster-5j7-1-6-benzina-105-cai-hella-1el-010-417-381\\\/#primaryimage\"},\"image\":{\"@id\":\"https:\\\/\\\/autorival.ro\\\/skoda\\\/produs\\\/far-skoda-roomster-5j7-1-6-benzina-105-cai-hella-1el-010-417-381\\\/#primaryimage\"},\"thumbnailUrl\":\"https:\\\/\\\/autorival.ro\\\/skoda\\\/wp-content\\\/uploads\\\/sites\\\/10\\\/2025\\\/07\\\/1el_010_417-381-10.jpg\",\"datePublished\":\"2025-07-18T08:32:49+00:00\",\"description\":\"\u26a1 Far SKODA ROOMSTER (5J7) 1.6 benzina 105 cai HELLA 1EL 010 417-381 pentru SKODA. \u2713 Cod: 1EL \u2713 Brand: HELLA \u2713 \u00cen stoc \u2713 Livrare 24h \u2713 Garan\u021bie!\",\"breadcrumb\":{\"@id\":\"https:\\\/\\\/autorival.ro\\\/skoda\\\/produs\\\/far-skoda-roomster-5j7-1-6-benzina-105-cai-hella-1el-010-417-381\\\/#breadcrumb\"},\"inLanguage\":\"en-US\",\"potentialAction\":[{\"@type\":\"ReadAction\",\"target\":[\"https:\\\/\\\/autorival.ro\\\/skoda\\\/produs\\\/far-skoda-roomster-5j7-1-6-benzina-105-cai-hella-1el-010-417-381\\\/\"]}]},{\"@type\":\"ImageObject\",\"inLanguage\":\"en-US\",\"@id\":\"https:\\\/\\\/autorival.ro\\\/skoda\\\/produs\\\/far-skoda-roomster-5j7-1-6-benzina-105-cai-hella-1el-010-417-381\\\/#primaryimage\",\"url\":\"https:\\\/\\\/autorival.ro\\\/skoda\\\/wp-content\\\/uploads\\\/sites\\\/10\\\/2025\\\/07\\\/1el_010_417-381-10.jpg\",\"contentUrl\":\"https:\\\/\\\/autorival.ro\\\/skoda\\\/wp-content\\\/uploads\\\/sites\\\/10\\\/2025\\\/07\\\/1el_010_417-381-10.jpg\",\"width\":597,\"height\":400},{\"@type\":\"BreadcrumbList\",\"@id\":\"https:\\\/\\\/autorival.ro\\\/skoda\\\/produs\\\/far-skoda-roomster-5j7-1-6-benzina-105-cai-hella-1el-010-417-381\\\/#breadcrumb\",\"itemListElement\":[{\"@type\":\"ListItem\",\"position\":1,\"name\":\"Prima pagin\u0103\",\"item\":\"https:\\\/\\\/autorival.ro\\\/skoda\\\/\"},{\"@type\":\"ListItem\",\"position\":2,\"name\":\"Piese auto SKODA\",\"item\":\"https:\\\/\\\/autorival.ro\\\/skoda\\\/\"},{\"@type\":\"ListItem\",\"position\":3,\"name\":\"Far SKODA ROOMSTER (5J7) 1.6 benzina 105 cai HELLA 1EL 010 417-381\"}]},{\"@type\":\"WebSite\",\"@id\":\"https:\\\/\\\/autorival.ro\\\/skoda\\\/#website\",\"url\":\"https:\\\/\\\/autorival.ro\\\/skoda\\\/\",\"name\":\"SKODA\",\"description\":\"\",\"potentialAction\":[{\"@type\":\"SearchAction\",\"target\":{\"@type\":\"EntryPoint\",\"urlTemplate\":\"https:\\\/\\\/autorival.ro\\\/skoda\\\/?s={search_term_string}\"},\"query-input\":{\"@type\":\"PropertyValueSpecification\",\"valueRequired\":true,\"valueName\":\"search_term_string\"}}],\"inLanguage\":\"en-US\"}]}<\/script>\n<!-- \/ Yoast SEO plugin. -->","yoast_head_json":{"title":"Far SKODA ROOMSTER (5J7) 1.6 benzina 105 cai HELLA 1EL 010 417-381 SKODA | HELLA - Autorival","description":"\u26a1 Far SKODA ROOMSTER (5J7) 1.6 benzina 105 cai HELLA 1EL 010 417-381 pentru SKODA. \u2713 Cod: 1EL \u2713 Brand: HELLA \u2713 \u00cen stoc \u2713 Livrare 24h \u2713 Garan\u021bie!","robots":{"index":"index","follow":"follow","max-snippet":"max-snippet:-1","max-image-preview":"max-image-preview:large","max-video-preview":"max-video-preview:-1"},"og_locale":"en_US","og_type":"article","og_title":"Far SKODA ROOMSTER (5J7) 1.6 benzina 105 cai HELLA 1EL 010 417-381 SKODA | HELLA - Autorival","og_description":"\u26a1 Far SKODA ROOMSTER (5J7) 1.6 benzina 105 cai HELLA 1EL 010 417-381 pentru SKODA. \u2713 Cod: 1EL \u2713 Brand: HELLA \u2713 \u00cen stoc \u2713 Livrare 24h \u2713 Garan\u021bie!","og_url":"https:\/\/autorival.ro\/skoda\/produs\/far-skoda-roomster-5j7-1-6-benzina-105-cai-hella-1el-010-417-381\/","og_site_name":"SKODA","og_image":[{"width":597,"height":400,"url":"https:\/\/autorival.ro\/skoda\/wp-content\/uploads\/sites\/10\/2025\/07\/1el_010_417-381-10.jpg","type":"image\/jpeg"}],"twitter_card":"summary_large_image","twitter_title":"Far SKODA ROOMSTER (5J7) 1.6 benzina 105 cai HELLA 1EL 010 417-381 SKODA | HELLA - Autorival","twitter_description":"\u26a1 Far SKODA ROOMSTER (5J7) 1.6 benzina 105 cai HELLA 1EL 010 417-381 pentru SKODA. \u2713 Cod: 1EL \u2713 Brand: HELLA \u2713 \u00cen stoc \u2713 Livrare 24h \u2713 Garan\u021bie!","twitter_misc":{"Est. reading time":"1 minute"},"schema":{"@context":"https:\/\/schema.org","@graph":[{"@type":"WebPage","@id":"https:\/\/autorival.ro\/skoda\/produs\/far-skoda-roomster-5j7-1-6-benzina-105-cai-hella-1el-010-417-381\/","url":"https:\/\/autorival.ro\/skoda\/produs\/far-skoda-roomster-5j7-1-6-benzina-105-cai-hella-1el-010-417-381\/","name":"Far SKODA ROOMSTER (5J7) 1.6 benzina 105 cai HELLA 1EL 010 417-381 SKODA | HELLA - Autorival","isPartOf":{"@id":"https:\/\/autorival.ro\/skoda\/#website"},"primaryImageOfPage":{"@id":"https:\/\/autorival.ro\/skoda\/produs\/far-skoda-roomster-5j7-1-6-benzina-105-cai-hella-1el-010-417-381\/#primaryimage"},"image":{"@id":"https:\/\/autorival.ro\/skoda\/produs\/far-skoda-roomster-5j7-1-6-benzina-105-cai-hella-1el-010-417-381\/#primaryimage"},"thumbnailUrl":"https:\/\/autorival.ro\/skoda\/wp-content\/uploads\/sites\/10\/2025\/07\/1el_010_417-381-10.jpg","datePublished":"2025-07-18T08:32:49+00:00","description":"\u26a1 Far SKODA ROOMSTER (5J7) 1.6 benzina 105 cai HELLA 1EL 010 417-381 pentru SKODA. \u2713 Cod: 1EL \u2713 Brand: HELLA \u2713 \u00cen stoc \u2713 Livrare 24h \u2713 Garan\u021bie!","breadcrumb":{"@id":"https:\/\/autorival.ro\/skoda\/produs\/far-skoda-roomster-5j7-1-6-benzina-105-cai-hella-1el-010-417-381\/#breadcrumb"},"inLanguage":"en-US","potentialAction":[{"@type":"ReadAction","target":["https:\/\/autorival.ro\/skoda\/produs\/far-skoda-roomster-5j7-1-6-benzina-105-cai-hella-1el-010-417-381\/"]}]},{"@type":"ImageObject","inLanguage":"en-US","@id":"https:\/\/autorival.ro\/skoda\/produs\/far-skoda-roomster-5j7-1-6-benzina-105-cai-hella-1el-010-417-381\/#primaryimage","url":"https:\/\/autorival.ro\/skoda\/wp-content\/uploads\/sites\/10\/2025\/07\/1el_010_417-381-10.jpg","contentUrl":"https:\/\/autorival.ro\/skoda\/wp-content\/uploads\/sites\/10\/2025\/07\/1el_010_417-381-10.jpg","width":597,"height":400},{"@type":"BreadcrumbList","@id":"https:\/\/autorival.ro\/skoda\/produs\/far-skoda-roomster-5j7-1-6-benzina-105-cai-hella-1el-010-417-381\/#breadcrumb","itemListElement":[{"@type":"ListItem","position":1,"name":"Prima pagin\u0103","item":"https:\/\/autorival.ro\/skoda\/"},{"@type":"ListItem","position":2,"name":"Piese auto SKODA","item":"https:\/\/autorival.ro\/skoda\/"},{"@type":"ListItem","position":3,"name":"Far SKODA ROOMSTER (5J7) 1.6 benzina 105 cai HELLA 1EL 010 417-381"}]},{"@type":"WebSite","@id":"https:\/\/autorival.ro\/skoda\/#website","url":"https:\/\/autorival.ro\/skoda\/","name":"SKODA","description":"","potentialAction":[{"@type":"SearchAction","target":{"@type":"EntryPoint","urlTemplate":"https:\/\/autorival.ro\/skoda\/?s={search_term_string}"},"query-input":{"@type":"PropertyValueSpecification","valueRequired":true,"valueName":"search_term_string"}}],"inLanguage":"en-US"}]}},"_links":{"self":[{"href":"https:\/\/autorival.ro\/skoda\/wp-json\/wp\/v2\/product\/229776","targetHints":{"allow":["GET"]}}],"collection":[{"href":"https:\/\/autorival.ro\/skoda\/wp-json\/wp\/v2\/product"}],"about":[{"href":"https:\/\/autorival.ro\/skoda\/wp-json\/wp\/v2\/types\/product"}],"replies":[{"embeddable":true,"href":"https:\/\/autorival.ro\/skoda\/wp-json\/wp\/v2\/comments?post=229776"}],"wp:featuredmedia":[{"embeddable":true,"href":"https:\/\/autorival.ro\/skoda\/wp-json\/wp\/v2\/media\/229777"}],"wp:attachment":[{"href":"https:\/\/autorival.ro\/skoda\/wp-json\/wp\/v2\/media?parent=229776"}],"wp:term":[{"taxonomy":"product_brand","embeddable":true,"href":"https:\/\/autorival.ro\/skoda\/wp-json\/wp\/v2\/product_brand?post=229776"},{"taxonomy":"product_cat","embeddable":true,"href":"https:\/\/autorival.ro\/skoda\/wp-json\/wp\/v2\/product_cat?post=229776"},{"taxonomy":"product_tag","embeddable":true,"href":"https:\/\/autorival.ro\/skoda\/wp-json\/wp\/v2\/product_tag?post=229776"}],"curies":[{"name":"wp","href":"https:\/\/api.w.org\/{rel}","templated":true}]}}