{"id":210550,"date":"2025-07-18T04:38:14","date_gmt":"2025-07-18T04:38:14","guid":{"rendered":"https:\/\/autorival.ro\/skoda\/product\/disc-frana-skoda-karoq-nu7-nd7-2-0-tsi-4x4-benzina-190-cai-brembo-09-9145-11\/"},"modified":"2025-07-18T04:38:14","modified_gmt":"2025-07-18T04:38:14","slug":"disc-frana-skoda-karoq-nu7-nd7-2-0-tsi-4x4-benzina-190-cai-brembo-09-9145-11","status":"publish","type":"product","link":"https:\/\/autorival.ro\/skoda\/produs\/disc-frana-skoda-karoq-nu7-nd7-2-0-tsi-4x4-benzina-190-cai-brembo-09-9145-11\/","title":{"rendered":"Disc frana SKODA KAROQ (NU7, ND7) 2.0 TSI 4&#215;4 benzina 190 cai BREMBO 09.9145.11"},"content":{"rendered":"<p>Partea de montare: punte fatapt. numar PR: 1ZE, 1ZJSistem de fr\u00e2nare: ATETip disc fr\u00e2na: ventilat interior ->Grosime disc fr\u00e2na [mm]: 25Numar gauri: 5Articol completare\/Info suplimentar 2: cu suruburi\u00cenaltime [mm]: 50 ->Diametru de centrare [mm]: 65 ->Diametru exterior [mm]: 288Suprafata: acoperit (cu un strat protector) ->Grosime minima [mm]: 22Moment strangere [Nm]: 120<\/p>\n","protected":false},"excerpt":{"rendered":"<p>Producator: BREMBO Cod producator: 09.9145.11<\/p>\n","protected":false},"featured_media":210551,"comment_status":"open","ping_status":"closed","template":"","meta":[],"product_brand":[5397],"product_cat":[7741],"product_tag":[26112,26244,25622,25605,25606,25586,25593],"class_list":{"0":"post-210550","1":"product","2":"type-product","3":"status-publish","4":"has-post-thumbnail","6":"product_brand-brembo","7":"product_cat-disc-frana-nu7-nd7-2-0-tsi-4x4-benzina-190","8":"product_tag-brembo","9":"product_tag-disc","10":"product_tag-frana","11":"product_tag-karoq","12":"product_tag-nd","13":"product_tag-skoda","14":"product_tag-tsi","16":"first","17":"instock","18":"shipping-taxable","19":"purchasable","20":"product-type-simple"},"yoast_head":"<!-- This site is optimized with the Yoast SEO plugin v27.3 - https:\/\/yoast.com\/product\/yoast-seo-wordpress\/ -->\n<title>Disc frana SKODA KAROQ (NU7, ND7) 2.0 TSI 4&#215;4 benzina 190 cai BREMBO 09.9145.11 SKODA | BREMBO - Autorival<\/title>\n<meta name=\"description\" content=\"\u26a1 Disc frana SKODA KAROQ (NU7, ND7) 2.0 TSI 4&#215;4 benzina 190 cai BREMBO 09.9145.11 pentru SKODA. \u2713 Cod: 09 \u2713 Brand: BREMBO \u2713 \u00cen stoc \u2713 Livrare 24h \u2713 Garan\u021bie!\" \/>\n<meta name=\"robots\" content=\"index, follow, max-snippet:-1, max-image-preview:large, max-video-preview:-1\" \/>\n<meta property=\"og:locale\" content=\"en_US\" \/>\n<meta property=\"og:type\" content=\"article\" \/>\n<meta property=\"og:title\" content=\"Disc frana SKODA KAROQ (NU7, ND7) 2.0 TSI 4&#215;4 benzina 190 cai BREMBO 09.9145.11 SKODA | BREMBO - Autorival\" \/>\n<meta property=\"og:description\" content=\"\u26a1 Disc frana SKODA KAROQ (NU7, ND7) 2.0 TSI 4&#215;4 benzina 190 cai BREMBO 09.9145.11 pentru SKODA. \u2713 Cod: 09 \u2713 Brand: BREMBO \u2713 \u00cen stoc \u2713 Livrare 24h \u2713 Garan\u021bie!\" \/>\n<meta property=\"og:url\" content=\"https:\/\/autorival.ro\/skoda\/produs\/disc-frana-skoda-karoq-nu7-nd7-2-0-tsi-4x4-benzina-190-cai-brembo-09-9145-11\/\" \/>\n<meta property=\"og:site_name\" content=\"SKODA\" \/>\n<meta property=\"og:image\" content=\"https:\/\/autorival.ro\/skoda\/wp-content\/uploads\/sites\/10\/2025\/07\/09.9145.14-2.jpg\" \/>\n\t<meta property=\"og:image:width\" content=\"561\" \/>\n\t<meta property=\"og:image:height\" content=\"397\" \/>\n\t<meta property=\"og:image:type\" content=\"image\/jpeg\" \/>\n<meta name=\"twitter:card\" content=\"summary_large_image\" \/>\n<meta name=\"twitter:title\" content=\"Disc frana SKODA KAROQ (NU7, ND7) 2.0 TSI 4&#215;4 benzina 190 cai BREMBO 09.9145.11 SKODA | BREMBO - Autorival\" \/>\n<meta name=\"twitter:description\" content=\"\u26a1 Disc frana SKODA KAROQ (NU7, ND7) 2.0 TSI 4&#215;4 benzina 190 cai BREMBO 09.9145.11 pentru SKODA. \u2713 Cod: 09 \u2713 Brand: BREMBO \u2713 \u00cen stoc \u2713 Livrare 24h \u2713 Garan\u021bie!\" \/>\n<script type=\"application\/ld+json\" class=\"yoast-schema-graph\">{\"@context\":\"https:\\\/\\\/schema.org\",\"@graph\":[{\"@type\":\"WebPage\",\"@id\":\"https:\\\/\\\/autorival.ro\\\/skoda\\\/produs\\\/disc-frana-skoda-karoq-nu7-nd7-2-0-tsi-4x4-benzina-190-cai-brembo-09-9145-11\\\/\",\"url\":\"https:\\\/\\\/autorival.ro\\\/skoda\\\/produs\\\/disc-frana-skoda-karoq-nu7-nd7-2-0-tsi-4x4-benzina-190-cai-brembo-09-9145-11\\\/\",\"name\":\"Disc frana SKODA KAROQ (NU7, ND7) 2.0 TSI 4&#215;4 benzina 190 cai BREMBO 09.9145.11 SKODA | BREMBO - Autorival\",\"isPartOf\":{\"@id\":\"https:\\\/\\\/autorival.ro\\\/skoda\\\/#website\"},\"primaryImageOfPage\":{\"@id\":\"https:\\\/\\\/autorival.ro\\\/skoda\\\/produs\\\/disc-frana-skoda-karoq-nu7-nd7-2-0-tsi-4x4-benzina-190-cai-brembo-09-9145-11\\\/#primaryimage\"},\"image\":{\"@id\":\"https:\\\/\\\/autorival.ro\\\/skoda\\\/produs\\\/disc-frana-skoda-karoq-nu7-nd7-2-0-tsi-4x4-benzina-190-cai-brembo-09-9145-11\\\/#primaryimage\"},\"thumbnailUrl\":\"https:\\\/\\\/autorival.ro\\\/skoda\\\/wp-content\\\/uploads\\\/sites\\\/10\\\/2025\\\/07\\\/09.9145.14-2.jpg\",\"datePublished\":\"2025-07-18T04:38:14+00:00\",\"description\":\"\u26a1 Disc frana SKODA KAROQ (NU7, ND7) 2.0 TSI 4&#215;4 benzina 190 cai BREMBO 09.9145.11 pentru SKODA. \u2713 Cod: 09 \u2713 Brand: BREMBO \u2713 \u00cen stoc \u2713 Livrare 24h \u2713 Garan\u021bie!\",\"breadcrumb\":{\"@id\":\"https:\\\/\\\/autorival.ro\\\/skoda\\\/produs\\\/disc-frana-skoda-karoq-nu7-nd7-2-0-tsi-4x4-benzina-190-cai-brembo-09-9145-11\\\/#breadcrumb\"},\"inLanguage\":\"en-US\",\"potentialAction\":[{\"@type\":\"ReadAction\",\"target\":[\"https:\\\/\\\/autorival.ro\\\/skoda\\\/produs\\\/disc-frana-skoda-karoq-nu7-nd7-2-0-tsi-4x4-benzina-190-cai-brembo-09-9145-11\\\/\"]}]},{\"@type\":\"ImageObject\",\"inLanguage\":\"en-US\",\"@id\":\"https:\\\/\\\/autorival.ro\\\/skoda\\\/produs\\\/disc-frana-skoda-karoq-nu7-nd7-2-0-tsi-4x4-benzina-190-cai-brembo-09-9145-11\\\/#primaryimage\",\"url\":\"https:\\\/\\\/autorival.ro\\\/skoda\\\/wp-content\\\/uploads\\\/sites\\\/10\\\/2025\\\/07\\\/09.9145.14-2.jpg\",\"contentUrl\":\"https:\\\/\\\/autorival.ro\\\/skoda\\\/wp-content\\\/uploads\\\/sites\\\/10\\\/2025\\\/07\\\/09.9145.14-2.jpg\",\"width\":561,\"height\":397},{\"@type\":\"BreadcrumbList\",\"@id\":\"https:\\\/\\\/autorival.ro\\\/skoda\\\/produs\\\/disc-frana-skoda-karoq-nu7-nd7-2-0-tsi-4x4-benzina-190-cai-brembo-09-9145-11\\\/#breadcrumb\",\"itemListElement\":[{\"@type\":\"ListItem\",\"position\":1,\"name\":\"Prima pagin\u0103\",\"item\":\"https:\\\/\\\/autorival.ro\\\/skoda\\\/\"},{\"@type\":\"ListItem\",\"position\":2,\"name\":\"Piese auto SKODA\",\"item\":\"https:\\\/\\\/autorival.ro\\\/skoda\\\/\"},{\"@type\":\"ListItem\",\"position\":3,\"name\":\"Disc frana SKODA KAROQ (NU7, ND7) 2.0 TSI 4&#215;4 benzina 190 cai BREMBO 09.9145.11\"}]},{\"@type\":\"WebSite\",\"@id\":\"https:\\\/\\\/autorival.ro\\\/skoda\\\/#website\",\"url\":\"https:\\\/\\\/autorival.ro\\\/skoda\\\/\",\"name\":\"SKODA\",\"description\":\"\",\"potentialAction\":[{\"@type\":\"SearchAction\",\"target\":{\"@type\":\"EntryPoint\",\"urlTemplate\":\"https:\\\/\\\/autorival.ro\\\/skoda\\\/?s={search_term_string}\"},\"query-input\":{\"@type\":\"PropertyValueSpecification\",\"valueRequired\":true,\"valueName\":\"search_term_string\"}}],\"inLanguage\":\"en-US\"}]}<\/script>\n<!-- \/ Yoast SEO plugin. -->","yoast_head_json":{"title":"Disc frana SKODA KAROQ (NU7, ND7) 2.0 TSI 4&#215;4 benzina 190 cai BREMBO 09.9145.11 SKODA | BREMBO - Autorival","description":"\u26a1 Disc frana SKODA KAROQ (NU7, ND7) 2.0 TSI 4&#215;4 benzina 190 cai BREMBO 09.9145.11 pentru SKODA. \u2713 Cod: 09 \u2713 Brand: BREMBO \u2713 \u00cen stoc \u2713 Livrare 24h \u2713 Garan\u021bie!","robots":{"index":"index","follow":"follow","max-snippet":"max-snippet:-1","max-image-preview":"max-image-preview:large","max-video-preview":"max-video-preview:-1"},"og_locale":"en_US","og_type":"article","og_title":"Disc frana SKODA KAROQ (NU7, ND7) 2.0 TSI 4&#215;4 benzina 190 cai BREMBO 09.9145.11 SKODA | BREMBO - Autorival","og_description":"\u26a1 Disc frana SKODA KAROQ (NU7, ND7) 2.0 TSI 4&#215;4 benzina 190 cai BREMBO 09.9145.11 pentru SKODA. \u2713 Cod: 09 \u2713 Brand: BREMBO \u2713 \u00cen stoc \u2713 Livrare 24h \u2713 Garan\u021bie!","og_url":"https:\/\/autorival.ro\/skoda\/produs\/disc-frana-skoda-karoq-nu7-nd7-2-0-tsi-4x4-benzina-190-cai-brembo-09-9145-11\/","og_site_name":"SKODA","og_image":[{"width":561,"height":397,"url":"https:\/\/autorival.ro\/skoda\/wp-content\/uploads\/sites\/10\/2025\/07\/09.9145.14-2.jpg","type":"image\/jpeg"}],"twitter_card":"summary_large_image","twitter_title":"Disc frana SKODA KAROQ (NU7, ND7) 2.0 TSI 4&#215;4 benzina 190 cai BREMBO 09.9145.11 SKODA | BREMBO - Autorival","twitter_description":"\u26a1 Disc frana SKODA KAROQ (NU7, ND7) 2.0 TSI 4&#215;4 benzina 190 cai BREMBO 09.9145.11 pentru SKODA. \u2713 Cod: 09 \u2713 Brand: BREMBO \u2713 \u00cen stoc \u2713 Livrare 24h \u2713 Garan\u021bie!","schema":{"@context":"https:\/\/schema.org","@graph":[{"@type":"WebPage","@id":"https:\/\/autorival.ro\/skoda\/produs\/disc-frana-skoda-karoq-nu7-nd7-2-0-tsi-4x4-benzina-190-cai-brembo-09-9145-11\/","url":"https:\/\/autorival.ro\/skoda\/produs\/disc-frana-skoda-karoq-nu7-nd7-2-0-tsi-4x4-benzina-190-cai-brembo-09-9145-11\/","name":"Disc frana SKODA KAROQ (NU7, ND7) 2.0 TSI 4&#215;4 benzina 190 cai BREMBO 09.9145.11 SKODA | BREMBO - Autorival","isPartOf":{"@id":"https:\/\/autorival.ro\/skoda\/#website"},"primaryImageOfPage":{"@id":"https:\/\/autorival.ro\/skoda\/produs\/disc-frana-skoda-karoq-nu7-nd7-2-0-tsi-4x4-benzina-190-cai-brembo-09-9145-11\/#primaryimage"},"image":{"@id":"https:\/\/autorival.ro\/skoda\/produs\/disc-frana-skoda-karoq-nu7-nd7-2-0-tsi-4x4-benzina-190-cai-brembo-09-9145-11\/#primaryimage"},"thumbnailUrl":"https:\/\/autorival.ro\/skoda\/wp-content\/uploads\/sites\/10\/2025\/07\/09.9145.14-2.jpg","datePublished":"2025-07-18T04:38:14+00:00","description":"\u26a1 Disc frana SKODA KAROQ (NU7, ND7) 2.0 TSI 4&#215;4 benzina 190 cai BREMBO 09.9145.11 pentru SKODA. \u2713 Cod: 09 \u2713 Brand: BREMBO \u2713 \u00cen stoc \u2713 Livrare 24h \u2713 Garan\u021bie!","breadcrumb":{"@id":"https:\/\/autorival.ro\/skoda\/produs\/disc-frana-skoda-karoq-nu7-nd7-2-0-tsi-4x4-benzina-190-cai-brembo-09-9145-11\/#breadcrumb"},"inLanguage":"en-US","potentialAction":[{"@type":"ReadAction","target":["https:\/\/autorival.ro\/skoda\/produs\/disc-frana-skoda-karoq-nu7-nd7-2-0-tsi-4x4-benzina-190-cai-brembo-09-9145-11\/"]}]},{"@type":"ImageObject","inLanguage":"en-US","@id":"https:\/\/autorival.ro\/skoda\/produs\/disc-frana-skoda-karoq-nu7-nd7-2-0-tsi-4x4-benzina-190-cai-brembo-09-9145-11\/#primaryimage","url":"https:\/\/autorival.ro\/skoda\/wp-content\/uploads\/sites\/10\/2025\/07\/09.9145.14-2.jpg","contentUrl":"https:\/\/autorival.ro\/skoda\/wp-content\/uploads\/sites\/10\/2025\/07\/09.9145.14-2.jpg","width":561,"height":397},{"@type":"BreadcrumbList","@id":"https:\/\/autorival.ro\/skoda\/produs\/disc-frana-skoda-karoq-nu7-nd7-2-0-tsi-4x4-benzina-190-cai-brembo-09-9145-11\/#breadcrumb","itemListElement":[{"@type":"ListItem","position":1,"name":"Prima pagin\u0103","item":"https:\/\/autorival.ro\/skoda\/"},{"@type":"ListItem","position":2,"name":"Piese auto SKODA","item":"https:\/\/autorival.ro\/skoda\/"},{"@type":"ListItem","position":3,"name":"Disc frana SKODA KAROQ (NU7, ND7) 2.0 TSI 4&#215;4 benzina 190 cai BREMBO 09.9145.11"}]},{"@type":"WebSite","@id":"https:\/\/autorival.ro\/skoda\/#website","url":"https:\/\/autorival.ro\/skoda\/","name":"SKODA","description":"","potentialAction":[{"@type":"SearchAction","target":{"@type":"EntryPoint","urlTemplate":"https:\/\/autorival.ro\/skoda\/?s={search_term_string}"},"query-input":{"@type":"PropertyValueSpecification","valueRequired":true,"valueName":"search_term_string"}}],"inLanguage":"en-US"}]}},"_links":{"self":[{"href":"https:\/\/autorival.ro\/skoda\/wp-json\/wp\/v2\/product\/210550","targetHints":{"allow":["GET"]}}],"collection":[{"href":"https:\/\/autorival.ro\/skoda\/wp-json\/wp\/v2\/product"}],"about":[{"href":"https:\/\/autorival.ro\/skoda\/wp-json\/wp\/v2\/types\/product"}],"replies":[{"embeddable":true,"href":"https:\/\/autorival.ro\/skoda\/wp-json\/wp\/v2\/comments?post=210550"}],"wp:featuredmedia":[{"embeddable":true,"href":"https:\/\/autorival.ro\/skoda\/wp-json\/wp\/v2\/media\/210551"}],"wp:attachment":[{"href":"https:\/\/autorival.ro\/skoda\/wp-json\/wp\/v2\/media?parent=210550"}],"wp:term":[{"taxonomy":"product_brand","embeddable":true,"href":"https:\/\/autorival.ro\/skoda\/wp-json\/wp\/v2\/product_brand?post=210550"},{"taxonomy":"product_cat","embeddable":true,"href":"https:\/\/autorival.ro\/skoda\/wp-json\/wp\/v2\/product_cat?post=210550"},{"taxonomy":"product_tag","embeddable":true,"href":"https:\/\/autorival.ro\/skoda\/wp-json\/wp\/v2\/product_tag?post=210550"}],"curies":[{"name":"wp","href":"https:\/\/api.w.org\/{rel}","templated":true}]}}