{"id":210176,"date":"2025-07-18T04:34:05","date_gmt":"2025-07-18T04:34:05","guid":{"rendered":"https:\/\/autorival.ro\/skoda\/product\/disc-frana-skoda-karoq-nu7-nd7-1-5-tsi-4x4-benzina-150-cai-metzger-6110021\/"},"modified":"2025-07-18T04:34:05","modified_gmt":"2025-07-18T04:34:05","slug":"disc-frana-skoda-karoq-nu7-nd7-1-5-tsi-4x4-benzina-150-cai-metzger-6110021","status":"publish","type":"product","link":"https:\/\/autorival.ro\/skoda\/produs\/disc-frana-skoda-karoq-nu7-nd7-1-5-tsi-4x4-benzina-150-cai-metzger-6110021\/","title":{"rendered":"Disc frana SKODA KAROQ (NU7, ND7) 1.5 TSI 4&#215;4 benzina 150 cai METZGER 6110021"},"content":{"rendered":"<p>pt. numar PR: 1ZE, 1ZJSepararea blocurilorPartea de montare: Axa fata stanga, Axa fata dreaptaTip disc fr\u00e2na: ventilat interiorSuprafata: lacuit, \u0218lefuire \u00een cruce ->Diametru exterior [mm]: 288 ->Grosime disc fr\u00e2na [mm]: 25 ->Grosime minima [mm]: 22Numar gauri: 9Asezare gauri \u00d8 [mm]: 112\u00cenaltime [mm]: 49 ->Diametru de centrare [mm]: 65 ->Diametru interior [mm]: 144Articol completare\/Info suplimentar 2: cu suruburi<\/p>\n","protected":false},"excerpt":{"rendered":"<p>Producator: METZGER Cod producator: 6110021<\/p>\n","protected":false},"featured_media":210177,"comment_status":"open","ping_status":"closed","template":"","meta":[],"product_brand":[629],"product_cat":[7739],"product_tag":[26244,25622,25605,25722,25606,25586,25593],"class_list":{"0":"post-210176","1":"product","2":"type-product","3":"status-publish","4":"has-post-thumbnail","6":"product_brand-metzger","7":"product_cat-disc-frana-nu7-nd7-1-5-tsi-4x4-benzina-150","8":"product_tag-disc","9":"product_tag-frana","10":"product_tag-karoq","11":"product_tag-metzger","12":"product_tag-nd","13":"product_tag-skoda","14":"product_tag-tsi","16":"first","17":"instock","18":"shipping-taxable","19":"purchasable","20":"product-type-simple"},"yoast_head":"<!-- This site is optimized with the Yoast SEO plugin v27.3 - https:\/\/yoast.com\/product\/yoast-seo-wordpress\/ -->\n<title>Disc frana SKODA KAROQ (NU7, ND7) 1.5 TSI 4&#215;4 benzina 150 cai METZGER 6110021 SKODA | METZGER - Autorival<\/title>\n<meta name=\"description\" content=\"\u26a1 Disc frana SKODA KAROQ (NU7, ND7) 1.5 TSI 4&#215;4 benzina 150 cai METZGER 6110021 pentru SKODA. \u2713 Cod: 6110021 \u2713 Brand: METZGER \u2713 \u00cen stoc \u2713 Livrare 24h \u2713 Garan\u021bie!\" \/>\n<meta name=\"robots\" content=\"index, follow, max-snippet:-1, max-image-preview:large, max-video-preview:-1\" \/>\n<meta property=\"og:locale\" content=\"en_US\" \/>\n<meta property=\"og:type\" content=\"article\" \/>\n<meta property=\"og:title\" content=\"Disc frana SKODA KAROQ (NU7, ND7) 1.5 TSI 4&#215;4 benzina 150 cai METZGER 6110021 SKODA | METZGER - Autorival\" \/>\n<meta property=\"og:description\" content=\"\u26a1 Disc frana SKODA KAROQ (NU7, ND7) 1.5 TSI 4&#215;4 benzina 150 cai METZGER 6110021 pentru SKODA. \u2713 Cod: 6110021 \u2713 Brand: METZGER \u2713 \u00cen stoc \u2713 Livrare 24h \u2713 Garan\u021bie!\" \/>\n<meta property=\"og:url\" content=\"https:\/\/autorival.ro\/skoda\/produs\/disc-frana-skoda-karoq-nu7-nd7-1-5-tsi-4x4-benzina-150-cai-metzger-6110021\/\" \/>\n<meta property=\"og:site_name\" content=\"SKODA\" \/>\n<meta property=\"og:image\" content=\"https:\/\/autorival.ro\/skoda\/wp-content\/uploads\/sites\/10\/2025\/07\/6110021.jpg\" \/>\n\t<meta property=\"og:image:width\" content=\"598\" \/>\n\t<meta property=\"og:image:height\" content=\"351\" \/>\n\t<meta property=\"og:image:type\" content=\"image\/jpeg\" \/>\n<meta name=\"twitter:card\" content=\"summary_large_image\" \/>\n<meta name=\"twitter:title\" content=\"Disc frana SKODA KAROQ (NU7, ND7) 1.5 TSI 4&#215;4 benzina 150 cai METZGER 6110021 SKODA | METZGER - Autorival\" \/>\n<meta name=\"twitter:description\" content=\"\u26a1 Disc frana SKODA KAROQ (NU7, ND7) 1.5 TSI 4&#215;4 benzina 150 cai METZGER 6110021 pentru SKODA. \u2713 Cod: 6110021 \u2713 Brand: METZGER \u2713 \u00cen stoc \u2713 Livrare 24h \u2713 Garan\u021bie!\" \/>\n<script type=\"application\/ld+json\" class=\"yoast-schema-graph\">{\"@context\":\"https:\\\/\\\/schema.org\",\"@graph\":[{\"@type\":\"WebPage\",\"@id\":\"https:\\\/\\\/autorival.ro\\\/skoda\\\/produs\\\/disc-frana-skoda-karoq-nu7-nd7-1-5-tsi-4x4-benzina-150-cai-metzger-6110021\\\/\",\"url\":\"https:\\\/\\\/autorival.ro\\\/skoda\\\/produs\\\/disc-frana-skoda-karoq-nu7-nd7-1-5-tsi-4x4-benzina-150-cai-metzger-6110021\\\/\",\"name\":\"Disc frana SKODA KAROQ (NU7, ND7) 1.5 TSI 4&#215;4 benzina 150 cai METZGER 6110021 SKODA | METZGER - Autorival\",\"isPartOf\":{\"@id\":\"https:\\\/\\\/autorival.ro\\\/skoda\\\/#website\"},\"primaryImageOfPage\":{\"@id\":\"https:\\\/\\\/autorival.ro\\\/skoda\\\/produs\\\/disc-frana-skoda-karoq-nu7-nd7-1-5-tsi-4x4-benzina-150-cai-metzger-6110021\\\/#primaryimage\"},\"image\":{\"@id\":\"https:\\\/\\\/autorival.ro\\\/skoda\\\/produs\\\/disc-frana-skoda-karoq-nu7-nd7-1-5-tsi-4x4-benzina-150-cai-metzger-6110021\\\/#primaryimage\"},\"thumbnailUrl\":\"https:\\\/\\\/autorival.ro\\\/skoda\\\/wp-content\\\/uploads\\\/sites\\\/10\\\/2025\\\/07\\\/6110021.jpg\",\"datePublished\":\"2025-07-18T04:34:05+00:00\",\"description\":\"\u26a1 Disc frana SKODA KAROQ (NU7, ND7) 1.5 TSI 4&#215;4 benzina 150 cai METZGER 6110021 pentru SKODA. \u2713 Cod: 6110021 \u2713 Brand: METZGER \u2713 \u00cen stoc \u2713 Livrare 24h \u2713 Garan\u021bie!\",\"breadcrumb\":{\"@id\":\"https:\\\/\\\/autorival.ro\\\/skoda\\\/produs\\\/disc-frana-skoda-karoq-nu7-nd7-1-5-tsi-4x4-benzina-150-cai-metzger-6110021\\\/#breadcrumb\"},\"inLanguage\":\"en-US\",\"potentialAction\":[{\"@type\":\"ReadAction\",\"target\":[\"https:\\\/\\\/autorival.ro\\\/skoda\\\/produs\\\/disc-frana-skoda-karoq-nu7-nd7-1-5-tsi-4x4-benzina-150-cai-metzger-6110021\\\/\"]}]},{\"@type\":\"ImageObject\",\"inLanguage\":\"en-US\",\"@id\":\"https:\\\/\\\/autorival.ro\\\/skoda\\\/produs\\\/disc-frana-skoda-karoq-nu7-nd7-1-5-tsi-4x4-benzina-150-cai-metzger-6110021\\\/#primaryimage\",\"url\":\"https:\\\/\\\/autorival.ro\\\/skoda\\\/wp-content\\\/uploads\\\/sites\\\/10\\\/2025\\\/07\\\/6110021.jpg\",\"contentUrl\":\"https:\\\/\\\/autorival.ro\\\/skoda\\\/wp-content\\\/uploads\\\/sites\\\/10\\\/2025\\\/07\\\/6110021.jpg\",\"width\":598,\"height\":351},{\"@type\":\"BreadcrumbList\",\"@id\":\"https:\\\/\\\/autorival.ro\\\/skoda\\\/produs\\\/disc-frana-skoda-karoq-nu7-nd7-1-5-tsi-4x4-benzina-150-cai-metzger-6110021\\\/#breadcrumb\",\"itemListElement\":[{\"@type\":\"ListItem\",\"position\":1,\"name\":\"Prima pagin\u0103\",\"item\":\"https:\\\/\\\/autorival.ro\\\/skoda\\\/\"},{\"@type\":\"ListItem\",\"position\":2,\"name\":\"Piese auto SKODA\",\"item\":\"https:\\\/\\\/autorival.ro\\\/skoda\\\/\"},{\"@type\":\"ListItem\",\"position\":3,\"name\":\"Disc frana SKODA KAROQ (NU7, ND7) 1.5 TSI 4&#215;4 benzina 150 cai METZGER 6110021\"}]},{\"@type\":\"WebSite\",\"@id\":\"https:\\\/\\\/autorival.ro\\\/skoda\\\/#website\",\"url\":\"https:\\\/\\\/autorival.ro\\\/skoda\\\/\",\"name\":\"SKODA\",\"description\":\"\",\"potentialAction\":[{\"@type\":\"SearchAction\",\"target\":{\"@type\":\"EntryPoint\",\"urlTemplate\":\"https:\\\/\\\/autorival.ro\\\/skoda\\\/?s={search_term_string}\"},\"query-input\":{\"@type\":\"PropertyValueSpecification\",\"valueRequired\":true,\"valueName\":\"search_term_string\"}}],\"inLanguage\":\"en-US\"}]}<\/script>\n<!-- \/ Yoast SEO plugin. -->","yoast_head_json":{"title":"Disc frana SKODA KAROQ (NU7, ND7) 1.5 TSI 4&#215;4 benzina 150 cai METZGER 6110021 SKODA | METZGER - Autorival","description":"\u26a1 Disc frana SKODA KAROQ (NU7, ND7) 1.5 TSI 4&#215;4 benzina 150 cai METZGER 6110021 pentru SKODA. \u2713 Cod: 6110021 \u2713 Brand: METZGER \u2713 \u00cen stoc \u2713 Livrare 24h \u2713 Garan\u021bie!","robots":{"index":"index","follow":"follow","max-snippet":"max-snippet:-1","max-image-preview":"max-image-preview:large","max-video-preview":"max-video-preview:-1"},"og_locale":"en_US","og_type":"article","og_title":"Disc frana SKODA KAROQ (NU7, ND7) 1.5 TSI 4&#215;4 benzina 150 cai METZGER 6110021 SKODA | METZGER - Autorival","og_description":"\u26a1 Disc frana SKODA KAROQ (NU7, ND7) 1.5 TSI 4&#215;4 benzina 150 cai METZGER 6110021 pentru SKODA. \u2713 Cod: 6110021 \u2713 Brand: METZGER \u2713 \u00cen stoc \u2713 Livrare 24h \u2713 Garan\u021bie!","og_url":"https:\/\/autorival.ro\/skoda\/produs\/disc-frana-skoda-karoq-nu7-nd7-1-5-tsi-4x4-benzina-150-cai-metzger-6110021\/","og_site_name":"SKODA","og_image":[{"width":598,"height":351,"url":"https:\/\/autorival.ro\/skoda\/wp-content\/uploads\/sites\/10\/2025\/07\/6110021.jpg","type":"image\/jpeg"}],"twitter_card":"summary_large_image","twitter_title":"Disc frana SKODA KAROQ (NU7, ND7) 1.5 TSI 4&#215;4 benzina 150 cai METZGER 6110021 SKODA | METZGER - Autorival","twitter_description":"\u26a1 Disc frana SKODA KAROQ (NU7, ND7) 1.5 TSI 4&#215;4 benzina 150 cai METZGER 6110021 pentru SKODA. \u2713 Cod: 6110021 \u2713 Brand: METZGER \u2713 \u00cen stoc \u2713 Livrare 24h \u2713 Garan\u021bie!","schema":{"@context":"https:\/\/schema.org","@graph":[{"@type":"WebPage","@id":"https:\/\/autorival.ro\/skoda\/produs\/disc-frana-skoda-karoq-nu7-nd7-1-5-tsi-4x4-benzina-150-cai-metzger-6110021\/","url":"https:\/\/autorival.ro\/skoda\/produs\/disc-frana-skoda-karoq-nu7-nd7-1-5-tsi-4x4-benzina-150-cai-metzger-6110021\/","name":"Disc frana SKODA KAROQ (NU7, ND7) 1.5 TSI 4&#215;4 benzina 150 cai METZGER 6110021 SKODA | METZGER - Autorival","isPartOf":{"@id":"https:\/\/autorival.ro\/skoda\/#website"},"primaryImageOfPage":{"@id":"https:\/\/autorival.ro\/skoda\/produs\/disc-frana-skoda-karoq-nu7-nd7-1-5-tsi-4x4-benzina-150-cai-metzger-6110021\/#primaryimage"},"image":{"@id":"https:\/\/autorival.ro\/skoda\/produs\/disc-frana-skoda-karoq-nu7-nd7-1-5-tsi-4x4-benzina-150-cai-metzger-6110021\/#primaryimage"},"thumbnailUrl":"https:\/\/autorival.ro\/skoda\/wp-content\/uploads\/sites\/10\/2025\/07\/6110021.jpg","datePublished":"2025-07-18T04:34:05+00:00","description":"\u26a1 Disc frana SKODA KAROQ (NU7, ND7) 1.5 TSI 4&#215;4 benzina 150 cai METZGER 6110021 pentru SKODA. \u2713 Cod: 6110021 \u2713 Brand: METZGER \u2713 \u00cen stoc \u2713 Livrare 24h \u2713 Garan\u021bie!","breadcrumb":{"@id":"https:\/\/autorival.ro\/skoda\/produs\/disc-frana-skoda-karoq-nu7-nd7-1-5-tsi-4x4-benzina-150-cai-metzger-6110021\/#breadcrumb"},"inLanguage":"en-US","potentialAction":[{"@type":"ReadAction","target":["https:\/\/autorival.ro\/skoda\/produs\/disc-frana-skoda-karoq-nu7-nd7-1-5-tsi-4x4-benzina-150-cai-metzger-6110021\/"]}]},{"@type":"ImageObject","inLanguage":"en-US","@id":"https:\/\/autorival.ro\/skoda\/produs\/disc-frana-skoda-karoq-nu7-nd7-1-5-tsi-4x4-benzina-150-cai-metzger-6110021\/#primaryimage","url":"https:\/\/autorival.ro\/skoda\/wp-content\/uploads\/sites\/10\/2025\/07\/6110021.jpg","contentUrl":"https:\/\/autorival.ro\/skoda\/wp-content\/uploads\/sites\/10\/2025\/07\/6110021.jpg","width":598,"height":351},{"@type":"BreadcrumbList","@id":"https:\/\/autorival.ro\/skoda\/produs\/disc-frana-skoda-karoq-nu7-nd7-1-5-tsi-4x4-benzina-150-cai-metzger-6110021\/#breadcrumb","itemListElement":[{"@type":"ListItem","position":1,"name":"Prima pagin\u0103","item":"https:\/\/autorival.ro\/skoda\/"},{"@type":"ListItem","position":2,"name":"Piese auto SKODA","item":"https:\/\/autorival.ro\/skoda\/"},{"@type":"ListItem","position":3,"name":"Disc frana SKODA KAROQ (NU7, ND7) 1.5 TSI 4&#215;4 benzina 150 cai METZGER 6110021"}]},{"@type":"WebSite","@id":"https:\/\/autorival.ro\/skoda\/#website","url":"https:\/\/autorival.ro\/skoda\/","name":"SKODA","description":"","potentialAction":[{"@type":"SearchAction","target":{"@type":"EntryPoint","urlTemplate":"https:\/\/autorival.ro\/skoda\/?s={search_term_string}"},"query-input":{"@type":"PropertyValueSpecification","valueRequired":true,"valueName":"search_term_string"}}],"inLanguage":"en-US"}]}},"_links":{"self":[{"href":"https:\/\/autorival.ro\/skoda\/wp-json\/wp\/v2\/product\/210176","targetHints":{"allow":["GET"]}}],"collection":[{"href":"https:\/\/autorival.ro\/skoda\/wp-json\/wp\/v2\/product"}],"about":[{"href":"https:\/\/autorival.ro\/skoda\/wp-json\/wp\/v2\/types\/product"}],"replies":[{"embeddable":true,"href":"https:\/\/autorival.ro\/skoda\/wp-json\/wp\/v2\/comments?post=210176"}],"wp:featuredmedia":[{"embeddable":true,"href":"https:\/\/autorival.ro\/skoda\/wp-json\/wp\/v2\/media\/210177"}],"wp:attachment":[{"href":"https:\/\/autorival.ro\/skoda\/wp-json\/wp\/v2\/media?parent=210176"}],"wp:term":[{"taxonomy":"product_brand","embeddable":true,"href":"https:\/\/autorival.ro\/skoda\/wp-json\/wp\/v2\/product_brand?post=210176"},{"taxonomy":"product_cat","embeddable":true,"href":"https:\/\/autorival.ro\/skoda\/wp-json\/wp\/v2\/product_cat?post=210176"},{"taxonomy":"product_tag","embeddable":true,"href":"https:\/\/autorival.ro\/skoda\/wp-json\/wp\/v2\/product_tag?post=210176"}],"curies":[{"name":"wp","href":"https:\/\/api.w.org\/{rel}","templated":true}]}}