{"id":197632,"date":"2025-07-18T02:18:54","date_gmt":"2025-07-18T02:18:54","guid":{"rendered":"https:\/\/autorival.ro\/skoda\/product\/condensator-climatizare-skoda-roomster-5j7-1-4-benzina-86-cai-nissens-94628\/"},"modified":"2025-07-18T02:18:54","modified_gmt":"2025-07-18T02:18:54","slug":"condensator-climatizare-skoda-roomster-5j7-1-4-benzina-86-cai-nissens-94628","status":"publish","type":"product","link":"https:\/\/autorival.ro\/skoda\/produs\/condensator-climatizare-skoda-roomster-5j7-1-4-benzina-86-cai-nissens-94628\/","title":{"rendered":"Condensator climatizare SKODA ROOMSTER (5J7) 1.4 benzina 86 cai NISSENS 94628"},"content":{"rendered":"<p>Ad\u00e2ncimea plasei [mm]: 16 ->Lungime plas\u0103 [mm]: 467L\u0103\u021bimea plasei [mm]: 340Proprietati chimice: rezistent la coroziune ->Diametru admisie [mm]: 12,9Material: aluminiuArticol extins\/Informatii de extindere: cu umplutur\u0103 de azot ->Diametru evacuare [mm]: 12,9Agent frigorific: R 134a, R 1234yfArticol completare\/Info suplimentar 2: cu uscator<\/p>\n","protected":false},"excerpt":{"rendered":"<p>Producator: NISSENS Cod producator: 94628<\/p>\n","protected":false},"featured_media":197633,"comment_status":"open","ping_status":"closed","template":"","meta":[],"product_brand":[4789],"product_cat":[6864],"product_tag":[25661,26154,26198,26074,25611,25586],"class_list":{"0":"post-197632","1":"product","2":"type-product","3":"status-publish","4":"has-post-thumbnail","6":"product_brand-nissens","7":"product_cat-condensator-climatizare-5j7-1-4-benzina-86","8":"product_tag-5j7","9":"product_tag-climatizare","10":"product_tag-condensator","11":"product_tag-nissens","12":"product_tag-roomster","13":"product_tag-skoda","15":"first","16":"instock","17":"shipping-taxable","18":"purchasable","19":"product-type-simple"},"yoast_head":"<!-- This site is optimized with the Yoast SEO plugin v27.3 - https:\/\/yoast.com\/product\/yoast-seo-wordpress\/ -->\n<title>Condensator climatizare SKODA ROOMSTER (5J7) 1.4 benzina 86 cai NISSENS 94628 SKODA | NISSENS - Autorival<\/title>\n<meta name=\"description\" content=\"\u26a1 Condensator climatizare SKODA ROOMSTER (5J7) 1.4 benzina 86 cai NISSENS 94628 pentru SKODA. \u2713 Cod: 94628 \u2713 Brand: NISSENS \u2713 \u00cen stoc \u2713 Livrare 24h \u2713 Garan\u021bie!\" \/>\n<meta name=\"robots\" content=\"index, follow, max-snippet:-1, max-image-preview:large, max-video-preview:-1\" \/>\n<meta property=\"og:locale\" content=\"en_US\" \/>\n<meta property=\"og:type\" content=\"article\" \/>\n<meta property=\"og:title\" content=\"Condensator climatizare SKODA ROOMSTER (5J7) 1.4 benzina 86 cai NISSENS 94628 SKODA | NISSENS - Autorival\" \/>\n<meta property=\"og:description\" content=\"\u26a1 Condensator climatizare SKODA ROOMSTER (5J7) 1.4 benzina 86 cai NISSENS 94628 pentru SKODA. \u2713 Cod: 94628 \u2713 Brand: NISSENS \u2713 \u00cen stoc \u2713 Livrare 24h \u2713 Garan\u021bie!\" \/>\n<meta property=\"og:url\" content=\"https:\/\/autorival.ro\/skoda\/produs\/condensator-climatizare-skoda-roomster-5j7-1-4-benzina-86-cai-nissens-94628\/\" \/>\n<meta property=\"og:site_name\" content=\"SKODA\" \/>\n<meta property=\"og:image\" content=\"https:\/\/autorival.ro\/skoda\/wp-content\/uploads\/sites\/10\/2025\/07\/nis-94628-00-5.jpg\" \/>\n\t<meta property=\"og:image:width\" content=\"2000\" \/>\n\t<meta property=\"og:image:height\" content=\"1333\" \/>\n\t<meta property=\"og:image:type\" content=\"image\/jpeg\" \/>\n<meta name=\"twitter:card\" content=\"summary_large_image\" \/>\n<meta name=\"twitter:title\" content=\"Condensator climatizare SKODA ROOMSTER (5J7) 1.4 benzina 86 cai NISSENS 94628 SKODA | NISSENS - Autorival\" \/>\n<meta name=\"twitter:description\" content=\"\u26a1 Condensator climatizare SKODA ROOMSTER (5J7) 1.4 benzina 86 cai NISSENS 94628 pentru SKODA. \u2713 Cod: 94628 \u2713 Brand: NISSENS \u2713 \u00cen stoc \u2713 Livrare 24h \u2713 Garan\u021bie!\" \/>\n<script type=\"application\/ld+json\" class=\"yoast-schema-graph\">{\"@context\":\"https:\\\/\\\/schema.org\",\"@graph\":[{\"@type\":\"WebPage\",\"@id\":\"https:\\\/\\\/autorival.ro\\\/skoda\\\/produs\\\/condensator-climatizare-skoda-roomster-5j7-1-4-benzina-86-cai-nissens-94628\\\/\",\"url\":\"https:\\\/\\\/autorival.ro\\\/skoda\\\/produs\\\/condensator-climatizare-skoda-roomster-5j7-1-4-benzina-86-cai-nissens-94628\\\/\",\"name\":\"Condensator climatizare SKODA ROOMSTER (5J7) 1.4 benzina 86 cai NISSENS 94628 SKODA | NISSENS - Autorival\",\"isPartOf\":{\"@id\":\"https:\\\/\\\/autorival.ro\\\/skoda\\\/#website\"},\"primaryImageOfPage\":{\"@id\":\"https:\\\/\\\/autorival.ro\\\/skoda\\\/produs\\\/condensator-climatizare-skoda-roomster-5j7-1-4-benzina-86-cai-nissens-94628\\\/#primaryimage\"},\"image\":{\"@id\":\"https:\\\/\\\/autorival.ro\\\/skoda\\\/produs\\\/condensator-climatizare-skoda-roomster-5j7-1-4-benzina-86-cai-nissens-94628\\\/#primaryimage\"},\"thumbnailUrl\":\"https:\\\/\\\/autorival.ro\\\/skoda\\\/wp-content\\\/uploads\\\/sites\\\/10\\\/2025\\\/07\\\/nis-94628-00-5.jpg\",\"datePublished\":\"2025-07-18T02:18:54+00:00\",\"description\":\"\u26a1 Condensator climatizare SKODA ROOMSTER (5J7) 1.4 benzina 86 cai NISSENS 94628 pentru SKODA. \u2713 Cod: 94628 \u2713 Brand: NISSENS \u2713 \u00cen stoc \u2713 Livrare 24h \u2713 Garan\u021bie!\",\"breadcrumb\":{\"@id\":\"https:\\\/\\\/autorival.ro\\\/skoda\\\/produs\\\/condensator-climatizare-skoda-roomster-5j7-1-4-benzina-86-cai-nissens-94628\\\/#breadcrumb\"},\"inLanguage\":\"en-US\",\"potentialAction\":[{\"@type\":\"ReadAction\",\"target\":[\"https:\\\/\\\/autorival.ro\\\/skoda\\\/produs\\\/condensator-climatizare-skoda-roomster-5j7-1-4-benzina-86-cai-nissens-94628\\\/\"]}]},{\"@type\":\"ImageObject\",\"inLanguage\":\"en-US\",\"@id\":\"https:\\\/\\\/autorival.ro\\\/skoda\\\/produs\\\/condensator-climatizare-skoda-roomster-5j7-1-4-benzina-86-cai-nissens-94628\\\/#primaryimage\",\"url\":\"https:\\\/\\\/autorival.ro\\\/skoda\\\/wp-content\\\/uploads\\\/sites\\\/10\\\/2025\\\/07\\\/nis-94628-00-5.jpg\",\"contentUrl\":\"https:\\\/\\\/autorival.ro\\\/skoda\\\/wp-content\\\/uploads\\\/sites\\\/10\\\/2025\\\/07\\\/nis-94628-00-5.jpg\",\"width\":2000,\"height\":1333},{\"@type\":\"BreadcrumbList\",\"@id\":\"https:\\\/\\\/autorival.ro\\\/skoda\\\/produs\\\/condensator-climatizare-skoda-roomster-5j7-1-4-benzina-86-cai-nissens-94628\\\/#breadcrumb\",\"itemListElement\":[{\"@type\":\"ListItem\",\"position\":1,\"name\":\"Prima pagin\u0103\",\"item\":\"https:\\\/\\\/autorival.ro\\\/skoda\\\/\"},{\"@type\":\"ListItem\",\"position\":2,\"name\":\"Piese auto SKODA\",\"item\":\"https:\\\/\\\/autorival.ro\\\/skoda\\\/\"},{\"@type\":\"ListItem\",\"position\":3,\"name\":\"Condensator climatizare SKODA ROOMSTER (5J7) 1.4 benzina 86 cai NISSENS 94628\"}]},{\"@type\":\"WebSite\",\"@id\":\"https:\\\/\\\/autorival.ro\\\/skoda\\\/#website\",\"url\":\"https:\\\/\\\/autorival.ro\\\/skoda\\\/\",\"name\":\"SKODA\",\"description\":\"\",\"potentialAction\":[{\"@type\":\"SearchAction\",\"target\":{\"@type\":\"EntryPoint\",\"urlTemplate\":\"https:\\\/\\\/autorival.ro\\\/skoda\\\/?s={search_term_string}\"},\"query-input\":{\"@type\":\"PropertyValueSpecification\",\"valueRequired\":true,\"valueName\":\"search_term_string\"}}],\"inLanguage\":\"en-US\"}]}<\/script>\n<!-- \/ Yoast SEO plugin. -->","yoast_head_json":{"title":"Condensator climatizare SKODA ROOMSTER (5J7) 1.4 benzina 86 cai NISSENS 94628 SKODA | NISSENS - Autorival","description":"\u26a1 Condensator climatizare SKODA ROOMSTER (5J7) 1.4 benzina 86 cai NISSENS 94628 pentru SKODA. \u2713 Cod: 94628 \u2713 Brand: NISSENS \u2713 \u00cen stoc \u2713 Livrare 24h \u2713 Garan\u021bie!","robots":{"index":"index","follow":"follow","max-snippet":"max-snippet:-1","max-image-preview":"max-image-preview:large","max-video-preview":"max-video-preview:-1"},"og_locale":"en_US","og_type":"article","og_title":"Condensator climatizare SKODA ROOMSTER (5J7) 1.4 benzina 86 cai NISSENS 94628 SKODA | NISSENS - Autorival","og_description":"\u26a1 Condensator climatizare SKODA ROOMSTER (5J7) 1.4 benzina 86 cai NISSENS 94628 pentru SKODA. \u2713 Cod: 94628 \u2713 Brand: NISSENS \u2713 \u00cen stoc \u2713 Livrare 24h \u2713 Garan\u021bie!","og_url":"https:\/\/autorival.ro\/skoda\/produs\/condensator-climatizare-skoda-roomster-5j7-1-4-benzina-86-cai-nissens-94628\/","og_site_name":"SKODA","og_image":[{"width":2000,"height":1333,"url":"https:\/\/autorival.ro\/skoda\/wp-content\/uploads\/sites\/10\/2025\/07\/nis-94628-00-5.jpg","type":"image\/jpeg"}],"twitter_card":"summary_large_image","twitter_title":"Condensator climatizare SKODA ROOMSTER (5J7) 1.4 benzina 86 cai NISSENS 94628 SKODA | NISSENS - Autorival","twitter_description":"\u26a1 Condensator climatizare SKODA ROOMSTER (5J7) 1.4 benzina 86 cai NISSENS 94628 pentru SKODA. \u2713 Cod: 94628 \u2713 Brand: NISSENS \u2713 \u00cen stoc \u2713 Livrare 24h \u2713 Garan\u021bie!","schema":{"@context":"https:\/\/schema.org","@graph":[{"@type":"WebPage","@id":"https:\/\/autorival.ro\/skoda\/produs\/condensator-climatizare-skoda-roomster-5j7-1-4-benzina-86-cai-nissens-94628\/","url":"https:\/\/autorival.ro\/skoda\/produs\/condensator-climatizare-skoda-roomster-5j7-1-4-benzina-86-cai-nissens-94628\/","name":"Condensator climatizare SKODA ROOMSTER (5J7) 1.4 benzina 86 cai NISSENS 94628 SKODA | NISSENS - Autorival","isPartOf":{"@id":"https:\/\/autorival.ro\/skoda\/#website"},"primaryImageOfPage":{"@id":"https:\/\/autorival.ro\/skoda\/produs\/condensator-climatizare-skoda-roomster-5j7-1-4-benzina-86-cai-nissens-94628\/#primaryimage"},"image":{"@id":"https:\/\/autorival.ro\/skoda\/produs\/condensator-climatizare-skoda-roomster-5j7-1-4-benzina-86-cai-nissens-94628\/#primaryimage"},"thumbnailUrl":"https:\/\/autorival.ro\/skoda\/wp-content\/uploads\/sites\/10\/2025\/07\/nis-94628-00-5.jpg","datePublished":"2025-07-18T02:18:54+00:00","description":"\u26a1 Condensator climatizare SKODA ROOMSTER (5J7) 1.4 benzina 86 cai NISSENS 94628 pentru SKODA. \u2713 Cod: 94628 \u2713 Brand: NISSENS \u2713 \u00cen stoc \u2713 Livrare 24h \u2713 Garan\u021bie!","breadcrumb":{"@id":"https:\/\/autorival.ro\/skoda\/produs\/condensator-climatizare-skoda-roomster-5j7-1-4-benzina-86-cai-nissens-94628\/#breadcrumb"},"inLanguage":"en-US","potentialAction":[{"@type":"ReadAction","target":["https:\/\/autorival.ro\/skoda\/produs\/condensator-climatizare-skoda-roomster-5j7-1-4-benzina-86-cai-nissens-94628\/"]}]},{"@type":"ImageObject","inLanguage":"en-US","@id":"https:\/\/autorival.ro\/skoda\/produs\/condensator-climatizare-skoda-roomster-5j7-1-4-benzina-86-cai-nissens-94628\/#primaryimage","url":"https:\/\/autorival.ro\/skoda\/wp-content\/uploads\/sites\/10\/2025\/07\/nis-94628-00-5.jpg","contentUrl":"https:\/\/autorival.ro\/skoda\/wp-content\/uploads\/sites\/10\/2025\/07\/nis-94628-00-5.jpg","width":2000,"height":1333},{"@type":"BreadcrumbList","@id":"https:\/\/autorival.ro\/skoda\/produs\/condensator-climatizare-skoda-roomster-5j7-1-4-benzina-86-cai-nissens-94628\/#breadcrumb","itemListElement":[{"@type":"ListItem","position":1,"name":"Prima pagin\u0103","item":"https:\/\/autorival.ro\/skoda\/"},{"@type":"ListItem","position":2,"name":"Piese auto SKODA","item":"https:\/\/autorival.ro\/skoda\/"},{"@type":"ListItem","position":3,"name":"Condensator climatizare SKODA ROOMSTER (5J7) 1.4 benzina 86 cai NISSENS 94628"}]},{"@type":"WebSite","@id":"https:\/\/autorival.ro\/skoda\/#website","url":"https:\/\/autorival.ro\/skoda\/","name":"SKODA","description":"","potentialAction":[{"@type":"SearchAction","target":{"@type":"EntryPoint","urlTemplate":"https:\/\/autorival.ro\/skoda\/?s={search_term_string}"},"query-input":{"@type":"PropertyValueSpecification","valueRequired":true,"valueName":"search_term_string"}}],"inLanguage":"en-US"}]}},"_links":{"self":[{"href":"https:\/\/autorival.ro\/skoda\/wp-json\/wp\/v2\/product\/197632","targetHints":{"allow":["GET"]}}],"collection":[{"href":"https:\/\/autorival.ro\/skoda\/wp-json\/wp\/v2\/product"}],"about":[{"href":"https:\/\/autorival.ro\/skoda\/wp-json\/wp\/v2\/types\/product"}],"replies":[{"embeddable":true,"href":"https:\/\/autorival.ro\/skoda\/wp-json\/wp\/v2\/comments?post=197632"}],"wp:featuredmedia":[{"embeddable":true,"href":"https:\/\/autorival.ro\/skoda\/wp-json\/wp\/v2\/media\/197633"}],"wp:attachment":[{"href":"https:\/\/autorival.ro\/skoda\/wp-json\/wp\/v2\/media?parent=197632"}],"wp:term":[{"taxonomy":"product_brand","embeddable":true,"href":"https:\/\/autorival.ro\/skoda\/wp-json\/wp\/v2\/product_brand?post=197632"},{"taxonomy":"product_cat","embeddable":true,"href":"https:\/\/autorival.ro\/skoda\/wp-json\/wp\/v2\/product_cat?post=197632"},{"taxonomy":"product_tag","embeddable":true,"href":"https:\/\/autorival.ro\/skoda\/wp-json\/wp\/v2\/product_tag?post=197632"}],"curies":[{"name":"wp","href":"https:\/\/api.w.org\/{rel}","templated":true}]}}