{"id":196592,"date":"2025-07-18T02:07:50","date_gmt":"2025-07-18T02:07:50","guid":{"rendered":"https:\/\/autorival.ro\/skoda\/product\/condensator-climatizare-skoda-rapid-nh3-nk3-nk6-1-4-tsi-benzina-125-cai-bosch-1-986-ad2-003\/"},"modified":"2025-07-18T02:07:50","modified_gmt":"2025-07-18T02:07:50","slug":"condensator-climatizare-skoda-rapid-nh3-nk3-nk6-1-4-tsi-benzina-125-cai-bosch-1-986-ad2-003","status":"publish","type":"product","link":"https:\/\/autorival.ro\/skoda\/produs\/condensator-climatizare-skoda-rapid-nh3-nk3-nk6-1-4-tsi-benzina-125-cai-bosch-1-986-ad2-003\/","title":{"rendered":"Condensator climatizare SKODA RAPID (NH3, NK3, NK6) 1.4 TSI benzina 125 cai BOSCH 1 986 AD2 003"},"content":{"rendered":"<p>lungime totala [mm]: 605L\u0103\u021bimea total\u0103 [mm]: 340 ->Lungime plas\u0103 [mm]: 575L\u0103\u021bimea plasei [mm]: 327Ad\u00e2ncimea plasei [mm]: 16 ->Diametru admisie [mm]: 15,5 ->Diametru evacuare [mm]: 13,7Agent frigorific: R 134aArticol completare\/Info suplimentar 2: cu uscator, cu instructiuni montaj, cu inel etansareArticol extins\/Informatii de extindere: cu umplutur\u0103 de azotProprietati chimice: rezistent la coroziune<\/p>\n","protected":false},"excerpt":{"rendered":"<p>Producator: BOSCH Cod producator: 1 986 AD2 003<\/p>\n","protected":false},"featured_media":196593,"comment_status":"open","ping_status":"closed","template":"","meta":[],"product_brand":[357],"product_cat":[6836],"product_tag":[26155,25632,26198,25608,25607,25586,25593],"class_list":{"0":"post-196592","1":"product","2":"type-product","3":"status-publish","4":"has-post-thumbnail","6":"product_brand-bosch","7":"product_cat-condensator-climatizare-nh3-nk3-nk6-1-4-tsi-benzina-125","8":"product_tag-ad","9":"product_tag-bosch","10":"product_tag-condensator","11":"product_tag-nk","12":"product_tag-rapid","13":"product_tag-skoda","14":"product_tag-tsi","16":"first","17":"instock","18":"shipping-taxable","19":"purchasable","20":"product-type-simple"},"yoast_head":"<!-- This site is optimized with the Yoast SEO plugin v27.3 - https:\/\/yoast.com\/product\/yoast-seo-wordpress\/ -->\n<title>Condensator climatizare SKODA RAPID (NH3, NK3, NK6) 1.4 TSI benzina 125 cai BOSCH 1 986 AD2 003 SKODA | BOSCH - Autorival<\/title>\n<meta name=\"description\" content=\"\u26a1 Condensator climatizare SKODA RAPID (NH3, NK3, NK6) 1.4 TSI benzina 125 cai BOSCH 1 986 AD2 003 pentru SKODA. \u2713 Cod: 1 \u2713 Brand: BOSCH \u2713 \u00cen stoc \u2713 Livrare 24h \u2713 Garan\u021bie!\" \/>\n<meta name=\"robots\" content=\"index, follow, max-snippet:-1, max-image-preview:large, max-video-preview:-1\" \/>\n<meta property=\"og:locale\" content=\"en_US\" \/>\n<meta property=\"og:type\" content=\"article\" \/>\n<meta property=\"og:title\" content=\"Condensator climatizare SKODA RAPID (NH3, NK3, NK6) 1.4 TSI benzina 125 cai BOSCH 1 986 AD2 003 SKODA | BOSCH - Autorival\" \/>\n<meta property=\"og:description\" content=\"\u26a1 Condensator climatizare SKODA RAPID (NH3, NK3, NK6) 1.4 TSI benzina 125 cai BOSCH 1 986 AD2 003 pentru SKODA. \u2713 Cod: 1 \u2713 Brand: BOSCH \u2713 \u00cen stoc \u2713 Livrare 24h \u2713 Garan\u021bie!\" \/>\n<meta property=\"og:url\" content=\"https:\/\/autorival.ro\/skoda\/produs\/condensator-climatizare-skoda-rapid-nh3-nk3-nk6-1-4-tsi-benzina-125-cai-bosch-1-986-ad2-003\/\" \/>\n<meta property=\"og:site_name\" content=\"SKODA\" \/>\n<meta property=\"og:image\" content=\"https:\/\/autorival.ro\/skoda\/wp-content\/uploads\/sites\/10\/2025\/07\/1986ad2003phfrwhco0000-10.jpg\" \/>\n\t<meta property=\"og:image:width\" content=\"1280\" \/>\n\t<meta property=\"og:image:height\" content=\"544\" \/>\n\t<meta property=\"og:image:type\" content=\"image\/jpeg\" \/>\n<meta name=\"twitter:card\" content=\"summary_large_image\" \/>\n<meta name=\"twitter:title\" content=\"Condensator climatizare SKODA RAPID (NH3, NK3, NK6) 1.4 TSI benzina 125 cai BOSCH 1 986 AD2 003 SKODA | BOSCH - Autorival\" \/>\n<meta name=\"twitter:description\" content=\"\u26a1 Condensator climatizare SKODA RAPID (NH3, NK3, NK6) 1.4 TSI benzina 125 cai BOSCH 1 986 AD2 003 pentru SKODA. \u2713 Cod: 1 \u2713 Brand: BOSCH \u2713 \u00cen stoc \u2713 Livrare 24h \u2713 Garan\u021bie!\" \/>\n<script type=\"application\/ld+json\" class=\"yoast-schema-graph\">{\"@context\":\"https:\\\/\\\/schema.org\",\"@graph\":[{\"@type\":\"WebPage\",\"@id\":\"https:\\\/\\\/autorival.ro\\\/skoda\\\/produs\\\/condensator-climatizare-skoda-rapid-nh3-nk3-nk6-1-4-tsi-benzina-125-cai-bosch-1-986-ad2-003\\\/\",\"url\":\"https:\\\/\\\/autorival.ro\\\/skoda\\\/produs\\\/condensator-climatizare-skoda-rapid-nh3-nk3-nk6-1-4-tsi-benzina-125-cai-bosch-1-986-ad2-003\\\/\",\"name\":\"Condensator climatizare SKODA RAPID (NH3, NK3, NK6) 1.4 TSI benzina 125 cai BOSCH 1 986 AD2 003 SKODA | BOSCH - Autorival\",\"isPartOf\":{\"@id\":\"https:\\\/\\\/autorival.ro\\\/skoda\\\/#website\"},\"primaryImageOfPage\":{\"@id\":\"https:\\\/\\\/autorival.ro\\\/skoda\\\/produs\\\/condensator-climatizare-skoda-rapid-nh3-nk3-nk6-1-4-tsi-benzina-125-cai-bosch-1-986-ad2-003\\\/#primaryimage\"},\"image\":{\"@id\":\"https:\\\/\\\/autorival.ro\\\/skoda\\\/produs\\\/condensator-climatizare-skoda-rapid-nh3-nk3-nk6-1-4-tsi-benzina-125-cai-bosch-1-986-ad2-003\\\/#primaryimage\"},\"thumbnailUrl\":\"https:\\\/\\\/autorival.ro\\\/skoda\\\/wp-content\\\/uploads\\\/sites\\\/10\\\/2025\\\/07\\\/1986ad2003phfrwhco0000-10.jpg\",\"datePublished\":\"2025-07-18T02:07:50+00:00\",\"description\":\"\u26a1 Condensator climatizare SKODA RAPID (NH3, NK3, NK6) 1.4 TSI benzina 125 cai BOSCH 1 986 AD2 003 pentru SKODA. \u2713 Cod: 1 \u2713 Brand: BOSCH \u2713 \u00cen stoc \u2713 Livrare 24h \u2713 Garan\u021bie!\",\"breadcrumb\":{\"@id\":\"https:\\\/\\\/autorival.ro\\\/skoda\\\/produs\\\/condensator-climatizare-skoda-rapid-nh3-nk3-nk6-1-4-tsi-benzina-125-cai-bosch-1-986-ad2-003\\\/#breadcrumb\"},\"inLanguage\":\"en-US\",\"potentialAction\":[{\"@type\":\"ReadAction\",\"target\":[\"https:\\\/\\\/autorival.ro\\\/skoda\\\/produs\\\/condensator-climatizare-skoda-rapid-nh3-nk3-nk6-1-4-tsi-benzina-125-cai-bosch-1-986-ad2-003\\\/\"]}]},{\"@type\":\"ImageObject\",\"inLanguage\":\"en-US\",\"@id\":\"https:\\\/\\\/autorival.ro\\\/skoda\\\/produs\\\/condensator-climatizare-skoda-rapid-nh3-nk3-nk6-1-4-tsi-benzina-125-cai-bosch-1-986-ad2-003\\\/#primaryimage\",\"url\":\"https:\\\/\\\/autorival.ro\\\/skoda\\\/wp-content\\\/uploads\\\/sites\\\/10\\\/2025\\\/07\\\/1986ad2003phfrwhco0000-10.jpg\",\"contentUrl\":\"https:\\\/\\\/autorival.ro\\\/skoda\\\/wp-content\\\/uploads\\\/sites\\\/10\\\/2025\\\/07\\\/1986ad2003phfrwhco0000-10.jpg\",\"width\":1280,\"height\":544},{\"@type\":\"BreadcrumbList\",\"@id\":\"https:\\\/\\\/autorival.ro\\\/skoda\\\/produs\\\/condensator-climatizare-skoda-rapid-nh3-nk3-nk6-1-4-tsi-benzina-125-cai-bosch-1-986-ad2-003\\\/#breadcrumb\",\"itemListElement\":[{\"@type\":\"ListItem\",\"position\":1,\"name\":\"Prima pagin\u0103\",\"item\":\"https:\\\/\\\/autorival.ro\\\/skoda\\\/\"},{\"@type\":\"ListItem\",\"position\":2,\"name\":\"Piese auto SKODA\",\"item\":\"https:\\\/\\\/autorival.ro\\\/skoda\\\/\"},{\"@type\":\"ListItem\",\"position\":3,\"name\":\"Condensator climatizare SKODA RAPID (NH3, NK3, NK6) 1.4 TSI benzina 125 cai BOSCH 1 986 AD2 003\"}]},{\"@type\":\"WebSite\",\"@id\":\"https:\\\/\\\/autorival.ro\\\/skoda\\\/#website\",\"url\":\"https:\\\/\\\/autorival.ro\\\/skoda\\\/\",\"name\":\"SKODA\",\"description\":\"\",\"potentialAction\":[{\"@type\":\"SearchAction\",\"target\":{\"@type\":\"EntryPoint\",\"urlTemplate\":\"https:\\\/\\\/autorival.ro\\\/skoda\\\/?s={search_term_string}\"},\"query-input\":{\"@type\":\"PropertyValueSpecification\",\"valueRequired\":true,\"valueName\":\"search_term_string\"}}],\"inLanguage\":\"en-US\"}]}<\/script>\n<!-- \/ Yoast SEO plugin. -->","yoast_head_json":{"title":"Condensator climatizare SKODA RAPID (NH3, NK3, NK6) 1.4 TSI benzina 125 cai BOSCH 1 986 AD2 003 SKODA | BOSCH - Autorival","description":"\u26a1 Condensator climatizare SKODA RAPID (NH3, NK3, NK6) 1.4 TSI benzina 125 cai BOSCH 1 986 AD2 003 pentru SKODA. \u2713 Cod: 1 \u2713 Brand: BOSCH \u2713 \u00cen stoc \u2713 Livrare 24h \u2713 Garan\u021bie!","robots":{"index":"index","follow":"follow","max-snippet":"max-snippet:-1","max-image-preview":"max-image-preview:large","max-video-preview":"max-video-preview:-1"},"og_locale":"en_US","og_type":"article","og_title":"Condensator climatizare SKODA RAPID (NH3, NK3, NK6) 1.4 TSI benzina 125 cai BOSCH 1 986 AD2 003 SKODA | BOSCH - Autorival","og_description":"\u26a1 Condensator climatizare SKODA RAPID (NH3, NK3, NK6) 1.4 TSI benzina 125 cai BOSCH 1 986 AD2 003 pentru SKODA. \u2713 Cod: 1 \u2713 Brand: BOSCH \u2713 \u00cen stoc \u2713 Livrare 24h \u2713 Garan\u021bie!","og_url":"https:\/\/autorival.ro\/skoda\/produs\/condensator-climatizare-skoda-rapid-nh3-nk3-nk6-1-4-tsi-benzina-125-cai-bosch-1-986-ad2-003\/","og_site_name":"SKODA","og_image":[{"width":1280,"height":544,"url":"https:\/\/autorival.ro\/skoda\/wp-content\/uploads\/sites\/10\/2025\/07\/1986ad2003phfrwhco0000-10.jpg","type":"image\/jpeg"}],"twitter_card":"summary_large_image","twitter_title":"Condensator climatizare SKODA RAPID (NH3, NK3, NK6) 1.4 TSI benzina 125 cai BOSCH 1 986 AD2 003 SKODA | BOSCH - Autorival","twitter_description":"\u26a1 Condensator climatizare SKODA RAPID (NH3, NK3, NK6) 1.4 TSI benzina 125 cai BOSCH 1 986 AD2 003 pentru SKODA. \u2713 Cod: 1 \u2713 Brand: BOSCH \u2713 \u00cen stoc \u2713 Livrare 24h \u2713 Garan\u021bie!","schema":{"@context":"https:\/\/schema.org","@graph":[{"@type":"WebPage","@id":"https:\/\/autorival.ro\/skoda\/produs\/condensator-climatizare-skoda-rapid-nh3-nk3-nk6-1-4-tsi-benzina-125-cai-bosch-1-986-ad2-003\/","url":"https:\/\/autorival.ro\/skoda\/produs\/condensator-climatizare-skoda-rapid-nh3-nk3-nk6-1-4-tsi-benzina-125-cai-bosch-1-986-ad2-003\/","name":"Condensator climatizare SKODA RAPID (NH3, NK3, NK6) 1.4 TSI benzina 125 cai BOSCH 1 986 AD2 003 SKODA | BOSCH - Autorival","isPartOf":{"@id":"https:\/\/autorival.ro\/skoda\/#website"},"primaryImageOfPage":{"@id":"https:\/\/autorival.ro\/skoda\/produs\/condensator-climatizare-skoda-rapid-nh3-nk3-nk6-1-4-tsi-benzina-125-cai-bosch-1-986-ad2-003\/#primaryimage"},"image":{"@id":"https:\/\/autorival.ro\/skoda\/produs\/condensator-climatizare-skoda-rapid-nh3-nk3-nk6-1-4-tsi-benzina-125-cai-bosch-1-986-ad2-003\/#primaryimage"},"thumbnailUrl":"https:\/\/autorival.ro\/skoda\/wp-content\/uploads\/sites\/10\/2025\/07\/1986ad2003phfrwhco0000-10.jpg","datePublished":"2025-07-18T02:07:50+00:00","description":"\u26a1 Condensator climatizare SKODA RAPID (NH3, NK3, NK6) 1.4 TSI benzina 125 cai BOSCH 1 986 AD2 003 pentru SKODA. \u2713 Cod: 1 \u2713 Brand: BOSCH \u2713 \u00cen stoc \u2713 Livrare 24h \u2713 Garan\u021bie!","breadcrumb":{"@id":"https:\/\/autorival.ro\/skoda\/produs\/condensator-climatizare-skoda-rapid-nh3-nk3-nk6-1-4-tsi-benzina-125-cai-bosch-1-986-ad2-003\/#breadcrumb"},"inLanguage":"en-US","potentialAction":[{"@type":"ReadAction","target":["https:\/\/autorival.ro\/skoda\/produs\/condensator-climatizare-skoda-rapid-nh3-nk3-nk6-1-4-tsi-benzina-125-cai-bosch-1-986-ad2-003\/"]}]},{"@type":"ImageObject","inLanguage":"en-US","@id":"https:\/\/autorival.ro\/skoda\/produs\/condensator-climatizare-skoda-rapid-nh3-nk3-nk6-1-4-tsi-benzina-125-cai-bosch-1-986-ad2-003\/#primaryimage","url":"https:\/\/autorival.ro\/skoda\/wp-content\/uploads\/sites\/10\/2025\/07\/1986ad2003phfrwhco0000-10.jpg","contentUrl":"https:\/\/autorival.ro\/skoda\/wp-content\/uploads\/sites\/10\/2025\/07\/1986ad2003phfrwhco0000-10.jpg","width":1280,"height":544},{"@type":"BreadcrumbList","@id":"https:\/\/autorival.ro\/skoda\/produs\/condensator-climatizare-skoda-rapid-nh3-nk3-nk6-1-4-tsi-benzina-125-cai-bosch-1-986-ad2-003\/#breadcrumb","itemListElement":[{"@type":"ListItem","position":1,"name":"Prima pagin\u0103","item":"https:\/\/autorival.ro\/skoda\/"},{"@type":"ListItem","position":2,"name":"Piese auto SKODA","item":"https:\/\/autorival.ro\/skoda\/"},{"@type":"ListItem","position":3,"name":"Condensator climatizare SKODA RAPID (NH3, NK3, NK6) 1.4 TSI benzina 125 cai BOSCH 1 986 AD2 003"}]},{"@type":"WebSite","@id":"https:\/\/autorival.ro\/skoda\/#website","url":"https:\/\/autorival.ro\/skoda\/","name":"SKODA","description":"","potentialAction":[{"@type":"SearchAction","target":{"@type":"EntryPoint","urlTemplate":"https:\/\/autorival.ro\/skoda\/?s={search_term_string}"},"query-input":{"@type":"PropertyValueSpecification","valueRequired":true,"valueName":"search_term_string"}}],"inLanguage":"en-US"}]}},"_links":{"self":[{"href":"https:\/\/autorival.ro\/skoda\/wp-json\/wp\/v2\/product\/196592","targetHints":{"allow":["GET"]}}],"collection":[{"href":"https:\/\/autorival.ro\/skoda\/wp-json\/wp\/v2\/product"}],"about":[{"href":"https:\/\/autorival.ro\/skoda\/wp-json\/wp\/v2\/types\/product"}],"replies":[{"embeddable":true,"href":"https:\/\/autorival.ro\/skoda\/wp-json\/wp\/v2\/comments?post=196592"}],"wp:featuredmedia":[{"embeddable":true,"href":"https:\/\/autorival.ro\/skoda\/wp-json\/wp\/v2\/media\/196593"}],"wp:attachment":[{"href":"https:\/\/autorival.ro\/skoda\/wp-json\/wp\/v2\/media?parent=196592"}],"wp:term":[{"taxonomy":"product_brand","embeddable":true,"href":"https:\/\/autorival.ro\/skoda\/wp-json\/wp\/v2\/product_brand?post=196592"},{"taxonomy":"product_cat","embeddable":true,"href":"https:\/\/autorival.ro\/skoda\/wp-json\/wp\/v2\/product_cat?post=196592"},{"taxonomy":"product_tag","embeddable":true,"href":"https:\/\/autorival.ro\/skoda\/wp-json\/wp\/v2\/product_tag?post=196592"}],"curies":[{"name":"wp","href":"https:\/\/api.w.org\/{rel}","templated":true}]}}