{"id":123778,"date":"2025-07-17T15:45:23","date_gmt":"2025-07-17T15:45:23","guid":{"rendered":"https:\/\/autorival.ro\/skoda\/product\/cap-de-bara-skoda-rapid-nh3-nk3-nk6-1-4-tsi-benzina-125-cai-meyle-116-020-0010\/"},"modified":"2025-07-17T15:45:23","modified_gmt":"2025-07-17T15:45:23","slug":"cap-de-bara-skoda-rapid-nh3-nk3-nk6-1-4-tsi-benzina-125-cai-meyle-116-020-0010","status":"publish","type":"product","link":"https:\/\/autorival.ro\/skoda\/produs\/cap-de-bara-skoda-rapid-nh3-nk3-nk6-1-4-tsi-benzina-125-cai-meyle-116-020-0010\/","title":{"rendered":"Cap de bara SKODA RAPID (NH3, NK3, NK6) 1.4 TSI benzina 125 cai MEYLE 116 020 0010"},"content":{"rendered":"<p>Echipament vehicul: pentru autovehicule cu servodirectie asistata electricpt. numar PR: 1N1, 1N3Partea de montare: Axa fata dreapta ->Lungime [mm]: 94 ->Dimensiune filet 1: M12x1,5 ->Dimensiune filet 2: M14x1,5\u00eenlocuire \u00een pereche recomandat\u0103Numar bucati necesare: 1Numar articol par: 116 020 0009<\/p>\n","protected":false},"excerpt":{"rendered":"<p>Producator: MEYLE Cod producator: 116 020 0010<\/p>\n","protected":false},"featured_media":123779,"comment_status":"open","ping_status":"closed","template":"","meta":[],"product_brand":[469],"product_cat":[4193],"product_tag":[25769,26039,25682,25608,25607,25586,25593],"class_list":{"0":"post-123778","1":"product","2":"type-product","3":"status-publish","4":"has-post-thumbnail","6":"product_brand-meyle","7":"product_cat-cap-de-bara-nh3-nk3-nk6-1-4-tsi-benzina-125","8":"product_tag-bara","9":"product_tag-cap","10":"product_tag-meyle","11":"product_tag-nk","12":"product_tag-rapid","13":"product_tag-skoda","14":"product_tag-tsi","16":"first","17":"instock","18":"shipping-taxable","19":"purchasable","20":"product-type-simple"},"yoast_head":"<!-- This site is optimized with the Yoast SEO plugin v27.3 - https:\/\/yoast.com\/product\/yoast-seo-wordpress\/ -->\n<title>Cap de bara SKODA RAPID (NH3, NK3, NK6) 1.4 TSI benzina 125 cai MEYLE 116 020 0010 SKODA | MEYLE - Autorival<\/title>\n<meta name=\"description\" content=\"\u26a1 Cap de bara SKODA RAPID (NH3, NK3, NK6) 1.4 TSI benzina 125 cai MEYLE 116 020 0010 pentru SKODA. \u2713 Cod: 116 \u2713 Brand: MEYLE \u2713 \u00cen stoc \u2713 Livrare 24h \u2713 Garan\u021bie!\" \/>\n<meta name=\"robots\" content=\"index, follow, max-snippet:-1, max-image-preview:large, max-video-preview:-1\" \/>\n<meta property=\"og:locale\" content=\"en_US\" \/>\n<meta property=\"og:type\" content=\"article\" \/>\n<meta property=\"og:title\" content=\"Cap de bara SKODA RAPID (NH3, NK3, NK6) 1.4 TSI benzina 125 cai MEYLE 116 020 0010 SKODA | MEYLE - Autorival\" \/>\n<meta property=\"og:description\" content=\"\u26a1 Cap de bara SKODA RAPID (NH3, NK3, NK6) 1.4 TSI benzina 125 cai MEYLE 116 020 0010 pentru SKODA. \u2713 Cod: 116 \u2713 Brand: MEYLE \u2713 \u00cen stoc \u2713 Livrare 24h \u2713 Garan\u021bie!\" \/>\n<meta property=\"og:url\" content=\"https:\/\/autorival.ro\/skoda\/produs\/cap-de-bara-skoda-rapid-nh3-nk3-nk6-1-4-tsi-benzina-125-cai-meyle-116-020-0010\/\" \/>\n<meta property=\"og:site_name\" content=\"SKODA\" \/>\n<meta property=\"og:image\" content=\"https:\/\/autorival.ro\/skoda\/wp-content\/uploads\/sites\/10\/2025\/07\/fs_1160200010_1-7.jpg\" \/>\n\t<meta property=\"og:image:width\" content=\"600\" \/>\n\t<meta property=\"og:image:height\" content=\"400\" \/>\n\t<meta property=\"og:image:type\" content=\"image\/jpeg\" \/>\n<meta name=\"twitter:card\" content=\"summary_large_image\" \/>\n<meta name=\"twitter:title\" content=\"Cap de bara SKODA RAPID (NH3, NK3, NK6) 1.4 TSI benzina 125 cai MEYLE 116 020 0010 SKODA | MEYLE - Autorival\" \/>\n<meta name=\"twitter:description\" content=\"\u26a1 Cap de bara SKODA RAPID (NH3, NK3, NK6) 1.4 TSI benzina 125 cai MEYLE 116 020 0010 pentru SKODA. \u2713 Cod: 116 \u2713 Brand: MEYLE \u2713 \u00cen stoc \u2713 Livrare 24h \u2713 Garan\u021bie!\" \/>\n<script type=\"application\/ld+json\" class=\"yoast-schema-graph\">{\"@context\":\"https:\\\/\\\/schema.org\",\"@graph\":[{\"@type\":\"WebPage\",\"@id\":\"https:\\\/\\\/autorival.ro\\\/skoda\\\/produs\\\/cap-de-bara-skoda-rapid-nh3-nk3-nk6-1-4-tsi-benzina-125-cai-meyle-116-020-0010\\\/\",\"url\":\"https:\\\/\\\/autorival.ro\\\/skoda\\\/produs\\\/cap-de-bara-skoda-rapid-nh3-nk3-nk6-1-4-tsi-benzina-125-cai-meyle-116-020-0010\\\/\",\"name\":\"Cap de bara SKODA RAPID (NH3, NK3, NK6) 1.4 TSI benzina 125 cai MEYLE 116 020 0010 SKODA | MEYLE - Autorival\",\"isPartOf\":{\"@id\":\"https:\\\/\\\/autorival.ro\\\/skoda\\\/#website\"},\"primaryImageOfPage\":{\"@id\":\"https:\\\/\\\/autorival.ro\\\/skoda\\\/produs\\\/cap-de-bara-skoda-rapid-nh3-nk3-nk6-1-4-tsi-benzina-125-cai-meyle-116-020-0010\\\/#primaryimage\"},\"image\":{\"@id\":\"https:\\\/\\\/autorival.ro\\\/skoda\\\/produs\\\/cap-de-bara-skoda-rapid-nh3-nk3-nk6-1-4-tsi-benzina-125-cai-meyle-116-020-0010\\\/#primaryimage\"},\"thumbnailUrl\":\"https:\\\/\\\/autorival.ro\\\/skoda\\\/wp-content\\\/uploads\\\/sites\\\/10\\\/2025\\\/07\\\/fs_1160200010_1-7.jpg\",\"datePublished\":\"2025-07-17T15:45:23+00:00\",\"description\":\"\u26a1 Cap de bara SKODA RAPID (NH3, NK3, NK6) 1.4 TSI benzina 125 cai MEYLE 116 020 0010 pentru SKODA. \u2713 Cod: 116 \u2713 Brand: MEYLE \u2713 \u00cen stoc \u2713 Livrare 24h \u2713 Garan\u021bie!\",\"breadcrumb\":{\"@id\":\"https:\\\/\\\/autorival.ro\\\/skoda\\\/produs\\\/cap-de-bara-skoda-rapid-nh3-nk3-nk6-1-4-tsi-benzina-125-cai-meyle-116-020-0010\\\/#breadcrumb\"},\"inLanguage\":\"en-US\",\"potentialAction\":[{\"@type\":\"ReadAction\",\"target\":[\"https:\\\/\\\/autorival.ro\\\/skoda\\\/produs\\\/cap-de-bara-skoda-rapid-nh3-nk3-nk6-1-4-tsi-benzina-125-cai-meyle-116-020-0010\\\/\"]}]},{\"@type\":\"ImageObject\",\"inLanguage\":\"en-US\",\"@id\":\"https:\\\/\\\/autorival.ro\\\/skoda\\\/produs\\\/cap-de-bara-skoda-rapid-nh3-nk3-nk6-1-4-tsi-benzina-125-cai-meyle-116-020-0010\\\/#primaryimage\",\"url\":\"https:\\\/\\\/autorival.ro\\\/skoda\\\/wp-content\\\/uploads\\\/sites\\\/10\\\/2025\\\/07\\\/fs_1160200010_1-7.jpg\",\"contentUrl\":\"https:\\\/\\\/autorival.ro\\\/skoda\\\/wp-content\\\/uploads\\\/sites\\\/10\\\/2025\\\/07\\\/fs_1160200010_1-7.jpg\",\"width\":600,\"height\":400},{\"@type\":\"BreadcrumbList\",\"@id\":\"https:\\\/\\\/autorival.ro\\\/skoda\\\/produs\\\/cap-de-bara-skoda-rapid-nh3-nk3-nk6-1-4-tsi-benzina-125-cai-meyle-116-020-0010\\\/#breadcrumb\",\"itemListElement\":[{\"@type\":\"ListItem\",\"position\":1,\"name\":\"Prima pagin\u0103\",\"item\":\"https:\\\/\\\/autorival.ro\\\/skoda\\\/\"},{\"@type\":\"ListItem\",\"position\":2,\"name\":\"Piese auto SKODA\",\"item\":\"https:\\\/\\\/autorival.ro\\\/skoda\\\/\"},{\"@type\":\"ListItem\",\"position\":3,\"name\":\"Cap de bara SKODA RAPID (NH3, NK3, NK6) 1.4 TSI benzina 125 cai MEYLE 116 020 0010\"}]},{\"@type\":\"WebSite\",\"@id\":\"https:\\\/\\\/autorival.ro\\\/skoda\\\/#website\",\"url\":\"https:\\\/\\\/autorival.ro\\\/skoda\\\/\",\"name\":\"SKODA\",\"description\":\"\",\"potentialAction\":[{\"@type\":\"SearchAction\",\"target\":{\"@type\":\"EntryPoint\",\"urlTemplate\":\"https:\\\/\\\/autorival.ro\\\/skoda\\\/?s={search_term_string}\"},\"query-input\":{\"@type\":\"PropertyValueSpecification\",\"valueRequired\":true,\"valueName\":\"search_term_string\"}}],\"inLanguage\":\"en-US\"}]}<\/script>\n<!-- \/ Yoast SEO plugin. -->","yoast_head_json":{"title":"Cap de bara SKODA RAPID (NH3, NK3, NK6) 1.4 TSI benzina 125 cai MEYLE 116 020 0010 SKODA | MEYLE - Autorival","description":"\u26a1 Cap de bara SKODA RAPID (NH3, NK3, NK6) 1.4 TSI benzina 125 cai MEYLE 116 020 0010 pentru SKODA. \u2713 Cod: 116 \u2713 Brand: MEYLE \u2713 \u00cen stoc \u2713 Livrare 24h \u2713 Garan\u021bie!","robots":{"index":"index","follow":"follow","max-snippet":"max-snippet:-1","max-image-preview":"max-image-preview:large","max-video-preview":"max-video-preview:-1"},"og_locale":"en_US","og_type":"article","og_title":"Cap de bara SKODA RAPID (NH3, NK3, NK6) 1.4 TSI benzina 125 cai MEYLE 116 020 0010 SKODA | MEYLE - Autorival","og_description":"\u26a1 Cap de bara SKODA RAPID (NH3, NK3, NK6) 1.4 TSI benzina 125 cai MEYLE 116 020 0010 pentru SKODA. \u2713 Cod: 116 \u2713 Brand: MEYLE \u2713 \u00cen stoc \u2713 Livrare 24h \u2713 Garan\u021bie!","og_url":"https:\/\/autorival.ro\/skoda\/produs\/cap-de-bara-skoda-rapid-nh3-nk3-nk6-1-4-tsi-benzina-125-cai-meyle-116-020-0010\/","og_site_name":"SKODA","og_image":[{"width":600,"height":400,"url":"https:\/\/autorival.ro\/skoda\/wp-content\/uploads\/sites\/10\/2025\/07\/fs_1160200010_1-7.jpg","type":"image\/jpeg"}],"twitter_card":"summary_large_image","twitter_title":"Cap de bara SKODA RAPID (NH3, NK3, NK6) 1.4 TSI benzina 125 cai MEYLE 116 020 0010 SKODA | MEYLE - Autorival","twitter_description":"\u26a1 Cap de bara SKODA RAPID (NH3, NK3, NK6) 1.4 TSI benzina 125 cai MEYLE 116 020 0010 pentru SKODA. \u2713 Cod: 116 \u2713 Brand: MEYLE \u2713 \u00cen stoc \u2713 Livrare 24h \u2713 Garan\u021bie!","schema":{"@context":"https:\/\/schema.org","@graph":[{"@type":"WebPage","@id":"https:\/\/autorival.ro\/skoda\/produs\/cap-de-bara-skoda-rapid-nh3-nk3-nk6-1-4-tsi-benzina-125-cai-meyle-116-020-0010\/","url":"https:\/\/autorival.ro\/skoda\/produs\/cap-de-bara-skoda-rapid-nh3-nk3-nk6-1-4-tsi-benzina-125-cai-meyle-116-020-0010\/","name":"Cap de bara SKODA RAPID (NH3, NK3, NK6) 1.4 TSI benzina 125 cai MEYLE 116 020 0010 SKODA | MEYLE - Autorival","isPartOf":{"@id":"https:\/\/autorival.ro\/skoda\/#website"},"primaryImageOfPage":{"@id":"https:\/\/autorival.ro\/skoda\/produs\/cap-de-bara-skoda-rapid-nh3-nk3-nk6-1-4-tsi-benzina-125-cai-meyle-116-020-0010\/#primaryimage"},"image":{"@id":"https:\/\/autorival.ro\/skoda\/produs\/cap-de-bara-skoda-rapid-nh3-nk3-nk6-1-4-tsi-benzina-125-cai-meyle-116-020-0010\/#primaryimage"},"thumbnailUrl":"https:\/\/autorival.ro\/skoda\/wp-content\/uploads\/sites\/10\/2025\/07\/fs_1160200010_1-7.jpg","datePublished":"2025-07-17T15:45:23+00:00","description":"\u26a1 Cap de bara SKODA RAPID (NH3, NK3, NK6) 1.4 TSI benzina 125 cai MEYLE 116 020 0010 pentru SKODA. \u2713 Cod: 116 \u2713 Brand: MEYLE \u2713 \u00cen stoc \u2713 Livrare 24h \u2713 Garan\u021bie!","breadcrumb":{"@id":"https:\/\/autorival.ro\/skoda\/produs\/cap-de-bara-skoda-rapid-nh3-nk3-nk6-1-4-tsi-benzina-125-cai-meyle-116-020-0010\/#breadcrumb"},"inLanguage":"en-US","potentialAction":[{"@type":"ReadAction","target":["https:\/\/autorival.ro\/skoda\/produs\/cap-de-bara-skoda-rapid-nh3-nk3-nk6-1-4-tsi-benzina-125-cai-meyle-116-020-0010\/"]}]},{"@type":"ImageObject","inLanguage":"en-US","@id":"https:\/\/autorival.ro\/skoda\/produs\/cap-de-bara-skoda-rapid-nh3-nk3-nk6-1-4-tsi-benzina-125-cai-meyle-116-020-0010\/#primaryimage","url":"https:\/\/autorival.ro\/skoda\/wp-content\/uploads\/sites\/10\/2025\/07\/fs_1160200010_1-7.jpg","contentUrl":"https:\/\/autorival.ro\/skoda\/wp-content\/uploads\/sites\/10\/2025\/07\/fs_1160200010_1-7.jpg","width":600,"height":400},{"@type":"BreadcrumbList","@id":"https:\/\/autorival.ro\/skoda\/produs\/cap-de-bara-skoda-rapid-nh3-nk3-nk6-1-4-tsi-benzina-125-cai-meyle-116-020-0010\/#breadcrumb","itemListElement":[{"@type":"ListItem","position":1,"name":"Prima pagin\u0103","item":"https:\/\/autorival.ro\/skoda\/"},{"@type":"ListItem","position":2,"name":"Piese auto SKODA","item":"https:\/\/autorival.ro\/skoda\/"},{"@type":"ListItem","position":3,"name":"Cap de bara SKODA RAPID (NH3, NK3, NK6) 1.4 TSI benzina 125 cai MEYLE 116 020 0010"}]},{"@type":"WebSite","@id":"https:\/\/autorival.ro\/skoda\/#website","url":"https:\/\/autorival.ro\/skoda\/","name":"SKODA","description":"","potentialAction":[{"@type":"SearchAction","target":{"@type":"EntryPoint","urlTemplate":"https:\/\/autorival.ro\/skoda\/?s={search_term_string}"},"query-input":{"@type":"PropertyValueSpecification","valueRequired":true,"valueName":"search_term_string"}}],"inLanguage":"en-US"}]}},"_links":{"self":[{"href":"https:\/\/autorival.ro\/skoda\/wp-json\/wp\/v2\/product\/123778","targetHints":{"allow":["GET"]}}],"collection":[{"href":"https:\/\/autorival.ro\/skoda\/wp-json\/wp\/v2\/product"}],"about":[{"href":"https:\/\/autorival.ro\/skoda\/wp-json\/wp\/v2\/types\/product"}],"replies":[{"embeddable":true,"href":"https:\/\/autorival.ro\/skoda\/wp-json\/wp\/v2\/comments?post=123778"}],"wp:featuredmedia":[{"embeddable":true,"href":"https:\/\/autorival.ro\/skoda\/wp-json\/wp\/v2\/media\/123779"}],"wp:attachment":[{"href":"https:\/\/autorival.ro\/skoda\/wp-json\/wp\/v2\/media?parent=123778"}],"wp:term":[{"taxonomy":"product_brand","embeddable":true,"href":"https:\/\/autorival.ro\/skoda\/wp-json\/wp\/v2\/product_brand?post=123778"},{"taxonomy":"product_cat","embeddable":true,"href":"https:\/\/autorival.ro\/skoda\/wp-json\/wp\/v2\/product_cat?post=123778"},{"taxonomy":"product_tag","embeddable":true,"href":"https:\/\/autorival.ro\/skoda\/wp-json\/wp\/v2\/product_tag?post=123778"}],"curies":[{"name":"wp","href":"https:\/\/api.w.org\/{rel}","templated":true}]}}