{"id":33707,"date":"2025-10-31T15:43:53","date_gmt":"2025-10-31T15:43:53","guid":{"rendered":"https:\/\/autorival.ro\/renault\/product\/alternator-renault-master-iii-platou-sasiu-ev-hv-uv-2-3-dci-135-fwd-ev0n-hv0n-uv0n-ev08-hv08-uv08-diesel-136-cai-as-pl-a3705valeo\/"},"modified":"2025-10-31T15:43:53","modified_gmt":"2025-10-31T15:43:53","slug":"alternator-renault-master-iii-platou-sasiu-ev-hv-uv-2-3-dci-135-fwd-ev0n-hv0n-uv0n-ev08-hv08-uv08-diesel-136-cai-as-pl-a3705valeo","status":"publish","type":"product","link":"https:\/\/autorival.ro\/renault\/product\/alternator-renault-master-iii-platou-sasiu-ev-hv-uv-2-3-dci-135-fwd-ev0n-hv0n-uv0n-ev08-hv08-uv08-diesel-136-cai-as-pl-a3705valeo\/","title":{"rendered":"Alternator RENAULT MASTER III platou \/ sasiu (EV, HV, UV) 2.3 dCi 135 FWD (EV0N, HV0N, UV0N, EV08, HV08, UV08) diesel 136 cai AS-PL A3705(VALEO)"},"content":{"rendered":"<p>Restrictiile producatorului: VALEORole: cu rola curea cu cuplaj unisensTensiune [V]: 12Curent de incarcare generator [A]: 230Versiune: 443338Calitate: PREMIUM LINEPies\u0103 nou\u0103 f\u0103r\u0103 gaj<\/p>\n","protected":false},"excerpt":{"rendered":"<p>Producator: AS-PL Cod producator: A3705(VALEO)<\/p>\n","protected":false},"featured_media":33708,"comment_status":"open","ping_status":"closed","template":"","meta":[],"product_brand":[3358],"product_cat":[5074],"product_tag":[],"class_list":{"0":"post-33707","1":"product","2":"type-product","3":"status-publish","4":"has-post-thumbnail","6":"product_brand-as-pl","7":"product_cat-alternator-master-iii-platou-sasiu-ev-hv-uv-2-3-dci-135-fwd-ev0n-hv0n-uv0n-ev08-hv08-uv08-diesel-136-cai-valeo","9":"first","10":"instock","11":"shipping-taxable","12":"purchasable","13":"product-type-simple"},"yoast_head":"<!-- This site is optimized with the Yoast SEO plugin v27.5 - https:\/\/yoast.com\/product\/yoast-seo-wordpress\/ -->\n<title>Alternator RENAULT MASTER III platou \/ sasiu (EV, HV, UV) 2.3 dCi 135 FWD (EV0N, HV0N, UV0N, EV08, HV08, UV08) diesel 136 cai AS-PL A3705(VALEO) RENAULT | AS-PL - Autorival<\/title>\n<meta name=\"description\" content=\"\u26a1 Alternator RENAULT MASTER III platou \/ sasiu (EV, HV, UV) 2.3 dCi 135 FWD (EV0N, HV0N, UV0N, EV08, HV08, UV08) diesel 136 cai AS-PL A3705(VALEO) pentru RENAULT. \u2713 Cod: A3705 \u2713 Brand: AS-PL \u2713 \u00cen stoc \u2713 Livrare 24h \u2713 Garan\u021bie!\" \/>\n<meta name=\"robots\" content=\"index, follow, max-snippet:-1, max-image-preview:large, max-video-preview:-1\" \/>\n<meta property=\"og:locale\" content=\"en_US\" \/>\n<meta property=\"og:type\" content=\"article\" \/>\n<meta property=\"og:title\" content=\"Alternator RENAULT MASTER III platou \/ sasiu (EV, HV, UV) 2.3 dCi 135 FWD (EV0N, HV0N, UV0N, EV08, HV08, UV08) diesel 136 cai AS-PL A3705(VALEO) RENAULT | AS-PL - Autorival\" \/>\n<meta property=\"og:description\" content=\"\u26a1 Alternator RENAULT MASTER III platou \/ sasiu (EV, HV, UV) 2.3 dCi 135 FWD (EV0N, HV0N, UV0N, EV08, HV08, UV08) diesel 136 cai AS-PL A3705(VALEO) pentru RENAULT. \u2713 Cod: A3705 \u2713 Brand: AS-PL \u2713 \u00cen stoc \u2713 Livrare 24h \u2713 Garan\u021bie!\" \/>\n<meta property=\"og:url\" content=\"https:\/\/autorival.ro\/renault\/product\/alternator-renault-master-iii-platou-sasiu-ev-hv-uv-2-3-dci-135-fwd-ev0n-hv0n-uv0n-ev08-hv08-uv08-diesel-136-cai-as-pl-a3705valeo\/\" \/>\n<meta property=\"og:site_name\" content=\"RENAULT\" \/>\n<meta property=\"og:image\" content=\"https:\/\/autorival.ro\/renault\/wp-content\/uploads\/sites\/23\/2025\/10\/350270-4.jpg\" \/>\n\t<meta property=\"og:image:width\" content=\"1080\" \/>\n\t<meta property=\"og:image:height\" content=\"810\" \/>\n\t<meta property=\"og:image:type\" content=\"image\/jpeg\" \/>\n<meta name=\"twitter:card\" content=\"summary_large_image\" \/>\n<meta name=\"twitter:title\" content=\"Alternator RENAULT MASTER III platou \/ sasiu (EV, HV, UV) 2.3 dCi 135 FWD (EV0N, HV0N, UV0N, EV08, HV08, UV08) diesel 136 cai AS-PL A3705(VALEO) RENAULT | AS-PL - Autorival\" \/>\n<meta name=\"twitter:description\" content=\"\u26a1 Alternator RENAULT MASTER III platou \/ sasiu (EV, HV, UV) 2.3 dCi 135 FWD (EV0N, HV0N, UV0N, EV08, HV08, UV08) diesel 136 cai AS-PL A3705(VALEO) pentru RENAULT. \u2713 Cod: A3705 \u2713 Brand: AS-PL \u2713 \u00cen stoc \u2713 Livrare 24h \u2713 Garan\u021bie!\" \/>\n<script type=\"application\/ld+json\" class=\"yoast-schema-graph\">{\"@context\":\"https:\\\/\\\/schema.org\",\"@graph\":[{\"@type\":\"WebPage\",\"@id\":\"https:\\\/\\\/autorival.ro\\\/renault\\\/product\\\/alternator-renault-master-iii-platou-sasiu-ev-hv-uv-2-3-dci-135-fwd-ev0n-hv0n-uv0n-ev08-hv08-uv08-diesel-136-cai-as-pl-a3705valeo\\\/\",\"url\":\"https:\\\/\\\/autorival.ro\\\/renault\\\/product\\\/alternator-renault-master-iii-platou-sasiu-ev-hv-uv-2-3-dci-135-fwd-ev0n-hv0n-uv0n-ev08-hv08-uv08-diesel-136-cai-as-pl-a3705valeo\\\/\",\"name\":\"Alternator RENAULT MASTER III platou \\\/ sasiu (EV, HV, UV) 2.3 dCi 135 FWD (EV0N, HV0N, UV0N, EV08, HV08, UV08) diesel 136 cai AS-PL A3705(VALEO) RENAULT | AS-PL - Autorival\",\"isPartOf\":{\"@id\":\"https:\\\/\\\/autorival.ro\\\/renault\\\/#website\"},\"primaryImageOfPage\":{\"@id\":\"https:\\\/\\\/autorival.ro\\\/renault\\\/product\\\/alternator-renault-master-iii-platou-sasiu-ev-hv-uv-2-3-dci-135-fwd-ev0n-hv0n-uv0n-ev08-hv08-uv08-diesel-136-cai-as-pl-a3705valeo\\\/#primaryimage\"},\"image\":{\"@id\":\"https:\\\/\\\/autorival.ro\\\/renault\\\/product\\\/alternator-renault-master-iii-platou-sasiu-ev-hv-uv-2-3-dci-135-fwd-ev0n-hv0n-uv0n-ev08-hv08-uv08-diesel-136-cai-as-pl-a3705valeo\\\/#primaryimage\"},\"thumbnailUrl\":\"https:\\\/\\\/autorival.ro\\\/renault\\\/wp-content\\\/uploads\\\/sites\\\/23\\\/2025\\\/10\\\/350270-4.jpg\",\"datePublished\":\"2025-10-31T15:43:53+00:00\",\"description\":\"\u26a1 Alternator RENAULT MASTER III platou \\\/ sasiu (EV, HV, UV) 2.3 dCi 135 FWD (EV0N, HV0N, UV0N, EV08, HV08, UV08) diesel 136 cai AS-PL A3705(VALEO) pentru RENAULT. \u2713 Cod: A3705 \u2713 Brand: AS-PL \u2713 \u00cen stoc \u2713 Livrare 24h \u2713 Garan\u021bie!\",\"breadcrumb\":{\"@id\":\"https:\\\/\\\/autorival.ro\\\/renault\\\/product\\\/alternator-renault-master-iii-platou-sasiu-ev-hv-uv-2-3-dci-135-fwd-ev0n-hv0n-uv0n-ev08-hv08-uv08-diesel-136-cai-as-pl-a3705valeo\\\/#breadcrumb\"},\"inLanguage\":\"en-US\",\"potentialAction\":[{\"@type\":\"ReadAction\",\"target\":[\"https:\\\/\\\/autorival.ro\\\/renault\\\/product\\\/alternator-renault-master-iii-platou-sasiu-ev-hv-uv-2-3-dci-135-fwd-ev0n-hv0n-uv0n-ev08-hv08-uv08-diesel-136-cai-as-pl-a3705valeo\\\/\"]}]},{\"@type\":\"ImageObject\",\"inLanguage\":\"en-US\",\"@id\":\"https:\\\/\\\/autorival.ro\\\/renault\\\/product\\\/alternator-renault-master-iii-platou-sasiu-ev-hv-uv-2-3-dci-135-fwd-ev0n-hv0n-uv0n-ev08-hv08-uv08-diesel-136-cai-as-pl-a3705valeo\\\/#primaryimage\",\"url\":\"https:\\\/\\\/autorival.ro\\\/renault\\\/wp-content\\\/uploads\\\/sites\\\/23\\\/2025\\\/10\\\/350270-4.jpg\",\"contentUrl\":\"https:\\\/\\\/autorival.ro\\\/renault\\\/wp-content\\\/uploads\\\/sites\\\/23\\\/2025\\\/10\\\/350270-4.jpg\",\"width\":1080,\"height\":810},{\"@type\":\"BreadcrumbList\",\"@id\":\"https:\\\/\\\/autorival.ro\\\/renault\\\/product\\\/alternator-renault-master-iii-platou-sasiu-ev-hv-uv-2-3-dci-135-fwd-ev0n-hv0n-uv0n-ev08-hv08-uv08-diesel-136-cai-as-pl-a3705valeo\\\/#breadcrumb\",\"itemListElement\":[{\"@type\":\"ListItem\",\"position\":1,\"name\":\"Prima pagin\u0103\",\"item\":\"https:\\\/\\\/autorival.ro\\\/renault\\\/\"},{\"@type\":\"ListItem\",\"position\":2,\"name\":\"Piese auto RENAULT\",\"item\":\"https:\\\/\\\/autorival.ro\\\/renault\\\/\"},{\"@type\":\"ListItem\",\"position\":3,\"name\":\"Alternator RENAULT MASTER III platou \\\/ sasiu (EV, HV, UV) 2.3 dCi 135 FWD (EV0N, HV0N, UV0N, EV08, HV08, UV08) diesel 136 cai AS-PL A3705(VALEO)\"}]},{\"@type\":\"WebSite\",\"@id\":\"https:\\\/\\\/autorival.ro\\\/renault\\\/#website\",\"url\":\"https:\\\/\\\/autorival.ro\\\/renault\\\/\",\"name\":\"RENAULT\",\"description\":\"\",\"potentialAction\":[{\"@type\":\"SearchAction\",\"target\":{\"@type\":\"EntryPoint\",\"urlTemplate\":\"https:\\\/\\\/autorival.ro\\\/renault\\\/?s={search_term_string}\"},\"query-input\":{\"@type\":\"PropertyValueSpecification\",\"valueRequired\":true,\"valueName\":\"search_term_string\"}}],\"inLanguage\":\"en-US\"}]}<\/script>\n<!-- \/ Yoast SEO plugin. -->","yoast_head_json":{"title":"Alternator RENAULT MASTER III platou \/ sasiu (EV, HV, UV) 2.3 dCi 135 FWD (EV0N, HV0N, UV0N, EV08, HV08, UV08) diesel 136 cai AS-PL A3705(VALEO) RENAULT | AS-PL - Autorival","description":"\u26a1 Alternator RENAULT MASTER III platou \/ sasiu (EV, HV, UV) 2.3 dCi 135 FWD (EV0N, HV0N, UV0N, EV08, HV08, UV08) diesel 136 cai AS-PL A3705(VALEO) pentru RENAULT. \u2713 Cod: A3705 \u2713 Brand: AS-PL \u2713 \u00cen stoc \u2713 Livrare 24h \u2713 Garan\u021bie!","robots":{"index":"index","follow":"follow","max-snippet":"max-snippet:-1","max-image-preview":"max-image-preview:large","max-video-preview":"max-video-preview:-1"},"og_locale":"en_US","og_type":"article","og_title":"Alternator RENAULT MASTER III platou \/ sasiu (EV, HV, UV) 2.3 dCi 135 FWD (EV0N, HV0N, UV0N, EV08, HV08, UV08) diesel 136 cai AS-PL A3705(VALEO) RENAULT | AS-PL - Autorival","og_description":"\u26a1 Alternator RENAULT MASTER III platou \/ sasiu (EV, HV, UV) 2.3 dCi 135 FWD (EV0N, HV0N, UV0N, EV08, HV08, UV08) diesel 136 cai AS-PL A3705(VALEO) pentru RENAULT. \u2713 Cod: A3705 \u2713 Brand: AS-PL \u2713 \u00cen stoc \u2713 Livrare 24h \u2713 Garan\u021bie!","og_url":"https:\/\/autorival.ro\/renault\/product\/alternator-renault-master-iii-platou-sasiu-ev-hv-uv-2-3-dci-135-fwd-ev0n-hv0n-uv0n-ev08-hv08-uv08-diesel-136-cai-as-pl-a3705valeo\/","og_site_name":"RENAULT","og_image":[{"width":1080,"height":810,"url":"https:\/\/autorival.ro\/renault\/wp-content\/uploads\/sites\/23\/2025\/10\/350270-4.jpg","type":"image\/jpeg"}],"twitter_card":"summary_large_image","twitter_title":"Alternator RENAULT MASTER III platou \/ sasiu (EV, HV, UV) 2.3 dCi 135 FWD (EV0N, HV0N, UV0N, EV08, HV08, UV08) diesel 136 cai AS-PL A3705(VALEO) RENAULT | AS-PL - Autorival","twitter_description":"\u26a1 Alternator RENAULT MASTER III platou \/ sasiu (EV, HV, UV) 2.3 dCi 135 FWD (EV0N, HV0N, UV0N, EV08, HV08, UV08) diesel 136 cai AS-PL A3705(VALEO) pentru RENAULT. \u2713 Cod: A3705 \u2713 Brand: AS-PL \u2713 \u00cen stoc \u2713 Livrare 24h \u2713 Garan\u021bie!","schema":{"@context":"https:\/\/schema.org","@graph":[{"@type":"WebPage","@id":"https:\/\/autorival.ro\/renault\/product\/alternator-renault-master-iii-platou-sasiu-ev-hv-uv-2-3-dci-135-fwd-ev0n-hv0n-uv0n-ev08-hv08-uv08-diesel-136-cai-as-pl-a3705valeo\/","url":"https:\/\/autorival.ro\/renault\/product\/alternator-renault-master-iii-platou-sasiu-ev-hv-uv-2-3-dci-135-fwd-ev0n-hv0n-uv0n-ev08-hv08-uv08-diesel-136-cai-as-pl-a3705valeo\/","name":"Alternator RENAULT MASTER III platou \/ sasiu (EV, HV, UV) 2.3 dCi 135 FWD (EV0N, HV0N, UV0N, EV08, HV08, UV08) diesel 136 cai AS-PL A3705(VALEO) RENAULT | AS-PL - Autorival","isPartOf":{"@id":"https:\/\/autorival.ro\/renault\/#website"},"primaryImageOfPage":{"@id":"https:\/\/autorival.ro\/renault\/product\/alternator-renault-master-iii-platou-sasiu-ev-hv-uv-2-3-dci-135-fwd-ev0n-hv0n-uv0n-ev08-hv08-uv08-diesel-136-cai-as-pl-a3705valeo\/#primaryimage"},"image":{"@id":"https:\/\/autorival.ro\/renault\/product\/alternator-renault-master-iii-platou-sasiu-ev-hv-uv-2-3-dci-135-fwd-ev0n-hv0n-uv0n-ev08-hv08-uv08-diesel-136-cai-as-pl-a3705valeo\/#primaryimage"},"thumbnailUrl":"https:\/\/autorival.ro\/renault\/wp-content\/uploads\/sites\/23\/2025\/10\/350270-4.jpg","datePublished":"2025-10-31T15:43:53+00:00","description":"\u26a1 Alternator RENAULT MASTER III platou \/ sasiu (EV, HV, UV) 2.3 dCi 135 FWD (EV0N, HV0N, UV0N, EV08, HV08, UV08) diesel 136 cai AS-PL A3705(VALEO) pentru RENAULT. \u2713 Cod: A3705 \u2713 Brand: AS-PL \u2713 \u00cen stoc \u2713 Livrare 24h \u2713 Garan\u021bie!","breadcrumb":{"@id":"https:\/\/autorival.ro\/renault\/product\/alternator-renault-master-iii-platou-sasiu-ev-hv-uv-2-3-dci-135-fwd-ev0n-hv0n-uv0n-ev08-hv08-uv08-diesel-136-cai-as-pl-a3705valeo\/#breadcrumb"},"inLanguage":"en-US","potentialAction":[{"@type":"ReadAction","target":["https:\/\/autorival.ro\/renault\/product\/alternator-renault-master-iii-platou-sasiu-ev-hv-uv-2-3-dci-135-fwd-ev0n-hv0n-uv0n-ev08-hv08-uv08-diesel-136-cai-as-pl-a3705valeo\/"]}]},{"@type":"ImageObject","inLanguage":"en-US","@id":"https:\/\/autorival.ro\/renault\/product\/alternator-renault-master-iii-platou-sasiu-ev-hv-uv-2-3-dci-135-fwd-ev0n-hv0n-uv0n-ev08-hv08-uv08-diesel-136-cai-as-pl-a3705valeo\/#primaryimage","url":"https:\/\/autorival.ro\/renault\/wp-content\/uploads\/sites\/23\/2025\/10\/350270-4.jpg","contentUrl":"https:\/\/autorival.ro\/renault\/wp-content\/uploads\/sites\/23\/2025\/10\/350270-4.jpg","width":1080,"height":810},{"@type":"BreadcrumbList","@id":"https:\/\/autorival.ro\/renault\/product\/alternator-renault-master-iii-platou-sasiu-ev-hv-uv-2-3-dci-135-fwd-ev0n-hv0n-uv0n-ev08-hv08-uv08-diesel-136-cai-as-pl-a3705valeo\/#breadcrumb","itemListElement":[{"@type":"ListItem","position":1,"name":"Prima pagin\u0103","item":"https:\/\/autorival.ro\/renault\/"},{"@type":"ListItem","position":2,"name":"Piese auto RENAULT","item":"https:\/\/autorival.ro\/renault\/"},{"@type":"ListItem","position":3,"name":"Alternator RENAULT MASTER III platou \/ sasiu (EV, HV, UV) 2.3 dCi 135 FWD (EV0N, HV0N, UV0N, EV08, HV08, UV08) diesel 136 cai AS-PL A3705(VALEO)"}]},{"@type":"WebSite","@id":"https:\/\/autorival.ro\/renault\/#website","url":"https:\/\/autorival.ro\/renault\/","name":"RENAULT","description":"","potentialAction":[{"@type":"SearchAction","target":{"@type":"EntryPoint","urlTemplate":"https:\/\/autorival.ro\/renault\/?s={search_term_string}"},"query-input":{"@type":"PropertyValueSpecification","valueRequired":true,"valueName":"search_term_string"}}],"inLanguage":"en-US"}]}},"_links":{"self":[{"href":"https:\/\/autorival.ro\/renault\/wp-json\/wp\/v2\/product\/33707","targetHints":{"allow":["GET"]}}],"collection":[{"href":"https:\/\/autorival.ro\/renault\/wp-json\/wp\/v2\/product"}],"about":[{"href":"https:\/\/autorival.ro\/renault\/wp-json\/wp\/v2\/types\/product"}],"replies":[{"embeddable":true,"href":"https:\/\/autorival.ro\/renault\/wp-json\/wp\/v2\/comments?post=33707"}],"wp:featuredmedia":[{"embeddable":true,"href":"https:\/\/autorival.ro\/renault\/wp-json\/wp\/v2\/media\/33708"}],"wp:attachment":[{"href":"https:\/\/autorival.ro\/renault\/wp-json\/wp\/v2\/media?parent=33707"}],"wp:term":[{"taxonomy":"product_brand","embeddable":true,"href":"https:\/\/autorival.ro\/renault\/wp-json\/wp\/v2\/product_brand?post=33707"},{"taxonomy":"product_cat","embeddable":true,"href":"https:\/\/autorival.ro\/renault\/wp-json\/wp\/v2\/product_cat?post=33707"},{"taxonomy":"product_tag","embeddable":true,"href":"https:\/\/autorival.ro\/renault\/wp-json\/wp\/v2\/product_tag?post=33707"}],"curies":[{"name":"wp","href":"https:\/\/api.w.org\/{rel}","templated":true}]}}