{"id":314436,"date":"2025-11-27T22:53:35","date_gmt":"2025-11-27T22:53:35","guid":{"rendered":"https:\/\/autorival.ro\/renault\/product\/arc-spiral-renault-megane-iii-grandtour-kz0-1-1-5-dci-kz1g-kz1w-kz0r-diesel-95-cai-optimal-op-csp01084\/"},"modified":"2025-11-27T22:53:35","modified_gmt":"2025-11-27T22:53:35","slug":"arc-spiral-renault-megane-iii-grandtour-kz0-1-1-5-dci-kz1g-kz1w-kz0r-diesel-95-cai-optimal-op-csp01084","status":"publish","type":"product","link":"https:\/\/autorival.ro\/renault\/product\/arc-spiral-renault-megane-iii-grandtour-kz0-1-1-5-dci-kz1g-kz1w-kz0r-diesel-95-cai-optimal-op-csp01084\/","title":{"rendered":"Arc spiral RENAULT MEGANE III Grandtour (KZ0\/1) 1.5 dCi (KZ1G, KZ1W, KZ0R) diesel 95 cai OPTIMAL OP-CSP01084"},"content":{"rendered":"<p>Partea de montare: puntea spateLungime [mm]: 356Tip consctructiv arc: Arc elicoidal cu diametrul sarmei constantDiametru exterior [mm]: 107Diametru s\u00e2rm\u0103 [mm]: 11\u00eenlocuire \u00een pereche recomandat\u0103<\/p>\n","protected":false},"excerpt":{"rendered":"<p>Producator: OPTIMAL Cod producator: OP-CSP01084<\/p>\n","protected":false},"featured_media":314437,"comment_status":"open","ping_status":"closed","template":"","meta":[],"product_brand":[7239],"product_cat":[22305],"product_tag":[],"class_list":{"0":"post-314436","1":"product","2":"type-product","3":"status-publish","4":"has-post-thumbnail","6":"product_brand-optimal","7":"product_cat-arc-spiral-kz0-1-1-5-dci-kz1g-kz1w-kz0r-diesel-95-cai","9":"first","10":"instock","11":"shipping-taxable","12":"purchasable","13":"product-type-simple"},"yoast_head":"<!-- This site is optimized with the Yoast SEO plugin v27.5 - https:\/\/yoast.com\/product\/yoast-seo-wordpress\/ -->\n<title>Arc spiral RENAULT MEGANE III Grandtour (KZ0\/1) 1.5 dCi (KZ1G, KZ1W, KZ0R) diesel 95 cai OPTIMAL OP-CSP01084 RENAULT | OPTIMAL - Autorival<\/title>\n<meta name=\"description\" content=\"\u26a1 Arc spiral RENAULT MEGANE III Grandtour (KZ0\/1) 1.5 dCi (KZ1G, KZ1W, KZ0R) diesel 95 cai OPTIMAL OP-CSP01084 pentru RENAULT. \u2713 Cod: OP-CSP01084 \u2713 Brand: OPTIMAL \u2713 \u00cen stoc \u2713 Livrare 24h \u2713 Garan\u021bie!\" \/>\n<meta name=\"robots\" content=\"index, follow, max-snippet:-1, max-image-preview:large, max-video-preview:-1\" \/>\n<meta property=\"og:locale\" content=\"en_US\" \/>\n<meta property=\"og:type\" content=\"article\" \/>\n<meta property=\"og:title\" content=\"Arc spiral RENAULT MEGANE III Grandtour (KZ0\/1) 1.5 dCi (KZ1G, KZ1W, KZ0R) diesel 95 cai OPTIMAL OP-CSP01084 RENAULT | OPTIMAL - Autorival\" \/>\n<meta property=\"og:description\" content=\"\u26a1 Arc spiral RENAULT MEGANE III Grandtour (KZ0\/1) 1.5 dCi (KZ1G, KZ1W, KZ0R) diesel 95 cai OPTIMAL OP-CSP01084 pentru RENAULT. \u2713 Cod: OP-CSP01084 \u2713 Brand: OPTIMAL \u2713 \u00cen stoc \u2713 Livrare 24h \u2713 Garan\u021bie!\" \/>\n<meta property=\"og:url\" content=\"https:\/\/autorival.ro\/renault\/product\/arc-spiral-renault-megane-iii-grandtour-kz0-1-1-5-dci-kz1g-kz1w-kz0r-diesel-95-cai-optimal-op-csp01084\/\" \/>\n<meta property=\"og:site_name\" content=\"RENAULT\" \/>\n<meta property=\"og:image\" content=\"https:\/\/autorival.ro\/renault\/wp-content\/uploads\/sites\/23\/2025\/11\/opt_op-csp01084_wm_01-7.jpg\" \/>\n\t<meta property=\"og:image:width\" content=\"1000\" \/>\n\t<meta property=\"og:image:height\" content=\"1000\" \/>\n\t<meta property=\"og:image:type\" content=\"image\/jpeg\" \/>\n<meta name=\"twitter:card\" content=\"summary_large_image\" \/>\n<meta name=\"twitter:title\" content=\"Arc spiral RENAULT MEGANE III Grandtour (KZ0\/1) 1.5 dCi (KZ1G, KZ1W, KZ0R) diesel 95 cai OPTIMAL OP-CSP01084 RENAULT | OPTIMAL - Autorival\" \/>\n<meta name=\"twitter:description\" content=\"\u26a1 Arc spiral RENAULT MEGANE III Grandtour (KZ0\/1) 1.5 dCi (KZ1G, KZ1W, KZ0R) diesel 95 cai OPTIMAL OP-CSP01084 pentru RENAULT. \u2713 Cod: OP-CSP01084 \u2713 Brand: OPTIMAL \u2713 \u00cen stoc \u2713 Livrare 24h \u2713 Garan\u021bie!\" \/>\n<script type=\"application\/ld+json\" class=\"yoast-schema-graph\">{\"@context\":\"https:\\\/\\\/schema.org\",\"@graph\":[{\"@type\":\"WebPage\",\"@id\":\"https:\\\/\\\/autorival.ro\\\/renault\\\/product\\\/arc-spiral-renault-megane-iii-grandtour-kz0-1-1-5-dci-kz1g-kz1w-kz0r-diesel-95-cai-optimal-op-csp01084\\\/\",\"url\":\"https:\\\/\\\/autorival.ro\\\/renault\\\/product\\\/arc-spiral-renault-megane-iii-grandtour-kz0-1-1-5-dci-kz1g-kz1w-kz0r-diesel-95-cai-optimal-op-csp01084\\\/\",\"name\":\"Arc spiral RENAULT MEGANE III Grandtour (KZ0\\\/1) 1.5 dCi (KZ1G, KZ1W, KZ0R) diesel 95 cai OPTIMAL OP-CSP01084 RENAULT | OPTIMAL - Autorival\",\"isPartOf\":{\"@id\":\"https:\\\/\\\/autorival.ro\\\/renault\\\/#website\"},\"primaryImageOfPage\":{\"@id\":\"https:\\\/\\\/autorival.ro\\\/renault\\\/product\\\/arc-spiral-renault-megane-iii-grandtour-kz0-1-1-5-dci-kz1g-kz1w-kz0r-diesel-95-cai-optimal-op-csp01084\\\/#primaryimage\"},\"image\":{\"@id\":\"https:\\\/\\\/autorival.ro\\\/renault\\\/product\\\/arc-spiral-renault-megane-iii-grandtour-kz0-1-1-5-dci-kz1g-kz1w-kz0r-diesel-95-cai-optimal-op-csp01084\\\/#primaryimage\"},\"thumbnailUrl\":\"https:\\\/\\\/autorival.ro\\\/renault\\\/wp-content\\\/uploads\\\/sites\\\/23\\\/2025\\\/11\\\/opt_op-csp01084_wm_01-7.jpg\",\"datePublished\":\"2025-11-27T22:53:35+00:00\",\"description\":\"\u26a1 Arc spiral RENAULT MEGANE III Grandtour (KZ0\\\/1) 1.5 dCi (KZ1G, KZ1W, KZ0R) diesel 95 cai OPTIMAL OP-CSP01084 pentru RENAULT. \u2713 Cod: OP-CSP01084 \u2713 Brand: OPTIMAL \u2713 \u00cen stoc \u2713 Livrare 24h \u2713 Garan\u021bie!\",\"breadcrumb\":{\"@id\":\"https:\\\/\\\/autorival.ro\\\/renault\\\/product\\\/arc-spiral-renault-megane-iii-grandtour-kz0-1-1-5-dci-kz1g-kz1w-kz0r-diesel-95-cai-optimal-op-csp01084\\\/#breadcrumb\"},\"inLanguage\":\"en-US\",\"potentialAction\":[{\"@type\":\"ReadAction\",\"target\":[\"https:\\\/\\\/autorival.ro\\\/renault\\\/product\\\/arc-spiral-renault-megane-iii-grandtour-kz0-1-1-5-dci-kz1g-kz1w-kz0r-diesel-95-cai-optimal-op-csp01084\\\/\"]}]},{\"@type\":\"ImageObject\",\"inLanguage\":\"en-US\",\"@id\":\"https:\\\/\\\/autorival.ro\\\/renault\\\/product\\\/arc-spiral-renault-megane-iii-grandtour-kz0-1-1-5-dci-kz1g-kz1w-kz0r-diesel-95-cai-optimal-op-csp01084\\\/#primaryimage\",\"url\":\"https:\\\/\\\/autorival.ro\\\/renault\\\/wp-content\\\/uploads\\\/sites\\\/23\\\/2025\\\/11\\\/opt_op-csp01084_wm_01-7.jpg\",\"contentUrl\":\"https:\\\/\\\/autorival.ro\\\/renault\\\/wp-content\\\/uploads\\\/sites\\\/23\\\/2025\\\/11\\\/opt_op-csp01084_wm_01-7.jpg\",\"width\":1000,\"height\":1000},{\"@type\":\"BreadcrumbList\",\"@id\":\"https:\\\/\\\/autorival.ro\\\/renault\\\/product\\\/arc-spiral-renault-megane-iii-grandtour-kz0-1-1-5-dci-kz1g-kz1w-kz0r-diesel-95-cai-optimal-op-csp01084\\\/#breadcrumb\",\"itemListElement\":[{\"@type\":\"ListItem\",\"position\":1,\"name\":\"Prima pagin\u0103\",\"item\":\"https:\\\/\\\/autorival.ro\\\/renault\\\/\"},{\"@type\":\"ListItem\",\"position\":2,\"name\":\"Piese auto RENAULT\",\"item\":\"https:\\\/\\\/autorival.ro\\\/renault\\\/\"},{\"@type\":\"ListItem\",\"position\":3,\"name\":\"Arc spiral RENAULT MEGANE III Grandtour (KZ0\\\/1) 1.5 dCi (KZ1G, KZ1W, KZ0R) diesel 95 cai OPTIMAL OP-CSP01084\"}]},{\"@type\":\"WebSite\",\"@id\":\"https:\\\/\\\/autorival.ro\\\/renault\\\/#website\",\"url\":\"https:\\\/\\\/autorival.ro\\\/renault\\\/\",\"name\":\"RENAULT\",\"description\":\"\",\"potentialAction\":[{\"@type\":\"SearchAction\",\"target\":{\"@type\":\"EntryPoint\",\"urlTemplate\":\"https:\\\/\\\/autorival.ro\\\/renault\\\/?s={search_term_string}\"},\"query-input\":{\"@type\":\"PropertyValueSpecification\",\"valueRequired\":true,\"valueName\":\"search_term_string\"}}],\"inLanguage\":\"en-US\"}]}<\/script>\n<!-- \/ Yoast SEO plugin. -->","yoast_head_json":{"title":"Arc spiral RENAULT MEGANE III Grandtour (KZ0\/1) 1.5 dCi (KZ1G, KZ1W, KZ0R) diesel 95 cai OPTIMAL OP-CSP01084 RENAULT | OPTIMAL - Autorival","description":"\u26a1 Arc spiral RENAULT MEGANE III Grandtour (KZ0\/1) 1.5 dCi (KZ1G, KZ1W, KZ0R) diesel 95 cai OPTIMAL OP-CSP01084 pentru RENAULT. \u2713 Cod: OP-CSP01084 \u2713 Brand: OPTIMAL \u2713 \u00cen stoc \u2713 Livrare 24h \u2713 Garan\u021bie!","robots":{"index":"index","follow":"follow","max-snippet":"max-snippet:-1","max-image-preview":"max-image-preview:large","max-video-preview":"max-video-preview:-1"},"og_locale":"en_US","og_type":"article","og_title":"Arc spiral RENAULT MEGANE III Grandtour (KZ0\/1) 1.5 dCi (KZ1G, KZ1W, KZ0R) diesel 95 cai OPTIMAL OP-CSP01084 RENAULT | OPTIMAL - Autorival","og_description":"\u26a1 Arc spiral RENAULT MEGANE III Grandtour (KZ0\/1) 1.5 dCi (KZ1G, KZ1W, KZ0R) diesel 95 cai OPTIMAL OP-CSP01084 pentru RENAULT. \u2713 Cod: OP-CSP01084 \u2713 Brand: OPTIMAL \u2713 \u00cen stoc \u2713 Livrare 24h \u2713 Garan\u021bie!","og_url":"https:\/\/autorival.ro\/renault\/product\/arc-spiral-renault-megane-iii-grandtour-kz0-1-1-5-dci-kz1g-kz1w-kz0r-diesel-95-cai-optimal-op-csp01084\/","og_site_name":"RENAULT","og_image":[{"width":1000,"height":1000,"url":"https:\/\/autorival.ro\/renault\/wp-content\/uploads\/sites\/23\/2025\/11\/opt_op-csp01084_wm_01-7.jpg","type":"image\/jpeg"}],"twitter_card":"summary_large_image","twitter_title":"Arc spiral RENAULT MEGANE III Grandtour (KZ0\/1) 1.5 dCi (KZ1G, KZ1W, KZ0R) diesel 95 cai OPTIMAL OP-CSP01084 RENAULT | OPTIMAL - Autorival","twitter_description":"\u26a1 Arc spiral RENAULT MEGANE III Grandtour (KZ0\/1) 1.5 dCi (KZ1G, KZ1W, KZ0R) diesel 95 cai OPTIMAL OP-CSP01084 pentru RENAULT. \u2713 Cod: OP-CSP01084 \u2713 Brand: OPTIMAL \u2713 \u00cen stoc \u2713 Livrare 24h \u2713 Garan\u021bie!","schema":{"@context":"https:\/\/schema.org","@graph":[{"@type":"WebPage","@id":"https:\/\/autorival.ro\/renault\/product\/arc-spiral-renault-megane-iii-grandtour-kz0-1-1-5-dci-kz1g-kz1w-kz0r-diesel-95-cai-optimal-op-csp01084\/","url":"https:\/\/autorival.ro\/renault\/product\/arc-spiral-renault-megane-iii-grandtour-kz0-1-1-5-dci-kz1g-kz1w-kz0r-diesel-95-cai-optimal-op-csp01084\/","name":"Arc spiral RENAULT MEGANE III Grandtour (KZ0\/1) 1.5 dCi (KZ1G, KZ1W, KZ0R) diesel 95 cai OPTIMAL OP-CSP01084 RENAULT | OPTIMAL - Autorival","isPartOf":{"@id":"https:\/\/autorival.ro\/renault\/#website"},"primaryImageOfPage":{"@id":"https:\/\/autorival.ro\/renault\/product\/arc-spiral-renault-megane-iii-grandtour-kz0-1-1-5-dci-kz1g-kz1w-kz0r-diesel-95-cai-optimal-op-csp01084\/#primaryimage"},"image":{"@id":"https:\/\/autorival.ro\/renault\/product\/arc-spiral-renault-megane-iii-grandtour-kz0-1-1-5-dci-kz1g-kz1w-kz0r-diesel-95-cai-optimal-op-csp01084\/#primaryimage"},"thumbnailUrl":"https:\/\/autorival.ro\/renault\/wp-content\/uploads\/sites\/23\/2025\/11\/opt_op-csp01084_wm_01-7.jpg","datePublished":"2025-11-27T22:53:35+00:00","description":"\u26a1 Arc spiral RENAULT MEGANE III Grandtour (KZ0\/1) 1.5 dCi (KZ1G, KZ1W, KZ0R) diesel 95 cai OPTIMAL OP-CSP01084 pentru RENAULT. \u2713 Cod: OP-CSP01084 \u2713 Brand: OPTIMAL \u2713 \u00cen stoc \u2713 Livrare 24h \u2713 Garan\u021bie!","breadcrumb":{"@id":"https:\/\/autorival.ro\/renault\/product\/arc-spiral-renault-megane-iii-grandtour-kz0-1-1-5-dci-kz1g-kz1w-kz0r-diesel-95-cai-optimal-op-csp01084\/#breadcrumb"},"inLanguage":"en-US","potentialAction":[{"@type":"ReadAction","target":["https:\/\/autorival.ro\/renault\/product\/arc-spiral-renault-megane-iii-grandtour-kz0-1-1-5-dci-kz1g-kz1w-kz0r-diesel-95-cai-optimal-op-csp01084\/"]}]},{"@type":"ImageObject","inLanguage":"en-US","@id":"https:\/\/autorival.ro\/renault\/product\/arc-spiral-renault-megane-iii-grandtour-kz0-1-1-5-dci-kz1g-kz1w-kz0r-diesel-95-cai-optimal-op-csp01084\/#primaryimage","url":"https:\/\/autorival.ro\/renault\/wp-content\/uploads\/sites\/23\/2025\/11\/opt_op-csp01084_wm_01-7.jpg","contentUrl":"https:\/\/autorival.ro\/renault\/wp-content\/uploads\/sites\/23\/2025\/11\/opt_op-csp01084_wm_01-7.jpg","width":1000,"height":1000},{"@type":"BreadcrumbList","@id":"https:\/\/autorival.ro\/renault\/product\/arc-spiral-renault-megane-iii-grandtour-kz0-1-1-5-dci-kz1g-kz1w-kz0r-diesel-95-cai-optimal-op-csp01084\/#breadcrumb","itemListElement":[{"@type":"ListItem","position":1,"name":"Prima pagin\u0103","item":"https:\/\/autorival.ro\/renault\/"},{"@type":"ListItem","position":2,"name":"Piese auto RENAULT","item":"https:\/\/autorival.ro\/renault\/"},{"@type":"ListItem","position":3,"name":"Arc spiral RENAULT MEGANE III Grandtour (KZ0\/1) 1.5 dCi (KZ1G, KZ1W, KZ0R) diesel 95 cai OPTIMAL OP-CSP01084"}]},{"@type":"WebSite","@id":"https:\/\/autorival.ro\/renault\/#website","url":"https:\/\/autorival.ro\/renault\/","name":"RENAULT","description":"","potentialAction":[{"@type":"SearchAction","target":{"@type":"EntryPoint","urlTemplate":"https:\/\/autorival.ro\/renault\/?s={search_term_string}"},"query-input":{"@type":"PropertyValueSpecification","valueRequired":true,"valueName":"search_term_string"}}],"inLanguage":"en-US"}]}},"_links":{"self":[{"href":"https:\/\/autorival.ro\/renault\/wp-json\/wp\/v2\/product\/314436","targetHints":{"allow":["GET"]}}],"collection":[{"href":"https:\/\/autorival.ro\/renault\/wp-json\/wp\/v2\/product"}],"about":[{"href":"https:\/\/autorival.ro\/renault\/wp-json\/wp\/v2\/types\/product"}],"replies":[{"embeddable":true,"href":"https:\/\/autorival.ro\/renault\/wp-json\/wp\/v2\/comments?post=314436"}],"wp:featuredmedia":[{"embeddable":true,"href":"https:\/\/autorival.ro\/renault\/wp-json\/wp\/v2\/media\/314437"}],"wp:attachment":[{"href":"https:\/\/autorival.ro\/renault\/wp-json\/wp\/v2\/media?parent=314436"}],"wp:term":[{"taxonomy":"product_brand","embeddable":true,"href":"https:\/\/autorival.ro\/renault\/wp-json\/wp\/v2\/product_brand?post=314436"},{"taxonomy":"product_cat","embeddable":true,"href":"https:\/\/autorival.ro\/renault\/wp-json\/wp\/v2\/product_cat?post=314436"},{"taxonomy":"product_tag","embeddable":true,"href":"https:\/\/autorival.ro\/renault\/wp-json\/wp\/v2\/product_tag?post=314436"}],"curies":[{"name":"wp","href":"https:\/\/api.w.org\/{rel}","templated":true}]}}