{"id":87522,"date":"2025-07-17T14:10:20","date_gmt":"2025-07-17T14:10:20","guid":{"rendered":"https:\/\/autorival.ro\/peug\/product\/butuc-roata-peugeot-expert-tepee-vf3x_-2-0-hdi-120-diesel-120-cai-abs-201193\/"},"modified":"2025-07-17T14:10:20","modified_gmt":"2025-07-17T14:10:20","slug":"butuc-roata-peugeot-expert-tepee-vf3x_-2-0-hdi-120-diesel-120-cai-abs-201193","status":"publish","type":"product","link":"https:\/\/autorival.ro\/peug\/product\/butuc-roata-peugeot-expert-tepee-vf3x_-2-0-hdi-120-diesel-120-cai-abs-201193\/","title":{"rendered":"Butuc roata PEUGEOT EXPERT TEPEE (VF3X_) 2.0 HDi 120 diesel 120 cai ABS 201193"},"content":{"rendered":"<p>Tip autovehicul: EXPERT, Expert TepeePartea de montare: Axa spate stanga, Axa spate dreaptaInstala\u021bie de fr\u00e2nare: pentru vehicule cu frana disc pe axa spate, pentru vehicule cu frana tambur pe axa spateSepararea blocurilorpentru num\u0103r organiza\u021bie p\u00e2n\u0103 la: 11540, 11864An fabricatie pana la: 200806, 200904pentru num\u0103r organiza\u021bie de la: 11541, 11865An fabricatie de la: 200807, 200905 ->Diametru exterior 1 [mm]: 128\u00cenaltime 1 [mm]: 124Janta, numar gauri: 5 ->Greutate [kg]: 4,46Articol completare\/Info suplimentar 2: Lagar roata integrat in butuc roata, cu senzor magnetic inelar integrat<\/p>\n","protected":false},"excerpt":{"rendered":"<p>Producator: ABS Cod producator: 201193<\/p>\n","protected":false},"featured_media":0,"comment_status":"open","ping_status":"closed","template":"","meta":[],"product_brand":[1310],"product_cat":[3564],"product_tag":[],"class_list":{"0":"post-87522","1":"product","2":"type-product","3":"status-publish","5":"product_brand-abs","6":"product_cat-butuc-roata-tepee-vf3x_-2-0-hdi-120-diesel-120","8":"first","9":"instock","10":"shipping-taxable","11":"purchasable","12":"product-type-simple"},"yoast_head":"<!-- This site is optimized with the Yoast SEO plugin v27.3 - https:\/\/yoast.com\/product\/yoast-seo-wordpress\/ -->\n<title>Butuc roata PEUGEOT EXPERT TEPEE (VF3X_) 2.0 HDi 120 diesel 120 cai ABS 201193 PEOUGET | ABS - Autorival<\/title>\n<meta name=\"description\" content=\"\u26a1 Butuc roata PEUGEOT EXPERT TEPEE (VF3X_) 2.0 HDi 120 diesel 120 cai ABS 201193 pentru PEOUGET. \u2713 Cod: 201193 \u2713 Brand: ABS \u2713 \u00cen stoc \u2713 Livrare 24h \u2713 Garan\u021bie!\" \/>\n<meta name=\"robots\" content=\"index, follow, max-snippet:-1, max-image-preview:large, max-video-preview:-1\" \/>\n<meta property=\"og:locale\" content=\"en_US\" \/>\n<meta property=\"og:type\" content=\"article\" \/>\n<meta property=\"og:title\" content=\"Butuc roata PEUGEOT EXPERT TEPEE (VF3X_) 2.0 HDi 120 diesel 120 cai ABS 201193 PEOUGET | ABS - Autorival\" \/>\n<meta property=\"og:description\" content=\"\u26a1 Butuc roata PEUGEOT EXPERT TEPEE (VF3X_) 2.0 HDi 120 diesel 120 cai ABS 201193 pentru PEOUGET. \u2713 Cod: 201193 \u2713 Brand: ABS \u2713 \u00cen stoc \u2713 Livrare 24h \u2713 Garan\u021bie!\" \/>\n<meta property=\"og:url\" content=\"https:\/\/autorival.ro\/peug\/product\/butuc-roata-peugeot-expert-tepee-vf3x_-2-0-hdi-120-diesel-120-cai-abs-201193\/\" \/>\n<meta property=\"og:site_name\" content=\"PEOUGET\" \/>\n<meta name=\"twitter:card\" content=\"summary_large_image\" \/>\n<meta name=\"twitter:title\" content=\"Butuc roata PEUGEOT EXPERT TEPEE (VF3X_) 2.0 HDi 120 diesel 120 cai ABS 201193 PEOUGET | ABS - Autorival\" \/>\n<meta name=\"twitter:description\" content=\"\u26a1 Butuc roata PEUGEOT EXPERT TEPEE (VF3X_) 2.0 HDi 120 diesel 120 cai ABS 201193 pentru PEOUGET. \u2713 Cod: 201193 \u2713 Brand: ABS \u2713 \u00cen stoc \u2713 Livrare 24h \u2713 Garan\u021bie!\" \/>\n<script type=\"application\/ld+json\" class=\"yoast-schema-graph\">{\"@context\":\"https:\\\/\\\/schema.org\",\"@graph\":[{\"@type\":\"WebPage\",\"@id\":\"https:\\\/\\\/autorival.ro\\\/peug\\\/product\\\/butuc-roata-peugeot-expert-tepee-vf3x_-2-0-hdi-120-diesel-120-cai-abs-201193\\\/\",\"url\":\"https:\\\/\\\/autorival.ro\\\/peug\\\/product\\\/butuc-roata-peugeot-expert-tepee-vf3x_-2-0-hdi-120-diesel-120-cai-abs-201193\\\/\",\"name\":\"Butuc roata PEUGEOT EXPERT TEPEE (VF3X_) 2.0 HDi 120 diesel 120 cai ABS 201193 PEOUGET | ABS - Autorival\",\"isPartOf\":{\"@id\":\"https:\\\/\\\/autorival.ro\\\/peug\\\/#website\"},\"datePublished\":\"2025-07-17T14:10:20+00:00\",\"description\":\"\u26a1 Butuc roata PEUGEOT EXPERT TEPEE (VF3X_) 2.0 HDi 120 diesel 120 cai ABS 201193 pentru PEOUGET. \u2713 Cod: 201193 \u2713 Brand: ABS \u2713 \u00cen stoc \u2713 Livrare 24h \u2713 Garan\u021bie!\",\"breadcrumb\":{\"@id\":\"https:\\\/\\\/autorival.ro\\\/peug\\\/product\\\/butuc-roata-peugeot-expert-tepee-vf3x_-2-0-hdi-120-diesel-120-cai-abs-201193\\\/#breadcrumb\"},\"inLanguage\":\"en-US\",\"potentialAction\":[{\"@type\":\"ReadAction\",\"target\":[\"https:\\\/\\\/autorival.ro\\\/peug\\\/product\\\/butuc-roata-peugeot-expert-tepee-vf3x_-2-0-hdi-120-diesel-120-cai-abs-201193\\\/\"]}]},{\"@type\":\"BreadcrumbList\",\"@id\":\"https:\\\/\\\/autorival.ro\\\/peug\\\/product\\\/butuc-roata-peugeot-expert-tepee-vf3x_-2-0-hdi-120-diesel-120-cai-abs-201193\\\/#breadcrumb\",\"itemListElement\":[{\"@type\":\"ListItem\",\"position\":1,\"name\":\"Prima pagin\u0103\",\"item\":\"https:\\\/\\\/autorival.ro\\\/peug\\\/\"},{\"@type\":\"ListItem\",\"position\":2,\"name\":\"Piese auto POEUGET\",\"item\":\"https:\\\/\\\/autorival.ro\\\/peug\\\/\"},{\"@type\":\"ListItem\",\"position\":3,\"name\":\"Butuc roata PEUGEOT EXPERT TEPEE (VF3X_) 2.0 HDi 120 diesel 120 cai ABS 201193\"}]},{\"@type\":\"WebSite\",\"@id\":\"https:\\\/\\\/autorival.ro\\\/peug\\\/#website\",\"url\":\"https:\\\/\\\/autorival.ro\\\/peug\\\/\",\"name\":\"PEOUGET\",\"description\":\"\",\"potentialAction\":[{\"@type\":\"SearchAction\",\"target\":{\"@type\":\"EntryPoint\",\"urlTemplate\":\"https:\\\/\\\/autorival.ro\\\/peug\\\/?s={search_term_string}\"},\"query-input\":{\"@type\":\"PropertyValueSpecification\",\"valueRequired\":true,\"valueName\":\"search_term_string\"}}],\"inLanguage\":\"en-US\"}]}<\/script>\n<!-- \/ Yoast SEO plugin. -->","yoast_head_json":{"title":"Butuc roata PEUGEOT EXPERT TEPEE (VF3X_) 2.0 HDi 120 diesel 120 cai ABS 201193 PEOUGET | ABS - Autorival","description":"\u26a1 Butuc roata PEUGEOT EXPERT TEPEE (VF3X_) 2.0 HDi 120 diesel 120 cai ABS 201193 pentru PEOUGET. \u2713 Cod: 201193 \u2713 Brand: ABS \u2713 \u00cen stoc \u2713 Livrare 24h \u2713 Garan\u021bie!","robots":{"index":"index","follow":"follow","max-snippet":"max-snippet:-1","max-image-preview":"max-image-preview:large","max-video-preview":"max-video-preview:-1"},"og_locale":"en_US","og_type":"article","og_title":"Butuc roata PEUGEOT EXPERT TEPEE (VF3X_) 2.0 HDi 120 diesel 120 cai ABS 201193 PEOUGET | ABS - Autorival","og_description":"\u26a1 Butuc roata PEUGEOT EXPERT TEPEE (VF3X_) 2.0 HDi 120 diesel 120 cai ABS 201193 pentru PEOUGET. \u2713 Cod: 201193 \u2713 Brand: ABS \u2713 \u00cen stoc \u2713 Livrare 24h \u2713 Garan\u021bie!","og_url":"https:\/\/autorival.ro\/peug\/product\/butuc-roata-peugeot-expert-tepee-vf3x_-2-0-hdi-120-diesel-120-cai-abs-201193\/","og_site_name":"PEOUGET","twitter_card":"summary_large_image","twitter_title":"Butuc roata PEUGEOT EXPERT TEPEE (VF3X_) 2.0 HDi 120 diesel 120 cai ABS 201193 PEOUGET | ABS - Autorival","twitter_description":"\u26a1 Butuc roata PEUGEOT EXPERT TEPEE (VF3X_) 2.0 HDi 120 diesel 120 cai ABS 201193 pentru PEOUGET. \u2713 Cod: 201193 \u2713 Brand: ABS \u2713 \u00cen stoc \u2713 Livrare 24h \u2713 Garan\u021bie!","schema":{"@context":"https:\/\/schema.org","@graph":[{"@type":"WebPage","@id":"https:\/\/autorival.ro\/peug\/product\/butuc-roata-peugeot-expert-tepee-vf3x_-2-0-hdi-120-diesel-120-cai-abs-201193\/","url":"https:\/\/autorival.ro\/peug\/product\/butuc-roata-peugeot-expert-tepee-vf3x_-2-0-hdi-120-diesel-120-cai-abs-201193\/","name":"Butuc roata PEUGEOT EXPERT TEPEE (VF3X_) 2.0 HDi 120 diesel 120 cai ABS 201193 PEOUGET | ABS - Autorival","isPartOf":{"@id":"https:\/\/autorival.ro\/peug\/#website"},"datePublished":"2025-07-17T14:10:20+00:00","description":"\u26a1 Butuc roata PEUGEOT EXPERT TEPEE (VF3X_) 2.0 HDi 120 diesel 120 cai ABS 201193 pentru PEOUGET. \u2713 Cod: 201193 \u2713 Brand: ABS \u2713 \u00cen stoc \u2713 Livrare 24h \u2713 Garan\u021bie!","breadcrumb":{"@id":"https:\/\/autorival.ro\/peug\/product\/butuc-roata-peugeot-expert-tepee-vf3x_-2-0-hdi-120-diesel-120-cai-abs-201193\/#breadcrumb"},"inLanguage":"en-US","potentialAction":[{"@type":"ReadAction","target":["https:\/\/autorival.ro\/peug\/product\/butuc-roata-peugeot-expert-tepee-vf3x_-2-0-hdi-120-diesel-120-cai-abs-201193\/"]}]},{"@type":"BreadcrumbList","@id":"https:\/\/autorival.ro\/peug\/product\/butuc-roata-peugeot-expert-tepee-vf3x_-2-0-hdi-120-diesel-120-cai-abs-201193\/#breadcrumb","itemListElement":[{"@type":"ListItem","position":1,"name":"Prima pagin\u0103","item":"https:\/\/autorival.ro\/peug\/"},{"@type":"ListItem","position":2,"name":"Piese auto POEUGET","item":"https:\/\/autorival.ro\/peug\/"},{"@type":"ListItem","position":3,"name":"Butuc roata PEUGEOT EXPERT TEPEE (VF3X_) 2.0 HDi 120 diesel 120 cai ABS 201193"}]},{"@type":"WebSite","@id":"https:\/\/autorival.ro\/peug\/#website","url":"https:\/\/autorival.ro\/peug\/","name":"PEOUGET","description":"","potentialAction":[{"@type":"SearchAction","target":{"@type":"EntryPoint","urlTemplate":"https:\/\/autorival.ro\/peug\/?s={search_term_string}"},"query-input":{"@type":"PropertyValueSpecification","valueRequired":true,"valueName":"search_term_string"}}],"inLanguage":"en-US"}]}},"_links":{"self":[{"href":"https:\/\/autorival.ro\/peug\/wp-json\/wp\/v2\/product\/87522","targetHints":{"allow":["GET"]}}],"collection":[{"href":"https:\/\/autorival.ro\/peug\/wp-json\/wp\/v2\/product"}],"about":[{"href":"https:\/\/autorival.ro\/peug\/wp-json\/wp\/v2\/types\/product"}],"replies":[{"embeddable":true,"href":"https:\/\/autorival.ro\/peug\/wp-json\/wp\/v2\/comments?post=87522"}],"wp:attachment":[{"href":"https:\/\/autorival.ro\/peug\/wp-json\/wp\/v2\/media?parent=87522"}],"wp:term":[{"taxonomy":"product_brand","embeddable":true,"href":"https:\/\/autorival.ro\/peug\/wp-json\/wp\/v2\/product_brand?post=87522"},{"taxonomy":"product_cat","embeddable":true,"href":"https:\/\/autorival.ro\/peug\/wp-json\/wp\/v2\/product_cat?post=87522"},{"taxonomy":"product_tag","embeddable":true,"href":"https:\/\/autorival.ro\/peug\/wp-json\/wp\/v2\/product_tag?post=87522"}],"curies":[{"name":"wp","href":"https:\/\/api.w.org\/{rel}","templated":true}]}}