{"id":5818,"date":"2025-07-17T09:09:14","date_gmt":"2025-07-17T09:09:14","guid":{"rendered":"https:\/\/autorival.ro\/peug\/product\/alternator-peugeot-rifter-1-5-bluehdi-75-ecyhw-diesel-75-cai-valeo-443527\/"},"modified":"2025-07-17T09:09:14","modified_gmt":"2025-07-17T09:09:14","slug":"alternator-peugeot-rifter-1-5-bluehdi-75-ecyhw-diesel-75-cai-valeo-443527","status":"publish","type":"product","link":"https:\/\/autorival.ro\/peug\/product\/alternator-peugeot-rifter-1-5-bluehdi-75-ecyhw-diesel-75-cai-valeo-443527\/","title":{"rendered":"Alternator PEUGEOT RIFTER 1.5 BlueHDi 75 (ECYHW) diesel 75 cai VALEO 443527"},"content":{"rendered":"<p>Cod motor: DV5RETip cutie viteza: cv. manuala, 5 vitezeEchipament vehicul: Pentru autovehicole cu Functie-Strat-StopPies\u0103 nou\u0103 f\u0103r\u0103 gajTensiune [V]: 14Curent de incarcare generator [A]: 220Tip centura de siguranta: Fixare \u00een patru puncteDirectia de rotatie: rotatie contrar acelor de ceasornicRole: cu rola curea, cu rola curea cu cuplaj unisensNumar nervuri: 6Fulie curea \u00d8 [mm]: 49Clema: M8 ->Greutate [kg]: 7,68<\/p>\n","protected":false},"excerpt":{"rendered":"<p>Producator: VALEO Cod producator: 443527<\/p>\n","protected":false},"featured_media":5819,"comment_status":"open","ping_status":"closed","template":"","meta":[],"product_brand":[491],"product_cat":[592],"product_tag":[],"class_list":{"0":"post-5818","1":"product","2":"type-product","3":"status-publish","4":"has-post-thumbnail","6":"product_brand-valeo","7":"product_cat-alternator-1-5-bluehdi-75-ecyhw-diesel-75","9":"first","10":"instock","11":"shipping-taxable","12":"purchasable","13":"product-type-simple"},"yoast_head":"<!-- This site is optimized with the Yoast SEO plugin v27.3 - https:\/\/yoast.com\/product\/yoast-seo-wordpress\/ -->\n<title>Alternator PEUGEOT RIFTER 1.5 BlueHDi 75 (ECYHW) diesel 75 cai VALEO 443527 PEOUGET | VALEO - Autorival<\/title>\n<meta name=\"description\" content=\"\u26a1 Alternator PEUGEOT RIFTER 1.5 BlueHDi 75 (ECYHW) diesel 75 cai VALEO 443527 pentru PEOUGET. \u2713 Cod: 443527 \u2713 Brand: VALEO \u2713 \u00cen stoc \u2713 Livrare 24h \u2713 Garan\u021bie!\" \/>\n<meta name=\"robots\" content=\"index, follow, max-snippet:-1, max-image-preview:large, max-video-preview:-1\" \/>\n<meta property=\"og:locale\" content=\"en_US\" \/>\n<meta property=\"og:type\" content=\"article\" \/>\n<meta property=\"og:title\" content=\"Alternator PEUGEOT RIFTER 1.5 BlueHDi 75 (ECYHW) diesel 75 cai VALEO 443527 PEOUGET | VALEO - Autorival\" \/>\n<meta property=\"og:description\" content=\"\u26a1 Alternator PEUGEOT RIFTER 1.5 BlueHDi 75 (ECYHW) diesel 75 cai VALEO 443527 pentru PEOUGET. \u2713 Cod: 443527 \u2713 Brand: VALEO \u2713 \u00cen stoc \u2713 Livrare 24h \u2713 Garan\u021bie!\" \/>\n<meta property=\"og:url\" content=\"https:\/\/autorival.ro\/peug\/product\/alternator-peugeot-rifter-1-5-bluehdi-75-ecyhw-diesel-75-cai-valeo-443527\/\" \/>\n<meta property=\"og:site_name\" content=\"PEOUGET\" \/>\n<meta property=\"og:image\" content=\"https:\/\/autorival.ro\/peug\/wp-content\/uploads\/sites\/22\/2025\/07\/peugeot0105-559.png\" \/>\n\t<meta property=\"og:image:width\" content=\"400\" \/>\n\t<meta property=\"og:image:height\" content=\"300\" \/>\n\t<meta property=\"og:image:type\" content=\"image\/png\" \/>\n<meta name=\"twitter:card\" content=\"summary_large_image\" \/>\n<meta name=\"twitter:title\" content=\"Alternator PEUGEOT RIFTER 1.5 BlueHDi 75 (ECYHW) diesel 75 cai VALEO 443527 PEOUGET | VALEO - Autorival\" \/>\n<meta name=\"twitter:description\" content=\"\u26a1 Alternator PEUGEOT RIFTER 1.5 BlueHDi 75 (ECYHW) diesel 75 cai VALEO 443527 pentru PEOUGET. \u2713 Cod: 443527 \u2713 Brand: VALEO \u2713 \u00cen stoc \u2713 Livrare 24h \u2713 Garan\u021bie!\" \/>\n<script type=\"application\/ld+json\" class=\"yoast-schema-graph\">{\"@context\":\"https:\\\/\\\/schema.org\",\"@graph\":[{\"@type\":\"WebPage\",\"@id\":\"https:\\\/\\\/autorival.ro\\\/peug\\\/product\\\/alternator-peugeot-rifter-1-5-bluehdi-75-ecyhw-diesel-75-cai-valeo-443527\\\/\",\"url\":\"https:\\\/\\\/autorival.ro\\\/peug\\\/product\\\/alternator-peugeot-rifter-1-5-bluehdi-75-ecyhw-diesel-75-cai-valeo-443527\\\/\",\"name\":\"Alternator PEUGEOT RIFTER 1.5 BlueHDi 75 (ECYHW) diesel 75 cai VALEO 443527 PEOUGET | VALEO - Autorival\",\"isPartOf\":{\"@id\":\"https:\\\/\\\/autorival.ro\\\/peug\\\/#website\"},\"primaryImageOfPage\":{\"@id\":\"https:\\\/\\\/autorival.ro\\\/peug\\\/product\\\/alternator-peugeot-rifter-1-5-bluehdi-75-ecyhw-diesel-75-cai-valeo-443527\\\/#primaryimage\"},\"image\":{\"@id\":\"https:\\\/\\\/autorival.ro\\\/peug\\\/product\\\/alternator-peugeot-rifter-1-5-bluehdi-75-ecyhw-diesel-75-cai-valeo-443527\\\/#primaryimage\"},\"thumbnailUrl\":\"https:\\\/\\\/autorival.ro\\\/peug\\\/wp-content\\\/uploads\\\/sites\\\/22\\\/2025\\\/07\\\/peugeot0105-559.png\",\"datePublished\":\"2025-07-17T09:09:14+00:00\",\"description\":\"\u26a1 Alternator PEUGEOT RIFTER 1.5 BlueHDi 75 (ECYHW) diesel 75 cai VALEO 443527 pentru PEOUGET. \u2713 Cod: 443527 \u2713 Brand: VALEO \u2713 \u00cen stoc \u2713 Livrare 24h \u2713 Garan\u021bie!\",\"breadcrumb\":{\"@id\":\"https:\\\/\\\/autorival.ro\\\/peug\\\/product\\\/alternator-peugeot-rifter-1-5-bluehdi-75-ecyhw-diesel-75-cai-valeo-443527\\\/#breadcrumb\"},\"inLanguage\":\"en-US\",\"potentialAction\":[{\"@type\":\"ReadAction\",\"target\":[\"https:\\\/\\\/autorival.ro\\\/peug\\\/product\\\/alternator-peugeot-rifter-1-5-bluehdi-75-ecyhw-diesel-75-cai-valeo-443527\\\/\"]}]},{\"@type\":\"ImageObject\",\"inLanguage\":\"en-US\",\"@id\":\"https:\\\/\\\/autorival.ro\\\/peug\\\/product\\\/alternator-peugeot-rifter-1-5-bluehdi-75-ecyhw-diesel-75-cai-valeo-443527\\\/#primaryimage\",\"url\":\"https:\\\/\\\/autorival.ro\\\/peug\\\/wp-content\\\/uploads\\\/sites\\\/22\\\/2025\\\/07\\\/peugeot0105-559.png\",\"contentUrl\":\"https:\\\/\\\/autorival.ro\\\/peug\\\/wp-content\\\/uploads\\\/sites\\\/22\\\/2025\\\/07\\\/peugeot0105-559.png\",\"width\":400,\"height\":300},{\"@type\":\"BreadcrumbList\",\"@id\":\"https:\\\/\\\/autorival.ro\\\/peug\\\/product\\\/alternator-peugeot-rifter-1-5-bluehdi-75-ecyhw-diesel-75-cai-valeo-443527\\\/#breadcrumb\",\"itemListElement\":[{\"@type\":\"ListItem\",\"position\":1,\"name\":\"Prima pagin\u0103\",\"item\":\"https:\\\/\\\/autorival.ro\\\/peug\\\/\"},{\"@type\":\"ListItem\",\"position\":2,\"name\":\"Piese auto POEUGET\",\"item\":\"https:\\\/\\\/autorival.ro\\\/peug\\\/\"},{\"@type\":\"ListItem\",\"position\":3,\"name\":\"Alternator PEUGEOT RIFTER 1.5 BlueHDi 75 (ECYHW) diesel 75 cai VALEO 443527\"}]},{\"@type\":\"WebSite\",\"@id\":\"https:\\\/\\\/autorival.ro\\\/peug\\\/#website\",\"url\":\"https:\\\/\\\/autorival.ro\\\/peug\\\/\",\"name\":\"PEOUGET\",\"description\":\"\",\"potentialAction\":[{\"@type\":\"SearchAction\",\"target\":{\"@type\":\"EntryPoint\",\"urlTemplate\":\"https:\\\/\\\/autorival.ro\\\/peug\\\/?s={search_term_string}\"},\"query-input\":{\"@type\":\"PropertyValueSpecification\",\"valueRequired\":true,\"valueName\":\"search_term_string\"}}],\"inLanguage\":\"en-US\"}]}<\/script>\n<!-- \/ Yoast SEO plugin. -->","yoast_head_json":{"title":"Alternator PEUGEOT RIFTER 1.5 BlueHDi 75 (ECYHW) diesel 75 cai VALEO 443527 PEOUGET | VALEO - Autorival","description":"\u26a1 Alternator PEUGEOT RIFTER 1.5 BlueHDi 75 (ECYHW) diesel 75 cai VALEO 443527 pentru PEOUGET. \u2713 Cod: 443527 \u2713 Brand: VALEO \u2713 \u00cen stoc \u2713 Livrare 24h \u2713 Garan\u021bie!","robots":{"index":"index","follow":"follow","max-snippet":"max-snippet:-1","max-image-preview":"max-image-preview:large","max-video-preview":"max-video-preview:-1"},"og_locale":"en_US","og_type":"article","og_title":"Alternator PEUGEOT RIFTER 1.5 BlueHDi 75 (ECYHW) diesel 75 cai VALEO 443527 PEOUGET | VALEO - Autorival","og_description":"\u26a1 Alternator PEUGEOT RIFTER 1.5 BlueHDi 75 (ECYHW) diesel 75 cai VALEO 443527 pentru PEOUGET. \u2713 Cod: 443527 \u2713 Brand: VALEO \u2713 \u00cen stoc \u2713 Livrare 24h \u2713 Garan\u021bie!","og_url":"https:\/\/autorival.ro\/peug\/product\/alternator-peugeot-rifter-1-5-bluehdi-75-ecyhw-diesel-75-cai-valeo-443527\/","og_site_name":"PEOUGET","og_image":[{"width":400,"height":300,"url":"https:\/\/autorival.ro\/peug\/wp-content\/uploads\/sites\/22\/2025\/07\/peugeot0105-559.png","type":"image\/png"}],"twitter_card":"summary_large_image","twitter_title":"Alternator PEUGEOT RIFTER 1.5 BlueHDi 75 (ECYHW) diesel 75 cai VALEO 443527 PEOUGET | VALEO - Autorival","twitter_description":"\u26a1 Alternator PEUGEOT RIFTER 1.5 BlueHDi 75 (ECYHW) diesel 75 cai VALEO 443527 pentru PEOUGET. \u2713 Cod: 443527 \u2713 Brand: VALEO \u2713 \u00cen stoc \u2713 Livrare 24h \u2713 Garan\u021bie!","schema":{"@context":"https:\/\/schema.org","@graph":[{"@type":"WebPage","@id":"https:\/\/autorival.ro\/peug\/product\/alternator-peugeot-rifter-1-5-bluehdi-75-ecyhw-diesel-75-cai-valeo-443527\/","url":"https:\/\/autorival.ro\/peug\/product\/alternator-peugeot-rifter-1-5-bluehdi-75-ecyhw-diesel-75-cai-valeo-443527\/","name":"Alternator PEUGEOT RIFTER 1.5 BlueHDi 75 (ECYHW) diesel 75 cai VALEO 443527 PEOUGET | VALEO - Autorival","isPartOf":{"@id":"https:\/\/autorival.ro\/peug\/#website"},"primaryImageOfPage":{"@id":"https:\/\/autorival.ro\/peug\/product\/alternator-peugeot-rifter-1-5-bluehdi-75-ecyhw-diesel-75-cai-valeo-443527\/#primaryimage"},"image":{"@id":"https:\/\/autorival.ro\/peug\/product\/alternator-peugeot-rifter-1-5-bluehdi-75-ecyhw-diesel-75-cai-valeo-443527\/#primaryimage"},"thumbnailUrl":"https:\/\/autorival.ro\/peug\/wp-content\/uploads\/sites\/22\/2025\/07\/peugeot0105-559.png","datePublished":"2025-07-17T09:09:14+00:00","description":"\u26a1 Alternator PEUGEOT RIFTER 1.5 BlueHDi 75 (ECYHW) diesel 75 cai VALEO 443527 pentru PEOUGET. \u2713 Cod: 443527 \u2713 Brand: VALEO \u2713 \u00cen stoc \u2713 Livrare 24h \u2713 Garan\u021bie!","breadcrumb":{"@id":"https:\/\/autorival.ro\/peug\/product\/alternator-peugeot-rifter-1-5-bluehdi-75-ecyhw-diesel-75-cai-valeo-443527\/#breadcrumb"},"inLanguage":"en-US","potentialAction":[{"@type":"ReadAction","target":["https:\/\/autorival.ro\/peug\/product\/alternator-peugeot-rifter-1-5-bluehdi-75-ecyhw-diesel-75-cai-valeo-443527\/"]}]},{"@type":"ImageObject","inLanguage":"en-US","@id":"https:\/\/autorival.ro\/peug\/product\/alternator-peugeot-rifter-1-5-bluehdi-75-ecyhw-diesel-75-cai-valeo-443527\/#primaryimage","url":"https:\/\/autorival.ro\/peug\/wp-content\/uploads\/sites\/22\/2025\/07\/peugeot0105-559.png","contentUrl":"https:\/\/autorival.ro\/peug\/wp-content\/uploads\/sites\/22\/2025\/07\/peugeot0105-559.png","width":400,"height":300},{"@type":"BreadcrumbList","@id":"https:\/\/autorival.ro\/peug\/product\/alternator-peugeot-rifter-1-5-bluehdi-75-ecyhw-diesel-75-cai-valeo-443527\/#breadcrumb","itemListElement":[{"@type":"ListItem","position":1,"name":"Prima pagin\u0103","item":"https:\/\/autorival.ro\/peug\/"},{"@type":"ListItem","position":2,"name":"Piese auto POEUGET","item":"https:\/\/autorival.ro\/peug\/"},{"@type":"ListItem","position":3,"name":"Alternator PEUGEOT RIFTER 1.5 BlueHDi 75 (ECYHW) diesel 75 cai VALEO 443527"}]},{"@type":"WebSite","@id":"https:\/\/autorival.ro\/peug\/#website","url":"https:\/\/autorival.ro\/peug\/","name":"PEOUGET","description":"","potentialAction":[{"@type":"SearchAction","target":{"@type":"EntryPoint","urlTemplate":"https:\/\/autorival.ro\/peug\/?s={search_term_string}"},"query-input":{"@type":"PropertyValueSpecification","valueRequired":true,"valueName":"search_term_string"}}],"inLanguage":"en-US"}]}},"_links":{"self":[{"href":"https:\/\/autorival.ro\/peug\/wp-json\/wp\/v2\/product\/5818","targetHints":{"allow":["GET"]}}],"collection":[{"href":"https:\/\/autorival.ro\/peug\/wp-json\/wp\/v2\/product"}],"about":[{"href":"https:\/\/autorival.ro\/peug\/wp-json\/wp\/v2\/types\/product"}],"replies":[{"embeddable":true,"href":"https:\/\/autorival.ro\/peug\/wp-json\/wp\/v2\/comments?post=5818"}],"wp:featuredmedia":[{"embeddable":true,"href":"https:\/\/autorival.ro\/peug\/wp-json\/wp\/v2\/media\/5819"}],"wp:attachment":[{"href":"https:\/\/autorival.ro\/peug\/wp-json\/wp\/v2\/media?parent=5818"}],"wp:term":[{"taxonomy":"product_brand","embeddable":true,"href":"https:\/\/autorival.ro\/peug\/wp-json\/wp\/v2\/product_brand?post=5818"},{"taxonomy":"product_cat","embeddable":true,"href":"https:\/\/autorival.ro\/peug\/wp-json\/wp\/v2\/product_cat?post=5818"},{"taxonomy":"product_tag","embeddable":true,"href":"https:\/\/autorival.ro\/peug\/wp-json\/wp\/v2\/product_tag?post=5818"}],"curies":[{"name":"wp","href":"https:\/\/api.w.org\/{rel}","templated":true}]}}