{"id":5132,"date":"2025-07-17T09:07:35","date_gmt":"2025-07-17T09:07:35","guid":{"rendered":"https:\/\/autorival.ro\/peug\/product\/alternator-peugeot-expert-platou-sasiu-v_-2-0-bluehdi-120-diesel-122-cai-as-pl-a3585valeo\/"},"modified":"2025-07-17T09:07:35","modified_gmt":"2025-07-17T09:07:35","slug":"alternator-peugeot-expert-platou-sasiu-v_-2-0-bluehdi-120-diesel-122-cai-as-pl-a3585valeo","status":"publish","type":"product","link":"https:\/\/autorival.ro\/peug\/product\/alternator-peugeot-expert-platou-sasiu-v_-2-0-bluehdi-120-diesel-122-cai-as-pl-a3585valeo\/","title":{"rendered":"Alternator PEUGEOT EXPERT platou \/ sasiu (V_) 2.0 BlueHDi 120 diesel 122 cai AS-PL A3585(VALEO)"},"content":{"rendered":"<p>Restrictiile producatorului: VALEORole: cu rola cureaTensiune [V]: 12Curent de incarcare generator [A]: 210Versiune: 439864Calitate: PREMIUM LINEPies\u0103 nou\u0103 f\u0103r\u0103 gaj<\/p>\n","protected":false},"excerpt":{"rendered":"<p>Producator: AS-PL Cod producator: A3585(VALEO)<\/p>\n","protected":false},"featured_media":5133,"comment_status":"open","ping_status":"closed","template":"","meta":[],"product_brand":[485],"product_cat":[575],"product_tag":[],"class_list":{"0":"post-5132","1":"product","2":"type-product","3":"status-publish","4":"has-post-thumbnail","6":"product_brand-as-pl","7":"product_cat-alternator-platou-sasiu-v_-2-0-bluehdi-120-diesel-122","9":"first","10":"instock","11":"shipping-taxable","12":"purchasable","13":"product-type-simple"},"yoast_head":"<!-- This site is optimized with the Yoast SEO plugin v27.3 - https:\/\/yoast.com\/product\/yoast-seo-wordpress\/ -->\n<title>Alternator PEUGEOT EXPERT platou \/ sasiu (V_) 2.0 BlueHDi 120 diesel 122 cai AS-PL A3585(VALEO) PEOUGET | AS-PL - Autorival<\/title>\n<meta name=\"description\" content=\"\u26a1 Alternator PEUGEOT EXPERT platou \/ sasiu (V_) 2.0 BlueHDi 120 diesel 122 cai AS-PL A3585(VALEO) pentru PEOUGET. \u2713 Cod: A3585 \u2713 Brand: AS-PL \u2713 \u00cen stoc \u2713 Livrare 24h \u2713 Garan\u021bie!\" \/>\n<meta name=\"robots\" content=\"index, follow, max-snippet:-1, max-image-preview:large, max-video-preview:-1\" \/>\n<meta property=\"og:locale\" content=\"en_US\" \/>\n<meta property=\"og:type\" content=\"article\" \/>\n<meta property=\"og:title\" content=\"Alternator PEUGEOT EXPERT platou \/ sasiu (V_) 2.0 BlueHDi 120 diesel 122 cai AS-PL A3585(VALEO) PEOUGET | AS-PL - Autorival\" \/>\n<meta property=\"og:description\" content=\"\u26a1 Alternator PEUGEOT EXPERT platou \/ sasiu (V_) 2.0 BlueHDi 120 diesel 122 cai AS-PL A3585(VALEO) pentru PEOUGET. \u2713 Cod: A3585 \u2713 Brand: AS-PL \u2713 \u00cen stoc \u2713 Livrare 24h \u2713 Garan\u021bie!\" \/>\n<meta property=\"og:url\" content=\"https:\/\/autorival.ro\/peug\/product\/alternator-peugeot-expert-platou-sasiu-v_-2-0-bluehdi-120-diesel-122-cai-as-pl-a3585valeo\/\" \/>\n<meta property=\"og:site_name\" content=\"PEOUGET\" \/>\n<meta property=\"og:image\" content=\"https:\/\/autorival.ro\/peug\/wp-content\/uploads\/sites\/22\/2025\/07\/215117-8.jpg\" \/>\n\t<meta property=\"og:image:width\" content=\"1080\" \/>\n\t<meta property=\"og:image:height\" content=\"810\" \/>\n\t<meta property=\"og:image:type\" content=\"image\/jpeg\" \/>\n<meta name=\"twitter:card\" content=\"summary_large_image\" \/>\n<meta name=\"twitter:title\" content=\"Alternator PEUGEOT EXPERT platou \/ sasiu (V_) 2.0 BlueHDi 120 diesel 122 cai AS-PL A3585(VALEO) PEOUGET | AS-PL - Autorival\" \/>\n<meta name=\"twitter:description\" content=\"\u26a1 Alternator PEUGEOT EXPERT platou \/ sasiu (V_) 2.0 BlueHDi 120 diesel 122 cai AS-PL A3585(VALEO) pentru PEOUGET. \u2713 Cod: A3585 \u2713 Brand: AS-PL \u2713 \u00cen stoc \u2713 Livrare 24h \u2713 Garan\u021bie!\" \/>\n<script type=\"application\/ld+json\" class=\"yoast-schema-graph\">{\"@context\":\"https:\\\/\\\/schema.org\",\"@graph\":[{\"@type\":\"WebPage\",\"@id\":\"https:\\\/\\\/autorival.ro\\\/peug\\\/product\\\/alternator-peugeot-expert-platou-sasiu-v_-2-0-bluehdi-120-diesel-122-cai-as-pl-a3585valeo\\\/\",\"url\":\"https:\\\/\\\/autorival.ro\\\/peug\\\/product\\\/alternator-peugeot-expert-platou-sasiu-v_-2-0-bluehdi-120-diesel-122-cai-as-pl-a3585valeo\\\/\",\"name\":\"Alternator PEUGEOT EXPERT platou \\\/ sasiu (V_) 2.0 BlueHDi 120 diesel 122 cai AS-PL A3585(VALEO) PEOUGET | AS-PL - Autorival\",\"isPartOf\":{\"@id\":\"https:\\\/\\\/autorival.ro\\\/peug\\\/#website\"},\"primaryImageOfPage\":{\"@id\":\"https:\\\/\\\/autorival.ro\\\/peug\\\/product\\\/alternator-peugeot-expert-platou-sasiu-v_-2-0-bluehdi-120-diesel-122-cai-as-pl-a3585valeo\\\/#primaryimage\"},\"image\":{\"@id\":\"https:\\\/\\\/autorival.ro\\\/peug\\\/product\\\/alternator-peugeot-expert-platou-sasiu-v_-2-0-bluehdi-120-diesel-122-cai-as-pl-a3585valeo\\\/#primaryimage\"},\"thumbnailUrl\":\"https:\\\/\\\/autorival.ro\\\/peug\\\/wp-content\\\/uploads\\\/sites\\\/22\\\/2025\\\/07\\\/215117-8.jpg\",\"datePublished\":\"2025-07-17T09:07:35+00:00\",\"description\":\"\u26a1 Alternator PEUGEOT EXPERT platou \\\/ sasiu (V_) 2.0 BlueHDi 120 diesel 122 cai AS-PL A3585(VALEO) pentru PEOUGET. \u2713 Cod: A3585 \u2713 Brand: AS-PL \u2713 \u00cen stoc \u2713 Livrare 24h \u2713 Garan\u021bie!\",\"breadcrumb\":{\"@id\":\"https:\\\/\\\/autorival.ro\\\/peug\\\/product\\\/alternator-peugeot-expert-platou-sasiu-v_-2-0-bluehdi-120-diesel-122-cai-as-pl-a3585valeo\\\/#breadcrumb\"},\"inLanguage\":\"en-US\",\"potentialAction\":[{\"@type\":\"ReadAction\",\"target\":[\"https:\\\/\\\/autorival.ro\\\/peug\\\/product\\\/alternator-peugeot-expert-platou-sasiu-v_-2-0-bluehdi-120-diesel-122-cai-as-pl-a3585valeo\\\/\"]}]},{\"@type\":\"ImageObject\",\"inLanguage\":\"en-US\",\"@id\":\"https:\\\/\\\/autorival.ro\\\/peug\\\/product\\\/alternator-peugeot-expert-platou-sasiu-v_-2-0-bluehdi-120-diesel-122-cai-as-pl-a3585valeo\\\/#primaryimage\",\"url\":\"https:\\\/\\\/autorival.ro\\\/peug\\\/wp-content\\\/uploads\\\/sites\\\/22\\\/2025\\\/07\\\/215117-8.jpg\",\"contentUrl\":\"https:\\\/\\\/autorival.ro\\\/peug\\\/wp-content\\\/uploads\\\/sites\\\/22\\\/2025\\\/07\\\/215117-8.jpg\",\"width\":1080,\"height\":810},{\"@type\":\"BreadcrumbList\",\"@id\":\"https:\\\/\\\/autorival.ro\\\/peug\\\/product\\\/alternator-peugeot-expert-platou-sasiu-v_-2-0-bluehdi-120-diesel-122-cai-as-pl-a3585valeo\\\/#breadcrumb\",\"itemListElement\":[{\"@type\":\"ListItem\",\"position\":1,\"name\":\"Prima pagin\u0103\",\"item\":\"https:\\\/\\\/autorival.ro\\\/peug\\\/\"},{\"@type\":\"ListItem\",\"position\":2,\"name\":\"Piese auto POEUGET\",\"item\":\"https:\\\/\\\/autorival.ro\\\/peug\\\/\"},{\"@type\":\"ListItem\",\"position\":3,\"name\":\"Alternator PEUGEOT EXPERT platou \\\/ sasiu (V_) 2.0 BlueHDi 120 diesel 122 cai AS-PL A3585(VALEO)\"}]},{\"@type\":\"WebSite\",\"@id\":\"https:\\\/\\\/autorival.ro\\\/peug\\\/#website\",\"url\":\"https:\\\/\\\/autorival.ro\\\/peug\\\/\",\"name\":\"PEOUGET\",\"description\":\"\",\"potentialAction\":[{\"@type\":\"SearchAction\",\"target\":{\"@type\":\"EntryPoint\",\"urlTemplate\":\"https:\\\/\\\/autorival.ro\\\/peug\\\/?s={search_term_string}\"},\"query-input\":{\"@type\":\"PropertyValueSpecification\",\"valueRequired\":true,\"valueName\":\"search_term_string\"}}],\"inLanguage\":\"en-US\"}]}<\/script>\n<!-- \/ Yoast SEO plugin. -->","yoast_head_json":{"title":"Alternator PEUGEOT EXPERT platou \/ sasiu (V_) 2.0 BlueHDi 120 diesel 122 cai AS-PL A3585(VALEO) PEOUGET | AS-PL - Autorival","description":"\u26a1 Alternator PEUGEOT EXPERT platou \/ sasiu (V_) 2.0 BlueHDi 120 diesel 122 cai AS-PL A3585(VALEO) pentru PEOUGET. \u2713 Cod: A3585 \u2713 Brand: AS-PL \u2713 \u00cen stoc \u2713 Livrare 24h \u2713 Garan\u021bie!","robots":{"index":"index","follow":"follow","max-snippet":"max-snippet:-1","max-image-preview":"max-image-preview:large","max-video-preview":"max-video-preview:-1"},"og_locale":"en_US","og_type":"article","og_title":"Alternator PEUGEOT EXPERT platou \/ sasiu (V_) 2.0 BlueHDi 120 diesel 122 cai AS-PL A3585(VALEO) PEOUGET | AS-PL - Autorival","og_description":"\u26a1 Alternator PEUGEOT EXPERT platou \/ sasiu (V_) 2.0 BlueHDi 120 diesel 122 cai AS-PL A3585(VALEO) pentru PEOUGET. \u2713 Cod: A3585 \u2713 Brand: AS-PL \u2713 \u00cen stoc \u2713 Livrare 24h \u2713 Garan\u021bie!","og_url":"https:\/\/autorival.ro\/peug\/product\/alternator-peugeot-expert-platou-sasiu-v_-2-0-bluehdi-120-diesel-122-cai-as-pl-a3585valeo\/","og_site_name":"PEOUGET","og_image":[{"width":1080,"height":810,"url":"https:\/\/autorival.ro\/peug\/wp-content\/uploads\/sites\/22\/2025\/07\/215117-8.jpg","type":"image\/jpeg"}],"twitter_card":"summary_large_image","twitter_title":"Alternator PEUGEOT EXPERT platou \/ sasiu (V_) 2.0 BlueHDi 120 diesel 122 cai AS-PL A3585(VALEO) PEOUGET | AS-PL - Autorival","twitter_description":"\u26a1 Alternator PEUGEOT EXPERT platou \/ sasiu (V_) 2.0 BlueHDi 120 diesel 122 cai AS-PL A3585(VALEO) pentru PEOUGET. \u2713 Cod: A3585 \u2713 Brand: AS-PL \u2713 \u00cen stoc \u2713 Livrare 24h \u2713 Garan\u021bie!","schema":{"@context":"https:\/\/schema.org","@graph":[{"@type":"WebPage","@id":"https:\/\/autorival.ro\/peug\/product\/alternator-peugeot-expert-platou-sasiu-v_-2-0-bluehdi-120-diesel-122-cai-as-pl-a3585valeo\/","url":"https:\/\/autorival.ro\/peug\/product\/alternator-peugeot-expert-platou-sasiu-v_-2-0-bluehdi-120-diesel-122-cai-as-pl-a3585valeo\/","name":"Alternator PEUGEOT EXPERT platou \/ sasiu (V_) 2.0 BlueHDi 120 diesel 122 cai AS-PL A3585(VALEO) PEOUGET | AS-PL - Autorival","isPartOf":{"@id":"https:\/\/autorival.ro\/peug\/#website"},"primaryImageOfPage":{"@id":"https:\/\/autorival.ro\/peug\/product\/alternator-peugeot-expert-platou-sasiu-v_-2-0-bluehdi-120-diesel-122-cai-as-pl-a3585valeo\/#primaryimage"},"image":{"@id":"https:\/\/autorival.ro\/peug\/product\/alternator-peugeot-expert-platou-sasiu-v_-2-0-bluehdi-120-diesel-122-cai-as-pl-a3585valeo\/#primaryimage"},"thumbnailUrl":"https:\/\/autorival.ro\/peug\/wp-content\/uploads\/sites\/22\/2025\/07\/215117-8.jpg","datePublished":"2025-07-17T09:07:35+00:00","description":"\u26a1 Alternator PEUGEOT EXPERT platou \/ sasiu (V_) 2.0 BlueHDi 120 diesel 122 cai AS-PL A3585(VALEO) pentru PEOUGET. \u2713 Cod: A3585 \u2713 Brand: AS-PL \u2713 \u00cen stoc \u2713 Livrare 24h \u2713 Garan\u021bie!","breadcrumb":{"@id":"https:\/\/autorival.ro\/peug\/product\/alternator-peugeot-expert-platou-sasiu-v_-2-0-bluehdi-120-diesel-122-cai-as-pl-a3585valeo\/#breadcrumb"},"inLanguage":"en-US","potentialAction":[{"@type":"ReadAction","target":["https:\/\/autorival.ro\/peug\/product\/alternator-peugeot-expert-platou-sasiu-v_-2-0-bluehdi-120-diesel-122-cai-as-pl-a3585valeo\/"]}]},{"@type":"ImageObject","inLanguage":"en-US","@id":"https:\/\/autorival.ro\/peug\/product\/alternator-peugeot-expert-platou-sasiu-v_-2-0-bluehdi-120-diesel-122-cai-as-pl-a3585valeo\/#primaryimage","url":"https:\/\/autorival.ro\/peug\/wp-content\/uploads\/sites\/22\/2025\/07\/215117-8.jpg","contentUrl":"https:\/\/autorival.ro\/peug\/wp-content\/uploads\/sites\/22\/2025\/07\/215117-8.jpg","width":1080,"height":810},{"@type":"BreadcrumbList","@id":"https:\/\/autorival.ro\/peug\/product\/alternator-peugeot-expert-platou-sasiu-v_-2-0-bluehdi-120-diesel-122-cai-as-pl-a3585valeo\/#breadcrumb","itemListElement":[{"@type":"ListItem","position":1,"name":"Prima pagin\u0103","item":"https:\/\/autorival.ro\/peug\/"},{"@type":"ListItem","position":2,"name":"Piese auto POEUGET","item":"https:\/\/autorival.ro\/peug\/"},{"@type":"ListItem","position":3,"name":"Alternator PEUGEOT EXPERT platou \/ sasiu (V_) 2.0 BlueHDi 120 diesel 122 cai AS-PL A3585(VALEO)"}]},{"@type":"WebSite","@id":"https:\/\/autorival.ro\/peug\/#website","url":"https:\/\/autorival.ro\/peug\/","name":"PEOUGET","description":"","potentialAction":[{"@type":"SearchAction","target":{"@type":"EntryPoint","urlTemplate":"https:\/\/autorival.ro\/peug\/?s={search_term_string}"},"query-input":{"@type":"PropertyValueSpecification","valueRequired":true,"valueName":"search_term_string"}}],"inLanguage":"en-US"}]}},"_links":{"self":[{"href":"https:\/\/autorival.ro\/peug\/wp-json\/wp\/v2\/product\/5132","targetHints":{"allow":["GET"]}}],"collection":[{"href":"https:\/\/autorival.ro\/peug\/wp-json\/wp\/v2\/product"}],"about":[{"href":"https:\/\/autorival.ro\/peug\/wp-json\/wp\/v2\/types\/product"}],"replies":[{"embeddable":true,"href":"https:\/\/autorival.ro\/peug\/wp-json\/wp\/v2\/comments?post=5132"}],"wp:featuredmedia":[{"embeddable":true,"href":"https:\/\/autorival.ro\/peug\/wp-json\/wp\/v2\/media\/5133"}],"wp:attachment":[{"href":"https:\/\/autorival.ro\/peug\/wp-json\/wp\/v2\/media?parent=5132"}],"wp:term":[{"taxonomy":"product_brand","embeddable":true,"href":"https:\/\/autorival.ro\/peug\/wp-json\/wp\/v2\/product_brand?post=5132"},{"taxonomy":"product_cat","embeddable":true,"href":"https:\/\/autorival.ro\/peug\/wp-json\/wp\/v2\/product_cat?post=5132"},{"taxonomy":"product_tag","embeddable":true,"href":"https:\/\/autorival.ro\/peug\/wp-json\/wp\/v2\/product_tag?post=5132"}],"curies":[{"name":"wp","href":"https:\/\/api.w.org\/{rel}","templated":true}]}}