{"id":458616,"date":"2025-07-22T23:22:38","date_gmt":"2025-07-22T23:22:38","guid":{"rendered":"https:\/\/autorival.ro\/peug\/product\/ventilator-habitaclu-peugeot-expert-bus-v_-1-6-bluehdi-115-diesel-115-cai-denso-dea07025\/"},"modified":"2025-07-22T23:22:38","modified_gmt":"2025-07-22T23:22:38","slug":"ventilator-habitaclu-peugeot-expert-bus-v_-1-6-bluehdi-115-diesel-115-cai-denso-dea07025","status":"publish","type":"product","link":"https:\/\/autorival.ro\/peug\/product\/ventilator-habitaclu-peugeot-expert-bus-v_-1-6-bluehdi-115-diesel-115-cai-denso-dea07025\/","title":{"rendered":"Ventilator habitaclu PEUGEOT EXPERT bus (V_) 1.6 BlueHDi 115 diesel 115 cai DENSO DEA07025"},"content":{"rendered":"<p>pt. cod original (OE): 9821292380Directia de rotatie: rotatie contrar acelor de ceasornicNum\u0103rul conexiunilor cu muf\u0103: 2Masa [g]: 922 ->Greutate brut\u0103 [g]: 1172<\/p>\n","protected":false},"excerpt":{"rendered":"<p>Producator: DENSO Cod producator: DEA07025<\/p>\n","protected":false},"featured_media":458617,"comment_status":"open","ping_status":"closed","template":"","meta":[],"product_brand":[496],"product_cat":[27448],"product_tag":[],"class_list":{"0":"post-458616","1":"product","2":"type-product","3":"status-publish","4":"has-post-thumbnail","6":"product_brand-denso","7":"product_cat-ventilator-habitaclu-bus-v_-1-6-bluehdi-115-diesel-115","9":"first","10":"instock","11":"shipping-taxable","12":"purchasable","13":"product-type-simple"},"yoast_head":"<!-- This site is optimized with the Yoast SEO plugin v27.3 - https:\/\/yoast.com\/product\/yoast-seo-wordpress\/ -->\n<title>Ventilator habitaclu PEUGEOT EXPERT bus (V_) 1.6 BlueHDi 115 diesel 115 cai DENSO DEA07025 PEOUGET | DENSO - Autorival<\/title>\n<meta name=\"description\" content=\"\u26a1 Ventilator habitaclu PEUGEOT EXPERT bus (V_) 1.6 BlueHDi 115 diesel 115 cai DENSO DEA07025 pentru PEOUGET. \u2713 Cod: DEA07025 \u2713 Brand: DENSO \u2713 \u00cen stoc \u2713 Livrare 24h \u2713 Garan\u021bie!\" \/>\n<meta name=\"robots\" content=\"index, follow, max-snippet:-1, max-image-preview:large, max-video-preview:-1\" \/>\n<meta property=\"og:locale\" content=\"en_US\" \/>\n<meta property=\"og:type\" content=\"article\" \/>\n<meta property=\"og:title\" content=\"Ventilator habitaclu PEUGEOT EXPERT bus (V_) 1.6 BlueHDi 115 diesel 115 cai DENSO DEA07025 PEOUGET | DENSO - Autorival\" \/>\n<meta property=\"og:description\" content=\"\u26a1 Ventilator habitaclu PEUGEOT EXPERT bus (V_) 1.6 BlueHDi 115 diesel 115 cai DENSO DEA07025 pentru PEOUGET. \u2713 Cod: DEA07025 \u2713 Brand: DENSO \u2713 \u00cen stoc \u2713 Livrare 24h \u2713 Garan\u021bie!\" \/>\n<meta property=\"og:url\" content=\"https:\/\/autorival.ro\/peug\/product\/ventilator-habitaclu-peugeot-expert-bus-v_-1-6-bluehdi-115-diesel-115-cai-denso-dea07025\/\" \/>\n<meta property=\"og:site_name\" content=\"PEOUGET\" \/>\n<meta property=\"og:image\" content=\"https:\/\/autorival.ro\/peug\/wp-content\/uploads\/sites\/22\/2025\/07\/peugeot0105-23919.png\" \/>\n\t<meta property=\"og:image:width\" content=\"400\" \/>\n\t<meta property=\"og:image:height\" content=\"300\" \/>\n\t<meta property=\"og:image:type\" content=\"image\/png\" \/>\n<meta name=\"twitter:card\" content=\"summary_large_image\" \/>\n<meta name=\"twitter:title\" content=\"Ventilator habitaclu PEUGEOT EXPERT bus (V_) 1.6 BlueHDi 115 diesel 115 cai DENSO DEA07025 PEOUGET | DENSO - Autorival\" \/>\n<meta name=\"twitter:description\" content=\"\u26a1 Ventilator habitaclu PEUGEOT EXPERT bus (V_) 1.6 BlueHDi 115 diesel 115 cai DENSO DEA07025 pentru PEOUGET. \u2713 Cod: DEA07025 \u2713 Brand: DENSO \u2713 \u00cen stoc \u2713 Livrare 24h \u2713 Garan\u021bie!\" \/>\n<script type=\"application\/ld+json\" class=\"yoast-schema-graph\">{\"@context\":\"https:\\\/\\\/schema.org\",\"@graph\":[{\"@type\":\"WebPage\",\"@id\":\"https:\\\/\\\/autorival.ro\\\/peug\\\/product\\\/ventilator-habitaclu-peugeot-expert-bus-v_-1-6-bluehdi-115-diesel-115-cai-denso-dea07025\\\/\",\"url\":\"https:\\\/\\\/autorival.ro\\\/peug\\\/product\\\/ventilator-habitaclu-peugeot-expert-bus-v_-1-6-bluehdi-115-diesel-115-cai-denso-dea07025\\\/\",\"name\":\"Ventilator habitaclu PEUGEOT EXPERT bus (V_) 1.6 BlueHDi 115 diesel 115 cai DENSO DEA07025 PEOUGET | DENSO - Autorival\",\"isPartOf\":{\"@id\":\"https:\\\/\\\/autorival.ro\\\/peug\\\/#website\"},\"primaryImageOfPage\":{\"@id\":\"https:\\\/\\\/autorival.ro\\\/peug\\\/product\\\/ventilator-habitaclu-peugeot-expert-bus-v_-1-6-bluehdi-115-diesel-115-cai-denso-dea07025\\\/#primaryimage\"},\"image\":{\"@id\":\"https:\\\/\\\/autorival.ro\\\/peug\\\/product\\\/ventilator-habitaclu-peugeot-expert-bus-v_-1-6-bluehdi-115-diesel-115-cai-denso-dea07025\\\/#primaryimage\"},\"thumbnailUrl\":\"https:\\\/\\\/autorival.ro\\\/peug\\\/wp-content\\\/uploads\\\/sites\\\/22\\\/2025\\\/07\\\/peugeot0105-23919.png\",\"datePublished\":\"2025-07-22T23:22:38+00:00\",\"description\":\"\u26a1 Ventilator habitaclu PEUGEOT EXPERT bus (V_) 1.6 BlueHDi 115 diesel 115 cai DENSO DEA07025 pentru PEOUGET. \u2713 Cod: DEA07025 \u2713 Brand: DENSO \u2713 \u00cen stoc \u2713 Livrare 24h \u2713 Garan\u021bie!\",\"breadcrumb\":{\"@id\":\"https:\\\/\\\/autorival.ro\\\/peug\\\/product\\\/ventilator-habitaclu-peugeot-expert-bus-v_-1-6-bluehdi-115-diesel-115-cai-denso-dea07025\\\/#breadcrumb\"},\"inLanguage\":\"en-US\",\"potentialAction\":[{\"@type\":\"ReadAction\",\"target\":[\"https:\\\/\\\/autorival.ro\\\/peug\\\/product\\\/ventilator-habitaclu-peugeot-expert-bus-v_-1-6-bluehdi-115-diesel-115-cai-denso-dea07025\\\/\"]}]},{\"@type\":\"ImageObject\",\"inLanguage\":\"en-US\",\"@id\":\"https:\\\/\\\/autorival.ro\\\/peug\\\/product\\\/ventilator-habitaclu-peugeot-expert-bus-v_-1-6-bluehdi-115-diesel-115-cai-denso-dea07025\\\/#primaryimage\",\"url\":\"https:\\\/\\\/autorival.ro\\\/peug\\\/wp-content\\\/uploads\\\/sites\\\/22\\\/2025\\\/07\\\/peugeot0105-23919.png\",\"contentUrl\":\"https:\\\/\\\/autorival.ro\\\/peug\\\/wp-content\\\/uploads\\\/sites\\\/22\\\/2025\\\/07\\\/peugeot0105-23919.png\",\"width\":400,\"height\":300},{\"@type\":\"BreadcrumbList\",\"@id\":\"https:\\\/\\\/autorival.ro\\\/peug\\\/product\\\/ventilator-habitaclu-peugeot-expert-bus-v_-1-6-bluehdi-115-diesel-115-cai-denso-dea07025\\\/#breadcrumb\",\"itemListElement\":[{\"@type\":\"ListItem\",\"position\":1,\"name\":\"Prima pagin\u0103\",\"item\":\"https:\\\/\\\/autorival.ro\\\/peug\\\/\"},{\"@type\":\"ListItem\",\"position\":2,\"name\":\"Piese auto POEUGET\",\"item\":\"https:\\\/\\\/autorival.ro\\\/peug\\\/\"},{\"@type\":\"ListItem\",\"position\":3,\"name\":\"Ventilator habitaclu PEUGEOT EXPERT bus (V_) 1.6 BlueHDi 115 diesel 115 cai DENSO DEA07025\"}]},{\"@type\":\"WebSite\",\"@id\":\"https:\\\/\\\/autorival.ro\\\/peug\\\/#website\",\"url\":\"https:\\\/\\\/autorival.ro\\\/peug\\\/\",\"name\":\"PEOUGET\",\"description\":\"\",\"potentialAction\":[{\"@type\":\"SearchAction\",\"target\":{\"@type\":\"EntryPoint\",\"urlTemplate\":\"https:\\\/\\\/autorival.ro\\\/peug\\\/?s={search_term_string}\"},\"query-input\":{\"@type\":\"PropertyValueSpecification\",\"valueRequired\":true,\"valueName\":\"search_term_string\"}}],\"inLanguage\":\"en-US\"}]}<\/script>\n<!-- \/ Yoast SEO plugin. -->","yoast_head_json":{"title":"Ventilator habitaclu PEUGEOT EXPERT bus (V_) 1.6 BlueHDi 115 diesel 115 cai DENSO DEA07025 PEOUGET | DENSO - Autorival","description":"\u26a1 Ventilator habitaclu PEUGEOT EXPERT bus (V_) 1.6 BlueHDi 115 diesel 115 cai DENSO DEA07025 pentru PEOUGET. \u2713 Cod: DEA07025 \u2713 Brand: DENSO \u2713 \u00cen stoc \u2713 Livrare 24h \u2713 Garan\u021bie!","robots":{"index":"index","follow":"follow","max-snippet":"max-snippet:-1","max-image-preview":"max-image-preview:large","max-video-preview":"max-video-preview:-1"},"og_locale":"en_US","og_type":"article","og_title":"Ventilator habitaclu PEUGEOT EXPERT bus (V_) 1.6 BlueHDi 115 diesel 115 cai DENSO DEA07025 PEOUGET | DENSO - Autorival","og_description":"\u26a1 Ventilator habitaclu PEUGEOT EXPERT bus (V_) 1.6 BlueHDi 115 diesel 115 cai DENSO DEA07025 pentru PEOUGET. \u2713 Cod: DEA07025 \u2713 Brand: DENSO \u2713 \u00cen stoc \u2713 Livrare 24h \u2713 Garan\u021bie!","og_url":"https:\/\/autorival.ro\/peug\/product\/ventilator-habitaclu-peugeot-expert-bus-v_-1-6-bluehdi-115-diesel-115-cai-denso-dea07025\/","og_site_name":"PEOUGET","og_image":[{"width":400,"height":300,"url":"https:\/\/autorival.ro\/peug\/wp-content\/uploads\/sites\/22\/2025\/07\/peugeot0105-23919.png","type":"image\/png"}],"twitter_card":"summary_large_image","twitter_title":"Ventilator habitaclu PEUGEOT EXPERT bus (V_) 1.6 BlueHDi 115 diesel 115 cai DENSO DEA07025 PEOUGET | DENSO - Autorival","twitter_description":"\u26a1 Ventilator habitaclu PEUGEOT EXPERT bus (V_) 1.6 BlueHDi 115 diesel 115 cai DENSO DEA07025 pentru PEOUGET. \u2713 Cod: DEA07025 \u2713 Brand: DENSO \u2713 \u00cen stoc \u2713 Livrare 24h \u2713 Garan\u021bie!","schema":{"@context":"https:\/\/schema.org","@graph":[{"@type":"WebPage","@id":"https:\/\/autorival.ro\/peug\/product\/ventilator-habitaclu-peugeot-expert-bus-v_-1-6-bluehdi-115-diesel-115-cai-denso-dea07025\/","url":"https:\/\/autorival.ro\/peug\/product\/ventilator-habitaclu-peugeot-expert-bus-v_-1-6-bluehdi-115-diesel-115-cai-denso-dea07025\/","name":"Ventilator habitaclu PEUGEOT EXPERT bus (V_) 1.6 BlueHDi 115 diesel 115 cai DENSO DEA07025 PEOUGET | DENSO - Autorival","isPartOf":{"@id":"https:\/\/autorival.ro\/peug\/#website"},"primaryImageOfPage":{"@id":"https:\/\/autorival.ro\/peug\/product\/ventilator-habitaclu-peugeot-expert-bus-v_-1-6-bluehdi-115-diesel-115-cai-denso-dea07025\/#primaryimage"},"image":{"@id":"https:\/\/autorival.ro\/peug\/product\/ventilator-habitaclu-peugeot-expert-bus-v_-1-6-bluehdi-115-diesel-115-cai-denso-dea07025\/#primaryimage"},"thumbnailUrl":"https:\/\/autorival.ro\/peug\/wp-content\/uploads\/sites\/22\/2025\/07\/peugeot0105-23919.png","datePublished":"2025-07-22T23:22:38+00:00","description":"\u26a1 Ventilator habitaclu PEUGEOT EXPERT bus (V_) 1.6 BlueHDi 115 diesel 115 cai DENSO DEA07025 pentru PEOUGET. \u2713 Cod: DEA07025 \u2713 Brand: DENSO \u2713 \u00cen stoc \u2713 Livrare 24h \u2713 Garan\u021bie!","breadcrumb":{"@id":"https:\/\/autorival.ro\/peug\/product\/ventilator-habitaclu-peugeot-expert-bus-v_-1-6-bluehdi-115-diesel-115-cai-denso-dea07025\/#breadcrumb"},"inLanguage":"en-US","potentialAction":[{"@type":"ReadAction","target":["https:\/\/autorival.ro\/peug\/product\/ventilator-habitaclu-peugeot-expert-bus-v_-1-6-bluehdi-115-diesel-115-cai-denso-dea07025\/"]}]},{"@type":"ImageObject","inLanguage":"en-US","@id":"https:\/\/autorival.ro\/peug\/product\/ventilator-habitaclu-peugeot-expert-bus-v_-1-6-bluehdi-115-diesel-115-cai-denso-dea07025\/#primaryimage","url":"https:\/\/autorival.ro\/peug\/wp-content\/uploads\/sites\/22\/2025\/07\/peugeot0105-23919.png","contentUrl":"https:\/\/autorival.ro\/peug\/wp-content\/uploads\/sites\/22\/2025\/07\/peugeot0105-23919.png","width":400,"height":300},{"@type":"BreadcrumbList","@id":"https:\/\/autorival.ro\/peug\/product\/ventilator-habitaclu-peugeot-expert-bus-v_-1-6-bluehdi-115-diesel-115-cai-denso-dea07025\/#breadcrumb","itemListElement":[{"@type":"ListItem","position":1,"name":"Prima pagin\u0103","item":"https:\/\/autorival.ro\/peug\/"},{"@type":"ListItem","position":2,"name":"Piese auto POEUGET","item":"https:\/\/autorival.ro\/peug\/"},{"@type":"ListItem","position":3,"name":"Ventilator habitaclu PEUGEOT EXPERT bus (V_) 1.6 BlueHDi 115 diesel 115 cai DENSO DEA07025"}]},{"@type":"WebSite","@id":"https:\/\/autorival.ro\/peug\/#website","url":"https:\/\/autorival.ro\/peug\/","name":"PEOUGET","description":"","potentialAction":[{"@type":"SearchAction","target":{"@type":"EntryPoint","urlTemplate":"https:\/\/autorival.ro\/peug\/?s={search_term_string}"},"query-input":{"@type":"PropertyValueSpecification","valueRequired":true,"valueName":"search_term_string"}}],"inLanguage":"en-US"}]}},"_links":{"self":[{"href":"https:\/\/autorival.ro\/peug\/wp-json\/wp\/v2\/product\/458616","targetHints":{"allow":["GET"]}}],"collection":[{"href":"https:\/\/autorival.ro\/peug\/wp-json\/wp\/v2\/product"}],"about":[{"href":"https:\/\/autorival.ro\/peug\/wp-json\/wp\/v2\/types\/product"}],"replies":[{"embeddable":true,"href":"https:\/\/autorival.ro\/peug\/wp-json\/wp\/v2\/comments?post=458616"}],"wp:featuredmedia":[{"embeddable":true,"href":"https:\/\/autorival.ro\/peug\/wp-json\/wp\/v2\/media\/458617"}],"wp:attachment":[{"href":"https:\/\/autorival.ro\/peug\/wp-json\/wp\/v2\/media?parent=458616"}],"wp:term":[{"taxonomy":"product_brand","embeddable":true,"href":"https:\/\/autorival.ro\/peug\/wp-json\/wp\/v2\/product_brand?post=458616"},{"taxonomy":"product_cat","embeddable":true,"href":"https:\/\/autorival.ro\/peug\/wp-json\/wp\/v2\/product_cat?post=458616"},{"taxonomy":"product_tag","embeddable":true,"href":"https:\/\/autorival.ro\/peug\/wp-json\/wp\/v2\/product_tag?post=458616"}],"curies":[{"name":"wp","href":"https:\/\/api.w.org\/{rel}","templated":true}]}}