{"id":416813,"date":"2025-07-22T00:04:16","date_gmt":"2025-07-22T00:04:16","guid":{"rendered":"https:\/\/autorival.ro\/peug\/product\/set-saboti-frana-peugeot-expert-224_-1-9-td-diesel-92-cai-ate-03-0520-2619-3\/"},"modified":"2025-07-22T00:04:16","modified_gmt":"2025-07-22T00:04:16","slug":"set-saboti-frana-peugeot-expert-224_-1-9-td-diesel-92-cai-ate-03-0520-2619-3","status":"publish","type":"product","link":"https:\/\/autorival.ro\/peug\/product\/set-saboti-frana-peugeot-expert-224_-1-9-td-diesel-92-cai-ate-03-0520-2619-3\/","title":{"rendered":"Set saboti frana PEUGEOT EXPERT (224_) 1.9 TD diesel 92 cai ATE 03.0520-2619.3"},"content":{"rendered":"<p>An fabricatie de la: 199604Partea de montare: puntea spateSpecificatii de asamblare: preasamblatArticol extins\/Informatii de extindere: cu cilindru receptor fr\u00e2na, cu acceasorii ->Diametrul pistonului [mm]: 19,0 ->Diametru tambur de fr\u00e2n\u0103 interior [mm]: 255 ->Latime [mm]: 61Sistem de fr\u00e2nare: BendixAprobare: E11 90R-, 02B01260\/28385Cod MAPP disponibil<\/p>\n","protected":false},"excerpt":{"rendered":"<p>Producator: ATE Cod producator: 03.0520-2619.3<\/p>\n","protected":false},"featured_media":416814,"comment_status":"open","ping_status":"closed","template":"","meta":[],"product_brand":[1317],"product_cat":[24331],"product_tag":[],"class_list":{"0":"post-416813","1":"product","2":"type-product","3":"status-publish","4":"has-post-thumbnail","6":"product_brand-ate","7":"product_cat-set-saboti-frana-224_-1-9-td-diesel-92","9":"first","10":"instock","11":"shipping-taxable","12":"purchasable","13":"product-type-simple"},"yoast_head":"<!-- This site is optimized with the Yoast SEO plugin v27.3 - https:\/\/yoast.com\/product\/yoast-seo-wordpress\/ -->\n<title>Set saboti frana PEUGEOT EXPERT (224_) 1.9 TD diesel 92 cai ATE 03.0520-2619.3 PEOUGET | ATE - Autorival<\/title>\n<meta name=\"description\" content=\"\u26a1 Set saboti frana PEUGEOT EXPERT (224_) 1.9 TD diesel 92 cai ATE 03.0520-2619.3 pentru PEOUGET. \u2713 Cod: 03 \u2713 Brand: ATE \u2713 \u00cen stoc \u2713 Livrare 24h \u2713 Garan\u021bie!\" \/>\n<meta name=\"robots\" content=\"index, follow, max-snippet:-1, max-image-preview:large, max-video-preview:-1\" \/>\n<meta property=\"og:locale\" content=\"en_US\" \/>\n<meta property=\"og:type\" content=\"article\" \/>\n<meta property=\"og:title\" content=\"Set saboti frana PEUGEOT EXPERT (224_) 1.9 TD diesel 92 cai ATE 03.0520-2619.3 PEOUGET | ATE - Autorival\" \/>\n<meta property=\"og:description\" content=\"\u26a1 Set saboti frana PEUGEOT EXPERT (224_) 1.9 TD diesel 92 cai ATE 03.0520-2619.3 pentru PEOUGET. \u2713 Cod: 03 \u2713 Brand: ATE \u2713 \u00cen stoc \u2713 Livrare 24h \u2713 Garan\u021bie!\" \/>\n<meta property=\"og:url\" content=\"https:\/\/autorival.ro\/peug\/product\/set-saboti-frana-peugeot-expert-224_-1-9-td-diesel-92-cai-ate-03-0520-2619-3\/\" \/>\n<meta property=\"og:site_name\" content=\"PEOUGET\" \/>\n<meta property=\"og:image\" content=\"https:\/\/autorival.ro\/peug\/wp-content\/uploads\/sites\/22\/2025\/07\/692619-5.jpg\" \/>\n\t<meta property=\"og:image:width\" content=\"600\" \/>\n\t<meta property=\"og:image:height\" content=\"400\" \/>\n\t<meta property=\"og:image:type\" content=\"image\/jpeg\" \/>\n<meta name=\"twitter:card\" content=\"summary_large_image\" \/>\n<meta name=\"twitter:title\" content=\"Set saboti frana PEUGEOT EXPERT (224_) 1.9 TD diesel 92 cai ATE 03.0520-2619.3 PEOUGET | ATE - Autorival\" \/>\n<meta name=\"twitter:description\" content=\"\u26a1 Set saboti frana PEUGEOT EXPERT (224_) 1.9 TD diesel 92 cai ATE 03.0520-2619.3 pentru PEOUGET. \u2713 Cod: 03 \u2713 Brand: ATE \u2713 \u00cen stoc \u2713 Livrare 24h \u2713 Garan\u021bie!\" \/>\n<script type=\"application\/ld+json\" class=\"yoast-schema-graph\">{\"@context\":\"https:\\\/\\\/schema.org\",\"@graph\":[{\"@type\":\"WebPage\",\"@id\":\"https:\\\/\\\/autorival.ro\\\/peug\\\/product\\\/set-saboti-frana-peugeot-expert-224_-1-9-td-diesel-92-cai-ate-03-0520-2619-3\\\/\",\"url\":\"https:\\\/\\\/autorival.ro\\\/peug\\\/product\\\/set-saboti-frana-peugeot-expert-224_-1-9-td-diesel-92-cai-ate-03-0520-2619-3\\\/\",\"name\":\"Set saboti frana PEUGEOT EXPERT (224_) 1.9 TD diesel 92 cai ATE 03.0520-2619.3 PEOUGET | ATE - Autorival\",\"isPartOf\":{\"@id\":\"https:\\\/\\\/autorival.ro\\\/peug\\\/#website\"},\"primaryImageOfPage\":{\"@id\":\"https:\\\/\\\/autorival.ro\\\/peug\\\/product\\\/set-saboti-frana-peugeot-expert-224_-1-9-td-diesel-92-cai-ate-03-0520-2619-3\\\/#primaryimage\"},\"image\":{\"@id\":\"https:\\\/\\\/autorival.ro\\\/peug\\\/product\\\/set-saboti-frana-peugeot-expert-224_-1-9-td-diesel-92-cai-ate-03-0520-2619-3\\\/#primaryimage\"},\"thumbnailUrl\":\"https:\\\/\\\/autorival.ro\\\/peug\\\/wp-content\\\/uploads\\\/sites\\\/22\\\/2025\\\/07\\\/692619-5.jpg\",\"datePublished\":\"2025-07-22T00:04:16+00:00\",\"description\":\"\u26a1 Set saboti frana PEUGEOT EXPERT (224_) 1.9 TD diesel 92 cai ATE 03.0520-2619.3 pentru PEOUGET. \u2713 Cod: 03 \u2713 Brand: ATE \u2713 \u00cen stoc \u2713 Livrare 24h \u2713 Garan\u021bie!\",\"breadcrumb\":{\"@id\":\"https:\\\/\\\/autorival.ro\\\/peug\\\/product\\\/set-saboti-frana-peugeot-expert-224_-1-9-td-diesel-92-cai-ate-03-0520-2619-3\\\/#breadcrumb\"},\"inLanguage\":\"en-US\",\"potentialAction\":[{\"@type\":\"ReadAction\",\"target\":[\"https:\\\/\\\/autorival.ro\\\/peug\\\/product\\\/set-saboti-frana-peugeot-expert-224_-1-9-td-diesel-92-cai-ate-03-0520-2619-3\\\/\"]}]},{\"@type\":\"ImageObject\",\"inLanguage\":\"en-US\",\"@id\":\"https:\\\/\\\/autorival.ro\\\/peug\\\/product\\\/set-saboti-frana-peugeot-expert-224_-1-9-td-diesel-92-cai-ate-03-0520-2619-3\\\/#primaryimage\",\"url\":\"https:\\\/\\\/autorival.ro\\\/peug\\\/wp-content\\\/uploads\\\/sites\\\/22\\\/2025\\\/07\\\/692619-5.jpg\",\"contentUrl\":\"https:\\\/\\\/autorival.ro\\\/peug\\\/wp-content\\\/uploads\\\/sites\\\/22\\\/2025\\\/07\\\/692619-5.jpg\",\"width\":600,\"height\":400},{\"@type\":\"BreadcrumbList\",\"@id\":\"https:\\\/\\\/autorival.ro\\\/peug\\\/product\\\/set-saboti-frana-peugeot-expert-224_-1-9-td-diesel-92-cai-ate-03-0520-2619-3\\\/#breadcrumb\",\"itemListElement\":[{\"@type\":\"ListItem\",\"position\":1,\"name\":\"Prima pagin\u0103\",\"item\":\"https:\\\/\\\/autorival.ro\\\/peug\\\/\"},{\"@type\":\"ListItem\",\"position\":2,\"name\":\"Piese auto POEUGET\",\"item\":\"https:\\\/\\\/autorival.ro\\\/peug\\\/\"},{\"@type\":\"ListItem\",\"position\":3,\"name\":\"Set saboti frana PEUGEOT EXPERT (224_) 1.9 TD diesel 92 cai ATE 03.0520-2619.3\"}]},{\"@type\":\"WebSite\",\"@id\":\"https:\\\/\\\/autorival.ro\\\/peug\\\/#website\",\"url\":\"https:\\\/\\\/autorival.ro\\\/peug\\\/\",\"name\":\"PEOUGET\",\"description\":\"\",\"potentialAction\":[{\"@type\":\"SearchAction\",\"target\":{\"@type\":\"EntryPoint\",\"urlTemplate\":\"https:\\\/\\\/autorival.ro\\\/peug\\\/?s={search_term_string}\"},\"query-input\":{\"@type\":\"PropertyValueSpecification\",\"valueRequired\":true,\"valueName\":\"search_term_string\"}}],\"inLanguage\":\"en-US\"}]}<\/script>\n<!-- \/ Yoast SEO plugin. -->","yoast_head_json":{"title":"Set saboti frana PEUGEOT EXPERT (224_) 1.9 TD diesel 92 cai ATE 03.0520-2619.3 PEOUGET | ATE - Autorival","description":"\u26a1 Set saboti frana PEUGEOT EXPERT (224_) 1.9 TD diesel 92 cai ATE 03.0520-2619.3 pentru PEOUGET. \u2713 Cod: 03 \u2713 Brand: ATE \u2713 \u00cen stoc \u2713 Livrare 24h \u2713 Garan\u021bie!","robots":{"index":"index","follow":"follow","max-snippet":"max-snippet:-1","max-image-preview":"max-image-preview:large","max-video-preview":"max-video-preview:-1"},"og_locale":"en_US","og_type":"article","og_title":"Set saboti frana PEUGEOT EXPERT (224_) 1.9 TD diesel 92 cai ATE 03.0520-2619.3 PEOUGET | ATE - Autorival","og_description":"\u26a1 Set saboti frana PEUGEOT EXPERT (224_) 1.9 TD diesel 92 cai ATE 03.0520-2619.3 pentru PEOUGET. \u2713 Cod: 03 \u2713 Brand: ATE \u2713 \u00cen stoc \u2713 Livrare 24h \u2713 Garan\u021bie!","og_url":"https:\/\/autorival.ro\/peug\/product\/set-saboti-frana-peugeot-expert-224_-1-9-td-diesel-92-cai-ate-03-0520-2619-3\/","og_site_name":"PEOUGET","og_image":[{"width":600,"height":400,"url":"https:\/\/autorival.ro\/peug\/wp-content\/uploads\/sites\/22\/2025\/07\/692619-5.jpg","type":"image\/jpeg"}],"twitter_card":"summary_large_image","twitter_title":"Set saboti frana PEUGEOT EXPERT (224_) 1.9 TD diesel 92 cai ATE 03.0520-2619.3 PEOUGET | ATE - Autorival","twitter_description":"\u26a1 Set saboti frana PEUGEOT EXPERT (224_) 1.9 TD diesel 92 cai ATE 03.0520-2619.3 pentru PEOUGET. \u2713 Cod: 03 \u2713 Brand: ATE \u2713 \u00cen stoc \u2713 Livrare 24h \u2713 Garan\u021bie!","schema":{"@context":"https:\/\/schema.org","@graph":[{"@type":"WebPage","@id":"https:\/\/autorival.ro\/peug\/product\/set-saboti-frana-peugeot-expert-224_-1-9-td-diesel-92-cai-ate-03-0520-2619-3\/","url":"https:\/\/autorival.ro\/peug\/product\/set-saboti-frana-peugeot-expert-224_-1-9-td-diesel-92-cai-ate-03-0520-2619-3\/","name":"Set saboti frana PEUGEOT EXPERT (224_) 1.9 TD diesel 92 cai ATE 03.0520-2619.3 PEOUGET | ATE - Autorival","isPartOf":{"@id":"https:\/\/autorival.ro\/peug\/#website"},"primaryImageOfPage":{"@id":"https:\/\/autorival.ro\/peug\/product\/set-saboti-frana-peugeot-expert-224_-1-9-td-diesel-92-cai-ate-03-0520-2619-3\/#primaryimage"},"image":{"@id":"https:\/\/autorival.ro\/peug\/product\/set-saboti-frana-peugeot-expert-224_-1-9-td-diesel-92-cai-ate-03-0520-2619-3\/#primaryimage"},"thumbnailUrl":"https:\/\/autorival.ro\/peug\/wp-content\/uploads\/sites\/22\/2025\/07\/692619-5.jpg","datePublished":"2025-07-22T00:04:16+00:00","description":"\u26a1 Set saboti frana PEUGEOT EXPERT (224_) 1.9 TD diesel 92 cai ATE 03.0520-2619.3 pentru PEOUGET. \u2713 Cod: 03 \u2713 Brand: ATE \u2713 \u00cen stoc \u2713 Livrare 24h \u2713 Garan\u021bie!","breadcrumb":{"@id":"https:\/\/autorival.ro\/peug\/product\/set-saboti-frana-peugeot-expert-224_-1-9-td-diesel-92-cai-ate-03-0520-2619-3\/#breadcrumb"},"inLanguage":"en-US","potentialAction":[{"@type":"ReadAction","target":["https:\/\/autorival.ro\/peug\/product\/set-saboti-frana-peugeot-expert-224_-1-9-td-diesel-92-cai-ate-03-0520-2619-3\/"]}]},{"@type":"ImageObject","inLanguage":"en-US","@id":"https:\/\/autorival.ro\/peug\/product\/set-saboti-frana-peugeot-expert-224_-1-9-td-diesel-92-cai-ate-03-0520-2619-3\/#primaryimage","url":"https:\/\/autorival.ro\/peug\/wp-content\/uploads\/sites\/22\/2025\/07\/692619-5.jpg","contentUrl":"https:\/\/autorival.ro\/peug\/wp-content\/uploads\/sites\/22\/2025\/07\/692619-5.jpg","width":600,"height":400},{"@type":"BreadcrumbList","@id":"https:\/\/autorival.ro\/peug\/product\/set-saboti-frana-peugeot-expert-224_-1-9-td-diesel-92-cai-ate-03-0520-2619-3\/#breadcrumb","itemListElement":[{"@type":"ListItem","position":1,"name":"Prima pagin\u0103","item":"https:\/\/autorival.ro\/peug\/"},{"@type":"ListItem","position":2,"name":"Piese auto POEUGET","item":"https:\/\/autorival.ro\/peug\/"},{"@type":"ListItem","position":3,"name":"Set saboti frana PEUGEOT EXPERT (224_) 1.9 TD diesel 92 cai ATE 03.0520-2619.3"}]},{"@type":"WebSite","@id":"https:\/\/autorival.ro\/peug\/#website","url":"https:\/\/autorival.ro\/peug\/","name":"PEOUGET","description":"","potentialAction":[{"@type":"SearchAction","target":{"@type":"EntryPoint","urlTemplate":"https:\/\/autorival.ro\/peug\/?s={search_term_string}"},"query-input":{"@type":"PropertyValueSpecification","valueRequired":true,"valueName":"search_term_string"}}],"inLanguage":"en-US"}]}},"_links":{"self":[{"href":"https:\/\/autorival.ro\/peug\/wp-json\/wp\/v2\/product\/416813","targetHints":{"allow":["GET"]}}],"collection":[{"href":"https:\/\/autorival.ro\/peug\/wp-json\/wp\/v2\/product"}],"about":[{"href":"https:\/\/autorival.ro\/peug\/wp-json\/wp\/v2\/types\/product"}],"replies":[{"embeddable":true,"href":"https:\/\/autorival.ro\/peug\/wp-json\/wp\/v2\/comments?post=416813"}],"wp:featuredmedia":[{"embeddable":true,"href":"https:\/\/autorival.ro\/peug\/wp-json\/wp\/v2\/media\/416814"}],"wp:attachment":[{"href":"https:\/\/autorival.ro\/peug\/wp-json\/wp\/v2\/media?parent=416813"}],"wp:term":[{"taxonomy":"product_brand","embeddable":true,"href":"https:\/\/autorival.ro\/peug\/wp-json\/wp\/v2\/product_brand?post=416813"},{"taxonomy":"product_cat","embeddable":true,"href":"https:\/\/autorival.ro\/peug\/wp-json\/wp\/v2\/product_cat?post=416813"},{"taxonomy":"product_tag","embeddable":true,"href":"https:\/\/autorival.ro\/peug\/wp-json\/wp\/v2\/product_tag?post=416813"}],"curies":[{"name":"wp","href":"https:\/\/api.w.org\/{rel}","templated":true}]}}