{"id":335561,"date":"2025-07-20T08:06:09","date_gmt":"2025-07-20T08:06:09","guid":{"rendered":"https:\/\/autorival.ro\/peug\/product\/pompa-centrala-ambreiaj-peugeot-rifter-1-6-bluehdi-100-diesel-99-cai-valeo-804922\/"},"modified":"2025-07-20T08:06:09","modified_gmt":"2025-07-20T08:06:09","slug":"pompa-centrala-ambreiaj-peugeot-rifter-1-6-bluehdi-100-diesel-99-cai-valeo-804922","status":"publish","type":"product","link":"https:\/\/autorival.ro\/peug\/product\/pompa-centrala-ambreiaj-peugeot-rifter-1-6-bluehdi-100-diesel-99-cai-valeo-804922\/","title":{"rendered":"Pompa centrala ambreiaj PEUGEOT RIFTER 1.6 BlueHDi 100 diesel 99 cai VALEO 804922"},"content":{"rendered":"<p>An fabricatie pana la: 202004Cod motor: DV6FDpentru num\u0103r organiza\u021bie p\u00e2n\u0103 la: 15882Dinamica fr\u00e2nare\/conducere: pentru vehicule cu ASR, pentru vehicule cu ETS, pentru vehicule cu TCVehicul cu volan pe st\u00e2nga\/dreapta: pentru vehicule cu volan pe dreapta ->Diametru alezaj 1 [mm]: 19Material: plasticCursa [mm]: 25ptr. numar producator: KG190184.4.15 ->Greutate [kg]: 0,286<\/p>\n","protected":false},"excerpt":{"rendered":"<p>Producator: VALEO Cod producator: 804922<\/p>\n","protected":false},"featured_media":335562,"comment_status":"open","ping_status":"closed","template":"","meta":[],"product_brand":[491],"product_cat":[18082],"product_tag":[],"class_list":{"0":"post-335561","1":"product","2":"type-product","3":"status-publish","4":"has-post-thumbnail","6":"product_brand-valeo","7":"product_cat-pompa-centrala-ambreiaj-1-6-bluehdi-100-diesel-99","9":"first","10":"instock","11":"shipping-taxable","12":"purchasable","13":"product-type-simple"},"yoast_head":"<!-- This site is optimized with the Yoast SEO plugin v27.3 - https:\/\/yoast.com\/product\/yoast-seo-wordpress\/ -->\n<title>Pompa centrala ambreiaj PEUGEOT RIFTER 1.6 BlueHDi 100 diesel 99 cai VALEO 804922 PEOUGET | VALEO - Autorival<\/title>\n<meta name=\"description\" content=\"\u26a1 Pompa centrala ambreiaj PEUGEOT RIFTER 1.6 BlueHDi 100 diesel 99 cai VALEO 804922 pentru PEOUGET. \u2713 Cod: 804922 \u2713 Brand: VALEO \u2713 \u00cen stoc \u2713 Livrare 24h \u2713 Garan\u021bie!\" \/>\n<meta name=\"robots\" content=\"index, follow, max-snippet:-1, max-image-preview:large, max-video-preview:-1\" \/>\n<meta property=\"og:locale\" content=\"en_US\" \/>\n<meta property=\"og:type\" content=\"article\" \/>\n<meta property=\"og:title\" content=\"Pompa centrala ambreiaj PEUGEOT RIFTER 1.6 BlueHDi 100 diesel 99 cai VALEO 804922 PEOUGET | VALEO - Autorival\" \/>\n<meta property=\"og:description\" content=\"\u26a1 Pompa centrala ambreiaj PEUGEOT RIFTER 1.6 BlueHDi 100 diesel 99 cai VALEO 804922 pentru PEOUGET. \u2713 Cod: 804922 \u2713 Brand: VALEO \u2713 \u00cen stoc \u2713 Livrare 24h \u2713 Garan\u021bie!\" \/>\n<meta property=\"og:url\" content=\"https:\/\/autorival.ro\/peug\/product\/pompa-centrala-ambreiaj-peugeot-rifter-1-6-bluehdi-100-diesel-99-cai-valeo-804922\/\" \/>\n<meta property=\"og:site_name\" content=\"PEOUGET\" \/>\n<meta property=\"og:image\" content=\"https:\/\/autorival.ro\/peug\/wp-content\/uploads\/sites\/22\/2025\/07\/clutch_cmc_804922_01.jpg\" \/>\n\t<meta property=\"og:image:width\" content=\"600\" \/>\n\t<meta property=\"og:image:height\" content=\"400\" \/>\n\t<meta property=\"og:image:type\" content=\"image\/jpeg\" \/>\n<meta name=\"twitter:card\" content=\"summary_large_image\" \/>\n<meta name=\"twitter:title\" content=\"Pompa centrala ambreiaj PEUGEOT RIFTER 1.6 BlueHDi 100 diesel 99 cai VALEO 804922 PEOUGET | VALEO - Autorival\" \/>\n<meta name=\"twitter:description\" content=\"\u26a1 Pompa centrala ambreiaj PEUGEOT RIFTER 1.6 BlueHDi 100 diesel 99 cai VALEO 804922 pentru PEOUGET. \u2713 Cod: 804922 \u2713 Brand: VALEO \u2713 \u00cen stoc \u2713 Livrare 24h \u2713 Garan\u021bie!\" \/>\n<script type=\"application\/ld+json\" class=\"yoast-schema-graph\">{\"@context\":\"https:\\\/\\\/schema.org\",\"@graph\":[{\"@type\":\"WebPage\",\"@id\":\"https:\\\/\\\/autorival.ro\\\/peug\\\/product\\\/pompa-centrala-ambreiaj-peugeot-rifter-1-6-bluehdi-100-diesel-99-cai-valeo-804922\\\/\",\"url\":\"https:\\\/\\\/autorival.ro\\\/peug\\\/product\\\/pompa-centrala-ambreiaj-peugeot-rifter-1-6-bluehdi-100-diesel-99-cai-valeo-804922\\\/\",\"name\":\"Pompa centrala ambreiaj PEUGEOT RIFTER 1.6 BlueHDi 100 diesel 99 cai VALEO 804922 PEOUGET | VALEO - Autorival\",\"isPartOf\":{\"@id\":\"https:\\\/\\\/autorival.ro\\\/peug\\\/#website\"},\"primaryImageOfPage\":{\"@id\":\"https:\\\/\\\/autorival.ro\\\/peug\\\/product\\\/pompa-centrala-ambreiaj-peugeot-rifter-1-6-bluehdi-100-diesel-99-cai-valeo-804922\\\/#primaryimage\"},\"image\":{\"@id\":\"https:\\\/\\\/autorival.ro\\\/peug\\\/product\\\/pompa-centrala-ambreiaj-peugeot-rifter-1-6-bluehdi-100-diesel-99-cai-valeo-804922\\\/#primaryimage\"},\"thumbnailUrl\":\"https:\\\/\\\/autorival.ro\\\/peug\\\/wp-content\\\/uploads\\\/sites\\\/22\\\/2025\\\/07\\\/clutch_cmc_804922_01.jpg\",\"datePublished\":\"2025-07-20T08:06:09+00:00\",\"description\":\"\u26a1 Pompa centrala ambreiaj PEUGEOT RIFTER 1.6 BlueHDi 100 diesel 99 cai VALEO 804922 pentru PEOUGET. \u2713 Cod: 804922 \u2713 Brand: VALEO \u2713 \u00cen stoc \u2713 Livrare 24h \u2713 Garan\u021bie!\",\"breadcrumb\":{\"@id\":\"https:\\\/\\\/autorival.ro\\\/peug\\\/product\\\/pompa-centrala-ambreiaj-peugeot-rifter-1-6-bluehdi-100-diesel-99-cai-valeo-804922\\\/#breadcrumb\"},\"inLanguage\":\"en-US\",\"potentialAction\":[{\"@type\":\"ReadAction\",\"target\":[\"https:\\\/\\\/autorival.ro\\\/peug\\\/product\\\/pompa-centrala-ambreiaj-peugeot-rifter-1-6-bluehdi-100-diesel-99-cai-valeo-804922\\\/\"]}]},{\"@type\":\"ImageObject\",\"inLanguage\":\"en-US\",\"@id\":\"https:\\\/\\\/autorival.ro\\\/peug\\\/product\\\/pompa-centrala-ambreiaj-peugeot-rifter-1-6-bluehdi-100-diesel-99-cai-valeo-804922\\\/#primaryimage\",\"url\":\"https:\\\/\\\/autorival.ro\\\/peug\\\/wp-content\\\/uploads\\\/sites\\\/22\\\/2025\\\/07\\\/clutch_cmc_804922_01.jpg\",\"contentUrl\":\"https:\\\/\\\/autorival.ro\\\/peug\\\/wp-content\\\/uploads\\\/sites\\\/22\\\/2025\\\/07\\\/clutch_cmc_804922_01.jpg\",\"width\":600,\"height\":400},{\"@type\":\"BreadcrumbList\",\"@id\":\"https:\\\/\\\/autorival.ro\\\/peug\\\/product\\\/pompa-centrala-ambreiaj-peugeot-rifter-1-6-bluehdi-100-diesel-99-cai-valeo-804922\\\/#breadcrumb\",\"itemListElement\":[{\"@type\":\"ListItem\",\"position\":1,\"name\":\"Prima pagin\u0103\",\"item\":\"https:\\\/\\\/autorival.ro\\\/peug\\\/\"},{\"@type\":\"ListItem\",\"position\":2,\"name\":\"Piese auto POEUGET\",\"item\":\"https:\\\/\\\/autorival.ro\\\/peug\\\/\"},{\"@type\":\"ListItem\",\"position\":3,\"name\":\"Pompa centrala ambreiaj PEUGEOT RIFTER 1.6 BlueHDi 100 diesel 99 cai VALEO 804922\"}]},{\"@type\":\"WebSite\",\"@id\":\"https:\\\/\\\/autorival.ro\\\/peug\\\/#website\",\"url\":\"https:\\\/\\\/autorival.ro\\\/peug\\\/\",\"name\":\"PEOUGET\",\"description\":\"\",\"potentialAction\":[{\"@type\":\"SearchAction\",\"target\":{\"@type\":\"EntryPoint\",\"urlTemplate\":\"https:\\\/\\\/autorival.ro\\\/peug\\\/?s={search_term_string}\"},\"query-input\":{\"@type\":\"PropertyValueSpecification\",\"valueRequired\":true,\"valueName\":\"search_term_string\"}}],\"inLanguage\":\"en-US\"}]}<\/script>\n<!-- \/ Yoast SEO plugin. -->","yoast_head_json":{"title":"Pompa centrala ambreiaj PEUGEOT RIFTER 1.6 BlueHDi 100 diesel 99 cai VALEO 804922 PEOUGET | VALEO - Autorival","description":"\u26a1 Pompa centrala ambreiaj PEUGEOT RIFTER 1.6 BlueHDi 100 diesel 99 cai VALEO 804922 pentru PEOUGET. \u2713 Cod: 804922 \u2713 Brand: VALEO \u2713 \u00cen stoc \u2713 Livrare 24h \u2713 Garan\u021bie!","robots":{"index":"index","follow":"follow","max-snippet":"max-snippet:-1","max-image-preview":"max-image-preview:large","max-video-preview":"max-video-preview:-1"},"og_locale":"en_US","og_type":"article","og_title":"Pompa centrala ambreiaj PEUGEOT RIFTER 1.6 BlueHDi 100 diesel 99 cai VALEO 804922 PEOUGET | VALEO - Autorival","og_description":"\u26a1 Pompa centrala ambreiaj PEUGEOT RIFTER 1.6 BlueHDi 100 diesel 99 cai VALEO 804922 pentru PEOUGET. \u2713 Cod: 804922 \u2713 Brand: VALEO \u2713 \u00cen stoc \u2713 Livrare 24h \u2713 Garan\u021bie!","og_url":"https:\/\/autorival.ro\/peug\/product\/pompa-centrala-ambreiaj-peugeot-rifter-1-6-bluehdi-100-diesel-99-cai-valeo-804922\/","og_site_name":"PEOUGET","og_image":[{"width":600,"height":400,"url":"https:\/\/autorival.ro\/peug\/wp-content\/uploads\/sites\/22\/2025\/07\/clutch_cmc_804922_01.jpg","type":"image\/jpeg"}],"twitter_card":"summary_large_image","twitter_title":"Pompa centrala ambreiaj PEUGEOT RIFTER 1.6 BlueHDi 100 diesel 99 cai VALEO 804922 PEOUGET | VALEO - Autorival","twitter_description":"\u26a1 Pompa centrala ambreiaj PEUGEOT RIFTER 1.6 BlueHDi 100 diesel 99 cai VALEO 804922 pentru PEOUGET. \u2713 Cod: 804922 \u2713 Brand: VALEO \u2713 \u00cen stoc \u2713 Livrare 24h \u2713 Garan\u021bie!","schema":{"@context":"https:\/\/schema.org","@graph":[{"@type":"WebPage","@id":"https:\/\/autorival.ro\/peug\/product\/pompa-centrala-ambreiaj-peugeot-rifter-1-6-bluehdi-100-diesel-99-cai-valeo-804922\/","url":"https:\/\/autorival.ro\/peug\/product\/pompa-centrala-ambreiaj-peugeot-rifter-1-6-bluehdi-100-diesel-99-cai-valeo-804922\/","name":"Pompa centrala ambreiaj PEUGEOT RIFTER 1.6 BlueHDi 100 diesel 99 cai VALEO 804922 PEOUGET | VALEO - Autorival","isPartOf":{"@id":"https:\/\/autorival.ro\/peug\/#website"},"primaryImageOfPage":{"@id":"https:\/\/autorival.ro\/peug\/product\/pompa-centrala-ambreiaj-peugeot-rifter-1-6-bluehdi-100-diesel-99-cai-valeo-804922\/#primaryimage"},"image":{"@id":"https:\/\/autorival.ro\/peug\/product\/pompa-centrala-ambreiaj-peugeot-rifter-1-6-bluehdi-100-diesel-99-cai-valeo-804922\/#primaryimage"},"thumbnailUrl":"https:\/\/autorival.ro\/peug\/wp-content\/uploads\/sites\/22\/2025\/07\/clutch_cmc_804922_01.jpg","datePublished":"2025-07-20T08:06:09+00:00","description":"\u26a1 Pompa centrala ambreiaj PEUGEOT RIFTER 1.6 BlueHDi 100 diesel 99 cai VALEO 804922 pentru PEOUGET. \u2713 Cod: 804922 \u2713 Brand: VALEO \u2713 \u00cen stoc \u2713 Livrare 24h \u2713 Garan\u021bie!","breadcrumb":{"@id":"https:\/\/autorival.ro\/peug\/product\/pompa-centrala-ambreiaj-peugeot-rifter-1-6-bluehdi-100-diesel-99-cai-valeo-804922\/#breadcrumb"},"inLanguage":"en-US","potentialAction":[{"@type":"ReadAction","target":["https:\/\/autorival.ro\/peug\/product\/pompa-centrala-ambreiaj-peugeot-rifter-1-6-bluehdi-100-diesel-99-cai-valeo-804922\/"]}]},{"@type":"ImageObject","inLanguage":"en-US","@id":"https:\/\/autorival.ro\/peug\/product\/pompa-centrala-ambreiaj-peugeot-rifter-1-6-bluehdi-100-diesel-99-cai-valeo-804922\/#primaryimage","url":"https:\/\/autorival.ro\/peug\/wp-content\/uploads\/sites\/22\/2025\/07\/clutch_cmc_804922_01.jpg","contentUrl":"https:\/\/autorival.ro\/peug\/wp-content\/uploads\/sites\/22\/2025\/07\/clutch_cmc_804922_01.jpg","width":600,"height":400},{"@type":"BreadcrumbList","@id":"https:\/\/autorival.ro\/peug\/product\/pompa-centrala-ambreiaj-peugeot-rifter-1-6-bluehdi-100-diesel-99-cai-valeo-804922\/#breadcrumb","itemListElement":[{"@type":"ListItem","position":1,"name":"Prima pagin\u0103","item":"https:\/\/autorival.ro\/peug\/"},{"@type":"ListItem","position":2,"name":"Piese auto POEUGET","item":"https:\/\/autorival.ro\/peug\/"},{"@type":"ListItem","position":3,"name":"Pompa centrala ambreiaj PEUGEOT RIFTER 1.6 BlueHDi 100 diesel 99 cai VALEO 804922"}]},{"@type":"WebSite","@id":"https:\/\/autorival.ro\/peug\/#website","url":"https:\/\/autorival.ro\/peug\/","name":"PEOUGET","description":"","potentialAction":[{"@type":"SearchAction","target":{"@type":"EntryPoint","urlTemplate":"https:\/\/autorival.ro\/peug\/?s={search_term_string}"},"query-input":{"@type":"PropertyValueSpecification","valueRequired":true,"valueName":"search_term_string"}}],"inLanguage":"en-US"}]}},"_links":{"self":[{"href":"https:\/\/autorival.ro\/peug\/wp-json\/wp\/v2\/product\/335561","targetHints":{"allow":["GET"]}}],"collection":[{"href":"https:\/\/autorival.ro\/peug\/wp-json\/wp\/v2\/product"}],"about":[{"href":"https:\/\/autorival.ro\/peug\/wp-json\/wp\/v2\/types\/product"}],"replies":[{"embeddable":true,"href":"https:\/\/autorival.ro\/peug\/wp-json\/wp\/v2\/comments?post=335561"}],"wp:featuredmedia":[{"embeddable":true,"href":"https:\/\/autorival.ro\/peug\/wp-json\/wp\/v2\/media\/335562"}],"wp:attachment":[{"href":"https:\/\/autorival.ro\/peug\/wp-json\/wp\/v2\/media?parent=335561"}],"wp:term":[{"taxonomy":"product_brand","embeddable":true,"href":"https:\/\/autorival.ro\/peug\/wp-json\/wp\/v2\/product_brand?post=335561"},{"taxonomy":"product_cat","embeddable":true,"href":"https:\/\/autorival.ro\/peug\/wp-json\/wp\/v2\/product_cat?post=335561"},{"taxonomy":"product_tag","embeddable":true,"href":"https:\/\/autorival.ro\/peug\/wp-json\/wp\/v2\/product_tag?post=335561"}],"curies":[{"name":"wp","href":"https:\/\/api.w.org\/{rel}","templated":true}]}}