{"id":329919,"date":"2025-07-20T05:49:09","date_gmt":"2025-07-20T05:49:09","guid":{"rendered":"https:\/\/autorival.ro\/peug\/product\/placute-frana-peugeot-rifter-1-5-bluehdi-100-diesel-102-cai-comline-cbp32234\/"},"modified":"2025-07-20T05:49:09","modified_gmt":"2025-07-20T05:49:09","slug":"placute-frana-peugeot-rifter-1-5-bluehdi-100-diesel-102-cai-comline-cbp32234","status":"publish","type":"product","link":"https:\/\/autorival.ro\/peug\/product\/placute-frana-peugeot-rifter-1-5-bluehdi-100-diesel-102-cai-comline-cbp32234\/","title":{"rendered":"Placute frana PEUGEOT RIFTER 1.5 BlueHDi 100 diesel 102 cai COMLINE CBP32234"},"content":{"rendered":"<p>Partea de montare: puntea spateEchipament vehicul: pentru vehicule cu fr\u00e2n\u0103 de parcare electric\u0103 ->Grosime [mm]: 17,4 ->Lungime [mm]: 98,8Contact indicator uzura: cu avertizare acustica uzuraPlacuta de frana: fara muchii tesiteSistem de fr\u00e2nare: Bosch ->Latime 1 [mm]: 50,1 ->Latime 2 [mm]: 53,5Numar WVA: 25839, 25840<\/p>\n","protected":false},"excerpt":{"rendered":"<p>Producator: COMLINE Cod producator: CBP32234<\/p>\n","protected":false},"featured_media":329920,"comment_status":"open","ping_status":"closed","template":"","meta":[],"product_brand":[2201],"product_cat":[17944],"product_tag":[],"class_list":{"0":"post-329919","1":"product","2":"type-product","3":"status-publish","4":"has-post-thumbnail","6":"product_brand-comline","7":"product_cat-placute-frana-1-5-bluehdi-100-diesel-102","9":"first","10":"instock","11":"shipping-taxable","12":"purchasable","13":"product-type-simple"},"yoast_head":"<!-- This site is optimized with the Yoast SEO plugin v27.4 - https:\/\/yoast.com\/product\/yoast-seo-wordpress\/ -->\n<title>Placute frana PEUGEOT RIFTER 1.5 BlueHDi 100 diesel 102 cai COMLINE CBP32234 PEOUGET | COMLINE - Autorival<\/title>\n<meta name=\"description\" content=\"\u26a1 Placute frana PEUGEOT RIFTER 1.5 BlueHDi 100 diesel 102 cai COMLINE CBP32234 pentru PEOUGET. \u2713 Cod: CBP32234 \u2713 Brand: COMLINE \u2713 \u00cen stoc \u2713 Livrare 24h \u2713 Garan\u021bie!\" \/>\n<meta name=\"robots\" content=\"index, follow, max-snippet:-1, max-image-preview:large, max-video-preview:-1\" \/>\n<meta property=\"og:locale\" content=\"en_US\" \/>\n<meta property=\"og:type\" content=\"article\" \/>\n<meta property=\"og:title\" content=\"Placute frana PEUGEOT RIFTER 1.5 BlueHDi 100 diesel 102 cai COMLINE CBP32234 PEOUGET | COMLINE - Autorival\" \/>\n<meta property=\"og:description\" content=\"\u26a1 Placute frana PEUGEOT RIFTER 1.5 BlueHDi 100 diesel 102 cai COMLINE CBP32234 pentru PEOUGET. \u2713 Cod: CBP32234 \u2713 Brand: COMLINE \u2713 \u00cen stoc \u2713 Livrare 24h \u2713 Garan\u021bie!\" \/>\n<meta property=\"og:url\" content=\"https:\/\/autorival.ro\/peug\/product\/placute-frana-peugeot-rifter-1-5-bluehdi-100-diesel-102-cai-comline-cbp32234\/\" \/>\n<meta property=\"og:site_name\" content=\"PEOUGET\" \/>\n<meta property=\"og:image\" content=\"https:\/\/autorival.ro\/peug\/wp-content\/uploads\/sites\/22\/2025\/07\/cbp32234_636843-2.jpg\" \/>\n\t<meta property=\"og:image:width\" content=\"1028\" \/>\n\t<meta property=\"og:image:height\" content=\"1738\" \/>\n\t<meta property=\"og:image:type\" content=\"image\/jpeg\" \/>\n<meta name=\"twitter:card\" content=\"summary_large_image\" \/>\n<meta name=\"twitter:title\" content=\"Placute frana PEUGEOT RIFTER 1.5 BlueHDi 100 diesel 102 cai COMLINE CBP32234 PEOUGET | COMLINE - Autorival\" \/>\n<meta name=\"twitter:description\" content=\"\u26a1 Placute frana PEUGEOT RIFTER 1.5 BlueHDi 100 diesel 102 cai COMLINE CBP32234 pentru PEOUGET. \u2713 Cod: CBP32234 \u2713 Brand: COMLINE \u2713 \u00cen stoc \u2713 Livrare 24h \u2713 Garan\u021bie!\" \/>\n<script type=\"application\/ld+json\" class=\"yoast-schema-graph\">{\"@context\":\"https:\\\/\\\/schema.org\",\"@graph\":[{\"@type\":\"WebPage\",\"@id\":\"https:\\\/\\\/autorival.ro\\\/peug\\\/product\\\/placute-frana-peugeot-rifter-1-5-bluehdi-100-diesel-102-cai-comline-cbp32234\\\/\",\"url\":\"https:\\\/\\\/autorival.ro\\\/peug\\\/product\\\/placute-frana-peugeot-rifter-1-5-bluehdi-100-diesel-102-cai-comline-cbp32234\\\/\",\"name\":\"Placute frana PEUGEOT RIFTER 1.5 BlueHDi 100 diesel 102 cai COMLINE CBP32234 PEOUGET | COMLINE - Autorival\",\"isPartOf\":{\"@id\":\"https:\\\/\\\/autorival.ro\\\/peug\\\/#website\"},\"primaryImageOfPage\":{\"@id\":\"https:\\\/\\\/autorival.ro\\\/peug\\\/product\\\/placute-frana-peugeot-rifter-1-5-bluehdi-100-diesel-102-cai-comline-cbp32234\\\/#primaryimage\"},\"image\":{\"@id\":\"https:\\\/\\\/autorival.ro\\\/peug\\\/product\\\/placute-frana-peugeot-rifter-1-5-bluehdi-100-diesel-102-cai-comline-cbp32234\\\/#primaryimage\"},\"thumbnailUrl\":\"https:\\\/\\\/autorival.ro\\\/peug\\\/wp-content\\\/uploads\\\/sites\\\/22\\\/2025\\\/07\\\/cbp32234_636843-2.jpg\",\"datePublished\":\"2025-07-20T05:49:09+00:00\",\"description\":\"\u26a1 Placute frana PEUGEOT RIFTER 1.5 BlueHDi 100 diesel 102 cai COMLINE CBP32234 pentru PEOUGET. \u2713 Cod: CBP32234 \u2713 Brand: COMLINE \u2713 \u00cen stoc \u2713 Livrare 24h \u2713 Garan\u021bie!\",\"breadcrumb\":{\"@id\":\"https:\\\/\\\/autorival.ro\\\/peug\\\/product\\\/placute-frana-peugeot-rifter-1-5-bluehdi-100-diesel-102-cai-comline-cbp32234\\\/#breadcrumb\"},\"inLanguage\":\"en-US\",\"potentialAction\":[{\"@type\":\"ReadAction\",\"target\":[\"https:\\\/\\\/autorival.ro\\\/peug\\\/product\\\/placute-frana-peugeot-rifter-1-5-bluehdi-100-diesel-102-cai-comline-cbp32234\\\/\"]}]},{\"@type\":\"ImageObject\",\"inLanguage\":\"en-US\",\"@id\":\"https:\\\/\\\/autorival.ro\\\/peug\\\/product\\\/placute-frana-peugeot-rifter-1-5-bluehdi-100-diesel-102-cai-comline-cbp32234\\\/#primaryimage\",\"url\":\"https:\\\/\\\/autorival.ro\\\/peug\\\/wp-content\\\/uploads\\\/sites\\\/22\\\/2025\\\/07\\\/cbp32234_636843-2.jpg\",\"contentUrl\":\"https:\\\/\\\/autorival.ro\\\/peug\\\/wp-content\\\/uploads\\\/sites\\\/22\\\/2025\\\/07\\\/cbp32234_636843-2.jpg\",\"width\":1028,\"height\":1738},{\"@type\":\"BreadcrumbList\",\"@id\":\"https:\\\/\\\/autorival.ro\\\/peug\\\/product\\\/placute-frana-peugeot-rifter-1-5-bluehdi-100-diesel-102-cai-comline-cbp32234\\\/#breadcrumb\",\"itemListElement\":[{\"@type\":\"ListItem\",\"position\":1,\"name\":\"Prima pagin\u0103\",\"item\":\"https:\\\/\\\/autorival.ro\\\/peug\\\/\"},{\"@type\":\"ListItem\",\"position\":2,\"name\":\"Piese auto POEUGET\",\"item\":\"https:\\\/\\\/autorival.ro\\\/peug\\\/\"},{\"@type\":\"ListItem\",\"position\":3,\"name\":\"Placute frana PEUGEOT RIFTER 1.5 BlueHDi 100 diesel 102 cai COMLINE CBP32234\"}]},{\"@type\":\"WebSite\",\"@id\":\"https:\\\/\\\/autorival.ro\\\/peug\\\/#website\",\"url\":\"https:\\\/\\\/autorival.ro\\\/peug\\\/\",\"name\":\"PEOUGET\",\"description\":\"\",\"potentialAction\":[{\"@type\":\"SearchAction\",\"target\":{\"@type\":\"EntryPoint\",\"urlTemplate\":\"https:\\\/\\\/autorival.ro\\\/peug\\\/?s={search_term_string}\"},\"query-input\":{\"@type\":\"PropertyValueSpecification\",\"valueRequired\":true,\"valueName\":\"search_term_string\"}}],\"inLanguage\":\"en-US\"}]}<\/script>\n<!-- \/ Yoast SEO plugin. -->","yoast_head_json":{"title":"Placute frana PEUGEOT RIFTER 1.5 BlueHDi 100 diesel 102 cai COMLINE CBP32234 PEOUGET | COMLINE - Autorival","description":"\u26a1 Placute frana PEUGEOT RIFTER 1.5 BlueHDi 100 diesel 102 cai COMLINE CBP32234 pentru PEOUGET. \u2713 Cod: CBP32234 \u2713 Brand: COMLINE \u2713 \u00cen stoc \u2713 Livrare 24h \u2713 Garan\u021bie!","robots":{"index":"index","follow":"follow","max-snippet":"max-snippet:-1","max-image-preview":"max-image-preview:large","max-video-preview":"max-video-preview:-1"},"og_locale":"en_US","og_type":"article","og_title":"Placute frana PEUGEOT RIFTER 1.5 BlueHDi 100 diesel 102 cai COMLINE CBP32234 PEOUGET | COMLINE - Autorival","og_description":"\u26a1 Placute frana PEUGEOT RIFTER 1.5 BlueHDi 100 diesel 102 cai COMLINE CBP32234 pentru PEOUGET. \u2713 Cod: CBP32234 \u2713 Brand: COMLINE \u2713 \u00cen stoc \u2713 Livrare 24h \u2713 Garan\u021bie!","og_url":"https:\/\/autorival.ro\/peug\/product\/placute-frana-peugeot-rifter-1-5-bluehdi-100-diesel-102-cai-comline-cbp32234\/","og_site_name":"PEOUGET","og_image":[{"width":1028,"height":1738,"url":"https:\/\/autorival.ro\/peug\/wp-content\/uploads\/sites\/22\/2025\/07\/cbp32234_636843-2.jpg","type":"image\/jpeg"}],"twitter_card":"summary_large_image","twitter_title":"Placute frana PEUGEOT RIFTER 1.5 BlueHDi 100 diesel 102 cai COMLINE CBP32234 PEOUGET | COMLINE - Autorival","twitter_description":"\u26a1 Placute frana PEUGEOT RIFTER 1.5 BlueHDi 100 diesel 102 cai COMLINE CBP32234 pentru PEOUGET. \u2713 Cod: CBP32234 \u2713 Brand: COMLINE \u2713 \u00cen stoc \u2713 Livrare 24h \u2713 Garan\u021bie!","schema":{"@context":"https:\/\/schema.org","@graph":[{"@type":"WebPage","@id":"https:\/\/autorival.ro\/peug\/product\/placute-frana-peugeot-rifter-1-5-bluehdi-100-diesel-102-cai-comline-cbp32234\/","url":"https:\/\/autorival.ro\/peug\/product\/placute-frana-peugeot-rifter-1-5-bluehdi-100-diesel-102-cai-comline-cbp32234\/","name":"Placute frana PEUGEOT RIFTER 1.5 BlueHDi 100 diesel 102 cai COMLINE CBP32234 PEOUGET | COMLINE - Autorival","isPartOf":{"@id":"https:\/\/autorival.ro\/peug\/#website"},"primaryImageOfPage":{"@id":"https:\/\/autorival.ro\/peug\/product\/placute-frana-peugeot-rifter-1-5-bluehdi-100-diesel-102-cai-comline-cbp32234\/#primaryimage"},"image":{"@id":"https:\/\/autorival.ro\/peug\/product\/placute-frana-peugeot-rifter-1-5-bluehdi-100-diesel-102-cai-comline-cbp32234\/#primaryimage"},"thumbnailUrl":"https:\/\/autorival.ro\/peug\/wp-content\/uploads\/sites\/22\/2025\/07\/cbp32234_636843-2.jpg","datePublished":"2025-07-20T05:49:09+00:00","description":"\u26a1 Placute frana PEUGEOT RIFTER 1.5 BlueHDi 100 diesel 102 cai COMLINE CBP32234 pentru PEOUGET. \u2713 Cod: CBP32234 \u2713 Brand: COMLINE \u2713 \u00cen stoc \u2713 Livrare 24h \u2713 Garan\u021bie!","breadcrumb":{"@id":"https:\/\/autorival.ro\/peug\/product\/placute-frana-peugeot-rifter-1-5-bluehdi-100-diesel-102-cai-comline-cbp32234\/#breadcrumb"},"inLanguage":"en-US","potentialAction":[{"@type":"ReadAction","target":["https:\/\/autorival.ro\/peug\/product\/placute-frana-peugeot-rifter-1-5-bluehdi-100-diesel-102-cai-comline-cbp32234\/"]}]},{"@type":"ImageObject","inLanguage":"en-US","@id":"https:\/\/autorival.ro\/peug\/product\/placute-frana-peugeot-rifter-1-5-bluehdi-100-diesel-102-cai-comline-cbp32234\/#primaryimage","url":"https:\/\/autorival.ro\/peug\/wp-content\/uploads\/sites\/22\/2025\/07\/cbp32234_636843-2.jpg","contentUrl":"https:\/\/autorival.ro\/peug\/wp-content\/uploads\/sites\/22\/2025\/07\/cbp32234_636843-2.jpg","width":1028,"height":1738},{"@type":"BreadcrumbList","@id":"https:\/\/autorival.ro\/peug\/product\/placute-frana-peugeot-rifter-1-5-bluehdi-100-diesel-102-cai-comline-cbp32234\/#breadcrumb","itemListElement":[{"@type":"ListItem","position":1,"name":"Prima pagin\u0103","item":"https:\/\/autorival.ro\/peug\/"},{"@type":"ListItem","position":2,"name":"Piese auto POEUGET","item":"https:\/\/autorival.ro\/peug\/"},{"@type":"ListItem","position":3,"name":"Placute frana PEUGEOT RIFTER 1.5 BlueHDi 100 diesel 102 cai COMLINE CBP32234"}]},{"@type":"WebSite","@id":"https:\/\/autorival.ro\/peug\/#website","url":"https:\/\/autorival.ro\/peug\/","name":"PEOUGET","description":"","potentialAction":[{"@type":"SearchAction","target":{"@type":"EntryPoint","urlTemplate":"https:\/\/autorival.ro\/peug\/?s={search_term_string}"},"query-input":{"@type":"PropertyValueSpecification","valueRequired":true,"valueName":"search_term_string"}}],"inLanguage":"en-US"}]}},"_links":{"self":[{"href":"https:\/\/autorival.ro\/peug\/wp-json\/wp\/v2\/product\/329919","targetHints":{"allow":["GET"]}}],"collection":[{"href":"https:\/\/autorival.ro\/peug\/wp-json\/wp\/v2\/product"}],"about":[{"href":"https:\/\/autorival.ro\/peug\/wp-json\/wp\/v2\/types\/product"}],"replies":[{"embeddable":true,"href":"https:\/\/autorival.ro\/peug\/wp-json\/wp\/v2\/comments?post=329919"}],"wp:featuredmedia":[{"embeddable":true,"href":"https:\/\/autorival.ro\/peug\/wp-json\/wp\/v2\/media\/329920"}],"wp:attachment":[{"href":"https:\/\/autorival.ro\/peug\/wp-json\/wp\/v2\/media?parent=329919"}],"wp:term":[{"taxonomy":"product_brand","embeddable":true,"href":"https:\/\/autorival.ro\/peug\/wp-json\/wp\/v2\/product_brand?post=329919"},{"taxonomy":"product_cat","embeddable":true,"href":"https:\/\/autorival.ro\/peug\/wp-json\/wp\/v2\/product_cat?post=329919"},{"taxonomy":"product_tag","embeddable":true,"href":"https:\/\/autorival.ro\/peug\/wp-json\/wp\/v2\/product_tag?post=329919"}],"curies":[{"name":"wp","href":"https:\/\/api.w.org\/{rel}","templated":true}]}}