{"id":317375,"date":"2025-07-20T00:47:36","date_gmt":"2025-07-20T00:47:36","guid":{"rendered":"https:\/\/autorival.ro\/peug\/product\/placute-frana-peugeot-bipper-aa_-1-3-hdi-75-diesel-75-cai-jurid-573074jc\/"},"modified":"2025-07-20T00:47:36","modified_gmt":"2025-07-20T00:47:36","slug":"placute-frana-peugeot-bipper-aa_-1-3-hdi-75-diesel-75-cai-jurid-573074jc","status":"publish","type":"product","link":"https:\/\/autorival.ro\/peug\/product\/placute-frana-peugeot-bipper-aa_-1-3-hdi-75-diesel-75-cai-jurid-573074jc\/","title":{"rendered":"Placute frana PEUGEOT BIPPER (AA_) 1.3 HDi 75 diesel 75 cai JURID 573074JC"},"content":{"rendered":"<p>Partea de montare: punte fata ->Grosime [mm]: 17,1Aprobare: R90 Homologated ->Latime [mm]: 122,8Num\u0103rul indicatorilor de uzur\u0103 [per ax\u0103]: 2\u00cenaltime 1 [mm]: 53,3Material: CeramicaContact indicator uzura: inclusiv contact avertizare uzuraSistem de fr\u00e2nare: BoschTip ambalaj: CutieNumar WVA: 23705 ->Lungime ambalaj [cm]: 18 ->Latime ambalaj [cm]: 10,5 ->Inaltime ambalaj [cm]: 8,5<\/p>\n","protected":false},"excerpt":{"rendered":"<p>Producator: JURID Cod producator: 573074JC<\/p>\n","protected":false},"featured_media":317376,"comment_status":"open","ping_status":"closed","template":"","meta":[],"product_brand":[10761],"product_cat":[17848],"product_tag":[],"class_list":{"0":"post-317375","1":"product","2":"type-product","3":"status-publish","4":"has-post-thumbnail","6":"product_brand-jurid","7":"product_cat-placute-frana-aa_-1-3-hdi-75-diesel-75","9":"first","10":"instock","11":"shipping-taxable","12":"purchasable","13":"product-type-simple"},"yoast_head":"<!-- This site is optimized with the Yoast SEO plugin v27.3 - https:\/\/yoast.com\/product\/yoast-seo-wordpress\/ -->\n<title>Placute frana PEUGEOT BIPPER (AA_) 1.3 HDi 75 diesel 75 cai JURID 573074JC PEOUGET | JURID - Autorival<\/title>\n<meta name=\"description\" content=\"\u26a1 Placute frana PEUGEOT BIPPER (AA_) 1.3 HDi 75 diesel 75 cai JURID 573074JC pentru PEOUGET. \u2713 Cod: 573074JC \u2713 Brand: JURID \u2713 \u00cen stoc \u2713 Livrare 24h \u2713 Garan\u021bie!\" \/>\n<meta name=\"robots\" content=\"index, follow, max-snippet:-1, max-image-preview:large, max-video-preview:-1\" \/>\n<meta property=\"og:locale\" content=\"en_US\" \/>\n<meta property=\"og:type\" content=\"article\" \/>\n<meta property=\"og:title\" content=\"Placute frana PEUGEOT BIPPER (AA_) 1.3 HDi 75 diesel 75 cai JURID 573074JC PEOUGET | JURID - Autorival\" \/>\n<meta property=\"og:description\" content=\"\u26a1 Placute frana PEUGEOT BIPPER (AA_) 1.3 HDi 75 diesel 75 cai JURID 573074JC pentru PEOUGET. \u2713 Cod: 573074JC \u2713 Brand: JURID \u2713 \u00cen stoc \u2713 Livrare 24h \u2713 Garan\u021bie!\" \/>\n<meta property=\"og:url\" content=\"https:\/\/autorival.ro\/peug\/product\/placute-frana-peugeot-bipper-aa_-1-3-hdi-75-diesel-75-cai-jurid-573074jc\/\" \/>\n<meta property=\"og:site_name\" content=\"PEOUGET\" \/>\n<meta property=\"og:image\" content=\"https:\/\/autorival.ro\/peug\/wp-content\/uploads\/sites\/22\/2025\/07\/573074jc_1801580.jpg\" \/>\n\t<meta property=\"og:image:width\" content=\"600\" \/>\n\t<meta property=\"og:image:height\" content=\"319\" \/>\n\t<meta property=\"og:image:type\" content=\"image\/jpeg\" \/>\n<meta name=\"twitter:card\" content=\"summary_large_image\" \/>\n<meta name=\"twitter:title\" content=\"Placute frana PEUGEOT BIPPER (AA_) 1.3 HDi 75 diesel 75 cai JURID 573074JC PEOUGET | JURID - Autorival\" \/>\n<meta name=\"twitter:description\" content=\"\u26a1 Placute frana PEUGEOT BIPPER (AA_) 1.3 HDi 75 diesel 75 cai JURID 573074JC pentru PEOUGET. \u2713 Cod: 573074JC \u2713 Brand: JURID \u2713 \u00cen stoc \u2713 Livrare 24h \u2713 Garan\u021bie!\" \/>\n<script type=\"application\/ld+json\" class=\"yoast-schema-graph\">{\"@context\":\"https:\\\/\\\/schema.org\",\"@graph\":[{\"@type\":\"WebPage\",\"@id\":\"https:\\\/\\\/autorival.ro\\\/peug\\\/product\\\/placute-frana-peugeot-bipper-aa_-1-3-hdi-75-diesel-75-cai-jurid-573074jc\\\/\",\"url\":\"https:\\\/\\\/autorival.ro\\\/peug\\\/product\\\/placute-frana-peugeot-bipper-aa_-1-3-hdi-75-diesel-75-cai-jurid-573074jc\\\/\",\"name\":\"Placute frana PEUGEOT BIPPER (AA_) 1.3 HDi 75 diesel 75 cai JURID 573074JC PEOUGET | JURID - Autorival\",\"isPartOf\":{\"@id\":\"https:\\\/\\\/autorival.ro\\\/peug\\\/#website\"},\"primaryImageOfPage\":{\"@id\":\"https:\\\/\\\/autorival.ro\\\/peug\\\/product\\\/placute-frana-peugeot-bipper-aa_-1-3-hdi-75-diesel-75-cai-jurid-573074jc\\\/#primaryimage\"},\"image\":{\"@id\":\"https:\\\/\\\/autorival.ro\\\/peug\\\/product\\\/placute-frana-peugeot-bipper-aa_-1-3-hdi-75-diesel-75-cai-jurid-573074jc\\\/#primaryimage\"},\"thumbnailUrl\":\"https:\\\/\\\/autorival.ro\\\/peug\\\/wp-content\\\/uploads\\\/sites\\\/22\\\/2025\\\/07\\\/573074jc_1801580.jpg\",\"datePublished\":\"2025-07-20T00:47:36+00:00\",\"description\":\"\u26a1 Placute frana PEUGEOT BIPPER (AA_) 1.3 HDi 75 diesel 75 cai JURID 573074JC pentru PEOUGET. \u2713 Cod: 573074JC \u2713 Brand: JURID \u2713 \u00cen stoc \u2713 Livrare 24h \u2713 Garan\u021bie!\",\"breadcrumb\":{\"@id\":\"https:\\\/\\\/autorival.ro\\\/peug\\\/product\\\/placute-frana-peugeot-bipper-aa_-1-3-hdi-75-diesel-75-cai-jurid-573074jc\\\/#breadcrumb\"},\"inLanguage\":\"en-US\",\"potentialAction\":[{\"@type\":\"ReadAction\",\"target\":[\"https:\\\/\\\/autorival.ro\\\/peug\\\/product\\\/placute-frana-peugeot-bipper-aa_-1-3-hdi-75-diesel-75-cai-jurid-573074jc\\\/\"]}]},{\"@type\":\"ImageObject\",\"inLanguage\":\"en-US\",\"@id\":\"https:\\\/\\\/autorival.ro\\\/peug\\\/product\\\/placute-frana-peugeot-bipper-aa_-1-3-hdi-75-diesel-75-cai-jurid-573074jc\\\/#primaryimage\",\"url\":\"https:\\\/\\\/autorival.ro\\\/peug\\\/wp-content\\\/uploads\\\/sites\\\/22\\\/2025\\\/07\\\/573074jc_1801580.jpg\",\"contentUrl\":\"https:\\\/\\\/autorival.ro\\\/peug\\\/wp-content\\\/uploads\\\/sites\\\/22\\\/2025\\\/07\\\/573074jc_1801580.jpg\",\"width\":600,\"height\":319},{\"@type\":\"BreadcrumbList\",\"@id\":\"https:\\\/\\\/autorival.ro\\\/peug\\\/product\\\/placute-frana-peugeot-bipper-aa_-1-3-hdi-75-diesel-75-cai-jurid-573074jc\\\/#breadcrumb\",\"itemListElement\":[{\"@type\":\"ListItem\",\"position\":1,\"name\":\"Prima pagin\u0103\",\"item\":\"https:\\\/\\\/autorival.ro\\\/peug\\\/\"},{\"@type\":\"ListItem\",\"position\":2,\"name\":\"Piese auto POEUGET\",\"item\":\"https:\\\/\\\/autorival.ro\\\/peug\\\/\"},{\"@type\":\"ListItem\",\"position\":3,\"name\":\"Placute frana PEUGEOT BIPPER (AA_) 1.3 HDi 75 diesel 75 cai JURID 573074JC\"}]},{\"@type\":\"WebSite\",\"@id\":\"https:\\\/\\\/autorival.ro\\\/peug\\\/#website\",\"url\":\"https:\\\/\\\/autorival.ro\\\/peug\\\/\",\"name\":\"PEOUGET\",\"description\":\"\",\"potentialAction\":[{\"@type\":\"SearchAction\",\"target\":{\"@type\":\"EntryPoint\",\"urlTemplate\":\"https:\\\/\\\/autorival.ro\\\/peug\\\/?s={search_term_string}\"},\"query-input\":{\"@type\":\"PropertyValueSpecification\",\"valueRequired\":true,\"valueName\":\"search_term_string\"}}],\"inLanguage\":\"en-US\"}]}<\/script>\n<!-- \/ Yoast SEO plugin. -->","yoast_head_json":{"title":"Placute frana PEUGEOT BIPPER (AA_) 1.3 HDi 75 diesel 75 cai JURID 573074JC PEOUGET | JURID - Autorival","description":"\u26a1 Placute frana PEUGEOT BIPPER (AA_) 1.3 HDi 75 diesel 75 cai JURID 573074JC pentru PEOUGET. \u2713 Cod: 573074JC \u2713 Brand: JURID \u2713 \u00cen stoc \u2713 Livrare 24h \u2713 Garan\u021bie!","robots":{"index":"index","follow":"follow","max-snippet":"max-snippet:-1","max-image-preview":"max-image-preview:large","max-video-preview":"max-video-preview:-1"},"og_locale":"en_US","og_type":"article","og_title":"Placute frana PEUGEOT BIPPER (AA_) 1.3 HDi 75 diesel 75 cai JURID 573074JC PEOUGET | JURID - Autorival","og_description":"\u26a1 Placute frana PEUGEOT BIPPER (AA_) 1.3 HDi 75 diesel 75 cai JURID 573074JC pentru PEOUGET. \u2713 Cod: 573074JC \u2713 Brand: JURID \u2713 \u00cen stoc \u2713 Livrare 24h \u2713 Garan\u021bie!","og_url":"https:\/\/autorival.ro\/peug\/product\/placute-frana-peugeot-bipper-aa_-1-3-hdi-75-diesel-75-cai-jurid-573074jc\/","og_site_name":"PEOUGET","og_image":[{"width":600,"height":319,"url":"https:\/\/autorival.ro\/peug\/wp-content\/uploads\/sites\/22\/2025\/07\/573074jc_1801580.jpg","type":"image\/jpeg"}],"twitter_card":"summary_large_image","twitter_title":"Placute frana PEUGEOT BIPPER (AA_) 1.3 HDi 75 diesel 75 cai JURID 573074JC PEOUGET | JURID - Autorival","twitter_description":"\u26a1 Placute frana PEUGEOT BIPPER (AA_) 1.3 HDi 75 diesel 75 cai JURID 573074JC pentru PEOUGET. \u2713 Cod: 573074JC \u2713 Brand: JURID \u2713 \u00cen stoc \u2713 Livrare 24h \u2713 Garan\u021bie!","schema":{"@context":"https:\/\/schema.org","@graph":[{"@type":"WebPage","@id":"https:\/\/autorival.ro\/peug\/product\/placute-frana-peugeot-bipper-aa_-1-3-hdi-75-diesel-75-cai-jurid-573074jc\/","url":"https:\/\/autorival.ro\/peug\/product\/placute-frana-peugeot-bipper-aa_-1-3-hdi-75-diesel-75-cai-jurid-573074jc\/","name":"Placute frana PEUGEOT BIPPER (AA_) 1.3 HDi 75 diesel 75 cai JURID 573074JC PEOUGET | JURID - Autorival","isPartOf":{"@id":"https:\/\/autorival.ro\/peug\/#website"},"primaryImageOfPage":{"@id":"https:\/\/autorival.ro\/peug\/product\/placute-frana-peugeot-bipper-aa_-1-3-hdi-75-diesel-75-cai-jurid-573074jc\/#primaryimage"},"image":{"@id":"https:\/\/autorival.ro\/peug\/product\/placute-frana-peugeot-bipper-aa_-1-3-hdi-75-diesel-75-cai-jurid-573074jc\/#primaryimage"},"thumbnailUrl":"https:\/\/autorival.ro\/peug\/wp-content\/uploads\/sites\/22\/2025\/07\/573074jc_1801580.jpg","datePublished":"2025-07-20T00:47:36+00:00","description":"\u26a1 Placute frana PEUGEOT BIPPER (AA_) 1.3 HDi 75 diesel 75 cai JURID 573074JC pentru PEOUGET. \u2713 Cod: 573074JC \u2713 Brand: JURID \u2713 \u00cen stoc \u2713 Livrare 24h \u2713 Garan\u021bie!","breadcrumb":{"@id":"https:\/\/autorival.ro\/peug\/product\/placute-frana-peugeot-bipper-aa_-1-3-hdi-75-diesel-75-cai-jurid-573074jc\/#breadcrumb"},"inLanguage":"en-US","potentialAction":[{"@type":"ReadAction","target":["https:\/\/autorival.ro\/peug\/product\/placute-frana-peugeot-bipper-aa_-1-3-hdi-75-diesel-75-cai-jurid-573074jc\/"]}]},{"@type":"ImageObject","inLanguage":"en-US","@id":"https:\/\/autorival.ro\/peug\/product\/placute-frana-peugeot-bipper-aa_-1-3-hdi-75-diesel-75-cai-jurid-573074jc\/#primaryimage","url":"https:\/\/autorival.ro\/peug\/wp-content\/uploads\/sites\/22\/2025\/07\/573074jc_1801580.jpg","contentUrl":"https:\/\/autorival.ro\/peug\/wp-content\/uploads\/sites\/22\/2025\/07\/573074jc_1801580.jpg","width":600,"height":319},{"@type":"BreadcrumbList","@id":"https:\/\/autorival.ro\/peug\/product\/placute-frana-peugeot-bipper-aa_-1-3-hdi-75-diesel-75-cai-jurid-573074jc\/#breadcrumb","itemListElement":[{"@type":"ListItem","position":1,"name":"Prima pagin\u0103","item":"https:\/\/autorival.ro\/peug\/"},{"@type":"ListItem","position":2,"name":"Piese auto POEUGET","item":"https:\/\/autorival.ro\/peug\/"},{"@type":"ListItem","position":3,"name":"Placute frana PEUGEOT BIPPER (AA_) 1.3 HDi 75 diesel 75 cai JURID 573074JC"}]},{"@type":"WebSite","@id":"https:\/\/autorival.ro\/peug\/#website","url":"https:\/\/autorival.ro\/peug\/","name":"PEOUGET","description":"","potentialAction":[{"@type":"SearchAction","target":{"@type":"EntryPoint","urlTemplate":"https:\/\/autorival.ro\/peug\/?s={search_term_string}"},"query-input":{"@type":"PropertyValueSpecification","valueRequired":true,"valueName":"search_term_string"}}],"inLanguage":"en-US"}]}},"_links":{"self":[{"href":"https:\/\/autorival.ro\/peug\/wp-json\/wp\/v2\/product\/317375","targetHints":{"allow":["GET"]}}],"collection":[{"href":"https:\/\/autorival.ro\/peug\/wp-json\/wp\/v2\/product"}],"about":[{"href":"https:\/\/autorival.ro\/peug\/wp-json\/wp\/v2\/types\/product"}],"replies":[{"embeddable":true,"href":"https:\/\/autorival.ro\/peug\/wp-json\/wp\/v2\/comments?post=317375"}],"wp:featuredmedia":[{"embeddable":true,"href":"https:\/\/autorival.ro\/peug\/wp-json\/wp\/v2\/media\/317376"}],"wp:attachment":[{"href":"https:\/\/autorival.ro\/peug\/wp-json\/wp\/v2\/media?parent=317375"}],"wp:term":[{"taxonomy":"product_brand","embeddable":true,"href":"https:\/\/autorival.ro\/peug\/wp-json\/wp\/v2\/product_brand?post=317375"},{"taxonomy":"product_cat","embeddable":true,"href":"https:\/\/autorival.ro\/peug\/wp-json\/wp\/v2\/product_cat?post=317375"},{"taxonomy":"product_tag","embeddable":true,"href":"https:\/\/autorival.ro\/peug\/wp-json\/wp\/v2\/product_tag?post=317375"}],"curies":[{"name":"wp","href":"https:\/\/api.w.org\/{rel}","templated":true}]}}