{"id":316049,"date":"2025-07-20T00:16:39","date_gmt":"2025-07-20T00:16:39","guid":{"rendered":"https:\/\/autorival.ro\/peug\/product\/pivot-peugeot-expert-bus-v_-2-0-bluehdi-180-diesel-178-cai-meyle-11-16-010-0027\/"},"modified":"2025-07-20T00:16:39","modified_gmt":"2025-07-20T00:16:39","slug":"pivot-peugeot-expert-bus-v_-2-0-bluehdi-180-diesel-178-cai-meyle-11-16-010-0027","status":"publish","type":"product","link":"https:\/\/autorival.ro\/peug\/product\/pivot-peugeot-expert-bus-v_-2-0-bluehdi-180-diesel-178-cai-meyle-11-16-010-0027\/","title":{"rendered":"Pivot PEUGEOT EXPERT bus (V_) 2.0 BlueHDi 180 diesel 178 cai MEYLE 11-16 010 0027"},"content":{"rendered":"<p>Partea de montare: exterior, partea de jos, Axa fata dreapta, Axa fata stanga ->Dimensiune filet: M14x1,5\u00eenlocuire \u00een pereche recomandat\u0103Numar bucati necesare: 2<\/p>\n","protected":false},"excerpt":{"rendered":"<p>Producator: MEYLE Cod producator: 11-16 010 0027<\/p>\n","protected":false},"featured_media":316050,"comment_status":"open","ping_status":"closed","template":"","meta":[],"product_brand":[602],"product_cat":[17783],"product_tag":[],"class_list":{"0":"post-316049","1":"product","2":"type-product","3":"status-publish","4":"has-post-thumbnail","6":"product_brand-meyle","7":"product_cat-pivot-bus-v_-2-0-bluehdi-180-diesel-178","9":"first","10":"instock","11":"shipping-taxable","12":"purchasable","13":"product-type-simple"},"yoast_head":"<!-- This site is optimized with the Yoast SEO plugin v27.3 - https:\/\/yoast.com\/product\/yoast-seo-wordpress\/ -->\n<title>Pivot PEUGEOT EXPERT bus (V_) 2.0 BlueHDi 180 diesel 178 cai MEYLE 11-16 010 0027 PEOUGET | MEYLE - Autorival<\/title>\n<meta name=\"description\" content=\"\u26a1 Pivot PEUGEOT EXPERT bus (V_) 2.0 BlueHDi 180 diesel 178 cai MEYLE 11-16 010 0027 pentru PEOUGET. \u2713 Cod: 11-16 \u2713 Brand: MEYLE \u2713 \u00cen stoc \u2713 Livrare 24h \u2713 Garan\u021bie!\" \/>\n<meta name=\"robots\" content=\"index, follow, max-snippet:-1, max-image-preview:large, max-video-preview:-1\" \/>\n<meta property=\"og:locale\" content=\"en_US\" \/>\n<meta property=\"og:type\" content=\"article\" \/>\n<meta property=\"og:title\" content=\"Pivot PEUGEOT EXPERT bus (V_) 2.0 BlueHDi 180 diesel 178 cai MEYLE 11-16 010 0027 PEOUGET | MEYLE - Autorival\" \/>\n<meta property=\"og:description\" content=\"\u26a1 Pivot PEUGEOT EXPERT bus (V_) 2.0 BlueHDi 180 diesel 178 cai MEYLE 11-16 010 0027 pentru PEOUGET. \u2713 Cod: 11-16 \u2713 Brand: MEYLE \u2713 \u00cen stoc \u2713 Livrare 24h \u2713 Garan\u021bie!\" \/>\n<meta property=\"og:url\" content=\"https:\/\/autorival.ro\/peug\/product\/pivot-peugeot-expert-bus-v_-2-0-bluehdi-180-diesel-178-cai-meyle-11-16-010-0027\/\" \/>\n<meta property=\"og:site_name\" content=\"PEOUGET\" \/>\n<meta property=\"og:image\" content=\"https:\/\/autorival.ro\/peug\/wp-content\/uploads\/sites\/22\/2025\/07\/fs_11160100027_1-7.jpg\" \/>\n\t<meta property=\"og:image:width\" content=\"600\" \/>\n\t<meta property=\"og:image:height\" content=\"400\" \/>\n\t<meta property=\"og:image:type\" content=\"image\/jpeg\" \/>\n<meta name=\"twitter:card\" content=\"summary_large_image\" \/>\n<meta name=\"twitter:title\" content=\"Pivot PEUGEOT EXPERT bus (V_) 2.0 BlueHDi 180 diesel 178 cai MEYLE 11-16 010 0027 PEOUGET | MEYLE - Autorival\" \/>\n<meta name=\"twitter:description\" content=\"\u26a1 Pivot PEUGEOT EXPERT bus (V_) 2.0 BlueHDi 180 diesel 178 cai MEYLE 11-16 010 0027 pentru PEOUGET. \u2713 Cod: 11-16 \u2713 Brand: MEYLE \u2713 \u00cen stoc \u2713 Livrare 24h \u2713 Garan\u021bie!\" \/>\n<script type=\"application\/ld+json\" class=\"yoast-schema-graph\">{\"@context\":\"https:\\\/\\\/schema.org\",\"@graph\":[{\"@type\":\"WebPage\",\"@id\":\"https:\\\/\\\/autorival.ro\\\/peug\\\/product\\\/pivot-peugeot-expert-bus-v_-2-0-bluehdi-180-diesel-178-cai-meyle-11-16-010-0027\\\/\",\"url\":\"https:\\\/\\\/autorival.ro\\\/peug\\\/product\\\/pivot-peugeot-expert-bus-v_-2-0-bluehdi-180-diesel-178-cai-meyle-11-16-010-0027\\\/\",\"name\":\"Pivot PEUGEOT EXPERT bus (V_) 2.0 BlueHDi 180 diesel 178 cai MEYLE 11-16 010 0027 PEOUGET | MEYLE - Autorival\",\"isPartOf\":{\"@id\":\"https:\\\/\\\/autorival.ro\\\/peug\\\/#website\"},\"primaryImageOfPage\":{\"@id\":\"https:\\\/\\\/autorival.ro\\\/peug\\\/product\\\/pivot-peugeot-expert-bus-v_-2-0-bluehdi-180-diesel-178-cai-meyle-11-16-010-0027\\\/#primaryimage\"},\"image\":{\"@id\":\"https:\\\/\\\/autorival.ro\\\/peug\\\/product\\\/pivot-peugeot-expert-bus-v_-2-0-bluehdi-180-diesel-178-cai-meyle-11-16-010-0027\\\/#primaryimage\"},\"thumbnailUrl\":\"https:\\\/\\\/autorival.ro\\\/peug\\\/wp-content\\\/uploads\\\/sites\\\/22\\\/2025\\\/07\\\/fs_11160100027_1-7.jpg\",\"datePublished\":\"2025-07-20T00:16:39+00:00\",\"description\":\"\u26a1 Pivot PEUGEOT EXPERT bus (V_) 2.0 BlueHDi 180 diesel 178 cai MEYLE 11-16 010 0027 pentru PEOUGET. \u2713 Cod: 11-16 \u2713 Brand: MEYLE \u2713 \u00cen stoc \u2713 Livrare 24h \u2713 Garan\u021bie!\",\"breadcrumb\":{\"@id\":\"https:\\\/\\\/autorival.ro\\\/peug\\\/product\\\/pivot-peugeot-expert-bus-v_-2-0-bluehdi-180-diesel-178-cai-meyle-11-16-010-0027\\\/#breadcrumb\"},\"inLanguage\":\"en-US\",\"potentialAction\":[{\"@type\":\"ReadAction\",\"target\":[\"https:\\\/\\\/autorival.ro\\\/peug\\\/product\\\/pivot-peugeot-expert-bus-v_-2-0-bluehdi-180-diesel-178-cai-meyle-11-16-010-0027\\\/\"]}]},{\"@type\":\"ImageObject\",\"inLanguage\":\"en-US\",\"@id\":\"https:\\\/\\\/autorival.ro\\\/peug\\\/product\\\/pivot-peugeot-expert-bus-v_-2-0-bluehdi-180-diesel-178-cai-meyle-11-16-010-0027\\\/#primaryimage\",\"url\":\"https:\\\/\\\/autorival.ro\\\/peug\\\/wp-content\\\/uploads\\\/sites\\\/22\\\/2025\\\/07\\\/fs_11160100027_1-7.jpg\",\"contentUrl\":\"https:\\\/\\\/autorival.ro\\\/peug\\\/wp-content\\\/uploads\\\/sites\\\/22\\\/2025\\\/07\\\/fs_11160100027_1-7.jpg\",\"width\":600,\"height\":400},{\"@type\":\"BreadcrumbList\",\"@id\":\"https:\\\/\\\/autorival.ro\\\/peug\\\/product\\\/pivot-peugeot-expert-bus-v_-2-0-bluehdi-180-diesel-178-cai-meyle-11-16-010-0027\\\/#breadcrumb\",\"itemListElement\":[{\"@type\":\"ListItem\",\"position\":1,\"name\":\"Prima pagin\u0103\",\"item\":\"https:\\\/\\\/autorival.ro\\\/peug\\\/\"},{\"@type\":\"ListItem\",\"position\":2,\"name\":\"Piese auto POEUGET\",\"item\":\"https:\\\/\\\/autorival.ro\\\/peug\\\/\"},{\"@type\":\"ListItem\",\"position\":3,\"name\":\"Pivot PEUGEOT EXPERT bus (V_) 2.0 BlueHDi 180 diesel 178 cai MEYLE 11-16 010 0027\"}]},{\"@type\":\"WebSite\",\"@id\":\"https:\\\/\\\/autorival.ro\\\/peug\\\/#website\",\"url\":\"https:\\\/\\\/autorival.ro\\\/peug\\\/\",\"name\":\"PEOUGET\",\"description\":\"\",\"potentialAction\":[{\"@type\":\"SearchAction\",\"target\":{\"@type\":\"EntryPoint\",\"urlTemplate\":\"https:\\\/\\\/autorival.ro\\\/peug\\\/?s={search_term_string}\"},\"query-input\":{\"@type\":\"PropertyValueSpecification\",\"valueRequired\":true,\"valueName\":\"search_term_string\"}}],\"inLanguage\":\"en-US\"}]}<\/script>\n<!-- \/ Yoast SEO plugin. -->","yoast_head_json":{"title":"Pivot PEUGEOT EXPERT bus (V_) 2.0 BlueHDi 180 diesel 178 cai MEYLE 11-16 010 0027 PEOUGET | MEYLE - Autorival","description":"\u26a1 Pivot PEUGEOT EXPERT bus (V_) 2.0 BlueHDi 180 diesel 178 cai MEYLE 11-16 010 0027 pentru PEOUGET. \u2713 Cod: 11-16 \u2713 Brand: MEYLE \u2713 \u00cen stoc \u2713 Livrare 24h \u2713 Garan\u021bie!","robots":{"index":"index","follow":"follow","max-snippet":"max-snippet:-1","max-image-preview":"max-image-preview:large","max-video-preview":"max-video-preview:-1"},"og_locale":"en_US","og_type":"article","og_title":"Pivot PEUGEOT EXPERT bus (V_) 2.0 BlueHDi 180 diesel 178 cai MEYLE 11-16 010 0027 PEOUGET | MEYLE - Autorival","og_description":"\u26a1 Pivot PEUGEOT EXPERT bus (V_) 2.0 BlueHDi 180 diesel 178 cai MEYLE 11-16 010 0027 pentru PEOUGET. \u2713 Cod: 11-16 \u2713 Brand: MEYLE \u2713 \u00cen stoc \u2713 Livrare 24h \u2713 Garan\u021bie!","og_url":"https:\/\/autorival.ro\/peug\/product\/pivot-peugeot-expert-bus-v_-2-0-bluehdi-180-diesel-178-cai-meyle-11-16-010-0027\/","og_site_name":"PEOUGET","og_image":[{"width":600,"height":400,"url":"https:\/\/autorival.ro\/peug\/wp-content\/uploads\/sites\/22\/2025\/07\/fs_11160100027_1-7.jpg","type":"image\/jpeg"}],"twitter_card":"summary_large_image","twitter_title":"Pivot PEUGEOT EXPERT bus (V_) 2.0 BlueHDi 180 diesel 178 cai MEYLE 11-16 010 0027 PEOUGET | MEYLE - Autorival","twitter_description":"\u26a1 Pivot PEUGEOT EXPERT bus (V_) 2.0 BlueHDi 180 diesel 178 cai MEYLE 11-16 010 0027 pentru PEOUGET. \u2713 Cod: 11-16 \u2713 Brand: MEYLE \u2713 \u00cen stoc \u2713 Livrare 24h \u2713 Garan\u021bie!","schema":{"@context":"https:\/\/schema.org","@graph":[{"@type":"WebPage","@id":"https:\/\/autorival.ro\/peug\/product\/pivot-peugeot-expert-bus-v_-2-0-bluehdi-180-diesel-178-cai-meyle-11-16-010-0027\/","url":"https:\/\/autorival.ro\/peug\/product\/pivot-peugeot-expert-bus-v_-2-0-bluehdi-180-diesel-178-cai-meyle-11-16-010-0027\/","name":"Pivot PEUGEOT EXPERT bus (V_) 2.0 BlueHDi 180 diesel 178 cai MEYLE 11-16 010 0027 PEOUGET | MEYLE - Autorival","isPartOf":{"@id":"https:\/\/autorival.ro\/peug\/#website"},"primaryImageOfPage":{"@id":"https:\/\/autorival.ro\/peug\/product\/pivot-peugeot-expert-bus-v_-2-0-bluehdi-180-diesel-178-cai-meyle-11-16-010-0027\/#primaryimage"},"image":{"@id":"https:\/\/autorival.ro\/peug\/product\/pivot-peugeot-expert-bus-v_-2-0-bluehdi-180-diesel-178-cai-meyle-11-16-010-0027\/#primaryimage"},"thumbnailUrl":"https:\/\/autorival.ro\/peug\/wp-content\/uploads\/sites\/22\/2025\/07\/fs_11160100027_1-7.jpg","datePublished":"2025-07-20T00:16:39+00:00","description":"\u26a1 Pivot PEUGEOT EXPERT bus (V_) 2.0 BlueHDi 180 diesel 178 cai MEYLE 11-16 010 0027 pentru PEOUGET. \u2713 Cod: 11-16 \u2713 Brand: MEYLE \u2713 \u00cen stoc \u2713 Livrare 24h \u2713 Garan\u021bie!","breadcrumb":{"@id":"https:\/\/autorival.ro\/peug\/product\/pivot-peugeot-expert-bus-v_-2-0-bluehdi-180-diesel-178-cai-meyle-11-16-010-0027\/#breadcrumb"},"inLanguage":"en-US","potentialAction":[{"@type":"ReadAction","target":["https:\/\/autorival.ro\/peug\/product\/pivot-peugeot-expert-bus-v_-2-0-bluehdi-180-diesel-178-cai-meyle-11-16-010-0027\/"]}]},{"@type":"ImageObject","inLanguage":"en-US","@id":"https:\/\/autorival.ro\/peug\/product\/pivot-peugeot-expert-bus-v_-2-0-bluehdi-180-diesel-178-cai-meyle-11-16-010-0027\/#primaryimage","url":"https:\/\/autorival.ro\/peug\/wp-content\/uploads\/sites\/22\/2025\/07\/fs_11160100027_1-7.jpg","contentUrl":"https:\/\/autorival.ro\/peug\/wp-content\/uploads\/sites\/22\/2025\/07\/fs_11160100027_1-7.jpg","width":600,"height":400},{"@type":"BreadcrumbList","@id":"https:\/\/autorival.ro\/peug\/product\/pivot-peugeot-expert-bus-v_-2-0-bluehdi-180-diesel-178-cai-meyle-11-16-010-0027\/#breadcrumb","itemListElement":[{"@type":"ListItem","position":1,"name":"Prima pagin\u0103","item":"https:\/\/autorival.ro\/peug\/"},{"@type":"ListItem","position":2,"name":"Piese auto POEUGET","item":"https:\/\/autorival.ro\/peug\/"},{"@type":"ListItem","position":3,"name":"Pivot PEUGEOT EXPERT bus (V_) 2.0 BlueHDi 180 diesel 178 cai MEYLE 11-16 010 0027"}]},{"@type":"WebSite","@id":"https:\/\/autorival.ro\/peug\/#website","url":"https:\/\/autorival.ro\/peug\/","name":"PEOUGET","description":"","potentialAction":[{"@type":"SearchAction","target":{"@type":"EntryPoint","urlTemplate":"https:\/\/autorival.ro\/peug\/?s={search_term_string}"},"query-input":{"@type":"PropertyValueSpecification","valueRequired":true,"valueName":"search_term_string"}}],"inLanguage":"en-US"}]}},"_links":{"self":[{"href":"https:\/\/autorival.ro\/peug\/wp-json\/wp\/v2\/product\/316049","targetHints":{"allow":["GET"]}}],"collection":[{"href":"https:\/\/autorival.ro\/peug\/wp-json\/wp\/v2\/product"}],"about":[{"href":"https:\/\/autorival.ro\/peug\/wp-json\/wp\/v2\/types\/product"}],"replies":[{"embeddable":true,"href":"https:\/\/autorival.ro\/peug\/wp-json\/wp\/v2\/comments?post=316049"}],"wp:featuredmedia":[{"embeddable":true,"href":"https:\/\/autorival.ro\/peug\/wp-json\/wp\/v2\/media\/316050"}],"wp:attachment":[{"href":"https:\/\/autorival.ro\/peug\/wp-json\/wp\/v2\/media?parent=316049"}],"wp:term":[{"taxonomy":"product_brand","embeddable":true,"href":"https:\/\/autorival.ro\/peug\/wp-json\/wp\/v2\/product_brand?post=316049"},{"taxonomy":"product_cat","embeddable":true,"href":"https:\/\/autorival.ro\/peug\/wp-json\/wp\/v2\/product_cat?post=316049"},{"taxonomy":"product_tag","embeddable":true,"href":"https:\/\/autorival.ro\/peug\/wp-json\/wp\/v2\/product_tag?post=316049"}],"curies":[{"name":"wp","href":"https:\/\/api.w.org\/{rel}","templated":true}]}}