{"id":218687,"date":"2025-07-18T14:11:38","date_gmt":"2025-07-18T14:11:38","guid":{"rendered":"https:\/\/autorival.ro\/peug\/product\/filtru-polen-peugeot-rifter-1-2-puretech-110-benzina-110-cai-bosch-0-986-628-610\/"},"modified":"2025-07-18T14:11:38","modified_gmt":"2025-07-18T14:11:38","slug":"filtru-polen-peugeot-rifter-1-2-puretech-110-benzina-110-cai-bosch-0-986-628-610","status":"publish","type":"product","link":"https:\/\/autorival.ro\/peug\/product\/filtru-polen-peugeot-rifter-1-2-puretech-110-benzina-110-cai-bosch-0-986-628-610\/","title":{"rendered":"Filtru polen PEUGEOT RIFTER 1.2 PureTech 110 benzina 110 cai BOSCH 0 986 628 610"},"content":{"rendered":"<p>Tip filtru: Filtru carbon activ, Filtru praf fin (PM 2.5), cu efect antialergic, cu efect fungicid, cu efect antibacterial ->Lungime [mm]: 292 ->Latime [mm]: 95\u00cenaltime [mm]: 30Calitate: 2Versiunea de baz\u0103 (nr. art.): 1987435026Versiunea cu c\u0103rbune activ (nr. art.): 1987435522<\/p>\n","protected":false},"excerpt":{"rendered":"<p>Producator: BOSCH Cod producator: 0 986 628 610<\/p>\n","protected":false},"featured_media":218688,"comment_status":"open","ping_status":"closed","template":"","meta":[],"product_brand":[487],"product_cat":[12795],"product_tag":[],"class_list":{"0":"post-218687","1":"product","2":"type-product","3":"status-publish","4":"has-post-thumbnail","6":"product_brand-bosch","7":"product_cat-filtru-polen-1-2-puretech-110-benzina-110","9":"first","10":"instock","11":"shipping-taxable","12":"purchasable","13":"product-type-simple"},"yoast_head":"<!-- This site is optimized with the Yoast SEO plugin v27.3 - https:\/\/yoast.com\/product\/yoast-seo-wordpress\/ -->\n<title>Filtru polen PEUGEOT RIFTER 1.2 PureTech 110 benzina 110 cai BOSCH 0 986 628 610 PEOUGET | BOSCH - Autorival<\/title>\n<meta name=\"description\" content=\"\u26a1 Filtru polen PEUGEOT RIFTER 1.2 PureTech 110 benzina 110 cai BOSCH 0 986 628 610 pentru PEOUGET \u2713 Brand: BOSCH \u2713 \u00cen stoc \u2713 Livrare 24h \u2713 Garan\u021bie!\" \/>\n<meta name=\"robots\" content=\"index, follow, max-snippet:-1, max-image-preview:large, max-video-preview:-1\" \/>\n<meta property=\"og:locale\" content=\"en_US\" \/>\n<meta property=\"og:type\" content=\"article\" \/>\n<meta property=\"og:title\" content=\"Filtru polen PEUGEOT RIFTER 1.2 PureTech 110 benzina 110 cai BOSCH 0 986 628 610 PEOUGET | BOSCH - Autorival\" \/>\n<meta property=\"og:description\" content=\"\u26a1 Filtru polen PEUGEOT RIFTER 1.2 PureTech 110 benzina 110 cai BOSCH 0 986 628 610 pentru PEOUGET \u2713 Brand: BOSCH \u2713 \u00cen stoc \u2713 Livrare 24h \u2713 Garan\u021bie!\" \/>\n<meta property=\"og:url\" content=\"https:\/\/autorival.ro\/peug\/product\/filtru-polen-peugeot-rifter-1-2-puretech-110-benzina-110-cai-bosch-0-986-628-610\/\" \/>\n<meta property=\"og:site_name\" content=\"PEOUGET\" \/>\n<meta property=\"og:image\" content=\"https:\/\/autorival.ro\/peug\/wp-content\/uploads\/sites\/22\/2025\/07\/0986628610ph01whco0000-26.jpg\" \/>\n\t<meta property=\"og:image:width\" content=\"1280\" \/>\n\t<meta property=\"og:image:height\" content=\"996\" \/>\n\t<meta property=\"og:image:type\" content=\"image\/jpeg\" \/>\n<meta name=\"twitter:card\" content=\"summary_large_image\" \/>\n<meta name=\"twitter:title\" content=\"Filtru polen PEUGEOT RIFTER 1.2 PureTech 110 benzina 110 cai BOSCH 0 986 628 610 PEOUGET | BOSCH - Autorival\" \/>\n<meta name=\"twitter:description\" content=\"\u26a1 Filtru polen PEUGEOT RIFTER 1.2 PureTech 110 benzina 110 cai BOSCH 0 986 628 610 pentru PEOUGET \u2713 Brand: BOSCH \u2713 \u00cen stoc \u2713 Livrare 24h \u2713 Garan\u021bie!\" \/>\n<script type=\"application\/ld+json\" class=\"yoast-schema-graph\">{\"@context\":\"https:\\\/\\\/schema.org\",\"@graph\":[{\"@type\":\"WebPage\",\"@id\":\"https:\\\/\\\/autorival.ro\\\/peug\\\/product\\\/filtru-polen-peugeot-rifter-1-2-puretech-110-benzina-110-cai-bosch-0-986-628-610\\\/\",\"url\":\"https:\\\/\\\/autorival.ro\\\/peug\\\/product\\\/filtru-polen-peugeot-rifter-1-2-puretech-110-benzina-110-cai-bosch-0-986-628-610\\\/\",\"name\":\"Filtru polen PEUGEOT RIFTER 1.2 PureTech 110 benzina 110 cai BOSCH 0 986 628 610 PEOUGET | BOSCH - Autorival\",\"isPartOf\":{\"@id\":\"https:\\\/\\\/autorival.ro\\\/peug\\\/#website\"},\"primaryImageOfPage\":{\"@id\":\"https:\\\/\\\/autorival.ro\\\/peug\\\/product\\\/filtru-polen-peugeot-rifter-1-2-puretech-110-benzina-110-cai-bosch-0-986-628-610\\\/#primaryimage\"},\"image\":{\"@id\":\"https:\\\/\\\/autorival.ro\\\/peug\\\/product\\\/filtru-polen-peugeot-rifter-1-2-puretech-110-benzina-110-cai-bosch-0-986-628-610\\\/#primaryimage\"},\"thumbnailUrl\":\"https:\\\/\\\/autorival.ro\\\/peug\\\/wp-content\\\/uploads\\\/sites\\\/22\\\/2025\\\/07\\\/0986628610ph01whco0000-26.jpg\",\"datePublished\":\"2025-07-18T14:11:38+00:00\",\"description\":\"\u26a1 Filtru polen PEUGEOT RIFTER 1.2 PureTech 110 benzina 110 cai BOSCH 0 986 628 610 pentru PEOUGET \u2713 Brand: BOSCH \u2713 \u00cen stoc \u2713 Livrare 24h \u2713 Garan\u021bie!\",\"breadcrumb\":{\"@id\":\"https:\\\/\\\/autorival.ro\\\/peug\\\/product\\\/filtru-polen-peugeot-rifter-1-2-puretech-110-benzina-110-cai-bosch-0-986-628-610\\\/#breadcrumb\"},\"inLanguage\":\"en-US\",\"potentialAction\":[{\"@type\":\"ReadAction\",\"target\":[\"https:\\\/\\\/autorival.ro\\\/peug\\\/product\\\/filtru-polen-peugeot-rifter-1-2-puretech-110-benzina-110-cai-bosch-0-986-628-610\\\/\"]}]},{\"@type\":\"ImageObject\",\"inLanguage\":\"en-US\",\"@id\":\"https:\\\/\\\/autorival.ro\\\/peug\\\/product\\\/filtru-polen-peugeot-rifter-1-2-puretech-110-benzina-110-cai-bosch-0-986-628-610\\\/#primaryimage\",\"url\":\"https:\\\/\\\/autorival.ro\\\/peug\\\/wp-content\\\/uploads\\\/sites\\\/22\\\/2025\\\/07\\\/0986628610ph01whco0000-26.jpg\",\"contentUrl\":\"https:\\\/\\\/autorival.ro\\\/peug\\\/wp-content\\\/uploads\\\/sites\\\/22\\\/2025\\\/07\\\/0986628610ph01whco0000-26.jpg\",\"width\":1280,\"height\":996},{\"@type\":\"BreadcrumbList\",\"@id\":\"https:\\\/\\\/autorival.ro\\\/peug\\\/product\\\/filtru-polen-peugeot-rifter-1-2-puretech-110-benzina-110-cai-bosch-0-986-628-610\\\/#breadcrumb\",\"itemListElement\":[{\"@type\":\"ListItem\",\"position\":1,\"name\":\"Prima pagin\u0103\",\"item\":\"https:\\\/\\\/autorival.ro\\\/peug\\\/\"},{\"@type\":\"ListItem\",\"position\":2,\"name\":\"Piese auto POEUGET\",\"item\":\"https:\\\/\\\/autorival.ro\\\/peug\\\/\"},{\"@type\":\"ListItem\",\"position\":3,\"name\":\"Filtru polen PEUGEOT RIFTER 1.2 PureTech 110 benzina 110 cai BOSCH 0 986 628 610\"}]},{\"@type\":\"WebSite\",\"@id\":\"https:\\\/\\\/autorival.ro\\\/peug\\\/#website\",\"url\":\"https:\\\/\\\/autorival.ro\\\/peug\\\/\",\"name\":\"PEOUGET\",\"description\":\"\",\"potentialAction\":[{\"@type\":\"SearchAction\",\"target\":{\"@type\":\"EntryPoint\",\"urlTemplate\":\"https:\\\/\\\/autorival.ro\\\/peug\\\/?s={search_term_string}\"},\"query-input\":{\"@type\":\"PropertyValueSpecification\",\"valueRequired\":true,\"valueName\":\"search_term_string\"}}],\"inLanguage\":\"en-US\"}]}<\/script>\n<!-- \/ Yoast SEO plugin. -->","yoast_head_json":{"title":"Filtru polen PEUGEOT RIFTER 1.2 PureTech 110 benzina 110 cai BOSCH 0 986 628 610 PEOUGET | BOSCH - Autorival","description":"\u26a1 Filtru polen PEUGEOT RIFTER 1.2 PureTech 110 benzina 110 cai BOSCH 0 986 628 610 pentru PEOUGET \u2713 Brand: BOSCH \u2713 \u00cen stoc \u2713 Livrare 24h \u2713 Garan\u021bie!","robots":{"index":"index","follow":"follow","max-snippet":"max-snippet:-1","max-image-preview":"max-image-preview:large","max-video-preview":"max-video-preview:-1"},"og_locale":"en_US","og_type":"article","og_title":"Filtru polen PEUGEOT RIFTER 1.2 PureTech 110 benzina 110 cai BOSCH 0 986 628 610 PEOUGET | BOSCH - Autorival","og_description":"\u26a1 Filtru polen PEUGEOT RIFTER 1.2 PureTech 110 benzina 110 cai BOSCH 0 986 628 610 pentru PEOUGET \u2713 Brand: BOSCH \u2713 \u00cen stoc \u2713 Livrare 24h \u2713 Garan\u021bie!","og_url":"https:\/\/autorival.ro\/peug\/product\/filtru-polen-peugeot-rifter-1-2-puretech-110-benzina-110-cai-bosch-0-986-628-610\/","og_site_name":"PEOUGET","og_image":[{"width":1280,"height":996,"url":"https:\/\/autorival.ro\/peug\/wp-content\/uploads\/sites\/22\/2025\/07\/0986628610ph01whco0000-26.jpg","type":"image\/jpeg"}],"twitter_card":"summary_large_image","twitter_title":"Filtru polen PEUGEOT RIFTER 1.2 PureTech 110 benzina 110 cai BOSCH 0 986 628 610 PEOUGET | BOSCH - Autorival","twitter_description":"\u26a1 Filtru polen PEUGEOT RIFTER 1.2 PureTech 110 benzina 110 cai BOSCH 0 986 628 610 pentru PEOUGET \u2713 Brand: BOSCH \u2713 \u00cen stoc \u2713 Livrare 24h \u2713 Garan\u021bie!","schema":{"@context":"https:\/\/schema.org","@graph":[{"@type":"WebPage","@id":"https:\/\/autorival.ro\/peug\/product\/filtru-polen-peugeot-rifter-1-2-puretech-110-benzina-110-cai-bosch-0-986-628-610\/","url":"https:\/\/autorival.ro\/peug\/product\/filtru-polen-peugeot-rifter-1-2-puretech-110-benzina-110-cai-bosch-0-986-628-610\/","name":"Filtru polen PEUGEOT RIFTER 1.2 PureTech 110 benzina 110 cai BOSCH 0 986 628 610 PEOUGET | BOSCH - Autorival","isPartOf":{"@id":"https:\/\/autorival.ro\/peug\/#website"},"primaryImageOfPage":{"@id":"https:\/\/autorival.ro\/peug\/product\/filtru-polen-peugeot-rifter-1-2-puretech-110-benzina-110-cai-bosch-0-986-628-610\/#primaryimage"},"image":{"@id":"https:\/\/autorival.ro\/peug\/product\/filtru-polen-peugeot-rifter-1-2-puretech-110-benzina-110-cai-bosch-0-986-628-610\/#primaryimage"},"thumbnailUrl":"https:\/\/autorival.ro\/peug\/wp-content\/uploads\/sites\/22\/2025\/07\/0986628610ph01whco0000-26.jpg","datePublished":"2025-07-18T14:11:38+00:00","description":"\u26a1 Filtru polen PEUGEOT RIFTER 1.2 PureTech 110 benzina 110 cai BOSCH 0 986 628 610 pentru PEOUGET \u2713 Brand: BOSCH \u2713 \u00cen stoc \u2713 Livrare 24h \u2713 Garan\u021bie!","breadcrumb":{"@id":"https:\/\/autorival.ro\/peug\/product\/filtru-polen-peugeot-rifter-1-2-puretech-110-benzina-110-cai-bosch-0-986-628-610\/#breadcrumb"},"inLanguage":"en-US","potentialAction":[{"@type":"ReadAction","target":["https:\/\/autorival.ro\/peug\/product\/filtru-polen-peugeot-rifter-1-2-puretech-110-benzina-110-cai-bosch-0-986-628-610\/"]}]},{"@type":"ImageObject","inLanguage":"en-US","@id":"https:\/\/autorival.ro\/peug\/product\/filtru-polen-peugeot-rifter-1-2-puretech-110-benzina-110-cai-bosch-0-986-628-610\/#primaryimage","url":"https:\/\/autorival.ro\/peug\/wp-content\/uploads\/sites\/22\/2025\/07\/0986628610ph01whco0000-26.jpg","contentUrl":"https:\/\/autorival.ro\/peug\/wp-content\/uploads\/sites\/22\/2025\/07\/0986628610ph01whco0000-26.jpg","width":1280,"height":996},{"@type":"BreadcrumbList","@id":"https:\/\/autorival.ro\/peug\/product\/filtru-polen-peugeot-rifter-1-2-puretech-110-benzina-110-cai-bosch-0-986-628-610\/#breadcrumb","itemListElement":[{"@type":"ListItem","position":1,"name":"Prima pagin\u0103","item":"https:\/\/autorival.ro\/peug\/"},{"@type":"ListItem","position":2,"name":"Piese auto POEUGET","item":"https:\/\/autorival.ro\/peug\/"},{"@type":"ListItem","position":3,"name":"Filtru polen PEUGEOT RIFTER 1.2 PureTech 110 benzina 110 cai BOSCH 0 986 628 610"}]},{"@type":"WebSite","@id":"https:\/\/autorival.ro\/peug\/#website","url":"https:\/\/autorival.ro\/peug\/","name":"PEOUGET","description":"","potentialAction":[{"@type":"SearchAction","target":{"@type":"EntryPoint","urlTemplate":"https:\/\/autorival.ro\/peug\/?s={search_term_string}"},"query-input":{"@type":"PropertyValueSpecification","valueRequired":true,"valueName":"search_term_string"}}],"inLanguage":"en-US"}]}},"_links":{"self":[{"href":"https:\/\/autorival.ro\/peug\/wp-json\/wp\/v2\/product\/218687","targetHints":{"allow":["GET"]}}],"collection":[{"href":"https:\/\/autorival.ro\/peug\/wp-json\/wp\/v2\/product"}],"about":[{"href":"https:\/\/autorival.ro\/peug\/wp-json\/wp\/v2\/types\/product"}],"replies":[{"embeddable":true,"href":"https:\/\/autorival.ro\/peug\/wp-json\/wp\/v2\/comments?post=218687"}],"wp:featuredmedia":[{"embeddable":true,"href":"https:\/\/autorival.ro\/peug\/wp-json\/wp\/v2\/media\/218688"}],"wp:attachment":[{"href":"https:\/\/autorival.ro\/peug\/wp-json\/wp\/v2\/media?parent=218687"}],"wp:term":[{"taxonomy":"product_brand","embeddable":true,"href":"https:\/\/autorival.ro\/peug\/wp-json\/wp\/v2\/product_brand?post=218687"},{"taxonomy":"product_cat","embeddable":true,"href":"https:\/\/autorival.ro\/peug\/wp-json\/wp\/v2\/product_cat?post=218687"},{"taxonomy":"product_tag","embeddable":true,"href":"https:\/\/autorival.ro\/peug\/wp-json\/wp\/v2\/product_tag?post=218687"}],"curies":[{"name":"wp","href":"https:\/\/api.w.org\/{rel}","templated":true}]}}