{"id":193569,"date":"2025-07-18T07:51:12","date_gmt":"2025-07-18T07:51:12","guid":{"rendered":"https:\/\/autorival.ro\/peug\/product\/far-peugeot-rifter-1-5-bluehdi-100-diesel-102-cai-valeo-450639\/"},"modified":"2025-07-18T07:51:12","modified_gmt":"2025-07-18T07:51:12","slug":"far-peugeot-rifter-1-5-bluehdi-100-diesel-102-cai-valeo-450639","status":"publish","type":"product","link":"https:\/\/autorival.ro\/peug\/product\/far-peugeot-rifter-1-5-bluehdi-100-diesel-102-cai-valeo-450639\/","title":{"rendered":"Far PEUGEOT RIFTER 1.5 BlueHDi 100 diesel 102 cai VALEO 450639"},"content":{"rendered":"<p>Articol extins\/Informatii de extindere: cu marc\u0103 original\u0103, cu bec cu incandescen\u021b\u0103 pentru faz\u0103 scurt\u0103, cu bec cu incandescen\u021b\u0103 pentru faz\u0103 lung\u0103, cu bec cu incandescen\u021b\u0103 pentru lumini de zi, cu bec cu incandescen\u021b\u0103 pentru semnalizatorTrafic pe st\u00e2nga\/dreapta: pentru trafic pe dreaptaPartea de montare: dreaptaTIp lampa: H7, H1, PY21W, W21\/5WEchipament vehicul: pentru vehicule cu reglare faruri (electric\u0103)Functie de lampa: cu lumini de delimitare ->Greutate [kg]: 4,37<\/p>\n","protected":false},"excerpt":{"rendered":"<p>Producator: VALEO Cod producator: 450639<\/p>\n","protected":false},"featured_media":193570,"comment_status":"open","ping_status":"closed","template":"","meta":[],"product_brand":[491],"product_cat":[12374],"product_tag":[],"class_list":{"0":"post-193569","1":"product","2":"type-product","3":"status-publish","4":"has-post-thumbnail","6":"product_brand-valeo","7":"product_cat-far-1-5-bluehdi-100-diesel-102","9":"first","10":"instock","11":"shipping-taxable","12":"purchasable","13":"product-type-simple"},"yoast_head":"<!-- This site is optimized with the Yoast SEO plugin v27.4 - https:\/\/yoast.com\/product\/yoast-seo-wordpress\/ -->\n<title>Far PEUGEOT RIFTER 1.5 BlueHDi 100 diesel 102 cai VALEO 450639 PEOUGET | VALEO - Autorival<\/title>\n<meta name=\"description\" content=\"\u26a1 Far PEUGEOT RIFTER 1.5 BlueHDi 100 diesel 102 cai VALEO 450639 pentru PEOUGET. \u2713 Cod: 450639 \u2713 Brand: VALEO \u2713 \u00cen stoc \u2713 Livrare 24h \u2713 Garan\u021bie!\" \/>\n<meta name=\"robots\" content=\"index, follow, max-snippet:-1, max-image-preview:large, max-video-preview:-1\" \/>\n<meta property=\"og:locale\" content=\"en_US\" \/>\n<meta property=\"og:type\" content=\"article\" \/>\n<meta property=\"og:title\" content=\"Far PEUGEOT RIFTER 1.5 BlueHDi 100 diesel 102 cai VALEO 450639 PEOUGET | VALEO - Autorival\" \/>\n<meta property=\"og:description\" content=\"\u26a1 Far PEUGEOT RIFTER 1.5 BlueHDi 100 diesel 102 cai VALEO 450639 pentru PEOUGET. \u2713 Cod: 450639 \u2713 Brand: VALEO \u2713 \u00cen stoc \u2713 Livrare 24h \u2713 Garan\u021bie!\" \/>\n<meta property=\"og:url\" content=\"https:\/\/autorival.ro\/peug\/product\/far-peugeot-rifter-1-5-bluehdi-100-diesel-102-cai-valeo-450639\/\" \/>\n<meta property=\"og:site_name\" content=\"PEOUGET\" \/>\n<meta property=\"og:image\" content=\"https:\/\/autorival.ro\/peug\/wp-content\/uploads\/sites\/22\/2025\/07\/lighting_wob-5.jpg\" \/>\n\t<meta property=\"og:image:width\" content=\"1684\" \/>\n\t<meta property=\"og:image:height\" content=\"1191\" \/>\n\t<meta property=\"og:image:type\" content=\"image\/jpeg\" \/>\n<meta name=\"twitter:card\" content=\"summary_large_image\" \/>\n<meta name=\"twitter:title\" content=\"Far PEUGEOT RIFTER 1.5 BlueHDi 100 diesel 102 cai VALEO 450639 PEOUGET | VALEO - Autorival\" \/>\n<meta name=\"twitter:description\" content=\"\u26a1 Far PEUGEOT RIFTER 1.5 BlueHDi 100 diesel 102 cai VALEO 450639 pentru PEOUGET. \u2713 Cod: 450639 \u2713 Brand: VALEO \u2713 \u00cen stoc \u2713 Livrare 24h \u2713 Garan\u021bie!\" \/>\n<script type=\"application\/ld+json\" class=\"yoast-schema-graph\">{\"@context\":\"https:\\\/\\\/schema.org\",\"@graph\":[{\"@type\":\"WebPage\",\"@id\":\"https:\\\/\\\/autorival.ro\\\/peug\\\/product\\\/far-peugeot-rifter-1-5-bluehdi-100-diesel-102-cai-valeo-450639\\\/\",\"url\":\"https:\\\/\\\/autorival.ro\\\/peug\\\/product\\\/far-peugeot-rifter-1-5-bluehdi-100-diesel-102-cai-valeo-450639\\\/\",\"name\":\"Far PEUGEOT RIFTER 1.5 BlueHDi 100 diesel 102 cai VALEO 450639 PEOUGET | VALEO - Autorival\",\"isPartOf\":{\"@id\":\"https:\\\/\\\/autorival.ro\\\/peug\\\/#website\"},\"primaryImageOfPage\":{\"@id\":\"https:\\\/\\\/autorival.ro\\\/peug\\\/product\\\/far-peugeot-rifter-1-5-bluehdi-100-diesel-102-cai-valeo-450639\\\/#primaryimage\"},\"image\":{\"@id\":\"https:\\\/\\\/autorival.ro\\\/peug\\\/product\\\/far-peugeot-rifter-1-5-bluehdi-100-diesel-102-cai-valeo-450639\\\/#primaryimage\"},\"thumbnailUrl\":\"https:\\\/\\\/autorival.ro\\\/peug\\\/wp-content\\\/uploads\\\/sites\\\/22\\\/2025\\\/07\\\/lighting_wob-5.jpg\",\"datePublished\":\"2025-07-18T07:51:12+00:00\",\"description\":\"\u26a1 Far PEUGEOT RIFTER 1.5 BlueHDi 100 diesel 102 cai VALEO 450639 pentru PEOUGET. \u2713 Cod: 450639 \u2713 Brand: VALEO \u2713 \u00cen stoc \u2713 Livrare 24h \u2713 Garan\u021bie!\",\"breadcrumb\":{\"@id\":\"https:\\\/\\\/autorival.ro\\\/peug\\\/product\\\/far-peugeot-rifter-1-5-bluehdi-100-diesel-102-cai-valeo-450639\\\/#breadcrumb\"},\"inLanguage\":\"en-US\",\"potentialAction\":[{\"@type\":\"ReadAction\",\"target\":[\"https:\\\/\\\/autorival.ro\\\/peug\\\/product\\\/far-peugeot-rifter-1-5-bluehdi-100-diesel-102-cai-valeo-450639\\\/\"]}]},{\"@type\":\"ImageObject\",\"inLanguage\":\"en-US\",\"@id\":\"https:\\\/\\\/autorival.ro\\\/peug\\\/product\\\/far-peugeot-rifter-1-5-bluehdi-100-diesel-102-cai-valeo-450639\\\/#primaryimage\",\"url\":\"https:\\\/\\\/autorival.ro\\\/peug\\\/wp-content\\\/uploads\\\/sites\\\/22\\\/2025\\\/07\\\/lighting_wob-5.jpg\",\"contentUrl\":\"https:\\\/\\\/autorival.ro\\\/peug\\\/wp-content\\\/uploads\\\/sites\\\/22\\\/2025\\\/07\\\/lighting_wob-5.jpg\",\"width\":1684,\"height\":1191},{\"@type\":\"BreadcrumbList\",\"@id\":\"https:\\\/\\\/autorival.ro\\\/peug\\\/product\\\/far-peugeot-rifter-1-5-bluehdi-100-diesel-102-cai-valeo-450639\\\/#breadcrumb\",\"itemListElement\":[{\"@type\":\"ListItem\",\"position\":1,\"name\":\"Prima pagin\u0103\",\"item\":\"https:\\\/\\\/autorival.ro\\\/peug\\\/\"},{\"@type\":\"ListItem\",\"position\":2,\"name\":\"Piese auto POEUGET\",\"item\":\"https:\\\/\\\/autorival.ro\\\/peug\\\/\"},{\"@type\":\"ListItem\",\"position\":3,\"name\":\"Far PEUGEOT RIFTER 1.5 BlueHDi 100 diesel 102 cai VALEO 450639\"}]},{\"@type\":\"WebSite\",\"@id\":\"https:\\\/\\\/autorival.ro\\\/peug\\\/#website\",\"url\":\"https:\\\/\\\/autorival.ro\\\/peug\\\/\",\"name\":\"PEOUGET\",\"description\":\"\",\"potentialAction\":[{\"@type\":\"SearchAction\",\"target\":{\"@type\":\"EntryPoint\",\"urlTemplate\":\"https:\\\/\\\/autorival.ro\\\/peug\\\/?s={search_term_string}\"},\"query-input\":{\"@type\":\"PropertyValueSpecification\",\"valueRequired\":true,\"valueName\":\"search_term_string\"}}],\"inLanguage\":\"en-US\"}]}<\/script>\n<!-- \/ Yoast SEO plugin. -->","yoast_head_json":{"title":"Far PEUGEOT RIFTER 1.5 BlueHDi 100 diesel 102 cai VALEO 450639 PEOUGET | VALEO - Autorival","description":"\u26a1 Far PEUGEOT RIFTER 1.5 BlueHDi 100 diesel 102 cai VALEO 450639 pentru PEOUGET. \u2713 Cod: 450639 \u2713 Brand: VALEO \u2713 \u00cen stoc \u2713 Livrare 24h \u2713 Garan\u021bie!","robots":{"index":"index","follow":"follow","max-snippet":"max-snippet:-1","max-image-preview":"max-image-preview:large","max-video-preview":"max-video-preview:-1"},"og_locale":"en_US","og_type":"article","og_title":"Far PEUGEOT RIFTER 1.5 BlueHDi 100 diesel 102 cai VALEO 450639 PEOUGET | VALEO - Autorival","og_description":"\u26a1 Far PEUGEOT RIFTER 1.5 BlueHDi 100 diesel 102 cai VALEO 450639 pentru PEOUGET. \u2713 Cod: 450639 \u2713 Brand: VALEO \u2713 \u00cen stoc \u2713 Livrare 24h \u2713 Garan\u021bie!","og_url":"https:\/\/autorival.ro\/peug\/product\/far-peugeot-rifter-1-5-bluehdi-100-diesel-102-cai-valeo-450639\/","og_site_name":"PEOUGET","og_image":[{"width":1684,"height":1191,"url":"https:\/\/autorival.ro\/peug\/wp-content\/uploads\/sites\/22\/2025\/07\/lighting_wob-5.jpg","type":"image\/jpeg"}],"twitter_card":"summary_large_image","twitter_title":"Far PEUGEOT RIFTER 1.5 BlueHDi 100 diesel 102 cai VALEO 450639 PEOUGET | VALEO - Autorival","twitter_description":"\u26a1 Far PEUGEOT RIFTER 1.5 BlueHDi 100 diesel 102 cai VALEO 450639 pentru PEOUGET. \u2713 Cod: 450639 \u2713 Brand: VALEO \u2713 \u00cen stoc \u2713 Livrare 24h \u2713 Garan\u021bie!","schema":{"@context":"https:\/\/schema.org","@graph":[{"@type":"WebPage","@id":"https:\/\/autorival.ro\/peug\/product\/far-peugeot-rifter-1-5-bluehdi-100-diesel-102-cai-valeo-450639\/","url":"https:\/\/autorival.ro\/peug\/product\/far-peugeot-rifter-1-5-bluehdi-100-diesel-102-cai-valeo-450639\/","name":"Far PEUGEOT RIFTER 1.5 BlueHDi 100 diesel 102 cai VALEO 450639 PEOUGET | VALEO - Autorival","isPartOf":{"@id":"https:\/\/autorival.ro\/peug\/#website"},"primaryImageOfPage":{"@id":"https:\/\/autorival.ro\/peug\/product\/far-peugeot-rifter-1-5-bluehdi-100-diesel-102-cai-valeo-450639\/#primaryimage"},"image":{"@id":"https:\/\/autorival.ro\/peug\/product\/far-peugeot-rifter-1-5-bluehdi-100-diesel-102-cai-valeo-450639\/#primaryimage"},"thumbnailUrl":"https:\/\/autorival.ro\/peug\/wp-content\/uploads\/sites\/22\/2025\/07\/lighting_wob-5.jpg","datePublished":"2025-07-18T07:51:12+00:00","description":"\u26a1 Far PEUGEOT RIFTER 1.5 BlueHDi 100 diesel 102 cai VALEO 450639 pentru PEOUGET. \u2713 Cod: 450639 \u2713 Brand: VALEO \u2713 \u00cen stoc \u2713 Livrare 24h \u2713 Garan\u021bie!","breadcrumb":{"@id":"https:\/\/autorival.ro\/peug\/product\/far-peugeot-rifter-1-5-bluehdi-100-diesel-102-cai-valeo-450639\/#breadcrumb"},"inLanguage":"en-US","potentialAction":[{"@type":"ReadAction","target":["https:\/\/autorival.ro\/peug\/product\/far-peugeot-rifter-1-5-bluehdi-100-diesel-102-cai-valeo-450639\/"]}]},{"@type":"ImageObject","inLanguage":"en-US","@id":"https:\/\/autorival.ro\/peug\/product\/far-peugeot-rifter-1-5-bluehdi-100-diesel-102-cai-valeo-450639\/#primaryimage","url":"https:\/\/autorival.ro\/peug\/wp-content\/uploads\/sites\/22\/2025\/07\/lighting_wob-5.jpg","contentUrl":"https:\/\/autorival.ro\/peug\/wp-content\/uploads\/sites\/22\/2025\/07\/lighting_wob-5.jpg","width":1684,"height":1191},{"@type":"BreadcrumbList","@id":"https:\/\/autorival.ro\/peug\/product\/far-peugeot-rifter-1-5-bluehdi-100-diesel-102-cai-valeo-450639\/#breadcrumb","itemListElement":[{"@type":"ListItem","position":1,"name":"Prima pagin\u0103","item":"https:\/\/autorival.ro\/peug\/"},{"@type":"ListItem","position":2,"name":"Piese auto POEUGET","item":"https:\/\/autorival.ro\/peug\/"},{"@type":"ListItem","position":3,"name":"Far PEUGEOT RIFTER 1.5 BlueHDi 100 diesel 102 cai VALEO 450639"}]},{"@type":"WebSite","@id":"https:\/\/autorival.ro\/peug\/#website","url":"https:\/\/autorival.ro\/peug\/","name":"PEOUGET","description":"","potentialAction":[{"@type":"SearchAction","target":{"@type":"EntryPoint","urlTemplate":"https:\/\/autorival.ro\/peug\/?s={search_term_string}"},"query-input":{"@type":"PropertyValueSpecification","valueRequired":true,"valueName":"search_term_string"}}],"inLanguage":"en-US"}]}},"_links":{"self":[{"href":"https:\/\/autorival.ro\/peug\/wp-json\/wp\/v2\/product\/193569","targetHints":{"allow":["GET"]}}],"collection":[{"href":"https:\/\/autorival.ro\/peug\/wp-json\/wp\/v2\/product"}],"about":[{"href":"https:\/\/autorival.ro\/peug\/wp-json\/wp\/v2\/types\/product"}],"replies":[{"embeddable":true,"href":"https:\/\/autorival.ro\/peug\/wp-json\/wp\/v2\/comments?post=193569"}],"wp:featuredmedia":[{"embeddable":true,"href":"https:\/\/autorival.ro\/peug\/wp-json\/wp\/v2\/media\/193570"}],"wp:attachment":[{"href":"https:\/\/autorival.ro\/peug\/wp-json\/wp\/v2\/media?parent=193569"}],"wp:term":[{"taxonomy":"product_brand","embeddable":true,"href":"https:\/\/autorival.ro\/peug\/wp-json\/wp\/v2\/product_brand?post=193569"},{"taxonomy":"product_cat","embeddable":true,"href":"https:\/\/autorival.ro\/peug\/wp-json\/wp\/v2\/product_cat?post=193569"},{"taxonomy":"product_tag","embeddable":true,"href":"https:\/\/autorival.ro\/peug\/wp-json\/wp\/v2\/product_tag?post=193569"}],"curies":[{"name":"wp","href":"https:\/\/api.w.org\/{rel}","templated":true}]}}