{"id":178449,"date":"2025-07-18T04:15:33","date_gmt":"2025-07-18T04:15:33","guid":{"rendered":"https:\/\/autorival.ro\/peug\/product\/disc-frana-peugeot-rifter-1-6-hdi-92-diesel-92-cai-brembo-09-c133-11\/"},"modified":"2025-07-18T04:15:33","modified_gmt":"2025-07-18T04:15:33","slug":"disc-frana-peugeot-rifter-1-6-hdi-92-diesel-92-cai-brembo-09-c133-11","status":"publish","type":"product","link":"https:\/\/autorival.ro\/peug\/product\/disc-frana-peugeot-rifter-1-6-hdi-92-diesel-92-cai-brembo-09-c133-11\/","title":{"rendered":"Disc frana PEUGEOT RIFTER 1.6 HDi 92 diesel 92 cai BREMBO 09.C133.11"},"content":{"rendered":"<p>Partea de montare: punte fataSistem de fr\u00e2nare: TevesTip disc fr\u00e2na: ventilat interior ->Grosime disc fr\u00e2na [mm]: 28Numar gauri: 5Articol completare\/Info suplimentar 2: cu suruburi\u00cenaltime [mm]: 48 ->Diametru de centrare [mm]: 71 ->Diametru exterior [mm]: 304Procesare: continut ridicat de carbonSuprafata: acoperit (cu un strat protector) ->Grosime minima [mm]: 26<\/p>\n","protected":false},"excerpt":{"rendered":"<p>Producator: BREMBO Cod producator: 09.C133.11<\/p>\n","protected":false},"featured_media":178450,"comment_status":"open","ping_status":"closed","template":"","meta":[],"product_brand":[4880],"product_cat":[10787],"product_tag":[],"class_list":{"0":"post-178449","1":"product","2":"type-product","3":"status-publish","4":"has-post-thumbnail","6":"product_brand-brembo","7":"product_cat-disc-frana-1-6-hdi-92-diesel-92","9":"first","10":"instock","11":"shipping-taxable","12":"purchasable","13":"product-type-simple"},"yoast_head":"<!-- This site is optimized with the Yoast SEO plugin v27.3 - https:\/\/yoast.com\/product\/yoast-seo-wordpress\/ -->\n<title>Disc frana PEUGEOT RIFTER 1.6 HDi 92 diesel 92 cai BREMBO 09.C133.11 PEOUGET | BREMBO - Autorival<\/title>\n<meta name=\"description\" content=\"\u26a1 Disc frana PEUGEOT RIFTER 1.6 HDi 92 diesel 92 cai BREMBO 09.C133.11 pentru PEOUGET. \u2713 Cod: 09 \u2713 Brand: BREMBO \u2713 \u00cen stoc \u2713 Livrare 24h \u2713 Garan\u021bie!\" \/>\n<meta name=\"robots\" content=\"index, follow, max-snippet:-1, max-image-preview:large, max-video-preview:-1\" \/>\n<meta property=\"og:locale\" content=\"en_US\" \/>\n<meta property=\"og:type\" content=\"article\" \/>\n<meta property=\"og:title\" content=\"Disc frana PEUGEOT RIFTER 1.6 HDi 92 diesel 92 cai BREMBO 09.C133.11 PEOUGET | BREMBO - Autorival\" \/>\n<meta property=\"og:description\" content=\"\u26a1 Disc frana PEUGEOT RIFTER 1.6 HDi 92 diesel 92 cai BREMBO 09.C133.11 pentru PEOUGET. \u2713 Cod: 09 \u2713 Brand: BREMBO \u2713 \u00cen stoc \u2713 Livrare 24h \u2713 Garan\u021bie!\" \/>\n<meta property=\"og:url\" content=\"https:\/\/autorival.ro\/peug\/product\/disc-frana-peugeot-rifter-1-6-hdi-92-diesel-92-cai-brembo-09-c133-11\/\" \/>\n<meta property=\"og:site_name\" content=\"PEOUGET\" \/>\n<meta property=\"og:image\" content=\"https:\/\/autorival.ro\/peug\/wp-content\/uploads\/sites\/22\/2025\/07\/09.c133.10-2.jpg\" \/>\n\t<meta property=\"og:image:width\" content=\"561\" \/>\n\t<meta property=\"og:image:height\" content=\"397\" \/>\n\t<meta property=\"og:image:type\" content=\"image\/jpeg\" \/>\n<meta name=\"twitter:card\" content=\"summary_large_image\" \/>\n<meta name=\"twitter:title\" content=\"Disc frana PEUGEOT RIFTER 1.6 HDi 92 diesel 92 cai BREMBO 09.C133.11 PEOUGET | BREMBO - Autorival\" \/>\n<meta name=\"twitter:description\" content=\"\u26a1 Disc frana PEUGEOT RIFTER 1.6 HDi 92 diesel 92 cai BREMBO 09.C133.11 pentru PEOUGET. \u2713 Cod: 09 \u2713 Brand: BREMBO \u2713 \u00cen stoc \u2713 Livrare 24h \u2713 Garan\u021bie!\" \/>\n<script type=\"application\/ld+json\" class=\"yoast-schema-graph\">{\"@context\":\"https:\\\/\\\/schema.org\",\"@graph\":[{\"@type\":\"WebPage\",\"@id\":\"https:\\\/\\\/autorival.ro\\\/peug\\\/product\\\/disc-frana-peugeot-rifter-1-6-hdi-92-diesel-92-cai-brembo-09-c133-11\\\/\",\"url\":\"https:\\\/\\\/autorival.ro\\\/peug\\\/product\\\/disc-frana-peugeot-rifter-1-6-hdi-92-diesel-92-cai-brembo-09-c133-11\\\/\",\"name\":\"Disc frana PEUGEOT RIFTER 1.6 HDi 92 diesel 92 cai BREMBO 09.C133.11 PEOUGET | BREMBO - Autorival\",\"isPartOf\":{\"@id\":\"https:\\\/\\\/autorival.ro\\\/peug\\\/#website\"},\"primaryImageOfPage\":{\"@id\":\"https:\\\/\\\/autorival.ro\\\/peug\\\/product\\\/disc-frana-peugeot-rifter-1-6-hdi-92-diesel-92-cai-brembo-09-c133-11\\\/#primaryimage\"},\"image\":{\"@id\":\"https:\\\/\\\/autorival.ro\\\/peug\\\/product\\\/disc-frana-peugeot-rifter-1-6-hdi-92-diesel-92-cai-brembo-09-c133-11\\\/#primaryimage\"},\"thumbnailUrl\":\"https:\\\/\\\/autorival.ro\\\/peug\\\/wp-content\\\/uploads\\\/sites\\\/22\\\/2025\\\/07\\\/09.c133.10-2.jpg\",\"datePublished\":\"2025-07-18T04:15:33+00:00\",\"description\":\"\u26a1 Disc frana PEUGEOT RIFTER 1.6 HDi 92 diesel 92 cai BREMBO 09.C133.11 pentru PEOUGET. \u2713 Cod: 09 \u2713 Brand: BREMBO \u2713 \u00cen stoc \u2713 Livrare 24h \u2713 Garan\u021bie!\",\"breadcrumb\":{\"@id\":\"https:\\\/\\\/autorival.ro\\\/peug\\\/product\\\/disc-frana-peugeot-rifter-1-6-hdi-92-diesel-92-cai-brembo-09-c133-11\\\/#breadcrumb\"},\"inLanguage\":\"en-US\",\"potentialAction\":[{\"@type\":\"ReadAction\",\"target\":[\"https:\\\/\\\/autorival.ro\\\/peug\\\/product\\\/disc-frana-peugeot-rifter-1-6-hdi-92-diesel-92-cai-brembo-09-c133-11\\\/\"]}]},{\"@type\":\"ImageObject\",\"inLanguage\":\"en-US\",\"@id\":\"https:\\\/\\\/autorival.ro\\\/peug\\\/product\\\/disc-frana-peugeot-rifter-1-6-hdi-92-diesel-92-cai-brembo-09-c133-11\\\/#primaryimage\",\"url\":\"https:\\\/\\\/autorival.ro\\\/peug\\\/wp-content\\\/uploads\\\/sites\\\/22\\\/2025\\\/07\\\/09.c133.10-2.jpg\",\"contentUrl\":\"https:\\\/\\\/autorival.ro\\\/peug\\\/wp-content\\\/uploads\\\/sites\\\/22\\\/2025\\\/07\\\/09.c133.10-2.jpg\",\"width\":561,\"height\":397},{\"@type\":\"BreadcrumbList\",\"@id\":\"https:\\\/\\\/autorival.ro\\\/peug\\\/product\\\/disc-frana-peugeot-rifter-1-6-hdi-92-diesel-92-cai-brembo-09-c133-11\\\/#breadcrumb\",\"itemListElement\":[{\"@type\":\"ListItem\",\"position\":1,\"name\":\"Prima pagin\u0103\",\"item\":\"https:\\\/\\\/autorival.ro\\\/peug\\\/\"},{\"@type\":\"ListItem\",\"position\":2,\"name\":\"Piese auto POEUGET\",\"item\":\"https:\\\/\\\/autorival.ro\\\/peug\\\/\"},{\"@type\":\"ListItem\",\"position\":3,\"name\":\"Disc frana PEUGEOT RIFTER 1.6 HDi 92 diesel 92 cai BREMBO 09.C133.11\"}]},{\"@type\":\"WebSite\",\"@id\":\"https:\\\/\\\/autorival.ro\\\/peug\\\/#website\",\"url\":\"https:\\\/\\\/autorival.ro\\\/peug\\\/\",\"name\":\"PEOUGET\",\"description\":\"\",\"potentialAction\":[{\"@type\":\"SearchAction\",\"target\":{\"@type\":\"EntryPoint\",\"urlTemplate\":\"https:\\\/\\\/autorival.ro\\\/peug\\\/?s={search_term_string}\"},\"query-input\":{\"@type\":\"PropertyValueSpecification\",\"valueRequired\":true,\"valueName\":\"search_term_string\"}}],\"inLanguage\":\"en-US\"}]}<\/script>\n<!-- \/ Yoast SEO plugin. -->","yoast_head_json":{"title":"Disc frana PEUGEOT RIFTER 1.6 HDi 92 diesel 92 cai BREMBO 09.C133.11 PEOUGET | BREMBO - Autorival","description":"\u26a1 Disc frana PEUGEOT RIFTER 1.6 HDi 92 diesel 92 cai BREMBO 09.C133.11 pentru PEOUGET. \u2713 Cod: 09 \u2713 Brand: BREMBO \u2713 \u00cen stoc \u2713 Livrare 24h \u2713 Garan\u021bie!","robots":{"index":"index","follow":"follow","max-snippet":"max-snippet:-1","max-image-preview":"max-image-preview:large","max-video-preview":"max-video-preview:-1"},"og_locale":"en_US","og_type":"article","og_title":"Disc frana PEUGEOT RIFTER 1.6 HDi 92 diesel 92 cai BREMBO 09.C133.11 PEOUGET | BREMBO - Autorival","og_description":"\u26a1 Disc frana PEUGEOT RIFTER 1.6 HDi 92 diesel 92 cai BREMBO 09.C133.11 pentru PEOUGET. \u2713 Cod: 09 \u2713 Brand: BREMBO \u2713 \u00cen stoc \u2713 Livrare 24h \u2713 Garan\u021bie!","og_url":"https:\/\/autorival.ro\/peug\/product\/disc-frana-peugeot-rifter-1-6-hdi-92-diesel-92-cai-brembo-09-c133-11\/","og_site_name":"PEOUGET","og_image":[{"width":561,"height":397,"url":"https:\/\/autorival.ro\/peug\/wp-content\/uploads\/sites\/22\/2025\/07\/09.c133.10-2.jpg","type":"image\/jpeg"}],"twitter_card":"summary_large_image","twitter_title":"Disc frana PEUGEOT RIFTER 1.6 HDi 92 diesel 92 cai BREMBO 09.C133.11 PEOUGET | BREMBO - Autorival","twitter_description":"\u26a1 Disc frana PEUGEOT RIFTER 1.6 HDi 92 diesel 92 cai BREMBO 09.C133.11 pentru PEOUGET. \u2713 Cod: 09 \u2713 Brand: BREMBO \u2713 \u00cen stoc \u2713 Livrare 24h \u2713 Garan\u021bie!","schema":{"@context":"https:\/\/schema.org","@graph":[{"@type":"WebPage","@id":"https:\/\/autorival.ro\/peug\/product\/disc-frana-peugeot-rifter-1-6-hdi-92-diesel-92-cai-brembo-09-c133-11\/","url":"https:\/\/autorival.ro\/peug\/product\/disc-frana-peugeot-rifter-1-6-hdi-92-diesel-92-cai-brembo-09-c133-11\/","name":"Disc frana PEUGEOT RIFTER 1.6 HDi 92 diesel 92 cai BREMBO 09.C133.11 PEOUGET | BREMBO - Autorival","isPartOf":{"@id":"https:\/\/autorival.ro\/peug\/#website"},"primaryImageOfPage":{"@id":"https:\/\/autorival.ro\/peug\/product\/disc-frana-peugeot-rifter-1-6-hdi-92-diesel-92-cai-brembo-09-c133-11\/#primaryimage"},"image":{"@id":"https:\/\/autorival.ro\/peug\/product\/disc-frana-peugeot-rifter-1-6-hdi-92-diesel-92-cai-brembo-09-c133-11\/#primaryimage"},"thumbnailUrl":"https:\/\/autorival.ro\/peug\/wp-content\/uploads\/sites\/22\/2025\/07\/09.c133.10-2.jpg","datePublished":"2025-07-18T04:15:33+00:00","description":"\u26a1 Disc frana PEUGEOT RIFTER 1.6 HDi 92 diesel 92 cai BREMBO 09.C133.11 pentru PEOUGET. \u2713 Cod: 09 \u2713 Brand: BREMBO \u2713 \u00cen stoc \u2713 Livrare 24h \u2713 Garan\u021bie!","breadcrumb":{"@id":"https:\/\/autorival.ro\/peug\/product\/disc-frana-peugeot-rifter-1-6-hdi-92-diesel-92-cai-brembo-09-c133-11\/#breadcrumb"},"inLanguage":"en-US","potentialAction":[{"@type":"ReadAction","target":["https:\/\/autorival.ro\/peug\/product\/disc-frana-peugeot-rifter-1-6-hdi-92-diesel-92-cai-brembo-09-c133-11\/"]}]},{"@type":"ImageObject","inLanguage":"en-US","@id":"https:\/\/autorival.ro\/peug\/product\/disc-frana-peugeot-rifter-1-6-hdi-92-diesel-92-cai-brembo-09-c133-11\/#primaryimage","url":"https:\/\/autorival.ro\/peug\/wp-content\/uploads\/sites\/22\/2025\/07\/09.c133.10-2.jpg","contentUrl":"https:\/\/autorival.ro\/peug\/wp-content\/uploads\/sites\/22\/2025\/07\/09.c133.10-2.jpg","width":561,"height":397},{"@type":"BreadcrumbList","@id":"https:\/\/autorival.ro\/peug\/product\/disc-frana-peugeot-rifter-1-6-hdi-92-diesel-92-cai-brembo-09-c133-11\/#breadcrumb","itemListElement":[{"@type":"ListItem","position":1,"name":"Prima pagin\u0103","item":"https:\/\/autorival.ro\/peug\/"},{"@type":"ListItem","position":2,"name":"Piese auto POEUGET","item":"https:\/\/autorival.ro\/peug\/"},{"@type":"ListItem","position":3,"name":"Disc frana PEUGEOT RIFTER 1.6 HDi 92 diesel 92 cai BREMBO 09.C133.11"}]},{"@type":"WebSite","@id":"https:\/\/autorival.ro\/peug\/#website","url":"https:\/\/autorival.ro\/peug\/","name":"PEOUGET","description":"","potentialAction":[{"@type":"SearchAction","target":{"@type":"EntryPoint","urlTemplate":"https:\/\/autorival.ro\/peug\/?s={search_term_string}"},"query-input":{"@type":"PropertyValueSpecification","valueRequired":true,"valueName":"search_term_string"}}],"inLanguage":"en-US"}]}},"_links":{"self":[{"href":"https:\/\/autorival.ro\/peug\/wp-json\/wp\/v2\/product\/178449","targetHints":{"allow":["GET"]}}],"collection":[{"href":"https:\/\/autorival.ro\/peug\/wp-json\/wp\/v2\/product"}],"about":[{"href":"https:\/\/autorival.ro\/peug\/wp-json\/wp\/v2\/types\/product"}],"replies":[{"embeddable":true,"href":"https:\/\/autorival.ro\/peug\/wp-json\/wp\/v2\/comments?post=178449"}],"wp:featuredmedia":[{"embeddable":true,"href":"https:\/\/autorival.ro\/peug\/wp-json\/wp\/v2\/media\/178450"}],"wp:attachment":[{"href":"https:\/\/autorival.ro\/peug\/wp-json\/wp\/v2\/media?parent=178449"}],"wp:term":[{"taxonomy":"product_brand","embeddable":true,"href":"https:\/\/autorival.ro\/peug\/wp-json\/wp\/v2\/product_brand?post=178449"},{"taxonomy":"product_cat","embeddable":true,"href":"https:\/\/autorival.ro\/peug\/wp-json\/wp\/v2\/product_cat?post=178449"},{"taxonomy":"product_tag","embeddable":true,"href":"https:\/\/autorival.ro\/peug\/wp-json\/wp\/v2\/product_tag?post=178449"}],"curies":[{"name":"wp","href":"https:\/\/api.w.org\/{rel}","templated":true}]}}