{"id":177733,"date":"2025-07-18T04:06:04","date_gmt":"2025-07-18T04:06:04","guid":{"rendered":"https:\/\/autorival.ro\/peug\/product\/disc-frana-peugeot-expert-platou-sasiu-223-1-9-d-diesel-69-cai-mastersport-germany-24012601041-set-msp\/"},"modified":"2025-07-18T04:06:04","modified_gmt":"2025-07-18T04:06:04","slug":"disc-frana-peugeot-expert-platou-sasiu-223-1-9-d-diesel-69-cai-mastersport-germany-24012601041-set-msp","status":"publish","type":"product","link":"https:\/\/autorival.ro\/peug\/product\/disc-frana-peugeot-expert-platou-sasiu-223-1-9-d-diesel-69-cai-mastersport-germany-24012601041-set-msp\/","title":{"rendered":"Disc frana PEUGEOT EXPERT platou \/ sasiu (223) 1.9 D diesel 69 cai MASTERSPORT GERMANY 24012601041-SET-MSP"},"content":{"rendered":"<p>pentru num\u0103r organiza\u021bie p\u00e2n\u0103 la: 09792, 9792Pana la data de productie: 2003-08-30Tip disc fr\u00e2na: ventilat ->Grosime disc fr\u00e2na [mm]: 26 ->Diametru exterior [mm]: 281Partea de montare: punte fata ->Diametru [mm]: 281\u00cenaltime [mm]: 43,7 ->Diametrul orificiului [mm]: 16,5 ->Grosime minima [mm]: 24,2 ->Diametru interior [mm]: 127Numar bucati necesare: 1Numar gauri: 5 ->Diametru de centrare [mm]: 59Asezare gauri \u00d8 [mm]: 98 ->Greutate neta [kg]: 13,79 ->Greutate brut\u0103 [kg]: 13,79<\/p>\n","protected":false},"excerpt":{"rendered":"<p>Producator: MASTERSPORT GERMANY Cod producator: 24012601041-SET-MSP<\/p>\n","protected":false},"featured_media":177734,"comment_status":"open","ping_status":"closed","template":"","meta":[],"product_brand":[601],"product_cat":[10778],"product_tag":[],"class_list":{"0":"post-177733","1":"product","2":"type-product","3":"status-publish","4":"has-post-thumbnail","6":"product_brand-mastersport-germany","7":"product_cat-disc-frana-platou-sasiu-223-1-9-d-diesel-69","9":"first","10":"instock","11":"shipping-taxable","12":"purchasable","13":"product-type-simple"},"yoast_head":"<!-- This site is optimized with the Yoast SEO plugin v27.3 - https:\/\/yoast.com\/product\/yoast-seo-wordpress\/ -->\n<title>Disc frana PEUGEOT EXPERT platou \/ sasiu (223) 1.9 D diesel 69 cai MASTERSPORT GERMANY 24012601041-SET-MSP PEOUGET | MASTERSPORT - Autorival<\/title>\n<meta name=\"description\" content=\"\u26a1 Disc frana PEUGEOT EXPERT platou \/ sasiu (223) 1.9 D diesel 69 cai MASTERSPORT GERMANY 24012601041-SET-MSP pentru PEOUGET. \u2713 Cod: 24012601041-SET-MSP \u2713 Brand: MASTERSPORT \u2713 \u00cen stoc \u2713 Livrare 24h \u2713 Garan\u021bie!\" \/>\n<meta name=\"robots\" content=\"index, follow, max-snippet:-1, max-image-preview:large, max-video-preview:-1\" \/>\n<meta property=\"og:locale\" content=\"en_US\" \/>\n<meta property=\"og:type\" content=\"article\" \/>\n<meta property=\"og:title\" content=\"Disc frana PEUGEOT EXPERT platou \/ sasiu (223) 1.9 D diesel 69 cai MASTERSPORT GERMANY 24012601041-SET-MSP PEOUGET | MASTERSPORT - Autorival\" \/>\n<meta property=\"og:description\" content=\"\u26a1 Disc frana PEUGEOT EXPERT platou \/ sasiu (223) 1.9 D diesel 69 cai MASTERSPORT GERMANY 24012601041-SET-MSP pentru PEOUGET. \u2713 Cod: 24012601041-SET-MSP \u2713 Brand: MASTERSPORT \u2713 \u00cen stoc \u2713 Livrare 24h \u2713 Garan\u021bie!\" \/>\n<meta property=\"og:url\" content=\"https:\/\/autorival.ro\/peug\/product\/disc-frana-peugeot-expert-platou-sasiu-223-1-9-d-diesel-69-cai-mastersport-germany-24012601041-set-msp\/\" \/>\n<meta property=\"og:site_name\" content=\"PEOUGET\" \/>\n<meta property=\"og:image\" content=\"https:\/\/autorival.ro\/peug\/wp-content\/uploads\/sites\/22\/2025\/07\/24012601041-set-msp-2.jpg\" \/>\n\t<meta property=\"og:image:width\" content=\"1500\" \/>\n\t<meta property=\"og:image:height\" content=\"1500\" \/>\n\t<meta property=\"og:image:type\" content=\"image\/jpeg\" \/>\n<meta name=\"twitter:card\" content=\"summary_large_image\" \/>\n<meta name=\"twitter:title\" content=\"Disc frana PEUGEOT EXPERT platou \/ sasiu (223) 1.9 D diesel 69 cai MASTERSPORT GERMANY 24012601041-SET-MSP PEOUGET | MASTERSPORT - Autorival\" \/>\n<meta name=\"twitter:description\" content=\"\u26a1 Disc frana PEUGEOT EXPERT platou \/ sasiu (223) 1.9 D diesel 69 cai MASTERSPORT GERMANY 24012601041-SET-MSP pentru PEOUGET. \u2713 Cod: 24012601041-SET-MSP \u2713 Brand: MASTERSPORT \u2713 \u00cen stoc \u2713 Livrare 24h \u2713 Garan\u021bie!\" \/>\n<script type=\"application\/ld+json\" class=\"yoast-schema-graph\">{\"@context\":\"https:\\\/\\\/schema.org\",\"@graph\":[{\"@type\":\"WebPage\",\"@id\":\"https:\\\/\\\/autorival.ro\\\/peug\\\/product\\\/disc-frana-peugeot-expert-platou-sasiu-223-1-9-d-diesel-69-cai-mastersport-germany-24012601041-set-msp\\\/\",\"url\":\"https:\\\/\\\/autorival.ro\\\/peug\\\/product\\\/disc-frana-peugeot-expert-platou-sasiu-223-1-9-d-diesel-69-cai-mastersport-germany-24012601041-set-msp\\\/\",\"name\":\"Disc frana PEUGEOT EXPERT platou \\\/ sasiu (223) 1.9 D diesel 69 cai MASTERSPORT GERMANY 24012601041-SET-MSP PEOUGET | MASTERSPORT - Autorival\",\"isPartOf\":{\"@id\":\"https:\\\/\\\/autorival.ro\\\/peug\\\/#website\"},\"primaryImageOfPage\":{\"@id\":\"https:\\\/\\\/autorival.ro\\\/peug\\\/product\\\/disc-frana-peugeot-expert-platou-sasiu-223-1-9-d-diesel-69-cai-mastersport-germany-24012601041-set-msp\\\/#primaryimage\"},\"image\":{\"@id\":\"https:\\\/\\\/autorival.ro\\\/peug\\\/product\\\/disc-frana-peugeot-expert-platou-sasiu-223-1-9-d-diesel-69-cai-mastersport-germany-24012601041-set-msp\\\/#primaryimage\"},\"thumbnailUrl\":\"https:\\\/\\\/autorival.ro\\\/peug\\\/wp-content\\\/uploads\\\/sites\\\/22\\\/2025\\\/07\\\/24012601041-set-msp-2.jpg\",\"datePublished\":\"2025-07-18T04:06:04+00:00\",\"description\":\"\u26a1 Disc frana PEUGEOT EXPERT platou \\\/ sasiu (223) 1.9 D diesel 69 cai MASTERSPORT GERMANY 24012601041-SET-MSP pentru PEOUGET. \u2713 Cod: 24012601041-SET-MSP \u2713 Brand: MASTERSPORT \u2713 \u00cen stoc \u2713 Livrare 24h \u2713 Garan\u021bie!\",\"breadcrumb\":{\"@id\":\"https:\\\/\\\/autorival.ro\\\/peug\\\/product\\\/disc-frana-peugeot-expert-platou-sasiu-223-1-9-d-diesel-69-cai-mastersport-germany-24012601041-set-msp\\\/#breadcrumb\"},\"inLanguage\":\"en-US\",\"potentialAction\":[{\"@type\":\"ReadAction\",\"target\":[\"https:\\\/\\\/autorival.ro\\\/peug\\\/product\\\/disc-frana-peugeot-expert-platou-sasiu-223-1-9-d-diesel-69-cai-mastersport-germany-24012601041-set-msp\\\/\"]}]},{\"@type\":\"ImageObject\",\"inLanguage\":\"en-US\",\"@id\":\"https:\\\/\\\/autorival.ro\\\/peug\\\/product\\\/disc-frana-peugeot-expert-platou-sasiu-223-1-9-d-diesel-69-cai-mastersport-germany-24012601041-set-msp\\\/#primaryimage\",\"url\":\"https:\\\/\\\/autorival.ro\\\/peug\\\/wp-content\\\/uploads\\\/sites\\\/22\\\/2025\\\/07\\\/24012601041-set-msp-2.jpg\",\"contentUrl\":\"https:\\\/\\\/autorival.ro\\\/peug\\\/wp-content\\\/uploads\\\/sites\\\/22\\\/2025\\\/07\\\/24012601041-set-msp-2.jpg\",\"width\":1500,\"height\":1500},{\"@type\":\"BreadcrumbList\",\"@id\":\"https:\\\/\\\/autorival.ro\\\/peug\\\/product\\\/disc-frana-peugeot-expert-platou-sasiu-223-1-9-d-diesel-69-cai-mastersport-germany-24012601041-set-msp\\\/#breadcrumb\",\"itemListElement\":[{\"@type\":\"ListItem\",\"position\":1,\"name\":\"Prima pagin\u0103\",\"item\":\"https:\\\/\\\/autorival.ro\\\/peug\\\/\"},{\"@type\":\"ListItem\",\"position\":2,\"name\":\"Piese auto POEUGET\",\"item\":\"https:\\\/\\\/autorival.ro\\\/peug\\\/\"},{\"@type\":\"ListItem\",\"position\":3,\"name\":\"Disc frana PEUGEOT EXPERT platou \\\/ sasiu (223) 1.9 D diesel 69 cai MASTERSPORT GERMANY 24012601041-SET-MSP\"}]},{\"@type\":\"WebSite\",\"@id\":\"https:\\\/\\\/autorival.ro\\\/peug\\\/#website\",\"url\":\"https:\\\/\\\/autorival.ro\\\/peug\\\/\",\"name\":\"PEOUGET\",\"description\":\"\",\"potentialAction\":[{\"@type\":\"SearchAction\",\"target\":{\"@type\":\"EntryPoint\",\"urlTemplate\":\"https:\\\/\\\/autorival.ro\\\/peug\\\/?s={search_term_string}\"},\"query-input\":{\"@type\":\"PropertyValueSpecification\",\"valueRequired\":true,\"valueName\":\"search_term_string\"}}],\"inLanguage\":\"en-US\"}]}<\/script>\n<!-- \/ Yoast SEO plugin. -->","yoast_head_json":{"title":"Disc frana PEUGEOT EXPERT platou \/ sasiu (223) 1.9 D diesel 69 cai MASTERSPORT GERMANY 24012601041-SET-MSP PEOUGET | MASTERSPORT - Autorival","description":"\u26a1 Disc frana PEUGEOT EXPERT platou \/ sasiu (223) 1.9 D diesel 69 cai MASTERSPORT GERMANY 24012601041-SET-MSP pentru PEOUGET. \u2713 Cod: 24012601041-SET-MSP \u2713 Brand: MASTERSPORT \u2713 \u00cen stoc \u2713 Livrare 24h \u2713 Garan\u021bie!","robots":{"index":"index","follow":"follow","max-snippet":"max-snippet:-1","max-image-preview":"max-image-preview:large","max-video-preview":"max-video-preview:-1"},"og_locale":"en_US","og_type":"article","og_title":"Disc frana PEUGEOT EXPERT platou \/ sasiu (223) 1.9 D diesel 69 cai MASTERSPORT GERMANY 24012601041-SET-MSP PEOUGET | MASTERSPORT - Autorival","og_description":"\u26a1 Disc frana PEUGEOT EXPERT platou \/ sasiu (223) 1.9 D diesel 69 cai MASTERSPORT GERMANY 24012601041-SET-MSP pentru PEOUGET. \u2713 Cod: 24012601041-SET-MSP \u2713 Brand: MASTERSPORT \u2713 \u00cen stoc \u2713 Livrare 24h \u2713 Garan\u021bie!","og_url":"https:\/\/autorival.ro\/peug\/product\/disc-frana-peugeot-expert-platou-sasiu-223-1-9-d-diesel-69-cai-mastersport-germany-24012601041-set-msp\/","og_site_name":"PEOUGET","og_image":[{"width":1500,"height":1500,"url":"https:\/\/autorival.ro\/peug\/wp-content\/uploads\/sites\/22\/2025\/07\/24012601041-set-msp-2.jpg","type":"image\/jpeg"}],"twitter_card":"summary_large_image","twitter_title":"Disc frana PEUGEOT EXPERT platou \/ sasiu (223) 1.9 D diesel 69 cai MASTERSPORT GERMANY 24012601041-SET-MSP PEOUGET | MASTERSPORT - Autorival","twitter_description":"\u26a1 Disc frana PEUGEOT EXPERT platou \/ sasiu (223) 1.9 D diesel 69 cai MASTERSPORT GERMANY 24012601041-SET-MSP pentru PEOUGET. \u2713 Cod: 24012601041-SET-MSP \u2713 Brand: MASTERSPORT \u2713 \u00cen stoc \u2713 Livrare 24h \u2713 Garan\u021bie!","schema":{"@context":"https:\/\/schema.org","@graph":[{"@type":"WebPage","@id":"https:\/\/autorival.ro\/peug\/product\/disc-frana-peugeot-expert-platou-sasiu-223-1-9-d-diesel-69-cai-mastersport-germany-24012601041-set-msp\/","url":"https:\/\/autorival.ro\/peug\/product\/disc-frana-peugeot-expert-platou-sasiu-223-1-9-d-diesel-69-cai-mastersport-germany-24012601041-set-msp\/","name":"Disc frana PEUGEOT EXPERT platou \/ sasiu (223) 1.9 D diesel 69 cai MASTERSPORT GERMANY 24012601041-SET-MSP PEOUGET | MASTERSPORT - Autorival","isPartOf":{"@id":"https:\/\/autorival.ro\/peug\/#website"},"primaryImageOfPage":{"@id":"https:\/\/autorival.ro\/peug\/product\/disc-frana-peugeot-expert-platou-sasiu-223-1-9-d-diesel-69-cai-mastersport-germany-24012601041-set-msp\/#primaryimage"},"image":{"@id":"https:\/\/autorival.ro\/peug\/product\/disc-frana-peugeot-expert-platou-sasiu-223-1-9-d-diesel-69-cai-mastersport-germany-24012601041-set-msp\/#primaryimage"},"thumbnailUrl":"https:\/\/autorival.ro\/peug\/wp-content\/uploads\/sites\/22\/2025\/07\/24012601041-set-msp-2.jpg","datePublished":"2025-07-18T04:06:04+00:00","description":"\u26a1 Disc frana PEUGEOT EXPERT platou \/ sasiu (223) 1.9 D diesel 69 cai MASTERSPORT GERMANY 24012601041-SET-MSP pentru PEOUGET. \u2713 Cod: 24012601041-SET-MSP \u2713 Brand: MASTERSPORT \u2713 \u00cen stoc \u2713 Livrare 24h \u2713 Garan\u021bie!","breadcrumb":{"@id":"https:\/\/autorival.ro\/peug\/product\/disc-frana-peugeot-expert-platou-sasiu-223-1-9-d-diesel-69-cai-mastersport-germany-24012601041-set-msp\/#breadcrumb"},"inLanguage":"en-US","potentialAction":[{"@type":"ReadAction","target":["https:\/\/autorival.ro\/peug\/product\/disc-frana-peugeot-expert-platou-sasiu-223-1-9-d-diesel-69-cai-mastersport-germany-24012601041-set-msp\/"]}]},{"@type":"ImageObject","inLanguage":"en-US","@id":"https:\/\/autorival.ro\/peug\/product\/disc-frana-peugeot-expert-platou-sasiu-223-1-9-d-diesel-69-cai-mastersport-germany-24012601041-set-msp\/#primaryimage","url":"https:\/\/autorival.ro\/peug\/wp-content\/uploads\/sites\/22\/2025\/07\/24012601041-set-msp-2.jpg","contentUrl":"https:\/\/autorival.ro\/peug\/wp-content\/uploads\/sites\/22\/2025\/07\/24012601041-set-msp-2.jpg","width":1500,"height":1500},{"@type":"BreadcrumbList","@id":"https:\/\/autorival.ro\/peug\/product\/disc-frana-peugeot-expert-platou-sasiu-223-1-9-d-diesel-69-cai-mastersport-germany-24012601041-set-msp\/#breadcrumb","itemListElement":[{"@type":"ListItem","position":1,"name":"Prima pagin\u0103","item":"https:\/\/autorival.ro\/peug\/"},{"@type":"ListItem","position":2,"name":"Piese auto POEUGET","item":"https:\/\/autorival.ro\/peug\/"},{"@type":"ListItem","position":3,"name":"Disc frana PEUGEOT EXPERT platou \/ sasiu (223) 1.9 D diesel 69 cai MASTERSPORT GERMANY 24012601041-SET-MSP"}]},{"@type":"WebSite","@id":"https:\/\/autorival.ro\/peug\/#website","url":"https:\/\/autorival.ro\/peug\/","name":"PEOUGET","description":"","potentialAction":[{"@type":"SearchAction","target":{"@type":"EntryPoint","urlTemplate":"https:\/\/autorival.ro\/peug\/?s={search_term_string}"},"query-input":{"@type":"PropertyValueSpecification","valueRequired":true,"valueName":"search_term_string"}}],"inLanguage":"en-US"}]}},"_links":{"self":[{"href":"https:\/\/autorival.ro\/peug\/wp-json\/wp\/v2\/product\/177733","targetHints":{"allow":["GET"]}}],"collection":[{"href":"https:\/\/autorival.ro\/peug\/wp-json\/wp\/v2\/product"}],"about":[{"href":"https:\/\/autorival.ro\/peug\/wp-json\/wp\/v2\/types\/product"}],"replies":[{"embeddable":true,"href":"https:\/\/autorival.ro\/peug\/wp-json\/wp\/v2\/comments?post=177733"}],"wp:featuredmedia":[{"embeddable":true,"href":"https:\/\/autorival.ro\/peug\/wp-json\/wp\/v2\/media\/177734"}],"wp:attachment":[{"href":"https:\/\/autorival.ro\/peug\/wp-json\/wp\/v2\/media?parent=177733"}],"wp:term":[{"taxonomy":"product_brand","embeddable":true,"href":"https:\/\/autorival.ro\/peug\/wp-json\/wp\/v2\/product_brand?post=177733"},{"taxonomy":"product_cat","embeddable":true,"href":"https:\/\/autorival.ro\/peug\/wp-json\/wp\/v2\/product_cat?post=177733"},{"taxonomy":"product_tag","embeddable":true,"href":"https:\/\/autorival.ro\/peug\/wp-json\/wp\/v2\/product_tag?post=177733"}],"curies":[{"name":"wp","href":"https:\/\/api.w.org\/{rel}","templated":true}]}}