{"id":176465,"date":"2025-07-18T03:48:56","date_gmt":"2025-07-18T03:48:56","guid":{"rendered":"https:\/\/autorival.ro\/peug\/product\/disc-frana-peugeot-bipper-aa_-1-3-hdi-80-bluehdi-80-diesel-80-cai-jurid-562178jc\/"},"modified":"2025-07-18T03:48:56","modified_gmt":"2025-07-18T03:48:56","slug":"disc-frana-peugeot-bipper-aa_-1-3-hdi-80-bluehdi-80-diesel-80-cai-jurid-562178jc","status":"publish","type":"product","link":"https:\/\/autorival.ro\/peug\/product\/disc-frana-peugeot-bipper-aa_-1-3-hdi-80-bluehdi-80-diesel-80-cai-jurid-562178jc\/","title":{"rendered":"Disc frana PEUGEOT BIPPER (AA_) 1.3 HDi 80 \/ BlueHDi 80 diesel 80 cai JURID 562178JC"},"content":{"rendered":"<p>Partea de montare: punte fataAprobare: R90 Homologated\u00cenaltime [mm]: 40 ->Greutate [kg]: 10,8Tip disc fr\u00e2na: ventilat ->Grosime disc fr\u00e2na [mm]: 22 ->Grosime minima [mm]: 20,2 ->Diametru exterior [mm]: 257Numar gauri: 4 ->Diametru de centrare [mm]: 59Moment strangere [Nm]: 98Asezare gauri \u00d8 [mm]: 98Suprafata: acoperit (cu un strat protector)Tip ambalaj: CutieUnitate de calitate: setArticol completare\/Info suplimentar 2: cu suruburiVersiune: JC ->Lungime ambalaj [cm]: 27,5 ->Latime ambalaj [cm]: 27,5 ->Inaltime ambalaj [cm]: 10,5<\/p>\n","protected":false},"excerpt":{"rendered":"<p>Producator: JURID Cod producator: 562178JC<\/p>\n","protected":false},"featured_media":176466,"comment_status":"open","ping_status":"closed","template":"","meta":[],"product_brand":[10761],"product_cat":[10760],"product_tag":[],"class_list":{"0":"post-176465","1":"product","2":"type-product","3":"status-publish","4":"has-post-thumbnail","6":"product_brand-jurid","7":"product_cat-disc-frana","9":"first","10":"instock","11":"shipping-taxable","12":"purchasable","13":"product-type-simple"},"yoast_head":"<!-- This site is optimized with the Yoast SEO plugin v27.3 - https:\/\/yoast.com\/product\/yoast-seo-wordpress\/ -->\n<title>Disc frana PEUGEOT BIPPER (AA_) 1.3 HDi 80 \/ BlueHDi 80 diesel 80 cai JURID 562178JC PEOUGET | JURID - Autorival<\/title>\n<meta name=\"description\" content=\"\u26a1 Disc frana PEUGEOT BIPPER (AA_) 1.3 HDi 80 \/ BlueHDi 80 diesel 80 cai JURID 562178JC pentru PEOUGET. \u2713 Cod: 562178JC \u2713 Brand: JURID \u2713 \u00cen stoc \u2713 Livrare 24h \u2713 Garan\u021bie!\" \/>\n<meta name=\"robots\" content=\"index, follow, max-snippet:-1, max-image-preview:large, max-video-preview:-1\" \/>\n<meta property=\"og:locale\" content=\"en_US\" \/>\n<meta property=\"og:type\" content=\"article\" \/>\n<meta property=\"og:title\" content=\"Disc frana PEUGEOT BIPPER (AA_) 1.3 HDi 80 \/ BlueHDi 80 diesel 80 cai JURID 562178JC PEOUGET | JURID - Autorival\" \/>\n<meta property=\"og:description\" content=\"\u26a1 Disc frana PEUGEOT BIPPER (AA_) 1.3 HDi 80 \/ BlueHDi 80 diesel 80 cai JURID 562178JC pentru PEOUGET. \u2713 Cod: 562178JC \u2713 Brand: JURID \u2713 \u00cen stoc \u2713 Livrare 24h \u2713 Garan\u021bie!\" \/>\n<meta property=\"og:url\" content=\"https:\/\/autorival.ro\/peug\/product\/disc-frana-peugeot-bipper-aa_-1-3-hdi-80-bluehdi-80-diesel-80-cai-jurid-562178jc\/\" \/>\n<meta property=\"og:site_name\" content=\"PEOUGET\" \/>\n<meta property=\"og:image\" content=\"https:\/\/autorival.ro\/peug\/wp-content\/uploads\/sites\/22\/2025\/07\/562178jc_1688192.jpg\" \/>\n\t<meta property=\"og:image:width\" content=\"403\" \/>\n\t<meta property=\"og:image:height\" content=\"400\" \/>\n\t<meta property=\"og:image:type\" content=\"image\/jpeg\" \/>\n<meta name=\"twitter:card\" content=\"summary_large_image\" \/>\n<meta name=\"twitter:title\" content=\"Disc frana PEUGEOT BIPPER (AA_) 1.3 HDi 80 \/ BlueHDi 80 diesel 80 cai JURID 562178JC PEOUGET | JURID - Autorival\" \/>\n<meta name=\"twitter:description\" content=\"\u26a1 Disc frana PEUGEOT BIPPER (AA_) 1.3 HDi 80 \/ BlueHDi 80 diesel 80 cai JURID 562178JC pentru PEOUGET. \u2713 Cod: 562178JC \u2713 Brand: JURID \u2713 \u00cen stoc \u2713 Livrare 24h \u2713 Garan\u021bie!\" \/>\n<script type=\"application\/ld+json\" class=\"yoast-schema-graph\">{\"@context\":\"https:\\\/\\\/schema.org\",\"@graph\":[{\"@type\":\"WebPage\",\"@id\":\"https:\\\/\\\/autorival.ro\\\/peug\\\/product\\\/disc-frana-peugeot-bipper-aa_-1-3-hdi-80-bluehdi-80-diesel-80-cai-jurid-562178jc\\\/\",\"url\":\"https:\\\/\\\/autorival.ro\\\/peug\\\/product\\\/disc-frana-peugeot-bipper-aa_-1-3-hdi-80-bluehdi-80-diesel-80-cai-jurid-562178jc\\\/\",\"name\":\"Disc frana PEUGEOT BIPPER (AA_) 1.3 HDi 80 \\\/ BlueHDi 80 diesel 80 cai JURID 562178JC PEOUGET | JURID - Autorival\",\"isPartOf\":{\"@id\":\"https:\\\/\\\/autorival.ro\\\/peug\\\/#website\"},\"primaryImageOfPage\":{\"@id\":\"https:\\\/\\\/autorival.ro\\\/peug\\\/product\\\/disc-frana-peugeot-bipper-aa_-1-3-hdi-80-bluehdi-80-diesel-80-cai-jurid-562178jc\\\/#primaryimage\"},\"image\":{\"@id\":\"https:\\\/\\\/autorival.ro\\\/peug\\\/product\\\/disc-frana-peugeot-bipper-aa_-1-3-hdi-80-bluehdi-80-diesel-80-cai-jurid-562178jc\\\/#primaryimage\"},\"thumbnailUrl\":\"https:\\\/\\\/autorival.ro\\\/peug\\\/wp-content\\\/uploads\\\/sites\\\/22\\\/2025\\\/07\\\/562178jc_1688192.jpg\",\"datePublished\":\"2025-07-18T03:48:56+00:00\",\"description\":\"\u26a1 Disc frana PEUGEOT BIPPER (AA_) 1.3 HDi 80 \\\/ BlueHDi 80 diesel 80 cai JURID 562178JC pentru PEOUGET. \u2713 Cod: 562178JC \u2713 Brand: JURID \u2713 \u00cen stoc \u2713 Livrare 24h \u2713 Garan\u021bie!\",\"breadcrumb\":{\"@id\":\"https:\\\/\\\/autorival.ro\\\/peug\\\/product\\\/disc-frana-peugeot-bipper-aa_-1-3-hdi-80-bluehdi-80-diesel-80-cai-jurid-562178jc\\\/#breadcrumb\"},\"inLanguage\":\"en-US\",\"potentialAction\":[{\"@type\":\"ReadAction\",\"target\":[\"https:\\\/\\\/autorival.ro\\\/peug\\\/product\\\/disc-frana-peugeot-bipper-aa_-1-3-hdi-80-bluehdi-80-diesel-80-cai-jurid-562178jc\\\/\"]}]},{\"@type\":\"ImageObject\",\"inLanguage\":\"en-US\",\"@id\":\"https:\\\/\\\/autorival.ro\\\/peug\\\/product\\\/disc-frana-peugeot-bipper-aa_-1-3-hdi-80-bluehdi-80-diesel-80-cai-jurid-562178jc\\\/#primaryimage\",\"url\":\"https:\\\/\\\/autorival.ro\\\/peug\\\/wp-content\\\/uploads\\\/sites\\\/22\\\/2025\\\/07\\\/562178jc_1688192.jpg\",\"contentUrl\":\"https:\\\/\\\/autorival.ro\\\/peug\\\/wp-content\\\/uploads\\\/sites\\\/22\\\/2025\\\/07\\\/562178jc_1688192.jpg\",\"width\":403,\"height\":400},{\"@type\":\"BreadcrumbList\",\"@id\":\"https:\\\/\\\/autorival.ro\\\/peug\\\/product\\\/disc-frana-peugeot-bipper-aa_-1-3-hdi-80-bluehdi-80-diesel-80-cai-jurid-562178jc\\\/#breadcrumb\",\"itemListElement\":[{\"@type\":\"ListItem\",\"position\":1,\"name\":\"Prima pagin\u0103\",\"item\":\"https:\\\/\\\/autorival.ro\\\/peug\\\/\"},{\"@type\":\"ListItem\",\"position\":2,\"name\":\"Piese auto POEUGET\",\"item\":\"https:\\\/\\\/autorival.ro\\\/peug\\\/\"},{\"@type\":\"ListItem\",\"position\":3,\"name\":\"Disc frana PEUGEOT BIPPER (AA_) 1.3 HDi 80 \\\/ BlueHDi 80 diesel 80 cai JURID 562178JC\"}]},{\"@type\":\"WebSite\",\"@id\":\"https:\\\/\\\/autorival.ro\\\/peug\\\/#website\",\"url\":\"https:\\\/\\\/autorival.ro\\\/peug\\\/\",\"name\":\"PEOUGET\",\"description\":\"\",\"potentialAction\":[{\"@type\":\"SearchAction\",\"target\":{\"@type\":\"EntryPoint\",\"urlTemplate\":\"https:\\\/\\\/autorival.ro\\\/peug\\\/?s={search_term_string}\"},\"query-input\":{\"@type\":\"PropertyValueSpecification\",\"valueRequired\":true,\"valueName\":\"search_term_string\"}}],\"inLanguage\":\"en-US\"}]}<\/script>\n<!-- \/ Yoast SEO plugin. -->","yoast_head_json":{"title":"Disc frana PEUGEOT BIPPER (AA_) 1.3 HDi 80 \/ BlueHDi 80 diesel 80 cai JURID 562178JC PEOUGET | JURID - Autorival","description":"\u26a1 Disc frana PEUGEOT BIPPER (AA_) 1.3 HDi 80 \/ BlueHDi 80 diesel 80 cai JURID 562178JC pentru PEOUGET. \u2713 Cod: 562178JC \u2713 Brand: JURID \u2713 \u00cen stoc \u2713 Livrare 24h \u2713 Garan\u021bie!","robots":{"index":"index","follow":"follow","max-snippet":"max-snippet:-1","max-image-preview":"max-image-preview:large","max-video-preview":"max-video-preview:-1"},"og_locale":"en_US","og_type":"article","og_title":"Disc frana PEUGEOT BIPPER (AA_) 1.3 HDi 80 \/ BlueHDi 80 diesel 80 cai JURID 562178JC PEOUGET | JURID - Autorival","og_description":"\u26a1 Disc frana PEUGEOT BIPPER (AA_) 1.3 HDi 80 \/ BlueHDi 80 diesel 80 cai JURID 562178JC pentru PEOUGET. \u2713 Cod: 562178JC \u2713 Brand: JURID \u2713 \u00cen stoc \u2713 Livrare 24h \u2713 Garan\u021bie!","og_url":"https:\/\/autorival.ro\/peug\/product\/disc-frana-peugeot-bipper-aa_-1-3-hdi-80-bluehdi-80-diesel-80-cai-jurid-562178jc\/","og_site_name":"PEOUGET","og_image":[{"width":403,"height":400,"url":"https:\/\/autorival.ro\/peug\/wp-content\/uploads\/sites\/22\/2025\/07\/562178jc_1688192.jpg","type":"image\/jpeg"}],"twitter_card":"summary_large_image","twitter_title":"Disc frana PEUGEOT BIPPER (AA_) 1.3 HDi 80 \/ BlueHDi 80 diesel 80 cai JURID 562178JC PEOUGET | JURID - Autorival","twitter_description":"\u26a1 Disc frana PEUGEOT BIPPER (AA_) 1.3 HDi 80 \/ BlueHDi 80 diesel 80 cai JURID 562178JC pentru PEOUGET. \u2713 Cod: 562178JC \u2713 Brand: JURID \u2713 \u00cen stoc \u2713 Livrare 24h \u2713 Garan\u021bie!","schema":{"@context":"https:\/\/schema.org","@graph":[{"@type":"WebPage","@id":"https:\/\/autorival.ro\/peug\/product\/disc-frana-peugeot-bipper-aa_-1-3-hdi-80-bluehdi-80-diesel-80-cai-jurid-562178jc\/","url":"https:\/\/autorival.ro\/peug\/product\/disc-frana-peugeot-bipper-aa_-1-3-hdi-80-bluehdi-80-diesel-80-cai-jurid-562178jc\/","name":"Disc frana PEUGEOT BIPPER (AA_) 1.3 HDi 80 \/ BlueHDi 80 diesel 80 cai JURID 562178JC PEOUGET | JURID - Autorival","isPartOf":{"@id":"https:\/\/autorival.ro\/peug\/#website"},"primaryImageOfPage":{"@id":"https:\/\/autorival.ro\/peug\/product\/disc-frana-peugeot-bipper-aa_-1-3-hdi-80-bluehdi-80-diesel-80-cai-jurid-562178jc\/#primaryimage"},"image":{"@id":"https:\/\/autorival.ro\/peug\/product\/disc-frana-peugeot-bipper-aa_-1-3-hdi-80-bluehdi-80-diesel-80-cai-jurid-562178jc\/#primaryimage"},"thumbnailUrl":"https:\/\/autorival.ro\/peug\/wp-content\/uploads\/sites\/22\/2025\/07\/562178jc_1688192.jpg","datePublished":"2025-07-18T03:48:56+00:00","description":"\u26a1 Disc frana PEUGEOT BIPPER (AA_) 1.3 HDi 80 \/ BlueHDi 80 diesel 80 cai JURID 562178JC pentru PEOUGET. \u2713 Cod: 562178JC \u2713 Brand: JURID \u2713 \u00cen stoc \u2713 Livrare 24h \u2713 Garan\u021bie!","breadcrumb":{"@id":"https:\/\/autorival.ro\/peug\/product\/disc-frana-peugeot-bipper-aa_-1-3-hdi-80-bluehdi-80-diesel-80-cai-jurid-562178jc\/#breadcrumb"},"inLanguage":"en-US","potentialAction":[{"@type":"ReadAction","target":["https:\/\/autorival.ro\/peug\/product\/disc-frana-peugeot-bipper-aa_-1-3-hdi-80-bluehdi-80-diesel-80-cai-jurid-562178jc\/"]}]},{"@type":"ImageObject","inLanguage":"en-US","@id":"https:\/\/autorival.ro\/peug\/product\/disc-frana-peugeot-bipper-aa_-1-3-hdi-80-bluehdi-80-diesel-80-cai-jurid-562178jc\/#primaryimage","url":"https:\/\/autorival.ro\/peug\/wp-content\/uploads\/sites\/22\/2025\/07\/562178jc_1688192.jpg","contentUrl":"https:\/\/autorival.ro\/peug\/wp-content\/uploads\/sites\/22\/2025\/07\/562178jc_1688192.jpg","width":403,"height":400},{"@type":"BreadcrumbList","@id":"https:\/\/autorival.ro\/peug\/product\/disc-frana-peugeot-bipper-aa_-1-3-hdi-80-bluehdi-80-diesel-80-cai-jurid-562178jc\/#breadcrumb","itemListElement":[{"@type":"ListItem","position":1,"name":"Prima pagin\u0103","item":"https:\/\/autorival.ro\/peug\/"},{"@type":"ListItem","position":2,"name":"Piese auto POEUGET","item":"https:\/\/autorival.ro\/peug\/"},{"@type":"ListItem","position":3,"name":"Disc frana PEUGEOT BIPPER (AA_) 1.3 HDi 80 \/ BlueHDi 80 diesel 80 cai JURID 562178JC"}]},{"@type":"WebSite","@id":"https:\/\/autorival.ro\/peug\/#website","url":"https:\/\/autorival.ro\/peug\/","name":"PEOUGET","description":"","potentialAction":[{"@type":"SearchAction","target":{"@type":"EntryPoint","urlTemplate":"https:\/\/autorival.ro\/peug\/?s={search_term_string}"},"query-input":{"@type":"PropertyValueSpecification","valueRequired":true,"valueName":"search_term_string"}}],"inLanguage":"en-US"}]}},"_links":{"self":[{"href":"https:\/\/autorival.ro\/peug\/wp-json\/wp\/v2\/product\/176465","targetHints":{"allow":["GET"]}}],"collection":[{"href":"https:\/\/autorival.ro\/peug\/wp-json\/wp\/v2\/product"}],"about":[{"href":"https:\/\/autorival.ro\/peug\/wp-json\/wp\/v2\/types\/product"}],"replies":[{"embeddable":true,"href":"https:\/\/autorival.ro\/peug\/wp-json\/wp\/v2\/comments?post=176465"}],"wp:featuredmedia":[{"embeddable":true,"href":"https:\/\/autorival.ro\/peug\/wp-json\/wp\/v2\/media\/176466"}],"wp:attachment":[{"href":"https:\/\/autorival.ro\/peug\/wp-json\/wp\/v2\/media?parent=176465"}],"wp:term":[{"taxonomy":"product_brand","embeddable":true,"href":"https:\/\/autorival.ro\/peug\/wp-json\/wp\/v2\/product_brand?post=176465"},{"taxonomy":"product_cat","embeddable":true,"href":"https:\/\/autorival.ro\/peug\/wp-json\/wp\/v2\/product_cat?post=176465"},{"taxonomy":"product_tag","embeddable":true,"href":"https:\/\/autorival.ro\/peug\/wp-json\/wp\/v2\/product_tag?post=176465"}],"curies":[{"name":"wp","href":"https:\/\/api.w.org\/{rel}","templated":true}]}}