{"id":176457,"date":"2025-07-18T03:48:50","date_gmt":"2025-07-18T03:48:50","guid":{"rendered":"https:\/\/autorival.ro\/peug\/product\/disc-frana-peugeot-bipper-aa_-1-3-hdi-80-bluehdi-80-diesel-80-cai-denckermann-b130299\/"},"modified":"2025-07-18T03:48:50","modified_gmt":"2025-07-18T03:48:50","slug":"disc-frana-peugeot-bipper-aa_-1-3-hdi-80-bluehdi-80-diesel-80-cai-denckermann-b130299","status":"publish","type":"product","link":"https:\/\/autorival.ro\/peug\/product\/disc-frana-peugeot-bipper-aa_-1-3-hdi-80-bluehdi-80-diesel-80-cai-denckermann-b130299\/","title":{"rendered":"Disc frana PEUGEOT BIPPER (AA_) 1.3 HDi 80 \/ BlueHDi 80 diesel 80 cai DENCKERMANN B130299"},"content":{"rendered":"<p>Partea de montare: punte fata ->Grosime minima [mm]: 20,2Tip disc fr\u00e2na: ventilat ->Diametrul orificiului [mm]: 13,0 ->Grosime disc fr\u00e2na [mm]: 22Asezare gauri \u00d8 [mm]: 98Numar gauri: 4 ->Diametru interior [mm]: 127,0\u00cenaltime [mm]: 40,5 ->Diametru de centrare [mm]: 59 ->Diametru exterior [mm]: 258<\/p>\n","protected":false},"excerpt":{"rendered":"<p>Producator: DENCKERMANN Cod producator: B130299<\/p>\n","protected":false},"featured_media":176458,"comment_status":"open","ping_status":"closed","template":"","meta":[],"product_brand":[598],"product_cat":[10760],"product_tag":[],"class_list":{"0":"post-176457","1":"product","2":"type-product","3":"status-publish","4":"has-post-thumbnail","6":"product_brand-denckermann","7":"product_cat-disc-frana","9":"first","10":"instock","11":"shipping-taxable","12":"purchasable","13":"product-type-simple"},"yoast_head":"<!-- This site is optimized with the Yoast SEO plugin v27.3 - https:\/\/yoast.com\/product\/yoast-seo-wordpress\/ -->\n<title>Disc frana PEUGEOT BIPPER (AA_) 1.3 HDi 80 \/ BlueHDi 80 diesel 80 cai DENCKERMANN B130299 PEOUGET | DENCKERMANN - Autorival<\/title>\n<meta name=\"description\" content=\"\u26a1 Disc frana PEUGEOT BIPPER (AA_) 1.3 HDi 80 \/ BlueHDi 80 diesel 80 cai DENCKERMANN B130299 pentru PEOUGET. \u2713 Cod: B130299 \u2713 Brand: DENCKERMANN \u2713 \u00cen stoc \u2713 Livrare 24h \u2713 Garan\u021bie!\" \/>\n<meta name=\"robots\" content=\"index, follow, max-snippet:-1, max-image-preview:large, max-video-preview:-1\" \/>\n<meta property=\"og:locale\" content=\"en_US\" \/>\n<meta property=\"og:type\" content=\"article\" \/>\n<meta property=\"og:title\" content=\"Disc frana PEUGEOT BIPPER (AA_) 1.3 HDi 80 \/ BlueHDi 80 diesel 80 cai DENCKERMANN B130299 PEOUGET | DENCKERMANN - Autorival\" \/>\n<meta property=\"og:description\" content=\"\u26a1 Disc frana PEUGEOT BIPPER (AA_) 1.3 HDi 80 \/ BlueHDi 80 diesel 80 cai DENCKERMANN B130299 pentru PEOUGET. \u2713 Cod: B130299 \u2713 Brand: DENCKERMANN \u2713 \u00cen stoc \u2713 Livrare 24h \u2713 Garan\u021bie!\" \/>\n<meta property=\"og:url\" content=\"https:\/\/autorival.ro\/peug\/product\/disc-frana-peugeot-bipper-aa_-1-3-hdi-80-bluehdi-80-diesel-80-cai-denckermann-b130299\/\" \/>\n<meta property=\"og:site_name\" content=\"PEOUGET\" \/>\n<meta property=\"og:image\" content=\"https:\/\/autorival.ro\/peug\/wp-content\/uploads\/sites\/22\/2025\/07\/b130299.jpg\" \/>\n\t<meta property=\"og:image:width\" content=\"395\" \/>\n\t<meta property=\"og:image:height\" content=\"198\" \/>\n\t<meta property=\"og:image:type\" content=\"image\/jpeg\" \/>\n<meta name=\"twitter:card\" content=\"summary_large_image\" \/>\n<meta name=\"twitter:title\" content=\"Disc frana PEUGEOT BIPPER (AA_) 1.3 HDi 80 \/ BlueHDi 80 diesel 80 cai DENCKERMANN B130299 PEOUGET | DENCKERMANN - Autorival\" \/>\n<meta name=\"twitter:description\" content=\"\u26a1 Disc frana PEUGEOT BIPPER (AA_) 1.3 HDi 80 \/ BlueHDi 80 diesel 80 cai DENCKERMANN B130299 pentru PEOUGET. \u2713 Cod: B130299 \u2713 Brand: DENCKERMANN \u2713 \u00cen stoc \u2713 Livrare 24h \u2713 Garan\u021bie!\" \/>\n<script type=\"application\/ld+json\" class=\"yoast-schema-graph\">{\"@context\":\"https:\\\/\\\/schema.org\",\"@graph\":[{\"@type\":\"WebPage\",\"@id\":\"https:\\\/\\\/autorival.ro\\\/peug\\\/product\\\/disc-frana-peugeot-bipper-aa_-1-3-hdi-80-bluehdi-80-diesel-80-cai-denckermann-b130299\\\/\",\"url\":\"https:\\\/\\\/autorival.ro\\\/peug\\\/product\\\/disc-frana-peugeot-bipper-aa_-1-3-hdi-80-bluehdi-80-diesel-80-cai-denckermann-b130299\\\/\",\"name\":\"Disc frana PEUGEOT BIPPER (AA_) 1.3 HDi 80 \\\/ BlueHDi 80 diesel 80 cai DENCKERMANN B130299 PEOUGET | DENCKERMANN - Autorival\",\"isPartOf\":{\"@id\":\"https:\\\/\\\/autorival.ro\\\/peug\\\/#website\"},\"primaryImageOfPage\":{\"@id\":\"https:\\\/\\\/autorival.ro\\\/peug\\\/product\\\/disc-frana-peugeot-bipper-aa_-1-3-hdi-80-bluehdi-80-diesel-80-cai-denckermann-b130299\\\/#primaryimage\"},\"image\":{\"@id\":\"https:\\\/\\\/autorival.ro\\\/peug\\\/product\\\/disc-frana-peugeot-bipper-aa_-1-3-hdi-80-bluehdi-80-diesel-80-cai-denckermann-b130299\\\/#primaryimage\"},\"thumbnailUrl\":\"https:\\\/\\\/autorival.ro\\\/peug\\\/wp-content\\\/uploads\\\/sites\\\/22\\\/2025\\\/07\\\/b130299.jpg\",\"datePublished\":\"2025-07-18T03:48:50+00:00\",\"description\":\"\u26a1 Disc frana PEUGEOT BIPPER (AA_) 1.3 HDi 80 \\\/ BlueHDi 80 diesel 80 cai DENCKERMANN B130299 pentru PEOUGET. \u2713 Cod: B130299 \u2713 Brand: DENCKERMANN \u2713 \u00cen stoc \u2713 Livrare 24h \u2713 Garan\u021bie!\",\"breadcrumb\":{\"@id\":\"https:\\\/\\\/autorival.ro\\\/peug\\\/product\\\/disc-frana-peugeot-bipper-aa_-1-3-hdi-80-bluehdi-80-diesel-80-cai-denckermann-b130299\\\/#breadcrumb\"},\"inLanguage\":\"en-US\",\"potentialAction\":[{\"@type\":\"ReadAction\",\"target\":[\"https:\\\/\\\/autorival.ro\\\/peug\\\/product\\\/disc-frana-peugeot-bipper-aa_-1-3-hdi-80-bluehdi-80-diesel-80-cai-denckermann-b130299\\\/\"]}]},{\"@type\":\"ImageObject\",\"inLanguage\":\"en-US\",\"@id\":\"https:\\\/\\\/autorival.ro\\\/peug\\\/product\\\/disc-frana-peugeot-bipper-aa_-1-3-hdi-80-bluehdi-80-diesel-80-cai-denckermann-b130299\\\/#primaryimage\",\"url\":\"https:\\\/\\\/autorival.ro\\\/peug\\\/wp-content\\\/uploads\\\/sites\\\/22\\\/2025\\\/07\\\/b130299.jpg\",\"contentUrl\":\"https:\\\/\\\/autorival.ro\\\/peug\\\/wp-content\\\/uploads\\\/sites\\\/22\\\/2025\\\/07\\\/b130299.jpg\",\"width\":395,\"height\":198},{\"@type\":\"BreadcrumbList\",\"@id\":\"https:\\\/\\\/autorival.ro\\\/peug\\\/product\\\/disc-frana-peugeot-bipper-aa_-1-3-hdi-80-bluehdi-80-diesel-80-cai-denckermann-b130299\\\/#breadcrumb\",\"itemListElement\":[{\"@type\":\"ListItem\",\"position\":1,\"name\":\"Prima pagin\u0103\",\"item\":\"https:\\\/\\\/autorival.ro\\\/peug\\\/\"},{\"@type\":\"ListItem\",\"position\":2,\"name\":\"Piese auto POEUGET\",\"item\":\"https:\\\/\\\/autorival.ro\\\/peug\\\/\"},{\"@type\":\"ListItem\",\"position\":3,\"name\":\"Disc frana PEUGEOT BIPPER (AA_) 1.3 HDi 80 \\\/ BlueHDi 80 diesel 80 cai DENCKERMANN B130299\"}]},{\"@type\":\"WebSite\",\"@id\":\"https:\\\/\\\/autorival.ro\\\/peug\\\/#website\",\"url\":\"https:\\\/\\\/autorival.ro\\\/peug\\\/\",\"name\":\"PEOUGET\",\"description\":\"\",\"potentialAction\":[{\"@type\":\"SearchAction\",\"target\":{\"@type\":\"EntryPoint\",\"urlTemplate\":\"https:\\\/\\\/autorival.ro\\\/peug\\\/?s={search_term_string}\"},\"query-input\":{\"@type\":\"PropertyValueSpecification\",\"valueRequired\":true,\"valueName\":\"search_term_string\"}}],\"inLanguage\":\"en-US\"}]}<\/script>\n<!-- \/ Yoast SEO plugin. -->","yoast_head_json":{"title":"Disc frana PEUGEOT BIPPER (AA_) 1.3 HDi 80 \/ BlueHDi 80 diesel 80 cai DENCKERMANN B130299 PEOUGET | DENCKERMANN - Autorival","description":"\u26a1 Disc frana PEUGEOT BIPPER (AA_) 1.3 HDi 80 \/ BlueHDi 80 diesel 80 cai DENCKERMANN B130299 pentru PEOUGET. \u2713 Cod: B130299 \u2713 Brand: DENCKERMANN \u2713 \u00cen stoc \u2713 Livrare 24h \u2713 Garan\u021bie!","robots":{"index":"index","follow":"follow","max-snippet":"max-snippet:-1","max-image-preview":"max-image-preview:large","max-video-preview":"max-video-preview:-1"},"og_locale":"en_US","og_type":"article","og_title":"Disc frana PEUGEOT BIPPER (AA_) 1.3 HDi 80 \/ BlueHDi 80 diesel 80 cai DENCKERMANN B130299 PEOUGET | DENCKERMANN - Autorival","og_description":"\u26a1 Disc frana PEUGEOT BIPPER (AA_) 1.3 HDi 80 \/ BlueHDi 80 diesel 80 cai DENCKERMANN B130299 pentru PEOUGET. \u2713 Cod: B130299 \u2713 Brand: DENCKERMANN \u2713 \u00cen stoc \u2713 Livrare 24h \u2713 Garan\u021bie!","og_url":"https:\/\/autorival.ro\/peug\/product\/disc-frana-peugeot-bipper-aa_-1-3-hdi-80-bluehdi-80-diesel-80-cai-denckermann-b130299\/","og_site_name":"PEOUGET","og_image":[{"width":395,"height":198,"url":"https:\/\/autorival.ro\/peug\/wp-content\/uploads\/sites\/22\/2025\/07\/b130299.jpg","type":"image\/jpeg"}],"twitter_card":"summary_large_image","twitter_title":"Disc frana PEUGEOT BIPPER (AA_) 1.3 HDi 80 \/ BlueHDi 80 diesel 80 cai DENCKERMANN B130299 PEOUGET | DENCKERMANN - Autorival","twitter_description":"\u26a1 Disc frana PEUGEOT BIPPER (AA_) 1.3 HDi 80 \/ BlueHDi 80 diesel 80 cai DENCKERMANN B130299 pentru PEOUGET. \u2713 Cod: B130299 \u2713 Brand: DENCKERMANN \u2713 \u00cen stoc \u2713 Livrare 24h \u2713 Garan\u021bie!","schema":{"@context":"https:\/\/schema.org","@graph":[{"@type":"WebPage","@id":"https:\/\/autorival.ro\/peug\/product\/disc-frana-peugeot-bipper-aa_-1-3-hdi-80-bluehdi-80-diesel-80-cai-denckermann-b130299\/","url":"https:\/\/autorival.ro\/peug\/product\/disc-frana-peugeot-bipper-aa_-1-3-hdi-80-bluehdi-80-diesel-80-cai-denckermann-b130299\/","name":"Disc frana PEUGEOT BIPPER (AA_) 1.3 HDi 80 \/ BlueHDi 80 diesel 80 cai DENCKERMANN B130299 PEOUGET | DENCKERMANN - Autorival","isPartOf":{"@id":"https:\/\/autorival.ro\/peug\/#website"},"primaryImageOfPage":{"@id":"https:\/\/autorival.ro\/peug\/product\/disc-frana-peugeot-bipper-aa_-1-3-hdi-80-bluehdi-80-diesel-80-cai-denckermann-b130299\/#primaryimage"},"image":{"@id":"https:\/\/autorival.ro\/peug\/product\/disc-frana-peugeot-bipper-aa_-1-3-hdi-80-bluehdi-80-diesel-80-cai-denckermann-b130299\/#primaryimage"},"thumbnailUrl":"https:\/\/autorival.ro\/peug\/wp-content\/uploads\/sites\/22\/2025\/07\/b130299.jpg","datePublished":"2025-07-18T03:48:50+00:00","description":"\u26a1 Disc frana PEUGEOT BIPPER (AA_) 1.3 HDi 80 \/ BlueHDi 80 diesel 80 cai DENCKERMANN B130299 pentru PEOUGET. \u2713 Cod: B130299 \u2713 Brand: DENCKERMANN \u2713 \u00cen stoc \u2713 Livrare 24h \u2713 Garan\u021bie!","breadcrumb":{"@id":"https:\/\/autorival.ro\/peug\/product\/disc-frana-peugeot-bipper-aa_-1-3-hdi-80-bluehdi-80-diesel-80-cai-denckermann-b130299\/#breadcrumb"},"inLanguage":"en-US","potentialAction":[{"@type":"ReadAction","target":["https:\/\/autorival.ro\/peug\/product\/disc-frana-peugeot-bipper-aa_-1-3-hdi-80-bluehdi-80-diesel-80-cai-denckermann-b130299\/"]}]},{"@type":"ImageObject","inLanguage":"en-US","@id":"https:\/\/autorival.ro\/peug\/product\/disc-frana-peugeot-bipper-aa_-1-3-hdi-80-bluehdi-80-diesel-80-cai-denckermann-b130299\/#primaryimage","url":"https:\/\/autorival.ro\/peug\/wp-content\/uploads\/sites\/22\/2025\/07\/b130299.jpg","contentUrl":"https:\/\/autorival.ro\/peug\/wp-content\/uploads\/sites\/22\/2025\/07\/b130299.jpg","width":395,"height":198},{"@type":"BreadcrumbList","@id":"https:\/\/autorival.ro\/peug\/product\/disc-frana-peugeot-bipper-aa_-1-3-hdi-80-bluehdi-80-diesel-80-cai-denckermann-b130299\/#breadcrumb","itemListElement":[{"@type":"ListItem","position":1,"name":"Prima pagin\u0103","item":"https:\/\/autorival.ro\/peug\/"},{"@type":"ListItem","position":2,"name":"Piese auto POEUGET","item":"https:\/\/autorival.ro\/peug\/"},{"@type":"ListItem","position":3,"name":"Disc frana PEUGEOT BIPPER (AA_) 1.3 HDi 80 \/ BlueHDi 80 diesel 80 cai DENCKERMANN B130299"}]},{"@type":"WebSite","@id":"https:\/\/autorival.ro\/peug\/#website","url":"https:\/\/autorival.ro\/peug\/","name":"PEOUGET","description":"","potentialAction":[{"@type":"SearchAction","target":{"@type":"EntryPoint","urlTemplate":"https:\/\/autorival.ro\/peug\/?s={search_term_string}"},"query-input":{"@type":"PropertyValueSpecification","valueRequired":true,"valueName":"search_term_string"}}],"inLanguage":"en-US"}]}},"_links":{"self":[{"href":"https:\/\/autorival.ro\/peug\/wp-json\/wp\/v2\/product\/176457","targetHints":{"allow":["GET"]}}],"collection":[{"href":"https:\/\/autorival.ro\/peug\/wp-json\/wp\/v2\/product"}],"about":[{"href":"https:\/\/autorival.ro\/peug\/wp-json\/wp\/v2\/types\/product"}],"replies":[{"embeddable":true,"href":"https:\/\/autorival.ro\/peug\/wp-json\/wp\/v2\/comments?post=176457"}],"wp:featuredmedia":[{"embeddable":true,"href":"https:\/\/autorival.ro\/peug\/wp-json\/wp\/v2\/media\/176458"}],"wp:attachment":[{"href":"https:\/\/autorival.ro\/peug\/wp-json\/wp\/v2\/media?parent=176457"}],"wp:term":[{"taxonomy":"product_brand","embeddable":true,"href":"https:\/\/autorival.ro\/peug\/wp-json\/wp\/v2\/product_brand?post=176457"},{"taxonomy":"product_cat","embeddable":true,"href":"https:\/\/autorival.ro\/peug\/wp-json\/wp\/v2\/product_cat?post=176457"},{"taxonomy":"product_tag","embeddable":true,"href":"https:\/\/autorival.ro\/peug\/wp-json\/wp\/v2\/product_tag?post=176457"}],"curies":[{"name":"wp","href":"https:\/\/api.w.org\/{rel}","templated":true}]}}